{"id":8507,"date":"2016-03-03T09:34:42","date_gmt":"2016-03-03T07:34:42","guid":{"rendered":"https:\/\/sonycenter.md\/contacte\/"},"modified":"2026-05-12T10:40:24","modified_gmt":"2026-05-12T07:40:24","slug":"contacte","status":"publish","type":"page","link":"https:\/\/sonycenter.md\/ro\/contacte\/","title":{"rendered":"CONTACTE"},"content":{"rendered":"<div class=\"row align-center\"  id=\"row-846903822\">\n\n\t<div id=\"col-1531416472\" class=\"col medium-12 small-12 large-8\"  >\n\t\t\t\t<div class=\"col-inner text-left\"  >\n\t\t\t\n\t\t\t\n<div class=\"row row-small align-equal\"  id=\"row-1462959751\">\n\n\t<div id=\"col-933859126\" class=\"col medium-6 small-12 large-6\"  >\n\t\t\t\t<div class=\"col-inner\"  >\n\t\t\t\n\t\t\t\n<p><iframe loading=\"lazy\" style=\"border: 0;\" src=\"https:\/\/www.google.com\/maps\/embed?pb=!1m18!1m12!1m3!1d2720.2742677629044!2d28.8555802!3d47.0152212!2m3!1f0!2f0!3f0!3m2!1i1024!2i768!4f13.1!3m3!1m2!1s0x40c97c17aac56dc9%3A0x27cbdc5e20e7f672!2zU29ueSDQsiDQmtC40YjQuNC90LXQstC1LCDQvNCw0LPQsNC30LjQvSBTb255Q2VudGVy!5e0!3m2!1sru!2s!4v1755693764732!5m2!1sru!2s\" width=\"400\" height=\"300\" allowfullscreen=\"allowfullscreen\"><\/iframe><\/p>\n\t\t<\/div>\n\t\t\t\t\t<\/div>\n\n\t\n\n\t<div id=\"col-1782595321\" class=\"col medium-6 small-12 large-6\"  >\n\t\t\t\t<div class=\"col-inner\"  >\n\t\t\t\n\t\t\t\n<div class=\"slider-wrapper relative\" id=\"slider-2080977794\" >\n    <div class=\"slider slider-nav-dots-dashes-spaced slider-nav-circle slider-nav-large slider-nav-light slider-style-container slider-show-nav\"\n        data-flickity-options='{\n            \"cellAlign\": \"center\",\n            \"imagesLoaded\": true,\n            \"lazyLoad\": 1,\n            \"freeScroll\": false,\n            \"wrapAround\": true,\n            \"autoPlay\": 3000,\n            \"pauseAutoPlayOnHover\" : true,\n            \"prevNextButtons\": true,\n            \"contain\" : true,\n            \"adaptiveHeight\" : true,\n            \"dragThreshold\" : 10,\n            \"percentPosition\": true,\n            \"pageDots\": true,\n            \"rightToLeft\": false,\n            \"draggable\": true,\n            \"selectedAttraction\": 0.1,\n            \"parallax\" : 0,\n            \"friction\": 0.6        }'\n        >\n        \n\t<div class=\"img has-hover x md-x lg-x y md-y lg-y\" id=\"image_745878336\">\n\t\t\t\t\t\t\t\t<div class=\"img-inner dark\" >\n\t\t\t<img decoding=\"async\" width=\"1020\" height=\"574\" src=\"https:\/\/sonycenter.md\/wp-content\/uploads\/2026\/05\/sonycenter-outside-1200x675.jpg\" class=\"attachment-large size-large\" alt=\"\" srcset=\"https:\/\/sonycenter.md\/wp-content\/uploads\/2026\/05\/sonycenter-outside-1200x675.jpg 1200w, https:\/\/sonycenter.md\/wp-content\/uploads\/2026\/05\/sonycenter-outside-600x338.jpg 600w, https:\/\/sonycenter.md\/wp-content\/uploads\/2026\/05\/sonycenter-outside-625x352.jpg 625w, https:\/\/sonycenter.md\/wp-content\/uploads\/2026\/05\/sonycenter-outside.jpg 1280w\" sizes=\"(max-width: 1020px) 100vw, 1020px\" \/>\t\t\t\t\t\t\n\t\t\t\t\t<\/div>\n\t\t\t\t\t\t\t\t\n<style>\n#image_745878336 {\n  width: 100%;\n}\n<\/style>\n\t<\/div>\n\t\n\t<div class=\"img has-hover x md-x lg-x y md-y lg-y\" id=\"image_1609287745\">\n\t\t\t\t\t\t\t\t<div class=\"img-inner dark\" >\n\t\t\t<img decoding=\"async\" width=\"1020\" height=\"574\" src=\"https:\/\/sonycenter.md\/wp-content\/uploads\/2026\/05\/sonycenter-inside-1200x675.jpg\" class=\"attachment-large size-large\" alt=\"\" srcset=\"https:\/\/sonycenter.md\/wp-content\/uploads\/2026\/05\/sonycenter-inside-1200x675.jpg 1200w, https:\/\/sonycenter.md\/wp-content\/uploads\/2026\/05\/sonycenter-inside-600x338.jpg 600w, https:\/\/sonycenter.md\/wp-content\/uploads\/2026\/05\/sonycenter-inside-625x352.jpg 625w, https:\/\/sonycenter.md\/wp-content\/uploads\/2026\/05\/sonycenter-inside.jpg 1280w\" sizes=\"(max-width: 1020px) 100vw, 1020px\" \/>\t\t\t\t\t\t\n\t\t\t\t\t<\/div>\n\t\t\t\t\t\t\t\t\n<style>\n#image_1609287745 {\n  width: 100%;\n}\n<\/style>\n\t<\/div>\n\t\n\t<div class=\"img has-hover x md-x lg-x y md-y lg-y\" id=\"image_1309434573\">\n\t\t\t\t\t\t\t\t<div class=\"img-inner dark\" >\n\t\t\t<img decoding=\"async\" width=\"1020\" height=\"574\" src=\"https:\/\/sonycenter.md\/wp-content\/uploads\/2026\/05\/sonycenter-inside-2-1200x675.jpg\" class=\"attachment-large size-large\" alt=\"\" srcset=\"https:\/\/sonycenter.md\/wp-content\/uploads\/2026\/05\/sonycenter-inside-2-1200x675.jpg 1200w, https:\/\/sonycenter.md\/wp-content\/uploads\/2026\/05\/sonycenter-inside-2-600x338.jpg 600w, https:\/\/sonycenter.md\/wp-content\/uploads\/2026\/05\/sonycenter-inside-2-625x352.jpg 625w, https:\/\/sonycenter.md\/wp-content\/uploads\/2026\/05\/sonycenter-inside-2.jpg 1280w\" sizes=\"(max-width: 1020px) 100vw, 1020px\" \/>\t\t\t\t\t\t\n\t\t\t\t\t<\/div>\n\t\t\t\t\t\t\t\t\n<style>\n#image_1309434573 {\n  width: 100%;\n}\n<\/style>\n\t<\/div>\n\t\n\t<div class=\"img has-hover x md-x lg-x y md-y lg-y\" id=\"image_728692019\">\n\t\t\t\t\t\t\t\t<div class=\"img-inner dark\" >\n\t\t\t<img decoding=\"async\" width=\"1020\" height=\"574\" src=\"https:\/\/sonycenter.md\/wp-content\/uploads\/2026\/05\/sonycenter-inside-4-1200x675.jpg\" class=\"attachment-large size-large\" alt=\"\" srcset=\"https:\/\/sonycenter.md\/wp-content\/uploads\/2026\/05\/sonycenter-inside-4-1200x675.jpg 1200w, https:\/\/sonycenter.md\/wp-content\/uploads\/2026\/05\/sonycenter-inside-4-600x338.jpg 600w, https:\/\/sonycenter.md\/wp-content\/uploads\/2026\/05\/sonycenter-inside-4-625x352.jpg 625w, https:\/\/sonycenter.md\/wp-content\/uploads\/2026\/05\/sonycenter-inside-4.jpg 1280w\" sizes=\"(max-width: 1020px) 100vw, 1020px\" \/>\t\t\t\t\t\t\n\t\t\t\t\t<\/div>\n\t\t\t\t\t\t\t\t\n<style>\n#image_728692019 {\n  width: 100%;\n}\n<\/style>\n\t<\/div>\n\t\n\t<div class=\"img has-hover x md-x lg-x y md-y lg-y\" id=\"image_40558486\">\n\t\t\t\t\t\t\t\t<div class=\"img-inner dark\" >\n\t\t\t<img decoding=\"async\" width=\"1020\" height=\"574\" src=\"https:\/\/sonycenter.md\/wp-content\/uploads\/2026\/05\/sonycenter-inside-5-1200x675.jpg\" class=\"attachment-large size-large\" alt=\"\" srcset=\"https:\/\/sonycenter.md\/wp-content\/uploads\/2026\/05\/sonycenter-inside-5-1200x675.jpg 1200w, https:\/\/sonycenter.md\/wp-content\/uploads\/2026\/05\/sonycenter-inside-5-600x338.jpg 600w, https:\/\/sonycenter.md\/wp-content\/uploads\/2026\/05\/sonycenter-inside-5-625x352.jpg 625w, https:\/\/sonycenter.md\/wp-content\/uploads\/2026\/05\/sonycenter-inside-5.jpg 1280w\" sizes=\"(max-width: 1020px) 100vw, 1020px\" \/>\t\t\t\t\t\t\n\t\t\t\t\t<\/div>\n\t\t\t\t\t\t\t\t\n<style>\n#image_40558486 {\n  width: 100%;\n}\n<\/style>\n\t<\/div>\n\t\n     <\/div>\n\n     <div class=\"loading-spin dark large centered\"><\/div>\n\n\t<\/div>\n\n\n\t\t<\/div>\n\t\t\t\t\t<\/div>\n\n\t\n<\/div>\n\t\t<\/div>\n\t\t\t\t\t<\/div>\n\n\t\n<\/div>\n<div class=\"row align-equal align-center\"  id=\"row-1635245089\">\n\n\t<div id=\"col-1802306047\" class=\"col medium-6 small-12 large-4\"  >\n\t\t\t\t<div class=\"col-inner\"  >\n\t\t\t\n\t\t\t\n<p><span style=\"line-height: 17.1428px; color: #000000;\">MD 2001, mun. Chisinau, str. Albisoara, 4<\/span><\/p>\n<p><span style=\"color: #000000;\">tel: 022 88 48 31;<\/span><br \/><span style=\"color: #000000;\">tel: 060 87 47 59<\/span><\/p>\n<p><span style=\"color: #000000;\">e-mail<\/span>: <a href=\"mailto:sony.chisinau@gmail.com\">sony.chisinau@gmail.com<\/a><\/p>\n<p><span style=\"color: #000000;\"><strong>Orar de lucru:<\/strong><\/span><\/p>\n<ul>\n<li><span style=\"color: #000000;\">Luni-Vineri: 10.00-19.00<\/span><\/li>\n<li><span style=\"color: #000000;\">S\u00e2mb\u0103t\u0103: 10.00-18.00<\/span><\/li>\n<li><strong><span style=\"color: #000000;\">Duminic\u0103: zi liber\u0103<\/span><\/strong><\/li>\n<\/ul>\n<p><a href=\"https:\/\/sonycenter.md\/wp-content\/uploads\/2026\/05\/sony-authorized-dealer-logo-200x200.jpg\"><img decoding=\"async\" class=\"alignnone wp-image-34635 size-thumbnail\" src=\"https:\/\/sonycenter.md\/wp-content\/uploads\/2026\/05\/sony-authorized-dealer-logo-200x200.jpg\" alt=\"\" width=\"200\" height=\"200\" srcset=\"https:\/\/sonycenter.md\/wp-content\/uploads\/2026\/05\/sony-authorized-dealer-logo-200x200.jpg 200w, https:\/\/sonycenter.md\/wp-content\/uploads\/2026\/05\/sony-authorized-dealer-logo-100x100.jpg 100w, https:\/\/sonycenter.md\/wp-content\/uploads\/2026\/05\/sony-authorized-dealer-logo.jpg 600w\" sizes=\"(max-width: 200px) 100vw, 200px\" \/><\/a><\/p>\n<h4>\u00a0<\/h4>\n\t\t<\/div>\n\t\t\t\t\t<\/div>\n\n\t\n\n\t<div id=\"col-1956641893\" class=\"col medium-5 small-12 large-4\"  >\n\t\t\t\t<div class=\"col-inner\"  >\n\t\t\t\n\t\t\t\n<p>\u201c<span style=\"font-size: large;\"><span lang=\"en-US\"><b>EMIT\u201d S.R.L. <\/b><\/span><\/span><\/p>\n<p lang=\"en-US\"><b>Moldova, or.Chisinau, <\/b><\/p>\n<p lang=\"en-US\"><b>Adresa juridica : st.Cuza Voda 25\/5,ap.78<\/b><\/p>\n<p lang=\"en-US\"><b>Adresa magazinului : str.Albisoara 4<\/b><\/p>\n<p lang=\"en-US\"><b>Tel. +373 22 88-48-31 <\/b><\/p>\n<p lang=\"en-US\"><b>FinComBank fil.Nr.3 <\/b><\/p>\n<p><span lang=\"ro-RO\"><b>MD46FT222450300000338498<\/b><\/span><b> <\/b><\/p>\n<p lang=\"en-US\" align=\"JUSTIFY\"><b>c\/b FTMDMD2X853<\/b><\/p>\n<p><span lang=\"en-US\"><b>f\/c 1003600046769<\/b><\/span><\/p>\n<p lang=\"en-US\"><b>TVA 0300689<\/b><\/p>\n\t\t<\/div>\n\t\t\t\t\t<\/div>\n\n\t\n<\/div>\n","protected":false},"excerpt":{"rendered":"","protected":false},"author":1,"featured_media":0,"parent":0,"menu_order":0,"comment_status":"closed","ping_status":"closed","template":"","meta":{"footnotes":""},"class_list":["post-8507","page","type-page","status-publish","hentry"],"yoast_head":"<!-- This site is optimized with the Yoast SEO plugin v27.4 - https:\/\/yoast.com\/product\/yoast-seo-wordpress\/ -->\n<title>CONTACTE | SONY<\/title>\n<meta name=\"description\" content=\"CONTACTE | SONY\" \/>\n<meta name=\"robots\" content=\"index, follow, max-snippet:-1, max-image-preview:large, max-video-preview:-1\" \/>\n<link rel=\"canonical\" href=\"https:\/\/sonycenter.md\/ro\/contacte\/\" \/>\n<meta property=\"og:locale\" content=\"ro_RO\" \/>\n<meta property=\"og:type\" content=\"article\" \/>\n<meta property=\"og:title\" content=\"CONTACTE | SONY\" \/>\n<meta property=\"og:description\" content=\"CONTACTE | SONY\" \/>\n<meta property=\"og:url\" content=\"https:\/\/sonycenter.md\/ro\/contacte\/\" \/>\n<meta property=\"og:site_name\" content=\"SONY\" \/>\n<meta property=\"article:modified_time\" content=\"2026-05-12T07:40:24+00:00\" \/>\n<meta property=\"og:image\" content=\"https:\/\/sonycenter.md\/wp-content\/uploads\/2026\/05\/sony-authorized-dealer-logo-200x200.jpg\" \/>\n<meta name=\"twitter:card\" content=\"summary_large_image\" \/>\n<meta name=\"twitter:label1\" content=\"Est. reading time\" \/>\n\t<meta name=\"twitter:data1\" content=\"1 minute\" \/>\n<script type=\"application\/ld+json\" class=\"yoast-schema-graph\">{\"@context\":\"https:\\\/\\\/schema.org\",\"@graph\":[{\"@type\":\"WebPage\",\"@id\":\"https:\\\/\\\/sonycenter.md\\\/ro\\\/contacte\\\/\",\"url\":\"https:\\\/\\\/sonycenter.md\\\/ro\\\/contacte\\\/\",\"name\":\"CONTACTE | SONY\",\"isPartOf\":{\"@id\":\"http:\\\/\\\/sonycenter.md\\\/ro\\\/#website\"},\"primaryImageOfPage\":{\"@id\":\"https:\\\/\\\/sonycenter.md\\\/ro\\\/contacte\\\/#primaryimage\"},\"image\":{\"@id\":\"https:\\\/\\\/sonycenter.md\\\/ro\\\/contacte\\\/#primaryimage\"},\"thumbnailUrl\":\"https:\\\/\\\/sonycenter.md\\\/wp-content\\\/uploads\\\/2026\\\/05\\\/sony-authorized-dealer-logo-200x200.jpg\",\"datePublished\":\"2016-03-03T07:34:42+00:00\",\"dateModified\":\"2026-05-12T07:40:24+00:00\",\"description\":\"CONTACTE | SONY\",\"breadcrumb\":{\"@id\":\"https:\\\/\\\/sonycenter.md\\\/ro\\\/contacte\\\/#breadcrumb\"},\"inLanguage\":\"ro-RO\",\"potentialAction\":[{\"@type\":\"ReadAction\",\"target\":[\"https:\\\/\\\/sonycenter.md\\\/ro\\\/contacte\\\/\"]}]},{\"@type\":\"ImageObject\",\"inLanguage\":\"ro-RO\",\"@id\":\"https:\\\/\\\/sonycenter.md\\\/ro\\\/contacte\\\/#primaryimage\",\"url\":\"https:\\\/\\\/sonycenter.md\\\/wp-content\\\/uploads\\\/2026\\\/05\\\/sony-authorized-dealer-logo-200x200.jpg\",\"contentUrl\":\"https:\\\/\\\/sonycenter.md\\\/wp-content\\\/uploads\\\/2026\\\/05\\\/sony-authorized-dealer-logo-200x200.jpg\"},{\"@type\":\"BreadcrumbList\",\"@id\":\"https:\\\/\\\/sonycenter.md\\\/ro\\\/contacte\\\/#breadcrumb\",\"itemListElement\":[{\"@type\":\"ListItem\",\"position\":1,\"name\":\"\u0413\u043b\u0430\u0432\u043d\u0430\u044f \u0441\u0442\u0440\u0430\u043d\u0438\u0446\u0430\",\"item\":\"https:\\\/\\\/sonycenter.md\\\/ro\\\/\"},{\"@type\":\"ListItem\",\"position\":2,\"name\":\"CONTACTE\"}]},{\"@type\":\"WebSite\",\"@id\":\"http:\\\/\\\/sonycenter.md\\\/ro\\\/#website\",\"url\":\"http:\\\/\\\/sonycenter.md\\\/ro\\\/\",\"name\":\"sonycenter.md\",\"description\":\"SONYCENTER \u00een Chi\u0219in\u0103u\",\"publisher\":{\"@id\":\"http:\\\/\\\/sonycenter.md\\\/ro\\\/#organization\"},\"potentialAction\":[{\"@type\":\"SearchAction\",\"target\":{\"@type\":\"EntryPoint\",\"urlTemplate\":\"http:\\\/\\\/sonycenter.md\\\/ro\\\/?s={search_term_string}\"},\"query-input\":{\"@type\":\"PropertyValueSpecification\",\"valueRequired\":true,\"valueName\":\"search_term_string\"}}],\"inLanguage\":\"ro-RO\"},{\"@type\":\"Organization\",\"@id\":\"http:\\\/\\\/sonycenter.md\\\/ro\\\/#organization\",\"name\":\"sonycenter.md\",\"url\":\"http:\\\/\\\/sonycenter.md\\\/ro\\\/\",\"logo\":{\"@type\":\"ImageObject\",\"inLanguage\":\"ro-RO\",\"@id\":\"http:\\\/\\\/sonycenter.md\\\/ro\\\/#\\\/schema\\\/logo\\\/image\\\/\",\"url\":\"\",\"contentUrl\":\"\",\"caption\":\"sonycenter.md\"},\"image\":{\"@id\":\"http:\\\/\\\/sonycenter.md\\\/ro\\\/#\\\/schema\\\/logo\\\/image\\\/\"}}]}<\/script>\n<!-- \/ Yoast SEO plugin. -->","yoast_head_json":{"title":"CONTACTE | SONY","description":"CONTACTE | SONY","robots":{"index":"index","follow":"follow","max-snippet":"max-snippet:-1","max-image-preview":"max-image-preview:large","max-video-preview":"max-video-preview:-1"},"canonical":"https:\/\/sonycenter.md\/ro\/contacte\/","og_locale":"ro_RO","og_type":"article","og_title":"CONTACTE | SONY","og_description":"CONTACTE | SONY","og_url":"https:\/\/sonycenter.md\/ro\/contacte\/","og_site_name":"SONY","article_modified_time":"2026-05-12T07:40:24+00:00","og_image":[{"url":"https:\/\/sonycenter.md\/wp-content\/uploads\/2026\/05\/sony-authorized-dealer-logo-200x200.jpg","type":"","width":"","height":""}],"twitter_card":"summary_large_image","twitter_misc":{"Est. reading time":"1 minute"},"schema":{"@context":"https:\/\/schema.org","@graph":[{"@type":"WebPage","@id":"https:\/\/sonycenter.md\/ro\/contacte\/","url":"https:\/\/sonycenter.md\/ro\/contacte\/","name":"CONTACTE | SONY","isPartOf":{"@id":"https:\/\/sonycenter.md\/ro\/#website"},"primaryImageOfPage":{"@id":"https:\/\/sonycenter.md\/ro\/contacte\/#primaryimage"},"image":{"@id":"https:\/\/sonycenter.md\/ro\/contacte\/#primaryimage"},"thumbnailUrl":"https:\/\/sonycenter.md\/wp-content\/uploads\/2026\/05\/sony-authorized-dealer-logo-200x200.jpg","datePublished":"2016-03-03T07:34:42+00:00","dateModified":"2026-05-12T07:40:24+00:00","description":"CONTACTE | SONY","breadcrumb":{"@id":"https:\/\/sonycenter.md\/ro\/contacte\/#breadcrumb"},"inLanguage":"ro-RO","potentialAction":[{"@type":"ReadAction","target":["https:\/\/sonycenter.md\/ro\/contacte\/"]}]},{"@type":"ImageObject","inLanguage":"ro-RO","@id":"https:\/\/sonycenter.md\/ro\/contacte\/#primaryimage","url":"https:\/\/sonycenter.md\/wp-content\/uploads\/2026\/05\/sony-authorized-dealer-logo-200x200.jpg","contentUrl":"https:\/\/sonycenter.md\/wp-content\/uploads\/2026\/05\/sony-authorized-dealer-logo-200x200.jpg"},{"@type":"BreadcrumbList","@id":"https:\/\/sonycenter.md\/ro\/contacte\/#breadcrumb","itemListElement":[{"@type":"ListItem","position":1,"name":"\u0413\u043b\u0430\u0432\u043d\u0430\u044f \u0441\u0442\u0440\u0430\u043d\u0438\u0446\u0430","item":"https:\/\/sonycenter.md\/ro\/"},{"@type":"ListItem","position":2,"name":"CONTACTE"}]},{"@type":"WebSite","@id":"https:\/\/sonycenter.md\/ro\/#website","url":"https:\/\/sonycenter.md\/ro\/","name":"sonycenter.md","description":"SONYCENTER \u00een Chi\u0219in\u0103u","publisher":{"@id":"https:\/\/sonycenter.md\/ro\/#organization"},"potentialAction":[{"@type":"SearchAction","target":{"@type":"EntryPoint","urlTemplate":"https:\/\/sonycenter.md\/ro\/?s={search_term_string}"},"query-input":{"@type":"PropertyValueSpecification","valueRequired":true,"valueName":"search_term_string"}}],"inLanguage":"ro-RO"},{"@type":"Organization","@id":"https:\/\/sonycenter.md\/ro\/#organization","name":"sonycenter.md","url":"https:\/\/sonycenter.md\/ro\/","logo":{"@type":"ImageObject","inLanguage":"ro-RO","@id":"https:\/\/sonycenter.md\/ro\/#\/schema\/logo\/image\/","url":"","contentUrl":"","caption":"sonycenter.md"},"image":{"@id":"https:\/\/sonycenter.md\/ro\/#\/schema\/logo\/image\/"}}]}},"_links":{"self":[{"href":"https:\/\/sonycenter.md\/ro\/wp-json\/wp\/v2\/pages\/8507","targetHints":{"allow":["GET"]}}],"collection":[{"href":"https:\/\/sonycenter.md\/ro\/wp-json\/wp\/v2\/pages"}],"about":[{"href":"https:\/\/sonycenter.md\/ro\/wp-json\/wp\/v2\/types\/page"}],"author":[{"embeddable":true,"href":"https:\/\/sonycenter.md\/ro\/wp-json\/wp\/v2\/users\/1"}],"replies":[{"embeddable":true,"href":"https:\/\/sonycenter.md\/ro\/wp-json\/wp\/v2\/comments?post=8507"}],"version-history":[{"count":0,"href":"https:\/\/sonycenter.md\/ro\/wp-json\/wp\/v2\/pages\/8507\/revisions"}],"wp:attachment":[{"href":"https:\/\/sonycenter.md\/ro\/wp-json\/wp\/v2\/media?parent=8507"}],"curies":[{"name":"wp","href":"https:\/\/api.w.org\/{rel}","templated":true}]}}