{"id":8517,"date":"2016-04-06T18:13:41","date_gmt":"2016-04-06T15:13:41","guid":{"rendered":"https:\/\/sonycenter.md\/livrare\/"},"modified":"2025-01-09T10:28:17","modified_gmt":"2025-01-09T08:28:17","slug":"livrare","status":"publish","type":"page","link":"https:\/\/sonycenter.md\/ro\/livrare\/","title":{"rendered":"Livrare"},"content":{"rendered":"<div class=\"row align-center\"  id=\"row-1050146029\">\n\n\t<div id=\"col-1284087021\" class=\"col medium-10 small-12 large-7\"  >\n\t\t\t\t<div class=\"col-inner\"  >\n\t\t\t\n\t\t\t\n<h3><\/h3>\n<h4 style=\"text-align: center;\"><strong>Condi\u0163ii de livrare la efectuarea cump\u0103r\u0103turilor prin internet-magazinul\u00a0 <\/strong><strong>sonycenter.md<\/strong><\/h4>\n<p>&nbsp;<\/p>\n<ul>\n<li>Costul livr\u0103rii m\u0103rfurilor prin or. Chi\u015fin\u0103u, comandate prin internet-magazinul \u00een valoare mai mic\u0103 sau \u00een m\u0103rime de 999 lei constituie 60 lei, iar m\u0103rfurile \u00een valoare de la 1000 lei \u015fi mai mult sunt livrate GRATUIT.<\/li>\n<li>Livrarea marfurilor se efectueaza in termen de 2 zile lucratoare .<\/li>\n<li>Livrarea marfurilor \u00een afar\u0103 zonei or. Chisinau se efectueaz\u0103 \u00een termen de 2-3 zile lucratoare\u00a0 .<\/li>\n<li>S\u00e2mb\u0103t\u0103 \u0219i duminic\u0103 livrarea nu se efectueaz\u0103 .<\/li>\n<\/ul>\n<p><strong>\u00a0<\/strong><\/p>\n<h4 style=\"text-align: center;\"><strong>Condi\u0163ii de livrare la efectuarea cump\u0103r\u0103turilor din magazinul de v\u00eenzare cu am\u0103nuntul \u00a0SONYCENTER<\/strong><\/h4>\n<p>&nbsp;<\/p>\n<ul>\n<li>Livrarea tehnicii \u00een valoare de la 1000 lei \u015fi mai mult \u00een zona\u00a0 or. Chi\u0219in\u0103u se efectueaz\u0103 GRATIS in termen de 48 de ore .<\/li>\n<li>Livrarea tehnici \u00een valoare de la 1000 lei \u015fi mai mult \u00een afar\u0103 zonei or. Chi\u0219in\u0103u se efectueaz\u0103 GRATIS \u00een termen de 48\/72 de ore.<\/li>\n<li>Livrarea se efectueaz\u0103 dup\u0103 grafic\u00a0 \u015fi cu apel preventiv.<\/li>\n<li>S\u00e2mb\u0103t\u0103 \u0219i duminic\u0103 livrarea nu se efectueaz\u0103 .<\/li>\n<\/ul>\n<p><strong>\u00a0<\/strong><\/p>\n<h4 style=\"text-align: center;\"><strong>Obliga\u0163iunile serviciului de livrare sunt:<\/strong><\/h4>\n<ul>\n<li>Livrarea m\u0103rfurilor \u00een termenul stabilit la adresa convenit\u0103\u00a0 *<\/li>\n<li>Taxa de livrare pentru etajele\u00a0 \u00een cl\u0103dirile f\u0103r\u0103 ascensor, se achit\u0103 pe loc de c\u0103tre client. Suma pl\u0103\u0163ii este coordonat\u0103 cu angaja\u0163ii serviciului de livrare.<\/li>\n<li>Demonstrarea fa\u0163\u0103 de client a complecta\u0163iei depline a produsului.<\/li>\n<li>Demonstrarea fa\u0163\u0103 de client a st\u0103rii externe a produsului (lipsa deterior\u0103rilor vizibile: \u00eendoiturilor, zg\u00eerieturilor, fisurilor).<\/li>\n<li>Completarea sau demonstrarea talonului de garan\u0163ie emis mai devreme pentru produsul cump\u0103rat.<\/li>\n<li>Transmiterea m\u0103rfii \u015fi a talonului de garan\u0163ie \u00een proprietatea cump\u0103r\u0103torului.<\/li>\n<\/ul>\n<h3><span style=\"font-size: 80%; color: #ff0000;\"><strong>* \u00cen cazul c\u00eend livrarea direct\u0103 este \u00eempiedicat\u0103, clientul este obligat s\u0103 asigure condi\u0163iile necesare pentru livrarea produsului \u00een \u00eenc\u0103pere f\u0103r\u0103 obstacole (inclusiv accesul mijlocului de transport al serviciului de livrare la o distan\u0163\u0103 maximal\u0103 de apropiere). <\/strong><\/span><\/h3>\n<p>&nbsp;<\/p>\n<p><em>\u00a0 <\/em><\/p>\n<h4 style=\"text-align: center;\"><strong>Obliga\u0163iunile serviciului de livrare nu includ: \u00a0<\/strong><\/h4>\n<ul>\n<li>Mutarea articolului \u00een interiorul \u00eenc\u0103perii clientului (apartamentului \/ oficiului \/ casei private).<\/li>\n<li>Montarea, instalarea \u015fi conectarea m\u0103rfurilor.<\/li>\n<li>Demonstrarea caracteristicilor de utilizare ale produsului \u015fi instruirea cump\u0103r\u0103torului \u00een privin\u0163a particularit\u0103\u0163ilor de exploatare.<\/li>\n<li>Livrarea repetat\u0103 a m\u0103rfii \u00een leg\u0103tur\u0103 cu lipsa cump\u0103r\u0103torului la momentul stabilit pentru livrare. \u00cen situa\u0163iile, c\u00eend produsul cump\u0103rat necesit\u0103 a fi livrat repetat, o astfel de livrare se efectueaz\u0103 contra-plat\u0103.<\/li>\n<\/ul>\n<p>&nbsp;<\/p>\n<p>&nbsp;<\/p>\n\t\t<\/div>\n\t\t\t\t\t<\/div>\n\n\t\n<\/div>\n","protected":false},"excerpt":{"rendered":"","protected":false},"author":1,"featured_media":0,"parent":0,"menu_order":0,"comment_status":"closed","ping_status":"closed","template":"","meta":{"footnotes":""},"class_list":["post-8517","page","type-page","status-publish","hentry"],"yoast_head":"<!-- This site is optimized with the Yoast SEO plugin v27.4 - https:\/\/yoast.com\/product\/yoast-seo-wordpress\/ -->\n<title>Livrare | SONY<\/title>\n<meta name=\"description\" content=\"Livrare | SONY\" \/>\n<meta name=\"robots\" content=\"index, follow, max-snippet:-1, max-image-preview:large, max-video-preview:-1\" \/>\n<link rel=\"canonical\" href=\"https:\/\/sonycenter.md\/ro\/livrare\/\" \/>\n<meta property=\"og:locale\" content=\"ro_RO\" \/>\n<meta property=\"og:type\" content=\"article\" \/>\n<meta property=\"og:title\" content=\"Livrare | SONY\" \/>\n<meta property=\"og:description\" content=\"Livrare | SONY\" \/>\n<meta property=\"og:url\" content=\"https:\/\/sonycenter.md\/ro\/livrare\/\" \/>\n<meta property=\"og:site_name\" content=\"SONY\" \/>\n<meta property=\"article:modified_time\" content=\"2025-01-09T08:28:17+00:00\" \/>\n<meta name=\"twitter:card\" content=\"summary_large_image\" \/>\n<meta name=\"twitter:label1\" content=\"Est. reading time\" \/>\n\t<meta name=\"twitter:data1\" content=\"3 minutes\" \/>\n<script type=\"application\/ld+json\" class=\"yoast-schema-graph\">{\"@context\":\"https:\\\/\\\/schema.org\",\"@graph\":[{\"@type\":\"WebPage\",\"@id\":\"https:\\\/\\\/sonycenter.md\\\/ro\\\/livrare\\\/\",\"url\":\"https:\\\/\\\/sonycenter.md\\\/ro\\\/livrare\\\/\",\"name\":\"Livrare | SONY\",\"isPartOf\":{\"@id\":\"http:\\\/\\\/sonycenter.md\\\/ro\\\/#website\"},\"datePublished\":\"2016-04-06T15:13:41+00:00\",\"dateModified\":\"2025-01-09T08:28:17+00:00\",\"description\":\"Livrare | SONY\",\"breadcrumb\":{\"@id\":\"https:\\\/\\\/sonycenter.md\\\/ro\\\/livrare\\\/#breadcrumb\"},\"inLanguage\":\"ro-RO\",\"potentialAction\":[{\"@type\":\"ReadAction\",\"target\":[\"https:\\\/\\\/sonycenter.md\\\/ro\\\/livrare\\\/\"]}]},{\"@type\":\"BreadcrumbList\",\"@id\":\"https:\\\/\\\/sonycenter.md\\\/ro\\\/livrare\\\/#breadcrumb\",\"itemListElement\":[{\"@type\":\"ListItem\",\"position\":1,\"name\":\"\u0413\u043b\u0430\u0432\u043d\u0430\u044f \u0441\u0442\u0440\u0430\u043d\u0438\u0446\u0430\",\"item\":\"https:\\\/\\\/sonycenter.md\\\/ro\\\/\"},{\"@type\":\"ListItem\",\"position\":2,\"name\":\"Livrare\"}]},{\"@type\":\"WebSite\",\"@id\":\"http:\\\/\\\/sonycenter.md\\\/ro\\\/#website\",\"url\":\"http:\\\/\\\/sonycenter.md\\\/ro\\\/\",\"name\":\"sonycenter.md\",\"description\":\"SONYCENTER \u00een Chi\u0219in\u0103u\",\"publisher\":{\"@id\":\"http:\\\/\\\/sonycenter.md\\\/ro\\\/#organization\"},\"potentialAction\":[{\"@type\":\"SearchAction\",\"target\":{\"@type\":\"EntryPoint\",\"urlTemplate\":\"http:\\\/\\\/sonycenter.md\\\/ro\\\/?s={search_term_string}\"},\"query-input\":{\"@type\":\"PropertyValueSpecification\",\"valueRequired\":true,\"valueName\":\"search_term_string\"}}],\"inLanguage\":\"ro-RO\"},{\"@type\":\"Organization\",\"@id\":\"http:\\\/\\\/sonycenter.md\\\/ro\\\/#organization\",\"name\":\"sonycenter.md\",\"url\":\"http:\\\/\\\/sonycenter.md\\\/ro\\\/\",\"logo\":{\"@type\":\"ImageObject\",\"inLanguage\":\"ro-RO\",\"@id\":\"http:\\\/\\\/sonycenter.md\\\/ro\\\/#\\\/schema\\\/logo\\\/image\\\/\",\"url\":\"\",\"contentUrl\":\"\",\"caption\":\"sonycenter.md\"},\"image\":{\"@id\":\"http:\\\/\\\/sonycenter.md\\\/ro\\\/#\\\/schema\\\/logo\\\/image\\\/\"}}]}<\/script>\n<!-- \/ Yoast SEO plugin. -->","yoast_head_json":{"title":"Livrare | SONY","description":"Livrare | SONY","robots":{"index":"index","follow":"follow","max-snippet":"max-snippet:-1","max-image-preview":"max-image-preview:large","max-video-preview":"max-video-preview:-1"},"canonical":"https:\/\/sonycenter.md\/ro\/livrare\/","og_locale":"ro_RO","og_type":"article","og_title":"Livrare | SONY","og_description":"Livrare | SONY","og_url":"https:\/\/sonycenter.md\/ro\/livrare\/","og_site_name":"SONY","article_modified_time":"2025-01-09T08:28:17+00:00","twitter_card":"summary_large_image","twitter_misc":{"Est. reading time":"3 minutes"},"schema":{"@context":"https:\/\/schema.org","@graph":[{"@type":"WebPage","@id":"https:\/\/sonycenter.md\/ro\/livrare\/","url":"https:\/\/sonycenter.md\/ro\/livrare\/","name":"Livrare | SONY","isPartOf":{"@id":"https:\/\/sonycenter.md\/ro\/#website"},"datePublished":"2016-04-06T15:13:41+00:00","dateModified":"2025-01-09T08:28:17+00:00","description":"Livrare | SONY","breadcrumb":{"@id":"https:\/\/sonycenter.md\/ro\/livrare\/#breadcrumb"},"inLanguage":"ro-RO","potentialAction":[{"@type":"ReadAction","target":["https:\/\/sonycenter.md\/ro\/livrare\/"]}]},{"@type":"BreadcrumbList","@id":"https:\/\/sonycenter.md\/ro\/livrare\/#breadcrumb","itemListElement":[{"@type":"ListItem","position":1,"name":"\u0413\u043b\u0430\u0432\u043d\u0430\u044f \u0441\u0442\u0440\u0430\u043d\u0438\u0446\u0430","item":"https:\/\/sonycenter.md\/ro\/"},{"@type":"ListItem","position":2,"name":"Livrare"}]},{"@type":"WebSite","@id":"https:\/\/sonycenter.md\/ro\/#website","url":"https:\/\/sonycenter.md\/ro\/","name":"sonycenter.md","description":"SONYCENTER \u00een Chi\u0219in\u0103u","publisher":{"@id":"https:\/\/sonycenter.md\/ro\/#organization"},"potentialAction":[{"@type":"SearchAction","target":{"@type":"EntryPoint","urlTemplate":"https:\/\/sonycenter.md\/ro\/?s={search_term_string}"},"query-input":{"@type":"PropertyValueSpecification","valueRequired":true,"valueName":"search_term_string"}}],"inLanguage":"ro-RO"},{"@type":"Organization","@id":"https:\/\/sonycenter.md\/ro\/#organization","name":"sonycenter.md","url":"https:\/\/sonycenter.md\/ro\/","logo":{"@type":"ImageObject","inLanguage":"ro-RO","@id":"https:\/\/sonycenter.md\/ro\/#\/schema\/logo\/image\/","url":"","contentUrl":"","caption":"sonycenter.md"},"image":{"@id":"https:\/\/sonycenter.md\/ro\/#\/schema\/logo\/image\/"}}]}},"_links":{"self":[{"href":"https:\/\/sonycenter.md\/ro\/wp-json\/wp\/v2\/pages\/8517","targetHints":{"allow":["GET"]}}],"collection":[{"href":"https:\/\/sonycenter.md\/ro\/wp-json\/wp\/v2\/pages"}],"about":[{"href":"https:\/\/sonycenter.md\/ro\/wp-json\/wp\/v2\/types\/page"}],"author":[{"embeddable":true,"href":"https:\/\/sonycenter.md\/ro\/wp-json\/wp\/v2\/users\/1"}],"replies":[{"embeddable":true,"href":"https:\/\/sonycenter.md\/ro\/wp-json\/wp\/v2\/comments?post=8517"}],"version-history":[{"count":0,"href":"https:\/\/sonycenter.md\/ro\/wp-json\/wp\/v2\/pages\/8517\/revisions"}],"wp:attachment":[{"href":"https:\/\/sonycenter.md\/ro\/wp-json\/wp\/v2\/media?parent=8517"}],"curies":[{"name":"wp","href":"https:\/\/api.w.org\/{rel}","templated":true}]}}