{"id":8527,"date":"2016-06-07T09:58:51","date_gmt":"2016-06-07T06:58:51","guid":{"rendered":"https:\/\/sonycenter.md\/garantie\/"},"modified":"2025-08-28T16:47:08","modified_gmt":"2025-08-28T13:47:08","slug":"garantie","status":"publish","type":"page","link":"https:\/\/sonycenter.md\/ro\/garantie\/","title":{"rendered":"Garan\u021bie"},"content":{"rendered":"<h3 style=\"text-align: center;\" data-start=\"1192\" data-end=\"1222\"><span style=\"color: #000000;\">Garan\u021bia SONY \u00een Moldova<\/span><\/h3>\n<p style=\"text-align: center;\" data-start=\"1224\" data-end=\"1462\"><span style=\"color: #000000;\">Produsele <strong data-start=\"1234\" data-end=\"1242\">SONY<\/strong> sunt cunoscute pentru fiabilitatea \u0219i calitatea lor ridicat\u0103. Fiecare dispozitiv trece printr-un control riguros, ceea ce garanteaz\u0103 func\u021bionarea stabil\u0103 \u0219i o durat\u0103 de via\u021b\u0103 \u00eendelungat\u0103.<\/span><\/p>\n<p style=\"text-align: center;\" data-start=\"1464\" data-end=\"1805\"><span style=\"color: #000000;\">La achizi\u021bia produselor SONY din magazinul nostru beneficia\u021bi de <strong data-start=\"1529\" data-end=\"1567\">garan\u021bia oficial\u0103 a produc\u0103torului<\/strong>. Pentru majoritatea dispozitivelor se ofer\u0103 o garan\u021bie de <strong data-start=\"1626\" data-end=\"1635\">2 ani<\/strong>, \u00eens\u0103 termenul exact poate varia \u00een func\u021bie de model. V\u0103 recomand\u0103m s\u0103 verifica\u021bi detaliile cu un consultant al magazinului \u00een momentul achizi\u021biei sau comenzii online.<\/span><\/p>\n<p style=\"text-align: center;\" data-start=\"1807\" data-end=\"1953\"><span style=\"color: #000000;\">Pentru clien\u021bii din Moldova, oferim acces rapid la servicii de repara\u021bie \u0219i \u00eentre\u021binere prin <strong data-start=\"1900\" data-end=\"1950\">centrul de service autorizat din Chi\u0219in\u0103u<\/strong>.<\/span><\/p>\n<p style=\"text-align: center;\" data-start=\"1955\" data-end=\"2042\"><span style=\"color: #000000;\"> <strong data-start=\"1958\" data-end=\"1969\">Adres\u0103:<\/strong> mun. Chi\u0219in\u0103u, str. B\u0103nulescu Bodoni 45<\/span><br data-start=\"2009\" data-end=\"2012\" \/><span style=\"color: #000000;\"> <strong data-start=\"2015\" data-end=\"2027\">Telefon:<\/strong> 022 22 40 35<\/span><\/p>\n","protected":false},"excerpt":{"rendered":"<p>Garan\u021bia SONY \u00een Moldova Produsele SONY sunt cunoscute pentru fiabilitatea \u0219i calitatea lor ridicat\u0103. Fiecare dispozitiv trece printr-un control riguros, ceea ce garanteaz\u0103 func\u021bionarea stabil\u0103 \u0219i o durat\u0103 de via\u021b\u0103 \u00eendelungat\u0103. La achizi\u021bia produselor SONY din magazinul nostru beneficia\u021bi de garan\u021bia oficial\u0103 a produc\u0103torului. Pentru majoritatea dispozitivelor se ofer\u0103 o garan\u021bie de 2 ani, \u00eens\u0103 [&#8230;]\n","protected":false},"author":1,"featured_media":0,"parent":0,"menu_order":0,"comment_status":"closed","ping_status":"closed","template":"","meta":{"footnotes":""},"class_list":["post-8527","page","type-page","status-publish","hentry"],"yoast_head":"<!-- This site is optimized with the Yoast SEO plugin v27.4 - https:\/\/yoast.com\/product\/yoast-seo-wordpress\/ -->\n<title>Garan\u021bia SONY \u00een Moldova<\/title>\n<meta name=\"description\" content=\"Garan\u021bie oficial\u0103 SONY \u00een Moldova. Majoritatea dispozitivelor beneficiaz\u0103 de 2 ani garan\u021bie \u0219i service autorizat \u00een Chi\u0219in\u0103u.\" \/>\n<meta name=\"robots\" content=\"index, follow, max-snippet:-1, max-image-preview:large, max-video-preview:-1\" \/>\n<link rel=\"canonical\" href=\"https:\/\/sonycenter.md\/ro\/garantie\/\" \/>\n<meta property=\"og:locale\" content=\"ro_RO\" \/>\n<meta property=\"og:type\" content=\"article\" \/>\n<meta property=\"og:title\" content=\"Garan\u021bia SONY \u00een Moldova\" \/>\n<meta property=\"og:description\" content=\"Garan\u021bie oficial\u0103 SONY \u00een Moldova. Majoritatea dispozitivelor beneficiaz\u0103 de 2 ani garan\u021bie \u0219i service autorizat \u00een Chi\u0219in\u0103u.\" \/>\n<meta property=\"og:url\" content=\"https:\/\/sonycenter.md\/ro\/garantie\/\" \/>\n<meta property=\"og:site_name\" content=\"SONY\" \/>\n<meta property=\"article:modified_time\" content=\"2025-08-28T13:47:08+00:00\" \/>\n<meta name=\"twitter:card\" content=\"summary_large_image\" \/>\n<meta name=\"twitter:label1\" content=\"Est. reading time\" \/>\n\t<meta name=\"twitter:data1\" content=\"1 minute\" \/>\n<script type=\"application\/ld+json\" class=\"yoast-schema-graph\">{\"@context\":\"https:\\\/\\\/schema.org\",\"@graph\":[{\"@type\":\"WebPage\",\"@id\":\"https:\\\/\\\/sonycenter.md\\\/ro\\\/garantie\\\/\",\"url\":\"https:\\\/\\\/sonycenter.md\\\/ro\\\/garantie\\\/\",\"name\":\"Garan\u021bia SONY \u00een Moldova\",\"isPartOf\":{\"@id\":\"http:\\\/\\\/sonycenter.md\\\/ro\\\/#website\"},\"datePublished\":\"2016-06-07T06:58:51+00:00\",\"dateModified\":\"2025-08-28T13:47:08+00:00\",\"description\":\"Garan\u021bie oficial\u0103 SONY \u00een Moldova. Majoritatea dispozitivelor beneficiaz\u0103 de 2 ani garan\u021bie \u0219i service autorizat \u00een Chi\u0219in\u0103u.\",\"breadcrumb\":{\"@id\":\"https:\\\/\\\/sonycenter.md\\\/ro\\\/garantie\\\/#breadcrumb\"},\"inLanguage\":\"ro-RO\",\"potentialAction\":[{\"@type\":\"ReadAction\",\"target\":[\"https:\\\/\\\/sonycenter.md\\\/ro\\\/garantie\\\/\"]}]},{\"@type\":\"BreadcrumbList\",\"@id\":\"https:\\\/\\\/sonycenter.md\\\/ro\\\/garantie\\\/#breadcrumb\",\"itemListElement\":[{\"@type\":\"ListItem\",\"position\":1,\"name\":\"\u0413\u043b\u0430\u0432\u043d\u0430\u044f \u0441\u0442\u0440\u0430\u043d\u0438\u0446\u0430\",\"item\":\"https:\\\/\\\/sonycenter.md\\\/ro\\\/\"},{\"@type\":\"ListItem\",\"position\":2,\"name\":\"Garan\u021bie\"}]},{\"@type\":\"WebSite\",\"@id\":\"http:\\\/\\\/sonycenter.md\\\/ro\\\/#website\",\"url\":\"http:\\\/\\\/sonycenter.md\\\/ro\\\/\",\"name\":\"sonycenter.md\",\"description\":\"SONYCENTER \u00een Chi\u0219in\u0103u\",\"publisher\":{\"@id\":\"http:\\\/\\\/sonycenter.md\\\/ro\\\/#organization\"},\"potentialAction\":[{\"@type\":\"SearchAction\",\"target\":{\"@type\":\"EntryPoint\",\"urlTemplate\":\"http:\\\/\\\/sonycenter.md\\\/ro\\\/?s={search_term_string}\"},\"query-input\":{\"@type\":\"PropertyValueSpecification\",\"valueRequired\":true,\"valueName\":\"search_term_string\"}}],\"inLanguage\":\"ro-RO\"},{\"@type\":\"Organization\",\"@id\":\"http:\\\/\\\/sonycenter.md\\\/ro\\\/#organization\",\"name\":\"sonycenter.md\",\"url\":\"http:\\\/\\\/sonycenter.md\\\/ro\\\/\",\"logo\":{\"@type\":\"ImageObject\",\"inLanguage\":\"ro-RO\",\"@id\":\"http:\\\/\\\/sonycenter.md\\\/ro\\\/#\\\/schema\\\/logo\\\/image\\\/\",\"url\":\"\",\"contentUrl\":\"\",\"caption\":\"sonycenter.md\"},\"image\":{\"@id\":\"http:\\\/\\\/sonycenter.md\\\/ro\\\/#\\\/schema\\\/logo\\\/image\\\/\"}}]}<\/script>\n<!-- \/ Yoast SEO plugin. -->","yoast_head_json":{"title":"Garan\u021bia SONY \u00een Moldova","description":"Garan\u021bie oficial\u0103 SONY \u00een Moldova. Majoritatea dispozitivelor beneficiaz\u0103 de 2 ani garan\u021bie \u0219i service autorizat \u00een Chi\u0219in\u0103u.","robots":{"index":"index","follow":"follow","max-snippet":"max-snippet:-1","max-image-preview":"max-image-preview:large","max-video-preview":"max-video-preview:-1"},"canonical":"https:\/\/sonycenter.md\/ro\/garantie\/","og_locale":"ro_RO","og_type":"article","og_title":"Garan\u021bia SONY \u00een Moldova","og_description":"Garan\u021bie oficial\u0103 SONY \u00een Moldova. Majoritatea dispozitivelor beneficiaz\u0103 de 2 ani garan\u021bie \u0219i service autorizat \u00een Chi\u0219in\u0103u.","og_url":"https:\/\/sonycenter.md\/ro\/garantie\/","og_site_name":"SONY","article_modified_time":"2025-08-28T13:47:08+00:00","twitter_card":"summary_large_image","twitter_misc":{"Est. reading time":"1 minute"},"schema":{"@context":"https:\/\/schema.org","@graph":[{"@type":"WebPage","@id":"https:\/\/sonycenter.md\/ro\/garantie\/","url":"https:\/\/sonycenter.md\/ro\/garantie\/","name":"Garan\u021bia SONY \u00een Moldova","isPartOf":{"@id":"https:\/\/sonycenter.md\/ro\/#website"},"datePublished":"2016-06-07T06:58:51+00:00","dateModified":"2025-08-28T13:47:08+00:00","description":"Garan\u021bie oficial\u0103 SONY \u00een Moldova. Majoritatea dispozitivelor beneficiaz\u0103 de 2 ani garan\u021bie \u0219i service autorizat \u00een Chi\u0219in\u0103u.","breadcrumb":{"@id":"https:\/\/sonycenter.md\/ro\/garantie\/#breadcrumb"},"inLanguage":"ro-RO","potentialAction":[{"@type":"ReadAction","target":["https:\/\/sonycenter.md\/ro\/garantie\/"]}]},{"@type":"BreadcrumbList","@id":"https:\/\/sonycenter.md\/ro\/garantie\/#breadcrumb","itemListElement":[{"@type":"ListItem","position":1,"name":"\u0413\u043b\u0430\u0432\u043d\u0430\u044f \u0441\u0442\u0440\u0430\u043d\u0438\u0446\u0430","item":"https:\/\/sonycenter.md\/ro\/"},{"@type":"ListItem","position":2,"name":"Garan\u021bie"}]},{"@type":"WebSite","@id":"https:\/\/sonycenter.md\/ro\/#website","url":"https:\/\/sonycenter.md\/ro\/","name":"sonycenter.md","description":"SONYCENTER \u00een Chi\u0219in\u0103u","publisher":{"@id":"https:\/\/sonycenter.md\/ro\/#organization"},"potentialAction":[{"@type":"SearchAction","target":{"@type":"EntryPoint","urlTemplate":"https:\/\/sonycenter.md\/ro\/?s={search_term_string}"},"query-input":{"@type":"PropertyValueSpecification","valueRequired":true,"valueName":"search_term_string"}}],"inLanguage":"ro-RO"},{"@type":"Organization","@id":"https:\/\/sonycenter.md\/ro\/#organization","name":"sonycenter.md","url":"https:\/\/sonycenter.md\/ro\/","logo":{"@type":"ImageObject","inLanguage":"ro-RO","@id":"https:\/\/sonycenter.md\/ro\/#\/schema\/logo\/image\/","url":"","contentUrl":"","caption":"sonycenter.md"},"image":{"@id":"https:\/\/sonycenter.md\/ro\/#\/schema\/logo\/image\/"}}]}},"_links":{"self":[{"href":"https:\/\/sonycenter.md\/ro\/wp-json\/wp\/v2\/pages\/8527","targetHints":{"allow":["GET"]}}],"collection":[{"href":"https:\/\/sonycenter.md\/ro\/wp-json\/wp\/v2\/pages"}],"about":[{"href":"https:\/\/sonycenter.md\/ro\/wp-json\/wp\/v2\/types\/page"}],"author":[{"embeddable":true,"href":"https:\/\/sonycenter.md\/ro\/wp-json\/wp\/v2\/users\/1"}],"replies":[{"embeddable":true,"href":"https:\/\/sonycenter.md\/ro\/wp-json\/wp\/v2\/comments?post=8527"}],"version-history":[{"count":0,"href":"https:\/\/sonycenter.md\/ro\/wp-json\/wp\/v2\/pages\/8527\/revisions"}],"wp:attachment":[{"href":"https:\/\/sonycenter.md\/ro\/wp-json\/wp\/v2\/media?parent=8527"}],"curies":[{"name":"wp","href":"https:\/\/api.w.org\/{rel}","templated":true}]}}