{"id":17494,"date":"2020-03-01T12:15:58","date_gmt":"2020-03-01T10:15:58","guid":{"rendered":"https:\/\/sonycenter.md\/shop\/import-placeholder-for-7189\/"},"modified":"2024-10-25T12:55:46","modified_gmt":"2024-10-25T09:55:46","slug":"pcma10","status":"publish","type":"product","link":"https:\/\/sonycenter.md\/ro\/magazin\/pcma10\/","title":{"rendered":"PCMA10"},"content":{"rendered":"<p><span style=\"color: #000000;\">Specifica\u021bii complete pentru <span style=\"color: #0000ff;\"><a style=\"color: #0000ff;\" href=\"https:\/\/sonycenter.md\/ro\/category\/reportofoane\/\">reportofon<\/a><\/span> SONY PCM-A10:<\/span><\/p>\n<table>\n<tbody>\n<tr>\n<td style=\"text-align: center;\" colspan=\"2\" width=\"505\"><span style=\"color: #000000;\"><strong>Dimensiune \u015fi greutate<\/strong><\/span><\/td>\n<\/tr>\n<tr>\n<td><span style=\"color: #000000;\"><strong>Dimensiuni (L x H x A)<\/strong><\/span><\/td>\n<td><span style=\"color: #000000;\">Aprox. 39,2 x 109,5 x 16,0 mm<\/span><\/td>\n<\/tr>\n<tr>\n<td><span style=\"color: #000000;\"><strong>Greutate<\/strong><\/span><\/td>\n<td><span style=\"color: #000000;\">Aprox. 82 g<\/span><\/td>\n<\/tr>\n<tr>\n<td style=\"text-align: center;\" colspan=\"2\"><span style=\"color: #000000;\"><strong>Caracteristici generale<\/strong><\/span><\/td>\n<\/tr>\n<tr>\n<td><span style=\"color: #000000;\"><strong>Tip baterie<\/strong><\/span><\/td>\n<td><span style=\"color: #000000;\">Baterie cu litiu integrat\u0103<\/span><\/td>\n<\/tr>\n<tr>\n<td><span style=\"color: #000000;\"><strong>Memorie \u00eencorporat\u0103<\/strong><\/span><\/td>\n<td><span style=\"color: #000000;\">16 GB<\/span><\/td>\n<\/tr>\n<tr>\n<td><span style=\"color: #000000;\"><strong>Microfon \u00eencorporat<\/strong><\/span><\/td>\n<td><span style=\"color: #000000;\">Stereo<\/span><\/td>\n<\/tr>\n<tr>\n<td><span style=\"color: #000000;\"><strong>C\u0103utare \u00een calendar<\/strong><\/span><\/td>\n<td><span style=\"color: #000000;\">Da<\/span><\/td>\n<\/tr>\n<tr>\n<td><span style=\"color: #000000;\"><strong>Iluminare din spate afi\u015faj LCD<\/strong><\/span><\/td>\n<td><span style=\"color: #000000;\">Da<\/span><\/td>\n<\/tr>\n<tr>\n<td><span style=\"color: #000000;\"><strong>Num\u0103r maxim de fi\u015fiere per folder<\/strong><\/span><\/td>\n<td><span style=\"color: #000000;\">199<\/span><\/td>\n<\/tr>\n<tr>\n<td><span style=\"color: #000000;\"><strong>Num\u0103r maxim de fi\u015fiere (total)<\/strong><\/span><\/td>\n<td><span style=\"color: #000000;\">5000<\/span><\/td>\n<\/tr>\n<tr>\n<td><span style=\"color: #000000;\"><strong>Format de redare<\/strong><\/span><\/td>\n<td><span style=\"color: #000000;\">MP3\/AAC\/WMA\/WAV\/FLAC<\/span><\/td>\n<\/tr>\n<tr>\n<td><span style=\"color: #000000;\"><strong>Format \u00eenregistrare<\/strong><\/span><\/td>\n<td><span style=\"color: #000000;\">PCM linear\/MP3<\/span><\/td>\n<\/tr>\n<tr>\n<td style=\"text-align: center;\" colspan=\"2\"><span style=\"color: #000000;\"><strong>\u00cenregistrare<\/strong><\/span><\/td>\n<\/tr>\n<tr>\n<td><span style=\"color: #000000;\"><strong>Dur. \u00cenr. Max. LPCM 96.1khz, 24 bit<\/strong><\/span><\/td>\n<td><span style=\"color: #000000;\">6 h 35 min.<\/span><\/td>\n<\/tr>\n<tr>\n<td><span style=\"color: #000000;\"><strong>Max. Durat\u0103 de \u00eenregistrare LPCM 48 khz, 24 bi\u021bi<\/strong><\/span><\/td>\n<td><span style=\"color: #000000;\">13 ore, 15 minute<\/span><\/td>\n<\/tr>\n<tr>\n<td><span style=\"color: #000000;\"><strong>Max. Durat\u0103 de \u00eenregistrare LPCM 48 khz, 16 bi\u021bi<\/strong><\/span><\/td>\n<td><span style=\"color: #000000;\">19 ore, 50 minute<\/span><\/td>\n<\/tr>\n<tr>\n<td><\/td>\n<td><\/td>\n<\/tr>\n<tr>\n<td><span style=\"color: #000000;\"><strong>Dur. \u00cenr. Max. Mp3 48kbps (mono)<\/strong><\/span><\/td>\n<td><span style=\"color: #000000;\">636 h 0 min.<\/span><\/td>\n<\/tr>\n<tr>\n<td><span style=\"color: #000000;\"><strong>Dur. Util. Bat. \u00cenreg. LPCM 96.1khz, 24bit<\/strong><\/span><\/td>\n<td><span style=\"color: #000000;\">Aprox. 15 de ore<\/span><\/td>\n<\/tr>\n<tr>\n<td><span style=\"color: #000000;\"><strong>Dur. Util. Bat. \u00cenreg. Mp3 48kbps (mono)<\/strong><\/span><\/td>\n<td><span style=\"color: #000000;\">Aprox. 24 de ore<\/span><\/td>\n<\/tr>\n<tr>\n<td style=\"text-align: center;\" colspan=\"2\"><span style=\"color: #000000;\"><strong>Redare \u015fi editare<\/strong><\/span><\/td>\n<\/tr>\n<tr>\n<td><span style=\"color: #000000;\"><strong>Repetare A-B<\/strong><\/span><\/td>\n<td><span style=\"color: #000000;\">Da<\/span><\/td>\n<\/tr>\n<tr>\n<td><span style=\"color: #000000;\"><strong>Redare alarm\u0103<\/strong><\/span><\/td>\n<td><span style=\"color: #000000;\">Nu<\/span><\/td>\n<\/tr>\n<tr>\n<td><span style=\"color: #000000;\"><strong>Ctrl. Digital ton (control vitez\u0103)<\/strong><\/span><\/td>\n<td><span style=\"color: #000000;\">Da<\/span><\/td>\n<\/tr>\n<tr>\n<td><span style=\"color: #000000;\"><strong>Amplificarea digital\u0103 a vocii<\/strong><\/span><\/td>\n<td><span style=\"color: #000000;\">Da (Clear Voice)<\/span><\/td>\n<\/tr>\n<tr>\n<td><span style=\"color: #000000;\"><strong>Divizare<\/strong><\/span><\/td>\n<td><span style=\"color: #000000;\">Da<\/span><\/td>\n<\/tr>\n<tr>\n<td><span style=\"color: #000000;\"><strong>C\u0103utare u\u015foar\u0103<\/strong><\/span><\/td>\n<td><span style=\"color: #000000;\">Da<\/span><\/td>\n<\/tr>\n<tr>\n<td><span style=\"color: #000000;\"><strong>\u015etergere<\/strong><\/span><\/td>\n<td><span style=\"color: #000000;\">Da<\/span><\/td>\n<\/tr>\n<tr>\n<td><span style=\"color: #000000;\"><strong>Copiere document<\/strong><\/span><\/td>\n<td><span style=\"color: #000000;\">Da<\/span><\/td>\n<\/tr>\n<tr>\n<td><span style=\"color: #000000;\"><strong>Modif. Nume folder (f\u0103r\u0103 util. PC)<\/strong><\/span><\/td>\n<td><span style=\"color: #000000;\">Da<\/span><\/td>\n<\/tr>\n<tr>\n<td><span style=\"color: #000000;\"><strong>Anularea zgomotului<\/strong><\/span><\/td>\n<td><span style=\"color: #000000;\">Da (Clear Voice)<\/span><\/td>\n<\/tr>\n<tr>\n<td style=\"text-align: center;\" colspan=\"2\"><span style=\"color: #000000;\"><strong>Interfa\u0163\u0103<\/strong><\/span><\/td>\n<\/tr>\n<tr>\n<td><span style=\"color: #000000;\"><strong>Terminale de intrare \u015fi ie\u015fire<\/strong><\/span><\/td>\n<td><span style=\"color: #000000;\">Muf\u0103 intrare microfon, muf\u0103 pentru c\u0103\u0219ti, conector USB (tip A), slot pentru card microSD<\/span><\/td>\n<\/tr>\n<tr>\n<td style=\"text-align: center;\" colspan=\"2\"><span style=\"color: #000000;\"><strong>Ce este \u00een cutie?<\/strong><\/span><\/td>\n<\/tr>\n<tr>\n<td><span style=\"color: #000000;\"><strong>Protec\u0163ie \u00eempotriva v\u00e2ntului<\/strong><\/span><\/td>\n<td><\/td>\n<\/tr>\n<tr>\n<td><span style=\"color: #000000;\"><strong>Geant\u0103 de transport<\/strong><\/span><\/td>\n<td><\/td>\n<\/tr>\n<\/tbody>\n<\/table>\n","protected":false},"excerpt":{"rendered":"<ul>\n<li>Microfoane personalizabile pentru diferite condi\u021bii de \u00eenregistrare<\/li>\n<li>Microfoane : Stereo, multidirec\u021bionale<\/li>\n<li>Bluetooth : Da (ascultare \u0219i control)<\/li>\n<li>Memorie \u00eencorporat\u0103 : 16GB<\/li>\n<li>Slot MicroSD : Da, pentru extinderea memoriei<\/li>\n<li>Greutate : 82 g<\/li>\n<\/ul>\n","protected":false},"featured_media":18148,"comment_status":"open","ping_status":"closed","template":"","meta":[],"product_brand":[],"product_cat":[640],"product_tag":[],"class_list":{"0":"post-17494","1":"product","2":"type-product","3":"status-publish","4":"has-post-thumbnail","6":"product_cat-reportofoane","8":"first","9":"outofstock","10":"shipping-taxable","11":"purchasable","12":"product-type-simple"},"yoast_head":"<!-- This site is optimized with the Yoast SEO plugin v27.4 - https:\/\/yoast.com\/product\/yoast-seo-wordpress\/ -->\n<title>Reportofon SONY PCM-A10 | Cumpara reportofon in Chisinau<\/title>\n<meta name=\"description\" content=\"Cumpara reportofon SONY PCM-A10 in Chisinau | Comanda online reportofon cu microfoane stereo multidirectionale SONY cu livrare in Moldova\" \/>\n<meta name=\"robots\" content=\"index, follow, max-snippet:-1, max-image-preview:large, max-video-preview:-1\" \/>\n<link rel=\"canonical\" href=\"https:\/\/sonycenter.md\/ro\/magazin\/pcma10\/\" \/>\n<meta property=\"og:locale\" content=\"ro_RO\" \/>\n<meta property=\"og:type\" content=\"article\" \/>\n<meta property=\"og:title\" content=\"Reportofon SONY PCM-A10 | Cumpara reportofon in Chisinau\" \/>\n<meta property=\"og:description\" content=\"Cumpara reportofon SONY PCM-A10 in Chisinau | Comanda online reportofon cu microfoane stereo multidirectionale SONY cu livrare in Moldova\" \/>\n<meta property=\"og:url\" content=\"https:\/\/sonycenter.md\/ro\/magazin\/pcma10\/\" \/>\n<meta property=\"og:site_name\" content=\"SONY\" \/>\n<meta property=\"article:modified_time\" content=\"2024-10-25T09:55:46+00:00\" \/>\n<meta property=\"og:image\" content=\"https:\/\/sonycenter.md\/wp-content\/uploads\/2018\/10\/pcma10.jpg\" \/>\n\t<meta property=\"og:image:width\" content=\"600\" \/>\n\t<meta property=\"og:image:height\" content=\"600\" \/>\n\t<meta property=\"og:image:type\" content=\"image\/jpeg\" \/>\n<meta name=\"twitter:card\" content=\"summary_large_image\" \/>\n<meta name=\"twitter:label1\" content=\"Est. reading time\" \/>\n\t<meta name=\"twitter:data1\" content=\"2 minutes\" \/>\n<script type=\"application\/ld+json\" class=\"yoast-schema-graph\">{\"@context\":\"https:\\\/\\\/schema.org\",\"@graph\":[{\"@type\":[\"WebPage\",\"ItemPage\"],\"@id\":\"https:\\\/\\\/sonycenter.md\\\/ro\\\/magazin\\\/pcma10\\\/\",\"url\":\"https:\\\/\\\/sonycenter.md\\\/ro\\\/magazin\\\/pcma10\\\/\",\"name\":\"Reportofon SONY PCM-A10 | Cumpara reportofon in Chisinau\",\"isPartOf\":{\"@id\":\"http:\\\/\\\/sonycenter.md\\\/ro\\\/#website\"},\"primaryImageOfPage\":{\"@id\":\"https:\\\/\\\/sonycenter.md\\\/ro\\\/magazin\\\/pcma10\\\/#primaryimage\"},\"image\":{\"@id\":\"https:\\\/\\\/sonycenter.md\\\/ro\\\/magazin\\\/pcma10\\\/#primaryimage\"},\"thumbnailUrl\":\"https:\\\/\\\/sonycenter.md\\\/wp-content\\\/uploads\\\/2018\\\/10\\\/pcma10.jpg\",\"datePublished\":\"2020-03-01T10:15:58+00:00\",\"dateModified\":\"2024-10-25T09:55:46+00:00\",\"description\":\"Cumpara reportofon SONY PCM-A10 in Chisinau | Comanda online reportofon cu microfoane stereo multidirectionale SONY cu livrare in Moldova\",\"breadcrumb\":{\"@id\":\"https:\\\/\\\/sonycenter.md\\\/ro\\\/magazin\\\/pcma10\\\/#breadcrumb\"},\"inLanguage\":\"ro-RO\",\"potentialAction\":[{\"@type\":\"ReadAction\",\"target\":[\"https:\\\/\\\/sonycenter.md\\\/ro\\\/magazin\\\/pcma10\\\/\"]}]},{\"@type\":\"ImageObject\",\"inLanguage\":\"ro-RO\",\"@id\":\"https:\\\/\\\/sonycenter.md\\\/ro\\\/magazin\\\/pcma10\\\/#primaryimage\",\"url\":\"https:\\\/\\\/sonycenter.md\\\/wp-content\\\/uploads\\\/2018\\\/10\\\/pcma10.jpg\",\"contentUrl\":\"https:\\\/\\\/sonycenter.md\\\/wp-content\\\/uploads\\\/2018\\\/10\\\/pcma10.jpg\",\"width\":600,\"height\":600,\"caption\":\"PCMA10\"},{\"@type\":\"BreadcrumbList\",\"@id\":\"https:\\\/\\\/sonycenter.md\\\/ro\\\/magazin\\\/pcma10\\\/#breadcrumb\",\"itemListElement\":[{\"@type\":\"ListItem\",\"position\":1,\"name\":\"\u0413\u043b\u0430\u0432\u043d\u0430\u044f \u0441\u0442\u0440\u0430\u043d\u0438\u0446\u0430\",\"item\":\"https:\\\/\\\/sonycenter.md\\\/ro\\\/\"},{\"@type\":\"ListItem\",\"position\":2,\"name\":\"Magazin\",\"item\":\"https:\\\/\\\/sonycenter.md\\\/shop\\\/\"},{\"@type\":\"ListItem\",\"position\":3,\"name\":\"PCMA10\"}]},{\"@type\":\"WebSite\",\"@id\":\"http:\\\/\\\/sonycenter.md\\\/ro\\\/#website\",\"url\":\"http:\\\/\\\/sonycenter.md\\\/ro\\\/\",\"name\":\"sonycenter.md\",\"description\":\"SONYCENTER \u00een Chi\u0219in\u0103u\",\"publisher\":{\"@id\":\"http:\\\/\\\/sonycenter.md\\\/ro\\\/#organization\"},\"potentialAction\":[{\"@type\":\"SearchAction\",\"target\":{\"@type\":\"EntryPoint\",\"urlTemplate\":\"http:\\\/\\\/sonycenter.md\\\/ro\\\/?s={search_term_string}\"},\"query-input\":{\"@type\":\"PropertyValueSpecification\",\"valueRequired\":true,\"valueName\":\"search_term_string\"}}],\"inLanguage\":\"ro-RO\"},{\"@type\":\"Organization\",\"@id\":\"http:\\\/\\\/sonycenter.md\\\/ro\\\/#organization\",\"name\":\"sonycenter.md\",\"url\":\"http:\\\/\\\/sonycenter.md\\\/ro\\\/\",\"logo\":{\"@type\":\"ImageObject\",\"inLanguage\":\"ro-RO\",\"@id\":\"http:\\\/\\\/sonycenter.md\\\/ro\\\/#\\\/schema\\\/logo\\\/image\\\/\",\"url\":\"\",\"contentUrl\":\"\",\"caption\":\"sonycenter.md\"},\"image\":{\"@id\":\"http:\\\/\\\/sonycenter.md\\\/ro\\\/#\\\/schema\\\/logo\\\/image\\\/\"}}]}<\/script>\n<!-- \/ Yoast SEO plugin. -->","yoast_head_json":{"title":"Reportofon SONY PCM-A10 | Cumpara reportofon in Chisinau","description":"Cumpara reportofon SONY PCM-A10 in Chisinau | Comanda online reportofon cu microfoane stereo multidirectionale SONY cu livrare in Moldova","robots":{"index":"index","follow":"follow","max-snippet":"max-snippet:-1","max-image-preview":"max-image-preview:large","max-video-preview":"max-video-preview:-1"},"canonical":"https:\/\/sonycenter.md\/ro\/magazin\/pcma10\/","og_locale":"ro_RO","og_type":"article","og_title":"Reportofon SONY PCM-A10 | Cumpara reportofon in Chisinau","og_description":"Cumpara reportofon SONY PCM-A10 in Chisinau | Comanda online reportofon cu microfoane stereo multidirectionale SONY cu livrare in Moldova","og_url":"https:\/\/sonycenter.md\/ro\/magazin\/pcma10\/","og_site_name":"SONY","article_modified_time":"2024-10-25T09:55:46+00:00","og_image":[{"width":600,"height":600,"url":"https:\/\/sonycenter.md\/wp-content\/uploads\/2018\/10\/pcma10.jpg","type":"image\/jpeg"}],"twitter_card":"summary_large_image","twitter_misc":{"Est. reading time":"2 minutes"},"schema":{"@context":"https:\/\/schema.org","@graph":[{"@type":["WebPage","ItemPage"],"@id":"https:\/\/sonycenter.md\/ro\/magazin\/pcma10\/","url":"https:\/\/sonycenter.md\/ro\/magazin\/pcma10\/","name":"Reportofon SONY PCM-A10 | Cumpara reportofon in Chisinau","isPartOf":{"@id":"https:\/\/sonycenter.md\/ro\/#website"},"primaryImageOfPage":{"@id":"https:\/\/sonycenter.md\/ro\/magazin\/pcma10\/#primaryimage"},"image":{"@id":"https:\/\/sonycenter.md\/ro\/magazin\/pcma10\/#primaryimage"},"thumbnailUrl":"https:\/\/sonycenter.md\/wp-content\/uploads\/2018\/10\/pcma10.jpg","datePublished":"2020-03-01T10:15:58+00:00","dateModified":"2024-10-25T09:55:46+00:00","description":"Cumpara reportofon SONY PCM-A10 in Chisinau | Comanda online reportofon cu microfoane stereo multidirectionale SONY cu livrare in Moldova","breadcrumb":{"@id":"https:\/\/sonycenter.md\/ro\/magazin\/pcma10\/#breadcrumb"},"inLanguage":"ro-RO","potentialAction":[{"@type":"ReadAction","target":["https:\/\/sonycenter.md\/ro\/magazin\/pcma10\/"]}]},{"@type":"ImageObject","inLanguage":"ro-RO","@id":"https:\/\/sonycenter.md\/ro\/magazin\/pcma10\/#primaryimage","url":"https:\/\/sonycenter.md\/wp-content\/uploads\/2018\/10\/pcma10.jpg","contentUrl":"https:\/\/sonycenter.md\/wp-content\/uploads\/2018\/10\/pcma10.jpg","width":600,"height":600,"caption":"PCMA10"},{"@type":"BreadcrumbList","@id":"https:\/\/sonycenter.md\/ro\/magazin\/pcma10\/#breadcrumb","itemListElement":[{"@type":"ListItem","position":1,"name":"\u0413\u043b\u0430\u0432\u043d\u0430\u044f \u0441\u0442\u0440\u0430\u043d\u0438\u0446\u0430","item":"https:\/\/sonycenter.md\/ro\/"},{"@type":"ListItem","position":2,"name":"Magazin","item":"https:\/\/sonycenter.md\/shop\/"},{"@type":"ListItem","position":3,"name":"PCMA10"}]},{"@type":"WebSite","@id":"https:\/\/sonycenter.md\/ro\/#website","url":"https:\/\/sonycenter.md\/ro\/","name":"sonycenter.md","description":"SONYCENTER \u00een Chi\u0219in\u0103u","publisher":{"@id":"https:\/\/sonycenter.md\/ro\/#organization"},"potentialAction":[{"@type":"SearchAction","target":{"@type":"EntryPoint","urlTemplate":"https:\/\/sonycenter.md\/ro\/?s={search_term_string}"},"query-input":{"@type":"PropertyValueSpecification","valueRequired":true,"valueName":"search_term_string"}}],"inLanguage":"ro-RO"},{"@type":"Organization","@id":"https:\/\/sonycenter.md\/ro\/#organization","name":"sonycenter.md","url":"https:\/\/sonycenter.md\/ro\/","logo":{"@type":"ImageObject","inLanguage":"ro-RO","@id":"https:\/\/sonycenter.md\/ro\/#\/schema\/logo\/image\/","url":"","contentUrl":"","caption":"sonycenter.md"},"image":{"@id":"https:\/\/sonycenter.md\/ro\/#\/schema\/logo\/image\/"}}]}},"_links":{"self":[{"href":"https:\/\/sonycenter.md\/ro\/wp-json\/wp\/v2\/product\/17494","targetHints":{"allow":["GET"]}}],"collection":[{"href":"https:\/\/sonycenter.md\/ro\/wp-json\/wp\/v2\/product"}],"about":[{"href":"https:\/\/sonycenter.md\/ro\/wp-json\/wp\/v2\/types\/product"}],"replies":[{"embeddable":true,"href":"https:\/\/sonycenter.md\/ro\/wp-json\/wp\/v2\/comments?post=17494"}],"wp:featuredmedia":[{"embeddable":true,"href":"https:\/\/sonycenter.md\/ro\/wp-json\/wp\/v2\/media\/18148"}],"wp:attachment":[{"href":"https:\/\/sonycenter.md\/ro\/wp-json\/wp\/v2\/media?parent=17494"}],"wp:term":[{"taxonomy":"product_brand","embeddable":true,"href":"https:\/\/sonycenter.md\/ro\/wp-json\/wp\/v2\/product_brand?post=17494"},{"taxonomy":"product_cat","embeddable":true,"href":"https:\/\/sonycenter.md\/ro\/wp-json\/wp\/v2\/product_cat?post=17494"},{"taxonomy":"product_tag","embeddable":true,"href":"https:\/\/sonycenter.md\/ro\/wp-json\/wp\/v2\/product_tag?post=17494"}],"curies":[{"name":"wp","href":"https:\/\/api.w.org\/{rel}","templated":true}]}}