{"id":17508,"date":"2020-03-01T12:16:07","date_gmt":"2020-03-01T10:16:07","guid":{"rendered":"https:\/\/sonycenter.md\/shop\/import-placeholder-for-7431\/"},"modified":"2025-10-04T15:47:32","modified_gmt":"2025-10-04T12:47:32","slug":"sel24240","status":"publish","type":"product","link":"https:\/\/sonycenter.md\/ro\/magazin\/sel24240\/","title":{"rendered":"SEL24240"},"content":{"rendered":"<p><span style=\"color: #000000;\">Specifica\u021bii suplimentare pentru obiectiv zoom SONY SEL24240 :<\/span><\/p>\n<div class=\"spec-tile span4 shuffle-item filtered\">\n<figure><span style=\"color: #000000;\"><img decoding=\"async\" class=\"iq-img\" src=\"https:\/\/www.sony.ro\/image\/b79f37454a215bc5bff4b738022c23be?fmt=jpeg&amp;wid=378&amp;qlt=85\" alt=\"Imagine cu OSS F3,5-6,3 FE, de 24-240 mm\" data-src-phone-highres=\"\/\/www.sony.ro\/image\/b79f37454a215bc5bff4b738022c23be?fmt=jpeg&amp;wid=756\" data-src-desktop=\"\/\/www.sony.ro\/image\/b79f37454a215bc5bff4b738022c23be?fmt=jpeg&amp;wid=378\" data-src-tablet-highres=\"\/\/www.sony.ro\/image\/b79f37454a215bc5bff4b738022c23be?fmt=jpeg&amp;wid=756\" data-id=\"img_b79f37454a215bc5bff4b738022c23be\" data-src-phone=\"\/\/www.sony.ro\/image\/b79f37454a215bc5bff4b738022c23be?fmt=jpeg&amp;wid=378\" data-src-tablet=\"\/\/www.sony.ro\/image\/b79f37454a215bc5bff4b738022c23be?fmt=jpeg&amp;wid=378\" data-src-desktop-highres=\"\/\/www.sony.ro\/image\/b79f37454a215bc5bff4b738022c23be?fmt=jpeg&amp;wid=756\" data-pushed=\"true\" data-current=\"\/\/www.sony.ro\/image\/b79f37454a215bc5bff4b738022c23be?fmt=jpeg&amp;wid=378\" data-hasloaded=\"true\" data-fadeonce=\"true\" \/><\/span><\/figure>\n<div class=\"tile-content\">\n<h3 class=\"t6 tile-title\"><span style=\"color: #000000;\">24 mm accentueaz\u0103 impactul vizual al cadrului Full Frame<\/span><\/h3>\n<p class=\"p3\"><span style=\"color: #000000;\">Acest obiectiv are un unghi mai mare dec\u00e2t majoritatea obiectivelor de acest tip, cu un cap\u0103t superangular de 24 mm care face cu adev\u0103rat diferen\u0163a \u00een formatul Full Frame. 24 mm \u00eenseamn\u0103 perspective mai dinamice pentru peisaje, arhitectur\u0103, fotografii de interior \u015fi o multitudine de alte subiecte. Rezolu\u0163ia excelent\u0103 este men\u0163inut\u0103 pe \u00eentreaga suprafa\u0163\u0103 a imaginii, la toate distan\u0163ele focale.<\/span><\/p>\n<hr \/>\n<\/div>\n<\/div>\n<div class=\"spec-tile span4 shuffle-item filtered\">\n<figure><span style=\"color: #000000;\"><img decoding=\"async\" class=\"iq-img\" src=\"https:\/\/www.sony.ro\/image\/044bf6760a91af2fc2d4462217c86063?fmt=jpeg&amp;wid=378&amp;qlt=85\" alt=\"Imagine cu OSS F3,5-6,3 FE, de 24-240 mm\" data-src-phone-highres=\"\/\/www.sony.ro\/image\/044bf6760a91af2fc2d4462217c86063?fmt=jpeg&amp;wid=756\" data-src-desktop=\"\/\/www.sony.ro\/image\/044bf6760a91af2fc2d4462217c86063?fmt=jpeg&amp;wid=378\" data-src-tablet-highres=\"\/\/www.sony.ro\/image\/044bf6760a91af2fc2d4462217c86063?fmt=jpeg&amp;wid=756\" data-id=\"img_044bf6760a91af2fc2d4462217c86063\" data-src-phone=\"\/\/www.sony.ro\/image\/044bf6760a91af2fc2d4462217c86063?fmt=jpeg&amp;wid=378\" data-src-tablet=\"\/\/www.sony.ro\/image\/044bf6760a91af2fc2d4462217c86063?fmt=jpeg&amp;wid=378\" data-src-desktop-highres=\"\/\/www.sony.ro\/image\/044bf6760a91af2fc2d4462217c86063?fmt=jpeg&amp;wid=756\" data-pushed=\"true\" data-current=\"\/\/www.sony.ro\/image\/044bf6760a91af2fc2d4462217c86063?fmt=jpeg&amp;wid=378\" data-hasloaded=\"true\" data-fadeonce=\"true\" \/><\/span><\/figure>\n<div class=\"tile-content\">\n<h3 class=\"t6 tile-title\"><span style=\"color: #000000;\">Zoomul 10x surprinde subiec\u0163ii apropia\u0163i sau afla\u0163i la distan\u0163\u0103<\/span><\/h3>\n<p class=\"p3\"><span style=\"color: #000000;\">24 mm la 240 mm acoper\u0103 o mare varietate de cerin\u0163e \u00een materie de fotografie. Este o solu\u0163ie cu mai multe obiective \u00eentr-unul singur, care reduce spa\u0163iul atunci c\u00e2nd c\u0103l\u0103tori\u0163i \u015fi le maximizeaz\u0103 eficien\u0163a la evenimente aglomerate. Deplasa\u0163i-v\u0103 aproape de subiect \u015fi utiliza\u0163i cap\u0103tul de teleobiectiv al intervalului pentru a crea o perspectiv\u0103 impresionant\u0103 cu efect bokeh natural pentru subiecte precum flori sau fotografie general\u0103.<\/span><\/p>\n<hr \/>\n<\/div>\n<\/div>\n<div class=\"spec-tile span4 shuffle-item filtered\">\n<figure><span style=\"color: #000000;\"><img decoding=\"async\" class=\"iq-img\" src=\"https:\/\/www.sony.ro\/image\/206683a31e87714303436bfe75d19b4d?fmt=jpeg&amp;wid=378&amp;qlt=85\" alt=\"Imagine cu OSS F3,5-6,3 FE, de 24-240 mm\" data-src-phone-highres=\"\/\/www.sony.ro\/image\/206683a31e87714303436bfe75d19b4d?fmt=jpeg&amp;wid=756\" data-src-desktop=\"\/\/www.sony.ro\/image\/206683a31e87714303436bfe75d19b4d?fmt=jpeg&amp;wid=378\" data-src-tablet-highres=\"\/\/www.sony.ro\/image\/206683a31e87714303436bfe75d19b4d?fmt=jpeg&amp;wid=756\" data-id=\"img_206683a31e87714303436bfe75d19b4d\" data-src-phone=\"\/\/www.sony.ro\/image\/206683a31e87714303436bfe75d19b4d?fmt=jpeg&amp;wid=378\" data-src-tablet=\"\/\/www.sony.ro\/image\/206683a31e87714303436bfe75d19b4d?fmt=jpeg&amp;wid=378\" data-src-desktop-highres=\"\/\/www.sony.ro\/image\/206683a31e87714303436bfe75d19b4d?fmt=jpeg&amp;wid=756\" data-pushed=\"true\" data-current=\"\/\/www.sony.ro\/image\/206683a31e87714303436bfe75d19b4d?fmt=jpeg&amp;wid=378\" data-hasloaded=\"true\" data-fadeonce=\"true\" \/><\/span><\/figure>\n<div class=\"tile-content\">\n<h3 class=\"t6 tile-title\"><span style=\"color: #000000;\">Rezolu\u0163ie ridicat\u0103 pe \u00eentregul interval de zoom<\/span><\/h3>\n<p class=\"p3\"><span style=\"color: #000000;\">Cinci elemente asferice \u015fi un element din sticl\u0103 ED \u00eentr-un obiectiv compact contribuie la atingerea unei performan\u0163e de \u00eenalt\u0103 calitate, la 24 mm. Toate tipurile de erori au fost eliminate eficient, iar \u00eenalta rezolu\u0163ie este ob\u0163inut\u0103 pe \u00eentreaga suprafa\u0163\u0103 a imaginii. Un motor liniar avansat ac\u0163ioneaz\u0103 mecanismul de focalizare, pentru un r\u0103spuns rapid, uniform pe \u00eentregul interval de zoom.<\/span><\/p>\n<hr \/>\n<\/div>\n<\/div>\n<div class=\"spec-tile span4 shuffle-item filtered\">\n<figure><span style=\"color: #000000;\"><img decoding=\"async\" class=\"iq-img\" src=\"https:\/\/www.sony.ro\/image\/909a986a0930f699d73ec39d53db2eff?fmt=jpeg&amp;wid=378&amp;qlt=85\" alt=\"Imagine cu OSS F3,5-6,3 FE, de 24-240 mm\" data-src-phone-highres=\"\/\/www.sony.ro\/image\/909a986a0930f699d73ec39d53db2eff?fmt=jpeg&amp;wid=756\" data-src-desktop=\"\/\/www.sony.ro\/image\/909a986a0930f699d73ec39d53db2eff?fmt=jpeg&amp;wid=378\" data-src-tablet-highres=\"\/\/www.sony.ro\/image\/909a986a0930f699d73ec39d53db2eff?fmt=jpeg&amp;wid=756\" data-id=\"img_909a986a0930f699d73ec39d53db2eff\" data-src-phone=\"\/\/www.sony.ro\/image\/909a986a0930f699d73ec39d53db2eff?fmt=jpeg&amp;wid=378\" data-src-tablet=\"\/\/www.sony.ro\/image\/909a986a0930f699d73ec39d53db2eff?fmt=jpeg&amp;wid=378\" data-src-desktop-highres=\"\/\/www.sony.ro\/image\/909a986a0930f699d73ec39d53db2eff?fmt=jpeg&amp;wid=756\" data-pushed=\"true\" data-current=\"\/\/www.sony.ro\/image\/909a986a0930f699d73ec39d53db2eff?fmt=jpeg&amp;wid=378\" data-hasloaded=\"true\" data-fadeonce=\"true\" \/><\/span><\/figure>\n<div class=\"tile-content\">\n<h3 class=\"t6 tile-title\"><span style=\"color: #000000;\">Imagini impresionante indiferent de lumin\u0103<\/span><\/h3>\n<p class=\"p3\"><span style=\"color: #000000;\">Sistemul integrat de stabilizare optic\u0103 a imaginii SteadyShot\u2122 (OSS) faciliteaz\u0103 capturarea de imagini clare atunci c\u00e2nd fotografia\u0163i cu camera \u00een m\u00e2n\u0103 la cap\u0103tul intervalului de zoom, \u00een condi\u0163ii de interior iluminat sau atunci c\u00e2nd fotografia\u0163i scene nocturne.<\/span><\/p>\n<hr \/>\n<\/div>\n<\/div>\n<div class=\"spec-tile span4 shuffle-item filtered\">\n<figure><span style=\"color: #000000;\"><img decoding=\"async\" class=\"iq-img\" src=\"https:\/\/www.sony.ro\/image\/f088c3e1fbf73ce0d50e05892aa827f7?fmt=jpeg&amp;wid=378&amp;qlt=85\" alt=\"Imagine cu OSS F3,5-6,3 FE, de 24-240 mm\" data-src-phone-highres=\"\/\/www.sony.ro\/image\/f088c3e1fbf73ce0d50e05892aa827f7?fmt=jpeg&amp;wid=756\" data-src-desktop=\"\/\/www.sony.ro\/image\/f088c3e1fbf73ce0d50e05892aa827f7?fmt=jpeg&amp;wid=378\" data-src-tablet-highres=\"\/\/www.sony.ro\/image\/f088c3e1fbf73ce0d50e05892aa827f7?fmt=jpeg&amp;wid=756\" data-id=\"img_f088c3e1fbf73ce0d50e05892aa827f7\" data-src-phone=\"\/\/www.sony.ro\/image\/f088c3e1fbf73ce0d50e05892aa827f7?fmt=jpeg&amp;wid=378\" data-src-tablet=\"\/\/www.sony.ro\/image\/f088c3e1fbf73ce0d50e05892aa827f7?fmt=jpeg&amp;wid=378\" data-src-desktop-highres=\"\/\/www.sony.ro\/image\/f088c3e1fbf73ce0d50e05892aa827f7?fmt=jpeg&amp;wid=756\" data-pushed=\"true\" data-current=\"\/\/www.sony.ro\/image\/f088c3e1fbf73ce0d50e05892aa827f7?fmt=jpeg&amp;wid=378\" data-hasloaded=\"true\" data-fadeonce=\"true\" \/><\/span><\/figure>\n<div class=\"tile-content\">\n<h3 class=\"t6 tile-title\"><span style=\"color: #000000;\">Fiabilitate ridicat\u0103 \u00een condi\u0163ii dificile<\/span><\/h3>\n<p class=\"p3\"><span style=\"color: #000000;\">Un design rezistent la p\u0103trunderea prafului \u015fi a umezelii contribuie la asigurarea func\u0163ion\u0103rii fiabile \u00een condi\u0163ii dificile \u00een aer liber. Fotografia\u0163i cu \u00eencredere \u00een condi\u0163ii de ploaie u\u015foar\u0103 sau v\u00e2nt.<\/span><\/p>\n<\/div>\n<\/div>\n","protected":false},"excerpt":{"rendered":"<ul>\n<li lang=\"ru-RU\"><span style=\"color: #000000;\">SONY FE 24-240mm F3.5-6.3 OSS<\/span><\/li>\n<li><span style=\"color: #000000;\">Baioneta : SONY E-Mount<\/span><\/li>\n<li><span style=\"color: #000000;\">Format : Full Frame , 35 mm<\/span><\/li>\n<li><span style=\"color: #000000;\">Distan\u021b\u0103 focal\u0103 : f=24-240 mm<\/span><\/li>\n<li><span style=\"color: #000000;\">Valoarea maxim\u0103 a diafragmei : F3.5-6.3<\/span><\/li>\n<li><span style=\"color: #000000;\">Valoarea minim\u0103 a diafragmei : F22-40<\/span><\/li>\n<li><span style=\"color: #000000;\">Lamele diafragmei : 7<\/span><\/li>\n<li><span style=\"color: #000000;\">Stabilizare integrat\u0103 : Da<\/span><\/li>\n<li><span style=\"color: #000000;\">Distan\u021ba minim\u0103 de focalizare : 0,5 m<\/span><\/li>\n<li><span style=\"color: #000000;\">Diametru filtru : 72<\/span><\/li>\n<li><span style=\"color: #000000;\">Dimensiuni : 80,5 x 118,5 mm<\/span><\/li>\n<li><span style=\"color: #000000;\">Greutate : 780 g<\/span><\/li>\n<li><span style=\"color: #000000;\">Con\u021binului cutiei : parasolar, capacul din spate \u0219i din fa\u021b\u0103<\/span><\/li>\n<li><span style=\"color: #000000;\">Garan\u021bie de firm\u0103 : 2 ani<\/span><\/li>\n<\/ul>\n","protected":false},"featured_media":31791,"comment_status":"open","ping_status":"closed","template":"","meta":[],"product_brand":[],"product_cat":[899],"product_tag":[],"class_list":{"0":"post-17508","1":"product","2":"type-product","3":"status-publish","4":"has-post-thumbnail","6":"product_cat-obiective-zoom","8":"first","9":"outofstock","10":"sale","11":"shipping-taxable","12":"purchasable","13":"product-type-simple"},"yoast_head":"<!-- This site is optimized with the Yoast SEO plugin v27.4 - https:\/\/yoast.com\/product\/yoast-seo-wordpress\/ -->\n<title>SONY SEL24240 | sonycenter.md<\/title>\n<meta name=\"description\" content=\"SONY SEL24240 | SONY FE 24-240mm F3.5-6.3 OSS | Chi\u0219in\u0103u\" \/>\n<meta name=\"robots\" content=\"index, follow, max-snippet:-1, max-image-preview:large, max-video-preview:-1\" \/>\n<link rel=\"canonical\" href=\"https:\/\/sonycenter.md\/ro\/magazin\/sel24240\/\" \/>\n<meta property=\"og:locale\" content=\"ro_RO\" \/>\n<meta property=\"og:type\" content=\"article\" \/>\n<meta property=\"og:title\" content=\"SONY SEL24240 | sonycenter.md\" \/>\n<meta property=\"og:description\" content=\"SONY SEL24240 | SONY FE 24-240mm F3.5-6.3 OSS | Chi\u0219in\u0103u\" \/>\n<meta property=\"og:url\" content=\"https:\/\/sonycenter.md\/ro\/magazin\/sel24240\/\" \/>\n<meta property=\"og:site_name\" content=\"SONY\" \/>\n<meta property=\"article:modified_time\" content=\"2025-10-04T12:47:32+00:00\" \/>\n<meta property=\"og:image\" content=\"https:\/\/sonycenter.md\/wp-content\/uploads\/2020\/03\/sel24240-1.jpg\" \/>\n\t<meta property=\"og:image:width\" content=\"600\" \/>\n\t<meta property=\"og:image:height\" content=\"600\" \/>\n\t<meta property=\"og:image:type\" content=\"image\/jpeg\" \/>\n<meta name=\"twitter:card\" content=\"summary_large_image\" \/>\n<meta name=\"twitter:label1\" content=\"Est. reading time\" \/>\n\t<meta name=\"twitter:data1\" content=\"3 minutes\" \/>\n<script type=\"application\/ld+json\" class=\"yoast-schema-graph\">{\"@context\":\"https:\\\/\\\/schema.org\",\"@graph\":[{\"@type\":[\"WebPage\",\"ItemPage\"],\"@id\":\"https:\\\/\\\/sonycenter.md\\\/ro\\\/magazin\\\/sel24240\\\/\",\"url\":\"https:\\\/\\\/sonycenter.md\\\/ro\\\/magazin\\\/sel24240\\\/\",\"name\":\"SONY SEL24240 | sonycenter.md\",\"isPartOf\":{\"@id\":\"http:\\\/\\\/sonycenter.md\\\/ro\\\/#website\"},\"primaryImageOfPage\":{\"@id\":\"https:\\\/\\\/sonycenter.md\\\/ro\\\/magazin\\\/sel24240\\\/#primaryimage\"},\"image\":{\"@id\":\"https:\\\/\\\/sonycenter.md\\\/ro\\\/magazin\\\/sel24240\\\/#primaryimage\"},\"thumbnailUrl\":\"https:\\\/\\\/sonycenter.md\\\/wp-content\\\/uploads\\\/2020\\\/03\\\/sel24240-1.jpg\",\"datePublished\":\"2020-03-01T10:16:07+00:00\",\"dateModified\":\"2025-10-04T12:47:32+00:00\",\"description\":\"SONY SEL24240 | SONY FE 24-240mm F3.5-6.3 OSS | Chi\u0219in\u0103u\",\"breadcrumb\":{\"@id\":\"https:\\\/\\\/sonycenter.md\\\/ro\\\/magazin\\\/sel24240\\\/#breadcrumb\"},\"inLanguage\":\"ro-RO\",\"potentialAction\":[{\"@type\":\"ReadAction\",\"target\":[\"https:\\\/\\\/sonycenter.md\\\/ro\\\/magazin\\\/sel24240\\\/\"]}]},{\"@type\":\"ImageObject\",\"inLanguage\":\"ro-RO\",\"@id\":\"https:\\\/\\\/sonycenter.md\\\/ro\\\/magazin\\\/sel24240\\\/#primaryimage\",\"url\":\"https:\\\/\\\/sonycenter.md\\\/wp-content\\\/uploads\\\/2020\\\/03\\\/sel24240-1.jpg\",\"contentUrl\":\"https:\\\/\\\/sonycenter.md\\\/wp-content\\\/uploads\\\/2020\\\/03\\\/sel24240-1.jpg\",\"width\":600,\"height\":600,\"caption\":\"SEL24240\"},{\"@type\":\"BreadcrumbList\",\"@id\":\"https:\\\/\\\/sonycenter.md\\\/ro\\\/magazin\\\/sel24240\\\/#breadcrumb\",\"itemListElement\":[{\"@type\":\"ListItem\",\"position\":1,\"name\":\"\u0413\u043b\u0430\u0432\u043d\u0430\u044f \u0441\u0442\u0440\u0430\u043d\u0438\u0446\u0430\",\"item\":\"https:\\\/\\\/sonycenter.md\\\/ro\\\/\"},{\"@type\":\"ListItem\",\"position\":2,\"name\":\"Magazin\",\"item\":\"https:\\\/\\\/sonycenter.md\\\/shop\\\/\"},{\"@type\":\"ListItem\",\"position\":3,\"name\":\"SEL24240\"}]},{\"@type\":\"WebSite\",\"@id\":\"http:\\\/\\\/sonycenter.md\\\/ro\\\/#website\",\"url\":\"http:\\\/\\\/sonycenter.md\\\/ro\\\/\",\"name\":\"sonycenter.md\",\"description\":\"SONYCENTER \u00een Chi\u0219in\u0103u\",\"publisher\":{\"@id\":\"http:\\\/\\\/sonycenter.md\\\/ro\\\/#organization\"},\"potentialAction\":[{\"@type\":\"SearchAction\",\"target\":{\"@type\":\"EntryPoint\",\"urlTemplate\":\"http:\\\/\\\/sonycenter.md\\\/ro\\\/?s={search_term_string}\"},\"query-input\":{\"@type\":\"PropertyValueSpecification\",\"valueRequired\":true,\"valueName\":\"search_term_string\"}}],\"inLanguage\":\"ro-RO\"},{\"@type\":\"Organization\",\"@id\":\"http:\\\/\\\/sonycenter.md\\\/ro\\\/#organization\",\"name\":\"sonycenter.md\",\"url\":\"http:\\\/\\\/sonycenter.md\\\/ro\\\/\",\"logo\":{\"@type\":\"ImageObject\",\"inLanguage\":\"ro-RO\",\"@id\":\"http:\\\/\\\/sonycenter.md\\\/ro\\\/#\\\/schema\\\/logo\\\/image\\\/\",\"url\":\"\",\"contentUrl\":\"\",\"caption\":\"sonycenter.md\"},\"image\":{\"@id\":\"http:\\\/\\\/sonycenter.md\\\/ro\\\/#\\\/schema\\\/logo\\\/image\\\/\"}}]}<\/script>\n<!-- \/ Yoast SEO plugin. -->","yoast_head_json":{"title":"SONY SEL24240 | sonycenter.md","description":"SONY SEL24240 | SONY FE 24-240mm F3.5-6.3 OSS | Chi\u0219in\u0103u","robots":{"index":"index","follow":"follow","max-snippet":"max-snippet:-1","max-image-preview":"max-image-preview:large","max-video-preview":"max-video-preview:-1"},"canonical":"https:\/\/sonycenter.md\/ro\/magazin\/sel24240\/","og_locale":"ro_RO","og_type":"article","og_title":"SONY SEL24240 | sonycenter.md","og_description":"SONY SEL24240 | SONY FE 24-240mm F3.5-6.3 OSS | Chi\u0219in\u0103u","og_url":"https:\/\/sonycenter.md\/ro\/magazin\/sel24240\/","og_site_name":"SONY","article_modified_time":"2025-10-04T12:47:32+00:00","og_image":[{"width":600,"height":600,"url":"https:\/\/sonycenter.md\/wp-content\/uploads\/2020\/03\/sel24240-1.jpg","type":"image\/jpeg"}],"twitter_card":"summary_large_image","twitter_misc":{"Est. reading time":"3 minutes"},"schema":{"@context":"https:\/\/schema.org","@graph":[{"@type":["WebPage","ItemPage"],"@id":"https:\/\/sonycenter.md\/ro\/magazin\/sel24240\/","url":"https:\/\/sonycenter.md\/ro\/magazin\/sel24240\/","name":"SONY SEL24240 | sonycenter.md","isPartOf":{"@id":"https:\/\/sonycenter.md\/ro\/#website"},"primaryImageOfPage":{"@id":"https:\/\/sonycenter.md\/ro\/magazin\/sel24240\/#primaryimage"},"image":{"@id":"https:\/\/sonycenter.md\/ro\/magazin\/sel24240\/#primaryimage"},"thumbnailUrl":"https:\/\/sonycenter.md\/wp-content\/uploads\/2020\/03\/sel24240-1.jpg","datePublished":"2020-03-01T10:16:07+00:00","dateModified":"2025-10-04T12:47:32+00:00","description":"SONY SEL24240 | SONY FE 24-240mm F3.5-6.3 OSS | Chi\u0219in\u0103u","breadcrumb":{"@id":"https:\/\/sonycenter.md\/ro\/magazin\/sel24240\/#breadcrumb"},"inLanguage":"ro-RO","potentialAction":[{"@type":"ReadAction","target":["https:\/\/sonycenter.md\/ro\/magazin\/sel24240\/"]}]},{"@type":"ImageObject","inLanguage":"ro-RO","@id":"https:\/\/sonycenter.md\/ro\/magazin\/sel24240\/#primaryimage","url":"https:\/\/sonycenter.md\/wp-content\/uploads\/2020\/03\/sel24240-1.jpg","contentUrl":"https:\/\/sonycenter.md\/wp-content\/uploads\/2020\/03\/sel24240-1.jpg","width":600,"height":600,"caption":"SEL24240"},{"@type":"BreadcrumbList","@id":"https:\/\/sonycenter.md\/ro\/magazin\/sel24240\/#breadcrumb","itemListElement":[{"@type":"ListItem","position":1,"name":"\u0413\u043b\u0430\u0432\u043d\u0430\u044f \u0441\u0442\u0440\u0430\u043d\u0438\u0446\u0430","item":"https:\/\/sonycenter.md\/ro\/"},{"@type":"ListItem","position":2,"name":"Magazin","item":"https:\/\/sonycenter.md\/shop\/"},{"@type":"ListItem","position":3,"name":"SEL24240"}]},{"@type":"WebSite","@id":"https:\/\/sonycenter.md\/ro\/#website","url":"https:\/\/sonycenter.md\/ro\/","name":"sonycenter.md","description":"SONYCENTER \u00een Chi\u0219in\u0103u","publisher":{"@id":"https:\/\/sonycenter.md\/ro\/#organization"},"potentialAction":[{"@type":"SearchAction","target":{"@type":"EntryPoint","urlTemplate":"https:\/\/sonycenter.md\/ro\/?s={search_term_string}"},"query-input":{"@type":"PropertyValueSpecification","valueRequired":true,"valueName":"search_term_string"}}],"inLanguage":"ro-RO"},{"@type":"Organization","@id":"https:\/\/sonycenter.md\/ro\/#organization","name":"sonycenter.md","url":"https:\/\/sonycenter.md\/ro\/","logo":{"@type":"ImageObject","inLanguage":"ro-RO","@id":"https:\/\/sonycenter.md\/ro\/#\/schema\/logo\/image\/","url":"","contentUrl":"","caption":"sonycenter.md"},"image":{"@id":"https:\/\/sonycenter.md\/ro\/#\/schema\/logo\/image\/"}}]}},"_links":{"self":[{"href":"https:\/\/sonycenter.md\/ro\/wp-json\/wp\/v2\/product\/17508","targetHints":{"allow":["GET"]}}],"collection":[{"href":"https:\/\/sonycenter.md\/ro\/wp-json\/wp\/v2\/product"}],"about":[{"href":"https:\/\/sonycenter.md\/ro\/wp-json\/wp\/v2\/types\/product"}],"replies":[{"embeddable":true,"href":"https:\/\/sonycenter.md\/ro\/wp-json\/wp\/v2\/comments?post=17508"}],"wp:featuredmedia":[{"embeddable":true,"href":"https:\/\/sonycenter.md\/ro\/wp-json\/wp\/v2\/media\/31791"}],"wp:attachment":[{"href":"https:\/\/sonycenter.md\/ro\/wp-json\/wp\/v2\/media?parent=17508"}],"wp:term":[{"taxonomy":"product_brand","embeddable":true,"href":"https:\/\/sonycenter.md\/ro\/wp-json\/wp\/v2\/product_brand?post=17508"},{"taxonomy":"product_cat","embeddable":true,"href":"https:\/\/sonycenter.md\/ro\/wp-json\/wp\/v2\/product_cat?post=17508"},{"taxonomy":"product_tag","embeddable":true,"href":"https:\/\/sonycenter.md\/ro\/wp-json\/wp\/v2\/product_tag?post=17508"}],"curies":[{"name":"wp","href":"https:\/\/api.w.org\/{rel}","templated":true}]}}