{"id":17510,"date":"2020-03-01T12:16:07","date_gmt":"2020-03-01T10:16:07","guid":{"rendered":"https:\/\/sonycenter.md\/shop\/import-placeholder-for-7436\/"},"modified":"2025-08-12T11:32:19","modified_gmt":"2025-08-12T08:32:19","slug":"sel35f14z","status":"publish","type":"product","link":"https:\/\/sonycenter.md\/ro\/magazin\/sel35f14z\/","title":{"rendered":"SEL35F14Z"},"content":{"rendered":"<p><span style=\"color: #000000;\">Specifica\u021bii complete pentru <span style=\"color: #0000ff;\"><a style=\"color: #0000ff;\" href=\"https:\/\/sonycenter.md\/ro\/category\/accesorii-foto-video\/obiective\/obiective-fixe\/\">obiectivul fix<\/a><\/span> SONY FE 35mm F1.4 ZA :<\/span><\/p>\n<div class=\"spec-tile span4 shuffle-item filtered\">\n<figure><span style=\"color: #000000;\"><img decoding=\"async\" class=\"iq-img\" src=\"https:\/\/www.sony.ro\/image\/b8ca666e085cd314d1c6afcc86b4fd89?fmt=jpeg&amp;wid=378&amp;qlt=85\" alt=\"Imagine cu Obiectiv Distagon T * FE F1,4 ZA, de 35 mm\" data-src-phone-highres=\"\/\/www.sony.ro\/image\/b8ca666e085cd314d1c6afcc86b4fd89?fmt=jpeg&amp;wid=756\" data-src-desktop=\"\/\/www.sony.ro\/image\/b8ca666e085cd314d1c6afcc86b4fd89?fmt=jpeg&amp;wid=378\" data-src-tablet-highres=\"\/\/www.sony.ro\/image\/b8ca666e085cd314d1c6afcc86b4fd89?fmt=jpeg&amp;wid=756\" data-id=\"img_b8ca666e085cd314d1c6afcc86b4fd89\" data-src-phone=\"\/\/www.sony.ro\/image\/b8ca666e085cd314d1c6afcc86b4fd89?fmt=jpeg&amp;wid=378\" data-src-tablet=\"\/\/www.sony.ro\/image\/b8ca666e085cd314d1c6afcc86b4fd89?fmt=jpeg&amp;wid=378\" data-src-desktop-highres=\"\/\/www.sony.ro\/image\/b8ca666e085cd314d1c6afcc86b4fd89?fmt=jpeg&amp;wid=756\" data-pushed=\"true\" data-current=\"\/\/www.sony.ro\/image\/b8ca666e085cd314d1c6afcc86b4fd89?fmt=jpeg&amp;wid=378\" data-hasloaded=\"true\" data-fadeonce=\"true\" \/><\/span><\/figure>\n<div class=\"tile-content\">\n<h3 class=\"t6 tile-title\"><span style=\"color: #000000;\">Imagine clar\u0103 \u015fi precis\u0103 pe \u00eentreaga imagine<\/span><\/h3>\n<p class=\"p3\"><span style=\"color: #000000;\">Trei elemente asferice, inclusiv un element de precizie AA (asferic avansat) de la Sony, combinate \u00eentr-o cale optic\u0103 de \u00eenalt nivel tehnologic, pentru compensarea eficient\u0103 a abera\u0163iilor \u015fi pentru a ob\u0163ine o claritate excep\u0163ional\u0103 pe \u00eentreaga imagine. Aceast\u0103 claritate este men\u0163inut\u0103 chiar \u015fi la diafragma maxim\u0103, iar astfel performan\u0163a optic\u0103 este constant\u0103 la toate set\u0103rile de expunere.<\/span><\/p>\n<hr \/>\n<\/div>\n<\/div>\n<div class=\"spec-tile span4 shuffle-item filtered\">\n<figure><span style=\"color: #000000;\"><img decoding=\"async\" class=\"iq-img\" src=\"https:\/\/www.sony.ro\/image\/9d1f7f89eb0cb3eb4c4d699f14019255?fmt=jpeg&amp;wid=378&amp;qlt=85\" alt=\"Imagine cu Obiectiv Distagon T * FE F1,4 ZA, de 35 mm\" data-src-phone-highres=\"\/\/www.sony.ro\/image\/9d1f7f89eb0cb3eb4c4d699f14019255?fmt=jpeg&amp;wid=756\" data-src-desktop=\"\/\/www.sony.ro\/image\/9d1f7f89eb0cb3eb4c4d699f14019255?fmt=jpeg&amp;wid=378\" data-src-tablet-highres=\"\/\/www.sony.ro\/image\/9d1f7f89eb0cb3eb4c4d699f14019255?fmt=jpeg&amp;wid=756\" data-id=\"img_9d1f7f89eb0cb3eb4c4d699f14019255\" data-src-phone=\"\/\/www.sony.ro\/image\/9d1f7f89eb0cb3eb4c4d699f14019255?fmt=jpeg&amp;wid=378\" data-src-tablet=\"\/\/www.sony.ro\/image\/9d1f7f89eb0cb3eb4c4d699f14019255?fmt=jpeg&amp;wid=378\" data-src-desktop-highres=\"\/\/www.sony.ro\/image\/9d1f7f89eb0cb3eb4c4d699f14019255?fmt=jpeg&amp;wid=756\" data-pushed=\"true\" data-current=\"\/\/www.sony.ro\/image\/9d1f7f89eb0cb3eb4c4d699f14019255?fmt=jpeg&amp;wid=378\" data-hasloaded=\"true\" data-fadeonce=\"true\" \/><\/span><\/figure>\n<div class=\"tile-content\">\n<h3 class=\"t6 tile-title\"><span style=\"color: #000000;\">Pentru fotografiere la lumin\u0103 sc\u0103zut\u0103 \u015fi efect bokeh natural<\/span><\/h3>\n<p class=\"p3\"><span style=\"color: #000000;\">Diafragma maxim\u0103 F1,4 a acestui obiectiv faciliteaz\u0103 capturarea de imagini clare la lumin\u0103 sc\u0103zut\u0103, chiar \u015fi atunci c\u00e2nd fotografia\u0163i cu camera \u00een m\u00e2n\u0103. Designul diafragmei circulare cu 9 lame \u00eembun\u0103t\u0103\u0163e\u015fte capacitatea de ob\u0163inere a unui uimitor efect bokeh de fundal atunci c\u00e2nd se dore\u015fte acest lucru. Imaginile cu un efect bokeh natural pot eviden\u0163ia subiec\u0163ii \u00een imaginile cu un impact dimensional profund.<\/span><\/p>\n<hr \/>\n<\/div>\n<\/div>\n<div class=\"spec-tile span4 shuffle-item filtered\">\n<figure><span style=\"color: #000000;\"><img decoding=\"async\" class=\"iq-img\" src=\"https:\/\/www.sony.ro\/image\/fe67ef4ba3e3472e5a90b5a17745cab4?fmt=jpeg&amp;wid=378&amp;qlt=85\" alt=\"Imagine cu Obiectiv Distagon T * FE F1,4 ZA, de 35 mm\" data-src-phone-highres=\"\/\/www.sony.ro\/image\/fe67ef4ba3e3472e5a90b5a17745cab4?fmt=jpeg&amp;wid=756\" data-src-desktop=\"\/\/www.sony.ro\/image\/fe67ef4ba3e3472e5a90b5a17745cab4?fmt=jpeg&amp;wid=378\" data-src-tablet-highres=\"\/\/www.sony.ro\/image\/fe67ef4ba3e3472e5a90b5a17745cab4?fmt=jpeg&amp;wid=756\" data-id=\"img_fe67ef4ba3e3472e5a90b5a17745cab4\" data-src-phone=\"\/\/www.sony.ro\/image\/fe67ef4ba3e3472e5a90b5a17745cab4?fmt=jpeg&amp;wid=378\" data-src-tablet=\"\/\/www.sony.ro\/image\/fe67ef4ba3e3472e5a90b5a17745cab4?fmt=jpeg&amp;wid=378\" data-src-desktop-highres=\"\/\/www.sony.ro\/image\/fe67ef4ba3e3472e5a90b5a17745cab4?fmt=jpeg&amp;wid=756\" data-pushed=\"true\" data-current=\"\/\/www.sony.ro\/image\/fe67ef4ba3e3472e5a90b5a17745cab4?fmt=jpeg&amp;wid=378\" data-hasloaded=\"true\" data-fadeonce=\"true\" \/><\/span><\/figure>\n<div class=\"tile-content\">\n<h3 class=\"t6 tile-title\"><span style=\"color: #000000;\">Culori \u015fi contrast uimitoare<\/span><\/h3>\n<p class=\"p3\"><span style=\"color: #000000;\">Obiectivele ZEISS sunt renumite pentru reproducerea excep\u0163ional\u0103 a culorilor \u015fi contrastului. Stratul ZEISS T* este un factor important, care contribuie eficient la suprimarea reflexiilor false care pot degrada calitatea de ansamblu a imaginii. Lumina difuz\u0103 \u015fi reflexiile parazite sunt reduse pentru a \u00eembun\u0103t\u0103\u0163i culorile \u015fi contrastul, oferind imaginii un aspect tridimensional intens.<\/span><\/p>\n<hr \/>\n<\/div>\n<\/div>\n<div class=\"spec-tile span4 shuffle-item filtered\">\n<figure><span style=\"color: #000000;\"><img decoding=\"async\" class=\"iq-img\" src=\"https:\/\/www.sony.ro\/image\/0dc0fc68e045413e436bba6c7352c82f?fmt=jpeg&amp;wid=378&amp;qlt=85\" alt=\"Imagine cu Obiectiv Distagon T * FE F1,4 ZA, de 35 mm\" data-src-phone-highres=\"\/\/www.sony.ro\/image\/0dc0fc68e045413e436bba6c7352c82f?fmt=jpeg&amp;wid=756\" data-src-desktop=\"\/\/www.sony.ro\/image\/0dc0fc68e045413e436bba6c7352c82f?fmt=jpeg&amp;wid=378\" data-src-tablet-highres=\"\/\/www.sony.ro\/image\/0dc0fc68e045413e436bba6c7352c82f?fmt=jpeg&amp;wid=756\" data-id=\"img_0dc0fc68e045413e436bba6c7352c82f\" data-src-phone=\"\/\/www.sony.ro\/image\/0dc0fc68e045413e436bba6c7352c82f?fmt=jpeg&amp;wid=378\" data-src-tablet=\"\/\/www.sony.ro\/image\/0dc0fc68e045413e436bba6c7352c82f?fmt=jpeg&amp;wid=378\" data-src-desktop-highres=\"\/\/www.sony.ro\/image\/0dc0fc68e045413e436bba6c7352c82f?fmt=jpeg&amp;wid=756\" data-pushed=\"true\" data-current=\"\/\/www.sony.ro\/image\/0dc0fc68e045413e436bba6c7352c82f?fmt=jpeg&amp;wid=378\" data-hasloaded=\"true\" data-fadeonce=\"true\" \/><\/span><\/figure>\n<div class=\"tile-content\">\n<h3 class=\"t6 tile-title\"><span style=\"color: #000000;\">DDSSM asigur\u0103 o focalizare silen\u0163ioas\u0103, vitez\u0103 \u015fi precizie<\/span><\/h3>\n<p class=\"p3\"><span style=\"color: #000000;\">Este utilizat un nou sistem DDSSM (Direct Drive SSM), pentru pozi\u0163ionarea de precizie a grupului cu focalizare ridicat\u0103, necesar\u0103 pentru formatul Full Frame, care permite o focalizare precis\u0103 chiar \u015fi la o ad\u00e2ncime redus\u0103 a c\u00e2mpului. Sistemul de ac\u0163ionare DDSSM este \u015fi extrem de silen\u0163ios, cea ce \u00eel face ideal pentru \u00eenregistrarea de filme \u00een care focalizarea se schimb\u0103 constant \u00een timpul film\u0103rii scenei.<\/span><\/p>\n<hr \/>\n<\/div>\n<\/div>\n<div class=\"spec-tile span4 shuffle-item filtered\">\n<figure><span style=\"color: #000000;\"><img decoding=\"async\" class=\"iq-img\" src=\"https:\/\/www.sony.ro\/image\/5e283c48950bf226c8027b2728d40680?fmt=jpeg&amp;wid=378&amp;qlt=85\" alt=\"Imagine cu Obiectiv Distagon T * FE F1,4 ZA, de 35 mm\" data-src-phone-highres=\"\/\/www.sony.ro\/image\/5e283c48950bf226c8027b2728d40680?fmt=jpeg&amp;wid=756\" data-src-desktop=\"\/\/www.sony.ro\/image\/5e283c48950bf226c8027b2728d40680?fmt=jpeg&amp;wid=378\" data-src-tablet-highres=\"\/\/www.sony.ro\/image\/5e283c48950bf226c8027b2728d40680?fmt=jpeg&amp;wid=756\" data-id=\"img_5e283c48950bf226c8027b2728d40680\" data-src-phone=\"\/\/www.sony.ro\/image\/5e283c48950bf226c8027b2728d40680?fmt=jpeg&amp;wid=378\" data-src-tablet=\"\/\/www.sony.ro\/image\/5e283c48950bf226c8027b2728d40680?fmt=jpeg&amp;wid=378\" data-src-desktop-highres=\"\/\/www.sony.ro\/image\/5e283c48950bf226c8027b2728d40680?fmt=jpeg&amp;wid=756\" data-pushed=\"true\" data-current=\"\/\/www.sony.ro\/image\/5e283c48950bf226c8027b2728d40680?fmt=jpeg&amp;wid=378\" data-hasloaded=\"true\" data-fadeonce=\"true\" \/><\/span><\/figure>\n<div class=\"tile-content\">\n<h3 class=\"t6 tile-title\"><span style=\"color: #000000;\">Optimizat pentru filme \u015fi fotografii<\/span><\/h3>\n<p class=\"p3\"><span style=\"color: #000000;\">Acest obiectiv este conceput at\u00e2t pentru filmare, c\u00e2t \u015fi pentru fotografiere. Inelul pentru controlul diafragmei de pe obiectiv cu comutare prin clicuri poate fi ACTIVAT, pentru un r\u0103spuns tactil atunci c\u00e2nd fotografia\u0163i, sau DEZACTIVAT, pentru o func\u0163ionare lin\u0103 \u015fi silen\u0163ioas\u0103 c\u00e2nd filma\u0163i. De asemenea, acesta ofer\u0103 o deplasare minim\u0103 a unghiului la schimbarea focaliz\u0103rii, o calitate esen\u0163ial\u0103 pentru filmare.<\/span><\/p>\n<hr \/>\n<\/div>\n<\/div>\n<div class=\"spec-tile span4 shuffle-item filtered\">\n<figure><span style=\"color: #000000;\"><img decoding=\"async\" class=\"iq-img\" src=\"https:\/\/www.sony.ro\/image\/07219454e199e4f981df38980066951d?fmt=jpeg&amp;wid=378&amp;qlt=85\" alt=\"Imagine cu Obiectiv Distagon T * FE F1,4 ZA, de 35 mm\" data-src-phone-highres=\"\/\/www.sony.ro\/image\/07219454e199e4f981df38980066951d?fmt=jpeg&amp;wid=756\" data-src-desktop=\"\/\/www.sony.ro\/image\/07219454e199e4f981df38980066951d?fmt=jpeg&amp;wid=378\" data-src-tablet-highres=\"\/\/www.sony.ro\/image\/07219454e199e4f981df38980066951d?fmt=jpeg&amp;wid=756\" data-id=\"img_07219454e199e4f981df38980066951d\" data-src-phone=\"\/\/www.sony.ro\/image\/07219454e199e4f981df38980066951d?fmt=jpeg&amp;wid=378\" data-src-tablet=\"\/\/www.sony.ro\/image\/07219454e199e4f981df38980066951d?fmt=jpeg&amp;wid=378\" data-src-desktop-highres=\"\/\/www.sony.ro\/image\/07219454e199e4f981df38980066951d?fmt=jpeg&amp;wid=756\" data-pushed=\"true\" data-current=\"\/\/www.sony.ro\/image\/07219454e199e4f981df38980066951d?fmt=jpeg&amp;wid=378\" data-hasloaded=\"true\" data-fadeonce=\"true\" \/><\/span><\/figure>\n<div class=\"tile-content\">\n<h3 class=\"t6 tile-title\"><span style=\"color: #000000;\">Fiabilitate ridicat\u0103 \u00een condi\u0163ii dificile<\/span><\/h3>\n<p class=\"p3\"><span style=\"color: #000000;\">Obiectivul are un design rezistent la praf \u015fi umezeal\u0103 care asigur\u0103 o func\u0163ionare fiabil\u0103 pentru utilizare profesional\u0103 \u00een condi\u0163ii dificile.<\/span><\/p>\n<\/div>\n<\/div>\n","protected":false},"excerpt":{"rendered":"<ul>\n<li><span style=\"color: #000000;\">SONY FE 35mm F1.4 ZA<\/span><\/li>\n<li><span style=\"color: #000000;\">Baioneta : SONY E-Mount<\/span><\/li>\n<li><span style=\"color: #000000;\">Format : Full Frame , 35 mm<\/span><\/li>\n<li><span style=\"color: #000000;\">Distan\u021b\u0103 focal\u0103 : f=35 mm<\/span><\/li>\n<li><span style=\"color: #000000;\">Valoarea maxim\u0103 a diafragmei : F1.4<\/span><\/li>\n<li><span style=\"color: #000000;\">Valoarea minim\u0103 a diafragmei : F16<\/span><\/li>\n<li><span style=\"color: #000000;\">Lamele diafragmei : 9<\/span><\/li>\n<li><span style=\"color: #000000;\">Stabilizare integrat\u0103 : Nu<\/span><\/li>\n<li><span style=\"color: #000000;\">Distan\u021ba minim\u0103 de focalizare : 0,3 m<\/span><\/li>\n<li><span style=\"color: #000000;\">Diametru filtru : 72 mm<\/span><\/li>\n<li><span style=\"color: #000000;\">Dimensiuni : 78,5 x 112,0 mm<\/span><\/li>\n<li><span style=\"color: #000000;\">Greutate : 630 g<\/span><\/li>\n<li><span style=\"color: #000000;\">Con\u021binului cutiei : parasolar, capacul din spate \u0219i din fa\u021b\u0103 , hus\u0103<\/span><\/li>\n<li><span style=\"color: #000000;\">Garan\u021bie de firm\u0103 : 2 ani<\/span><\/li>\n<\/ul>\n","protected":false},"featured_media":32025,"comment_status":"open","ping_status":"closed","template":"","meta":[],"product_brand":[],"product_cat":[901],"product_tag":[],"class_list":{"0":"post-17510","1":"product","2":"type-product","3":"status-publish","4":"has-post-thumbnail","6":"product_cat-obiective-fixe","8":"first","9":"outofstock","10":"sale","11":"shipping-taxable","12":"purchasable","13":"product-type-simple"},"yoast_head":"<!-- This site is optimized with the Yoast SEO plugin v27.4 - https:\/\/yoast.com\/product\/yoast-seo-wordpress\/ -->\n<title>SONY FE 35mm F1.4 ZA | Obiectivul cu diafragm\u0103 larg deschis\u0103<\/title>\n<meta name=\"description\" content=\"Cump\u0103r\u0103 obiectivul fix cu diafragm\u0103 larg deschis\u0103 SONY FE 35mm F1.4 ZA | Garan\u021bie de firm\u0103 2 ani | Magazinul oficial SONY \u00een Chi\u0219in\u0103u\" \/>\n<meta name=\"robots\" content=\"index, follow, max-snippet:-1, max-image-preview:large, max-video-preview:-1\" \/>\n<link rel=\"canonical\" href=\"https:\/\/sonycenter.md\/ro\/magazin\/sel35f14z\/\" \/>\n<meta property=\"og:locale\" content=\"ro_RO\" \/>\n<meta property=\"og:type\" content=\"article\" \/>\n<meta property=\"og:title\" content=\"SONY FE 35mm F1.4 ZA | Obiectivul cu diafragm\u0103 larg deschis\u0103\" \/>\n<meta property=\"og:description\" content=\"Cump\u0103r\u0103 obiectivul fix cu diafragm\u0103 larg deschis\u0103 SONY FE 35mm F1.4 ZA | Garan\u021bie de firm\u0103 2 ani | Magazinul oficial SONY \u00een Chi\u0219in\u0103u\" \/>\n<meta property=\"og:url\" content=\"https:\/\/sonycenter.md\/ro\/magazin\/sel35f14z\/\" \/>\n<meta property=\"og:site_name\" content=\"SONY\" \/>\n<meta property=\"article:modified_time\" content=\"2025-08-12T08:32:19+00:00\" \/>\n<meta property=\"og:image\" content=\"https:\/\/sonycenter.md\/wp-content\/uploads\/2020\/03\/sel35f14z-1.jpg\" \/>\n\t<meta property=\"og:image:width\" content=\"600\" \/>\n\t<meta property=\"og:image:height\" content=\"600\" \/>\n\t<meta property=\"og:image:type\" content=\"image\/jpeg\" \/>\n<meta name=\"twitter:card\" content=\"summary_large_image\" \/>\n<meta name=\"twitter:label1\" content=\"Est. reading time\" \/>\n\t<meta name=\"twitter:data1\" content=\"4 minutes\" \/>\n<script type=\"application\/ld+json\" class=\"yoast-schema-graph\">{\"@context\":\"https:\\\/\\\/schema.org\",\"@graph\":[{\"@type\":[\"WebPage\",\"ItemPage\"],\"@id\":\"https:\\\/\\\/sonycenter.md\\\/ro\\\/magazin\\\/sel35f14z\\\/\",\"url\":\"https:\\\/\\\/sonycenter.md\\\/ro\\\/magazin\\\/sel35f14z\\\/\",\"name\":\"SONY FE 35mm F1.4 ZA | Obiectivul cu diafragm\u0103 larg deschis\u0103\",\"isPartOf\":{\"@id\":\"http:\\\/\\\/sonycenter.md\\\/ro\\\/#website\"},\"primaryImageOfPage\":{\"@id\":\"https:\\\/\\\/sonycenter.md\\\/ro\\\/magazin\\\/sel35f14z\\\/#primaryimage\"},\"image\":{\"@id\":\"https:\\\/\\\/sonycenter.md\\\/ro\\\/magazin\\\/sel35f14z\\\/#primaryimage\"},\"thumbnailUrl\":\"https:\\\/\\\/sonycenter.md\\\/wp-content\\\/uploads\\\/2020\\\/03\\\/sel35f14z-1.jpg\",\"datePublished\":\"2020-03-01T10:16:07+00:00\",\"dateModified\":\"2025-08-12T08:32:19+00:00\",\"description\":\"Cump\u0103r\u0103 obiectivul fix cu diafragm\u0103 larg deschis\u0103 SONY FE 35mm F1.4 ZA | Garan\u021bie de firm\u0103 2 ani | Magazinul oficial SONY \u00een Chi\u0219in\u0103u\",\"breadcrumb\":{\"@id\":\"https:\\\/\\\/sonycenter.md\\\/ro\\\/magazin\\\/sel35f14z\\\/#breadcrumb\"},\"inLanguage\":\"ro-RO\",\"potentialAction\":[{\"@type\":\"ReadAction\",\"target\":[\"https:\\\/\\\/sonycenter.md\\\/ro\\\/magazin\\\/sel35f14z\\\/\"]}]},{\"@type\":\"ImageObject\",\"inLanguage\":\"ro-RO\",\"@id\":\"https:\\\/\\\/sonycenter.md\\\/ro\\\/magazin\\\/sel35f14z\\\/#primaryimage\",\"url\":\"https:\\\/\\\/sonycenter.md\\\/wp-content\\\/uploads\\\/2020\\\/03\\\/sel35f14z-1.jpg\",\"contentUrl\":\"https:\\\/\\\/sonycenter.md\\\/wp-content\\\/uploads\\\/2020\\\/03\\\/sel35f14z-1.jpg\",\"width\":600,\"height\":600,\"caption\":\"SEL35F14Z\"},{\"@type\":\"BreadcrumbList\",\"@id\":\"https:\\\/\\\/sonycenter.md\\\/ro\\\/magazin\\\/sel35f14z\\\/#breadcrumb\",\"itemListElement\":[{\"@type\":\"ListItem\",\"position\":1,\"name\":\"\u0413\u043b\u0430\u0432\u043d\u0430\u044f \u0441\u0442\u0440\u0430\u043d\u0438\u0446\u0430\",\"item\":\"https:\\\/\\\/sonycenter.md\\\/ro\\\/\"},{\"@type\":\"ListItem\",\"position\":2,\"name\":\"Magazin\",\"item\":\"https:\\\/\\\/sonycenter.md\\\/shop\\\/\"},{\"@type\":\"ListItem\",\"position\":3,\"name\":\"SEL35F14Z\"}]},{\"@type\":\"WebSite\",\"@id\":\"http:\\\/\\\/sonycenter.md\\\/ro\\\/#website\",\"url\":\"http:\\\/\\\/sonycenter.md\\\/ro\\\/\",\"name\":\"sonycenter.md\",\"description\":\"SONYCENTER \u00een Chi\u0219in\u0103u\",\"publisher\":{\"@id\":\"http:\\\/\\\/sonycenter.md\\\/ro\\\/#organization\"},\"potentialAction\":[{\"@type\":\"SearchAction\",\"target\":{\"@type\":\"EntryPoint\",\"urlTemplate\":\"http:\\\/\\\/sonycenter.md\\\/ro\\\/?s={search_term_string}\"},\"query-input\":{\"@type\":\"PropertyValueSpecification\",\"valueRequired\":true,\"valueName\":\"search_term_string\"}}],\"inLanguage\":\"ro-RO\"},{\"@type\":\"Organization\",\"@id\":\"http:\\\/\\\/sonycenter.md\\\/ro\\\/#organization\",\"name\":\"sonycenter.md\",\"url\":\"http:\\\/\\\/sonycenter.md\\\/ro\\\/\",\"logo\":{\"@type\":\"ImageObject\",\"inLanguage\":\"ro-RO\",\"@id\":\"http:\\\/\\\/sonycenter.md\\\/ro\\\/#\\\/schema\\\/logo\\\/image\\\/\",\"url\":\"\",\"contentUrl\":\"\",\"caption\":\"sonycenter.md\"},\"image\":{\"@id\":\"http:\\\/\\\/sonycenter.md\\\/ro\\\/#\\\/schema\\\/logo\\\/image\\\/\"}}]}<\/script>\n<!-- \/ Yoast SEO plugin. -->","yoast_head_json":{"title":"SONY FE 35mm F1.4 ZA | Obiectivul cu diafragm\u0103 larg deschis\u0103","description":"Cump\u0103r\u0103 obiectivul fix cu diafragm\u0103 larg deschis\u0103 SONY FE 35mm F1.4 ZA | Garan\u021bie de firm\u0103 2 ani | Magazinul oficial SONY \u00een Chi\u0219in\u0103u","robots":{"index":"index","follow":"follow","max-snippet":"max-snippet:-1","max-image-preview":"max-image-preview:large","max-video-preview":"max-video-preview:-1"},"canonical":"https:\/\/sonycenter.md\/ro\/magazin\/sel35f14z\/","og_locale":"ro_RO","og_type":"article","og_title":"SONY FE 35mm F1.4 ZA | Obiectivul cu diafragm\u0103 larg deschis\u0103","og_description":"Cump\u0103r\u0103 obiectivul fix cu diafragm\u0103 larg deschis\u0103 SONY FE 35mm F1.4 ZA | Garan\u021bie de firm\u0103 2 ani | Magazinul oficial SONY \u00een Chi\u0219in\u0103u","og_url":"https:\/\/sonycenter.md\/ro\/magazin\/sel35f14z\/","og_site_name":"SONY","article_modified_time":"2025-08-12T08:32:19+00:00","og_image":[{"width":600,"height":600,"url":"https:\/\/sonycenter.md\/wp-content\/uploads\/2020\/03\/sel35f14z-1.jpg","type":"image\/jpeg"}],"twitter_card":"summary_large_image","twitter_misc":{"Est. reading time":"4 minutes"},"schema":{"@context":"https:\/\/schema.org","@graph":[{"@type":["WebPage","ItemPage"],"@id":"https:\/\/sonycenter.md\/ro\/magazin\/sel35f14z\/","url":"https:\/\/sonycenter.md\/ro\/magazin\/sel35f14z\/","name":"SONY FE 35mm F1.4 ZA | Obiectivul cu diafragm\u0103 larg deschis\u0103","isPartOf":{"@id":"https:\/\/sonycenter.md\/ro\/#website"},"primaryImageOfPage":{"@id":"https:\/\/sonycenter.md\/ro\/magazin\/sel35f14z\/#primaryimage"},"image":{"@id":"https:\/\/sonycenter.md\/ro\/magazin\/sel35f14z\/#primaryimage"},"thumbnailUrl":"https:\/\/sonycenter.md\/wp-content\/uploads\/2020\/03\/sel35f14z-1.jpg","datePublished":"2020-03-01T10:16:07+00:00","dateModified":"2025-08-12T08:32:19+00:00","description":"Cump\u0103r\u0103 obiectivul fix cu diafragm\u0103 larg deschis\u0103 SONY FE 35mm F1.4 ZA | Garan\u021bie de firm\u0103 2 ani | Magazinul oficial SONY \u00een Chi\u0219in\u0103u","breadcrumb":{"@id":"https:\/\/sonycenter.md\/ro\/magazin\/sel35f14z\/#breadcrumb"},"inLanguage":"ro-RO","potentialAction":[{"@type":"ReadAction","target":["https:\/\/sonycenter.md\/ro\/magazin\/sel35f14z\/"]}]},{"@type":"ImageObject","inLanguage":"ro-RO","@id":"https:\/\/sonycenter.md\/ro\/magazin\/sel35f14z\/#primaryimage","url":"https:\/\/sonycenter.md\/wp-content\/uploads\/2020\/03\/sel35f14z-1.jpg","contentUrl":"https:\/\/sonycenter.md\/wp-content\/uploads\/2020\/03\/sel35f14z-1.jpg","width":600,"height":600,"caption":"SEL35F14Z"},{"@type":"BreadcrumbList","@id":"https:\/\/sonycenter.md\/ro\/magazin\/sel35f14z\/#breadcrumb","itemListElement":[{"@type":"ListItem","position":1,"name":"\u0413\u043b\u0430\u0432\u043d\u0430\u044f \u0441\u0442\u0440\u0430\u043d\u0438\u0446\u0430","item":"https:\/\/sonycenter.md\/ro\/"},{"@type":"ListItem","position":2,"name":"Magazin","item":"https:\/\/sonycenter.md\/shop\/"},{"@type":"ListItem","position":3,"name":"SEL35F14Z"}]},{"@type":"WebSite","@id":"https:\/\/sonycenter.md\/ro\/#website","url":"https:\/\/sonycenter.md\/ro\/","name":"sonycenter.md","description":"SONYCENTER \u00een Chi\u0219in\u0103u","publisher":{"@id":"https:\/\/sonycenter.md\/ro\/#organization"},"potentialAction":[{"@type":"SearchAction","target":{"@type":"EntryPoint","urlTemplate":"https:\/\/sonycenter.md\/ro\/?s={search_term_string}"},"query-input":{"@type":"PropertyValueSpecification","valueRequired":true,"valueName":"search_term_string"}}],"inLanguage":"ro-RO"},{"@type":"Organization","@id":"https:\/\/sonycenter.md\/ro\/#organization","name":"sonycenter.md","url":"https:\/\/sonycenter.md\/ro\/","logo":{"@type":"ImageObject","inLanguage":"ro-RO","@id":"https:\/\/sonycenter.md\/ro\/#\/schema\/logo\/image\/","url":"","contentUrl":"","caption":"sonycenter.md"},"image":{"@id":"https:\/\/sonycenter.md\/ro\/#\/schema\/logo\/image\/"}}]}},"_links":{"self":[{"href":"https:\/\/sonycenter.md\/ro\/wp-json\/wp\/v2\/product\/17510","targetHints":{"allow":["GET"]}}],"collection":[{"href":"https:\/\/sonycenter.md\/ro\/wp-json\/wp\/v2\/product"}],"about":[{"href":"https:\/\/sonycenter.md\/ro\/wp-json\/wp\/v2\/types\/product"}],"replies":[{"embeddable":true,"href":"https:\/\/sonycenter.md\/ro\/wp-json\/wp\/v2\/comments?post=17510"}],"wp:featuredmedia":[{"embeddable":true,"href":"https:\/\/sonycenter.md\/ro\/wp-json\/wp\/v2\/media\/32025"}],"wp:attachment":[{"href":"https:\/\/sonycenter.md\/ro\/wp-json\/wp\/v2\/media?parent=17510"}],"wp:term":[{"taxonomy":"product_brand","embeddable":true,"href":"https:\/\/sonycenter.md\/ro\/wp-json\/wp\/v2\/product_brand?post=17510"},{"taxonomy":"product_cat","embeddable":true,"href":"https:\/\/sonycenter.md\/ro\/wp-json\/wp\/v2\/product_cat?post=17510"},{"taxonomy":"product_tag","embeddable":true,"href":"https:\/\/sonycenter.md\/ro\/wp-json\/wp\/v2\/product_tag?post=17510"}],"curies":[{"name":"wp","href":"https:\/\/api.w.org\/{rel}","templated":true}]}}