{"id":17514,"date":"2020-03-01T12:16:08","date_gmt":"2020-03-01T10:16:08","guid":{"rendered":"https:\/\/sonycenter.md\/shop\/import-placeholder-for-7464\/"},"modified":"2026-03-27T10:48:12","modified_gmt":"2026-03-27T08:48:12","slug":"sel50f18f","status":"publish","type":"product","link":"https:\/\/sonycenter.md\/ro\/magazin\/sel50f18f\/","title":{"rendered":"SEL50F18F"},"content":{"rendered":"<p><span style=\"color: #000000;\">Specifica\u021bii complete pentru <span style=\"color: #0000ff;\"><a style=\"color: #0000ff;\" href=\"https:\/\/sonycenter.md\/ro\/category\/accesorii-foto-video\/obiective\/obiective-fixe\/\">obiectivul fix<\/a><\/span>\u00a0 SONY FE 50mm F1.8 :<\/span><\/p>\n<div class=\"spec-tile span4 shuffle-item filtered\">\n<figure><span style=\"color: #000000;\"><img decoding=\"async\" class=\"iq-img\" src=\"https:\/\/www.sony.ro\/image\/33bd194db30a63ead4fe6bd10f6d2c91?fmt=jpeg&amp;wid=378&amp;qlt=85\" alt=\"Imagine cu FE 50mm F1.8\" data-src-phone-highres=\"\/\/www.sony.ro\/image\/33bd194db30a63ead4fe6bd10f6d2c91?fmt=jpeg&amp;wid=756\" data-src-desktop=\"\/\/www.sony.ro\/image\/33bd194db30a63ead4fe6bd10f6d2c91?fmt=jpeg&amp;wid=378\" data-src-tablet-highres=\"\/\/www.sony.ro\/image\/33bd194db30a63ead4fe6bd10f6d2c91?fmt=jpeg&amp;wid=756\" data-id=\"img_33bd194db30a63ead4fe6bd10f6d2c91\" data-src-phone=\"\/\/www.sony.ro\/image\/33bd194db30a63ead4fe6bd10f6d2c91?fmt=jpeg&amp;wid=378\" data-src-tablet=\"\/\/www.sony.ro\/image\/33bd194db30a63ead4fe6bd10f6d2c91?fmt=jpeg&amp;wid=378\" data-src-desktop-highres=\"\/\/www.sony.ro\/image\/33bd194db30a63ead4fe6bd10f6d2c91?fmt=jpeg&amp;wid=756\" data-pushed=\"true\" data-current=\"\/\/www.sony.ro\/image\/33bd194db30a63ead4fe6bd10f6d2c91?fmt=jpeg&amp;wid=378\" data-hasloaded=\"true\" data-fadeonce=\"true\" \/><\/span><\/figure>\n<div class=\"tile-content\">\n<h3 class=\"t6 tile-title\"><span style=\"color: #000000;\">Mobil \u015fi u\u015for de manevrat<\/span><\/h3>\n<p class=\"p3\"><span style=\"color: #000000;\">Cu toate c\u0103 este un obiectiv Full Frame, acest model este compact \u015fi are o greutate de doar 186 de grame. Fie c\u0103 este pe camer\u0103 sau \u00een geant\u0103, nu va fi o povar\u0103, \u015fi va fi gata oric\u00e2nd va fi nevoie. M\u0103rimea \u015fi greutatea acestei lentile sunt solu\u0163ia perfect\u0103 pentru corpurile\u00a0compacte din seria \u03b17\u00a0, furniz\u00e2nd portabilitate\u00a0\u015fi manevrare generale extraordinare.<\/span><\/p>\n<hr \/>\n<\/div>\n<\/div>\n<div class=\"spec-tile span4 shuffle-item filtered\">\n<figure><span style=\"color: #000000;\"><img decoding=\"async\" class=\"iq-img\" src=\"https:\/\/www.sony.ro\/image\/ab133c0eaab2debfe0d6390df2b3fb3f?fmt=jpeg&amp;wid=378&amp;qlt=85\" alt=\"Imagine cu FE 50mm F1.8\" data-src-phone-highres=\"\/\/www.sony.ro\/image\/ab133c0eaab2debfe0d6390df2b3fb3f?fmt=jpeg&amp;wid=756\" data-src-desktop=\"\/\/www.sony.ro\/image\/ab133c0eaab2debfe0d6390df2b3fb3f?fmt=jpeg&amp;wid=378\" data-src-tablet-highres=\"\/\/www.sony.ro\/image\/ab133c0eaab2debfe0d6390df2b3fb3f?fmt=jpeg&amp;wid=756\" data-id=\"img_ab133c0eaab2debfe0d6390df2b3fb3f\" data-src-phone=\"\/\/www.sony.ro\/image\/ab133c0eaab2debfe0d6390df2b3fb3f?fmt=jpeg&amp;wid=378\" data-src-tablet=\"\/\/www.sony.ro\/image\/ab133c0eaab2debfe0d6390df2b3fb3f?fmt=jpeg&amp;wid=378\" data-src-desktop-highres=\"\/\/www.sony.ro\/image\/ab133c0eaab2debfe0d6390df2b3fb3f?fmt=jpeg&amp;wid=756\" data-pushed=\"true\" data-current=\"\/\/www.sony.ro\/image\/ab133c0eaab2debfe0d6390df2b3fb3f?fmt=jpeg&amp;wid=378\" data-hasloaded=\"true\" data-fadeonce=\"true\" \/><\/span><\/figure>\n<div class=\"tile-content\">\n<h3 class=\"t6 tile-title\"><span style=\"color: #000000;\">Detalii, textur\u0103 \u015fi grada\u0163ie realiste<\/span><\/h3>\n<p class=\"p3\"><span style=\"color: #000000;\">O configura\u0163ie optic\u0103 dublu-Gauss actualizat\u0103, cu un element asferic, minimizeaz\u0103 abera\u0163ia sferic\u0103 \u015fi coma pentru redare clar\u0103, de \u00eenalt\u0103 calitate, cu fiecare cadru. Designul dublu-Gauss suprim\u0103 de asemenea deformarea \u015fi distorsiunea c\u00e2mpului.<\/span><\/p>\n<hr \/>\n<\/div>\n<\/div>\n<div class=\"spec-tile span4 shuffle-item filtered\">\n<figure><span style=\"color: #000000;\"><img decoding=\"async\" class=\"iq-img\" src=\"https:\/\/www.sony.ro\/image\/d806c53ec5253ff217c03430f7106bbb?fmt=jpeg&amp;wid=378&amp;qlt=85\" alt=\"Imagine cu FE 50mm F1.8\" data-src-phone-highres=\"\/\/www.sony.ro\/image\/d806c53ec5253ff217c03430f7106bbb?fmt=jpeg&amp;wid=756\" data-src-desktop=\"\/\/www.sony.ro\/image\/d806c53ec5253ff217c03430f7106bbb?fmt=jpeg&amp;wid=378\" data-src-tablet-highres=\"\/\/www.sony.ro\/image\/d806c53ec5253ff217c03430f7106bbb?fmt=jpeg&amp;wid=756\" data-id=\"img_d806c53ec5253ff217c03430f7106bbb\" data-src-phone=\"\/\/www.sony.ro\/image\/d806c53ec5253ff217c03430f7106bbb?fmt=jpeg&amp;wid=378\" data-src-tablet=\"\/\/www.sony.ro\/image\/d806c53ec5253ff217c03430f7106bbb?fmt=jpeg&amp;wid=378\" data-src-desktop-highres=\"\/\/www.sony.ro\/image\/d806c53ec5253ff217c03430f7106bbb?fmt=jpeg&amp;wid=756\" data-pushed=\"true\" data-current=\"\/\/www.sony.ro\/image\/d806c53ec5253ff217c03430f7106bbb?fmt=jpeg&amp;wid=378\" data-hasloaded=\"true\" data-fadeonce=\"true\" \/><\/span><\/figure>\n<div class=\"tile-content\">\n<h3 class=\"t6 tile-title\"><span style=\"color: #000000;\">Efect bokeh cu distan\u0163\u0103 focal\u0103 fix\u0103<\/span><\/h3>\n<p class=\"p3\"><span style=\"color: #000000;\">O diafragm\u0103 maxim\u0103 F1,8 larg\u0103 \u015fi o diafragm\u0103 circular\u0103 cu 7 lame lucreaz\u0103 \u00eempreun\u0103 pentru a crea un efect bokeh de fundal frumos, care poate eviden\u0163ia subiec\u0163ii. A\u015fezarea unui subiect focalizat clar \u00een fa\u0163a unui fundal defocalizat uniform este o tehnic\u0103 esen\u0163ial\u0103 pentru producerea unor imagini profunde, dimensionale.<\/span><\/p>\n<hr \/>\n<\/div>\n<\/div>\n<div class=\"spec-tile span4 shuffle-item filtered\">\n<figure><span style=\"color: #000000;\"><img decoding=\"async\" class=\"iq-img\" src=\"https:\/\/www.sony.ro\/image\/21759b4bf1f285a7347cabb9507cdc4d?fmt=jpeg&amp;wid=378&amp;qlt=85\" alt=\"Imagine cu FE 50mm F1.8\" data-src-phone-highres=\"\/\/www.sony.ro\/image\/21759b4bf1f285a7347cabb9507cdc4d?fmt=jpeg&amp;wid=756\" data-src-desktop=\"\/\/www.sony.ro\/image\/21759b4bf1f285a7347cabb9507cdc4d?fmt=jpeg&amp;wid=378\" data-src-tablet-highres=\"\/\/www.sony.ro\/image\/21759b4bf1f285a7347cabb9507cdc4d?fmt=jpeg&amp;wid=756\" data-id=\"img_21759b4bf1f285a7347cabb9507cdc4d\" data-src-phone=\"\/\/www.sony.ro\/image\/21759b4bf1f285a7347cabb9507cdc4d?fmt=jpeg&amp;wid=378\" data-src-tablet=\"\/\/www.sony.ro\/image\/21759b4bf1f285a7347cabb9507cdc4d?fmt=jpeg&amp;wid=378\" data-src-desktop-highres=\"\/\/www.sony.ro\/image\/21759b4bf1f285a7347cabb9507cdc4d?fmt=jpeg&amp;wid=756\" data-pushed=\"true\" data-current=\"\/\/www.sony.ro\/image\/21759b4bf1f285a7347cabb9507cdc4d?fmt=jpeg&amp;wid=378\" data-hasloaded=\"true\" data-fadeonce=\"true\" \/><\/span><\/figure>\n<div class=\"tile-content\">\n<h3 class=\"t6 tile-title\"><span style=\"color: #000000;\">Fotografia\u0163i noaptea sau \u00een luminat\u0103 slab\u0103<\/span><\/h3>\n<p class=\"p3\"><span style=\"color: #000000;\">Diafragma maxim\u0103 F1,8 larg\u0103 este un avantaj atunci c\u00e2nd filma\u0163i scene nocturne sau \u00een interioare slab luminate. Atunci c\u00e2nd se utilizeaz\u0103 cu un corp al camerei din seria \u03b1 prev\u0103zut cu stabilizare \u00eencorporat\u0103 a imaginii, capacitatea \u015fi mai mare la lumin\u0103 sc\u0103zut\u0103 permite surprinderea cu camera \u00een m\u00e2n\u0103 a unor imagini clare \u00een scene \u00eentunecate f\u0103r\u0103 a fi nevoie s\u0103 utiliza\u0163i \u00een mod excesiv sensibilitatea ISO ridicat\u0103.<\/span><\/p>\n<hr \/>\n<\/div>\n<\/div>\n<div class=\"spec-tile span4 shuffle-item filtered\">\n<div class=\"tile-content\">\n<p class=\"p3\">\n<\/div>\n<\/div>\n<div class=\"spec-tile span4 shuffle-item filtered\">\n<figure><span style=\"color: #000000;\"><img decoding=\"async\" class=\"iq-img\" src=\"https:\/\/www.sony.ro\/image\/23febf8f92d3698f81438442d90547cb?fmt=jpeg&amp;wid=378&amp;qlt=85\" alt=\"Imagine cu FE 50mm F1.8\" data-src-phone-highres=\"\/\/www.sony.ro\/image\/23febf8f92d3698f81438442d90547cb?fmt=jpeg&amp;wid=756\" data-src-desktop=\"\/\/www.sony.ro\/image\/23febf8f92d3698f81438442d90547cb?fmt=jpeg&amp;wid=378\" data-src-tablet-highres=\"\/\/www.sony.ro\/image\/23febf8f92d3698f81438442d90547cb?fmt=jpeg&amp;wid=756\" data-id=\"img_23febf8f92d3698f81438442d90547cb\" data-src-phone=\"\/\/www.sony.ro\/image\/23febf8f92d3698f81438442d90547cb?fmt=jpeg&amp;wid=378\" data-src-tablet=\"\/\/www.sony.ro\/image\/23febf8f92d3698f81438442d90547cb?fmt=jpeg&amp;wid=378\" data-src-desktop-highres=\"\/\/www.sony.ro\/image\/23febf8f92d3698f81438442d90547cb?fmt=jpeg&amp;wid=756\" data-pushed=\"true\" data-current=\"\/\/www.sony.ro\/image\/23febf8f92d3698f81438442d90547cb?fmt=jpeg&amp;wid=378\" data-hasloaded=\"true\" data-fadeonce=\"true\" \/><\/span><\/figure>\n<div class=\"tile-content\">\n<h3 class=\"t6 tile-title\"><span style=\"color: #000000;\">Un obiectiv pe care v\u0103 pute\u0163i baza<\/span><\/h3>\n<p class=\"p3\"><span style=\"color: #000000;\">O montur\u0103 din metal adaug\u0103 un aspect sofisticat, precum \u015fi durabilitate solid\u0103.<\/span><\/p>\n<\/div>\n<\/div>\n","protected":false},"excerpt":{"rendered":"<ul>\n<li><span style=\"color: #000000;\">SONY FE 50mm F1.8\u00a0<\/span><\/li>\n<li><span style=\"color: #000000;\">Baioneta : SONY E-Mount<\/span><\/li>\n<li><span style=\"color: #000000;\">Format : Full Frame , 35 mm<\/span><\/li>\n<li><span style=\"color: #000000;\">Distan\u021b\u0103 focal\u0103 : f=50 mm<\/span><\/li>\n<li><span style=\"color: #000000;\">Valoarea maxim\u0103 a diafragmei : F1.8<\/span><\/li>\n<li><span style=\"color: #000000;\">Valoarea minim\u0103 a diafragmei : F22<\/span><\/li>\n<li><span style=\"color: #000000;\">Lamele diafragmei : 7<\/span><\/li>\n<li><span style=\"color: #000000;\">Stabilizare integrat\u0103 : Nu<\/span><\/li>\n<li><span style=\"color: #000000;\">Distan\u021ba minim\u0103 de focalizare : 0,45 m<\/span><\/li>\n<li><span style=\"color: #000000;\">Diametru filtru : 49 mm<\/span><\/li>\n<li><span style=\"color: #000000;\">Dimensiuni : 68,6 x 59,5 mm<\/span><\/li>\n<li><span style=\"color: #000000;\">Greutate : 186 g<\/span><\/li>\n<li><span style=\"color: #000000;\">Con\u021binului cutiei : parasolar, capacul din spate \u0219i din fa\u021b\u0103<\/span><\/li>\n<li><span style=\"color: #000000;\">Garan\u021bie de firm\u0103 : 2 ani<\/span><\/li>\n<\/ul>\n","protected":false},"featured_media":32019,"comment_status":"open","ping_status":"closed","template":"","meta":[],"product_brand":[],"product_cat":[901],"product_tag":[],"class_list":{"0":"post-17514","1":"product","2":"type-product","3":"status-publish","4":"has-post-thumbnail","6":"product_cat-obiective-fixe","8":"first","9":"instock","10":"sale","11":"shipping-taxable","12":"purchasable","13":"product-type-simple"},"yoast_head":"<!-- This site is optimized with the Yoast SEO plugin v27.4 - https:\/\/yoast.com\/product\/yoast-seo-wordpress\/ -->\n<title>SONY FE 50mm F1.8\u00a0| Cel mai bun pre\u021b \u00een Moldova<\/title>\n<meta name=\"description\" content=\"Cump\u0103r\u0103 obiectivul fix SONY FE 50mm F1.8\u00a0 cu garan\u021bie de firm\u0103 | SONY SEL50F18F Chi\u0219in\u0103u\" \/>\n<meta name=\"robots\" content=\"index, follow, max-snippet:-1, max-image-preview:large, max-video-preview:-1\" \/>\n<link rel=\"canonical\" href=\"https:\/\/sonycenter.md\/ro\/magazin\/sel50f18f\/\" \/>\n<meta property=\"og:locale\" content=\"ro_RO\" \/>\n<meta property=\"og:type\" content=\"article\" \/>\n<meta property=\"og:title\" content=\"SONY FE 50mm F1.8\u00a0| Cel mai bun pre\u021b \u00een Moldova\" \/>\n<meta property=\"og:description\" content=\"Cump\u0103r\u0103 obiectivul fix SONY FE 50mm F1.8\u00a0 cu garan\u021bie de firm\u0103 | SONY SEL50F18F Chi\u0219in\u0103u\" \/>\n<meta property=\"og:url\" content=\"https:\/\/sonycenter.md\/ro\/magazin\/sel50f18f\/\" \/>\n<meta property=\"og:site_name\" content=\"SONY\" \/>\n<meta property=\"article:modified_time\" content=\"2026-03-27T08:48:12+00:00\" \/>\n<meta property=\"og:image\" content=\"https:\/\/sonycenter.md\/wp-content\/uploads\/2020\/03\/sel50f18f.jpg\" \/>\n\t<meta property=\"og:image:width\" content=\"600\" \/>\n\t<meta property=\"og:image:height\" content=\"600\" \/>\n\t<meta property=\"og:image:type\" content=\"image\/jpeg\" \/>\n<meta name=\"twitter:card\" content=\"summary_large_image\" \/>\n<meta name=\"twitter:label1\" content=\"Est. reading time\" \/>\n\t<meta name=\"twitter:data1\" content=\"3 minutes\" \/>\n<script type=\"application\/ld+json\" class=\"yoast-schema-graph\">{\"@context\":\"https:\\\/\\\/schema.org\",\"@graph\":[{\"@type\":[\"WebPage\",\"ItemPage\"],\"@id\":\"https:\\\/\\\/sonycenter.md\\\/ro\\\/magazin\\\/sel50f18f\\\/\",\"url\":\"https:\\\/\\\/sonycenter.md\\\/ro\\\/magazin\\\/sel50f18f\\\/\",\"name\":\"SONY FE 50mm F1.8\u00a0| Cel mai bun pre\u021b \u00een Moldova\",\"isPartOf\":{\"@id\":\"http:\\\/\\\/sonycenter.md\\\/ro\\\/#website\"},\"primaryImageOfPage\":{\"@id\":\"https:\\\/\\\/sonycenter.md\\\/ro\\\/magazin\\\/sel50f18f\\\/#primaryimage\"},\"image\":{\"@id\":\"https:\\\/\\\/sonycenter.md\\\/ro\\\/magazin\\\/sel50f18f\\\/#primaryimage\"},\"thumbnailUrl\":\"https:\\\/\\\/sonycenter.md\\\/wp-content\\\/uploads\\\/2020\\\/03\\\/sel50f18f.jpg\",\"datePublished\":\"2020-03-01T10:16:08+00:00\",\"dateModified\":\"2026-03-27T08:48:12+00:00\",\"description\":\"Cump\u0103r\u0103 obiectivul fix SONY FE 50mm F1.8\u00a0 cu garan\u021bie de firm\u0103 | SONY SEL50F18F Chi\u0219in\u0103u\",\"breadcrumb\":{\"@id\":\"https:\\\/\\\/sonycenter.md\\\/ro\\\/magazin\\\/sel50f18f\\\/#breadcrumb\"},\"inLanguage\":\"ro-RO\",\"potentialAction\":[{\"@type\":\"ReadAction\",\"target\":[\"https:\\\/\\\/sonycenter.md\\\/ro\\\/magazin\\\/sel50f18f\\\/\"]}]},{\"@type\":\"ImageObject\",\"inLanguage\":\"ro-RO\",\"@id\":\"https:\\\/\\\/sonycenter.md\\\/ro\\\/magazin\\\/sel50f18f\\\/#primaryimage\",\"url\":\"https:\\\/\\\/sonycenter.md\\\/wp-content\\\/uploads\\\/2020\\\/03\\\/sel50f18f.jpg\",\"contentUrl\":\"https:\\\/\\\/sonycenter.md\\\/wp-content\\\/uploads\\\/2020\\\/03\\\/sel50f18f.jpg\",\"width\":600,\"height\":600,\"caption\":\"SEL50F18F\"},{\"@type\":\"BreadcrumbList\",\"@id\":\"https:\\\/\\\/sonycenter.md\\\/ro\\\/magazin\\\/sel50f18f\\\/#breadcrumb\",\"itemListElement\":[{\"@type\":\"ListItem\",\"position\":1,\"name\":\"\u0413\u043b\u0430\u0432\u043d\u0430\u044f \u0441\u0442\u0440\u0430\u043d\u0438\u0446\u0430\",\"item\":\"https:\\\/\\\/sonycenter.md\\\/ro\\\/\"},{\"@type\":\"ListItem\",\"position\":2,\"name\":\"Magazin\",\"item\":\"https:\\\/\\\/sonycenter.md\\\/shop\\\/\"},{\"@type\":\"ListItem\",\"position\":3,\"name\":\"SEL50F18F\"}]},{\"@type\":\"WebSite\",\"@id\":\"http:\\\/\\\/sonycenter.md\\\/ro\\\/#website\",\"url\":\"http:\\\/\\\/sonycenter.md\\\/ro\\\/\",\"name\":\"sonycenter.md\",\"description\":\"SONYCENTER \u00een Chi\u0219in\u0103u\",\"publisher\":{\"@id\":\"http:\\\/\\\/sonycenter.md\\\/ro\\\/#organization\"},\"potentialAction\":[{\"@type\":\"SearchAction\",\"target\":{\"@type\":\"EntryPoint\",\"urlTemplate\":\"http:\\\/\\\/sonycenter.md\\\/ro\\\/?s={search_term_string}\"},\"query-input\":{\"@type\":\"PropertyValueSpecification\",\"valueRequired\":true,\"valueName\":\"search_term_string\"}}],\"inLanguage\":\"ro-RO\"},{\"@type\":\"Organization\",\"@id\":\"http:\\\/\\\/sonycenter.md\\\/ro\\\/#organization\",\"name\":\"sonycenter.md\",\"url\":\"http:\\\/\\\/sonycenter.md\\\/ro\\\/\",\"logo\":{\"@type\":\"ImageObject\",\"inLanguage\":\"ro-RO\",\"@id\":\"http:\\\/\\\/sonycenter.md\\\/ro\\\/#\\\/schema\\\/logo\\\/image\\\/\",\"url\":\"\",\"contentUrl\":\"\",\"caption\":\"sonycenter.md\"},\"image\":{\"@id\":\"http:\\\/\\\/sonycenter.md\\\/ro\\\/#\\\/schema\\\/logo\\\/image\\\/\"}}]}<\/script>\n<!-- \/ Yoast SEO plugin. -->","yoast_head_json":{"title":"SONY FE 50mm F1.8\u00a0| Cel mai bun pre\u021b \u00een Moldova","description":"Cump\u0103r\u0103 obiectivul fix SONY FE 50mm F1.8\u00a0 cu garan\u021bie de firm\u0103 | SONY SEL50F18F Chi\u0219in\u0103u","robots":{"index":"index","follow":"follow","max-snippet":"max-snippet:-1","max-image-preview":"max-image-preview:large","max-video-preview":"max-video-preview:-1"},"canonical":"https:\/\/sonycenter.md\/ro\/magazin\/sel50f18f\/","og_locale":"ro_RO","og_type":"article","og_title":"SONY FE 50mm F1.8\u00a0| Cel mai bun pre\u021b \u00een Moldova","og_description":"Cump\u0103r\u0103 obiectivul fix SONY FE 50mm F1.8\u00a0 cu garan\u021bie de firm\u0103 | SONY SEL50F18F Chi\u0219in\u0103u","og_url":"https:\/\/sonycenter.md\/ro\/magazin\/sel50f18f\/","og_site_name":"SONY","article_modified_time":"2026-03-27T08:48:12+00:00","og_image":[{"width":600,"height":600,"url":"https:\/\/sonycenter.md\/wp-content\/uploads\/2020\/03\/sel50f18f.jpg","type":"image\/jpeg"}],"twitter_card":"summary_large_image","twitter_misc":{"Est. reading time":"3 minutes"},"schema":{"@context":"https:\/\/schema.org","@graph":[{"@type":["WebPage","ItemPage"],"@id":"https:\/\/sonycenter.md\/ro\/magazin\/sel50f18f\/","url":"https:\/\/sonycenter.md\/ro\/magazin\/sel50f18f\/","name":"SONY FE 50mm F1.8\u00a0| Cel mai bun pre\u021b \u00een Moldova","isPartOf":{"@id":"https:\/\/sonycenter.md\/ro\/#website"},"primaryImageOfPage":{"@id":"https:\/\/sonycenter.md\/ro\/magazin\/sel50f18f\/#primaryimage"},"image":{"@id":"https:\/\/sonycenter.md\/ro\/magazin\/sel50f18f\/#primaryimage"},"thumbnailUrl":"https:\/\/sonycenter.md\/wp-content\/uploads\/2020\/03\/sel50f18f.jpg","datePublished":"2020-03-01T10:16:08+00:00","dateModified":"2026-03-27T08:48:12+00:00","description":"Cump\u0103r\u0103 obiectivul fix SONY FE 50mm F1.8\u00a0 cu garan\u021bie de firm\u0103 | SONY SEL50F18F Chi\u0219in\u0103u","breadcrumb":{"@id":"https:\/\/sonycenter.md\/ro\/magazin\/sel50f18f\/#breadcrumb"},"inLanguage":"ro-RO","potentialAction":[{"@type":"ReadAction","target":["https:\/\/sonycenter.md\/ro\/magazin\/sel50f18f\/"]}]},{"@type":"ImageObject","inLanguage":"ro-RO","@id":"https:\/\/sonycenter.md\/ro\/magazin\/sel50f18f\/#primaryimage","url":"https:\/\/sonycenter.md\/wp-content\/uploads\/2020\/03\/sel50f18f.jpg","contentUrl":"https:\/\/sonycenter.md\/wp-content\/uploads\/2020\/03\/sel50f18f.jpg","width":600,"height":600,"caption":"SEL50F18F"},{"@type":"BreadcrumbList","@id":"https:\/\/sonycenter.md\/ro\/magazin\/sel50f18f\/#breadcrumb","itemListElement":[{"@type":"ListItem","position":1,"name":"\u0413\u043b\u0430\u0432\u043d\u0430\u044f \u0441\u0442\u0440\u0430\u043d\u0438\u0446\u0430","item":"https:\/\/sonycenter.md\/ro\/"},{"@type":"ListItem","position":2,"name":"Magazin","item":"https:\/\/sonycenter.md\/shop\/"},{"@type":"ListItem","position":3,"name":"SEL50F18F"}]},{"@type":"WebSite","@id":"https:\/\/sonycenter.md\/ro\/#website","url":"https:\/\/sonycenter.md\/ro\/","name":"sonycenter.md","description":"SONYCENTER \u00een Chi\u0219in\u0103u","publisher":{"@id":"https:\/\/sonycenter.md\/ro\/#organization"},"potentialAction":[{"@type":"SearchAction","target":{"@type":"EntryPoint","urlTemplate":"https:\/\/sonycenter.md\/ro\/?s={search_term_string}"},"query-input":{"@type":"PropertyValueSpecification","valueRequired":true,"valueName":"search_term_string"}}],"inLanguage":"ro-RO"},{"@type":"Organization","@id":"https:\/\/sonycenter.md\/ro\/#organization","name":"sonycenter.md","url":"https:\/\/sonycenter.md\/ro\/","logo":{"@type":"ImageObject","inLanguage":"ro-RO","@id":"https:\/\/sonycenter.md\/ro\/#\/schema\/logo\/image\/","url":"","contentUrl":"","caption":"sonycenter.md"},"image":{"@id":"https:\/\/sonycenter.md\/ro\/#\/schema\/logo\/image\/"}}]}},"_links":{"self":[{"href":"https:\/\/sonycenter.md\/ro\/wp-json\/wp\/v2\/product\/17514","targetHints":{"allow":["GET"]}}],"collection":[{"href":"https:\/\/sonycenter.md\/ro\/wp-json\/wp\/v2\/product"}],"about":[{"href":"https:\/\/sonycenter.md\/ro\/wp-json\/wp\/v2\/types\/product"}],"replies":[{"embeddable":true,"href":"https:\/\/sonycenter.md\/ro\/wp-json\/wp\/v2\/comments?post=17514"}],"wp:featuredmedia":[{"embeddable":true,"href":"https:\/\/sonycenter.md\/ro\/wp-json\/wp\/v2\/media\/32019"}],"wp:attachment":[{"href":"https:\/\/sonycenter.md\/ro\/wp-json\/wp\/v2\/media?parent=17514"}],"wp:term":[{"taxonomy":"product_brand","embeddable":true,"href":"https:\/\/sonycenter.md\/ro\/wp-json\/wp\/v2\/product_brand?post=17514"},{"taxonomy":"product_cat","embeddable":true,"href":"https:\/\/sonycenter.md\/ro\/wp-json\/wp\/v2\/product_cat?post=17514"},{"taxonomy":"product_tag","embeddable":true,"href":"https:\/\/sonycenter.md\/ro\/wp-json\/wp\/v2\/product_tag?post=17514"}],"curies":[{"name":"wp","href":"https:\/\/api.w.org\/{rel}","templated":true}]}}