{"id":17646,"date":"2020-03-01T12:07:00","date_gmt":"2020-03-01T10:07:00","guid":{"rendered":"https:\/\/sonycenter.md\/shop\/import-placeholder-for-7693\/"},"modified":"2026-01-20T14:44:17","modified_gmt":"2026-01-20T12:44:17","slug":"sel35f18f","status":"publish","type":"product","link":"https:\/\/sonycenter.md\/ro\/magazin\/sel35f18f\/","title":{"rendered":"SEL35F18F"},"content":{"rendered":"<p><span style=\"color: #000000;\">Specifica\u021bii complete pentru <span style=\"color: #0000ff;\"><a style=\"color: #0000ff;\" href=\"https:\/\/sonycenter.md\/ro\/category\/accesorii-foto-video\/obiective\/obiective-fixe\">obiectivul fix<\/a><\/span> SONY FE 35mm F1.8 :<\/span><\/p>\n<div class=\"spec-tile span4 shuffle-item filtered\">\n<figure><span style=\"color: #000000;\"><img decoding=\"async\" class=\"iq-img\" src=\"https:\/\/www.sony.ro\/image\/db1e7dc5cd184ae9187002e4a8fc658f?fmt=png-alpha&amp;wid=378\" alt=\"Imagine cu FE 35mm F1.8\" data-src-phone-highres=\"\/\/www.sony.ro\/image\/db1e7dc5cd184ae9187002e4a8fc658f?fmt=png-alpha&amp;wid=756\" data-src-desktop=\"\/\/www.sony.ro\/image\/db1e7dc5cd184ae9187002e4a8fc658f?fmt=png-alpha&amp;wid=378\" data-src-tablet-highres=\"\/\/www.sony.ro\/image\/db1e7dc5cd184ae9187002e4a8fc658f?fmt=png-alpha&amp;wid=756\" data-id=\"img_db1e7dc5cd184ae9187002e4a8fc658f\" data-src-phone=\"\/\/www.sony.ro\/image\/db1e7dc5cd184ae9187002e4a8fc658f?fmt=png-alpha&amp;wid=378\" data-src-tablet=\"\/\/www.sony.ro\/image\/db1e7dc5cd184ae9187002e4a8fc658f?fmt=png-alpha&amp;wid=378\" data-src-desktop-highres=\"\/\/www.sony.ro\/image\/db1e7dc5cd184ae9187002e4a8fc658f?fmt=png-alpha&amp;wid=756\" data-pushed=\"true\" data-current=\"\/\/www.sony.ro\/image\/db1e7dc5cd184ae9187002e4a8fc658f?fmt=png-alpha&amp;wid=378\" data-hasloaded=\"true\" data-fadeonce=\"true\" \/><\/span><\/figure>\n<div class=\"tile-content\">\n<h3 class=\"t6 tile-title\"><span style=\"color: #000000;\">Full Frame, rapid, compact \u0219i u\u0219or<\/span><\/h3>\n<p class=\"p3\"><span style=\"color: #000000;\">De\u0219i acest obiectiv F1.8 rapid c\u00e2nt\u0103re\u0219te doar 280 g \u0219i are o dimensiune de doar 65,6 x 73 mm, ofer\u0103 o calitate excep\u021bional\u0103 a imaginii, fiind alegerea fireasc\u0103 pentru fotografii \u0219i filme. Este un obiectiv pentru camere Full Frame, dar se \u00een\u021belege bine \u0219i cu corpurile APS-C, oferind o distan\u021b\u0103 focal\u0103 echivalent\u0103 de 52,5 mm, pentru portrete \u0219i instantanee.<\/span><\/p>\n<hr \/>\n<\/div>\n<\/div>\n<div class=\"spec-tile span4 shuffle-item filtered\">\n<figure><span style=\"color: #000000;\"><img decoding=\"async\" class=\"iq-img\" src=\"https:\/\/www.sony.ro\/image\/63f8fa26380f934e4062cf51e82eed04?fmt=png-alpha&amp;wid=378\" alt=\"Imagine cu FE 35mm F1.8\" data-src-phone-highres=\"\/\/www.sony.ro\/image\/63f8fa26380f934e4062cf51e82eed04?fmt=png-alpha&amp;wid=756\" data-src-desktop=\"\/\/www.sony.ro\/image\/63f8fa26380f934e4062cf51e82eed04?fmt=png-alpha&amp;wid=378\" data-src-tablet-highres=\"\/\/www.sony.ro\/image\/63f8fa26380f934e4062cf51e82eed04?fmt=png-alpha&amp;wid=756\" data-id=\"img_63f8fa26380f934e4062cf51e82eed04\" data-src-phone=\"\/\/www.sony.ro\/image\/63f8fa26380f934e4062cf51e82eed04?fmt=png-alpha&amp;wid=378\" data-src-tablet=\"\/\/www.sony.ro\/image\/63f8fa26380f934e4062cf51e82eed04?fmt=png-alpha&amp;wid=378\" data-src-desktop-highres=\"\/\/www.sony.ro\/image\/63f8fa26380f934e4062cf51e82eed04?fmt=png-alpha&amp;wid=756\" data-pushed=\"true\" data-current=\"\/\/www.sony.ro\/image\/63f8fa26380f934e4062cf51e82eed04?fmt=png-alpha&amp;wid=378\" data-hasloaded=\"true\" data-fadeonce=\"true\" \/><\/span><\/figure>\n<div class=\"tile-content\">\n<h3 class=\"t6 tile-title\"><span style=\"color: #000000;\">Rezolu\u0163ie ridicat\u0103 pe \u00eentreaga imagine<\/span><\/h3>\n<p class=\"p3\"><span style=\"color: #000000;\">Un element asferic este integrat strategic \u00een acest obiectiv, pentru a suprima abera\u021biile optice \u0219i a oferi o rezolu\u021bie \u00eenalt\u0103 p\u00e2n\u0103 la periferia imaginii. Efectul bokeh este disponibil c\u00e2nd este nevoie de el, dublat de un mecanism cu diafragm\u0103 circular\u0103 cu 9 lamele, pentru un efect bokeh natural.<\/span><\/p>\n<hr \/>\n<\/div>\n<\/div>\n<div class=\"spec-tile span4 shuffle-item filtered\">\n<figure><span style=\"color: #000000;\"><img decoding=\"async\" class=\"iq-img\" src=\"https:\/\/www.sony.ro\/image\/1cb9a866152b176c09e5b82b8277f4f5?fmt=png-alpha&amp;wid=378\" alt=\"Imagine cu FE 35mm F1.8\" data-src-phone-highres=\"\/\/www.sony.ro\/image\/1cb9a866152b176c09e5b82b8277f4f5?fmt=png-alpha&amp;wid=756\" data-src-desktop=\"\/\/www.sony.ro\/image\/1cb9a866152b176c09e5b82b8277f4f5?fmt=png-alpha&amp;wid=378\" data-src-tablet-highres=\"\/\/www.sony.ro\/image\/1cb9a866152b176c09e5b82b8277f4f5?fmt=png-alpha&amp;wid=756\" data-id=\"img_1cb9a866152b176c09e5b82b8277f4f5\" data-src-phone=\"\/\/www.sony.ro\/image\/1cb9a866152b176c09e5b82b8277f4f5?fmt=png-alpha&amp;wid=378\" data-src-tablet=\"\/\/www.sony.ro\/image\/1cb9a866152b176c09e5b82b8277f4f5?fmt=png-alpha&amp;wid=378\" data-src-desktop-highres=\"\/\/www.sony.ro\/image\/1cb9a866152b176c09e5b82b8277f4f5?fmt=png-alpha&amp;wid=756\" data-pushed=\"true\" data-current=\"\/\/www.sony.ro\/image\/1cb9a866152b176c09e5b82b8277f4f5?fmt=png-alpha&amp;wid=378\" data-hasloaded=\"true\" data-fadeonce=\"true\" \/><\/span><\/figure>\n<div class=\"tile-content\">\n<h3 class=\"t6 tile-title\"><span style=\"color: #000000;\">Urm\u0103rire fiabil\u0103 cu focalizare automat\u0103, pentru orice situa\u021bie<\/span><\/h3>\n<p class=\"p3\"><span style=\"color: #000000;\">La o ad\u00e2ncime mic\u0103 a c\u00e2mpului, disponibil\u0103 la o diafragm\u0103 larg\u0103 de F1.8, focalizarea este esen\u021bial\u0103. R\u0103spunsul rapid \u0219i precizia mare a sistemului de ac\u021bionare a FA, cu motor liniar, asigur\u0103 o func\u021bionare rapid\u0103 \u0219i precis\u0103. FA este disponibil\u0103 nu numai pentru fotografii, ci \u0219i pentru filme, cu func\u021bia \u201ewobbling\u201d, pentru controlul continuu al focaliz\u0103rii.<\/span><\/p>\n<hr \/>\n<\/div>\n<\/div>\n<div class=\"spec-tile span4 shuffle-item filtered\">\n<figure><span style=\"color: #000000;\"><img decoding=\"async\" class=\"iq-img\" src=\"https:\/\/www.sony.ro\/image\/ad0f9ec4b644c3c196c9ec9d7a7be356?fmt=png-alpha&amp;wid=378\" alt=\"Imagine cu FE 35mm F1.8\" data-src-phone-highres=\"\/\/www.sony.ro\/image\/ad0f9ec4b644c3c196c9ec9d7a7be356?fmt=png-alpha&amp;wid=756\" data-src-desktop=\"\/\/www.sony.ro\/image\/ad0f9ec4b644c3c196c9ec9d7a7be356?fmt=png-alpha&amp;wid=378\" data-src-tablet-highres=\"\/\/www.sony.ro\/image\/ad0f9ec4b644c3c196c9ec9d7a7be356?fmt=png-alpha&amp;wid=756\" data-id=\"img_ad0f9ec4b644c3c196c9ec9d7a7be356\" data-src-phone=\"\/\/www.sony.ro\/image\/ad0f9ec4b644c3c196c9ec9d7a7be356?fmt=png-alpha&amp;wid=378\" data-src-tablet=\"\/\/www.sony.ro\/image\/ad0f9ec4b644c3c196c9ec9d7a7be356?fmt=png-alpha&amp;wid=378\" data-src-desktop-highres=\"\/\/www.sony.ro\/image\/ad0f9ec4b644c3c196c9ec9d7a7be356?fmt=png-alpha&amp;wid=756\" data-pushed=\"true\" data-current=\"\/\/www.sony.ro\/image\/ad0f9ec4b644c3c196c9ec9d7a7be356?fmt=png-alpha&amp;wid=378\" data-hasloaded=\"true\" data-fadeonce=\"true\" \/><\/span><\/figure>\n<div class=\"tile-content\">\n<h3 class=\"t6 tile-title\"><span style=\"color: #000000;\">Apropia\u021bi-v\u0103 pentru prim-planuri impresionante<\/span><\/h3>\n<p class=\"p3\"><span style=\"color: #000000;\">Cu o distan\u021b\u0103 de focalizare minim\u0103 de 0,22 m \u0219i un factor de m\u0103rire maxim de 0,24 m, obiectivul este util at\u00e2t pentru prim-planuri, c\u00e2t \u0219i pentru fotografie \u0219i filmare \u00een general. Performan\u021ba optic\u0103 ridicat\u0103 este men\u021binut\u0103 \u0219i la distan\u021b\u0103 mic\u0103, oferind calitatea necesar\u0103 pentru a crea imagini uimitoare ale obiectelor de pe mas\u0103, ale florilor \u0219i ale altor obiecte.<\/span><\/p>\n<hr \/>\n<\/div>\n<\/div>\n<div class=\"spec-tile span4 shuffle-item filtered\">\n<figure><span style=\"color: #000000;\"><img decoding=\"async\" class=\"iq-img\" src=\"https:\/\/www.sony.ro\/image\/1a005c358d4344e1cc9ec755bade600d?fmt=png-alpha&amp;wid=378\" alt=\"Imagine cu FE 35mm F1.8\" data-src-phone-highres=\"\/\/www.sony.ro\/image\/1a005c358d4344e1cc9ec755bade600d?fmt=png-alpha&amp;wid=756\" data-src-desktop=\"\/\/www.sony.ro\/image\/1a005c358d4344e1cc9ec755bade600d?fmt=png-alpha&amp;wid=378\" data-src-tablet-highres=\"\/\/www.sony.ro\/image\/1a005c358d4344e1cc9ec755bade600d?fmt=png-alpha&amp;wid=756\" data-id=\"img_1a005c358d4344e1cc9ec755bade600d\" data-src-phone=\"\/\/www.sony.ro\/image\/1a005c358d4344e1cc9ec755bade600d?fmt=png-alpha&amp;wid=378\" data-src-tablet=\"\/\/www.sony.ro\/image\/1a005c358d4344e1cc9ec755bade600d?fmt=png-alpha&amp;wid=378\" data-src-desktop-highres=\"\/\/www.sony.ro\/image\/1a005c358d4344e1cc9ec755bade600d?fmt=png-alpha&amp;wid=756\" data-pushed=\"true\" data-current=\"\/\/www.sony.ro\/image\/1a005c358d4344e1cc9ec755bade600d?fmt=png-alpha&amp;wid=378\" data-hasloaded=\"true\" data-fadeonce=\"true\" \/><\/span><\/figure>\n<div class=\"tile-content\">\n<h3 class=\"t6 tile-title\"><span style=\"color: #000000;\">Buton personalizat de men\u0163inere a focaliz\u0103rii<\/span><\/h3>\n<p class=\"p3\"><span style=\"color: #000000;\">Un buton de men\u021binere a focaliz\u0103rii, amplasat convenabil, permite men\u021binerea focaliz\u0103rii \u0219i poate fi atribuit altor func\u021bii cu un meniu accesat prin corpul camerei. Butonul de men\u021binere a focaliz\u0103rii poate fi atribuit pentru afi\u0219area liniilor care ajut\u0103 la realizarea compozi\u021biei, pentru reglarea balansului de alb \u0219i pentru alte func\u021bii care contribuie la o fotografiere eficient\u0103 \u0219i versatil\u0103.<\/span><\/p>\n<hr \/>\n<\/div>\n<\/div>\n<div class=\"spec-tile span4 shuffle-item filtered\">\n<figure><span style=\"color: #000000;\"><img decoding=\"async\" class=\"iq-img\" src=\"https:\/\/www.sony.ro\/image\/ad3e842107e9668d951d84c0b55d88d0?fmt=png-alpha&amp;wid=378\" alt=\"Imagine cu FE 35mm F1.8\" data-src-phone-highres=\"\/\/www.sony.ro\/image\/ad3e842107e9668d951d84c0b55d88d0?fmt=png-alpha&amp;wid=756\" data-src-desktop=\"\/\/www.sony.ro\/image\/ad3e842107e9668d951d84c0b55d88d0?fmt=png-alpha&amp;wid=378\" data-src-tablet-highres=\"\/\/www.sony.ro\/image\/ad3e842107e9668d951d84c0b55d88d0?fmt=png-alpha&amp;wid=756\" data-id=\"img_ad3e842107e9668d951d84c0b55d88d0\" data-src-phone=\"\/\/www.sony.ro\/image\/ad3e842107e9668d951d84c0b55d88d0?fmt=png-alpha&amp;wid=378\" data-src-tablet=\"\/\/www.sony.ro\/image\/ad3e842107e9668d951d84c0b55d88d0?fmt=png-alpha&amp;wid=378\" data-src-desktop-highres=\"\/\/www.sony.ro\/image\/ad3e842107e9668d951d84c0b55d88d0?fmt=png-alpha&amp;wid=756\" data-pushed=\"true\" data-current=\"\/\/www.sony.ro\/image\/ad3e842107e9668d951d84c0b55d88d0?fmt=png-alpha&amp;wid=378\" data-hasloaded=\"true\" data-fadeonce=\"true\" \/><\/span><\/figure>\n<div class=\"tile-content\">\n<h3 class=\"t6 tile-title\"><span style=\"color: #000000;\">Comutare u\u0219oar\u0103 \u00eentre focalizarea manual\u0103 \u0219i cea automat\u0103<\/span><\/h3>\n<p class=\"p3\"><span style=\"color: #000000;\">Un comutator care permite comutarea instantanee \u00eentre focalizarea automat\u0103 \u0219i manual\u0103 poate reprezenta un avantaj important c\u00e2nd fotografia\u021bi subiecte sau situa\u021bii care necesit\u0103 ajustarea fin\u0103 a focaliz\u0103rii manuale.<\/span><\/p>\n<hr \/>\n<\/div>\n<\/div>\n<div class=\"spec-tile span4 shuffle-item filtered\">\n<figure><span style=\"color: #000000;\"><img decoding=\"async\" class=\"iq-img\" src=\"https:\/\/www.sony.ro\/image\/483135a51f579b4663acf52c8559fdb6?fmt=png-alpha&amp;wid=378\" alt=\"Imagine cu FE 35mm F1.8\" data-src-phone-highres=\"\/\/www.sony.ro\/image\/483135a51f579b4663acf52c8559fdb6?fmt=png-alpha&amp;wid=756\" data-src-desktop=\"\/\/www.sony.ro\/image\/483135a51f579b4663acf52c8559fdb6?fmt=png-alpha&amp;wid=378\" data-src-tablet-highres=\"\/\/www.sony.ro\/image\/483135a51f579b4663acf52c8559fdb6?fmt=png-alpha&amp;wid=756\" data-id=\"img_483135a51f579b4663acf52c8559fdb6\" data-src-phone=\"\/\/www.sony.ro\/image\/483135a51f579b4663acf52c8559fdb6?fmt=png-alpha&amp;wid=378\" data-src-tablet=\"\/\/www.sony.ro\/image\/483135a51f579b4663acf52c8559fdb6?fmt=png-alpha&amp;wid=378\" data-src-desktop-highres=\"\/\/www.sony.ro\/image\/483135a51f579b4663acf52c8559fdb6?fmt=png-alpha&amp;wid=756\" data-pushed=\"true\" data-current=\"\/\/www.sony.ro\/image\/483135a51f579b4663acf52c8559fdb6?fmt=png-alpha&amp;wid=378\" data-hasloaded=\"true\" data-fadeonce=\"true\" \/><\/span><\/figure>\n<div class=\"tile-content\">\n<h3 class=\"t6 tile-title\"><span style=\"color: #000000;\">R\u0103spuns natural, liniar, pentru focalizarea manual\u0103<\/span><\/h3>\n<p class=\"p3\"><span style=\"color: #000000;\">Cu focalizarea manual\u0103 cu r\u0103spuns liniar, inelul de focalizare r\u0103spunde direct \u0219i liniar la controlul subtil atunci c\u00e2nd se focalizeaz\u0103 manual. Rotirea inelului de focalizare se traduce direct printr-o schimbare corespunz\u0103toare a focaliz\u0103rii, astfel \u00eenc\u00e2t controlul se simte imediat \u0219i este precis.<\/span><\/p>\n<hr \/>\n<\/div>\n<\/div>\n<div class=\"spec-tile span4 shuffle-item filtered\">\n<figure><span style=\"color: #000000;\"><img decoding=\"async\" class=\"iq-img\" src=\"https:\/\/www.sony.ro\/image\/edfe52f3acde44f7178dca685c2cd3c0?fmt=jpeg&amp;wid=378&amp;qlt=85\" alt=\"Imagine cu FE 35mm F1.8\" data-src-phone-highres=\"\/\/www.sony.ro\/image\/edfe52f3acde44f7178dca685c2cd3c0?fmt=jpeg&amp;wid=756\" data-src-desktop=\"\/\/www.sony.ro\/image\/edfe52f3acde44f7178dca685c2cd3c0?fmt=jpeg&amp;wid=378\" data-src-tablet-highres=\"\/\/www.sony.ro\/image\/edfe52f3acde44f7178dca685c2cd3c0?fmt=jpeg&amp;wid=756\" data-id=\"img_edfe52f3acde44f7178dca685c2cd3c0\" data-src-phone=\"\/\/www.sony.ro\/image\/edfe52f3acde44f7178dca685c2cd3c0?fmt=jpeg&amp;wid=378\" data-src-tablet=\"\/\/www.sony.ro\/image\/edfe52f3acde44f7178dca685c2cd3c0?fmt=jpeg&amp;wid=378\" data-src-desktop-highres=\"\/\/www.sony.ro\/image\/edfe52f3acde44f7178dca685c2cd3c0?fmt=jpeg&amp;wid=756\" data-pushed=\"true\" data-current=\"\/\/www.sony.ro\/image\/edfe52f3acde44f7178dca685c2cd3c0?fmt=jpeg&amp;wid=378\" data-hasloaded=\"true\" data-fadeonce=\"true\" \/><\/span><\/figure>\n<div class=\"tile-content\">\n<h3 class=\"t6 tile-title\"><span style=\"color: #000000;\">Design rezistent la praf \u015fi la umezeal\u0103<\/span><\/h3>\n<p class=\"p3\"><span style=\"color: #000000;\">Designul rezistent la praf \u0219i umiditate asigur\u0103 fiabilitatea necesar\u0103 pentru utilizarea \u00een exterior, \u00een condi\u021bii dure.<\/span><\/p>\n<\/div>\n<\/div>\n","protected":false},"excerpt":{"rendered":"<ul>\n<li><span style=\"color: #000000;\">SONY FE 35mm F1.8<\/span><\/li>\n<li><span style=\"color: #000000;\">Baioneta : SONY E-Mount<\/span><\/li>\n<li><span style=\"color: #000000;\">Format : Full Frame , 35 mm<\/span><\/li>\n<li><span style=\"color: #000000;\">Distan\u021b\u0103 focal\u0103 : f=35 mm<\/span><\/li>\n<li><span style=\"color: #000000;\">Valoarea maxim\u0103 a diafragmei : F1.8<\/span><\/li>\n<li><span style=\"color: #000000;\">Valoarea minim\u0103 a diafragmei : F22<\/span><\/li>\n<li><span style=\"color: #000000;\">Lamele diafragmei : 9<\/span><\/li>\n<li><span style=\"color: #000000;\">Stabilizare integrat\u0103 : Nu<\/span><\/li>\n<li><span style=\"color: #000000;\">Distan\u021ba minim\u0103 de focalizare : 0,22 m<\/span><\/li>\n<li><span style=\"color: #000000;\">Diametru filtru : 55 mm<\/span><\/li>\n<li><span style=\"color: #000000;\">Dimensiuni : 65,6 x 73 mm<\/span><\/li>\n<li><span style=\"color: #000000;\">Greutate : 280 g<\/span><\/li>\n<li><span style=\"color: #000000;\">Con\u021binului cutiei : parasolar, capacul din spate \u0219i din fa\u021b\u0103<\/span><\/li>\n<li><span style=\"color: #000000;\">Garan\u021bie de firm\u0103 : 2 ani<\/span><\/li>\n<\/ul>\n","protected":false},"featured_media":17690,"comment_status":"open","ping_status":"closed","template":"","meta":[],"product_brand":[],"product_cat":[901],"product_tag":[],"class_list":{"0":"post-17646","1":"product","2":"type-product","3":"status-publish","4":"has-post-thumbnail","6":"product_cat-obiective-fixe","8":"first","9":"instock","10":"shipping-taxable","11":"purchasable","12":"product-type-simple"},"yoast_head":"<!-- This site is optimized with the Yoast SEO plugin v26.3 - https:\/\/yoast.com\/wordpress\/plugins\/seo\/ -->\n<title>SONY FE 35mm F1.8 | SEL35F18F cu garan\u021bie de firm\u0103 2 ani<\/title>\n<meta name=\"description\" content=\"Cump\u0103r\u0103 obiectivul fix cu diafragm\u0103 larg deschis\u0103 SONY FE 35mm F1.8 cu garan\u021bie oficial\u0103 2 ani | Magazinul SonyCenter \u00een Chi\u0219in\u0103u\" \/>\n<meta name=\"robots\" content=\"index, follow, max-snippet:-1, max-image-preview:large, max-video-preview:-1\" \/>\n<link rel=\"canonical\" href=\"https:\/\/sonycenter.md\/ro\/magazin\/sel35f18f\/\" \/>\n<meta property=\"og:locale\" content=\"ro_RO\" \/>\n<meta property=\"og:type\" content=\"article\" \/>\n<meta property=\"og:title\" content=\"SONY FE 35mm F1.8 | SEL35F18F cu garan\u021bie de firm\u0103 2 ani\" \/>\n<meta property=\"og:description\" content=\"Cump\u0103r\u0103 obiectivul fix cu diafragm\u0103 larg deschis\u0103 SONY FE 35mm F1.8 cu garan\u021bie oficial\u0103 2 ani | Magazinul SonyCenter \u00een Chi\u0219in\u0103u\" \/>\n<meta property=\"og:url\" content=\"https:\/\/sonycenter.md\/ro\/magazin\/sel35f18f\/\" \/>\n<meta property=\"og:site_name\" content=\"SONY\" \/>\n<meta property=\"article:modified_time\" content=\"2026-01-20T12:44:17+00:00\" \/>\n<meta property=\"og:image\" content=\"https:\/\/sonycenter.md\/wp-content\/uploads\/2020\/03\/35f18f.jpg\" \/>\n\t<meta property=\"og:image:width\" content=\"600\" \/>\n\t<meta property=\"og:image:height\" content=\"600\" \/>\n\t<meta property=\"og:image:type\" content=\"image\/jpeg\" \/>\n<meta name=\"twitter:card\" content=\"summary_large_image\" \/>\n<meta name=\"twitter:label1\" content=\"Est. reading time\" \/>\n\t<meta name=\"twitter:data1\" content=\"5 minutes\" \/>\n<script type=\"application\/ld+json\" class=\"yoast-schema-graph\">{\"@context\":\"https:\/\/schema.org\",\"@graph\":[{\"@type\":[\"WebPage\",\"ItemPage\"],\"@id\":\"https:\/\/sonycenter.md\/ro\/magazin\/sel35f18f\/\",\"url\":\"https:\/\/sonycenter.md\/ro\/magazin\/sel35f18f\/\",\"name\":\"SONY FE 35mm F1.8 | SEL35F18F cu garan\u021bie de firm\u0103 2 ani\",\"isPartOf\":{\"@id\":\"https:\/\/sonycenter.md\/ro\/#website\"},\"primaryImageOfPage\":{\"@id\":\"https:\/\/sonycenter.md\/ro\/magazin\/sel35f18f\/#primaryimage\"},\"image\":{\"@id\":\"https:\/\/sonycenter.md\/ro\/magazin\/sel35f18f\/#primaryimage\"},\"thumbnailUrl\":\"https:\/\/sonycenter.md\/wp-content\/uploads\/2020\/03\/35f18f.jpg\",\"datePublished\":\"2020-03-01T10:07:00+00:00\",\"dateModified\":\"2026-01-20T12:44:17+00:00\",\"description\":\"Cump\u0103r\u0103 obiectivul fix cu diafragm\u0103 larg deschis\u0103 SONY FE 35mm F1.8 cu garan\u021bie oficial\u0103 2 ani | Magazinul SonyCenter \u00een Chi\u0219in\u0103u\",\"breadcrumb\":{\"@id\":\"https:\/\/sonycenter.md\/ro\/magazin\/sel35f18f\/#breadcrumb\"},\"inLanguage\":\"ro-RO\",\"potentialAction\":[{\"@type\":\"ReadAction\",\"target\":[\"https:\/\/sonycenter.md\/ro\/magazin\/sel35f18f\/\"]}]},{\"@type\":\"ImageObject\",\"inLanguage\":\"ro-RO\",\"@id\":\"https:\/\/sonycenter.md\/ro\/magazin\/sel35f18f\/#primaryimage\",\"url\":\"https:\/\/sonycenter.md\/wp-content\/uploads\/2020\/03\/35f18f.jpg\",\"contentUrl\":\"https:\/\/sonycenter.md\/wp-content\/uploads\/2020\/03\/35f18f.jpg\",\"width\":600,\"height\":600,\"caption\":\"SEL35F18F\"},{\"@type\":\"BreadcrumbList\",\"@id\":\"https:\/\/sonycenter.md\/ro\/magazin\/sel35f18f\/#breadcrumb\",\"itemListElement\":[{\"@type\":\"ListItem\",\"position\":1,\"name\":\"\u0413\u043b\u0430\u0432\u043d\u0430\u044f \u0441\u0442\u0440\u0430\u043d\u0438\u0446\u0430\",\"item\":\"https:\/\/sonycenter.md\/ro\/\"},{\"@type\":\"ListItem\",\"position\":2,\"name\":\"Magazin\",\"item\":\"https:\/\/sonycenter.md\/shop\/\"},{\"@type\":\"ListItem\",\"position\":3,\"name\":\"SEL35F18F\"}]},{\"@type\":\"WebSite\",\"@id\":\"https:\/\/sonycenter.md\/ro\/#website\",\"url\":\"https:\/\/sonycenter.md\/ro\/\",\"name\":\"sonycenter.md\",\"description\":\"SONYCENTER \u00een Chi\u0219in\u0103u\",\"publisher\":{\"@id\":\"https:\/\/sonycenter.md\/ro\/#organization\"},\"potentialAction\":[{\"@type\":\"SearchAction\",\"target\":{\"@type\":\"EntryPoint\",\"urlTemplate\":\"https:\/\/sonycenter.md\/ro\/?s={search_term_string}\"},\"query-input\":{\"@type\":\"PropertyValueSpecification\",\"valueRequired\":true,\"valueName\":\"search_term_string\"}}],\"inLanguage\":\"ro-RO\"},{\"@type\":\"Organization\",\"@id\":\"https:\/\/sonycenter.md\/ro\/#organization\",\"name\":\"sonycenter.md\",\"url\":\"https:\/\/sonycenter.md\/ro\/\",\"logo\":{\"@type\":\"ImageObject\",\"inLanguage\":\"ro-RO\",\"@id\":\"https:\/\/sonycenter.md\/ro\/#\/schema\/logo\/image\/\",\"url\":\"\",\"contentUrl\":\"\",\"caption\":\"sonycenter.md\"},\"image\":{\"@id\":\"https:\/\/sonycenter.md\/ro\/#\/schema\/logo\/image\/\"}}]}<\/script>\n<!-- \/ Yoast SEO plugin. -->","yoast_head_json":{"title":"SONY FE 35mm F1.8 | SEL35F18F cu garan\u021bie de firm\u0103 2 ani","description":"Cump\u0103r\u0103 obiectivul fix cu diafragm\u0103 larg deschis\u0103 SONY FE 35mm F1.8 cu garan\u021bie oficial\u0103 2 ani | Magazinul SonyCenter \u00een Chi\u0219in\u0103u","robots":{"index":"index","follow":"follow","max-snippet":"max-snippet:-1","max-image-preview":"max-image-preview:large","max-video-preview":"max-video-preview:-1"},"canonical":"https:\/\/sonycenter.md\/ro\/magazin\/sel35f18f\/","og_locale":"ro_RO","og_type":"article","og_title":"SONY FE 35mm F1.8 | SEL35F18F cu garan\u021bie de firm\u0103 2 ani","og_description":"Cump\u0103r\u0103 obiectivul fix cu diafragm\u0103 larg deschis\u0103 SONY FE 35mm F1.8 cu garan\u021bie oficial\u0103 2 ani | Magazinul SonyCenter \u00een Chi\u0219in\u0103u","og_url":"https:\/\/sonycenter.md\/ro\/magazin\/sel35f18f\/","og_site_name":"SONY","article_modified_time":"2026-01-20T12:44:17+00:00","og_image":[{"width":600,"height":600,"url":"https:\/\/sonycenter.md\/wp-content\/uploads\/2020\/03\/35f18f.jpg","type":"image\/jpeg"}],"twitter_card":"summary_large_image","twitter_misc":{"Est. reading time":"5 minutes"},"schema":{"@context":"https:\/\/schema.org","@graph":[{"@type":["WebPage","ItemPage"],"@id":"https:\/\/sonycenter.md\/ro\/magazin\/sel35f18f\/","url":"https:\/\/sonycenter.md\/ro\/magazin\/sel35f18f\/","name":"SONY FE 35mm F1.8 | SEL35F18F cu garan\u021bie de firm\u0103 2 ani","isPartOf":{"@id":"https:\/\/sonycenter.md\/ro\/#website"},"primaryImageOfPage":{"@id":"https:\/\/sonycenter.md\/ro\/magazin\/sel35f18f\/#primaryimage"},"image":{"@id":"https:\/\/sonycenter.md\/ro\/magazin\/sel35f18f\/#primaryimage"},"thumbnailUrl":"https:\/\/sonycenter.md\/wp-content\/uploads\/2020\/03\/35f18f.jpg","datePublished":"2020-03-01T10:07:00+00:00","dateModified":"2026-01-20T12:44:17+00:00","description":"Cump\u0103r\u0103 obiectivul fix cu diafragm\u0103 larg deschis\u0103 SONY FE 35mm F1.8 cu garan\u021bie oficial\u0103 2 ani | Magazinul SonyCenter \u00een Chi\u0219in\u0103u","breadcrumb":{"@id":"https:\/\/sonycenter.md\/ro\/magazin\/sel35f18f\/#breadcrumb"},"inLanguage":"ro-RO","potentialAction":[{"@type":"ReadAction","target":["https:\/\/sonycenter.md\/ro\/magazin\/sel35f18f\/"]}]},{"@type":"ImageObject","inLanguage":"ro-RO","@id":"https:\/\/sonycenter.md\/ro\/magazin\/sel35f18f\/#primaryimage","url":"https:\/\/sonycenter.md\/wp-content\/uploads\/2020\/03\/35f18f.jpg","contentUrl":"https:\/\/sonycenter.md\/wp-content\/uploads\/2020\/03\/35f18f.jpg","width":600,"height":600,"caption":"SEL35F18F"},{"@type":"BreadcrumbList","@id":"https:\/\/sonycenter.md\/ro\/magazin\/sel35f18f\/#breadcrumb","itemListElement":[{"@type":"ListItem","position":1,"name":"\u0413\u043b\u0430\u0432\u043d\u0430\u044f \u0441\u0442\u0440\u0430\u043d\u0438\u0446\u0430","item":"https:\/\/sonycenter.md\/ro\/"},{"@type":"ListItem","position":2,"name":"Magazin","item":"https:\/\/sonycenter.md\/shop\/"},{"@type":"ListItem","position":3,"name":"SEL35F18F"}]},{"@type":"WebSite","@id":"https:\/\/sonycenter.md\/ro\/#website","url":"https:\/\/sonycenter.md\/ro\/","name":"sonycenter.md","description":"SONYCENTER \u00een Chi\u0219in\u0103u","publisher":{"@id":"https:\/\/sonycenter.md\/ro\/#organization"},"potentialAction":[{"@type":"SearchAction","target":{"@type":"EntryPoint","urlTemplate":"https:\/\/sonycenter.md\/ro\/?s={search_term_string}"},"query-input":{"@type":"PropertyValueSpecification","valueRequired":true,"valueName":"search_term_string"}}],"inLanguage":"ro-RO"},{"@type":"Organization","@id":"https:\/\/sonycenter.md\/ro\/#organization","name":"sonycenter.md","url":"https:\/\/sonycenter.md\/ro\/","logo":{"@type":"ImageObject","inLanguage":"ro-RO","@id":"https:\/\/sonycenter.md\/ro\/#\/schema\/logo\/image\/","url":"","contentUrl":"","caption":"sonycenter.md"},"image":{"@id":"https:\/\/sonycenter.md\/ro\/#\/schema\/logo\/image\/"}}]}},"_links":{"self":[{"href":"https:\/\/sonycenter.md\/ro\/wp-json\/wp\/v2\/product\/17646","targetHints":{"allow":["GET"]}}],"collection":[{"href":"https:\/\/sonycenter.md\/ro\/wp-json\/wp\/v2\/product"}],"about":[{"href":"https:\/\/sonycenter.md\/ro\/wp-json\/wp\/v2\/types\/product"}],"replies":[{"embeddable":true,"href":"https:\/\/sonycenter.md\/ro\/wp-json\/wp\/v2\/comments?post=17646"}],"wp:featuredmedia":[{"embeddable":true,"href":"https:\/\/sonycenter.md\/ro\/wp-json\/wp\/v2\/media\/17690"}],"wp:attachment":[{"href":"https:\/\/sonycenter.md\/ro\/wp-json\/wp\/v2\/media?parent=17646"}],"wp:term":[{"taxonomy":"product_brand","embeddable":true,"href":"https:\/\/sonycenter.md\/ro\/wp-json\/wp\/v2\/product_brand?post=17646"},{"taxonomy":"product_cat","embeddable":true,"href":"https:\/\/sonycenter.md\/ro\/wp-json\/wp\/v2\/product_cat?post=17646"},{"taxonomy":"product_tag","embeddable":true,"href":"https:\/\/sonycenter.md\/ro\/wp-json\/wp\/v2\/product_tag?post=17646"}],"curies":[{"name":"wp","href":"https:\/\/api.w.org\/{rel}","templated":true}]}}