{"id":19149,"date":"2020-03-26T15:59:29","date_gmt":"2020-03-26T13:59:29","guid":{"rendered":"https:\/\/sonycenter.md\/shop\/ubpx700-3\/"},"modified":"2026-03-12T18:02:27","modified_gmt":"2026-03-12T16:02:27","slug":"ubpx700-3","status":"publish","type":"product","link":"https:\/\/sonycenter.md\/ro\/magazin\/ubpx700-3\/","title":{"rendered":"UBPX700K"},"content":{"rendered":"<table>\n<tbody>\n<tr>\n<td width=\"169\"><span style=\"color: #000000;\"><strong>Dimensiune \u015fi greutate<\/strong><\/span><\/td>\n<td width=\"198\"><\/td>\n<td width=\"190\"><\/td>\n<\/tr>\n<tr>\n<td><span style=\"color: #000000;\"><strong>\u00a0<\/strong><\/span><\/td>\n<td><span style=\"color: #000000;\"><strong>DIMENSIUNI (L X H X A)<\/strong><\/span><\/td>\n<td><span style=\"color: #000000;\">320 mm x 45 mm x 217 mm (l\u0103\u0163ime x \u00een\u0103l\u0163ime x ad\u00e2ncime)<\/span><\/td>\n<\/tr>\n<tr>\n<td><span style=\"color: #000000;\"><strong>\u00a0<\/strong><\/span><\/td>\n<td><span style=\"color: #000000;\"><strong>GREUTATE<\/strong><\/span><\/td>\n<td><span style=\"color: #000000;\">1,4 kg<\/span><\/td>\n<\/tr>\n<tr>\n<td><span style=\"color: #000000;\"><strong>Capacitate de redare<\/strong><\/span><\/td>\n<td><\/td>\n<td><\/td>\n<\/tr>\n<tr>\n<td><span style=\"color: #000000;\"><strong>\u00a0<\/strong><\/span><\/td>\n<td><span style=\"color: #000000;\"><strong>DISC<\/strong><\/span><\/td>\n<td><span style=\"color: #000000;\">BD-RE, BD-RE cu strat dublu, BD-ROM\u2122, Blu-ray Ultra HD, CD (CD-DA), CD-R\/-RW, DVD+R, DVD+R strat dublu, DVD+RW, DVD-R, DVD-RW, DVD-Video, Redare SA-CD (SA-CD\/CD), Stereoscopic 3D (profil 5), Strat dublu DVD+R<\/span><\/td>\n<\/tr>\n<tr>\n<td><span style=\"color: #000000;\"><strong>\u00a0<\/strong><\/span><\/td>\n<td><span style=\"color: #000000;\"><strong>FORMAT VIDEO<\/strong><\/span><\/td>\n<td><span style=\"color: #000000;\">Format disc AVCHD, HEVC, Motion JPEG (.mov, .avi), MPEG-1 Video\/PS (.mpg .MPEG, .mkv).VOB, .VRO, MPEG-2 Video\/PS, TS (.mpg.MPEG, .m2ts, .mts, .mkv).VOB, .VRO, MPEG-4\/AVC (.mov, 3gp, .3g2, .3gpp, .3gpp2, .flv), MPEG-4 AVC (.mkv, .mp4, .m4v, .m2ts, .mts), VC1 (.m2ts, .mts, .mkv), VP6, VP8, VP9, WMV9 (.wmv, .asf, .mkv), Xvid (.avi, .mkv)<\/span><\/td>\n<\/tr>\n<tr>\n<td><span style=\"color: #000000;\"><strong>\u00a0<\/strong><\/span><\/td>\n<td><span style=\"color: #000000;\"><strong>FORMAT AUDIO<\/strong><\/span><\/td>\n<td><span style=\"color: #000000;\">AAC (.AAC, .mka), AIFF (.aiff, .aif), ALAC (.m4a), Dolby Digital (.ac3, .mka), DSD &#8211; DSDIFF\/DSD (.dff, .dsf), FLAC (.flac, .fla), HEAAC v.1\/v.2\/level2, LPCM (.mka), Mokey&#8217;s Audio, Vorbis, WMA10 Pro, WMA9 Standard (.WMA)<\/span><\/td>\n<\/tr>\n<tr>\n<td><span style=\"color: #000000;\"><strong>\u00a0<\/strong><\/span><\/td>\n<td><span style=\"color: #000000;\"><strong>FORMATE FOTO<\/strong><\/span><\/td>\n<td><span style=\"color: #000000;\">BMP (.bmp), GIF (.gif), JPEG (.jpg, .jpeg), MPO MPF 3D (.mpo), PNG (.png), WEBP (.webp)<\/span><\/td>\n<\/tr>\n<tr>\n<td><span style=\"color: #000000;\"><strong>Caracteristici imagine \u015fi audio<\/strong><\/span><\/td>\n<td><\/td>\n<td><\/td>\n<\/tr>\n<tr>\n<td><span style=\"color: #000000;\"><strong>\u00a0<\/strong><\/span><\/td>\n<td><span style=\"color: #000000;\"><strong>CARACTERISTIC\u0102 IMAGINE<\/strong><\/span><\/td>\n<td><span style=\"color: #000000;\">24p True Cinema\u2122, Conversie extins\u0103 la 4K (60p), Deep Colour (12 bi\u0163i)<\/span><\/td>\n<\/tr>\n<tr>\n<td><span style=\"color: #000000;\"><strong>\u00a0<\/strong><\/span><\/td>\n<td><span style=\"color: #000000;\"><strong>CERTIFICARE SUNET DE \u00ceNALT\u0102 REZOLU\u0162IE<\/strong><\/span><\/td>\n<td><span style=\"color: #000000;\">Nu<\/span><\/td>\n<\/tr>\n<tr>\n<td><span style=\"color: #000000;\"><strong>\u00a0<\/strong><\/span><\/td>\n<td><span style=\"color: #000000;\"><strong>DOLBY\u00ae<\/strong><\/span><\/td>\n<td><span style=\"color: #000000;\">Decodificare Dolby Atmos\u00ae (ie\u015fire \u00een flux de bi\u0163i)\/Dolby\u00ae TrueHD (7.1 canale)<\/span><\/td>\n<\/tr>\n<tr>\n<td><span style=\"color: #000000;\"><strong>\u00a0<\/strong><\/span><\/td>\n<td><span style=\"color: #000000;\"><strong>DTS\u00ae<\/strong><\/span><\/td>\n<td><span style=\"color: #000000;\">DTS:X\u2122 (ie\u015fire flux de bi\u0163i)\/decodare DTS (7.1 canale)<\/span><\/td>\n<\/tr>\n<tr>\n<td><span style=\"color: #000000;\"><strong>\u00a0<\/strong><\/span><\/td>\n<td><span style=\"color: #000000;\"><strong>DSEE-HX<\/strong><\/span><\/td>\n<td><span style=\"color: #000000;\">Nu<\/span><\/td>\n<\/tr>\n<tr>\n<td><span style=\"color: #000000;\"><strong>\u00a0<\/strong><\/span><\/td>\n<td><span style=\"color: #000000;\"><strong>BLUETOOTH\u00ae<\/strong><\/span><\/td>\n<td><span style=\"color: #000000;\">Nu<\/span><\/td>\n<\/tr>\n<tr>\n<td><\/td>\n<td><\/td>\n<td><\/td>\n<\/tr>\n<tr>\n<td><\/td>\n<td><\/td>\n<td><\/td>\n<\/tr>\n<tr>\n<td><span style=\"color: #000000;\"><strong>Contacte<\/strong><\/span><\/td>\n<td><\/td>\n<td><\/td>\n<\/tr>\n<tr>\n<td><span style=\"color: #000000;\"><strong>\u00a0<\/strong><\/span><\/td>\n<td><span style=\"color: #000000;\"><strong>INTRARE \u015eI IE\u015eIRE<\/strong><\/span><\/td>\n<td><span style=\"color: #000000;\">Conexiuni Ethernet: 1 (spate), Ie\u0219iri audio coaxiale: 1 (spate), Ie\u0219iri HDMI: 2 (spate), Intr\u0103ri USB: 1 (fa\u021b\u0103)<\/span><\/td>\n<\/tr>\n<tr>\n<td><span style=\"color: #000000;\"><strong>Alimentare<\/strong><\/span><\/td>\n<td><\/td>\n<td><\/td>\n<\/tr>\n<tr>\n<td><span style=\"color: #000000;\"><strong>\u00a0<\/strong><\/span><\/td>\n<td><span style=\"color: #000000;\"><strong>CONSUM DE ENERGIE<\/strong><\/span><\/td>\n<td><span style=\"color: #000000;\">15 W \u00een func\u0163iune, 0,35 W \u00een standby<\/span><\/td>\n<\/tr>\n<\/tbody>\n<\/table>\n","protected":false},"excerpt":{"rendered":"<ul>\n<li><span style=\"color: #000000;\">Descoperi\u0163i claritatea vizual\u0103 de neegalat a formatului Blu-ray\u2122 Ultra HD 4K<\/span><\/li>\n<li><span style=\"color: #000000;\">Reda\u0163i aproape orice format de disc \u0219i fi\u0219ier<\/span><\/li>\n<li><span style=\"color: #000000;\">Imagine uimitoare cu conversie extins\u0103 la 4K p\u00e2n\u0103 la 60p<\/span><\/li>\n<li><span style=\"color: #000000;\">Ie\u015firile HDMI duale pentru separarea A\/V \u0219i un sunet mai clar<\/span><\/li>\n<\/ul>\n","protected":false},"featured_media":8911,"comment_status":"open","ping_status":"closed","template":"","meta":[],"product_brand":[],"product_cat":[779],"product_tag":[],"class_list":{"0":"post-19149","1":"product","2":"type-product","3":"status-publish","4":"has-post-thumbnail","6":"product_cat-playere-blu-ray","8":"first","9":"outofstock","10":"shipping-taxable","11":"purchasable","12":"product-type-simple"},"yoast_head":"<!-- This site is optimized with the Yoast SEO plugin v26.3 - https:\/\/yoast.com\/wordpress\/plugins\/seo\/ -->\n<title>UBPX700K | sonycenter.md<\/title>\n<meta name=\"description\" content=\"UBPX700K - \u043a\u0443\u043f\u0438\u0442\u044c \u0432 \u041a\u0438\u0448\u0438\u043d\u0435\u0432\u0435. \u0428\u0438\u0440\u043e\u043a\u0438\u0439 \u0430\u0441\u0441\u043e\u0440\u0442\u0438\u043c\u0435\u043d\u0442 \u043f\u0440\u043e\u0434\u0443\u043a\u0446\u0438\u0438 SONY \u0432 \u0444\u0438\u0440\u043c\u0435\u043d\u043d\u043e\u043c \u043c\u0430\u0433\u0430\u0437\u0438\u043d\u0435 SONY\" \/>\n<meta name=\"robots\" content=\"index, follow, max-snippet:-1, max-image-preview:large, max-video-preview:-1\" \/>\n<link rel=\"canonical\" href=\"https:\/\/sonycenter.md\/ro\/magazin\/ubpx700-3\/\" \/>\n<meta property=\"og:locale\" content=\"ro_RO\" \/>\n<meta property=\"og:type\" content=\"article\" \/>\n<meta property=\"og:title\" content=\"UBPX700K | sonycenter.md\" \/>\n<meta property=\"og:description\" content=\"UBPX700K - \u043a\u0443\u043f\u0438\u0442\u044c \u0432 \u041a\u0438\u0448\u0438\u043d\u0435\u0432\u0435. \u0428\u0438\u0440\u043e\u043a\u0438\u0439 \u0430\u0441\u0441\u043e\u0440\u0442\u0438\u043c\u0435\u043d\u0442 \u043f\u0440\u043e\u0434\u0443\u043a\u0446\u0438\u0438 SONY \u0432 \u0444\u0438\u0440\u043c\u0435\u043d\u043d\u043e\u043c \u043c\u0430\u0433\u0430\u0437\u0438\u043d\u0435 SONY\" \/>\n<meta property=\"og:url\" content=\"https:\/\/sonycenter.md\/ro\/magazin\/ubpx700-3\/\" \/>\n<meta property=\"og:site_name\" content=\"SONY\" \/>\n<meta property=\"article:modified_time\" content=\"2026-03-12T16:02:27+00:00\" \/>\n<meta property=\"og:image\" content=\"https:\/\/sonycenter.md\/wp-content\/uploads\/2018\/02\/x700.jpg\" \/>\n\t<meta property=\"og:image:width\" content=\"600\" \/>\n\t<meta property=\"og:image:height\" content=\"600\" \/>\n\t<meta property=\"og:image:type\" content=\"image\/jpeg\" \/>\n<meta name=\"twitter:card\" content=\"summary_large_image\" \/>\n<meta name=\"twitter:label1\" content=\"Est. reading time\" \/>\n\t<meta name=\"twitter:data1\" content=\"2 minutes\" \/>\n<script type=\"application\/ld+json\" class=\"yoast-schema-graph\">{\"@context\":\"https:\/\/schema.org\",\"@graph\":[{\"@type\":[\"WebPage\",\"ItemPage\"],\"@id\":\"https:\/\/sonycenter.md\/ro\/magazin\/ubpx700-3\/\",\"url\":\"https:\/\/sonycenter.md\/ro\/magazin\/ubpx700-3\/\",\"name\":\"UBPX700K | sonycenter.md\",\"isPartOf\":{\"@id\":\"https:\/\/sonycenter.md\/ro\/#website\"},\"primaryImageOfPage\":{\"@id\":\"https:\/\/sonycenter.md\/ro\/magazin\/ubpx700-3\/#primaryimage\"},\"image\":{\"@id\":\"https:\/\/sonycenter.md\/ro\/magazin\/ubpx700-3\/#primaryimage\"},\"thumbnailUrl\":\"https:\/\/sonycenter.md\/wp-content\/uploads\/2018\/02\/x700.jpg\",\"datePublished\":\"2020-03-26T13:59:29+00:00\",\"dateModified\":\"2026-03-12T16:02:27+00:00\",\"description\":\"UBPX700K - \u043a\u0443\u043f\u0438\u0442\u044c \u0432 \u041a\u0438\u0448\u0438\u043d\u0435\u0432\u0435. \u0428\u0438\u0440\u043e\u043a\u0438\u0439 \u0430\u0441\u0441\u043e\u0440\u0442\u0438\u043c\u0435\u043d\u0442 \u043f\u0440\u043e\u0434\u0443\u043a\u0446\u0438\u0438 SONY \u0432 \u0444\u0438\u0440\u043c\u0435\u043d\u043d\u043e\u043c \u043c\u0430\u0433\u0430\u0437\u0438\u043d\u0435 SONY\",\"breadcrumb\":{\"@id\":\"https:\/\/sonycenter.md\/ro\/magazin\/ubpx700-3\/#breadcrumb\"},\"inLanguage\":\"ro-RO\",\"potentialAction\":[{\"@type\":\"ReadAction\",\"target\":[\"https:\/\/sonycenter.md\/ro\/magazin\/ubpx700-3\/\"]}]},{\"@type\":\"ImageObject\",\"inLanguage\":\"ro-RO\",\"@id\":\"https:\/\/sonycenter.md\/ro\/magazin\/ubpx700-3\/#primaryimage\",\"url\":\"https:\/\/sonycenter.md\/wp-content\/uploads\/2018\/02\/x700.jpg\",\"contentUrl\":\"https:\/\/sonycenter.md\/wp-content\/uploads\/2018\/02\/x700.jpg\",\"width\":600,\"height\":600,\"caption\":\"UBPX700K\"},{\"@type\":\"BreadcrumbList\",\"@id\":\"https:\/\/sonycenter.md\/ro\/magazin\/ubpx700-3\/#breadcrumb\",\"itemListElement\":[{\"@type\":\"ListItem\",\"position\":1,\"name\":\"\u0413\u043b\u0430\u0432\u043d\u0430\u044f \u0441\u0442\u0440\u0430\u043d\u0438\u0446\u0430\",\"item\":\"https:\/\/sonycenter.md\/ro\/\"},{\"@type\":\"ListItem\",\"position\":2,\"name\":\"Magazin\",\"item\":\"https:\/\/sonycenter.md\/shop\/\"},{\"@type\":\"ListItem\",\"position\":3,\"name\":\"UBPX700K\"}]},{\"@type\":\"WebSite\",\"@id\":\"https:\/\/sonycenter.md\/ro\/#website\",\"url\":\"https:\/\/sonycenter.md\/ro\/\",\"name\":\"sonycenter.md\",\"description\":\"SONYCENTER \u00een Chi\u0219in\u0103u\",\"publisher\":{\"@id\":\"https:\/\/sonycenter.md\/ro\/#organization\"},\"potentialAction\":[{\"@type\":\"SearchAction\",\"target\":{\"@type\":\"EntryPoint\",\"urlTemplate\":\"https:\/\/sonycenter.md\/ro\/?s={search_term_string}\"},\"query-input\":{\"@type\":\"PropertyValueSpecification\",\"valueRequired\":true,\"valueName\":\"search_term_string\"}}],\"inLanguage\":\"ro-RO\"},{\"@type\":\"Organization\",\"@id\":\"https:\/\/sonycenter.md\/ro\/#organization\",\"name\":\"sonycenter.md\",\"url\":\"https:\/\/sonycenter.md\/ro\/\",\"logo\":{\"@type\":\"ImageObject\",\"inLanguage\":\"ro-RO\",\"@id\":\"https:\/\/sonycenter.md\/ro\/#\/schema\/logo\/image\/\",\"url\":\"\",\"contentUrl\":\"\",\"caption\":\"sonycenter.md\"},\"image\":{\"@id\":\"https:\/\/sonycenter.md\/ro\/#\/schema\/logo\/image\/\"}}]}<\/script>\n<!-- \/ Yoast SEO plugin. -->","yoast_head_json":{"title":"UBPX700K | sonycenter.md","description":"UBPX700K - \u043a\u0443\u043f\u0438\u0442\u044c \u0432 \u041a\u0438\u0448\u0438\u043d\u0435\u0432\u0435. \u0428\u0438\u0440\u043e\u043a\u0438\u0439 \u0430\u0441\u0441\u043e\u0440\u0442\u0438\u043c\u0435\u043d\u0442 \u043f\u0440\u043e\u0434\u0443\u043a\u0446\u0438\u0438 SONY \u0432 \u0444\u0438\u0440\u043c\u0435\u043d\u043d\u043e\u043c \u043c\u0430\u0433\u0430\u0437\u0438\u043d\u0435 SONY","robots":{"index":"index","follow":"follow","max-snippet":"max-snippet:-1","max-image-preview":"max-image-preview:large","max-video-preview":"max-video-preview:-1"},"canonical":"https:\/\/sonycenter.md\/ro\/magazin\/ubpx700-3\/","og_locale":"ro_RO","og_type":"article","og_title":"UBPX700K | sonycenter.md","og_description":"UBPX700K - \u043a\u0443\u043f\u0438\u0442\u044c \u0432 \u041a\u0438\u0448\u0438\u043d\u0435\u0432\u0435. \u0428\u0438\u0440\u043e\u043a\u0438\u0439 \u0430\u0441\u0441\u043e\u0440\u0442\u0438\u043c\u0435\u043d\u0442 \u043f\u0440\u043e\u0434\u0443\u043a\u0446\u0438\u0438 SONY \u0432 \u0444\u0438\u0440\u043c\u0435\u043d\u043d\u043e\u043c \u043c\u0430\u0433\u0430\u0437\u0438\u043d\u0435 SONY","og_url":"https:\/\/sonycenter.md\/ro\/magazin\/ubpx700-3\/","og_site_name":"SONY","article_modified_time":"2026-03-12T16:02:27+00:00","og_image":[{"width":600,"height":600,"url":"https:\/\/sonycenter.md\/wp-content\/uploads\/2018\/02\/x700.jpg","type":"image\/jpeg"}],"twitter_card":"summary_large_image","twitter_misc":{"Est. reading time":"2 minutes"},"schema":{"@context":"https:\/\/schema.org","@graph":[{"@type":["WebPage","ItemPage"],"@id":"https:\/\/sonycenter.md\/ro\/magazin\/ubpx700-3\/","url":"https:\/\/sonycenter.md\/ro\/magazin\/ubpx700-3\/","name":"UBPX700K | sonycenter.md","isPartOf":{"@id":"https:\/\/sonycenter.md\/ro\/#website"},"primaryImageOfPage":{"@id":"https:\/\/sonycenter.md\/ro\/magazin\/ubpx700-3\/#primaryimage"},"image":{"@id":"https:\/\/sonycenter.md\/ro\/magazin\/ubpx700-3\/#primaryimage"},"thumbnailUrl":"https:\/\/sonycenter.md\/wp-content\/uploads\/2018\/02\/x700.jpg","datePublished":"2020-03-26T13:59:29+00:00","dateModified":"2026-03-12T16:02:27+00:00","description":"UBPX700K - \u043a\u0443\u043f\u0438\u0442\u044c \u0432 \u041a\u0438\u0448\u0438\u043d\u0435\u0432\u0435. \u0428\u0438\u0440\u043e\u043a\u0438\u0439 \u0430\u0441\u0441\u043e\u0440\u0442\u0438\u043c\u0435\u043d\u0442 \u043f\u0440\u043e\u0434\u0443\u043a\u0446\u0438\u0438 SONY \u0432 \u0444\u0438\u0440\u043c\u0435\u043d\u043d\u043e\u043c \u043c\u0430\u0433\u0430\u0437\u0438\u043d\u0435 SONY","breadcrumb":{"@id":"https:\/\/sonycenter.md\/ro\/magazin\/ubpx700-3\/#breadcrumb"},"inLanguage":"ro-RO","potentialAction":[{"@type":"ReadAction","target":["https:\/\/sonycenter.md\/ro\/magazin\/ubpx700-3\/"]}]},{"@type":"ImageObject","inLanguage":"ro-RO","@id":"https:\/\/sonycenter.md\/ro\/magazin\/ubpx700-3\/#primaryimage","url":"https:\/\/sonycenter.md\/wp-content\/uploads\/2018\/02\/x700.jpg","contentUrl":"https:\/\/sonycenter.md\/wp-content\/uploads\/2018\/02\/x700.jpg","width":600,"height":600,"caption":"UBPX700K"},{"@type":"BreadcrumbList","@id":"https:\/\/sonycenter.md\/ro\/magazin\/ubpx700-3\/#breadcrumb","itemListElement":[{"@type":"ListItem","position":1,"name":"\u0413\u043b\u0430\u0432\u043d\u0430\u044f \u0441\u0442\u0440\u0430\u043d\u0438\u0446\u0430","item":"https:\/\/sonycenter.md\/ro\/"},{"@type":"ListItem","position":2,"name":"Magazin","item":"https:\/\/sonycenter.md\/shop\/"},{"@type":"ListItem","position":3,"name":"UBPX700K"}]},{"@type":"WebSite","@id":"https:\/\/sonycenter.md\/ro\/#website","url":"https:\/\/sonycenter.md\/ro\/","name":"sonycenter.md","description":"SONYCENTER \u00een Chi\u0219in\u0103u","publisher":{"@id":"https:\/\/sonycenter.md\/ro\/#organization"},"potentialAction":[{"@type":"SearchAction","target":{"@type":"EntryPoint","urlTemplate":"https:\/\/sonycenter.md\/ro\/?s={search_term_string}"},"query-input":{"@type":"PropertyValueSpecification","valueRequired":true,"valueName":"search_term_string"}}],"inLanguage":"ro-RO"},{"@type":"Organization","@id":"https:\/\/sonycenter.md\/ro\/#organization","name":"sonycenter.md","url":"https:\/\/sonycenter.md\/ro\/","logo":{"@type":"ImageObject","inLanguage":"ro-RO","@id":"https:\/\/sonycenter.md\/ro\/#\/schema\/logo\/image\/","url":"","contentUrl":"","caption":"sonycenter.md"},"image":{"@id":"https:\/\/sonycenter.md\/ro\/#\/schema\/logo\/image\/"}}]}},"_links":{"self":[{"href":"https:\/\/sonycenter.md\/ro\/wp-json\/wp\/v2\/product\/19149","targetHints":{"allow":["GET"]}}],"collection":[{"href":"https:\/\/sonycenter.md\/ro\/wp-json\/wp\/v2\/product"}],"about":[{"href":"https:\/\/sonycenter.md\/ro\/wp-json\/wp\/v2\/types\/product"}],"replies":[{"embeddable":true,"href":"https:\/\/sonycenter.md\/ro\/wp-json\/wp\/v2\/comments?post=19149"}],"wp:featuredmedia":[{"embeddable":true,"href":"https:\/\/sonycenter.md\/ro\/wp-json\/wp\/v2\/media\/8911"}],"wp:attachment":[{"href":"https:\/\/sonycenter.md\/ro\/wp-json\/wp\/v2\/media?parent=19149"}],"wp:term":[{"taxonomy":"product_brand","embeddable":true,"href":"https:\/\/sonycenter.md\/ro\/wp-json\/wp\/v2\/product_brand?post=19149"},{"taxonomy":"product_cat","embeddable":true,"href":"https:\/\/sonycenter.md\/ro\/wp-json\/wp\/v2\/product_cat?post=19149"},{"taxonomy":"product_tag","embeddable":true,"href":"https:\/\/sonycenter.md\/ro\/wp-json\/wp\/v2\/product_tag?post=19149"}],"curies":[{"name":"wp","href":"https:\/\/api.w.org\/{rel}","templated":true}]}}