{"id":19608,"date":"2020-03-27T14:41:48","date_gmt":"2020-03-27T12:41:48","guid":{"rendered":"https:\/\/sonycenter.md\/shop\/sel2470z\/"},"modified":"2025-10-04T13:17:37","modified_gmt":"2025-10-04T10:17:37","slug":"sel2470z","status":"publish","type":"product","link":"https:\/\/sonycenter.md\/ro\/magazin\/sel2470z\/","title":{"rendered":"SEL2470Z"},"content":{"rendered":"<div class=\"spec-tile span4 shuffle-item filtered\">\n<figure><span style=\"color: #000000;\">Specifica\u021bii complete pentru <span style=\"color: #0000ff;\"><a style=\"color: #0000ff;\" href=\"https:\/\/sonycenter.md\/ro\/category\/accesorii-foto-video\/obiective\/obiective-zoom\/\">obiectiv zoom<\/a><\/span> SONY SEL2470Z :<\/span><\/figure>\n<figure><span style=\"color: #000000;\"><img decoding=\"async\" class=\"iq-img\" src=\"https:\/\/www.sony.ro\/image\/adcf3029ec40b91bb5ec1401746218ac?fmt=jpeg&amp;wid=378&amp;qlt=85\" alt=\"Imagine cu Obiectiv Vario-Tessar\u00ae T* FE F4 ZA OSS de 24 - 70 mm\" data-src-phone-highres=\"\/\/www.sony.ro\/image\/adcf3029ec40b91bb5ec1401746218ac?fmt=jpeg&amp;wid=756\" data-src-desktop=\"\/\/www.sony.ro\/image\/adcf3029ec40b91bb5ec1401746218ac?fmt=jpeg&amp;wid=378\" data-src-tablet-highres=\"\/\/www.sony.ro\/image\/adcf3029ec40b91bb5ec1401746218ac?fmt=jpeg&amp;wid=756\" data-id=\"img_adcf3029ec40b91bb5ec1401746218ac\" data-src-phone=\"\/\/www.sony.ro\/image\/adcf3029ec40b91bb5ec1401746218ac?fmt=jpeg&amp;wid=378\" data-src-tablet=\"\/\/www.sony.ro\/image\/adcf3029ec40b91bb5ec1401746218ac?fmt=jpeg&amp;wid=378\" data-src-desktop-highres=\"\/\/www.sony.ro\/image\/adcf3029ec40b91bb5ec1401746218ac?fmt=jpeg&amp;wid=756\" data-pushed=\"true\" data-current=\"\/\/www.sony.ro\/image\/adcf3029ec40b91bb5ec1401746218ac?fmt=jpeg&amp;wid=378\" data-hasloaded=\"true\" data-fadeonce=\"true\" \/><\/span><\/figure>\n<div class=\"tile-content\">\n<h3 class=\"t6 tile-title\"><span style=\"color: #000000;\">Un zoom versatil pentru fotografierea de zi cu zi<\/span><\/h3>\n<p class=\"p3\"><span style=\"color: #000000;\">Performan\u0163ele optice \u015fi intervalul de la 24 mm la 70 mm al designului ZEISS Vario-Tessar\u00ae sunt solu\u0163ia perfect\u0103 pentru corpurile compacte Full Frame cu montur\u0103 E. Pe l\u00e2ng\u0103 o calitate superioar\u0103 a imaginii la toate distan\u0163ele de focalizare, acesta ofer\u0103 un interval de zoom versatil \u00eentr-un obiectiv compact \u015fi poate scoate \u00een eviden\u0163\u0103 cele mai bune performan\u0163e ale corpurilor din seria \u03b17, pentru o gam\u0103 larg\u0103 de subiecte.<\/span><\/p>\n<hr \/>\n<\/div>\n<\/div>\n<div class=\"spec-tile span4 shuffle-item filtered\">\n<figure><span style=\"color: #000000;\"><img decoding=\"async\" class=\"iq-img\" src=\"https:\/\/www.sony.ro\/image\/a2e511fef42de67a5d9adfca616bbc70?fmt=jpeg&amp;wid=378&amp;qlt=85\" alt=\"Imagine cu Obiectiv Vario-Tessar\u00ae T* FE F4 ZA OSS de 24 - 70 mm\" data-src-phone-highres=\"\/\/www.sony.ro\/image\/a2e511fef42de67a5d9adfca616bbc70?fmt=jpeg&amp;wid=756\" data-src-desktop=\"\/\/www.sony.ro\/image\/a2e511fef42de67a5d9adfca616bbc70?fmt=jpeg&amp;wid=378\" data-src-tablet-highres=\"\/\/www.sony.ro\/image\/a2e511fef42de67a5d9adfca616bbc70?fmt=jpeg&amp;wid=756\" data-id=\"img_a2e511fef42de67a5d9adfca616bbc70\" data-src-phone=\"\/\/www.sony.ro\/image\/a2e511fef42de67a5d9adfca616bbc70?fmt=jpeg&amp;wid=378\" data-src-tablet=\"\/\/www.sony.ro\/image\/a2e511fef42de67a5d9adfca616bbc70?fmt=jpeg&amp;wid=378\" data-src-desktop-highres=\"\/\/www.sony.ro\/image\/a2e511fef42de67a5d9adfca616bbc70?fmt=jpeg&amp;wid=756\" data-pushed=\"true\" data-current=\"\/\/www.sony.ro\/image\/a2e511fef42de67a5d9adfca616bbc70?fmt=jpeg&amp;wid=378\" data-hasloaded=\"true\" data-fadeonce=\"true\" \/><\/span><\/figure>\n<div class=\"tile-content\">\n<h3 class=\"t6 tile-title\"><span style=\"color: #000000;\">Tehnologia optic\u0103 rafinat\u0103 ofer\u0103 imagini uimitoare<\/span><\/h3>\n<p class=\"p3\"><span style=\"color: #000000;\">Cele cinci elemente asferice \u015fi elementul din sticl\u0103 ED \u00eentr-o cale optic\u0103 de v\u00e2rf atenueaz\u0103 abera\u0163iile, pentru o claritate excelent\u0103 \u015fi o redare superb\u0103 pe \u00eentregul interval. Renumitul strat de protec\u0163ie ZEISS T* controleaz\u0103 reflexiile pentru un contrast superior, iar diafragma circular\u0103 contribuie la un efect bokeh uniform, cu regiuni accentuate \u00een mod natural.<\/span><\/p>\n<hr \/>\n<\/div>\n<\/div>\n<div class=\"spec-tile span4 shuffle-item filtered\">\n<figure><span style=\"color: #000000;\"><img decoding=\"async\" class=\"iq-img\" src=\"https:\/\/www.sony.ro\/image\/2f1f7c09e58c67969b949401f017cc51?fmt=jpeg&amp;wid=378&amp;qlt=85\" alt=\"Imagine cu Obiectiv Vario-Tessar\u00ae T* FE F4 ZA OSS de 24 - 70 mm\" data-src-phone-highres=\"\/\/www.sony.ro\/image\/2f1f7c09e58c67969b949401f017cc51?fmt=jpeg&amp;wid=756\" data-src-desktop=\"\/\/www.sony.ro\/image\/2f1f7c09e58c67969b949401f017cc51?fmt=jpeg&amp;wid=378\" data-src-tablet-highres=\"\/\/www.sony.ro\/image\/2f1f7c09e58c67969b949401f017cc51?fmt=jpeg&amp;wid=756\" data-id=\"img_2f1f7c09e58c67969b949401f017cc51\" data-src-phone=\"\/\/www.sony.ro\/image\/2f1f7c09e58c67969b949401f017cc51?fmt=jpeg&amp;wid=378\" data-src-tablet=\"\/\/www.sony.ro\/image\/2f1f7c09e58c67969b949401f017cc51?fmt=jpeg&amp;wid=378\" data-src-desktop-highres=\"\/\/www.sony.ro\/image\/2f1f7c09e58c67969b949401f017cc51?fmt=jpeg&amp;wid=756\" data-pushed=\"true\" data-current=\"\/\/www.sony.ro\/image\/2f1f7c09e58c67969b949401f017cc51?fmt=jpeg&amp;wid=378\" data-hasloaded=\"true\" data-fadeonce=\"true\" \/><\/span><\/figure>\n<div class=\"tile-content\">\n<h3 class=\"t6 tile-title\"><span style=\"color: #000000;\">Expunere constant\u0103 la orice setare de zoom<\/span><\/h3>\n<p class=\"p3\"><span style=\"color: #000000;\">Diafragma constant\u0103 F4 la toate distan\u0163ele de focalizare v\u0103 permite s\u0103 m\u0103ri\u0163i \u015fi s\u0103 fotografia\u0163i la orice deschidere a diafragmei f\u0103r\u0103 s\u0103 v\u0103 face\u0163i griji \u00een privin\u0163a modific\u0103rii set\u0103rilor de expunere sau ad\u00e2ncimii c\u00e2mpului, concentr\u00e2ndu-v\u0103 pe imagine \u015fi nu pe detaliile tehnice.<\/span><\/p>\n<hr \/>\n<\/div>\n<\/div>\n<div class=\"spec-tile span4 shuffle-item filtered\">\n<figure><span style=\"color: #000000;\"><img decoding=\"async\" class=\"iq-img\" src=\"https:\/\/www.sony.ro\/image\/fc72d9c9e5b0d4f57040d5a42d563ff9?fmt=jpeg&amp;wid=378&amp;qlt=85\" alt=\"Imagine cu Obiectiv Vario-Tessar\u00ae T* FE F4 ZA OSS de 24 - 70 mm\" data-src-phone-highres=\"\/\/www.sony.ro\/image\/fc72d9c9e5b0d4f57040d5a42d563ff9?fmt=jpeg&amp;wid=756\" data-src-desktop=\"\/\/www.sony.ro\/image\/fc72d9c9e5b0d4f57040d5a42d563ff9?fmt=jpeg&amp;wid=378\" data-src-tablet-highres=\"\/\/www.sony.ro\/image\/fc72d9c9e5b0d4f57040d5a42d563ff9?fmt=jpeg&amp;wid=756\" data-id=\"img_fc72d9c9e5b0d4f57040d5a42d563ff9\" data-src-phone=\"\/\/www.sony.ro\/image\/fc72d9c9e5b0d4f57040d5a42d563ff9?fmt=jpeg&amp;wid=378\" data-src-tablet=\"\/\/www.sony.ro\/image\/fc72d9c9e5b0d4f57040d5a42d563ff9?fmt=jpeg&amp;wid=378\" data-src-desktop-highres=\"\/\/www.sony.ro\/image\/fc72d9c9e5b0d4f57040d5a42d563ff9?fmt=jpeg&amp;wid=756\" data-pushed=\"true\" data-current=\"\/\/www.sony.ro\/image\/fc72d9c9e5b0d4f57040d5a42d563ff9?fmt=jpeg&amp;wid=378\" data-hasloaded=\"true\" data-fadeonce=\"true\" \/><\/span><\/figure>\n<div class=\"tile-content\">\n<h3 class=\"t6 tile-title\"><span style=\"color: #000000;\">Claritate \u015fi precizie \u00een permanen\u0163\u0103<\/span><\/h3>\n<p class=\"p3\"><span style=\"color: #000000;\">Sistemul de stabilizare optic\u0103 a imaginii SteadyShot\u2122 compenseaz\u0103 efectele tremurului camerei care pot produce neclarit\u0103\u0163i \u00een imagini la fotografierea cu camera \u00een m\u00e2n\u0103. Scenele nocturne clare \u015fi precise sau scenele de interior \u00een condi\u0163ii de iluminare redus\u0103 pot fi capturate f\u0103r\u0103 a fi nevoie s\u0103 cre\u015fte\u0163i sensibilitatea ISO, risc\u00e2nd astfel un zgomot de imagine crescut.<\/span><\/p>\n<hr \/>\n<\/div>\n<\/div>\n<div class=\"spec-tile span4 shuffle-item filtered\">\n<figure><span style=\"color: #000000;\"><img decoding=\"async\" class=\"iq-img\" src=\"https:\/\/www.sony.ro\/image\/64d1ac3d948ef8cdf7a51a21b654a81d?fmt=jpeg&amp;wid=378&amp;qlt=85\" alt=\"Imagine cu Obiectiv Vario-Tessar\u00ae T* FE F4 ZA OSS de 24 - 70 mm\" data-src-phone-highres=\"\/\/www.sony.ro\/image\/64d1ac3d948ef8cdf7a51a21b654a81d?fmt=jpeg&amp;wid=756\" data-src-desktop=\"\/\/www.sony.ro\/image\/64d1ac3d948ef8cdf7a51a21b654a81d?fmt=jpeg&amp;wid=378\" data-src-tablet-highres=\"\/\/www.sony.ro\/image\/64d1ac3d948ef8cdf7a51a21b654a81d?fmt=jpeg&amp;wid=756\" data-id=\"img_64d1ac3d948ef8cdf7a51a21b654a81d\" data-src-phone=\"\/\/www.sony.ro\/image\/64d1ac3d948ef8cdf7a51a21b654a81d?fmt=jpeg&amp;wid=378\" data-src-tablet=\"\/\/www.sony.ro\/image\/64d1ac3d948ef8cdf7a51a21b654a81d?fmt=jpeg&amp;wid=378\" data-src-desktop-highres=\"\/\/www.sony.ro\/image\/64d1ac3d948ef8cdf7a51a21b654a81d?fmt=jpeg&amp;wid=756\" data-pushed=\"true\" data-current=\"\/\/www.sony.ro\/image\/64d1ac3d948ef8cdf7a51a21b654a81d?fmt=jpeg&amp;wid=378\" data-hasloaded=\"true\" data-fadeonce=\"true\" \/><\/span><\/figure>\n<div class=\"tile-content\">\n<h3 class=\"t6 tile-title\"><span style=\"color: #000000;\">Culori \u015fi contrast de excep\u0163ie<\/span><\/h3>\n<p class=\"p3\"><span style=\"color: #000000;\">Stratul ZEISS T* este un factor important, care contribuie eficient la suprimarea reflexiilor false care pot degrada calitatea de ansamblu a imaginii. Lumina difuz\u0103 \u015fi reflexiile parazite sunt reduse pentru a \u00eembun\u0103t\u0103\u0163i culorile \u015fi contrastul, oferind imaginii un aspect tridimensional intens.<\/span><\/p>\n<hr \/>\n<\/div>\n<\/div>\n<div class=\"spec-tile span4 shuffle-item filtered\">\n<figure><span style=\"color: #000000;\"><img decoding=\"async\" class=\"iq-img\" src=\"https:\/\/www.sony.ro\/image\/cc234ec50a9ca9113e2ff3f0d4ebe591?fmt=jpeg&amp;wid=378&amp;qlt=85\" alt=\"Imagine cu Obiectiv Vario-Tessar\u00ae T* FE F4 ZA OSS de 24 - 70 mm\" data-src-phone-highres=\"\/\/www.sony.ro\/image\/cc234ec50a9ca9113e2ff3f0d4ebe591?fmt=jpeg&amp;wid=756\" data-src-desktop=\"\/\/www.sony.ro\/image\/cc234ec50a9ca9113e2ff3f0d4ebe591?fmt=jpeg&amp;wid=378\" data-src-tablet-highres=\"\/\/www.sony.ro\/image\/cc234ec50a9ca9113e2ff3f0d4ebe591?fmt=jpeg&amp;wid=756\" data-id=\"img_cc234ec50a9ca9113e2ff3f0d4ebe591\" data-src-phone=\"\/\/www.sony.ro\/image\/cc234ec50a9ca9113e2ff3f0d4ebe591?fmt=jpeg&amp;wid=378\" data-src-tablet=\"\/\/www.sony.ro\/image\/cc234ec50a9ca9113e2ff3f0d4ebe591?fmt=jpeg&amp;wid=378\" data-src-desktop-highres=\"\/\/www.sony.ro\/image\/cc234ec50a9ca9113e2ff3f0d4ebe591?fmt=jpeg&amp;wid=756\" data-pushed=\"true\" data-current=\"\/\/www.sony.ro\/image\/cc234ec50a9ca9113e2ff3f0d4ebe591?fmt=jpeg&amp;wid=378\" data-hasloaded=\"true\" data-fadeonce=\"true\" \/><\/span><\/figure>\n<div class=\"tile-content\">\n<h3 class=\"t6 tile-title\"><span style=\"color: #000000;\">Element de sticl\u0103 cu dispersie foarte sc\u0103zut\u0103<\/span><\/h3>\n<p class=\"p3\"><span style=\"color: #000000;\">Obiectivele din sticl\u0103 optic\u0103 conven\u0163ional\u0103 pot provoca dificult\u0103\u0163i legate de abera\u0163ia cromatic\u0103 atunci c\u00e2nd distan\u0163a focal\u0103 cre\u015fte. Sticla cu dispersie foarte sc\u0103zut\u0103 (ED) rezolv\u0103 aceste probleme, oferind un contrast superior \u015fi o calitate mai bun\u0103 a culorilor pe \u00eentreaga distan\u0163\u0103 focal\u0103, chiar \u015fi la set\u0103ri mari ale deschiderii diafragmei.<\/span><\/p>\n<hr \/>\n<\/div>\n<\/div>\n<div class=\"spec-tile span4 shuffle-item filtered\">\n<figure><span style=\"color: #000000;\"><img decoding=\"async\" class=\"iq-img\" src=\"https:\/\/www.sony.ro\/image\/e316591549bada7c3a50ab768ba73a39?fmt=jpeg&amp;wid=378&amp;qlt=85\" alt=\"Imagine cu Obiectiv Vario-Tessar\u00ae T* FE F4 ZA OSS de 24 - 70 mm\" data-src-phone-highres=\"\/\/www.sony.ro\/image\/e316591549bada7c3a50ab768ba73a39?fmt=jpeg&amp;wid=756\" data-src-desktop=\"\/\/www.sony.ro\/image\/e316591549bada7c3a50ab768ba73a39?fmt=jpeg&amp;wid=378\" data-src-tablet-highres=\"\/\/www.sony.ro\/image\/e316591549bada7c3a50ab768ba73a39?fmt=jpeg&amp;wid=756\" data-id=\"img_e316591549bada7c3a50ab768ba73a39\" data-src-phone=\"\/\/www.sony.ro\/image\/e316591549bada7c3a50ab768ba73a39?fmt=jpeg&amp;wid=378\" data-src-tablet=\"\/\/www.sony.ro\/image\/e316591549bada7c3a50ab768ba73a39?fmt=jpeg&amp;wid=378\" data-src-desktop-highres=\"\/\/www.sony.ro\/image\/e316591549bada7c3a50ab768ba73a39?fmt=jpeg&amp;wid=756\" data-pushed=\"true\" data-current=\"\/\/www.sony.ro\/image\/e316591549bada7c3a50ab768ba73a39?fmt=jpeg&amp;wid=378\" data-hasloaded=\"true\" data-fadeonce=\"true\" \/><\/span><\/figure>\n<div class=\"tile-content\">\n<h3 class=\"t6 tile-title\"><span style=\"color: #000000;\">Diafragm\u0103 circular\u0103 cu 7-lamele<\/span><\/h3>\n<p class=\"p3\"><span style=\"color: #000000;\">Cu diafragma circular\u0103 cu 7 lame este posibil\u0103 defocalizarea mai lin\u0103 \u015fi mai natural\u0103 a imaginilor. Folosi\u0163i creativ estomparea artistic\u0103 sau efectul \u201ebokeh\u201d \u015fi controlul mai bun asupra ad\u00e2ncimii c\u00e2mpului.<\/span><\/p>\n<hr \/>\n<\/div>\n<\/div>\n<div class=\"spec-tile span4 shuffle-item filtered\">\n<figure><span style=\"color: #000000;\"><img decoding=\"async\" class=\"iq-img\" src=\"https:\/\/www.sony.ro\/image\/0d6fe25aea828f4ff0e5e934b8245bad?fmt=jpeg&amp;wid=378&amp;qlt=85\" alt=\"Imagine cu Obiectiv Vario-Tessar\u00ae T* FE F4 ZA OSS de 24 - 70 mm\" data-src-phone-highres=\"\/\/www.sony.ro\/image\/0d6fe25aea828f4ff0e5e934b8245bad?fmt=jpeg&amp;wid=756\" data-src-desktop=\"\/\/www.sony.ro\/image\/0d6fe25aea828f4ff0e5e934b8245bad?fmt=jpeg&amp;wid=378\" data-src-tablet-highres=\"\/\/www.sony.ro\/image\/0d6fe25aea828f4ff0e5e934b8245bad?fmt=jpeg&amp;wid=756\" data-id=\"img_0d6fe25aea828f4ff0e5e934b8245bad\" data-src-phone=\"\/\/www.sony.ro\/image\/0d6fe25aea828f4ff0e5e934b8245bad?fmt=jpeg&amp;wid=378\" data-src-tablet=\"\/\/www.sony.ro\/image\/0d6fe25aea828f4ff0e5e934b8245bad?fmt=jpeg&amp;wid=378\" data-src-desktop-highres=\"\/\/www.sony.ro\/image\/0d6fe25aea828f4ff0e5e934b8245bad?fmt=jpeg&amp;wid=756\" data-pushed=\"true\" data-current=\"\/\/www.sony.ro\/image\/0d6fe25aea828f4ff0e5e934b8245bad?fmt=jpeg&amp;wid=378\" data-hasloaded=\"true\" data-fadeonce=\"true\" \/><\/span><\/figure>\n<div class=\"tile-content\">\n<h3 class=\"t6 tile-title\"><span style=\"color: #000000;\">Fiabil \u015fi u\u015for \u00een orice condi\u0163ii<\/span><\/h3>\n<p class=\"p3\"><span style=\"color: #000000;\">Func\u0163ionarea sigur\u0103 \u00eentr-o varietate de condi\u0163ii este asigurat\u0103 de un design care previne p\u0103trunderea prafului \u015fi a umezelii \u00een obiectiv.<\/span><\/p>\n<\/div>\n<\/div>\n","protected":false},"excerpt":{"rendered":"<ul>\n<li><span style=\"color: #000000;\">SONY FE 24-70 mm F4 ZA OSS<\/span><\/li>\n<li><span style=\"color: #000000;\">Baioneta : SONY E-Mount<\/span><\/li>\n<li><span style=\"color: #000000;\">Format : Full Frame , 35 mm<\/span><\/li>\n<li><span style=\"color: #000000;\">Distan\u021b\u0103 focal\u0103 : f=24-70 mm<\/span><\/li>\n<li><span style=\"color: #000000;\">Valoarea maxim\u0103 a diafragmei : F4<\/span><\/li>\n<li><span style=\"color: #000000;\">Valoarea minim\u0103 a diafragmei : F22<\/span><\/li>\n<li><span style=\"color: #000000;\">Lamele diafragmei : 9<\/span><\/li>\n<li><span style=\"color: #000000;\">Stabilizare integrat\u0103 : Da<\/span><\/li>\n<li><span style=\"color: #000000;\">Distan\u021ba minim\u0103 de focalizare : 0,4 m<\/span><\/li>\n<li><span style=\"color: #000000;\">Diametru filtru : 67<\/span><\/li>\n<li><span style=\"color: #000000;\">Dimensiuni : 73 \u00d7 94,5 mm<\/span><\/li>\n<li><span style=\"color: #000000;\">Greutate : 426 g<\/span><\/li>\n<li><span style=\"color: #000000;\">Con\u021binului cutiei : parasolar, capacul din spate \u0219i din fa\u021b\u0103,hus\u0103<\/span><\/li>\n<li><span style=\"color: #000000;\">Garan\u021bie de firm\u0103 : 2 ani<\/span><\/li>\n<\/ul>\n","protected":false},"featured_media":19609,"comment_status":"open","ping_status":"closed","template":"","meta":[],"product_brand":[],"product_cat":[899],"product_tag":[],"class_list":{"0":"post-19608","1":"product","2":"type-product","3":"status-publish","4":"has-post-thumbnail","6":"product_cat-obiective-zoom","8":"first","9":"outofstock","10":"shipping-taxable","11":"purchasable","12":"product-type-simple"},"yoast_head":"<!-- This site is optimized with the Yoast SEO plugin v27.4 - https:\/\/yoast.com\/product\/yoast-seo-wordpress\/ -->\n<title>SONY SEL2470Z | SONY FE 24-70 mm F4 ZA OSS | Chi\u0219in\u0103u<\/title>\n<meta name=\"description\" content=\"SONY SEL2470Z | SONY FE 24-70 mm F4 ZA OSS | Moldova\" \/>\n<meta name=\"robots\" content=\"index, follow, max-snippet:-1, max-image-preview:large, max-video-preview:-1\" \/>\n<link rel=\"canonical\" href=\"https:\/\/sonycenter.md\/ro\/magazin\/sel2470z\/\" \/>\n<meta property=\"og:locale\" content=\"ro_RO\" \/>\n<meta property=\"og:type\" content=\"article\" \/>\n<meta property=\"og:title\" content=\"SONY SEL2470Z | SONY FE 24-70 mm F4 ZA OSS | Chi\u0219in\u0103u\" \/>\n<meta property=\"og:description\" content=\"SONY SEL2470Z | SONY FE 24-70 mm F4 ZA OSS | Moldova\" \/>\n<meta property=\"og:url\" content=\"https:\/\/sonycenter.md\/ro\/magazin\/sel2470z\/\" \/>\n<meta property=\"og:site_name\" content=\"SONY\" \/>\n<meta property=\"article:modified_time\" content=\"2025-10-04T10:17:37+00:00\" \/>\n<meta property=\"og:image\" content=\"https:\/\/sonycenter.md\/wp-content\/uploads\/2016\/03\/sel2470z.jpg\" \/>\n\t<meta property=\"og:image:width\" content=\"600\" \/>\n\t<meta property=\"og:image:height\" content=\"600\" \/>\n\t<meta property=\"og:image:type\" content=\"image\/jpeg\" \/>\n<meta name=\"twitter:card\" content=\"summary_large_image\" \/>\n<meta name=\"twitter:label1\" content=\"Est. reading time\" \/>\n\t<meta name=\"twitter:data1\" content=\"5 minutes\" \/>\n<script type=\"application\/ld+json\" class=\"yoast-schema-graph\">{\"@context\":\"https:\\\/\\\/schema.org\",\"@graph\":[{\"@type\":[\"WebPage\",\"ItemPage\"],\"@id\":\"https:\\\/\\\/sonycenter.md\\\/ro\\\/magazin\\\/sel2470z\\\/\",\"url\":\"https:\\\/\\\/sonycenter.md\\\/ro\\\/magazin\\\/sel2470z\\\/\",\"name\":\"SONY SEL2470Z | SONY FE 24-70 mm F4 ZA OSS | Chi\u0219in\u0103u\",\"isPartOf\":{\"@id\":\"http:\\\/\\\/sonycenter.md\\\/ro\\\/#website\"},\"primaryImageOfPage\":{\"@id\":\"https:\\\/\\\/sonycenter.md\\\/ro\\\/magazin\\\/sel2470z\\\/#primaryimage\"},\"image\":{\"@id\":\"https:\\\/\\\/sonycenter.md\\\/ro\\\/magazin\\\/sel2470z\\\/#primaryimage\"},\"thumbnailUrl\":\"https:\\\/\\\/sonycenter.md\\\/wp-content\\\/uploads\\\/2016\\\/03\\\/sel2470z.jpg\",\"datePublished\":\"2020-03-27T12:41:48+00:00\",\"dateModified\":\"2025-10-04T10:17:37+00:00\",\"description\":\"SONY SEL2470Z | SONY FE 24-70 mm F4 ZA OSS | Moldova\",\"breadcrumb\":{\"@id\":\"https:\\\/\\\/sonycenter.md\\\/ro\\\/magazin\\\/sel2470z\\\/#breadcrumb\"},\"inLanguage\":\"ro-RO\",\"potentialAction\":[{\"@type\":\"ReadAction\",\"target\":[\"https:\\\/\\\/sonycenter.md\\\/ro\\\/magazin\\\/sel2470z\\\/\"]}]},{\"@type\":\"ImageObject\",\"inLanguage\":\"ro-RO\",\"@id\":\"https:\\\/\\\/sonycenter.md\\\/ro\\\/magazin\\\/sel2470z\\\/#primaryimage\",\"url\":\"https:\\\/\\\/sonycenter.md\\\/wp-content\\\/uploads\\\/2016\\\/03\\\/sel2470z.jpg\",\"contentUrl\":\"https:\\\/\\\/sonycenter.md\\\/wp-content\\\/uploads\\\/2016\\\/03\\\/sel2470z.jpg\",\"width\":600,\"height\":600,\"caption\":\"SEL2470Z\"},{\"@type\":\"BreadcrumbList\",\"@id\":\"https:\\\/\\\/sonycenter.md\\\/ro\\\/magazin\\\/sel2470z\\\/#breadcrumb\",\"itemListElement\":[{\"@type\":\"ListItem\",\"position\":1,\"name\":\"\u0413\u043b\u0430\u0432\u043d\u0430\u044f \u0441\u0442\u0440\u0430\u043d\u0438\u0446\u0430\",\"item\":\"https:\\\/\\\/sonycenter.md\\\/ro\\\/\"},{\"@type\":\"ListItem\",\"position\":2,\"name\":\"Magazin\",\"item\":\"https:\\\/\\\/sonycenter.md\\\/shop\\\/\"},{\"@type\":\"ListItem\",\"position\":3,\"name\":\"SEL2470Z\"}]},{\"@type\":\"WebSite\",\"@id\":\"http:\\\/\\\/sonycenter.md\\\/ro\\\/#website\",\"url\":\"http:\\\/\\\/sonycenter.md\\\/ro\\\/\",\"name\":\"sonycenter.md\",\"description\":\"SONYCENTER \u00een Chi\u0219in\u0103u\",\"publisher\":{\"@id\":\"http:\\\/\\\/sonycenter.md\\\/ro\\\/#organization\"},\"potentialAction\":[{\"@type\":\"SearchAction\",\"target\":{\"@type\":\"EntryPoint\",\"urlTemplate\":\"http:\\\/\\\/sonycenter.md\\\/ro\\\/?s={search_term_string}\"},\"query-input\":{\"@type\":\"PropertyValueSpecification\",\"valueRequired\":true,\"valueName\":\"search_term_string\"}}],\"inLanguage\":\"ro-RO\"},{\"@type\":\"Organization\",\"@id\":\"http:\\\/\\\/sonycenter.md\\\/ro\\\/#organization\",\"name\":\"sonycenter.md\",\"url\":\"http:\\\/\\\/sonycenter.md\\\/ro\\\/\",\"logo\":{\"@type\":\"ImageObject\",\"inLanguage\":\"ro-RO\",\"@id\":\"http:\\\/\\\/sonycenter.md\\\/ro\\\/#\\\/schema\\\/logo\\\/image\\\/\",\"url\":\"\",\"contentUrl\":\"\",\"caption\":\"sonycenter.md\"},\"image\":{\"@id\":\"http:\\\/\\\/sonycenter.md\\\/ro\\\/#\\\/schema\\\/logo\\\/image\\\/\"}}]}<\/script>\n<!-- \/ Yoast SEO plugin. -->","yoast_head_json":{"title":"SONY SEL2470Z | SONY FE 24-70 mm F4 ZA OSS | Chi\u0219in\u0103u","description":"SONY SEL2470Z | SONY FE 24-70 mm F4 ZA OSS | Moldova","robots":{"index":"index","follow":"follow","max-snippet":"max-snippet:-1","max-image-preview":"max-image-preview:large","max-video-preview":"max-video-preview:-1"},"canonical":"https:\/\/sonycenter.md\/ro\/magazin\/sel2470z\/","og_locale":"ro_RO","og_type":"article","og_title":"SONY SEL2470Z | SONY FE 24-70 mm F4 ZA OSS | Chi\u0219in\u0103u","og_description":"SONY SEL2470Z | SONY FE 24-70 mm F4 ZA OSS | Moldova","og_url":"https:\/\/sonycenter.md\/ro\/magazin\/sel2470z\/","og_site_name":"SONY","article_modified_time":"2025-10-04T10:17:37+00:00","og_image":[{"width":600,"height":600,"url":"https:\/\/sonycenter.md\/wp-content\/uploads\/2016\/03\/sel2470z.jpg","type":"image\/jpeg"}],"twitter_card":"summary_large_image","twitter_misc":{"Est. reading time":"5 minutes"},"schema":{"@context":"https:\/\/schema.org","@graph":[{"@type":["WebPage","ItemPage"],"@id":"https:\/\/sonycenter.md\/ro\/magazin\/sel2470z\/","url":"https:\/\/sonycenter.md\/ro\/magazin\/sel2470z\/","name":"SONY SEL2470Z | SONY FE 24-70 mm F4 ZA OSS | Chi\u0219in\u0103u","isPartOf":{"@id":"https:\/\/sonycenter.md\/ro\/#website"},"primaryImageOfPage":{"@id":"https:\/\/sonycenter.md\/ro\/magazin\/sel2470z\/#primaryimage"},"image":{"@id":"https:\/\/sonycenter.md\/ro\/magazin\/sel2470z\/#primaryimage"},"thumbnailUrl":"https:\/\/sonycenter.md\/wp-content\/uploads\/2016\/03\/sel2470z.jpg","datePublished":"2020-03-27T12:41:48+00:00","dateModified":"2025-10-04T10:17:37+00:00","description":"SONY SEL2470Z | SONY FE 24-70 mm F4 ZA OSS | Moldova","breadcrumb":{"@id":"https:\/\/sonycenter.md\/ro\/magazin\/sel2470z\/#breadcrumb"},"inLanguage":"ro-RO","potentialAction":[{"@type":"ReadAction","target":["https:\/\/sonycenter.md\/ro\/magazin\/sel2470z\/"]}]},{"@type":"ImageObject","inLanguage":"ro-RO","@id":"https:\/\/sonycenter.md\/ro\/magazin\/sel2470z\/#primaryimage","url":"https:\/\/sonycenter.md\/wp-content\/uploads\/2016\/03\/sel2470z.jpg","contentUrl":"https:\/\/sonycenter.md\/wp-content\/uploads\/2016\/03\/sel2470z.jpg","width":600,"height":600,"caption":"SEL2470Z"},{"@type":"BreadcrumbList","@id":"https:\/\/sonycenter.md\/ro\/magazin\/sel2470z\/#breadcrumb","itemListElement":[{"@type":"ListItem","position":1,"name":"\u0413\u043b\u0430\u0432\u043d\u0430\u044f \u0441\u0442\u0440\u0430\u043d\u0438\u0446\u0430","item":"https:\/\/sonycenter.md\/ro\/"},{"@type":"ListItem","position":2,"name":"Magazin","item":"https:\/\/sonycenter.md\/shop\/"},{"@type":"ListItem","position":3,"name":"SEL2470Z"}]},{"@type":"WebSite","@id":"https:\/\/sonycenter.md\/ro\/#website","url":"https:\/\/sonycenter.md\/ro\/","name":"sonycenter.md","description":"SONYCENTER \u00een Chi\u0219in\u0103u","publisher":{"@id":"https:\/\/sonycenter.md\/ro\/#organization"},"potentialAction":[{"@type":"SearchAction","target":{"@type":"EntryPoint","urlTemplate":"https:\/\/sonycenter.md\/ro\/?s={search_term_string}"},"query-input":{"@type":"PropertyValueSpecification","valueRequired":true,"valueName":"search_term_string"}}],"inLanguage":"ro-RO"},{"@type":"Organization","@id":"https:\/\/sonycenter.md\/ro\/#organization","name":"sonycenter.md","url":"https:\/\/sonycenter.md\/ro\/","logo":{"@type":"ImageObject","inLanguage":"ro-RO","@id":"https:\/\/sonycenter.md\/ro\/#\/schema\/logo\/image\/","url":"","contentUrl":"","caption":"sonycenter.md"},"image":{"@id":"https:\/\/sonycenter.md\/ro\/#\/schema\/logo\/image\/"}}]}},"_links":{"self":[{"href":"https:\/\/sonycenter.md\/ro\/wp-json\/wp\/v2\/product\/19608","targetHints":{"allow":["GET"]}}],"collection":[{"href":"https:\/\/sonycenter.md\/ro\/wp-json\/wp\/v2\/product"}],"about":[{"href":"https:\/\/sonycenter.md\/ro\/wp-json\/wp\/v2\/types\/product"}],"replies":[{"embeddable":true,"href":"https:\/\/sonycenter.md\/ro\/wp-json\/wp\/v2\/comments?post=19608"}],"wp:featuredmedia":[{"embeddable":true,"href":"https:\/\/sonycenter.md\/ro\/wp-json\/wp\/v2\/media\/19609"}],"wp:attachment":[{"href":"https:\/\/sonycenter.md\/ro\/wp-json\/wp\/v2\/media?parent=19608"}],"wp:term":[{"taxonomy":"product_brand","embeddable":true,"href":"https:\/\/sonycenter.md\/ro\/wp-json\/wp\/v2\/product_brand?post=19608"},{"taxonomy":"product_cat","embeddable":true,"href":"https:\/\/sonycenter.md\/ro\/wp-json\/wp\/v2\/product_cat?post=19608"},{"taxonomy":"product_tag","embeddable":true,"href":"https:\/\/sonycenter.md\/ro\/wp-json\/wp\/v2\/product_tag?post=19608"}],"curies":[{"name":"wp","href":"https:\/\/api.w.org\/{rel}","templated":true}]}}