{"id":21893,"date":"2020-09-22T10:53:29","date_gmt":"2020-09-22T07:53:29","guid":{"rendered":"https:\/\/sonycenter.md\/?post_type=product&#038;p=21893"},"modified":"2025-11-27T12:57:28","modified_gmt":"2025-11-27T10:57:28","slug":"sel85f14gm","status":"publish","type":"product","link":"https:\/\/sonycenter.md\/ro\/magazin\/sel85f14gm\/","title":{"rendered":"SEL85F14GM"},"content":{"rendered":"<p><span style=\"color: #000000;\">Specifica\u021bii complete pentru <span style=\"color: #0000ff;\"><a style=\"color: #0000ff;\" href=\"https:\/\/sonycenter.md\/ro\/category\/accesorii-foto-video\/obiective\/obiective-fixe\/\">obiectivul fix<\/a><\/span> SONY FE 85mm F1.4 GM :<\/span><\/p>\n<div class=\"spec-tile span4 shuffle-item filtered\">\n<figure><\/figure>\n<div class=\"tile-content\">\n<h3 class=\"t6 tile-title\">O nou\u0103 dimensiune a performan\u021bei portretului<\/h3>\n<p class=\"p3\">Cea mai avansat\u0103 tehnologie disponibil\u0103 a fost aplicat\u0103 \u00een seria G Master, sporind \u0219i mai mult performan\u021ba aclamat\u0103 a obiectivelor G Lens de la Sony. Acest model combin\u0103 efectul bokeh rafinat al obiectivelor G Lens cu noi niveluri de rezolu\u021bie \u00eentr-un obiectiv pentru portrete cu adev\u0103rat remarcabil, ce poate utiliza la maxim poten\u021bialul de performan\u021b\u0103 a corpurilor actuale \u0219i viitoare ale camerelor de \u00eenalt\u0103 rezolu\u021bie.<\/p>\n<hr \/>\n<\/div>\n<\/div>\n<div class=\"spec-tile span4 shuffle-item filtered\">\n<figure><\/figure>\n<div class=\"tile-content\">\n<h3 class=\"t6 tile-title\">Rezolu\u0163ie excep\u0163ional\u0103 \u015fi efect bokeh<\/h3>\n<p class=\"p3\">Rezolu\u021bia remarcabil\u0103 chiar \u0219i la diafragma maxim\u0103 F1.4 reproduce subiectul la dimensiuni impresionante. Apoi, superbul efect bokeh treptat, dizolv\u0103 fundalul \u00eentr-un fundal artistic \u00een culori \u015fi reflexii naturale. Aceast\u0103 combina\u021bie rar\u0103, datorat\u0103 \u00een parte noii tehnologii a elementului XA, deschide noi perspective de expresie vizual\u0103.<\/p>\n<hr \/>\n<\/div>\n<\/div>\n<div class=\"spec-tile span4 shuffle-item filtered\">\n<figure><\/figure>\n<div class=\"tile-content\">\n<h3 class=\"t6 tile-title\">Imagini naturale f\u0103r\u0103 nicio culoare fals\u0103<\/h3>\n<p class=\"p3\">Abera\u021bia cromatic\u0103 poate degrada rezolu\u021bia, precum \u0219i calitatea efectului bokeh. Trei elemente de sticl\u0103 ED (dispersie foarte sc\u0103zut\u0103) au o contribu\u021bie semnificativ\u0103 la performan\u021ba optic\u0103 excep\u021bional\u0103 a acestui obiectiv, p\u0103str\u00e2nd abera\u0163ia cromatic\u0103 axial\u0103 sub control \u00een timp ce maximizeaz\u0103 at\u00e2t claritatea c\u00e2t \u0219i aspectul natural \u0219i culoarea efectului s\u0103u bokeh uluitor.<\/p>\n<hr \/>\n<\/div>\n<\/div>\n<div class=\"spec-tile span4 shuffle-item filtered\">\n<figure><\/figure>\n<div class=\"tile-content\">\n<h3 class=\"t6 tile-title\">Precizie sublim\u0103 cu 2 senzori de FA<\/h3>\n<p class=\"p3\">Pe l\u00e2ng\u0103 senzorul de rota\u021bie obi\u0219nuit, un al doilea senzor detecteaz\u0103 pozi\u021bia grupului cu focalizare a obiectivului. Acest sistem cu senzor dublu atinge nivelul extrem de ridicat de precizie a focaliz\u0103rii, care este necesar pentru a profita din plin de poten\u021bialul corpurilor camerelor de \u00eenalt\u0103 rezolu\u021bie avansate. Ac\u021bionarea RDSSM (motor Super Sonic Wave inelar) furnizeaz\u0103 puterea \u0219i viteza necesare.<\/p>\n<hr \/>\n<\/div>\n<\/div>\n<div class=\"spec-tile span4 shuffle-item filtered\">\n<figure><\/figure>\n<div class=\"tile-content\">\n<h3 class=\"t6 tile-title\">11 lamele pentru un efect bokeh savuros<\/h3>\n<p class=\"p3\">Designul diafragmei circulare Sony are, de obicei, p\u00e2n\u0103 la 9 lamele. Aceasta este primul obiectiv \u03b1 care include 11 lamele \u00eentr-un design de deschidere circular\u0103, duc\u00e2nd calitatea efectului bokeh la noi niveluri de frumuse\u0163e fin\u0103 cu reflexe naturale.<\/p>\n<hr \/>\n<\/div>\n<\/div>\n<div class=\"spec-tile span4 shuffle-item filtered\">\n<figure><\/figure>\n<div class=\"tile-content\">\n<h3 class=\"t6 tile-title\">Claritate \u015fi contrast de excep\u0163ie<\/h3>\n<p class=\"p3\">Tehnologia avansat\u0103 a stratului antireflexie din nanocristale produce o acoperire a obiectivului cu o nano-structur\u0103 regulat\u0103 definit\u0103 cu precizie, care suprim\u0103 \u00een mod eficient reflexiile ce pot cauza pete albe \u015fi reflexii parazite, pentru \u00eembun\u0103t\u0103\u021biri notabile ale clarit\u0103\u0163ii, contrastului \u0219i calit\u0103\u0163ii de ansamblu a imaginii. (1. Strat antireflexie din nanocristale\/2.Sticl\u0103\/3.Lumin\u0103 transmis\u0103)<\/p>\n<hr \/>\n<\/div>\n<\/div>\n<div class=\"spec-tile span4 shuffle-item filtered\">\n<figure><\/figure>\n<div class=\"tile-content\">\n<h3 class=\"t6 tile-title\">Control facil \u015fi versatil al focaliz\u0103rii<\/h3>\n<p class=\"p3\">Capacitatea de a r\u0103spunde rapid la schimbarea rapid\u0103 a situa\u021biilor fotografice poate face diferen\u0163a dintre realizarea sau nerealizarea unei fotografii. Un comutator manual\/automat pentru modul de focalizare \u0219i butonul de men\u0163inere a focaliz\u0103rii sunt pozi\u021bionate pentru un acces facil, oferind un control versatil \u015fi profesional pentru o gam\u0103 larg\u0103 de subiecte \u0219i medii.<\/p>\n<hr \/>\n<\/div>\n<\/div>\n<div class=\"spec-tile span4 shuffle-item filtered\">\n<figure><\/figure>\n<div class=\"tile-content\">\n<h3 class=\"t6 tile-title\">Declic u\u015for pentru filme<\/h3>\n<p class=\"p3\">\u00cen timp ce camerele pentru realizarea de fotografii prefer\u0103, de obicei, feedback-ul tactil oferit de opririle cu clic pe inelul diafragmei, realizatorii de filme prefer\u0103 operarea lin\u0103, silen\u0163ioas\u0103, f\u0103r\u0103 clicuri, a diafragmei. Opririle cu clic de pe inelul diafragmei acestui obiectiv pot fi activate sau dezactivate u\u0219or, pentru a se potrivi aplica\u021biilor pentru realizarea de fotografii sau filme.<\/p>\n<hr \/>\n<\/div>\n<\/div>\n<div class=\"spec-tile span4 shuffle-item filtered\">\n<figure><\/figure>\n<div class=\"tile-content\">\n<h3 class=\"t6 tile-title\">Blocare \u015fi eliberare a parasolarului<\/h3>\n<p class=\"p3\">Un mecanism de blocare a parasolarului previne deta\u0219area accidental\u0103 a parasolarului \u00een timpul deplas\u0103rii de la o loca\u021bie la alta, dar un buton de deblocare a parasolarului faciliteaz\u0103 eliminarea \u0219i \u00eenlocuirea parasolarului ori de c\u00e2te ori este necesar.<\/p>\n<hr \/>\n<\/div>\n<\/div>\n<div class=\"spec-tile span4 shuffle-item filtered\">\n<figure><\/figure>\n<div class=\"tile-content\">\n<h3 class=\"t6 tile-title\">Fiabilitate ridicat\u0103 \u00een condi\u0163ii dificile<\/h3>\n<p class=\"p3\">Pe l\u00e2ng\u0103 m\u0103surile de etan\u0219are normale la praf \u0219i umiditate, a fost ad\u0103ugat un sigiliu pe interfa\u021ba corpului obiectivului pentru o protec\u021bie suplimentar\u0103 \u0219i fiabilitate \u00een medii dificile. Fotografia\u0163i cu \u00eencredere \u00een condi\u0163ii de ploaie u\u015foar\u0103 sau v\u00e2nt.<\/p>\n<\/div>\n<\/div>\n","protected":false},"excerpt":{"rendered":"<ul>\n<li><span style=\"color: #000000;\">SONY FE 85mm F1.4 GM<\/span><\/li>\n<li><span style=\"color: #000000;\">Baioneta : SONY E-Mount<\/span><\/li>\n<li><span style=\"color: #000000;\">Format : Full Frame , 35 mm<\/span><\/li>\n<li><span style=\"color: #000000;\">Distan\u021b\u0103 focal\u0103 : f=85 mm<\/span><\/li>\n<li><span style=\"color: #000000;\">Valoarea maxim\u0103 a diafragmei : F1.4<\/span><\/li>\n<li><span style=\"color: #000000;\">Valoarea minim\u0103 a diafragmei : F16<\/span><\/li>\n<li><span style=\"color: #000000;\">Lamele diafragmei : 11<\/span><\/li>\n<li><span style=\"color: #000000;\">Stabilizare integrat\u0103 : Nu<\/span><\/li>\n<li><span style=\"color: #000000;\">Distan\u021ba minim\u0103 de focalizare : 0,8 m<\/span><\/li>\n<li><span style=\"color: #000000;\">Diametru filtru : 77 mm<\/span><\/li>\n<li><span style=\"color: #000000;\">Dimensiuni : 89,5 x 107,5 mm<\/span><\/li>\n<li><span style=\"color: #000000;\">Greutate : 820 g<\/span><\/li>\n<li><span style=\"color: #000000;\">Con\u021binului cutiei : parasolar, capacul din spate \u0219i din fa\u021b\u0103, hus\u0103<\/span><\/li>\n<li><span style=\"color: #000000;\">Garan\u021bie de firm\u0103 : 2 ani<\/span><\/li>\n<\/ul>\n","protected":false},"featured_media":32127,"comment_status":"open","ping_status":"closed","template":"","meta":[],"product_brand":[],"product_cat":[901],"product_tag":[],"class_list":{"0":"post-21893","1":"product","2":"type-product","3":"status-publish","4":"has-post-thumbnail","6":"product_cat-obiective-fixe","8":"first","9":"outofstock","10":"sale","11":"shipping-taxable","12":"purchasable","13":"product-type-simple"},"yoast_head":"<!-- This site is optimized with the Yoast SEO plugin v27.4 - https:\/\/yoast.com\/product\/yoast-seo-wordpress\/ -->\n<title>SONY FE 85mm F1.4 GM | Dealer oficial SONY Moldova<\/title>\n<meta name=\"description\" content=\"Cump\u0103r\u0103 obiectivul pentru portrete SONY FE 85mm F1.4 GM cu garan\u021bie oficial\u0103 | SONY SEL85F14GM \u00een Chi\u0219in\u0103u | SONY G-Master\" \/>\n<meta name=\"robots\" content=\"index, follow, max-snippet:-1, max-image-preview:large, max-video-preview:-1\" \/>\n<link rel=\"canonical\" href=\"https:\/\/sonycenter.md\/ro\/magazin\/sel85f14gm\/\" \/>\n<meta property=\"og:locale\" content=\"ro_RO\" \/>\n<meta property=\"og:type\" content=\"article\" \/>\n<meta property=\"og:title\" content=\"SONY FE 85mm F1.4 GM | Dealer oficial SONY Moldova\" \/>\n<meta property=\"og:description\" content=\"Cump\u0103r\u0103 obiectivul pentru portrete SONY FE 85mm F1.4 GM cu garan\u021bie oficial\u0103 | SONY SEL85F14GM \u00een Chi\u0219in\u0103u | SONY G-Master\" \/>\n<meta property=\"og:url\" content=\"https:\/\/sonycenter.md\/ro\/magazin\/sel85f14gm\/\" \/>\n<meta property=\"og:site_name\" content=\"SONY\" \/>\n<meta property=\"article:modified_time\" content=\"2025-11-27T10:57:28+00:00\" \/>\n<meta property=\"og:image\" content=\"https:\/\/sonycenter.md\/wp-content\/uploads\/2020\/09\/sel85f14gm-1.jpg\" \/>\n\t<meta property=\"og:image:width\" content=\"600\" \/>\n\t<meta property=\"og:image:height\" content=\"600\" \/>\n\t<meta property=\"og:image:type\" content=\"image\/jpeg\" \/>\n<meta name=\"twitter:card\" content=\"summary_large_image\" \/>\n<meta name=\"twitter:label1\" content=\"Est. reading time\" \/>\n\t<meta name=\"twitter:data1\" content=\"4 minutes\" \/>\n<script type=\"application\/ld+json\" class=\"yoast-schema-graph\">{\"@context\":\"https:\\\/\\\/schema.org\",\"@graph\":[{\"@type\":[\"WebPage\",\"ItemPage\"],\"@id\":\"https:\\\/\\\/sonycenter.md\\\/ro\\\/magazin\\\/sel85f14gm\\\/\",\"url\":\"https:\\\/\\\/sonycenter.md\\\/ro\\\/magazin\\\/sel85f14gm\\\/\",\"name\":\"SONY FE 85mm F1.4 GM | Dealer oficial SONY Moldova\",\"isPartOf\":{\"@id\":\"http:\\\/\\\/sonycenter.md\\\/ro\\\/#website\"},\"primaryImageOfPage\":{\"@id\":\"https:\\\/\\\/sonycenter.md\\\/ro\\\/magazin\\\/sel85f14gm\\\/#primaryimage\"},\"image\":{\"@id\":\"https:\\\/\\\/sonycenter.md\\\/ro\\\/magazin\\\/sel85f14gm\\\/#primaryimage\"},\"thumbnailUrl\":\"https:\\\/\\\/sonycenter.md\\\/wp-content\\\/uploads\\\/2020\\\/09\\\/sel85f14gm-1.jpg\",\"datePublished\":\"2020-09-22T07:53:29+00:00\",\"dateModified\":\"2025-11-27T10:57:28+00:00\",\"description\":\"Cump\u0103r\u0103 obiectivul pentru portrete SONY FE 85mm F1.4 GM cu garan\u021bie oficial\u0103 | SONY SEL85F14GM \u00een Chi\u0219in\u0103u | SONY G-Master\",\"breadcrumb\":{\"@id\":\"https:\\\/\\\/sonycenter.md\\\/ro\\\/magazin\\\/sel85f14gm\\\/#breadcrumb\"},\"inLanguage\":\"ro-RO\",\"potentialAction\":[{\"@type\":\"ReadAction\",\"target\":[\"https:\\\/\\\/sonycenter.md\\\/ro\\\/magazin\\\/sel85f14gm\\\/\"]}]},{\"@type\":\"ImageObject\",\"inLanguage\":\"ro-RO\",\"@id\":\"https:\\\/\\\/sonycenter.md\\\/ro\\\/magazin\\\/sel85f14gm\\\/#primaryimage\",\"url\":\"https:\\\/\\\/sonycenter.md\\\/wp-content\\\/uploads\\\/2020\\\/09\\\/sel85f14gm-1.jpg\",\"contentUrl\":\"https:\\\/\\\/sonycenter.md\\\/wp-content\\\/uploads\\\/2020\\\/09\\\/sel85f14gm-1.jpg\",\"width\":600,\"height\":600,\"caption\":\"SEL85F14GM\"},{\"@type\":\"BreadcrumbList\",\"@id\":\"https:\\\/\\\/sonycenter.md\\\/ro\\\/magazin\\\/sel85f14gm\\\/#breadcrumb\",\"itemListElement\":[{\"@type\":\"ListItem\",\"position\":1,\"name\":\"\u0413\u043b\u0430\u0432\u043d\u0430\u044f \u0441\u0442\u0440\u0430\u043d\u0438\u0446\u0430\",\"item\":\"https:\\\/\\\/sonycenter.md\\\/ro\\\/\"},{\"@type\":\"ListItem\",\"position\":2,\"name\":\"Magazin\",\"item\":\"https:\\\/\\\/sonycenter.md\\\/shop\\\/\"},{\"@type\":\"ListItem\",\"position\":3,\"name\":\"SEL85F14GM\"}]},{\"@type\":\"WebSite\",\"@id\":\"http:\\\/\\\/sonycenter.md\\\/ro\\\/#website\",\"url\":\"http:\\\/\\\/sonycenter.md\\\/ro\\\/\",\"name\":\"sonycenter.md\",\"description\":\"SONYCENTER \u00een Chi\u0219in\u0103u\",\"publisher\":{\"@id\":\"http:\\\/\\\/sonycenter.md\\\/ro\\\/#organization\"},\"potentialAction\":[{\"@type\":\"SearchAction\",\"target\":{\"@type\":\"EntryPoint\",\"urlTemplate\":\"http:\\\/\\\/sonycenter.md\\\/ro\\\/?s={search_term_string}\"},\"query-input\":{\"@type\":\"PropertyValueSpecification\",\"valueRequired\":true,\"valueName\":\"search_term_string\"}}],\"inLanguage\":\"ro-RO\"},{\"@type\":\"Organization\",\"@id\":\"http:\\\/\\\/sonycenter.md\\\/ro\\\/#organization\",\"name\":\"sonycenter.md\",\"url\":\"http:\\\/\\\/sonycenter.md\\\/ro\\\/\",\"logo\":{\"@type\":\"ImageObject\",\"inLanguage\":\"ro-RO\",\"@id\":\"http:\\\/\\\/sonycenter.md\\\/ro\\\/#\\\/schema\\\/logo\\\/image\\\/\",\"url\":\"\",\"contentUrl\":\"\",\"caption\":\"sonycenter.md\"},\"image\":{\"@id\":\"http:\\\/\\\/sonycenter.md\\\/ro\\\/#\\\/schema\\\/logo\\\/image\\\/\"}}]}<\/script>\n<!-- \/ Yoast SEO plugin. -->","yoast_head_json":{"title":"SONY FE 85mm F1.4 GM | Dealer oficial SONY Moldova","description":"Cump\u0103r\u0103 obiectivul pentru portrete SONY FE 85mm F1.4 GM cu garan\u021bie oficial\u0103 | SONY SEL85F14GM \u00een Chi\u0219in\u0103u | SONY G-Master","robots":{"index":"index","follow":"follow","max-snippet":"max-snippet:-1","max-image-preview":"max-image-preview:large","max-video-preview":"max-video-preview:-1"},"canonical":"https:\/\/sonycenter.md\/ro\/magazin\/sel85f14gm\/","og_locale":"ro_RO","og_type":"article","og_title":"SONY FE 85mm F1.4 GM | Dealer oficial SONY Moldova","og_description":"Cump\u0103r\u0103 obiectivul pentru portrete SONY FE 85mm F1.4 GM cu garan\u021bie oficial\u0103 | SONY SEL85F14GM \u00een Chi\u0219in\u0103u | SONY G-Master","og_url":"https:\/\/sonycenter.md\/ro\/magazin\/sel85f14gm\/","og_site_name":"SONY","article_modified_time":"2025-11-27T10:57:28+00:00","og_image":[{"width":600,"height":600,"url":"https:\/\/sonycenter.md\/wp-content\/uploads\/2020\/09\/sel85f14gm-1.jpg","type":"image\/jpeg"}],"twitter_card":"summary_large_image","twitter_misc":{"Est. reading time":"4 minutes"},"schema":{"@context":"https:\/\/schema.org","@graph":[{"@type":["WebPage","ItemPage"],"@id":"https:\/\/sonycenter.md\/ro\/magazin\/sel85f14gm\/","url":"https:\/\/sonycenter.md\/ro\/magazin\/sel85f14gm\/","name":"SONY FE 85mm F1.4 GM | Dealer oficial SONY Moldova","isPartOf":{"@id":"https:\/\/sonycenter.md\/ro\/#website"},"primaryImageOfPage":{"@id":"https:\/\/sonycenter.md\/ro\/magazin\/sel85f14gm\/#primaryimage"},"image":{"@id":"https:\/\/sonycenter.md\/ro\/magazin\/sel85f14gm\/#primaryimage"},"thumbnailUrl":"https:\/\/sonycenter.md\/wp-content\/uploads\/2020\/09\/sel85f14gm-1.jpg","datePublished":"2020-09-22T07:53:29+00:00","dateModified":"2025-11-27T10:57:28+00:00","description":"Cump\u0103r\u0103 obiectivul pentru portrete SONY FE 85mm F1.4 GM cu garan\u021bie oficial\u0103 | SONY SEL85F14GM \u00een Chi\u0219in\u0103u | SONY G-Master","breadcrumb":{"@id":"https:\/\/sonycenter.md\/ro\/magazin\/sel85f14gm\/#breadcrumb"},"inLanguage":"ro-RO","potentialAction":[{"@type":"ReadAction","target":["https:\/\/sonycenter.md\/ro\/magazin\/sel85f14gm\/"]}]},{"@type":"ImageObject","inLanguage":"ro-RO","@id":"https:\/\/sonycenter.md\/ro\/magazin\/sel85f14gm\/#primaryimage","url":"https:\/\/sonycenter.md\/wp-content\/uploads\/2020\/09\/sel85f14gm-1.jpg","contentUrl":"https:\/\/sonycenter.md\/wp-content\/uploads\/2020\/09\/sel85f14gm-1.jpg","width":600,"height":600,"caption":"SEL85F14GM"},{"@type":"BreadcrumbList","@id":"https:\/\/sonycenter.md\/ro\/magazin\/sel85f14gm\/#breadcrumb","itemListElement":[{"@type":"ListItem","position":1,"name":"\u0413\u043b\u0430\u0432\u043d\u0430\u044f \u0441\u0442\u0440\u0430\u043d\u0438\u0446\u0430","item":"https:\/\/sonycenter.md\/ro\/"},{"@type":"ListItem","position":2,"name":"Magazin","item":"https:\/\/sonycenter.md\/shop\/"},{"@type":"ListItem","position":3,"name":"SEL85F14GM"}]},{"@type":"WebSite","@id":"https:\/\/sonycenter.md\/ro\/#website","url":"https:\/\/sonycenter.md\/ro\/","name":"sonycenter.md","description":"SONYCENTER \u00een Chi\u0219in\u0103u","publisher":{"@id":"https:\/\/sonycenter.md\/ro\/#organization"},"potentialAction":[{"@type":"SearchAction","target":{"@type":"EntryPoint","urlTemplate":"https:\/\/sonycenter.md\/ro\/?s={search_term_string}"},"query-input":{"@type":"PropertyValueSpecification","valueRequired":true,"valueName":"search_term_string"}}],"inLanguage":"ro-RO"},{"@type":"Organization","@id":"https:\/\/sonycenter.md\/ro\/#organization","name":"sonycenter.md","url":"https:\/\/sonycenter.md\/ro\/","logo":{"@type":"ImageObject","inLanguage":"ro-RO","@id":"https:\/\/sonycenter.md\/ro\/#\/schema\/logo\/image\/","url":"","contentUrl":"","caption":"sonycenter.md"},"image":{"@id":"https:\/\/sonycenter.md\/ro\/#\/schema\/logo\/image\/"}}]}},"_links":{"self":[{"href":"https:\/\/sonycenter.md\/ro\/wp-json\/wp\/v2\/product\/21893","targetHints":{"allow":["GET"]}}],"collection":[{"href":"https:\/\/sonycenter.md\/ro\/wp-json\/wp\/v2\/product"}],"about":[{"href":"https:\/\/sonycenter.md\/ro\/wp-json\/wp\/v2\/types\/product"}],"replies":[{"embeddable":true,"href":"https:\/\/sonycenter.md\/ro\/wp-json\/wp\/v2\/comments?post=21893"}],"wp:featuredmedia":[{"embeddable":true,"href":"https:\/\/sonycenter.md\/ro\/wp-json\/wp\/v2\/media\/32127"}],"wp:attachment":[{"href":"https:\/\/sonycenter.md\/ro\/wp-json\/wp\/v2\/media?parent=21893"}],"wp:term":[{"taxonomy":"product_brand","embeddable":true,"href":"https:\/\/sonycenter.md\/ro\/wp-json\/wp\/v2\/product_brand?post=21893"},{"taxonomy":"product_cat","embeddable":true,"href":"https:\/\/sonycenter.md\/ro\/wp-json\/wp\/v2\/product_cat?post=21893"},{"taxonomy":"product_tag","embeddable":true,"href":"https:\/\/sonycenter.md\/ro\/wp-json\/wp\/v2\/product_tag?post=21893"}],"curies":[{"name":"wp","href":"https:\/\/api.w.org\/{rel}","templated":true}]}}