{"id":21908,"date":"2020-09-22T11:59:23","date_gmt":"2020-09-22T08:59:23","guid":{"rendered":"https:\/\/sonycenter.md\/?post_type=product&#038;p=21908"},"modified":"2025-10-03T16:30:33","modified_gmt":"2025-10-03T13:30:33","slug":"selp18110g","status":"publish","type":"product","link":"https:\/\/sonycenter.md\/ro\/magazin\/selp18110g\/","title":{"rendered":"SELP18110G"},"content":{"rendered":"<div class=\"spec-tile span4 shuffle-item filtered\">\n<figure><span style=\"color: #000000;\"><img decoding=\"async\" class=\"iq-img\" src=\"https:\/\/www.sony.ro\/image\/57f61d0bcd3b52dc18d1d8e8b82635eb?fmt=jpeg&amp;wid=378&amp;qlt=85\" alt=\"Imagine cu E PZ 18-110mm F4 G OSS\" data-src-phone-highres=\"\/\/www.sony.ro\/image\/57f61d0bcd3b52dc18d1d8e8b82635eb?fmt=jpeg&amp;wid=756\" data-src-desktop=\"\/\/www.sony.ro\/image\/57f61d0bcd3b52dc18d1d8e8b82635eb?fmt=jpeg&amp;wid=378\" data-src-tablet-highres=\"\/\/www.sony.ro\/image\/57f61d0bcd3b52dc18d1d8e8b82635eb?fmt=jpeg&amp;wid=756\" data-id=\"img_57f61d0bcd3b52dc18d1d8e8b82635eb\" data-src-phone=\"\/\/www.sony.ro\/image\/57f61d0bcd3b52dc18d1d8e8b82635eb?fmt=jpeg&amp;wid=378\" data-src-tablet=\"\/\/www.sony.ro\/image\/57f61d0bcd3b52dc18d1d8e8b82635eb?fmt=jpeg&amp;wid=378\" data-src-desktop-highres=\"\/\/www.sony.ro\/image\/57f61d0bcd3b52dc18d1d8e8b82635eb?fmt=jpeg&amp;wid=756\" data-pushed=\"true\" data-current=\"\/\/www.sony.ro\/image\/57f61d0bcd3b52dc18d1d8e8b82635eb?fmt=jpeg&amp;wid=378\" data-hasloaded=\"true\" data-fadeonce=\"true\" \/><\/span><\/figure>\n<div class=\"tile-content\">\n<h3 class=\"t6 tile-title\"><span style=\"color: #000000;\">Pentru produc\u0163ie profesional\u0103 Super 35mm\/APS-C<\/span><\/h3>\n<p class=\"p3\"><span style=\"color: #000000;\">Acest obiectiv cu zoom automat ofer\u0103 performan\u0163e optime \u00een aplica\u0163iile de creare a filme Super 35mm\/APS-C, \u00eencep\u00e2nd cu unghiul panoramic\/superangular de 18 mm \u015fi extinz\u00e2ndu-se la un interval de zoom impresionant de 6,1x, cu o diafragm\u0103 maxim\u0103 constant\u0103 F4. Performan\u0163a optic\u0103 a obiectivului G Lens ofer\u0103 o calitate a imaginii potrivit\u0103 pentru ecrane 4K pe \u00eentregul interval de zoom, p\u00e2n\u0103 la marginile imaginii.<\/span><\/p>\n<hr \/>\n<\/div>\n<\/div>\n<div class=\"spec-tile span4 shuffle-item filtered\">\n<figure><span style=\"color: #000000;\"><img decoding=\"async\" class=\"iq-img\" src=\"https:\/\/www.sony.ro\/image\/ae7f00469963c5be18fceea629fd9c4e?fmt=jpeg&amp;wid=378&amp;qlt=85\" alt=\"Imagine cu E PZ 18-110mm F4 G OSS\" data-src-phone-highres=\"\/\/www.sony.ro\/image\/ae7f00469963c5be18fceea629fd9c4e?fmt=jpeg&amp;wid=756\" data-src-desktop=\"\/\/www.sony.ro\/image\/ae7f00469963c5be18fceea629fd9c4e?fmt=jpeg&amp;wid=378\" data-src-tablet-highres=\"\/\/www.sony.ro\/image\/ae7f00469963c5be18fceea629fd9c4e?fmt=jpeg&amp;wid=756\" data-id=\"img_ae7f00469963c5be18fceea629fd9c4e\" data-src-phone=\"\/\/www.sony.ro\/image\/ae7f00469963c5be18fceea629fd9c4e?fmt=jpeg&amp;wid=378\" data-src-tablet=\"\/\/www.sony.ro\/image\/ae7f00469963c5be18fceea629fd9c4e?fmt=jpeg&amp;wid=378\" data-src-desktop-highres=\"\/\/www.sony.ro\/image\/ae7f00469963c5be18fceea629fd9c4e?fmt=jpeg&amp;wid=756\" data-pushed=\"true\" data-current=\"\/\/www.sony.ro\/image\/ae7f00469963c5be18fceea629fd9c4e?fmt=jpeg&amp;wid=378\" data-hasloaded=\"true\" data-fadeonce=\"true\" \/><\/span><\/figure>\n<div class=\"tile-content\">\n<h3 class=\"t6 tile-title\"><span style=\"color: #000000;\">Smooth Motion Optics pentru cinematografie pro<\/span><\/h3>\n<p class=\"p3\"><span style=\"color: #000000;\">Designul \u015fi construc\u0163ia SMO (Smooth Motion Optics) originale de la Sony minimizeaz\u0103 mi\u015fc\u0103rile optice care pot avea un impact negativ asupra calit\u0103\u0163ii filmului. Instabilitatea focaliz\u0103rii este minimizat\u0103 printr-un mecanism de focalizare intern, mi\u015fcarea focaliz\u0103rii este eliminat\u0103 prin reglarea precis\u0103 a urm\u0103ririi focaliz\u0103rii, iar mi\u015fcarea axial\u0103 este minimizat\u0103 printr-un design ce asigur\u0103 p\u0103strarea constant\u0103 a lungimii.<\/span><\/p>\n<hr \/>\n<\/div>\n<\/div>\n<div class=\"spec-tile span4 shuffle-item filtered\">\n<figure><span style=\"color: #000000;\"><img decoding=\"async\" class=\"iq-img\" src=\"https:\/\/www.sony.ro\/image\/f4bcf6e63a3796b8c931977cad330fc2?fmt=jpeg&amp;wid=378&amp;qlt=85\" alt=\"Imagine cu E PZ 18-110mm F4 G OSS\" data-src-phone-highres=\"\/\/www.sony.ro\/image\/f4bcf6e63a3796b8c931977cad330fc2?fmt=jpeg&amp;wid=756\" data-src-desktop=\"\/\/www.sony.ro\/image\/f4bcf6e63a3796b8c931977cad330fc2?fmt=jpeg&amp;wid=378\" data-src-tablet-highres=\"\/\/www.sony.ro\/image\/f4bcf6e63a3796b8c931977cad330fc2?fmt=jpeg&amp;wid=756\" data-id=\"img_f4bcf6e63a3796b8c931977cad330fc2\" data-src-phone=\"\/\/www.sony.ro\/image\/f4bcf6e63a3796b8c931977cad330fc2?fmt=jpeg&amp;wid=378\" data-src-tablet=\"\/\/www.sony.ro\/image\/f4bcf6e63a3796b8c931977cad330fc2?fmt=jpeg&amp;wid=378\" data-src-desktop-highres=\"\/\/www.sony.ro\/image\/f4bcf6e63a3796b8c931977cad330fc2?fmt=jpeg&amp;wid=756\" data-pushed=\"true\" data-current=\"\/\/www.sony.ro\/image\/f4bcf6e63a3796b8c931977cad330fc2?fmt=jpeg&amp;wid=378\" data-hasloaded=\"true\" data-fadeonce=\"true\" \/><\/span><\/figure>\n<div class=\"tile-content\">\n<h3 class=\"t6 tile-title\"><span style=\"color: #000000;\">Control flexibil, de mare precizie a zoomului<\/span><\/h3>\n<p class=\"p3\"><span style=\"color: #000000;\">\u00cen plus fa\u0163\u0103 de func\u0163ia fin\u0103 \u015fi automat\u0103 de zoom, func\u0163ia mecanic\u0103 de zoom manual asigur\u0103 control f\u0103r\u0103 laten\u0163\u0103. Unghiul de vizualizare dorit poate fi ob\u0163inut cu u\u015furin\u0163\u0103 \u015fi precizie. Direc\u0163ia inelului de zoom poate fi comutat\u0103 cu u\u015furin\u0163\u0103 dup\u0103 cum este necesar, func\u0163ia de zoom automat cu ajustare fin\u0103 \u015fi lent\u0103 acceptat\u0103 este, iar mecanismul de zoom interior permite men\u0163inerea constant\u0103 a lungimii obiectivului.<\/span><\/p>\n<hr \/>\n<p class=\"p3\">\n<\/div>\n<\/div>\n<div class=\"spec-tile span4 shuffle-item filtered\">\n<figure><span style=\"color: #000000;\"><img decoding=\"async\" class=\"iq-img\" src=\"https:\/\/www.sony.ro\/image\/6668a3a2ebed1b7a0abe9adbb9eef19c?fmt=jpeg&amp;wid=378&amp;qlt=85\" alt=\"Imagine cu E PZ 18-110mm F4 G OSS\" data-src-phone-highres=\"\/\/www.sony.ro\/image\/6668a3a2ebed1b7a0abe9adbb9eef19c?fmt=jpeg&amp;wid=756\" data-src-desktop=\"\/\/www.sony.ro\/image\/6668a3a2ebed1b7a0abe9adbb9eef19c?fmt=jpeg&amp;wid=378\" data-src-tablet-highres=\"\/\/www.sony.ro\/image\/6668a3a2ebed1b7a0abe9adbb9eef19c?fmt=jpeg&amp;wid=756\" data-id=\"img_6668a3a2ebed1b7a0abe9adbb9eef19c\" data-src-phone=\"\/\/www.sony.ro\/image\/6668a3a2ebed1b7a0abe9adbb9eef19c?fmt=jpeg&amp;wid=378\" data-src-tablet=\"\/\/www.sony.ro\/image\/6668a3a2ebed1b7a0abe9adbb9eef19c?fmt=jpeg&amp;wid=378\" data-src-desktop-highres=\"\/\/www.sony.ro\/image\/6668a3a2ebed1b7a0abe9adbb9eef19c?fmt=jpeg&amp;wid=756\" data-pushed=\"true\" data-current=\"\/\/www.sony.ro\/image\/6668a3a2ebed1b7a0abe9adbb9eef19c?fmt=jpeg&amp;wid=378\" data-hasloaded=\"true\" data-fadeonce=\"true\" \/><\/span><\/figure>\n<div class=\"tile-content\">\n<h3 class=\"t6 tile-title\"><span style=\"color: #000000;\">Stabilizare optic\u0103 SteadyShot\u00a0<\/span><\/h3>\n<p class=\"p3\"><span style=\"color: #000000;\">Func\u0163ia de stabilizare optic\u0103 SteadyShot\u2122 ajut\u0103 la men\u0163inerea stabilit\u0103\u0163ii \u015fi clarit\u0103\u0163ii imaginilor capturate \u00eentr-o gam\u0103 variat\u0103 de condi\u0163ii de \u00eenregistrare. Acesta poate reprezenta un avantaj foarte mare atunci c\u00e2nd \u00eenregistra\u0163i \u00een condi\u0163ii de lumin\u0103 sc\u0103zut\u0103, reduc\u00e2nd necesitatea de cre\u015ftere a valorii ISO (care ar putea duce la apari\u0163ia zgomotului de imagine), dar \u015fi atunci c\u00e2nd v\u0103 deplasa\u0163i \u00een timp ce folosi\u0163i camera.<\/span><\/p>\n<hr \/>\n<\/div>\n<\/div>\n<div class=\"spec-tile span4 shuffle-item filtered\">\n<figure><span style=\"color: #000000;\"><img decoding=\"async\" class=\"iq-img\" src=\"https:\/\/www.sony.ro\/image\/3932199a9fa4e07b86459443db071d9f?fmt=jpeg&amp;wid=378&amp;qlt=85\" alt=\"Imagine cu E PZ 18-110mm F4 G OSS\" data-src-phone-highres=\"\/\/www.sony.ro\/image\/3932199a9fa4e07b86459443db071d9f?fmt=jpeg&amp;wid=756\" data-src-desktop=\"\/\/www.sony.ro\/image\/3932199a9fa4e07b86459443db071d9f?fmt=jpeg&amp;wid=378\" data-src-tablet-highres=\"\/\/www.sony.ro\/image\/3932199a9fa4e07b86459443db071d9f?fmt=jpeg&amp;wid=756\" data-id=\"img_3932199a9fa4e07b86459443db071d9f\" data-src-phone=\"\/\/www.sony.ro\/image\/3932199a9fa4e07b86459443db071d9f?fmt=jpeg&amp;wid=378\" data-src-tablet=\"\/\/www.sony.ro\/image\/3932199a9fa4e07b86459443db071d9f?fmt=jpeg&amp;wid=378\" data-src-desktop-highres=\"\/\/www.sony.ro\/image\/3932199a9fa4e07b86459443db071d9f?fmt=jpeg&amp;wid=756\" data-pushed=\"true\" data-current=\"\/\/www.sony.ro\/image\/3932199a9fa4e07b86459443db071d9f?fmt=jpeg&amp;wid=378\" data-hasloaded=\"true\" data-fadeonce=\"true\" \/><\/span><\/figure>\n<div class=\"tile-content\">\n<h3 class=\"t6 tile-title\"><span style=\"color: #000000;\">Dimensiune \u015fi greutate ideale pentru filmat activ<\/span><\/h3>\n<p class=\"p3\"><span style=\"color: #000000;\">Designul compact, u\u015for, contribuie la genul de mobilitate cerut de \u00eenregistrarea de filme \u00een condi\u0163ii active. Dimensiunea compact\u0103 \u015fi greutatea redus\u0103 pot reprezenta avantaje atunci c\u00e2nd se folosesc cardane \u015fi alte tipuri de suporturi.<\/span><\/p>\n<hr \/>\n<\/div>\n<\/div>\n<div class=\"spec-tile span4 shuffle-item filtered\">\n<figure><span style=\"color: #000000;\"><img decoding=\"async\" class=\"iq-img\" src=\"https:\/\/www.sony.ro\/image\/84a0614cde97a8158a5b67970466fec0?fmt=jpeg&amp;wid=378&amp;qlt=85\" alt=\"Imagine cu E PZ 18-110mm F4 G OSS\" data-src-phone-highres=\"\/\/www.sony.ro\/image\/84a0614cde97a8158a5b67970466fec0?fmt=jpeg&amp;wid=756\" data-src-desktop=\"\/\/www.sony.ro\/image\/84a0614cde97a8158a5b67970466fec0?fmt=jpeg&amp;wid=378\" data-src-tablet-highres=\"\/\/www.sony.ro\/image\/84a0614cde97a8158a5b67970466fec0?fmt=jpeg&amp;wid=756\" data-id=\"img_84a0614cde97a8158a5b67970466fec0\" data-src-phone=\"\/\/www.sony.ro\/image\/84a0614cde97a8158a5b67970466fec0?fmt=jpeg&amp;wid=378\" data-src-tablet=\"\/\/www.sony.ro\/image\/84a0614cde97a8158a5b67970466fec0?fmt=jpeg&amp;wid=378\" data-src-desktop-highres=\"\/\/www.sony.ro\/image\/84a0614cde97a8158a5b67970466fec0?fmt=jpeg&amp;wid=756\" data-pushed=\"true\" data-current=\"\/\/www.sony.ro\/image\/84a0614cde97a8158a5b67970466fec0?fmt=jpeg&amp;wid=378\" data-hasloaded=\"true\" data-fadeonce=\"true\" \/><\/span><\/figure>\n<div class=\"tile-content\">\n<h3 class=\"t6 tile-title\"><span style=\"color: #000000;\">Caracteristici rafinate \u015fi utilizare optimizat\u0103 a focaliz\u0103rii<\/span><\/h3>\n<p class=\"p3\"><span style=\"color: #000000;\">Inelul de focalizare poate fi glisat pentru a se comuta \u00eentre focalizarea automat\u0103 \u015fi focalizarea manual\u0103. Astfel, comutarea se poate face f\u0103r\u0103 pauz\u0103 \u015fi f\u0103r\u0103 schimbarea posturii de \u00eenregistrare. Un mecanism de focalizare cu \u00een\u0103l\u0163ime de 0,8 mm este \u00eencorporat \u00een obiectivul st\u00e2ng, asigur\u00e2nd o compatibilitate direct\u0103 cu accesoriile de focalizare standard.<\/span><\/p>\n<hr \/>\n<\/div>\n<\/div>\n<div class=\"spec-tile span4 shuffle-item filtered\">\n<figure><span style=\"color: #000000;\"><img decoding=\"async\" class=\"iq-img\" src=\"https:\/\/www.sony.ro\/image\/07219454e199e4f981df38980066951d?fmt=jpeg&amp;wid=378&amp;qlt=85\" alt=\"Imagine cu E PZ 18-110mm F4 G OSS\" data-src-phone-highres=\"\/\/www.sony.ro\/image\/07219454e199e4f981df38980066951d?fmt=jpeg&amp;wid=756\" data-src-desktop=\"\/\/www.sony.ro\/image\/07219454e199e4f981df38980066951d?fmt=jpeg&amp;wid=378\" data-src-tablet-highres=\"\/\/www.sony.ro\/image\/07219454e199e4f981df38980066951d?fmt=jpeg&amp;wid=756\" data-id=\"img_07219454e199e4f981df38980066951d\" data-src-phone=\"\/\/www.sony.ro\/image\/07219454e199e4f981df38980066951d?fmt=jpeg&amp;wid=378\" data-src-tablet=\"\/\/www.sony.ro\/image\/07219454e199e4f981df38980066951d?fmt=jpeg&amp;wid=378\" data-src-desktop-highres=\"\/\/www.sony.ro\/image\/07219454e199e4f981df38980066951d?fmt=jpeg&amp;wid=756\" data-pushed=\"true\" data-current=\"\/\/www.sony.ro\/image\/07219454e199e4f981df38980066951d?fmt=jpeg&amp;wid=378\" data-hasloaded=\"true\" data-fadeonce=\"true\" \/><\/span><\/figure>\n<div class=\"tile-content\">\n<h3 class=\"t6 tile-title\"><span style=\"color: #000000;\">Fiabil \u00een condi\u0163ii dificile<\/span><\/h3>\n<p class=\"p3\"><span style=\"color: #000000;\">Un design etan\u015f rezistent la praf \u015fi umiditate asigur\u0103 protec\u0163ie suplimentar\u0103 \u015fi asigur\u0103 func\u0163ionarea fiabil\u0103 \u00een medii dificile. Fotografia\u0163i cu \u00eencredere \u00een condi\u0163ii de ploaie u\u015foar\u0103 sau v\u00e2nt.<\/span><\/p>\n<\/div>\n<\/div>\n","protected":false},"excerpt":{"rendered":"<ul>\n<li><span style=\"color: #000000;\">SONY E PZ 18-110 mm F4 G OSS<\/span><\/li>\n<li><span style=\"color: #000000;\">Baioneta : SONY E-Mount<\/span><\/li>\n<li><span style=\"color: #000000;\">Format : APS-C , crop 1.5<\/span><\/li>\n<li><span style=\"color: #000000;\">Distan\u021b\u0103 focal\u0103 : f=18-110 mm<\/span><\/li>\n<li><span style=\"color: #000000;\">Valoarea maxim\u0103 a diafragmei : F4<\/span><\/li>\n<li><span style=\"color: #000000;\">Valoarea minim\u0103 a diafragmei : F22<\/span><\/li>\n<li><span style=\"color: #000000;\">Lamele diafragmei : 7<\/span><\/li>\n<li><span style=\"color: #000000;\">Stabilizare integrat\u0103 : Da<\/span><\/li>\n<li><span style=\"color: #000000;\">Distan\u021ba minim\u0103 de focalizare : 0.4 m<\/span><\/li>\n<li><span style=\"color: #000000;\">Diametru filtru : 95 mm<\/span><\/li>\n<li><span style=\"color: #000000;\">Dimensiuni : 97,6 x 137 mm<\/span><\/li>\n<li><span style=\"color: #000000;\">Greutate : 1105 g<\/span><\/li>\n<li><span style=\"color: #000000;\">Con\u021binului cutiei : parasolar .capacul din spate \u0219i din fa\u021b\u0103 , hus\u0103<\/span><\/li>\n<li><span style=\"color: #000000;\">Garan\u021bie de firm\u0103 : 2 ani<\/span><\/li>\n<\/ul>\n","protected":false},"featured_media":21851,"comment_status":"open","ping_status":"closed","template":"","meta":[],"product_brand":[],"product_cat":[899],"product_tag":[],"class_list":{"0":"post-21908","1":"product","2":"type-product","3":"status-publish","4":"has-post-thumbnail","6":"product_cat-obiective-zoom","8":"first","9":"outofstock","10":"sale","11":"shipping-taxable","12":"purchasable","13":"product-type-simple"},"yoast_head":"<!-- This site is optimized with the Yoast SEO plugin v27.4 - https:\/\/yoast.com\/product\/yoast-seo-wordpress\/ -->\n<title>SONY SELP18110G | SONY E PZ 18-110 mm F4 G OSS<\/title>\n<meta name=\"description\" content=\"SONY SELP18110G | SONY E PZ 18-110 mm F4 G OSS\" \/>\n<meta name=\"robots\" content=\"index, follow, max-snippet:-1, max-image-preview:large, max-video-preview:-1\" \/>\n<link rel=\"canonical\" href=\"https:\/\/sonycenter.md\/ro\/magazin\/selp18110g\/\" \/>\n<meta property=\"og:locale\" content=\"ro_RO\" \/>\n<meta property=\"og:type\" content=\"article\" \/>\n<meta property=\"og:title\" content=\"SONY SELP18110G | SONY E PZ 18-110 mm F4 G OSS\" \/>\n<meta property=\"og:description\" content=\"SONY SELP18110G | SONY E PZ 18-110 mm F4 G OSS\" \/>\n<meta property=\"og:url\" content=\"https:\/\/sonycenter.md\/ro\/magazin\/selp18110g\/\" \/>\n<meta property=\"og:site_name\" content=\"SONY\" \/>\n<meta property=\"article:modified_time\" content=\"2025-10-03T13:30:33+00:00\" \/>\n<meta property=\"og:image\" content=\"https:\/\/sonycenter.md\/wp-content\/uploads\/2020\/09\/selp18110g.jpg\" \/>\n\t<meta property=\"og:image:width\" content=\"600\" \/>\n\t<meta property=\"og:image:height\" content=\"600\" \/>\n\t<meta property=\"og:image:type\" content=\"image\/jpeg\" \/>\n<meta name=\"twitter:card\" content=\"summary_large_image\" \/>\n<meta name=\"twitter:label1\" content=\"Est. reading time\" \/>\n\t<meta name=\"twitter:data1\" content=\"4 minutes\" \/>\n<script type=\"application\/ld+json\" class=\"yoast-schema-graph\">{\"@context\":\"https:\\\/\\\/schema.org\",\"@graph\":[{\"@type\":[\"WebPage\",\"ItemPage\"],\"@id\":\"https:\\\/\\\/sonycenter.md\\\/ro\\\/magazin\\\/selp18110g\\\/\",\"url\":\"https:\\\/\\\/sonycenter.md\\\/ro\\\/magazin\\\/selp18110g\\\/\",\"name\":\"SONY SELP18110G | SONY E PZ 18-110 mm F4 G OSS\",\"isPartOf\":{\"@id\":\"http:\\\/\\\/sonycenter.md\\\/ro\\\/#website\"},\"primaryImageOfPage\":{\"@id\":\"https:\\\/\\\/sonycenter.md\\\/ro\\\/magazin\\\/selp18110g\\\/#primaryimage\"},\"image\":{\"@id\":\"https:\\\/\\\/sonycenter.md\\\/ro\\\/magazin\\\/selp18110g\\\/#primaryimage\"},\"thumbnailUrl\":\"https:\\\/\\\/sonycenter.md\\\/wp-content\\\/uploads\\\/2020\\\/09\\\/selp18110g.jpg\",\"datePublished\":\"2020-09-22T08:59:23+00:00\",\"dateModified\":\"2025-10-03T13:30:33+00:00\",\"description\":\"SONY SELP18110G | SONY E PZ 18-110 mm F4 G OSS\",\"breadcrumb\":{\"@id\":\"https:\\\/\\\/sonycenter.md\\\/ro\\\/magazin\\\/selp18110g\\\/#breadcrumb\"},\"inLanguage\":\"ro-RO\",\"potentialAction\":[{\"@type\":\"ReadAction\",\"target\":[\"https:\\\/\\\/sonycenter.md\\\/ro\\\/magazin\\\/selp18110g\\\/\"]}]},{\"@type\":\"ImageObject\",\"inLanguage\":\"ro-RO\",\"@id\":\"https:\\\/\\\/sonycenter.md\\\/ro\\\/magazin\\\/selp18110g\\\/#primaryimage\",\"url\":\"https:\\\/\\\/sonycenter.md\\\/wp-content\\\/uploads\\\/2020\\\/09\\\/selp18110g.jpg\",\"contentUrl\":\"https:\\\/\\\/sonycenter.md\\\/wp-content\\\/uploads\\\/2020\\\/09\\\/selp18110g.jpg\",\"width\":600,\"height\":600,\"caption\":\"SELP18110G\"},{\"@type\":\"BreadcrumbList\",\"@id\":\"https:\\\/\\\/sonycenter.md\\\/ro\\\/magazin\\\/selp18110g\\\/#breadcrumb\",\"itemListElement\":[{\"@type\":\"ListItem\",\"position\":1,\"name\":\"\u0413\u043b\u0430\u0432\u043d\u0430\u044f \u0441\u0442\u0440\u0430\u043d\u0438\u0446\u0430\",\"item\":\"https:\\\/\\\/sonycenter.md\\\/ro\\\/\"},{\"@type\":\"ListItem\",\"position\":2,\"name\":\"Magazin\",\"item\":\"https:\\\/\\\/sonycenter.md\\\/shop\\\/\"},{\"@type\":\"ListItem\",\"position\":3,\"name\":\"SELP18110G\"}]},{\"@type\":\"WebSite\",\"@id\":\"http:\\\/\\\/sonycenter.md\\\/ro\\\/#website\",\"url\":\"http:\\\/\\\/sonycenter.md\\\/ro\\\/\",\"name\":\"sonycenter.md\",\"description\":\"SONYCENTER \u00een Chi\u0219in\u0103u\",\"publisher\":{\"@id\":\"http:\\\/\\\/sonycenter.md\\\/ro\\\/#organization\"},\"potentialAction\":[{\"@type\":\"SearchAction\",\"target\":{\"@type\":\"EntryPoint\",\"urlTemplate\":\"http:\\\/\\\/sonycenter.md\\\/ro\\\/?s={search_term_string}\"},\"query-input\":{\"@type\":\"PropertyValueSpecification\",\"valueRequired\":true,\"valueName\":\"search_term_string\"}}],\"inLanguage\":\"ro-RO\"},{\"@type\":\"Organization\",\"@id\":\"http:\\\/\\\/sonycenter.md\\\/ro\\\/#organization\",\"name\":\"sonycenter.md\",\"url\":\"http:\\\/\\\/sonycenter.md\\\/ro\\\/\",\"logo\":{\"@type\":\"ImageObject\",\"inLanguage\":\"ro-RO\",\"@id\":\"http:\\\/\\\/sonycenter.md\\\/ro\\\/#\\\/schema\\\/logo\\\/image\\\/\",\"url\":\"\",\"contentUrl\":\"\",\"caption\":\"sonycenter.md\"},\"image\":{\"@id\":\"http:\\\/\\\/sonycenter.md\\\/ro\\\/#\\\/schema\\\/logo\\\/image\\\/\"}}]}<\/script>\n<!-- \/ Yoast SEO plugin. -->","yoast_head_json":{"title":"SONY SELP18110G | SONY E PZ 18-110 mm F4 G OSS","description":"SONY SELP18110G | SONY E PZ 18-110 mm F4 G OSS","robots":{"index":"index","follow":"follow","max-snippet":"max-snippet:-1","max-image-preview":"max-image-preview:large","max-video-preview":"max-video-preview:-1"},"canonical":"https:\/\/sonycenter.md\/ro\/magazin\/selp18110g\/","og_locale":"ro_RO","og_type":"article","og_title":"SONY SELP18110G | SONY E PZ 18-110 mm F4 G OSS","og_description":"SONY SELP18110G | SONY E PZ 18-110 mm F4 G OSS","og_url":"https:\/\/sonycenter.md\/ro\/magazin\/selp18110g\/","og_site_name":"SONY","article_modified_time":"2025-10-03T13:30:33+00:00","og_image":[{"width":600,"height":600,"url":"https:\/\/sonycenter.md\/wp-content\/uploads\/2020\/09\/selp18110g.jpg","type":"image\/jpeg"}],"twitter_card":"summary_large_image","twitter_misc":{"Est. reading time":"4 minutes"},"schema":{"@context":"https:\/\/schema.org","@graph":[{"@type":["WebPage","ItemPage"],"@id":"https:\/\/sonycenter.md\/ro\/magazin\/selp18110g\/","url":"https:\/\/sonycenter.md\/ro\/magazin\/selp18110g\/","name":"SONY SELP18110G | SONY E PZ 18-110 mm F4 G OSS","isPartOf":{"@id":"https:\/\/sonycenter.md\/ro\/#website"},"primaryImageOfPage":{"@id":"https:\/\/sonycenter.md\/ro\/magazin\/selp18110g\/#primaryimage"},"image":{"@id":"https:\/\/sonycenter.md\/ro\/magazin\/selp18110g\/#primaryimage"},"thumbnailUrl":"https:\/\/sonycenter.md\/wp-content\/uploads\/2020\/09\/selp18110g.jpg","datePublished":"2020-09-22T08:59:23+00:00","dateModified":"2025-10-03T13:30:33+00:00","description":"SONY SELP18110G | SONY E PZ 18-110 mm F4 G OSS","breadcrumb":{"@id":"https:\/\/sonycenter.md\/ro\/magazin\/selp18110g\/#breadcrumb"},"inLanguage":"ro-RO","potentialAction":[{"@type":"ReadAction","target":["https:\/\/sonycenter.md\/ro\/magazin\/selp18110g\/"]}]},{"@type":"ImageObject","inLanguage":"ro-RO","@id":"https:\/\/sonycenter.md\/ro\/magazin\/selp18110g\/#primaryimage","url":"https:\/\/sonycenter.md\/wp-content\/uploads\/2020\/09\/selp18110g.jpg","contentUrl":"https:\/\/sonycenter.md\/wp-content\/uploads\/2020\/09\/selp18110g.jpg","width":600,"height":600,"caption":"SELP18110G"},{"@type":"BreadcrumbList","@id":"https:\/\/sonycenter.md\/ro\/magazin\/selp18110g\/#breadcrumb","itemListElement":[{"@type":"ListItem","position":1,"name":"\u0413\u043b\u0430\u0432\u043d\u0430\u044f \u0441\u0442\u0440\u0430\u043d\u0438\u0446\u0430","item":"https:\/\/sonycenter.md\/ro\/"},{"@type":"ListItem","position":2,"name":"Magazin","item":"https:\/\/sonycenter.md\/shop\/"},{"@type":"ListItem","position":3,"name":"SELP18110G"}]},{"@type":"WebSite","@id":"https:\/\/sonycenter.md\/ro\/#website","url":"https:\/\/sonycenter.md\/ro\/","name":"sonycenter.md","description":"SONYCENTER \u00een Chi\u0219in\u0103u","publisher":{"@id":"https:\/\/sonycenter.md\/ro\/#organization"},"potentialAction":[{"@type":"SearchAction","target":{"@type":"EntryPoint","urlTemplate":"https:\/\/sonycenter.md\/ro\/?s={search_term_string}"},"query-input":{"@type":"PropertyValueSpecification","valueRequired":true,"valueName":"search_term_string"}}],"inLanguage":"ro-RO"},{"@type":"Organization","@id":"https:\/\/sonycenter.md\/ro\/#organization","name":"sonycenter.md","url":"https:\/\/sonycenter.md\/ro\/","logo":{"@type":"ImageObject","inLanguage":"ro-RO","@id":"https:\/\/sonycenter.md\/ro\/#\/schema\/logo\/image\/","url":"","contentUrl":"","caption":"sonycenter.md"},"image":{"@id":"https:\/\/sonycenter.md\/ro\/#\/schema\/logo\/image\/"}}]}},"_links":{"self":[{"href":"https:\/\/sonycenter.md\/ro\/wp-json\/wp\/v2\/product\/21908","targetHints":{"allow":["GET"]}}],"collection":[{"href":"https:\/\/sonycenter.md\/ro\/wp-json\/wp\/v2\/product"}],"about":[{"href":"https:\/\/sonycenter.md\/ro\/wp-json\/wp\/v2\/types\/product"}],"replies":[{"embeddable":true,"href":"https:\/\/sonycenter.md\/ro\/wp-json\/wp\/v2\/comments?post=21908"}],"wp:featuredmedia":[{"embeddable":true,"href":"https:\/\/sonycenter.md\/ro\/wp-json\/wp\/v2\/media\/21851"}],"wp:attachment":[{"href":"https:\/\/sonycenter.md\/ro\/wp-json\/wp\/v2\/media?parent=21908"}],"wp:term":[{"taxonomy":"product_brand","embeddable":true,"href":"https:\/\/sonycenter.md\/ro\/wp-json\/wp\/v2\/product_brand?post=21908"},{"taxonomy":"product_cat","embeddable":true,"href":"https:\/\/sonycenter.md\/ro\/wp-json\/wp\/v2\/product_cat?post=21908"},{"taxonomy":"product_tag","embeddable":true,"href":"https:\/\/sonycenter.md\/ro\/wp-json\/wp\/v2\/product_tag?post=21908"}],"curies":[{"name":"wp","href":"https:\/\/api.w.org\/{rel}","templated":true}]}}