{"id":21915,"date":"2020-09-22T12:23:10","date_gmt":"2020-09-22T09:23:10","guid":{"rendered":"https:\/\/sonycenter.md\/?post_type=product&#038;p=21915"},"modified":"2025-10-03T16:18:38","modified_gmt":"2025-10-03T13:18:38","slug":"selp18200","status":"publish","type":"product","link":"https:\/\/sonycenter.md\/ro\/magazin\/selp18200\/","title":{"rendered":"SELP18200"},"content":{"rendered":"<div class=\"spec-tile span4 shuffle-item filtered\">\n<div class=\"tile-content\">\n<h3 class=\"t6 tile-title\"><span style=\"color: #000000;\">Ob\u0163ine\u0163i efecte lente de zoom la filmare<\/span><\/h3>\n<p class=\"p3\"><span style=\"color: #000000;\">De la filme la documentare, \u00eembun\u0103t\u0103\u0163i\u0163i-v\u0103 lucr\u0103rile creative cu prim-planuri stabile, controlate, gra\u0163ie zoomului lent<\/span><\/p>\n<hr \/>\n<\/div>\n<\/div>\n<div class=\"spec-tile span4 shuffle-item filtered\">\n<div class=\"tile-content\">\n<h3 class=\"t6 tile-title\"><span style=\"color: #000000;\">Filma\u0163i de la distan\u0163\u0103<\/span><\/h3>\n<p class=\"p3\"><span style=\"color: #000000;\">Chiar \u015fi cele mai fine detalii devin clare \u015fi precise folosind un teleobiectiv cu zoom de 18-200 mm, cu m\u0103rire 11x<\/span><\/p>\n<hr \/>\n<\/div>\n<\/div>\n<div class=\"spec-tile span4 shuffle-item filtered\">\n<div class=\"tile-content\">\n<h3 class=\"t6 tile-title\"><span style=\"color: #000000;\">Dou\u0103 modalit\u0103\u0163i de a apropia scena<\/span><\/h3>\n<p class=\"p3\"><span style=\"color: #000000;\">Face\u0163i zoom direct folosind comenzile integrate de pe camera foto sau video sau \u00eencerca\u0163i s\u0103 folosi\u0163i maneta de zoom de pe obiectiv<\/span><\/p>\n<hr \/>\n<\/div>\n<\/div>\n<div class=\"spec-tile span4 shuffle-item filtered\">\n<div class=\"tile-content\">\n<h3 class=\"t6 tile-title\"><span style=\"color: #000000;\">Urm\u0103ri\u0163i mi\u015fcarea rapid\u0103 cu focalizarea automat\u0103 lin\u0103<\/span><\/h3>\n<p class=\"p3\"><span style=\"color: #000000;\">Men\u0163ine\u0163i focalizarea cu precizie lin\u0103 \u015fi silen\u0163ioas\u0103, pentru detalii fine \u00een toate scenele surprinse<\/span><\/p>\n<hr \/>\n<\/div>\n<\/div>\n<div class=\"spec-tile span4 shuffle-item filtered\">\n<div class=\"tile-content\">\n<h3 class=\"t6 tile-title\"><span style=\"color: #000000;\">Niciun tremur sau instabilitate cu stabilizarea optic\u0103 SteadyShot<\/span><\/h3>\n<p class=\"p3\"><span style=\"color: #000000;\">Filmarea din mers este c\u00e2t se poate de u\u015foar\u0103; captura\u0163i imagini Full HD uniforme indiferent c\u00e2t de dificile devin condi\u0163iile<\/span><\/p>\n<hr \/>\n<\/div>\n<\/div>\n<div class=\"spec-tile span4 shuffle-item filtered\">\n<div class=\"tile-content\">\n<h3 class=\"t6 tile-title\"><span style=\"color: #000000;\">Control deplin pentru crearea de efecte de estompare<\/span><\/h3>\n<p class=\"p3\"><span style=\"color: #000000;\">Regla\u0163i diafragma circular\u0103 pentru o defocalizare natural\u0103, mai fin\u0103 \u015fi eviden\u0163ia\u0163i obiectele din prim-plan pe un fundal estompat<\/span><\/p>\n<hr \/>\n<\/div>\n<\/div>\n<div class=\"spec-tile span4 shuffle-item filtered\">\n<div class=\"tile-content\">\n<h3 class=\"t6 tile-title\"><span style=\"color: #000000;\">Suficient de u\u015for \u015fi de rezistent pentru orice filmare<\/span><\/h3>\n<p class=\"p3\"><span style=\"color: #000000;\">Acest obiectiv elegant din aluminiu nu va fi afectat de \u015focuri \u015fi lovituri atunci c\u00e2nd v\u0103 afla\u0163i \u00een aer liber<\/span><\/p>\n<\/div>\n<\/div>\n","protected":false},"excerpt":{"rendered":"<ul>\n<li><span style=\"color: #000000;\">SONY E PZ 18-200 mm F3.5-6.3 OSS<\/span><\/li>\n<li><span style=\"color: #000000;\">Baioneta : SONY E-Mount<\/span><\/li>\n<li><span style=\"color: #000000;\">Format : APS-C , crop 1.5<\/span><\/li>\n<li><span style=\"color: #000000;\">Distan\u021b\u0103 focal\u0103 : f=18-200 mm<\/span><\/li>\n<li><span style=\"color: #000000;\">Valoarea maxim\u0103 a diafragmei : F3.5-6.3<\/span><\/li>\n<li><span style=\"color: #000000;\">Valoarea minim\u0103 a diafragmei : F22-40<\/span><\/li>\n<li><span style=\"color: #000000;\">Lamele diafragmei : 7<\/span><\/li>\n<li><span style=\"color: #000000;\">Stabilizare integrat\u0103 : Da<\/span><\/li>\n<li><span style=\"color: #000000;\">Distan\u021ba minim\u0103 de focalizare : 0,3 m<\/span><\/li>\n<li><span style=\"color: #000000;\">Diametru filtru : 67 mm<\/span><\/li>\n<li><span style=\"color: #000000;\">Dimensiuni : 93,2 x 99 mm<\/span><\/li>\n<li><span style=\"color: #000000;\">Greutate : 649 g<\/span><\/li>\n<li><span style=\"color: #000000;\">Con\u021binului cutiei : parasolar .capacul din spate \u0219i din fa\u021b\u0103<\/span><\/li>\n<li><span style=\"color: #000000;\">Garan\u021bie de firm\u0103 : 2 ani<\/span><\/li>\n<\/ul>\n","protected":false},"featured_media":21853,"comment_status":"open","ping_status":"closed","template":"","meta":[],"product_brand":[],"product_cat":[899],"product_tag":[],"class_list":{"0":"post-21915","1":"product","2":"type-product","3":"status-publish","4":"has-post-thumbnail","6":"product_cat-obiective-zoom","8":"first","9":"outofstock","10":"sale","11":"shipping-taxable","12":"purchasable","13":"product-type-simple"},"yoast_head":"<!-- This site is optimized with the Yoast SEO plugin v27.4 - https:\/\/yoast.com\/product\/yoast-seo-wordpress\/ -->\n<title>SONY SELP18200 | SONY E PZ 18-200 mm F3.5-6.3 OSS<\/title>\n<meta name=\"description\" content=\"SELP18200 - \u043a\u0443\u043f\u0438\u0442\u044c \u0432 \u041a\u0438\u0448\u0438\u043d\u0435\u0432\u0435. \u0428\u0438\u0440\u043e\u043a\u0438\u0439 \u0430\u0441\u0441\u043e\u0440\u0442\u0438\u043c\u0435\u043d\u0442 \u043f\u0440\u043e\u0434\u0443\u043a\u0446\u0438\u0438 SONY \u0432 \u0444\u0438\u0440\u043c\u0435\u043d\u043d\u043e\u043c \u043c\u0430\u0433\u0430\u0437\u0438\u043d\u0435 SONY\" \/>\n<meta name=\"robots\" content=\"index, follow, max-snippet:-1, max-image-preview:large, max-video-preview:-1\" \/>\n<link rel=\"canonical\" href=\"https:\/\/sonycenter.md\/ro\/magazin\/selp18200\/\" \/>\n<meta property=\"og:locale\" content=\"ro_RO\" \/>\n<meta property=\"og:type\" content=\"article\" \/>\n<meta property=\"og:title\" content=\"SONY SELP18200 | SONY E PZ 18-200 mm F3.5-6.3 OSS\" \/>\n<meta property=\"og:description\" content=\"SELP18200 - \u043a\u0443\u043f\u0438\u0442\u044c \u0432 \u041a\u0438\u0448\u0438\u043d\u0435\u0432\u0435. \u0428\u0438\u0440\u043e\u043a\u0438\u0439 \u0430\u0441\u0441\u043e\u0440\u0442\u0438\u043c\u0435\u043d\u0442 \u043f\u0440\u043e\u0434\u0443\u043a\u0446\u0438\u0438 SONY \u0432 \u0444\u0438\u0440\u043c\u0435\u043d\u043d\u043e\u043c \u043c\u0430\u0433\u0430\u0437\u0438\u043d\u0435 SONY\" \/>\n<meta property=\"og:url\" content=\"https:\/\/sonycenter.md\/ro\/magazin\/selp18200\/\" \/>\n<meta property=\"og:site_name\" content=\"SONY\" \/>\n<meta property=\"article:modified_time\" content=\"2025-10-03T13:18:38+00:00\" \/>\n<meta property=\"og:image\" content=\"https:\/\/sonycenter.md\/wp-content\/uploads\/2020\/09\/selp18200.jpg\" \/>\n\t<meta property=\"og:image:width\" content=\"600\" \/>\n\t<meta property=\"og:image:height\" content=\"600\" \/>\n\t<meta property=\"og:image:type\" content=\"image\/jpeg\" \/>\n<meta name=\"twitter:card\" content=\"summary_large_image\" \/>\n<meta name=\"twitter:label1\" content=\"Est. reading time\" \/>\n\t<meta name=\"twitter:data1\" content=\"2 minutes\" \/>\n<script type=\"application\/ld+json\" class=\"yoast-schema-graph\">{\"@context\":\"https:\\\/\\\/schema.org\",\"@graph\":[{\"@type\":[\"WebPage\",\"ItemPage\"],\"@id\":\"https:\\\/\\\/sonycenter.md\\\/ro\\\/magazin\\\/selp18200\\\/\",\"url\":\"https:\\\/\\\/sonycenter.md\\\/ro\\\/magazin\\\/selp18200\\\/\",\"name\":\"SONY SELP18200 | SONY E PZ 18-200 mm F3.5-6.3 OSS\",\"isPartOf\":{\"@id\":\"http:\\\/\\\/sonycenter.md\\\/ro\\\/#website\"},\"primaryImageOfPage\":{\"@id\":\"https:\\\/\\\/sonycenter.md\\\/ro\\\/magazin\\\/selp18200\\\/#primaryimage\"},\"image\":{\"@id\":\"https:\\\/\\\/sonycenter.md\\\/ro\\\/magazin\\\/selp18200\\\/#primaryimage\"},\"thumbnailUrl\":\"https:\\\/\\\/sonycenter.md\\\/wp-content\\\/uploads\\\/2020\\\/09\\\/selp18200.jpg\",\"datePublished\":\"2020-09-22T09:23:10+00:00\",\"dateModified\":\"2025-10-03T13:18:38+00:00\",\"description\":\"SELP18200 - \u043a\u0443\u043f\u0438\u0442\u044c \u0432 \u041a\u0438\u0448\u0438\u043d\u0435\u0432\u0435. \u0428\u0438\u0440\u043e\u043a\u0438\u0439 \u0430\u0441\u0441\u043e\u0440\u0442\u0438\u043c\u0435\u043d\u0442 \u043f\u0440\u043e\u0434\u0443\u043a\u0446\u0438\u0438 SONY \u0432 \u0444\u0438\u0440\u043c\u0435\u043d\u043d\u043e\u043c \u043c\u0430\u0433\u0430\u0437\u0438\u043d\u0435 SONY\",\"breadcrumb\":{\"@id\":\"https:\\\/\\\/sonycenter.md\\\/ro\\\/magazin\\\/selp18200\\\/#breadcrumb\"},\"inLanguage\":\"ro-RO\",\"potentialAction\":[{\"@type\":\"ReadAction\",\"target\":[\"https:\\\/\\\/sonycenter.md\\\/ro\\\/magazin\\\/selp18200\\\/\"]}]},{\"@type\":\"ImageObject\",\"inLanguage\":\"ro-RO\",\"@id\":\"https:\\\/\\\/sonycenter.md\\\/ro\\\/magazin\\\/selp18200\\\/#primaryimage\",\"url\":\"https:\\\/\\\/sonycenter.md\\\/wp-content\\\/uploads\\\/2020\\\/09\\\/selp18200.jpg\",\"contentUrl\":\"https:\\\/\\\/sonycenter.md\\\/wp-content\\\/uploads\\\/2020\\\/09\\\/selp18200.jpg\",\"width\":600,\"height\":600,\"caption\":\"SELP18200\"},{\"@type\":\"BreadcrumbList\",\"@id\":\"https:\\\/\\\/sonycenter.md\\\/ro\\\/magazin\\\/selp18200\\\/#breadcrumb\",\"itemListElement\":[{\"@type\":\"ListItem\",\"position\":1,\"name\":\"\u0413\u043b\u0430\u0432\u043d\u0430\u044f \u0441\u0442\u0440\u0430\u043d\u0438\u0446\u0430\",\"item\":\"https:\\\/\\\/sonycenter.md\\\/ro\\\/\"},{\"@type\":\"ListItem\",\"position\":2,\"name\":\"Magazin\",\"item\":\"https:\\\/\\\/sonycenter.md\\\/shop\\\/\"},{\"@type\":\"ListItem\",\"position\":3,\"name\":\"SELP18200\"}]},{\"@type\":\"WebSite\",\"@id\":\"http:\\\/\\\/sonycenter.md\\\/ro\\\/#website\",\"url\":\"http:\\\/\\\/sonycenter.md\\\/ro\\\/\",\"name\":\"sonycenter.md\",\"description\":\"SONYCENTER \u00een Chi\u0219in\u0103u\",\"publisher\":{\"@id\":\"http:\\\/\\\/sonycenter.md\\\/ro\\\/#organization\"},\"potentialAction\":[{\"@type\":\"SearchAction\",\"target\":{\"@type\":\"EntryPoint\",\"urlTemplate\":\"http:\\\/\\\/sonycenter.md\\\/ro\\\/?s={search_term_string}\"},\"query-input\":{\"@type\":\"PropertyValueSpecification\",\"valueRequired\":true,\"valueName\":\"search_term_string\"}}],\"inLanguage\":\"ro-RO\"},{\"@type\":\"Organization\",\"@id\":\"http:\\\/\\\/sonycenter.md\\\/ro\\\/#organization\",\"name\":\"sonycenter.md\",\"url\":\"http:\\\/\\\/sonycenter.md\\\/ro\\\/\",\"logo\":{\"@type\":\"ImageObject\",\"inLanguage\":\"ro-RO\",\"@id\":\"http:\\\/\\\/sonycenter.md\\\/ro\\\/#\\\/schema\\\/logo\\\/image\\\/\",\"url\":\"\",\"contentUrl\":\"\",\"caption\":\"sonycenter.md\"},\"image\":{\"@id\":\"http:\\\/\\\/sonycenter.md\\\/ro\\\/#\\\/schema\\\/logo\\\/image\\\/\"}}]}<\/script>\n<!-- \/ Yoast SEO plugin. -->","yoast_head_json":{"title":"SONY SELP18200 | SONY E PZ 18-200 mm F3.5-6.3 OSS","description":"SELP18200 - \u043a\u0443\u043f\u0438\u0442\u044c \u0432 \u041a\u0438\u0448\u0438\u043d\u0435\u0432\u0435. \u0428\u0438\u0440\u043e\u043a\u0438\u0439 \u0430\u0441\u0441\u043e\u0440\u0442\u0438\u043c\u0435\u043d\u0442 \u043f\u0440\u043e\u0434\u0443\u043a\u0446\u0438\u0438 SONY \u0432 \u0444\u0438\u0440\u043c\u0435\u043d\u043d\u043e\u043c \u043c\u0430\u0433\u0430\u0437\u0438\u043d\u0435 SONY","robots":{"index":"index","follow":"follow","max-snippet":"max-snippet:-1","max-image-preview":"max-image-preview:large","max-video-preview":"max-video-preview:-1"},"canonical":"https:\/\/sonycenter.md\/ro\/magazin\/selp18200\/","og_locale":"ro_RO","og_type":"article","og_title":"SONY SELP18200 | SONY E PZ 18-200 mm F3.5-6.3 OSS","og_description":"SELP18200 - \u043a\u0443\u043f\u0438\u0442\u044c \u0432 \u041a\u0438\u0448\u0438\u043d\u0435\u0432\u0435. \u0428\u0438\u0440\u043e\u043a\u0438\u0439 \u0430\u0441\u0441\u043e\u0440\u0442\u0438\u043c\u0435\u043d\u0442 \u043f\u0440\u043e\u0434\u0443\u043a\u0446\u0438\u0438 SONY \u0432 \u0444\u0438\u0440\u043c\u0435\u043d\u043d\u043e\u043c \u043c\u0430\u0433\u0430\u0437\u0438\u043d\u0435 SONY","og_url":"https:\/\/sonycenter.md\/ro\/magazin\/selp18200\/","og_site_name":"SONY","article_modified_time":"2025-10-03T13:18:38+00:00","og_image":[{"width":600,"height":600,"url":"https:\/\/sonycenter.md\/wp-content\/uploads\/2020\/09\/selp18200.jpg","type":"image\/jpeg"}],"twitter_card":"summary_large_image","twitter_misc":{"Est. reading time":"2 minutes"},"schema":{"@context":"https:\/\/schema.org","@graph":[{"@type":["WebPage","ItemPage"],"@id":"https:\/\/sonycenter.md\/ro\/magazin\/selp18200\/","url":"https:\/\/sonycenter.md\/ro\/magazin\/selp18200\/","name":"SONY SELP18200 | SONY E PZ 18-200 mm F3.5-6.3 OSS","isPartOf":{"@id":"https:\/\/sonycenter.md\/ro\/#website"},"primaryImageOfPage":{"@id":"https:\/\/sonycenter.md\/ro\/magazin\/selp18200\/#primaryimage"},"image":{"@id":"https:\/\/sonycenter.md\/ro\/magazin\/selp18200\/#primaryimage"},"thumbnailUrl":"https:\/\/sonycenter.md\/wp-content\/uploads\/2020\/09\/selp18200.jpg","datePublished":"2020-09-22T09:23:10+00:00","dateModified":"2025-10-03T13:18:38+00:00","description":"SELP18200 - \u043a\u0443\u043f\u0438\u0442\u044c \u0432 \u041a\u0438\u0448\u0438\u043d\u0435\u0432\u0435. \u0428\u0438\u0440\u043e\u043a\u0438\u0439 \u0430\u0441\u0441\u043e\u0440\u0442\u0438\u043c\u0435\u043d\u0442 \u043f\u0440\u043e\u0434\u0443\u043a\u0446\u0438\u0438 SONY \u0432 \u0444\u0438\u0440\u043c\u0435\u043d\u043d\u043e\u043c \u043c\u0430\u0433\u0430\u0437\u0438\u043d\u0435 SONY","breadcrumb":{"@id":"https:\/\/sonycenter.md\/ro\/magazin\/selp18200\/#breadcrumb"},"inLanguage":"ro-RO","potentialAction":[{"@type":"ReadAction","target":["https:\/\/sonycenter.md\/ro\/magazin\/selp18200\/"]}]},{"@type":"ImageObject","inLanguage":"ro-RO","@id":"https:\/\/sonycenter.md\/ro\/magazin\/selp18200\/#primaryimage","url":"https:\/\/sonycenter.md\/wp-content\/uploads\/2020\/09\/selp18200.jpg","contentUrl":"https:\/\/sonycenter.md\/wp-content\/uploads\/2020\/09\/selp18200.jpg","width":600,"height":600,"caption":"SELP18200"},{"@type":"BreadcrumbList","@id":"https:\/\/sonycenter.md\/ro\/magazin\/selp18200\/#breadcrumb","itemListElement":[{"@type":"ListItem","position":1,"name":"\u0413\u043b\u0430\u0432\u043d\u0430\u044f \u0441\u0442\u0440\u0430\u043d\u0438\u0446\u0430","item":"https:\/\/sonycenter.md\/ro\/"},{"@type":"ListItem","position":2,"name":"Magazin","item":"https:\/\/sonycenter.md\/shop\/"},{"@type":"ListItem","position":3,"name":"SELP18200"}]},{"@type":"WebSite","@id":"https:\/\/sonycenter.md\/ro\/#website","url":"https:\/\/sonycenter.md\/ro\/","name":"sonycenter.md","description":"SONYCENTER \u00een Chi\u0219in\u0103u","publisher":{"@id":"https:\/\/sonycenter.md\/ro\/#organization"},"potentialAction":[{"@type":"SearchAction","target":{"@type":"EntryPoint","urlTemplate":"https:\/\/sonycenter.md\/ro\/?s={search_term_string}"},"query-input":{"@type":"PropertyValueSpecification","valueRequired":true,"valueName":"search_term_string"}}],"inLanguage":"ro-RO"},{"@type":"Organization","@id":"https:\/\/sonycenter.md\/ro\/#organization","name":"sonycenter.md","url":"https:\/\/sonycenter.md\/ro\/","logo":{"@type":"ImageObject","inLanguage":"ro-RO","@id":"https:\/\/sonycenter.md\/ro\/#\/schema\/logo\/image\/","url":"","contentUrl":"","caption":"sonycenter.md"},"image":{"@id":"https:\/\/sonycenter.md\/ro\/#\/schema\/logo\/image\/"}}]}},"_links":{"self":[{"href":"https:\/\/sonycenter.md\/ro\/wp-json\/wp\/v2\/product\/21915","targetHints":{"allow":["GET"]}}],"collection":[{"href":"https:\/\/sonycenter.md\/ro\/wp-json\/wp\/v2\/product"}],"about":[{"href":"https:\/\/sonycenter.md\/ro\/wp-json\/wp\/v2\/types\/product"}],"replies":[{"embeddable":true,"href":"https:\/\/sonycenter.md\/ro\/wp-json\/wp\/v2\/comments?post=21915"}],"wp:featuredmedia":[{"embeddable":true,"href":"https:\/\/sonycenter.md\/ro\/wp-json\/wp\/v2\/media\/21853"}],"wp:attachment":[{"href":"https:\/\/sonycenter.md\/ro\/wp-json\/wp\/v2\/media?parent=21915"}],"wp:term":[{"taxonomy":"product_brand","embeddable":true,"href":"https:\/\/sonycenter.md\/ro\/wp-json\/wp\/v2\/product_brand?post=21915"},{"taxonomy":"product_cat","embeddable":true,"href":"https:\/\/sonycenter.md\/ro\/wp-json\/wp\/v2\/product_cat?post=21915"},{"taxonomy":"product_tag","embeddable":true,"href":"https:\/\/sonycenter.md\/ro\/wp-json\/wp\/v2\/product_tag?post=21915"}],"curies":[{"name":"wp","href":"https:\/\/api.w.org\/{rel}","templated":true}]}}