{"id":22400,"date":"2021-02-05T13:32:01","date_gmt":"2021-02-05T11:32:01","guid":{"rendered":"https:\/\/sonycenter.md\/?post_type=product&#038;p=22400"},"modified":"2025-08-06T13:21:59","modified_gmt":"2025-08-06T10:21:59","slug":"sel35f14gm","status":"publish","type":"product","link":"https:\/\/sonycenter.md\/ro\/magazin\/sel35f14gm\/","title":{"rendered":"SEL35F14GM"},"content":{"rendered":"<p><span style=\"color: #000000;\">Specifica\u021bii complete pentru <span style=\"color: #0000ff;\"><a style=\"color: #0000ff;\" href=\"https:\/\/sonycenter.md\/ro\/category\/accesorii-foto-video\/obiective\/obiective-fixe\/\">obiectivul fix<\/a><\/span> premium SONY FE 35mm F1.4 GM :<\/span><\/p>\n<p><span style=\"color: #000000;\"><img decoding=\"async\" src=\"https:\/\/sony.scene7.com\/is\/image\/sonyglobalsolutions\/EC-1-3?$smallStaticImage$\" alt=\"Imagine exemplu\" \/><\/span><\/p>\n<h3 class=\"PdpSmallStaticImage__Title\"><span style=\"color: #000000;\">Obiectiv de 35 mm la F1,4 cu distan\u021b\u0103 focal\u0103 fix\u0103 \u0219i dimensiuni compacte<\/span><\/h3>\n<p><span style=\"color: #000000;\">Cea mai avansat\u0103 tehnologie Sony de fabrica\u021bie \u0219i de design optic asigur\u0103 rezolu\u021bie extraordinar\u0103 \u0219i efect bokeh superb \u00eentr-un obiectiv foarte compact. Deoarece ofer\u0103 calitate G Master \u00eentr-un obiectiv eminamente portabil pentru toate ocaziile, este un dispozitiv esen\u021bial pentru utilizatorii de camere cu montur\u0103 E.<\/span><\/p>\n<hr \/>\n<p><span style=\"color: #000000;\"><img decoding=\"async\" src=\"https:\/\/sony.scene7.com\/is\/image\/sonyglobalsolutions\/EC-2-3?$smallStaticImage$\" alt=\"Imagine exemplu\" \/><\/span><\/p>\n<h3 class=\"PdpSmallStaticImage__Title\"><span style=\"color: #000000;\">Rezolu\u021bie spectaculoas\u0103 \u00eentr-un design compact<\/span><\/h3>\n<p><span style=\"color: #000000;\">Tehnologia optic\u0103 avansat\u0103 beneficiaz\u0103 de flan\u0219a scurt\u0103 a sistemului mirrorless pentru a reduce lungimea general\u0103 \u0219i diametrul, pentru un obiectiv incredibil de compact, care asigur\u0103 contrast \u0219i rezolu\u021bie extraordinare. Dou\u0103 elemente XA\u00a0(asferice extreme) elimin\u0103 petele albe sagitale, astfel \u00eenc\u00e2t s\u0103 surprinde\u021bi subiec\u021bii cu claritate \u0219i precizie extraordinare.<\/span><\/p>\n<hr \/>\n<p><span style=\"color: #000000;\"><img decoding=\"async\" src=\"https:\/\/sony.scene7.com\/is\/image\/sonyglobalsolutions\/EC-3-3?$smallStaticImage$\" alt=\"Imagine utilizare\" \/><\/span><\/p>\n<h3 class=\"PdpSmallStaticImage__Title\"><span style=\"color: #000000;\">Manevrare facil\u0103 \u0219i mobilitate gra\u021bie designului compact<\/span><\/h3>\n<p><span style=\"color: #000000;\">Acest obiectiv compact \u00eencape cu u\u0219urin\u021b\u0103 \u00een m\u00e2n\u0103 \u0219i c\u00e2nt\u0103re\u0219te doar 524 g , asigur\u00e2nd mobilitate \u0219i versatilitate excelente \u00een cele mai diverse medii \u0219i condi\u021bii de \u00eenregistrare. Obiectivul FE de 35 mm F1,4 GM ofer\u0103 calitate de \u00eenalt\u0103 clas\u0103 \u0219i poate fi utilizat oriunde dori\u021bi.<\/span><\/p>\n<hr \/>\n<p><span style=\"color: #000000;\"><img decoding=\"async\" src=\"https:\/\/sony.scene7.com\/is\/image\/sonyglobalsolutions\/EC-4-3?$smallStaticImage$\" alt=\"Imagine exemplu\" \/><\/span><\/p>\n<h3 class=\"PdpSmallStaticImage__Title\"><span style=\"color: #000000;\">Versatilitate \u0219i efect bokeh rafinat<\/span><\/h3>\n<p><span style=\"color: #000000;\">Efectul bokeh uimitor, o caracteristic\u0103 a seriei G Master, poate scoate \u00een eviden\u021b\u0103 un portret \u0219i al\u021bi subiec\u021bi. Elementele XA care elimin\u0103 efectul bokeh circular, mecanismul de diafragm\u0103 cu 11 lamele \u0219i controlul strict al abera\u021biei sferice \u00een etapele de design \u0219i fabrica\u021bie contribuie la un efect bokeh superb \u0219i uniform.<\/span><\/p>\n<hr \/>\n<p><span style=\"color: #000000;\"><img decoding=\"async\" src=\"https:\/\/sony.scene7.com\/is\/image\/sonyglobalsolutions\/EC-5-3?$smallStaticImage$\" alt=\"Imagine exemplu\" \/><\/span><\/p>\n<h3 class=\"PdpSmallStaticImage__Title\"><span style=\"color: #000000;\">Culoare curat\u0103 \u0219i natural\u0103<\/span><\/h3>\n<p><span style=\"color: #000000;\">Acest obiectiv compact este mobil \u0219i u\u0219or de manevrat \u0219i se comport\u0103 admirabil \u0219i \u00een condi\u021bii de iluminare dificil\u0103. Un element de sticl\u0103 ED\u00a0(dispersie extrem de sc\u0103zut\u0103) \u0219i rafinarea altor elemente optice elimin\u0103 eficient abera\u021bia cromatic\u0103 \u0219i haloul mov pentru imagini curate, cu aspect natural \u0219i editare rapid\u0103, facil\u0103 \u00een post-produc\u021bie.<\/span><\/p>\n<hr \/>\n<p><span style=\"color: #000000;\"><img decoding=\"async\" src=\"https:\/\/sony.scene7.com\/is\/image\/sonyglobalsolutions\/EC-6-3?$smallStaticImage$\" alt=\"Imagine exemplu\" \/><\/span><\/p>\n<h3 class=\"PdpSmallStaticImage__Title\"><span style=\"color: #000000;\">Versatilitate la realizarea prim-planurilor<\/span><\/h3>\n<p><span style=\"color: #000000;\">Elementele de obiectiv XA \u0219i designul optic inovator permit o distan\u021b\u0103 minim\u0103 de focalizare de doar 27cm , permi\u021b\u00e2nd prim-planuri impresionante cu bokeh delicat \u00een fundal. Flexibilitatea de a selecta distan\u021ba de fotografiere permite control at\u00e2t pentru imagini, c\u00e2t \u0219i pentru filme.<\/span><\/p>\n<hr \/>\n<p><span style=\"color: #000000;\"><img decoding=\"async\" src=\"https:\/\/sony.scene7.com\/is\/image\/sonyglobalsolutions\/EC-7-3?$smallStaticImage$\" alt=\"Ilustra\u0163ie\" \/><\/span><\/p>\n<h3 class=\"PdpSmallStaticImage__Title\"><span style=\"color: #000000;\">Stratul de acoperire Nano AR II elimin\u0103 petele albe \u0219i reflexiile parazite<\/span><\/h3>\n<p><span style=\"color: #000000;\">Mobilitatea acestui obiectiv compact, de 35 mm \u00eenseamn\u0103 c\u0103 poate fi utilizat \u00eentr-o varietate de situa\u021bii, inclusiv \u00een lumina puternic\u0103 a soarelui sau la iluminare din spate. Noul strat Nano AR II de la Sony este aplicat uniform pe \u00eentreaga suprafa\u021b\u0103 a elementelor, minimiz\u00e2nd petele albe \u0219i reflexiile parazite \u00een mod eficient, pentru imagini clare chiar \u0219i \u00een condi\u021bii de iluminare dificil\u0103.<\/span><\/p>\n<hr \/>\n<p><span style=\"color: #000000;\"><img decoding=\"async\" src=\"https:\/\/sony.scene7.com\/is\/image\/sonyglobalsolutions\/EC-8-3?$smallStaticImage$\" alt=\"Imagine produs\" \/><\/span><\/p>\n<h3 class=\"PdpSmallStaticImage__Title\"><span style=\"color: #000000;\">R\u0103spuns natural, liniar, pentru focalizarea manual\u0103<\/span><\/h3>\n<p><span style=\"color: #000000;\">Func\u021bia FM cu r\u0103spuns liniar asigur\u0103 r\u0103spunsul direct \u0219i liniar al inelului de focalizare la controlul subtil \u00een timpul focaliz\u0103rii manuale. Rotirea inelului de focalizare se traduce direct printr-o modificare corespunz\u0103toare a focaliz\u0103rii, astfel \u00eenc\u00e2t controlul este rapid \u0219i precis. Func\u021bia FM cu r\u0103spuns liniar este ideal\u0103 pentru efecte creative de focalizare la realizarea imaginilor \u0219i a filmelor.<\/span><\/p>\n<hr \/>\n<p><span style=\"color: #000000;\"><img decoding=\"async\" src=\"https:\/\/sony.scene7.com\/is\/image\/sonyglobalsolutions\/EC-9-3?$smallStaticImage$\" alt=\"Imagine exemplu\" \/><\/span><\/p>\n<h3 class=\"PdpSmallStaticImage__Title\"><span style=\"color: #000000;\">Motor liniar XD pentru FA \u0219i urm\u0103rire rapide \u0219i precise<\/span><\/h3>\n<p><span style=\"color: #000000;\">Motoarele liniare XD mici, dar puternice de la Sony contribuie la focalizare automat\u0103 \u0219i urm\u0103rire rapide \u0219i precise, maximiz\u00e2nd performan\u021ba la focalizare automat\u0103 a camerelor avansate cu \u00a0montur\u0103 E pentru a surprinde momente semnificative \u00een instantaneele urbane, expresii trec\u0103toare \u00een portrete \u0219i multe altele. Focalizarea automat\u0103 func\u021bioneaz\u0103 silen\u021bios, cu nivel minim de vibra\u021bii.<\/span><\/p>\n<hr \/>\n<p><span style=\"color: #000000;\"><img decoding=\"async\" src=\"https:\/\/sony.scene7.com\/is\/image\/sonyglobalsolutions\/EC-10-3?$smallStaticImage$\" alt=\"Ilustra\u021bie care descrie designul rezistent la praf \u0219i umiditate\" \/><\/span><\/p>\n<h3 class=\"PdpSmallStaticImage__Title\"><span style=\"color: #000000;\">Design rezistent la praf \u015fi la umezeal\u0103<\/span><\/h3>\n<p><span style=\"color: #000000;\">Designul rezistent la praf \u0219i umezeal\u0103 asigur\u0103 fiabilitatea necesar\u0103 pentru utilizarea \u00een exterior, \u00een condi\u021bii dure.<\/span><\/p>\n<hr \/>\n<p><span style=\"color: #000000;\"><img decoding=\"async\" src=\"https:\/\/sony.scene7.com\/is\/image\/sonyglobalsolutions\/EC-11-1?$smallStaticImage$\" alt=\"Imagine produs\" \/><\/span><\/p>\n<h3 class=\"PdpSmallStaticImage__Title\"><span style=\"color: #000000;\">Comutare u\u0219oar\u0103 \u00eentre focalizarea manual\u0103 \u0219i cea automat\u0103<\/span><\/h3>\n<p><span style=\"color: #000000;\">Un comutator care permite comutarea instantanee \u00eentre focalizarea automat\u0103 \u0219i manual\u0103 poate reprezenta un avantaj important c\u00e2nd fotografia\u021bi subiecte sau situa\u021bii care necesit\u0103 ajustarea fin\u0103 a focaliz\u0103rii manuale.<\/span><\/p>\n","protected":false},"excerpt":{"rendered":"<ul>\n<li><span style=\"color: #000000;\">SONY FE 35mm F1.4 GM<\/span><\/li>\n<li><span style=\"color: #000000;\">Baioneta : SONY E-Mount<\/span><\/li>\n<li><span style=\"color: #000000;\">Format : Full Frame , 35 mm<\/span><\/li>\n<li><span style=\"color: #000000;\">Distan\u021b\u0103 focal\u0103 : f=35 mm<\/span><\/li>\n<li><span style=\"color: #000000;\">Valoarea maxim\u0103 a diafragmei : F1.4<\/span><\/li>\n<li><span style=\"color: #000000;\">Valoarea minim\u0103 a diafragmei : F16<\/span><\/li>\n<li><span style=\"color: #000000;\">Lamele diafragmei : 11<\/span><\/li>\n<li><span style=\"color: #000000;\">Stabilizare integrat\u0103 : Nu<\/span><\/li>\n<li><span style=\"color: #000000;\">Distan\u021ba minim\u0103 de focalizare : 0,27 m<\/span><\/li>\n<li><span style=\"color: #000000;\">Diametru filtru : 67 mm<\/span><\/li>\n<li><span style=\"color: #000000;\">Dimensiuni : 76 x 90 mm<\/span><\/li>\n<li><span style=\"color: #000000;\">Greutate : 524 g<\/span><\/li>\n<li><span style=\"color: #000000;\">Con\u021binului cutiei : parasolar, capacul din spate \u0219i din fa\u021b\u0103, hus\u0103<\/span><\/li>\n<li><span style=\"color: #000000;\">Garan\u021bie de firm\u0103 : 2 ani<\/span><\/li>\n<\/ul>\n","protected":false},"featured_media":32131,"comment_status":"open","ping_status":"closed","template":"","meta":[],"product_brand":[],"product_cat":[901],"product_tag":[],"class_list":{"0":"post-22400","1":"product","2":"type-product","3":"status-publish","4":"has-post-thumbnail","6":"product_cat-obiective-fixe","8":"first","9":"outofstock","10":"sale","11":"shipping-taxable","12":"purchasable","13":"product-type-simple"},"yoast_head":"<!-- This site is optimized with the Yoast SEO plugin v27.4 - https:\/\/yoast.com\/product\/yoast-seo-wordpress\/ -->\n<title>SONY FE 35mm F1.4 GM | Dealer SONY oficial<\/title>\n<meta name=\"description\" content=\"Cump\u0103r\u0103 obiectivul fix premium SONY FE 35mm F1.4 GM \u00een Moldova cu garan\u021bie de firm\u0103\" \/>\n<meta name=\"robots\" content=\"index, follow, max-snippet:-1, max-image-preview:large, max-video-preview:-1\" \/>\n<link rel=\"canonical\" href=\"https:\/\/sonycenter.md\/ro\/magazin\/sel35f14gm\/\" \/>\n<meta property=\"og:locale\" content=\"ro_RO\" \/>\n<meta property=\"og:type\" content=\"article\" \/>\n<meta property=\"og:title\" content=\"SONY FE 35mm F1.4 GM | Dealer SONY oficial\" \/>\n<meta property=\"og:description\" content=\"Cump\u0103r\u0103 obiectivul fix premium SONY FE 35mm F1.4 GM \u00een Moldova cu garan\u021bie de firm\u0103\" \/>\n<meta property=\"og:url\" content=\"https:\/\/sonycenter.md\/ro\/magazin\/sel35f14gm\/\" \/>\n<meta property=\"og:site_name\" content=\"SONY\" \/>\n<meta property=\"article:modified_time\" content=\"2025-08-06T10:21:59+00:00\" \/>\n<meta property=\"og:image\" content=\"https:\/\/sonycenter.md\/wp-content\/uploads\/2021\/02\/SEL35F14GM2.jpg\" \/>\n\t<meta property=\"og:image:width\" content=\"600\" \/>\n\t<meta property=\"og:image:height\" content=\"600\" \/>\n\t<meta property=\"og:image:type\" content=\"image\/jpeg\" \/>\n<meta name=\"twitter:card\" content=\"summary_large_image\" \/>\n<meta name=\"twitter:label1\" content=\"Est. reading time\" \/>\n\t<meta name=\"twitter:data1\" content=\"6 minutes\" \/>\n<script type=\"application\/ld+json\" class=\"yoast-schema-graph\">{\"@context\":\"https:\\\/\\\/schema.org\",\"@graph\":[{\"@type\":[\"WebPage\",\"ItemPage\"],\"@id\":\"https:\\\/\\\/sonycenter.md\\\/ro\\\/magazin\\\/sel35f14gm\\\/\",\"url\":\"https:\\\/\\\/sonycenter.md\\\/ro\\\/magazin\\\/sel35f14gm\\\/\",\"name\":\"SONY FE 35mm F1.4 GM | Dealer SONY oficial\",\"isPartOf\":{\"@id\":\"http:\\\/\\\/sonycenter.md\\\/ro\\\/#website\"},\"primaryImageOfPage\":{\"@id\":\"https:\\\/\\\/sonycenter.md\\\/ro\\\/magazin\\\/sel35f14gm\\\/#primaryimage\"},\"image\":{\"@id\":\"https:\\\/\\\/sonycenter.md\\\/ro\\\/magazin\\\/sel35f14gm\\\/#primaryimage\"},\"thumbnailUrl\":\"https:\\\/\\\/sonycenter.md\\\/wp-content\\\/uploads\\\/2021\\\/02\\\/sel35f14gm-1-1.jpg\",\"datePublished\":\"2021-02-05T11:32:01+00:00\",\"dateModified\":\"2025-08-06T10:21:59+00:00\",\"description\":\"Cump\u0103r\u0103 obiectivul fix premium SONY FE 35mm F1.4 GM \u00een Moldova cu garan\u021bie de firm\u0103\",\"breadcrumb\":{\"@id\":\"https:\\\/\\\/sonycenter.md\\\/ro\\\/magazin\\\/sel35f14gm\\\/#breadcrumb\"},\"inLanguage\":\"ro-RO\",\"potentialAction\":[{\"@type\":\"ReadAction\",\"target\":[\"https:\\\/\\\/sonycenter.md\\\/ro\\\/magazin\\\/sel35f14gm\\\/\"]}]},{\"@type\":\"ImageObject\",\"inLanguage\":\"ro-RO\",\"@id\":\"https:\\\/\\\/sonycenter.md\\\/ro\\\/magazin\\\/sel35f14gm\\\/#primaryimage\",\"url\":\"https:\\\/\\\/sonycenter.md\\\/wp-content\\\/uploads\\\/2021\\\/02\\\/sel35f14gm-1-1.jpg\",\"contentUrl\":\"https:\\\/\\\/sonycenter.md\\\/wp-content\\\/uploads\\\/2021\\\/02\\\/sel35f14gm-1-1.jpg\",\"width\":600,\"height\":600,\"caption\":\"SEL35F14GM\"},{\"@type\":\"BreadcrumbList\",\"@id\":\"https:\\\/\\\/sonycenter.md\\\/ro\\\/magazin\\\/sel35f14gm\\\/#breadcrumb\",\"itemListElement\":[{\"@type\":\"ListItem\",\"position\":1,\"name\":\"\u0413\u043b\u0430\u0432\u043d\u0430\u044f \u0441\u0442\u0440\u0430\u043d\u0438\u0446\u0430\",\"item\":\"https:\\\/\\\/sonycenter.md\\\/ro\\\/\"},{\"@type\":\"ListItem\",\"position\":2,\"name\":\"Magazin\",\"item\":\"https:\\\/\\\/sonycenter.md\\\/shop\\\/\"},{\"@type\":\"ListItem\",\"position\":3,\"name\":\"SEL35F14GM\"}]},{\"@type\":\"WebSite\",\"@id\":\"http:\\\/\\\/sonycenter.md\\\/ro\\\/#website\",\"url\":\"http:\\\/\\\/sonycenter.md\\\/ro\\\/\",\"name\":\"sonycenter.md\",\"description\":\"SONYCENTER \u00een Chi\u0219in\u0103u\",\"publisher\":{\"@id\":\"http:\\\/\\\/sonycenter.md\\\/ro\\\/#organization\"},\"potentialAction\":[{\"@type\":\"SearchAction\",\"target\":{\"@type\":\"EntryPoint\",\"urlTemplate\":\"http:\\\/\\\/sonycenter.md\\\/ro\\\/?s={search_term_string}\"},\"query-input\":{\"@type\":\"PropertyValueSpecification\",\"valueRequired\":true,\"valueName\":\"search_term_string\"}}],\"inLanguage\":\"ro-RO\"},{\"@type\":\"Organization\",\"@id\":\"http:\\\/\\\/sonycenter.md\\\/ro\\\/#organization\",\"name\":\"sonycenter.md\",\"url\":\"http:\\\/\\\/sonycenter.md\\\/ro\\\/\",\"logo\":{\"@type\":\"ImageObject\",\"inLanguage\":\"ro-RO\",\"@id\":\"http:\\\/\\\/sonycenter.md\\\/ro\\\/#\\\/schema\\\/logo\\\/image\\\/\",\"url\":\"\",\"contentUrl\":\"\",\"caption\":\"sonycenter.md\"},\"image\":{\"@id\":\"http:\\\/\\\/sonycenter.md\\\/ro\\\/#\\\/schema\\\/logo\\\/image\\\/\"}}]}<\/script>\n<!-- \/ Yoast SEO plugin. -->","yoast_head_json":{"title":"SONY FE 35mm F1.4 GM | Dealer SONY oficial","description":"Cump\u0103r\u0103 obiectivul fix premium SONY FE 35mm F1.4 GM \u00een Moldova cu garan\u021bie de firm\u0103","robots":{"index":"index","follow":"follow","max-snippet":"max-snippet:-1","max-image-preview":"max-image-preview:large","max-video-preview":"max-video-preview:-1"},"canonical":"https:\/\/sonycenter.md\/ro\/magazin\/sel35f14gm\/","og_locale":"ro_RO","og_type":"article","og_title":"SONY FE 35mm F1.4 GM | Dealer SONY oficial","og_description":"Cump\u0103r\u0103 obiectivul fix premium SONY FE 35mm F1.4 GM \u00een Moldova cu garan\u021bie de firm\u0103","og_url":"https:\/\/sonycenter.md\/ro\/magazin\/sel35f14gm\/","og_site_name":"SONY","article_modified_time":"2025-08-06T10:21:59+00:00","og_image":[{"width":600,"height":600,"url":"https:\/\/sonycenter.md\/wp-content\/uploads\/2021\/02\/SEL35F14GM2.jpg","type":"image\/jpeg"}],"twitter_card":"summary_large_image","twitter_misc":{"Est. reading time":"6 minutes"},"schema":{"@context":"https:\/\/schema.org","@graph":[{"@type":["WebPage","ItemPage"],"@id":"https:\/\/sonycenter.md\/ro\/magazin\/sel35f14gm\/","url":"https:\/\/sonycenter.md\/ro\/magazin\/sel35f14gm\/","name":"SONY FE 35mm F1.4 GM | Dealer SONY oficial","isPartOf":{"@id":"https:\/\/sonycenter.md\/ro\/#website"},"primaryImageOfPage":{"@id":"https:\/\/sonycenter.md\/ro\/magazin\/sel35f14gm\/#primaryimage"},"image":{"@id":"https:\/\/sonycenter.md\/ro\/magazin\/sel35f14gm\/#primaryimage"},"thumbnailUrl":"https:\/\/sonycenter.md\/wp-content\/uploads\/2021\/02\/sel35f14gm-1-1.jpg","datePublished":"2021-02-05T11:32:01+00:00","dateModified":"2025-08-06T10:21:59+00:00","description":"Cump\u0103r\u0103 obiectivul fix premium SONY FE 35mm F1.4 GM \u00een Moldova cu garan\u021bie de firm\u0103","breadcrumb":{"@id":"https:\/\/sonycenter.md\/ro\/magazin\/sel35f14gm\/#breadcrumb"},"inLanguage":"ro-RO","potentialAction":[{"@type":"ReadAction","target":["https:\/\/sonycenter.md\/ro\/magazin\/sel35f14gm\/"]}]},{"@type":"ImageObject","inLanguage":"ro-RO","@id":"https:\/\/sonycenter.md\/ro\/magazin\/sel35f14gm\/#primaryimage","url":"https:\/\/sonycenter.md\/wp-content\/uploads\/2021\/02\/sel35f14gm-1-1.jpg","contentUrl":"https:\/\/sonycenter.md\/wp-content\/uploads\/2021\/02\/sel35f14gm-1-1.jpg","width":600,"height":600,"caption":"SEL35F14GM"},{"@type":"BreadcrumbList","@id":"https:\/\/sonycenter.md\/ro\/magazin\/sel35f14gm\/#breadcrumb","itemListElement":[{"@type":"ListItem","position":1,"name":"\u0413\u043b\u0430\u0432\u043d\u0430\u044f \u0441\u0442\u0440\u0430\u043d\u0438\u0446\u0430","item":"https:\/\/sonycenter.md\/ro\/"},{"@type":"ListItem","position":2,"name":"Magazin","item":"https:\/\/sonycenter.md\/shop\/"},{"@type":"ListItem","position":3,"name":"SEL35F14GM"}]},{"@type":"WebSite","@id":"https:\/\/sonycenter.md\/ro\/#website","url":"https:\/\/sonycenter.md\/ro\/","name":"sonycenter.md","description":"SONYCENTER \u00een Chi\u0219in\u0103u","publisher":{"@id":"https:\/\/sonycenter.md\/ro\/#organization"},"potentialAction":[{"@type":"SearchAction","target":{"@type":"EntryPoint","urlTemplate":"https:\/\/sonycenter.md\/ro\/?s={search_term_string}"},"query-input":{"@type":"PropertyValueSpecification","valueRequired":true,"valueName":"search_term_string"}}],"inLanguage":"ro-RO"},{"@type":"Organization","@id":"https:\/\/sonycenter.md\/ro\/#organization","name":"sonycenter.md","url":"https:\/\/sonycenter.md\/ro\/","logo":{"@type":"ImageObject","inLanguage":"ro-RO","@id":"https:\/\/sonycenter.md\/ro\/#\/schema\/logo\/image\/","url":"","contentUrl":"","caption":"sonycenter.md"},"image":{"@id":"https:\/\/sonycenter.md\/ro\/#\/schema\/logo\/image\/"}}]}},"_links":{"self":[{"href":"https:\/\/sonycenter.md\/ro\/wp-json\/wp\/v2\/product\/22400","targetHints":{"allow":["GET"]}}],"collection":[{"href":"https:\/\/sonycenter.md\/ro\/wp-json\/wp\/v2\/product"}],"about":[{"href":"https:\/\/sonycenter.md\/ro\/wp-json\/wp\/v2\/types\/product"}],"replies":[{"embeddable":true,"href":"https:\/\/sonycenter.md\/ro\/wp-json\/wp\/v2\/comments?post=22400"}],"wp:featuredmedia":[{"embeddable":true,"href":"https:\/\/sonycenter.md\/ro\/wp-json\/wp\/v2\/media\/32131"}],"wp:attachment":[{"href":"https:\/\/sonycenter.md\/ro\/wp-json\/wp\/v2\/media?parent=22400"}],"wp:term":[{"taxonomy":"product_brand","embeddable":true,"href":"https:\/\/sonycenter.md\/ro\/wp-json\/wp\/v2\/product_brand?post=22400"},{"taxonomy":"product_cat","embeddable":true,"href":"https:\/\/sonycenter.md\/ro\/wp-json\/wp\/v2\/product_cat?post=22400"},{"taxonomy":"product_tag","embeddable":true,"href":"https:\/\/sonycenter.md\/ro\/wp-json\/wp\/v2\/product_tag?post=22400"}],"curies":[{"name":"wp","href":"https:\/\/api.w.org\/{rel}","templated":true}]}}