{"id":22602,"date":"2021-03-29T14:22:41","date_gmt":"2021-03-29T11:22:41","guid":{"rendered":"https:\/\/sonycenter.md\/?post_type=product&#038;p=22602"},"modified":"2025-08-06T11:34:36","modified_gmt":"2025-08-06T08:34:36","slug":"sel50f25g","status":"publish","type":"product","link":"https:\/\/sonycenter.md\/ro\/magazin\/sel50f25g\/","title":{"rendered":"SEL50F25G"},"content":{"rendered":"<p><span style=\"color: #000000;\">Specifica\u021bii complete pentru <span style=\"color: #0000ff;\"><a style=\"color: #0000ff;\" href=\"https:\/\/sonycenter.md\/ro\/category\/accesorii-foto-video\/obiective\/obiective-fixe\/\">obiectivul fix<\/a><\/span> SONY FE 50mm F2.5 G :<\/span><\/p>\n<p><img decoding=\"async\" src=\"https:\/\/sony.scene7.com\/is\/image\/sonyglobalsolutions\/ec-feature-1-2?$smallStaticImage$\" alt=\"Portret al unei femei\" \/><\/p>\n<h3 class=\"PdpSmallStaticImage__Title\"><span style=\"color: #000000;\">Obiectiv cu distan\u021b\u0103 focal\u0103 fix\u0103 compact, cu o construc\u021bie impresionant\u0103<\/span><\/h3>\n<p><span style=\"color: #000000;\">Acest obiectiv cu distan\u021b\u0103 focal\u0103 fix\u0103 standard are calitatea ridicat\u0103 a imaginii \u0219i efectul bokeh superb ale obiectivului G Lens \u00eentr-un design compact. Este obiectivul ideal pentru realizarea comod\u0103 de portrete. Focalizarea automat\u0103 rapid\u0103, precis\u0103 \u0219i silen\u021bioas\u0103 este ideal\u0103 pentru imagini \u0219i filme, asigur\u00e2nd captura momentelor esen\u021biale<\/span><\/p>\n<hr \/>\n<p><span style=\"color: #000000;\"><img decoding=\"async\" src=\"https:\/\/sony.scene7.com\/is\/image\/sonyglobalsolutions\/ec-feature-3-2?$smallStaticImage$\" alt=\"Imagine de produs care ilustreaz\u0103 finisajul metalic exterior al obiectivului\" \/><\/span><\/p>\n<h3 class=\"PdpSmallStaticImage__Title\"><span style=\"color: #000000;\">Design metalic intuitiv \u0219i sistem optic clar<\/span><\/h3>\n<p><span style=\"color: #000000;\">Finisajul de metal (aluminiu) al corpului obiectivului \u0219i al parasolarului, plus marcajele de diafragm\u0103 \u0219i de distan\u021b\u0103 focal\u0103 scot \u00een eviden\u021b\u0103 calitatea superb\u0103 a construc\u021biei. Designul ultracompact cu greutate redus\u0103, calitatea ridicat\u0103 a imaginii obiectivului G Lens, inelul pentru diafragm\u0103 \u0219i focalizarea manual\u0103 cu r\u0103spuns liniar asigur\u0103 o operabilitate intuitiv\u0103 care face ca \u00eenregistrarea s\u0103 fie o real\u0103 pl\u0103cere<\/span><\/p>\n<hr \/>\n<p><span style=\"color: #000000;\"><img decoding=\"async\" src=\"https:\/\/sony.scene7.com\/is\/image\/sonyglobalsolutions\/ec-feature-4-2?$smallStaticImage$\" alt=\"Portret al unei femei\" \/><\/span><\/p>\n<h3 class=\"PdpSmallStaticImage__Title\"><span style=\"color: #000000;\">Efect bokeh natural \u0219i superb<\/span><\/h3>\n<p><span style=\"color: #000000;\">Este furnizat\u0103 o diafragm\u0103 circular\u0103 cu 7 lame, cu control precis al abera\u021biei sferice care afecteaz\u0103 efectul bokeh, ceea ce are drept rezultat un efect bokeh natural \u0219i superb al obiectivului G Lens<\/span><\/p>\n<hr \/>\n<p><span style=\"color: #000000;\"><img decoding=\"async\" src=\"https:\/\/sony.scene7.com\/is\/image\/sonyglobalsolutions\/ec-feature-5-2?$smallStaticImage$\" alt=\"Imagine cu o persoan\u0103 care scoate obiectivul din buzunar\" \/><\/span><\/p>\n<h3 class=\"PdpSmallStaticImage__Title\"><span style=\"color: #000000;\">Greutate redus\u0103, pentru transport \u0219i fotografiere constante<\/span><\/h3>\n<p><span style=\"color: #000000;\">Designul sistemului mecanic profit\u0103 de sistemul optic de v\u00e2rf, cu o dispunere eficient\u0103 a dou\u0103 elemente asferice, precum \u0219i spatele cu flan\u0219\u0103 scurt\u0103, pentru o construc\u021bie compact\u0103 \u0219i o greutate de numai 174 g . Obiectivul este ideal pentru portrete sau instantanee \u0219i filme cu un stabilizator cu articula\u021bie. Mobilitatea este asigurat\u0103 de designul compact care se potrive\u0219te at\u00e2t corpurilor full-frame, c\u00e2t \u0219i APS-C<\/span><\/p>\n<hr \/>\n<p><span style=\"color: #000000;\"><img decoding=\"async\" src=\"https:\/\/sony.scene7.com\/is\/image\/sonyglobalsolutions\/ec-feature-6-2?$smallStaticImage$\" alt=\"Vopsea \u00eempro\u0219cat\u0103 pe pardoseal\u0103\" \/><\/span><\/p>\n<h3 class=\"PdpSmallStaticImage__Title\"><span style=\"color: #000000;\">Calitate ridicat\u0103 a imaginii de la un col\u021b la altul, gra\u021bie unui sistem optic de v\u00e2rf<\/span><\/h3>\n<p><span style=\"color: #000000;\">Calitatea ridicat\u0103 a imaginii este asigurat\u0103 de sistemul optic de v\u00e2rf cu dou\u0103 elemente asferice \u0219i un element de sticl\u0103 ED, care ofer\u0103 \u00eenalt\u0103 rezolu\u021bie \u0219i elimin\u0103 efectul de contur de culoare \u00een toate p\u0103r\u021bile imaginii. Elementele asferice compenseaz\u0103 diversele abera\u021bii, asigur\u00e2nd o performan\u021b\u0103 la \u00eenalt\u0103 rezolu\u021bie de la un col\u021b la altul, chiar \u0219i cu diafragma cea mai larg\u0103 cu c\u00e2mp vizual cu profunzime redus\u0103. Elementul de sticl\u0103 ED elimin\u0103 abera\u021bia cromatic\u0103 \u0219i reduce efectul de contur de culoare care se poate produce la marginea imaginii<\/span><\/p>\n<hr \/>\n<p><span style=\"color: #000000;\"><img decoding=\"async\" src=\"https:\/\/sony.scene7.com\/is\/image\/sonyglobalsolutions\/ec-feature-7-2?$smallStaticImage$\" alt=\"Imagine cu un b\u0103rbat care merge cu bicicleta\" \/><\/span><\/p>\n<h3 class=\"PdpSmallStaticImage__Title\"><span style=\"color: #000000;\">Dou\u0103 motoare liniare pentru focalizare automat\u0103 rapid\u0103, precis\u0103 \u0219i silen\u021bioas\u0103<\/span><\/h3>\n<p><span style=\"color: #000000;\">Dou\u0103 motoare liniare asigur\u0103 focalizare automat\u0103 rapid\u0103 \u0219i precis\u0103 cu performan\u021b\u0103 de urm\u0103rire superb\u0103, care maximizeaz\u0103 performan\u021ba corpului camerei pentru a surprinde momentele decisive \u00een instantanee stradale, schimb\u0103rile de expresie din portrete etc. Focalizarea automat\u0103 rapid\u0103, precis\u0103 \u0219i silen\u021bioas\u0103 cu performan\u021b\u0103 de urm\u0103rire superb este ideal\u0103 pentru realizarea de filme, precum \u0219i de imagini<\/span><\/p>\n<hr \/>\n<p><span style=\"color: #000000;\"><img decoding=\"async\" src=\"https:\/\/sony.scene7.com\/is\/image\/sonyglobalsolutions\/ec-feature-8-1?$smallStaticImage$\" alt=\"Imagine cu m\u00e2ncare\" \/><\/span><\/p>\n<h3 class=\"PdpSmallStaticImage__Title\"><span style=\"color: #000000;\">Performan\u021b\u0103 excelent\u0103 de prim-plan<\/span><\/h3>\n<p><span style=\"color: #000000;\">O distan\u021b\u0103 de focalizare minim\u0103 de 35 cm\u00a0 (Focalizare automat\u0103)\/ 31 cm (Focalizare manual\u0103) \u0219i un factor de m\u0103rire maxim de 0,18x (Focalizare automat\u0103)\/0,21x (Focalizare manual\u0103) fac ca acest obiectiv s\u0103 fie util \u00een diverse situa\u021bii, precum fotografierea obiectelor pe mas\u0103 sau realizarea de prim-planuri cu flori sau obiecte mici pe care le pute\u021bi g\u0103si prin ora\u0219, cu fundal defocalizat pentru ca subiectul s\u0103 ias\u0103 \u00een eviden\u021b\u0103<\/span><\/p>\n<hr \/>\n<p><span style=\"color: #000000;\"><img decoding=\"async\" src=\"https:\/\/sony.scene7.com\/is\/image\/sonyglobalsolutions\/ec-feature-11-2?$smallStaticImage$\" alt=\"Imagine de produs care ilustreaz\u0103 pozi\u021bia butonului de men\u021binere a focaliz\u0103rii pe obiectiv\" \/><\/span><\/p>\n<h3 class=\"PdpSmallStaticImage__Title\"><span style=\"color: #000000;\">Buton personalizat de men\u0163inere a focaliz\u0103rii<\/span><\/h3>\n<p><span style=\"color: #000000;\">Butonul de men\u021binere a focaliz\u0103rii este particularizabil din meniul camerei \u0219i i se poate atribui o func\u021bie preferat\u0103 de utilizator. De exemplu, dac\u0103 este atribuit\u0103 func\u021bia Focalizare automat\u0103 pe ochi, care urm\u0103re\u0219te automat ochii umani, degetele de la m\u00e2na dreapt\u0103 care \u021bin camera pot r\u0103m\u00e2ne fixe \u00een timp ce degetul mare st\u00e2ng opereaz\u0103 func\u021bia Focalizare automat\u0103 pe ochi, pentru o fixare mai stabil\u0103<\/span><\/p>\n<hr \/>\n<p><span style=\"color: #000000;\"><img decoding=\"async\" src=\"https:\/\/sony.scene7.com\/is\/image\/sonyglobalsolutions\/ec-feature-12-2?$smallStaticImage$\" alt=\"Imagine de produs care ilustreaz\u0103 rotirea inelului de focalizare cu simbolul s\u0103geat\u0103\" \/><\/span><\/p>\n<h3 class=\"PdpSmallStaticImage__Title\"><span style=\"color: #000000;\">R\u0103spuns natural, liniar, pentru focalizarea manual\u0103<\/span><\/h3>\n<p><span style=\"color: #000000;\">Focalizarea manual\u0103 cu r\u0103spuns liniar ofer\u0103 r\u0103spuns direct la reglajele subtile ale inelului de focalizare atunci c\u00e2nd se focalizeaz\u0103 manual. Rotirea inelului se traduce liniar \u00eentr-o modificare corespunz\u0103toare a focaliz\u0103rii precum un control mecanic, reflect\u00e2nd direct inten\u021bia fotografului \u0219i permi\u021b\u00e2nd reglaje delicate ale focaliz\u0103rii<\/span><\/p>\n<hr \/>\n<p><span style=\"color: #000000;\"><img decoding=\"async\" src=\"https:\/\/sony.scene7.com\/is\/image\/sonyglobalsolutions\/ec-feature-13-2?$smallStaticImage$\" alt=\"Imagine de produs care ilustreaz\u0103 pozi\u021bia comutatorului de activare\/dezactivare a cupl\u0103rii pe obiectiv\" \/><\/span><\/p>\n<h3 class=\"PdpSmallStaticImage__Title\"><span style=\"color: #000000;\">Posibilitatea dezactiv\u0103rii cupl\u0103rii treptelor pe inelul pentru diafragm\u0103<\/span><\/h3>\n<p><span style=\"color: #000000;\">Inelul pentru diafragm\u0103 asigur\u0103 r\u0103spunsul imediat de care au nevoie profesioni\u0219tii pentru imagini \u0219i \u00eenregistrare de filme. Cuplarea treptelor poate fi activat\u0103 pentru feedback tactil la realizarea imaginilor sau dezactivat\u0103 pentru a elimina cuplarea la \u00eenregistrarea de filme, pentru reglaje cursive \u0219i naturale ale diafragmei \u00een combina\u021bie cu motoarele liniare silen\u021bioase. Aceasta este ideal\u0103 pentru situa\u021bii \u00een care este nevoie de lini\u0219te, precum \u00eenregistrarea de filme pe scen\u0103.<\/span><\/p>\n<hr \/>\n<p><span style=\"color: #000000;\"><img decoding=\"async\" src=\"https:\/\/sony.scene7.com\/is\/image\/sonyglobalsolutions\/ec-feature-14-1?$smallStaticImage$\" alt=\"Imagine de produs care ilustreaz\u0103 pozi\u021bia comutatorului Mod focalizare pe obiectiv\" \/><\/span><\/p>\n<h3 class=\"PdpSmallStaticImage__Title\"><span style=\"color: #000000;\">Comutare u\u0219oar\u0103 \u00eentre focalizarea manual\u0103 \u0219i cea automat\u0103<\/span><\/h3>\n<p><span style=\"color: #000000;\">\u201eComutatorul pentru modul de focalizare\u201d permite \u00eenregistrare comod\u0103 prin activarea comut\u0103rii instantanee \u00eentre focalizarea automat\u0103 \u0219i cea manual\u0103, \u00een func\u021bie de condi\u021biile de fotografiere.<\/span><\/p>\n<hr \/>\n<p><span style=\"color: #000000;\"><img decoding=\"async\" src=\"https:\/\/sony.scene7.com\/is\/image\/sonyglobalsolutions\/ec-feature-15?$smallStaticImage$\" alt=\"Imagine de produs care ilustreaz\u0103 fotografierea cu obiectivul montat pe un suport cardanic\" \/><\/span><\/p>\n<h3 class=\"PdpSmallStaticImage__Title\"><span style=\"color: #000000;\">Focalizare intern\u0103 pentru \u00eenregistrare comod\u0103 de filme<\/span><\/h3>\n<p><span style=\"color: #000000;\">Designul sistemului intern de focalizare men\u021bine constant\u0103 lungimea obiectivului \u00een timpul focaliz\u0103rii, ceea ce permite \u00eenregistrarea facil\u0103 de filme cu un stabilizator cu articula\u021bie sau cu un m\u00e2ner ata\u0219at.<\/span><\/p>\n","protected":false},"excerpt":{"rendered":"<ul>\n<li><span style=\"color: #000000;\">SONY FE 50mm F2.5 G<\/span><\/li>\n<li><span style=\"color: #000000;\">Baioneta : SONY E-Mount<\/span><\/li>\n<li><span style=\"color: #000000;\">Format : Full Frame , 35 mm<\/span><\/li>\n<li><span style=\"color: #000000;\">Distan\u021b\u0103 focal\u0103 : f=50 mm<\/span><\/li>\n<li><span style=\"color: #000000;\">Valoarea maxim\u0103 a diafragmei : F2,5<\/span><\/li>\n<li><span style=\"color: #000000;\">Valoarea minim\u0103 a diafragmei : F22<\/span><\/li>\n<li><span style=\"color: #000000;\">Lamele diafragmei : 7<\/span><\/li>\n<li><span style=\"color: #000000;\">Stabilizare integrat\u0103 : Nu<\/span><\/li>\n<li><span style=\"color: #000000;\">Distan\u021ba minim\u0103 de focalizare : 0,35 m<\/span><\/li>\n<li><span style=\"color: #000000;\">Diametru filtru : 49 mm<\/span><\/li>\n<li><span style=\"color: #000000;\">Dimensiuni : 68 x 45 mm<\/span><\/li>\n<li><span style=\"color: #000000;\">Greutate : 174 g<\/span><\/li>\n<li><span style=\"color: #000000;\">Con\u021binului cutiei : parasolar, capacul din spate \u0219i din fa\u021b\u0103<\/span><\/li>\n<li><span style=\"color: #000000;\">Garan\u021bie de firm\u0103 : 2 ani<\/span><\/li>\n<\/ul>\n","protected":false},"featured_media":22592,"comment_status":"open","ping_status":"closed","template":"","meta":[],"product_brand":[],"product_cat":[901],"product_tag":[],"class_list":{"0":"post-22602","1":"product","2":"type-product","3":"status-publish","4":"has-post-thumbnail","6":"product_cat-obiective-fixe","8":"first","9":"outofstock","10":"sale","11":"shipping-taxable","12":"purchasable","13":"product-type-simple"},"yoast_head":"<!-- This site is optimized with the Yoast SEO plugin v27.4 - https:\/\/yoast.com\/product\/yoast-seo-wordpress\/ -->\n<title>SONY FE 50mm F2.5 G | Chi\u0219in\u0103u<\/title>\n<meta name=\"description\" content=\"Cump\u0103r\u0103 obiectivul fix SONY FE 50mm F2.5 G de la un dealer oficial \u00een Moldova | SONY SEL50F25G \u00een Chi\u0219in\u0103u | Garan\u021bie de firm\u0103 2 ani\" \/>\n<meta name=\"robots\" content=\"index, follow, max-snippet:-1, max-image-preview:large, max-video-preview:-1\" \/>\n<link rel=\"canonical\" href=\"https:\/\/sonycenter.md\/ro\/magazin\/sel50f25g\/\" \/>\n<meta property=\"og:locale\" content=\"ro_RO\" \/>\n<meta property=\"og:type\" content=\"article\" \/>\n<meta property=\"og:title\" content=\"SONY FE 50mm F2.5 G | Chi\u0219in\u0103u\" \/>\n<meta property=\"og:description\" content=\"Cump\u0103r\u0103 obiectivul fix SONY FE 50mm F2.5 G de la un dealer oficial \u00een Moldova | SONY SEL50F25G \u00een Chi\u0219in\u0103u | Garan\u021bie de firm\u0103 2 ani\" \/>\n<meta property=\"og:url\" content=\"https:\/\/sonycenter.md\/ro\/magazin\/sel50f25g\/\" \/>\n<meta property=\"og:site_name\" content=\"SONY\" \/>\n<meta property=\"article:modified_time\" content=\"2025-08-06T08:34:36+00:00\" \/>\n<meta property=\"og:image\" content=\"https:\/\/sonycenter.md\/wp-content\/uploads\/2021\/03\/sel50f25g.jpg\" \/>\n\t<meta property=\"og:image:width\" content=\"600\" \/>\n\t<meta property=\"og:image:height\" content=\"600\" \/>\n\t<meta property=\"og:image:type\" content=\"image\/jpeg\" \/>\n<meta name=\"twitter:card\" content=\"summary_large_image\" \/>\n<meta name=\"twitter:label1\" content=\"Est. reading time\" \/>\n\t<meta name=\"twitter:data1\" content=\"7 minutes\" \/>\n<script type=\"application\/ld+json\" class=\"yoast-schema-graph\">{\"@context\":\"https:\\\/\\\/schema.org\",\"@graph\":[{\"@type\":[\"WebPage\",\"ItemPage\"],\"@id\":\"https:\\\/\\\/sonycenter.md\\\/ro\\\/magazin\\\/sel50f25g\\\/\",\"url\":\"https:\\\/\\\/sonycenter.md\\\/ro\\\/magazin\\\/sel50f25g\\\/\",\"name\":\"SONY FE 50mm F2.5 G | Chi\u0219in\u0103u\",\"isPartOf\":{\"@id\":\"http:\\\/\\\/sonycenter.md\\\/ro\\\/#website\"},\"primaryImageOfPage\":{\"@id\":\"https:\\\/\\\/sonycenter.md\\\/ro\\\/magazin\\\/sel50f25g\\\/#primaryimage\"},\"image\":{\"@id\":\"https:\\\/\\\/sonycenter.md\\\/ro\\\/magazin\\\/sel50f25g\\\/#primaryimage\"},\"thumbnailUrl\":\"https:\\\/\\\/sonycenter.md\\\/wp-content\\\/uploads\\\/2021\\\/03\\\/sel50f25g.jpg\",\"datePublished\":\"2021-03-29T11:22:41+00:00\",\"dateModified\":\"2025-08-06T08:34:36+00:00\",\"description\":\"Cump\u0103r\u0103 obiectivul fix SONY FE 50mm F2.5 G de la un dealer oficial \u00een Moldova | SONY SEL50F25G \u00een Chi\u0219in\u0103u | Garan\u021bie de firm\u0103 2 ani\",\"breadcrumb\":{\"@id\":\"https:\\\/\\\/sonycenter.md\\\/ro\\\/magazin\\\/sel50f25g\\\/#breadcrumb\"},\"inLanguage\":\"ro-RO\",\"potentialAction\":[{\"@type\":\"ReadAction\",\"target\":[\"https:\\\/\\\/sonycenter.md\\\/ro\\\/magazin\\\/sel50f25g\\\/\"]}]},{\"@type\":\"ImageObject\",\"inLanguage\":\"ro-RO\",\"@id\":\"https:\\\/\\\/sonycenter.md\\\/ro\\\/magazin\\\/sel50f25g\\\/#primaryimage\",\"url\":\"https:\\\/\\\/sonycenter.md\\\/wp-content\\\/uploads\\\/2021\\\/03\\\/sel50f25g.jpg\",\"contentUrl\":\"https:\\\/\\\/sonycenter.md\\\/wp-content\\\/uploads\\\/2021\\\/03\\\/sel50f25g.jpg\",\"width\":600,\"height\":600,\"caption\":\"SEL50F25G\"},{\"@type\":\"BreadcrumbList\",\"@id\":\"https:\\\/\\\/sonycenter.md\\\/ro\\\/magazin\\\/sel50f25g\\\/#breadcrumb\",\"itemListElement\":[{\"@type\":\"ListItem\",\"position\":1,\"name\":\"\u0413\u043b\u0430\u0432\u043d\u0430\u044f \u0441\u0442\u0440\u0430\u043d\u0438\u0446\u0430\",\"item\":\"https:\\\/\\\/sonycenter.md\\\/ro\\\/\"},{\"@type\":\"ListItem\",\"position\":2,\"name\":\"Magazin\",\"item\":\"https:\\\/\\\/sonycenter.md\\\/shop\\\/\"},{\"@type\":\"ListItem\",\"position\":3,\"name\":\"SEL50F25G\"}]},{\"@type\":\"WebSite\",\"@id\":\"http:\\\/\\\/sonycenter.md\\\/ro\\\/#website\",\"url\":\"http:\\\/\\\/sonycenter.md\\\/ro\\\/\",\"name\":\"sonycenter.md\",\"description\":\"SONYCENTER \u00een Chi\u0219in\u0103u\",\"publisher\":{\"@id\":\"http:\\\/\\\/sonycenter.md\\\/ro\\\/#organization\"},\"potentialAction\":[{\"@type\":\"SearchAction\",\"target\":{\"@type\":\"EntryPoint\",\"urlTemplate\":\"http:\\\/\\\/sonycenter.md\\\/ro\\\/?s={search_term_string}\"},\"query-input\":{\"@type\":\"PropertyValueSpecification\",\"valueRequired\":true,\"valueName\":\"search_term_string\"}}],\"inLanguage\":\"ro-RO\"},{\"@type\":\"Organization\",\"@id\":\"http:\\\/\\\/sonycenter.md\\\/ro\\\/#organization\",\"name\":\"sonycenter.md\",\"url\":\"http:\\\/\\\/sonycenter.md\\\/ro\\\/\",\"logo\":{\"@type\":\"ImageObject\",\"inLanguage\":\"ro-RO\",\"@id\":\"http:\\\/\\\/sonycenter.md\\\/ro\\\/#\\\/schema\\\/logo\\\/image\\\/\",\"url\":\"\",\"contentUrl\":\"\",\"caption\":\"sonycenter.md\"},\"image\":{\"@id\":\"http:\\\/\\\/sonycenter.md\\\/ro\\\/#\\\/schema\\\/logo\\\/image\\\/\"}}]}<\/script>\n<!-- \/ Yoast SEO plugin. -->","yoast_head_json":{"title":"SONY FE 50mm F2.5 G | Chi\u0219in\u0103u","description":"Cump\u0103r\u0103 obiectivul fix SONY FE 50mm F2.5 G de la un dealer oficial \u00een Moldova | SONY SEL50F25G \u00een Chi\u0219in\u0103u | Garan\u021bie de firm\u0103 2 ani","robots":{"index":"index","follow":"follow","max-snippet":"max-snippet:-1","max-image-preview":"max-image-preview:large","max-video-preview":"max-video-preview:-1"},"canonical":"https:\/\/sonycenter.md\/ro\/magazin\/sel50f25g\/","og_locale":"ro_RO","og_type":"article","og_title":"SONY FE 50mm F2.5 G | Chi\u0219in\u0103u","og_description":"Cump\u0103r\u0103 obiectivul fix SONY FE 50mm F2.5 G de la un dealer oficial \u00een Moldova | SONY SEL50F25G \u00een Chi\u0219in\u0103u | Garan\u021bie de firm\u0103 2 ani","og_url":"https:\/\/sonycenter.md\/ro\/magazin\/sel50f25g\/","og_site_name":"SONY","article_modified_time":"2025-08-06T08:34:36+00:00","og_image":[{"width":600,"height":600,"url":"https:\/\/sonycenter.md\/wp-content\/uploads\/2021\/03\/sel50f25g.jpg","type":"image\/jpeg"}],"twitter_card":"summary_large_image","twitter_misc":{"Est. reading time":"7 minutes"},"schema":{"@context":"https:\/\/schema.org","@graph":[{"@type":["WebPage","ItemPage"],"@id":"https:\/\/sonycenter.md\/ro\/magazin\/sel50f25g\/","url":"https:\/\/sonycenter.md\/ro\/magazin\/sel50f25g\/","name":"SONY FE 50mm F2.5 G | Chi\u0219in\u0103u","isPartOf":{"@id":"https:\/\/sonycenter.md\/ro\/#website"},"primaryImageOfPage":{"@id":"https:\/\/sonycenter.md\/ro\/magazin\/sel50f25g\/#primaryimage"},"image":{"@id":"https:\/\/sonycenter.md\/ro\/magazin\/sel50f25g\/#primaryimage"},"thumbnailUrl":"https:\/\/sonycenter.md\/wp-content\/uploads\/2021\/03\/sel50f25g.jpg","datePublished":"2021-03-29T11:22:41+00:00","dateModified":"2025-08-06T08:34:36+00:00","description":"Cump\u0103r\u0103 obiectivul fix SONY FE 50mm F2.5 G de la un dealer oficial \u00een Moldova | SONY SEL50F25G \u00een Chi\u0219in\u0103u | Garan\u021bie de firm\u0103 2 ani","breadcrumb":{"@id":"https:\/\/sonycenter.md\/ro\/magazin\/sel50f25g\/#breadcrumb"},"inLanguage":"ro-RO","potentialAction":[{"@type":"ReadAction","target":["https:\/\/sonycenter.md\/ro\/magazin\/sel50f25g\/"]}]},{"@type":"ImageObject","inLanguage":"ro-RO","@id":"https:\/\/sonycenter.md\/ro\/magazin\/sel50f25g\/#primaryimage","url":"https:\/\/sonycenter.md\/wp-content\/uploads\/2021\/03\/sel50f25g.jpg","contentUrl":"https:\/\/sonycenter.md\/wp-content\/uploads\/2021\/03\/sel50f25g.jpg","width":600,"height":600,"caption":"SEL50F25G"},{"@type":"BreadcrumbList","@id":"https:\/\/sonycenter.md\/ro\/magazin\/sel50f25g\/#breadcrumb","itemListElement":[{"@type":"ListItem","position":1,"name":"\u0413\u043b\u0430\u0432\u043d\u0430\u044f \u0441\u0442\u0440\u0430\u043d\u0438\u0446\u0430","item":"https:\/\/sonycenter.md\/ro\/"},{"@type":"ListItem","position":2,"name":"Magazin","item":"https:\/\/sonycenter.md\/shop\/"},{"@type":"ListItem","position":3,"name":"SEL50F25G"}]},{"@type":"WebSite","@id":"https:\/\/sonycenter.md\/ro\/#website","url":"https:\/\/sonycenter.md\/ro\/","name":"sonycenter.md","description":"SONYCENTER \u00een Chi\u0219in\u0103u","publisher":{"@id":"https:\/\/sonycenter.md\/ro\/#organization"},"potentialAction":[{"@type":"SearchAction","target":{"@type":"EntryPoint","urlTemplate":"https:\/\/sonycenter.md\/ro\/?s={search_term_string}"},"query-input":{"@type":"PropertyValueSpecification","valueRequired":true,"valueName":"search_term_string"}}],"inLanguage":"ro-RO"},{"@type":"Organization","@id":"https:\/\/sonycenter.md\/ro\/#organization","name":"sonycenter.md","url":"https:\/\/sonycenter.md\/ro\/","logo":{"@type":"ImageObject","inLanguage":"ro-RO","@id":"https:\/\/sonycenter.md\/ro\/#\/schema\/logo\/image\/","url":"","contentUrl":"","caption":"sonycenter.md"},"image":{"@id":"https:\/\/sonycenter.md\/ro\/#\/schema\/logo\/image\/"}}]}},"_links":{"self":[{"href":"https:\/\/sonycenter.md\/ro\/wp-json\/wp\/v2\/product\/22602","targetHints":{"allow":["GET"]}}],"collection":[{"href":"https:\/\/sonycenter.md\/ro\/wp-json\/wp\/v2\/product"}],"about":[{"href":"https:\/\/sonycenter.md\/ro\/wp-json\/wp\/v2\/types\/product"}],"replies":[{"embeddable":true,"href":"https:\/\/sonycenter.md\/ro\/wp-json\/wp\/v2\/comments?post=22602"}],"wp:featuredmedia":[{"embeddable":true,"href":"https:\/\/sonycenter.md\/ro\/wp-json\/wp\/v2\/media\/22592"}],"wp:attachment":[{"href":"https:\/\/sonycenter.md\/ro\/wp-json\/wp\/v2\/media?parent=22602"}],"wp:term":[{"taxonomy":"product_brand","embeddable":true,"href":"https:\/\/sonycenter.md\/ro\/wp-json\/wp\/v2\/product_brand?post=22602"},{"taxonomy":"product_cat","embeddable":true,"href":"https:\/\/sonycenter.md\/ro\/wp-json\/wp\/v2\/product_cat?post=22602"},{"taxonomy":"product_tag","embeddable":true,"href":"https:\/\/sonycenter.md\/ro\/wp-json\/wp\/v2\/product_tag?post=22602"}],"curies":[{"name":"wp","href":"https:\/\/api.w.org\/{rel}","templated":true}]}}