{"id":23218,"date":"2021-08-11T13:40:27","date_gmt":"2021-08-11T10:40:27","guid":{"rendered":"https:\/\/sonycenter.md\/?post_type=product&#038;p=23218"},"modified":"2026-04-15T14:21:51","modified_gmt":"2026-04-15T11:21:51","slug":"sony-zve10","status":"publish","type":"product","link":"https:\/\/sonycenter.md\/ro\/magazin\/sony-zve10\/","title":{"rendered":"ZVE10 (body)"},"content":{"rendered":"<p style=\"text-align: center;\"><span style=\"font-size: 120%;\"><span style=\"color: #000000;\">Camera SONY ZVE10 din serie<\/span> <a href=\"https:\/\/sonycenter.md\/ro\/category\/camere-foto\/camere-alfa\/\"><span style=\"color: #ff6600;\">\u03b1<\/span> <span style=\"color: #0000ff;\">cu obiective inters\u0441himbabile<\/span><\/a><span style=\"color: #000000;\">, facuta pentru blogging &amp; vlogging.<\/span><\/span><\/p>\n<table style=\"height: 1967px;\" width=\"1064\">\n<tbody>\n<tr>\n<td style=\"text-align: center;\" colspan=\"2\" width=\"746\"><span style=\"color: #000000;\"><strong>Ce este \u00een cutie?<\/strong><\/span><\/td>\n<\/tr>\n<tr>\n<td><span style=\"color: #000000;\"><strong>Con\u021binutul cutiei<\/strong><\/span><\/td>\n<td>\n<span style=\"color: #000000;\">Cablu USB<\/span><br \/>\n<span style=\"color: #000000;\">Curea de um\u0103r<\/span><br \/>\n<span style=\"color: #000000;\">Parav\u00e2nt<\/span><br \/>\n<span style=\"color: #000000;\">Baterie re\u00eenc\u0103rcabil\u0103 NP-FW50<\/span><\/td>\n<\/tr>\n<tr>\n<td style=\"text-align: center;\" colspan=\"2\"><span style=\"color: #000000;\"><strong>Obiectiv<\/strong><\/span><\/td>\n<\/tr>\n<tr>\n<td><span style=\"color: #000000;\"><strong>Obiectiv compatibil<\/strong><\/span><\/td>\n<td><span style=\"color: #000000;\">SONY E-mount\u00a0<\/span><\/td>\n<\/tr>\n<tr>\n<td style=\"text-align: center;\" colspan=\"2\"><span style=\"color: #000000;\"><strong>Senzor de imagine<\/strong><\/span><\/td>\n<\/tr>\n<tr>\n<td><span style=\"color: #000000;\"><strong>Raport l\u0103\u0163ime\/\u00een\u0103l\u0163ime<\/strong><\/span><\/td>\n<td><span style=\"color: #000000;\">3\\2<\/span><\/td>\n<\/tr>\n<tr>\n<td><span style=\"color: #000000;\"><strong>Num\u0103r de pixeli (efectivi)<\/strong><\/span><\/td>\n<td><span style=\"color: #000000;\">Aprox. 24,2 megapixeli<\/span><\/td>\n<\/tr>\n<tr>\n<td><span style=\"color: #000000;\"><strong>Num\u0103r de pixeli (total)<\/strong><\/span><\/td>\n<td><span style=\"color: #000000;\">Aprox. 25,0 megapixeli<\/span><\/td>\n<\/tr>\n<tr>\n<td><span style=\"color: #000000;\"><strong>Tip de senzor<\/strong><\/span><\/td>\n<td><span style=\"color: #000000;\">Senzor CMOS Exmor\u00ae, tip APS-C (23,5 x 15,6 mm)<\/span><\/td>\n<\/tr>\n<tr>\n<td style=\"text-align: center;\" colspan=\"2\"><span style=\"color: #000000;\"><strong>Sistem de \u00eenregistrare (foto)<\/strong><\/span><\/td>\n<\/tr>\n<tr>\n<td><span style=\"color: #000000;\"><strong>Format \u00eenregistrare<\/strong><\/span><\/td>\n<td><span style=\"color: #000000;\">JPEG ; RAW (format Sony ARW 2.3)<\/span><\/td>\n<\/tr>\n<tr>\n<td><span style=\"color: #000000;\"><strong>Dimensiune imagine (pixeli) [3:2]<\/strong><\/span><\/td>\n<td><span style=\"color: #000000;\">L: 6000 x 4000 , M: 4240 x 2832 , S: 3008 x 2000<\/span><\/td>\n<\/tr>\n<tr>\n<td><span style=\"color: #000000;\"><strong>Moduri calitate imagine<\/strong><\/span><\/td>\n<td><span style=\"color: #000000;\">RAW, RAW \u0219i JPEG, JPEG (Extra fin\/Fin\/Standard)<\/span><\/td>\n<\/tr>\n<tr>\n<td style=\"text-align: center;\" colspan=\"2\"><span style=\"color: #000000;\"><strong>Sistem de \u00eenregistrare (video)<\/strong><\/span><\/td>\n<\/tr>\n<tr>\n<td><span style=\"color: #000000;\"><strong>Compresie video<\/strong><\/span><\/td>\n<td><span style=\"color: #000000;\">XAVC S: MPEG-4 AVC\/H.264<\/span><\/td>\n<\/tr>\n<tr>\n<td><span style=\"color: #000000;\"><strong>Format \u00eenregistrare audio<\/strong><\/span><\/td>\n<td><span style=\"color: #000000;\">XAVC S: LPCM pe 2 canale<\/span><\/td>\n<\/tr>\n<tr>\n<td style=\"text-align: center;\" colspan=\"2\"><span style=\"color: #000000;\"><strong>Carduri de memorie<\/strong><\/span><\/td>\n<\/tr>\n<tr>\n<td><span style=\"color: #000000;\"><strong>Slot pentru carduri de memorie<\/strong><\/span><\/td>\n<td><span style=\"color: #000000;\">1 Slot pentru card SD<\/span><\/td>\n<\/tr>\n<tr>\n<td style=\"text-align: center;\" colspan=\"2\"><span style=\"color: #000000;\"><strong>Focalizare<\/strong><\/span><\/td>\n<\/tr>\n<tr>\n<td><span style=\"color: #000000;\"><strong>Tip de focalizare<\/strong><\/span><\/td>\n<td><span style=\"color: #000000;\">Focalizare automat\u0103 hibrid\u0103 rapid\u0103cu detec\u0163ia fazei\/ contrastului<\/span><\/td>\n<\/tr>\n<tr>\n<td><span style=\"color: #000000;\"><strong>Senzor focalizare<\/strong><\/span><\/td>\n<td><span style=\"color: #000000;\">Senzor CMOS Exmor<\/span><\/td>\n<\/tr>\n<tr>\n<td><span style=\"color: #000000;\"><strong>Punct de focalizare<\/strong><\/span><\/td>\n<td><span style=\"color: #000000;\">425 de puncte<\/span><\/td>\n<\/tr>\n<tr>\n<td><span style=\"color: #000000;\"><strong>Interval de sensibilitate a focaliz\u0103rii<\/strong><\/span><\/td>\n<td><span style=\"color: #000000;\">EV-3 p\u00e2n\u0103 la EV20 (la echivalent ISO100 cu obiectiv F 2.0 ata\u015fat)<\/span><\/td>\n<\/tr>\n<tr>\n<td><span style=\"color: #000000;\"><strong>Mod de focalizare<\/strong><\/span><\/td>\n<td><span style=\"color: #000000;\">AF-A (focalizare automat\u0103), AF-S (Focalizare automat\u0103 cu un singur cadru), AF-C (Focalizare automat\u0103 continu\u0103), DMF (Focalizare manual\u0103 direct\u0103), Focalizare manual\u0103<\/span><\/td>\n<\/tr>\n<tr>\n<td><span style=\"color: #000000;\"><strong>Zon\u0103 de focalizare<\/strong><\/span><\/td>\n<td><span style=\"color: #000000;\">Larg\u0103\/Zonal\u0103\/Central\u0103\/Punctual\u0103 flexibil\u0103\/Punctual\u0103 flexibil\u0103 extins\u0103\/Urm\u0103rire<\/span><\/td>\n<\/tr>\n<tr>\n<td><span style=\"color: #000000;\"><strong>Focalizare automat\u0103 cu recunoa\u0219terea subiectului<\/strong><\/span><\/td>\n<td><span style=\"color: #000000;\">Oameni (selectare ochi drept\/st\u00e2ng)\/Animale<\/span><\/td>\n<\/tr>\n<tr>\n<td style=\"text-align: center;\" colspan=\"2\"><span style=\"color: #000000;\"><strong>Expunerea<\/strong><\/span><\/td>\n<\/tr>\n<tr>\n<td><span style=\"color: #000000;\"><strong>Tip de m\u0103surare<\/strong><\/span><\/td>\n<td><span style=\"color: #000000;\">M\u0103surare estimativ\u0103 1200 zone<\/span><\/td>\n<\/tr>\n<tr>\n<td style=\"text-align: center;\" colspan=\"2\"><span style=\"color: #000000;\"><strong>Ecran LCD<\/strong><\/span><\/td>\n<\/tr>\n<tr>\n<td><span style=\"color: #000000;\"><strong>Tip monitor<\/strong><\/span><\/td>\n<td><span style=\"color: #000000;\">Tip TFT de 7,5 cm (tip 3.0)<\/span><\/td>\n<\/tr>\n<tr>\n<td><span style=\"color: #000000;\"><strong>Ecran tactil<\/strong><\/span><\/td>\n<td><span style=\"color: #000000;\">Da (Focalizare prin atingere\/Urm\u0103rire prin atingere\/ Obturator prin atingere)<\/span><\/td>\n<\/tr>\n<tr>\n<td><span style=\"color: #000000;\"><strong>Num\u0103r de puncte<\/strong><\/span><\/td>\n<td><span style=\"color: #000000;\">921.600 de puncte<\/span><\/td>\n<\/tr>\n<tr>\n<td><span style=\"color: #000000;\"><strong>Control luminozitate<\/strong><\/span><\/td>\n<td><span style=\"color: #000000;\">Manual (5 trepte \u00eentre -2 \u015fi +2), mod Vreme \u00eensorit\u0103<\/span><\/td>\n<\/tr>\n<tr>\n<td><span style=\"color: #000000;\"><strong>Unghi reglabil<\/strong><\/span><\/td>\n<td><span style=\"color: #000000;\">Unghi de deschidere: aprox. 176 de grade, Unghi de rotire: aprox. 270 de grade.<\/span><\/td>\n<\/tr>\n<tr>\n<td><span style=\"color: #000000;\"><strong>M\u0103rire pentru focalizare<\/strong><\/span><\/td>\n<td><span style=\"color: #000000;\">Da, Amplificator focalizare (5,9x, 11,7x)<\/span><\/td>\n<\/tr>\n<tr>\n<td><span style=\"color: #000000;\"><strong>Detectarea fe\u0163ei<\/strong><\/span><\/td>\n<td><span style=\"color: #000000;\">Prioritate fa\u021b\u0103\/ochi la focalizarea automat\u0103, Prioritate fa\u021b\u0103 la m\u0103surare multi-punct, Prioritate fa\u021b\u0103 cu \u00eenregistrare<\/span><\/td>\n<\/tr>\n<tr>\n<td><span style=\"color: #000000;\"><strong>Temporizator automat de autoportret<\/strong><\/span><\/td>\n<td><span style=\"color: #000000;\">Da<\/span><\/td>\n<\/tr>\n<tr>\n<td style=\"text-align: center;\" colspan=\"2\"><span style=\"color: #000000;\"><strong>Obturator<\/strong><\/span><\/td>\n<\/tr>\n<tr>\n<td><span style=\"color: #000000;\"><strong>Tip<\/strong><\/span><\/td>\n<td><span style=\"color: #000000;\">controlat electronic, travers\u0103 vertical\u0103, cu plan focal<\/span><\/td>\n<\/tr>\n<tr>\n<td><span style=\"color: #000000;\"><strong>Tip de obturator<\/strong><\/span><\/td>\n<td><span style=\"color: #000000;\">Obturator mecanic\/electronic<\/span><\/td>\n<\/tr>\n<tr>\n<td><span style=\"color: #000000;\"><strong>Timp de expunere<\/strong><\/span><\/td>\n<td><span style=\"color: #000000;\">[Imagini statice: 1\/4000 la 30 sec., Bec, Filme: 1\/4000 la 1\/4 (trepte de 1\/3), p\u00e2n\u0103 la 1\/60 \u00een modul Automat (p\u00e2n\u0103 la 1\/30 \u00een modul Automat cu obturator lent)<\/span><\/td>\n<\/tr>\n<tr>\n<td><span style=\"color: #000000;\"><strong>Sincronizare bli\u0163 vitez\u0103<\/strong><\/span><\/td>\n<td><span style=\"color: #000000;\">1\/160 sec.<\/span><\/td>\n<\/tr>\n<tr>\n<td><span style=\"color: #000000;\"><strong>Obturator electronic cortin\u0103 frontal\u0103<\/strong><\/span><\/td>\n<td><span style=\"color: #000000;\">Da (Activat\/Dezactivat)<\/span><\/td>\n<\/tr>\n<tr>\n<td><span style=\"color: #000000;\"><strong>Fotografiere silen\u0163ioas\u0103<\/strong><\/span><\/td>\n<td><span style=\"color: #000000;\">Da (Activat\/Dezactivat)<\/span><\/td>\n<\/tr>\n<tr>\n<td style=\"text-align: center;\" colspan=\"2\"><span style=\"color: #000000;\"><strong>Stabilizarea imaginii<\/strong><\/span><\/td>\n<\/tr>\n<tr>\n<td><span style=\"color: #000000;\"><strong>Tip<\/strong><\/span><\/td>\n<td><span style=\"color: #000000;\">Stabilizarea imaginii acceptat\u0103 la nivelul obiectivului (mod Standard)\/Electronic (mod Activ)<\/span><\/td>\n<\/tr>\n<tr>\n<td style=\"text-align: center;\" colspan=\"2\"><span style=\"color: #000000;\"><strong>Compensare obiectiv<\/strong><\/span><\/td>\n<\/tr>\n<tr>\n<td><span style=\"color: #000000;\"><strong>Setare<\/strong><\/span><\/td>\n<td><span style=\"color: #000000;\">Umbrire periferic\u0103, Abera\u0163ie cromatic\u0103, Distorsiune<\/span><\/td>\n<\/tr>\n<tr>\n<td style=\"text-align: center;\" colspan=\"2\"><span style=\"color: #000000;\"><strong>Interfa\u0163\u0103<\/strong><\/span><\/td>\n<\/tr>\n<tr>\n<td><span style=\"color: #000000;\"><strong>Interfa\u0163\u0103 PC<\/strong><\/span><\/td>\n<td><span style=\"color: #000000;\">Stocare masiv\u0103\/MTP<\/span><\/td>\n<\/tr>\n<tr>\n<td><span style=\"color: #000000;\"><strong>Bluetooth\u00ae<\/strong><\/span><\/td>\n<td><span style=\"color: #000000;\">Bluetooth vers. 4.1 (band\u0103 de 2,4 GHz)<\/span><\/td>\n<\/tr>\n<tr>\n<td><span style=\"color: #000000;\"><strong>Suport cu interfa\u0163\u0103 multipl\u0103<\/strong><\/span><\/td>\n<td><span style=\"color: #000000;\">Da (cu interfa\u021b\u0103 audio digital\u0103)4<\/span><\/td>\n<\/tr>\n<tr>\n<td><span style=\"color: #000000;\"><strong>Muf\u0103 microfon<\/strong><\/span><\/td>\n<td><span style=\"color: #000000;\">DA (minimuf\u0103 stereo de 3,5 mm)<\/span><\/td>\n<\/tr>\n<tr>\n<td><span style=\"color: #000000;\"><strong>Muf\u0103 c\u0103\u015fti<\/strong><\/span><\/td>\n<td><span style=\"color: #000000;\">DA (minimuf\u0103 stereo de 3,5 mm)<\/span><\/td>\n<\/tr>\n<tr>\n<td style=\"text-align: center;\" colspan=\"2\"><span style=\"color: #000000;\"><strong>Audio<\/strong><\/span><\/td>\n<\/tr>\n<tr>\n<td><span style=\"color: #000000;\"><strong>Microfon<\/strong><\/span><\/td>\n<td><span style=\"color: #000000;\">Stereo \u00eencorporat<\/span><\/td>\n<\/tr>\n<tr>\n<td><span style=\"color: #000000;\"><strong>Box\u0103<\/strong><\/span><\/td>\n<td><span style=\"color: #000000;\">Mono, \u00eencorporat<\/span><\/td>\n<\/tr>\n<tr>\n<td style=\"text-align: center;\" colspan=\"2\"><span style=\"color: #000000;\"><strong>Alimentare<\/strong><\/span><\/td>\n<\/tr>\n<tr>\n<td><span style=\"color: #000000;\"><strong>Baterie inclus\u0103<\/strong><\/span><\/td>\n<td><span style=\"color: #000000;\">Un acumulator NP-FW50<\/span><\/td>\n<\/tr>\n<tr>\n<td><span style=\"color: #000000;\"><strong>Durat\u0103 de utilizare a bateriei (foto)<\/strong><\/span><\/td>\n<td><span style=\"color: #000000;\">Aprox. 440 de imagini (monitor LCD)<\/span><\/td>\n<\/tr>\n<tr>\n<td><span style=\"color: #000000;\"><strong>Durat\u0103 de utilizare a bateriei (video)<\/strong><\/span><\/td>\n<td><span style=\"color: #000000;\">Aprox. 80 min (monitor LCD)<\/span><\/td>\n<\/tr>\n<tr>\n<td><span style=\"color: #000000;\"><strong>\u00cenc\u0103rcare baterie intern\u0103<\/strong><\/span><\/td>\n<td><span style=\"color: #000000;\">Da<\/span><\/td>\n<\/tr>\n<tr>\n<td><span style=\"color: #000000;\"><strong>Alimentare extern\u0103<\/strong><\/span><\/td>\n<td><span style=\"color: #000000;\">BC-TRW \/ ACC-TRW (se vinde separat )<\/span><\/td>\n<\/tr>\n<tr>\n<td><span style=\"color: #000000;\"><strong>Surs\u0103 de alimentare USB<\/strong><\/span><\/td>\n<td><span style=\"color: #000000;\">Da<\/span><\/td>\n<\/tr>\n<tr>\n<td style=\"text-align: center;\" colspan=\"2\"><span style=\"color: #000000;\"><strong>Altele<\/strong><\/span><\/td>\n<\/tr>\n<tr>\n<td><span style=\"color: #000000;\"><strong>Temperatur\u0103 de operare<\/strong><\/span><\/td>\n<td><span style=\"color: #000000;\">\u00centre 0 \u0219i 40\u2103<\/span><\/td>\n<\/tr>\n<\/tbody>\n<\/table>\n","protected":false},"excerpt":{"rendered":"<div class=\"ghost-center-wrap\">\n<ul>\n<li class=\"copy ghost-center with-icon\"><span style=\"color: #000000;\">Camer\u0103 pentru vlogging SONY ZV-E10<\/span><\/li>\n<li><span style=\"color: #000000;\">Senzor : Senzor CMOS Exmor R\u2122 \u00een format APS-C<\/span><\/li>\n<li><span style=\"color: #000000;\">Pixeli : Aprox. 25 megapixeli<\/span><\/li>\n<li><span style=\"color: #000000;\">Focalizre : hibrid\u0103 , max. 425 de puncte de focalizare<\/span><\/li>\n<li><span style=\"color: #000000;\">Video 4K : pana la 30p<\/span><\/li>\n<li><span style=\"color: #000000;\">Baterie (\u00eenclus\u0103):\u00a0<span style=\"color: #0000ff;\"><a style=\"color: #0000ff;\" href=\"https:\/\/sonycenter.md\/ro\/magazin\/np-fw50\/\">NP-FW50<\/a><\/span><\/span><\/li>\n<li><span style=\"color: #000000;\">Autonomie a bateriei pana la 80 min. video \/ pana la 440 de imagini<\/span><\/li>\n<li><span style=\"color: #000000;\">Garan\u021bie : 2 ani<\/span><\/li>\n<li><span style=\"color: #0000ff;\"><a style=\"color: #0000ff;\" href=\"https:\/\/sonycenter.md\/ro\/magazin\/sony-zve10l\/\">&gt;Link c\u0103tre camera cu obiectiv inclus&lt;<\/a><\/span><\/li>\n<\/ul>\n<\/div>\n","protected":false},"featured_media":23203,"comment_status":"open","ping_status":"closed","template":"","meta":[],"product_brand":[],"product_cat":[618],"product_tag":[],"class_list":{"0":"post-23218","1":"product","2":"type-product","3":"status-publish","4":"has-post-thumbnail","6":"product_cat-camere-alfa","8":"first","9":"outofstock","10":"shipping-taxable","11":"purchasable","12":"product-type-simple"},"yoast_head":"<!-- This site is optimized with the Yoast SEO plugin v27.4 - https:\/\/yoast.com\/product\/yoast-seo-wordpress\/ -->\n<title>Camera SONY ZVE10 pentru incepatori in Chisinau\u2705<\/title>\n<meta name=\"description\" content=\"Cumpara cel mai bun aparat foto SONY ZVE10 pentru incepatori in Moldova\u2705 Video 4K\u2705Ideal pentru blogging si vlogging\u2705Magazin de firma in Chisinau\u2705\" \/>\n<meta name=\"robots\" content=\"index, follow, max-snippet:-1, max-image-preview:large, max-video-preview:-1\" \/>\n<link rel=\"canonical\" href=\"https:\/\/sonycenter.md\/ro\/magazin\/sony-zve10\/\" \/>\n<meta property=\"og:locale\" content=\"ro_RO\" \/>\n<meta property=\"og:type\" content=\"article\" \/>\n<meta property=\"og:title\" content=\"Camera SONY ZVE10 pentru incepatori in Chisinau\u2705\" \/>\n<meta property=\"og:description\" content=\"Cumpara cel mai bun aparat foto SONY ZVE10 pentru incepatori in Moldova\u2705 Video 4K\u2705Ideal pentru blogging si vlogging\u2705Magazin de firma in Chisinau\u2705\" \/>\n<meta property=\"og:url\" content=\"https:\/\/sonycenter.md\/ro\/magazin\/sony-zve10\/\" \/>\n<meta property=\"og:site_name\" content=\"SONY\" \/>\n<meta property=\"article:modified_time\" content=\"2026-04-15T11:21:51+00:00\" \/>\n<meta property=\"og:image\" content=\"https:\/\/sonycenter.md\/wp-content\/uploads\/2021\/08\/zve10-1.jpg\" \/>\n\t<meta property=\"og:image:width\" content=\"600\" \/>\n\t<meta property=\"og:image:height\" content=\"600\" \/>\n\t<meta property=\"og:image:type\" content=\"image\/jpeg\" \/>\n<meta name=\"twitter:card\" content=\"summary_large_image\" \/>\n<meta name=\"twitter:label1\" content=\"Est. reading time\" \/>\n\t<meta name=\"twitter:data1\" content=\"3 minutes\" \/>\n<script type=\"application\/ld+json\" class=\"yoast-schema-graph\">{\"@context\":\"https:\\\/\\\/schema.org\",\"@graph\":[{\"@type\":[\"WebPage\",\"ItemPage\"],\"@id\":\"https:\\\/\\\/sonycenter.md\\\/ro\\\/magazin\\\/sony-zve10\\\/\",\"url\":\"https:\\\/\\\/sonycenter.md\\\/ro\\\/magazin\\\/sony-zve10\\\/\",\"name\":\"Camera SONY ZVE10 pentru incepatori in Chisinau\u2705\",\"isPartOf\":{\"@id\":\"http:\\\/\\\/sonycenter.md\\\/ro\\\/#website\"},\"primaryImageOfPage\":{\"@id\":\"https:\\\/\\\/sonycenter.md\\\/ro\\\/magazin\\\/sony-zve10\\\/#primaryimage\"},\"image\":{\"@id\":\"https:\\\/\\\/sonycenter.md\\\/ro\\\/magazin\\\/sony-zve10\\\/#primaryimage\"},\"thumbnailUrl\":\"https:\\\/\\\/sonycenter.md\\\/wp-content\\\/uploads\\\/2021\\\/08\\\/zve10-1.jpg\",\"datePublished\":\"2021-08-11T10:40:27+00:00\",\"dateModified\":\"2026-04-15T11:21:51+00:00\",\"description\":\"Cumpara cel mai bun aparat foto SONY ZVE10 pentru incepatori in Moldova\u2705 Video 4K\u2705Ideal pentru blogging si vlogging\u2705Magazin de firma in Chisinau\u2705\",\"breadcrumb\":{\"@id\":\"https:\\\/\\\/sonycenter.md\\\/ro\\\/magazin\\\/sony-zve10\\\/#breadcrumb\"},\"inLanguage\":\"ro-RO\",\"potentialAction\":[{\"@type\":\"ReadAction\",\"target\":[\"https:\\\/\\\/sonycenter.md\\\/ro\\\/magazin\\\/sony-zve10\\\/\"]}]},{\"@type\":\"ImageObject\",\"inLanguage\":\"ro-RO\",\"@id\":\"https:\\\/\\\/sonycenter.md\\\/ro\\\/magazin\\\/sony-zve10\\\/#primaryimage\",\"url\":\"https:\\\/\\\/sonycenter.md\\\/wp-content\\\/uploads\\\/2021\\\/08\\\/zve10-1.jpg\",\"contentUrl\":\"https:\\\/\\\/sonycenter.md\\\/wp-content\\\/uploads\\\/2021\\\/08\\\/zve10-1.jpg\",\"width\":600,\"height\":600,\"caption\":\"ZVE10 (body)\"},{\"@type\":\"BreadcrumbList\",\"@id\":\"https:\\\/\\\/sonycenter.md\\\/ro\\\/magazin\\\/sony-zve10\\\/#breadcrumb\",\"itemListElement\":[{\"@type\":\"ListItem\",\"position\":1,\"name\":\"\u0413\u043b\u0430\u0432\u043d\u0430\u044f \u0441\u0442\u0440\u0430\u043d\u0438\u0446\u0430\",\"item\":\"https:\\\/\\\/sonycenter.md\\\/ro\\\/\"},{\"@type\":\"ListItem\",\"position\":2,\"name\":\"Magazin\",\"item\":\"https:\\\/\\\/sonycenter.md\\\/shop\\\/\"},{\"@type\":\"ListItem\",\"position\":3,\"name\":\"ZVE10 (body)\"}]},{\"@type\":\"WebSite\",\"@id\":\"http:\\\/\\\/sonycenter.md\\\/ro\\\/#website\",\"url\":\"http:\\\/\\\/sonycenter.md\\\/ro\\\/\",\"name\":\"sonycenter.md\",\"description\":\"SONYCENTER \u00een Chi\u0219in\u0103u\",\"publisher\":{\"@id\":\"http:\\\/\\\/sonycenter.md\\\/ro\\\/#organization\"},\"potentialAction\":[{\"@type\":\"SearchAction\",\"target\":{\"@type\":\"EntryPoint\",\"urlTemplate\":\"http:\\\/\\\/sonycenter.md\\\/ro\\\/?s={search_term_string}\"},\"query-input\":{\"@type\":\"PropertyValueSpecification\",\"valueRequired\":true,\"valueName\":\"search_term_string\"}}],\"inLanguage\":\"ro-RO\"},{\"@type\":\"Organization\",\"@id\":\"http:\\\/\\\/sonycenter.md\\\/ro\\\/#organization\",\"name\":\"sonycenter.md\",\"url\":\"http:\\\/\\\/sonycenter.md\\\/ro\\\/\",\"logo\":{\"@type\":\"ImageObject\",\"inLanguage\":\"ro-RO\",\"@id\":\"http:\\\/\\\/sonycenter.md\\\/ro\\\/#\\\/schema\\\/logo\\\/image\\\/\",\"url\":\"\",\"contentUrl\":\"\",\"caption\":\"sonycenter.md\"},\"image\":{\"@id\":\"http:\\\/\\\/sonycenter.md\\\/ro\\\/#\\\/schema\\\/logo\\\/image\\\/\"}}]}<\/script>\n<!-- \/ Yoast SEO plugin. -->","yoast_head_json":{"title":"Camera SONY ZVE10 pentru incepatori in Chisinau\u2705","description":"Cumpara cel mai bun aparat foto SONY ZVE10 pentru incepatori in Moldova\u2705 Video 4K\u2705Ideal pentru blogging si vlogging\u2705Magazin de firma in Chisinau\u2705","robots":{"index":"index","follow":"follow","max-snippet":"max-snippet:-1","max-image-preview":"max-image-preview:large","max-video-preview":"max-video-preview:-1"},"canonical":"https:\/\/sonycenter.md\/ro\/magazin\/sony-zve10\/","og_locale":"ro_RO","og_type":"article","og_title":"Camera SONY ZVE10 pentru incepatori in Chisinau\u2705","og_description":"Cumpara cel mai bun aparat foto SONY ZVE10 pentru incepatori in Moldova\u2705 Video 4K\u2705Ideal pentru blogging si vlogging\u2705Magazin de firma in Chisinau\u2705","og_url":"https:\/\/sonycenter.md\/ro\/magazin\/sony-zve10\/","og_site_name":"SONY","article_modified_time":"2026-04-15T11:21:51+00:00","og_image":[{"width":600,"height":600,"url":"https:\/\/sonycenter.md\/wp-content\/uploads\/2021\/08\/zve10-1.jpg","type":"image\/jpeg"}],"twitter_card":"summary_large_image","twitter_misc":{"Est. reading time":"3 minutes"},"schema":{"@context":"https:\/\/schema.org","@graph":[{"@type":["WebPage","ItemPage"],"@id":"https:\/\/sonycenter.md\/ro\/magazin\/sony-zve10\/","url":"https:\/\/sonycenter.md\/ro\/magazin\/sony-zve10\/","name":"Camera SONY ZVE10 pentru incepatori in Chisinau\u2705","isPartOf":{"@id":"https:\/\/sonycenter.md\/ro\/#website"},"primaryImageOfPage":{"@id":"https:\/\/sonycenter.md\/ro\/magazin\/sony-zve10\/#primaryimage"},"image":{"@id":"https:\/\/sonycenter.md\/ro\/magazin\/sony-zve10\/#primaryimage"},"thumbnailUrl":"https:\/\/sonycenter.md\/wp-content\/uploads\/2021\/08\/zve10-1.jpg","datePublished":"2021-08-11T10:40:27+00:00","dateModified":"2026-04-15T11:21:51+00:00","description":"Cumpara cel mai bun aparat foto SONY ZVE10 pentru incepatori in Moldova\u2705 Video 4K\u2705Ideal pentru blogging si vlogging\u2705Magazin de firma in Chisinau\u2705","breadcrumb":{"@id":"https:\/\/sonycenter.md\/ro\/magazin\/sony-zve10\/#breadcrumb"},"inLanguage":"ro-RO","potentialAction":[{"@type":"ReadAction","target":["https:\/\/sonycenter.md\/ro\/magazin\/sony-zve10\/"]}]},{"@type":"ImageObject","inLanguage":"ro-RO","@id":"https:\/\/sonycenter.md\/ro\/magazin\/sony-zve10\/#primaryimage","url":"https:\/\/sonycenter.md\/wp-content\/uploads\/2021\/08\/zve10-1.jpg","contentUrl":"https:\/\/sonycenter.md\/wp-content\/uploads\/2021\/08\/zve10-1.jpg","width":600,"height":600,"caption":"ZVE10 (body)"},{"@type":"BreadcrumbList","@id":"https:\/\/sonycenter.md\/ro\/magazin\/sony-zve10\/#breadcrumb","itemListElement":[{"@type":"ListItem","position":1,"name":"\u0413\u043b\u0430\u0432\u043d\u0430\u044f \u0441\u0442\u0440\u0430\u043d\u0438\u0446\u0430","item":"https:\/\/sonycenter.md\/ro\/"},{"@type":"ListItem","position":2,"name":"Magazin","item":"https:\/\/sonycenter.md\/shop\/"},{"@type":"ListItem","position":3,"name":"ZVE10 (body)"}]},{"@type":"WebSite","@id":"https:\/\/sonycenter.md\/ro\/#website","url":"https:\/\/sonycenter.md\/ro\/","name":"sonycenter.md","description":"SONYCENTER \u00een Chi\u0219in\u0103u","publisher":{"@id":"https:\/\/sonycenter.md\/ro\/#organization"},"potentialAction":[{"@type":"SearchAction","target":{"@type":"EntryPoint","urlTemplate":"https:\/\/sonycenter.md\/ro\/?s={search_term_string}"},"query-input":{"@type":"PropertyValueSpecification","valueRequired":true,"valueName":"search_term_string"}}],"inLanguage":"ro-RO"},{"@type":"Organization","@id":"https:\/\/sonycenter.md\/ro\/#organization","name":"sonycenter.md","url":"https:\/\/sonycenter.md\/ro\/","logo":{"@type":"ImageObject","inLanguage":"ro-RO","@id":"https:\/\/sonycenter.md\/ro\/#\/schema\/logo\/image\/","url":"","contentUrl":"","caption":"sonycenter.md"},"image":{"@id":"https:\/\/sonycenter.md\/ro\/#\/schema\/logo\/image\/"}}]}},"_links":{"self":[{"href":"https:\/\/sonycenter.md\/ro\/wp-json\/wp\/v2\/product\/23218","targetHints":{"allow":["GET"]}}],"collection":[{"href":"https:\/\/sonycenter.md\/ro\/wp-json\/wp\/v2\/product"}],"about":[{"href":"https:\/\/sonycenter.md\/ro\/wp-json\/wp\/v2\/types\/product"}],"replies":[{"embeddable":true,"href":"https:\/\/sonycenter.md\/ro\/wp-json\/wp\/v2\/comments?post=23218"}],"wp:featuredmedia":[{"embeddable":true,"href":"https:\/\/sonycenter.md\/ro\/wp-json\/wp\/v2\/media\/23203"}],"wp:attachment":[{"href":"https:\/\/sonycenter.md\/ro\/wp-json\/wp\/v2\/media?parent=23218"}],"wp:term":[{"taxonomy":"product_brand","embeddable":true,"href":"https:\/\/sonycenter.md\/ro\/wp-json\/wp\/v2\/product_brand?post=23218"},{"taxonomy":"product_cat","embeddable":true,"href":"https:\/\/sonycenter.md\/ro\/wp-json\/wp\/v2\/product_cat?post=23218"},{"taxonomy":"product_tag","embeddable":true,"href":"https:\/\/sonycenter.md\/ro\/wp-json\/wp\/v2\/product_tag?post=23218"}],"curies":[{"name":"wp","href":"https:\/\/api.w.org\/{rel}","templated":true}]}}