{"id":23309,"date":"2021-08-17T16:51:53","date_gmt":"2021-08-17T13:51:53","guid":{"rendered":"https:\/\/sonycenter.md\/?post_type=product&#038;p=23309"},"modified":"2026-04-08T16:32:26","modified_gmt":"2026-04-08T13:32:26","slug":"sasw5","status":"publish","type":"product","link":"https:\/\/sonycenter.md\/ro\/magazin\/sasw5\/","title":{"rendered":"SASW5"},"content":{"rendered":"<p><span style=\"color: #000000;\">Specifica\u021bii generale pentru subwoofer wireless SONY SA-SW5 :<\/span><\/p>\n<table>\n<tbody>\n<tr>\n<td width=\"188\"><span style=\"color: #000000;\"><strong>Dimensiune \u015fi greutate<\/strong><\/span><\/td>\n<td width=\"188\"><\/td>\n<td width=\"188\"><\/td>\n<\/tr>\n<tr>\n<td><\/td>\n<td><span style=\"color: #000000;\"><strong>DIMENSIUNI SUBWOOFER (L\u0102\u0162IME X \u00ceN\u0102L\u0162IME X AD\u00c2NCIME)\u00a0<\/strong><\/span><\/td>\n<td><span style=\"color: #000000;\">277 X 409 X 422 mm<\/span><\/td>\n<\/tr>\n<tr>\n<td><\/td>\n<td><span style=\"color: #000000;\"><strong>GREUTATE SUBWOOFER\u00a0<\/strong><\/span><\/td>\n<td><span style=\"color: #000000;\">13 kg<\/span><\/td>\n<\/tr>\n<tr>\n<td><span style=\"color: #000000;\"><strong>Amplificator<\/strong><\/span><\/td>\n<td><span style=\"color: #000000;\"><strong>\u00a0<\/strong><\/span><\/td>\n<td><\/td>\n<\/tr>\n<tr>\n<td><\/td>\n<td><span style=\"color: #000000;\"><strong>TIP AMPLIFICATOR<\/strong><\/span><\/td>\n<td><span style=\"color: #000000;\">Amplificator digital, S-Master<\/span><\/td>\n<\/tr>\n<tr>\n<td><\/td>\n<td><span style=\"color: #000000;\"><strong>CANALE AMPLIFICATOR<\/strong><\/span><\/td>\n<td><span style=\"color: #000000;\">1 canal<\/span><\/td>\n<\/tr>\n<tr>\n<td><\/td>\n<td><span style=\"color: #000000;\"><strong>PUTERE DE IE\u015eIRE (TOTAL\u0102)<\/strong><\/span><\/td>\n<td><span style=\"color: #000000;\">300 W<\/span><\/td>\n<\/tr>\n<tr>\n<td><span style=\"color: #000000;\"><strong>Subwoofer<\/strong><\/span><\/td>\n<td><span style=\"color: #000000;\"><strong>\u00a0<\/strong><\/span><\/td>\n<td><\/td>\n<\/tr>\n<tr>\n<td><\/td>\n<td><span style=\"color: #000000;\"><strong>TIP SUBWOOFER<\/strong><\/span><\/td>\n<td><span style=\"color: #000000;\">Wireless<\/span><\/td>\n<\/tr>\n<tr>\n<td><span style=\"color: #000000;\"><strong>Detalii<\/strong><\/span><\/td>\n<td><\/td>\n<td><\/td>\n<\/tr>\n<tr>\n<td><\/td>\n<td><span style=\"color: #000000;\"><strong>CONSUM DE ENERGIE<\/strong><\/span><\/td>\n<td><span style=\"color: #000000;\">43 W<\/span><\/td>\n<\/tr>\n<\/tbody>\n<\/table>\n","protected":false},"excerpt":{"rendered":"<ul>\n<li><span style=\"color: #000000;\">Subwoofer f\u0103r\u0103 fir SONY<\/span><\/li>\n<li><span style=\"color: #000000;\">Putere total\u0103 : 300w<\/span><\/li>\n<li><span style=\"color: #000000;\">Diametru difuzor : 180 mm<\/span><\/li>\n<li><span style=\"color: #000000;\">Tip de conectivitate : Wireless<\/span><\/li>\n<li><span style=\"color: #000000;\">Mod de func\u021bionare: alimentat de la re\u021bea<\/span><\/li>\n<li><span style=\"color: #000000;\">Compatibilitate : Bare de sunet HTA \/ Bravia Theatre<\/span><\/li>\n<li><span style=\"color: #000000;\">Compatibilitate : Home cinema HTA9 \/ HTA9M2<\/span><\/li>\n<li><span style=\"color: #000000;\">Garan\u021bie 2 ani<\/span><\/li>\n<\/ul>\n","protected":false},"featured_media":23249,"comment_status":"open","ping_status":"closed","template":"","meta":[],"product_brand":[],"product_cat":[778,820],"product_tag":[],"class_list":{"0":"post-23309","1":"product","2":"type-product","3":"status-publish","4":"has-post-thumbnail","6":"product_cat-bare-de-sunet","7":"product_cat-subwoofer-wireless","9":"first","10":"instock","11":"sale","12":"shipping-taxable","13":"purchasable","14":"product-type-simple"},"yoast_head":"<!-- This site is optimized with the Yoast SEO plugin v27.4 - https:\/\/yoast.com\/product\/yoast-seo-wordpress\/ -->\n<title>Subwoofer wireless SONY | SA-SW5 | 300W<\/title>\n<meta name=\"description\" content=\"Subwoofer wireless SONY SA-SW5 \u00een Chi\u0219in\u0103u | Putere total\u0103 300W | Diametru difuzor : 180mm | Garan\u021bie de firm\u0103 2 ani\" \/>\n<meta name=\"robots\" content=\"index, follow, max-snippet:-1, max-image-preview:large, max-video-preview:-1\" \/>\n<link rel=\"canonical\" href=\"https:\/\/sonycenter.md\/ro\/magazin\/sasw5\/\" \/>\n<meta property=\"og:locale\" content=\"ro_RO\" \/>\n<meta property=\"og:type\" content=\"article\" \/>\n<meta property=\"og:title\" content=\"Subwoofer wireless SONY | SA-SW5 | 300W\" \/>\n<meta property=\"og:description\" content=\"Subwoofer wireless SONY SA-SW5 \u00een Chi\u0219in\u0103u | Putere total\u0103 300W | Diametru difuzor : 180mm | Garan\u021bie de firm\u0103 2 ani\" \/>\n<meta property=\"og:url\" content=\"https:\/\/sonycenter.md\/ro\/magazin\/sasw5\/\" \/>\n<meta property=\"og:site_name\" content=\"SONY\" \/>\n<meta property=\"article:modified_time\" content=\"2026-04-08T13:32:26+00:00\" \/>\n<meta property=\"og:image\" content=\"https:\/\/sonycenter.md\/wp-content\/uploads\/2021\/08\/SA-SW5-3.jpg\" \/>\n\t<meta property=\"og:image:width\" content=\"600\" \/>\n\t<meta property=\"og:image:height\" content=\"600\" \/>\n\t<meta property=\"og:image:type\" content=\"image\/jpeg\" \/>\n<meta name=\"twitter:card\" content=\"summary_large_image\" \/>\n<meta name=\"twitter:label1\" content=\"Est. reading time\" \/>\n\t<meta name=\"twitter:data1\" content=\"1 minute\" \/>\n<script type=\"application\/ld+json\" class=\"yoast-schema-graph\">{\"@context\":\"https:\\\/\\\/schema.org\",\"@graph\":[{\"@type\":[\"WebPage\",\"ItemPage\"],\"@id\":\"https:\\\/\\\/sonycenter.md\\\/ro\\\/magazin\\\/sasw5\\\/\",\"url\":\"https:\\\/\\\/sonycenter.md\\\/ro\\\/magazin\\\/sasw5\\\/\",\"name\":\"Subwoofer wireless SONY | SA-SW5 | 300W\",\"isPartOf\":{\"@id\":\"http:\\\/\\\/sonycenter.md\\\/ro\\\/#website\"},\"primaryImageOfPage\":{\"@id\":\"https:\\\/\\\/sonycenter.md\\\/ro\\\/magazin\\\/sasw5\\\/#primaryimage\"},\"image\":{\"@id\":\"https:\\\/\\\/sonycenter.md\\\/ro\\\/magazin\\\/sasw5\\\/#primaryimage\"},\"thumbnailUrl\":\"https:\\\/\\\/sonycenter.md\\\/wp-content\\\/uploads\\\/2021\\\/08\\\/SA-SW5-3.jpg\",\"datePublished\":\"2021-08-17T13:51:53+00:00\",\"dateModified\":\"2026-04-08T13:32:26+00:00\",\"description\":\"Subwoofer wireless SONY SA-SW5 \u00een Chi\u0219in\u0103u | Putere total\u0103 300W | Diametru difuzor : 180mm | Garan\u021bie de firm\u0103 2 ani\",\"breadcrumb\":{\"@id\":\"https:\\\/\\\/sonycenter.md\\\/ro\\\/magazin\\\/sasw5\\\/#breadcrumb\"},\"inLanguage\":\"ro-RO\",\"potentialAction\":[{\"@type\":\"ReadAction\",\"target\":[\"https:\\\/\\\/sonycenter.md\\\/ro\\\/magazin\\\/sasw5\\\/\"]}]},{\"@type\":\"ImageObject\",\"inLanguage\":\"ro-RO\",\"@id\":\"https:\\\/\\\/sonycenter.md\\\/ro\\\/magazin\\\/sasw5\\\/#primaryimage\",\"url\":\"https:\\\/\\\/sonycenter.md\\\/wp-content\\\/uploads\\\/2021\\\/08\\\/SA-SW5-3.jpg\",\"contentUrl\":\"https:\\\/\\\/sonycenter.md\\\/wp-content\\\/uploads\\\/2021\\\/08\\\/SA-SW5-3.jpg\",\"width\":600,\"height\":600,\"caption\":\"SASW5\"},{\"@type\":\"BreadcrumbList\",\"@id\":\"https:\\\/\\\/sonycenter.md\\\/ro\\\/magazin\\\/sasw5\\\/#breadcrumb\",\"itemListElement\":[{\"@type\":\"ListItem\",\"position\":1,\"name\":\"\u0413\u043b\u0430\u0432\u043d\u0430\u044f \u0441\u0442\u0440\u0430\u043d\u0438\u0446\u0430\",\"item\":\"https:\\\/\\\/sonycenter.md\\\/ro\\\/\"},{\"@type\":\"ListItem\",\"position\":2,\"name\":\"Magazin\",\"item\":\"https:\\\/\\\/sonycenter.md\\\/shop\\\/\"},{\"@type\":\"ListItem\",\"position\":3,\"name\":\"SASW5\"}]},{\"@type\":\"WebSite\",\"@id\":\"http:\\\/\\\/sonycenter.md\\\/ro\\\/#website\",\"url\":\"http:\\\/\\\/sonycenter.md\\\/ro\\\/\",\"name\":\"sonycenter.md\",\"description\":\"SONYCENTER \u00een Chi\u0219in\u0103u\",\"publisher\":{\"@id\":\"http:\\\/\\\/sonycenter.md\\\/ro\\\/#organization\"},\"potentialAction\":[{\"@type\":\"SearchAction\",\"target\":{\"@type\":\"EntryPoint\",\"urlTemplate\":\"http:\\\/\\\/sonycenter.md\\\/ro\\\/?s={search_term_string}\"},\"query-input\":{\"@type\":\"PropertyValueSpecification\",\"valueRequired\":true,\"valueName\":\"search_term_string\"}}],\"inLanguage\":\"ro-RO\"},{\"@type\":\"Organization\",\"@id\":\"http:\\\/\\\/sonycenter.md\\\/ro\\\/#organization\",\"name\":\"sonycenter.md\",\"url\":\"http:\\\/\\\/sonycenter.md\\\/ro\\\/\",\"logo\":{\"@type\":\"ImageObject\",\"inLanguage\":\"ro-RO\",\"@id\":\"http:\\\/\\\/sonycenter.md\\\/ro\\\/#\\\/schema\\\/logo\\\/image\\\/\",\"url\":\"\",\"contentUrl\":\"\",\"caption\":\"sonycenter.md\"},\"image\":{\"@id\":\"http:\\\/\\\/sonycenter.md\\\/ro\\\/#\\\/schema\\\/logo\\\/image\\\/\"}}]}<\/script>\n<!-- \/ Yoast SEO plugin. -->","yoast_head_json":{"title":"Subwoofer wireless SONY | SA-SW5 | 300W","description":"Subwoofer wireless SONY SA-SW5 \u00een Chi\u0219in\u0103u | Putere total\u0103 300W | Diametru difuzor : 180mm | Garan\u021bie de firm\u0103 2 ani","robots":{"index":"index","follow":"follow","max-snippet":"max-snippet:-1","max-image-preview":"max-image-preview:large","max-video-preview":"max-video-preview:-1"},"canonical":"https:\/\/sonycenter.md\/ro\/magazin\/sasw5\/","og_locale":"ro_RO","og_type":"article","og_title":"Subwoofer wireless SONY | SA-SW5 | 300W","og_description":"Subwoofer wireless SONY SA-SW5 \u00een Chi\u0219in\u0103u | Putere total\u0103 300W | Diametru difuzor : 180mm | Garan\u021bie de firm\u0103 2 ani","og_url":"https:\/\/sonycenter.md\/ro\/magazin\/sasw5\/","og_site_name":"SONY","article_modified_time":"2026-04-08T13:32:26+00:00","og_image":[{"width":600,"height":600,"url":"https:\/\/sonycenter.md\/wp-content\/uploads\/2021\/08\/SA-SW5-3.jpg","type":"image\/jpeg"}],"twitter_card":"summary_large_image","twitter_misc":{"Est. reading time":"1 minute"},"schema":{"@context":"https:\/\/schema.org","@graph":[{"@type":["WebPage","ItemPage"],"@id":"https:\/\/sonycenter.md\/ro\/magazin\/sasw5\/","url":"https:\/\/sonycenter.md\/ro\/magazin\/sasw5\/","name":"Subwoofer wireless SONY | SA-SW5 | 300W","isPartOf":{"@id":"https:\/\/sonycenter.md\/ro\/#website"},"primaryImageOfPage":{"@id":"https:\/\/sonycenter.md\/ro\/magazin\/sasw5\/#primaryimage"},"image":{"@id":"https:\/\/sonycenter.md\/ro\/magazin\/sasw5\/#primaryimage"},"thumbnailUrl":"https:\/\/sonycenter.md\/wp-content\/uploads\/2021\/08\/SA-SW5-3.jpg","datePublished":"2021-08-17T13:51:53+00:00","dateModified":"2026-04-08T13:32:26+00:00","description":"Subwoofer wireless SONY SA-SW5 \u00een Chi\u0219in\u0103u | Putere total\u0103 300W | Diametru difuzor : 180mm | Garan\u021bie de firm\u0103 2 ani","breadcrumb":{"@id":"https:\/\/sonycenter.md\/ro\/magazin\/sasw5\/#breadcrumb"},"inLanguage":"ro-RO","potentialAction":[{"@type":"ReadAction","target":["https:\/\/sonycenter.md\/ro\/magazin\/sasw5\/"]}]},{"@type":"ImageObject","inLanguage":"ro-RO","@id":"https:\/\/sonycenter.md\/ro\/magazin\/sasw5\/#primaryimage","url":"https:\/\/sonycenter.md\/wp-content\/uploads\/2021\/08\/SA-SW5-3.jpg","contentUrl":"https:\/\/sonycenter.md\/wp-content\/uploads\/2021\/08\/SA-SW5-3.jpg","width":600,"height":600,"caption":"SASW5"},{"@type":"BreadcrumbList","@id":"https:\/\/sonycenter.md\/ro\/magazin\/sasw5\/#breadcrumb","itemListElement":[{"@type":"ListItem","position":1,"name":"\u0413\u043b\u0430\u0432\u043d\u0430\u044f \u0441\u0442\u0440\u0430\u043d\u0438\u0446\u0430","item":"https:\/\/sonycenter.md\/ro\/"},{"@type":"ListItem","position":2,"name":"Magazin","item":"https:\/\/sonycenter.md\/shop\/"},{"@type":"ListItem","position":3,"name":"SASW5"}]},{"@type":"WebSite","@id":"https:\/\/sonycenter.md\/ro\/#website","url":"https:\/\/sonycenter.md\/ro\/","name":"sonycenter.md","description":"SONYCENTER \u00een Chi\u0219in\u0103u","publisher":{"@id":"https:\/\/sonycenter.md\/ro\/#organization"},"potentialAction":[{"@type":"SearchAction","target":{"@type":"EntryPoint","urlTemplate":"https:\/\/sonycenter.md\/ro\/?s={search_term_string}"},"query-input":{"@type":"PropertyValueSpecification","valueRequired":true,"valueName":"search_term_string"}}],"inLanguage":"ro-RO"},{"@type":"Organization","@id":"https:\/\/sonycenter.md\/ro\/#organization","name":"sonycenter.md","url":"https:\/\/sonycenter.md\/ro\/","logo":{"@type":"ImageObject","inLanguage":"ro-RO","@id":"https:\/\/sonycenter.md\/ro\/#\/schema\/logo\/image\/","url":"","contentUrl":"","caption":"sonycenter.md"},"image":{"@id":"https:\/\/sonycenter.md\/ro\/#\/schema\/logo\/image\/"}}]}},"_links":{"self":[{"href":"https:\/\/sonycenter.md\/ro\/wp-json\/wp\/v2\/product\/23309","targetHints":{"allow":["GET"]}}],"collection":[{"href":"https:\/\/sonycenter.md\/ro\/wp-json\/wp\/v2\/product"}],"about":[{"href":"https:\/\/sonycenter.md\/ro\/wp-json\/wp\/v2\/types\/product"}],"replies":[{"embeddable":true,"href":"https:\/\/sonycenter.md\/ro\/wp-json\/wp\/v2\/comments?post=23309"}],"wp:featuredmedia":[{"embeddable":true,"href":"https:\/\/sonycenter.md\/ro\/wp-json\/wp\/v2\/media\/23249"}],"wp:attachment":[{"href":"https:\/\/sonycenter.md\/ro\/wp-json\/wp\/v2\/media?parent=23309"}],"wp:term":[{"taxonomy":"product_brand","embeddable":true,"href":"https:\/\/sonycenter.md\/ro\/wp-json\/wp\/v2\/product_brand?post=23309"},{"taxonomy":"product_cat","embeddable":true,"href":"https:\/\/sonycenter.md\/ro\/wp-json\/wp\/v2\/product_cat?post=23309"},{"taxonomy":"product_tag","embeddable":true,"href":"https:\/\/sonycenter.md\/ro\/wp-json\/wp\/v2\/product_tag?post=23309"}],"curies":[{"name":"wp","href":"https:\/\/api.w.org\/{rel}","templated":true}]}}