{"id":23459,"date":"2021-10-15T15:50:09","date_gmt":"2021-10-15T12:50:09","guid":{"rendered":"https:\/\/sonycenter.md\/?post_type=product&#038;p=23459"},"modified":"2026-03-11T10:56:13","modified_gmt":"2026-03-11T08:56:13","slug":"wfc510","status":"publish","type":"product","link":"https:\/\/sonycenter.md\/ro\/magazin\/wfc510\/","title":{"rendered":"WFC510"},"content":{"rendered":"<p><span style=\"color: #000000;\">Specificatii complete pentru <span style=\"color: #0000ff;\"><a style=\"color: #0000ff;\" href=\"https:\/\/sonycenter.md\/ro\/category\/casti\/casti-wireless\/\">casti wireless<\/a><\/span> SONY WFC510:<\/span><\/p>\n<table>\n<tbody>\n<tr>\n<td style=\"text-align: center;\" colspan=\"2\" width=\"389\"><span style=\"color: #000000;\"><strong>Dimensiuni \u0219i greutate<\/strong><\/span><\/td>\n<\/tr>\n<tr>\n<td><span style=\"color: #000000;\"><strong>Greutate<\/strong><\/span><\/td>\n<td><span style=\"color: #000000;\">Aprox. 4,6 g x 2 (inclusiv v\u00e2rfurile elementelor intraauriculare M)<\/span><\/td>\n<\/tr>\n<tr>\n<td style=\"text-align: center;\" colspan=\"2\"><span style=\"color: #000000;\"><strong>Caracteristici generale<\/strong><\/span><\/td>\n<\/tr>\n<tr>\n<td><span style=\"color: #000000;\"><strong>Tip c\u0103\u0219ti<\/strong><\/span><\/td>\n<td><span style=\"color: #000000;\">\u00cenchis<\/span><\/td>\n<\/tr>\n<tr>\n<td><span style=\"color: #000000;\"><strong>Difuzor<\/strong><\/span><\/td>\n<td><span style=\"color: #000000;\">6 mm<\/span><\/td>\n<\/tr>\n<tr>\n<td><span style=\"color: #000000;\"><strong>R\u0103spuns \u00een frecven\u021b\u0103 (comunica\u021bii Bluetooth\u00ae)<\/strong><\/span><\/td>\n<td><span style=\"color: #000000;\">20 Hz &#8211; 20.000 Hz (e\u0219antionare de 44,1 kHz)<\/span><\/td>\n<\/tr>\n<tr>\n<td><span style=\"color: #000000;\"><strong>Control volum<\/strong><\/span><\/td>\n<td><span style=\"color: #000000;\">Da<\/span><\/td>\n<\/tr>\n<tr>\n<td><span style=\"color: #000000;\"><strong>Rezisten\u021b\u0103 la ap\u0103<\/strong><\/span><\/td>\n<td><span style=\"color: #000000;\">Da (IPX4)<\/span><\/td>\n<\/tr>\n<tr>\n<td><span style=\"color: #000000;\"><strong>NFC<\/strong><\/span><\/td>\n<td><span style=\"color: #000000;\">Da<\/span><\/td>\n<\/tr>\n<tr>\n<td><span style=\"color: #000000;\"><strong>DSEE<\/strong><\/span><\/td>\n<td><span style=\"color: #000000;\">Da<\/span><\/td>\n<\/tr>\n<tr>\n<td><span style=\"color: #000000;\"><strong>Mod de sunet ambiental<\/strong><\/span><\/td>\n<td><span style=\"color: #000000;\">Da<\/span><\/td>\n<\/tr>\n<tr>\n<td style=\"text-align: center;\" colspan=\"2\"><span style=\"color: #000000;\"><strong>Baterie<\/strong><\/span><\/td>\n<\/tr>\n<tr>\n<td><span style=\"color: #000000;\"><strong>Durat\u0103 de \u00eenc\u0103rcare baterie<\/strong><\/span><\/td>\n<td><span style=\"color: #000000;\">Aprox. 1,5 ore<\/span><\/td>\n<\/tr>\n<tr>\n<td><span style=\"color: #000000;\"><strong>Metod\u0103 de \u00eenc\u0103rcare baterie<\/strong><\/span><\/td>\n<td><span style=\"color: #000000;\">\u00cenc\u0103rcare prin USB (cu carcas\u0103)<\/span><\/td>\n<\/tr>\n<tr>\n<td><span style=\"color: #000000;\"><strong>Autonomie baterie (durat\u0103 redare continu\u0103 muzic\u0103)<\/strong><\/span><\/td>\n<td><span style=\"color: #000000;\">Max. 8 ore (ASM activat)\/Max. 11 ore (ASM dezactivat)<\/span><\/td>\n<\/tr>\n<tr>\n<td><span style=\"color: #000000;\"><strong>Autonomia bateriei (durat\u0103 comunicare continu\u0103)<\/strong><\/span><\/td>\n<td><span style=\"color: #000000;\">Max. 5 ore (ASM activat)\/Max. 5 ore (ASM dezactivat)<\/span><\/td>\n<\/tr>\n<tr>\n<td style=\"text-align: center;\" colspan=\"2\"><span style=\"color: #000000;\"><strong>Specifica\u0163ie Bluetooth\u00ae<\/strong><\/span><\/td>\n<\/tr>\n<tr>\n<td><span style=\"color: #000000;\"><strong>Versiune Bluetooth\u00ae<\/strong><\/span><\/td>\n<td><span style=\"color: #000000;\">Specifica\u021bie Bluetooth versiunea 5.3<\/span><\/td>\n<\/tr>\n<tr>\n<td><span style=\"color: #000000;\"><strong>Raz\u0103 de ac\u021biune efectiv\u0103<\/strong><\/span><\/td>\n<td><span style=\"color: #000000;\">10 m<\/span><\/td>\n<\/tr>\n<tr>\n<td><span style=\"color: #000000;\"><strong>Gam\u0103 de frecven\u021be<\/strong><\/span><\/td>\n<td><span style=\"color: #000000;\">Band\u0103 de 2,4 GHz (2.400 0\u20132.483 5 GHz)<\/span><\/td>\n<\/tr>\n<tr>\n<td><span style=\"color: #000000;\"><strong>Profil<\/strong><\/span><\/td>\n<td><span style=\"color: #000000;\">A2DP, AVRCP, HFP, HSP<\/span><\/td>\n<\/tr>\n<tr>\n<td><span style=\"color: #000000;\"><strong>Format(e) audio acceptat(e)<\/strong><\/span><\/td>\n<td><span style=\"color: #000000;\">SBC, AAC<\/span><\/td>\n<\/tr>\n<tr>\n<td><span style=\"color: #000000;\"><strong>Protec\u021bie con\u021binut acceptat\u0103<\/strong><\/span><\/td>\n<td><span style=\"color: #000000;\">SCMS-T<\/span><\/td>\n<\/tr>\n<tr>\n<td style=\"text-align: center;\" colspan=\"2\"><span style=\"color: #000000;\"><strong>Carcas\u0103 cu func\u021bie de \u00eenc\u0103rcare<\/strong><\/span><\/td>\n<\/tr>\n<tr>\n<td><span style=\"color: #000000;\"><strong>Greutate<\/strong><\/span><\/td>\n<td><span style=\"color: #000000;\">Aprox. 31 g<\/span><\/td>\n<\/tr>\n<tr>\n<td><span style=\"color: #000000;\"><strong>Durat\u0103 de \u00eenc\u0103rcare baterie<\/strong><\/span><\/td>\n<td><span style=\"color: #000000;\">Aprox. 3 ore (\u00eenc\u0103rcare USB)<\/span><\/td>\n<\/tr>\n<\/tbody>\n<\/table>\n","protected":false},"excerpt":{"rendered":"<ul>\n<li><span style=\"color: #000000;\">C\u0103\u0219ti intraauriculare f\u0103r\u0103 fir SONY WFC510<\/span><\/li>\n<li><span style=\"color: #000000;\">Autonomie: 11 ore c\u0103\u0219ti + 11 ore din hus\u0103<\/span><\/li>\n<li><span style=\"color: #000000;\">Rezistente la apa :IPX4<\/span><\/li>\n<li><span style=\"color: #000000;\">Microfoane \u00eencorporate pentru conversa\u021bii<\/span><\/li>\n<li><span style=\"color: #000000;\">Func\u021bionare cu o singur\u0103 casc\u0103: Da<\/span><\/li>\n<li><span style=\"color: #000000;\">Func\u021bie de mod transparent (amplificare a sunetelor externe)<\/span><\/li>\n<li><span style=\"color: #000000;\">Butoane fizice pentru controlul red\u0103rii<\/span><\/li>\n<li><span style=\"color: #000000;\">Difuzor : 6,0 mm<\/span><\/li>\n<li><span style=\"color: #000000;\">Bluetooth : Versiune 5.3<strong><br \/>\n<\/strong><\/span><\/li>\n<li><span style=\"color: #000000;\">Greutate : 4,6 g x 2<\/span><\/li>\n<\/ul>\n","protected":false},"featured_media":29856,"comment_status":"open","ping_status":"closed","template":"","meta":[],"product_brand":[],"product_cat":[629],"product_tag":[],"class_list":{"0":"post-23459","1":"product","2":"type-product","3":"status-publish","4":"has-post-thumbnail","6":"product_cat-casti-wireless","7":"pa_color-white-ro","8":"pa_color-yellow-ro","9":"pa_color-black-ro","10":"pa_color-blue-ro","12":"first","13":"instock","14":"shipping-taxable","15":"purchasable","16":"product-type-variable"},"yoast_head":"<!-- This site is optimized with the Yoast SEO plugin v27.4 - https:\/\/yoast.com\/product\/yoast-seo-wordpress\/ -->\n<title>SONY WFC510 | Casti wireless SONY in Chisinau<\/title>\n<meta name=\"description\" content=\"Cumpara casti wireless SONY WFC510 cu Bluetooth 5.3 in Chisinau | Comanda online casti fara fir SONY cu livrare in Moldova\" \/>\n<meta name=\"robots\" content=\"index, follow, max-snippet:-1, max-image-preview:large, max-video-preview:-1\" \/>\n<link rel=\"canonical\" href=\"https:\/\/sonycenter.md\/ro\/magazin\/wfc510\/\" \/>\n<meta property=\"og:locale\" content=\"ro_RO\" \/>\n<meta property=\"og:type\" content=\"article\" \/>\n<meta property=\"og:title\" content=\"SONY WFC510 | Casti wireless SONY in Chisinau\" \/>\n<meta property=\"og:description\" content=\"Cumpara casti wireless SONY WFC510 cu Bluetooth 5.3 in Chisinau | Comanda online casti fara fir SONY cu livrare in Moldova\" \/>\n<meta property=\"og:url\" content=\"https:\/\/sonycenter.md\/ro\/magazin\/wfc510\/\" \/>\n<meta property=\"og:site_name\" content=\"SONY\" \/>\n<meta property=\"article:modified_time\" content=\"2026-03-11T08:56:13+00:00\" \/>\n<meta property=\"og:image\" content=\"https:\/\/sonycenter.md\/wp-content\/uploads\/2021\/10\/wfc-510-multicolor-1.jpg\" \/>\n\t<meta property=\"og:image:width\" content=\"600\" \/>\n\t<meta property=\"og:image:height\" content=\"600\" \/>\n\t<meta property=\"og:image:type\" content=\"image\/jpeg\" \/>\n<meta name=\"twitter:card\" content=\"summary_large_image\" \/>\n<meta name=\"twitter:label1\" content=\"Est. reading time\" \/>\n\t<meta name=\"twitter:data1\" content=\"2 minutes\" \/>\n<script type=\"application\/ld+json\" class=\"yoast-schema-graph\">{\"@context\":\"https:\\\/\\\/schema.org\",\"@graph\":[{\"@type\":[\"WebPage\",\"ItemPage\"],\"@id\":\"https:\\\/\\\/sonycenter.md\\\/ro\\\/magazin\\\/wfc510\\\/\",\"url\":\"https:\\\/\\\/sonycenter.md\\\/ro\\\/magazin\\\/wfc510\\\/\",\"name\":\"SONY WFC510 | Casti wireless SONY in Chisinau\",\"isPartOf\":{\"@id\":\"http:\\\/\\\/sonycenter.md\\\/ro\\\/#website\"},\"primaryImageOfPage\":{\"@id\":\"https:\\\/\\\/sonycenter.md\\\/ro\\\/magazin\\\/wfc510\\\/#primaryimage\"},\"image\":{\"@id\":\"https:\\\/\\\/sonycenter.md\\\/ro\\\/magazin\\\/wfc510\\\/#primaryimage\"},\"thumbnailUrl\":\"https:\\\/\\\/sonycenter.md\\\/wp-content\\\/uploads\\\/2021\\\/10\\\/wfc-510-multicolor-1.jpg\",\"datePublished\":\"2021-10-15T12:50:09+00:00\",\"dateModified\":\"2026-03-11T08:56:13+00:00\",\"description\":\"Cumpara casti wireless SONY WFC510 cu Bluetooth 5.3 in Chisinau | Comanda online casti fara fir SONY cu livrare in Moldova\",\"breadcrumb\":{\"@id\":\"https:\\\/\\\/sonycenter.md\\\/ro\\\/magazin\\\/wfc510\\\/#breadcrumb\"},\"inLanguage\":\"ro-RO\",\"potentialAction\":[{\"@type\":\"ReadAction\",\"target\":[\"https:\\\/\\\/sonycenter.md\\\/ro\\\/magazin\\\/wfc510\\\/\"]}]},{\"@type\":\"ImageObject\",\"inLanguage\":\"ro-RO\",\"@id\":\"https:\\\/\\\/sonycenter.md\\\/ro\\\/magazin\\\/wfc510\\\/#primaryimage\",\"url\":\"https:\\\/\\\/sonycenter.md\\\/wp-content\\\/uploads\\\/2021\\\/10\\\/wfc-510-multicolor-1.jpg\",\"contentUrl\":\"https:\\\/\\\/sonycenter.md\\\/wp-content\\\/uploads\\\/2021\\\/10\\\/wfc-510-multicolor-1.jpg\",\"width\":600,\"height\":600,\"caption\":\"WFC510\"},{\"@type\":\"BreadcrumbList\",\"@id\":\"https:\\\/\\\/sonycenter.md\\\/ro\\\/magazin\\\/wfc510\\\/#breadcrumb\",\"itemListElement\":[{\"@type\":\"ListItem\",\"position\":1,\"name\":\"\u0413\u043b\u0430\u0432\u043d\u0430\u044f \u0441\u0442\u0440\u0430\u043d\u0438\u0446\u0430\",\"item\":\"https:\\\/\\\/sonycenter.md\\\/ro\\\/\"},{\"@type\":\"ListItem\",\"position\":2,\"name\":\"Magazin\",\"item\":\"https:\\\/\\\/sonycenter.md\\\/shop\\\/\"},{\"@type\":\"ListItem\",\"position\":3,\"name\":\"WFC510\"}]},{\"@type\":\"WebSite\",\"@id\":\"http:\\\/\\\/sonycenter.md\\\/ro\\\/#website\",\"url\":\"http:\\\/\\\/sonycenter.md\\\/ro\\\/\",\"name\":\"sonycenter.md\",\"description\":\"SONYCENTER \u00een Chi\u0219in\u0103u\",\"publisher\":{\"@id\":\"http:\\\/\\\/sonycenter.md\\\/ro\\\/#organization\"},\"potentialAction\":[{\"@type\":\"SearchAction\",\"target\":{\"@type\":\"EntryPoint\",\"urlTemplate\":\"http:\\\/\\\/sonycenter.md\\\/ro\\\/?s={search_term_string}\"},\"query-input\":{\"@type\":\"PropertyValueSpecification\",\"valueRequired\":true,\"valueName\":\"search_term_string\"}}],\"inLanguage\":\"ro-RO\"},{\"@type\":\"Organization\",\"@id\":\"http:\\\/\\\/sonycenter.md\\\/ro\\\/#organization\",\"name\":\"sonycenter.md\",\"url\":\"http:\\\/\\\/sonycenter.md\\\/ro\\\/\",\"logo\":{\"@type\":\"ImageObject\",\"inLanguage\":\"ro-RO\",\"@id\":\"http:\\\/\\\/sonycenter.md\\\/ro\\\/#\\\/schema\\\/logo\\\/image\\\/\",\"url\":\"\",\"contentUrl\":\"\",\"caption\":\"sonycenter.md\"},\"image\":{\"@id\":\"http:\\\/\\\/sonycenter.md\\\/ro\\\/#\\\/schema\\\/logo\\\/image\\\/\"}}]}<\/script>\n<!-- \/ Yoast SEO plugin. -->","yoast_head_json":{"title":"SONY WFC510 | Casti wireless SONY in Chisinau","description":"Cumpara casti wireless SONY WFC510 cu Bluetooth 5.3 in Chisinau | Comanda online casti fara fir SONY cu livrare in Moldova","robots":{"index":"index","follow":"follow","max-snippet":"max-snippet:-1","max-image-preview":"max-image-preview:large","max-video-preview":"max-video-preview:-1"},"canonical":"https:\/\/sonycenter.md\/ro\/magazin\/wfc510\/","og_locale":"ro_RO","og_type":"article","og_title":"SONY WFC510 | Casti wireless SONY in Chisinau","og_description":"Cumpara casti wireless SONY WFC510 cu Bluetooth 5.3 in Chisinau | Comanda online casti fara fir SONY cu livrare in Moldova","og_url":"https:\/\/sonycenter.md\/ro\/magazin\/wfc510\/","og_site_name":"SONY","article_modified_time":"2026-03-11T08:56:13+00:00","og_image":[{"width":600,"height":600,"url":"https:\/\/sonycenter.md\/wp-content\/uploads\/2021\/10\/wfc-510-multicolor-1.jpg","type":"image\/jpeg"}],"twitter_card":"summary_large_image","twitter_misc":{"Est. reading time":"2 minutes"},"schema":{"@context":"https:\/\/schema.org","@graph":[{"@type":["WebPage","ItemPage"],"@id":"https:\/\/sonycenter.md\/ro\/magazin\/wfc510\/","url":"https:\/\/sonycenter.md\/ro\/magazin\/wfc510\/","name":"SONY WFC510 | Casti wireless SONY in Chisinau","isPartOf":{"@id":"https:\/\/sonycenter.md\/ro\/#website"},"primaryImageOfPage":{"@id":"https:\/\/sonycenter.md\/ro\/magazin\/wfc510\/#primaryimage"},"image":{"@id":"https:\/\/sonycenter.md\/ro\/magazin\/wfc510\/#primaryimage"},"thumbnailUrl":"https:\/\/sonycenter.md\/wp-content\/uploads\/2021\/10\/wfc-510-multicolor-1.jpg","datePublished":"2021-10-15T12:50:09+00:00","dateModified":"2026-03-11T08:56:13+00:00","description":"Cumpara casti wireless SONY WFC510 cu Bluetooth 5.3 in Chisinau | Comanda online casti fara fir SONY cu livrare in Moldova","breadcrumb":{"@id":"https:\/\/sonycenter.md\/ro\/magazin\/wfc510\/#breadcrumb"},"inLanguage":"ro-RO","potentialAction":[{"@type":"ReadAction","target":["https:\/\/sonycenter.md\/ro\/magazin\/wfc510\/"]}]},{"@type":"ImageObject","inLanguage":"ro-RO","@id":"https:\/\/sonycenter.md\/ro\/magazin\/wfc510\/#primaryimage","url":"https:\/\/sonycenter.md\/wp-content\/uploads\/2021\/10\/wfc-510-multicolor-1.jpg","contentUrl":"https:\/\/sonycenter.md\/wp-content\/uploads\/2021\/10\/wfc-510-multicolor-1.jpg","width":600,"height":600,"caption":"WFC510"},{"@type":"BreadcrumbList","@id":"https:\/\/sonycenter.md\/ro\/magazin\/wfc510\/#breadcrumb","itemListElement":[{"@type":"ListItem","position":1,"name":"\u0413\u043b\u0430\u0432\u043d\u0430\u044f \u0441\u0442\u0440\u0430\u043d\u0438\u0446\u0430","item":"https:\/\/sonycenter.md\/ro\/"},{"@type":"ListItem","position":2,"name":"Magazin","item":"https:\/\/sonycenter.md\/shop\/"},{"@type":"ListItem","position":3,"name":"WFC510"}]},{"@type":"WebSite","@id":"https:\/\/sonycenter.md\/ro\/#website","url":"https:\/\/sonycenter.md\/ro\/","name":"sonycenter.md","description":"SONYCENTER \u00een Chi\u0219in\u0103u","publisher":{"@id":"https:\/\/sonycenter.md\/ro\/#organization"},"potentialAction":[{"@type":"SearchAction","target":{"@type":"EntryPoint","urlTemplate":"https:\/\/sonycenter.md\/ro\/?s={search_term_string}"},"query-input":{"@type":"PropertyValueSpecification","valueRequired":true,"valueName":"search_term_string"}}],"inLanguage":"ro-RO"},{"@type":"Organization","@id":"https:\/\/sonycenter.md\/ro\/#organization","name":"sonycenter.md","url":"https:\/\/sonycenter.md\/ro\/","logo":{"@type":"ImageObject","inLanguage":"ro-RO","@id":"https:\/\/sonycenter.md\/ro\/#\/schema\/logo\/image\/","url":"","contentUrl":"","caption":"sonycenter.md"},"image":{"@id":"https:\/\/sonycenter.md\/ro\/#\/schema\/logo\/image\/"}}]}},"_links":{"self":[{"href":"https:\/\/sonycenter.md\/ro\/wp-json\/wp\/v2\/product\/23459","targetHints":{"allow":["GET"]}}],"collection":[{"href":"https:\/\/sonycenter.md\/ro\/wp-json\/wp\/v2\/product"}],"about":[{"href":"https:\/\/sonycenter.md\/ro\/wp-json\/wp\/v2\/types\/product"}],"replies":[{"embeddable":true,"href":"https:\/\/sonycenter.md\/ro\/wp-json\/wp\/v2\/comments?post=23459"}],"wp:featuredmedia":[{"embeddable":true,"href":"https:\/\/sonycenter.md\/ro\/wp-json\/wp\/v2\/media\/29856"}],"wp:attachment":[{"href":"https:\/\/sonycenter.md\/ro\/wp-json\/wp\/v2\/media?parent=23459"}],"wp:term":[{"taxonomy":"product_brand","embeddable":true,"href":"https:\/\/sonycenter.md\/ro\/wp-json\/wp\/v2\/product_brand?post=23459"},{"taxonomy":"product_cat","embeddable":true,"href":"https:\/\/sonycenter.md\/ro\/wp-json\/wp\/v2\/product_cat?post=23459"},{"taxonomy":"product_tag","embeddable":true,"href":"https:\/\/sonycenter.md\/ro\/wp-json\/wp\/v2\/product_tag?post=23459"}],"curies":[{"name":"wp","href":"https:\/\/api.w.org\/{rel}","templated":true}]}}