{"id":23474,"date":"2021-10-18T14:58:21","date_gmt":"2021-10-18T11:58:21","guid":{"rendered":"https:\/\/sonycenter.md\/?post_type=product&#038;p=23474"},"modified":"2026-01-06T10:51:37","modified_gmt":"2026-01-06T08:51:37","slug":"sel70200gm-kopirovat","status":"publish","type":"product","link":"https:\/\/sonycenter.md\/ro\/magazin\/sel70200gm-kopirovat\/","title":{"rendered":"SEL70200GM2"},"content":{"rendered":"<table>\n<tbody>\n<tr>\n<td width=\"218\"><span style=\"color: #000000;\"><strong>Specifica\u0163ii obiectiv<\/strong><\/span><\/td>\n<td width=\"259\"><\/td>\n<td width=\"250\"><\/td>\n<\/tr>\n<tr>\n<td><span style=\"color: #000000;\"><strong>\u00a0<\/strong><\/span><\/td>\n<td><span style=\"color: #000000;\"><strong>MONTUR\u0102 <\/strong><\/span><\/td>\n<td><span style=\"color: #000000;\">Montur\u0103 E Sony<\/span><\/td>\n<\/tr>\n<tr>\n<td><span style=\"color: #000000;\"><strong>\u00a0<\/strong><\/span><\/td>\n<td><span style=\"color: #000000;\"><strong>FORMAT<\/strong><\/span><\/td>\n<td><span style=\"color: #000000;\">Cadru \u00eentreg de 35 mm<\/span><\/td>\n<\/tr>\n<tr>\n<td><span style=\"color: #000000;\"><strong>\u00a0<\/strong><\/span><\/td>\n<td><span style=\"color: #000000;\"><strong>DISTAN\u021a\u0102 FOCAL\u0102 (MM)<\/strong><\/span><\/td>\n<td><span style=\"color: #000000;\">70-200 mm<\/span><\/td>\n<\/tr>\n<tr>\n<td><span style=\"color: #000000;\"><strong>\u00a0<\/strong><\/span><\/td>\n<td><span style=\"color: #000000;\"><strong>DISTAN\u0162\u0102 FOCAL\u0102 ECHIVALENT\u0102 CU 35 MM (APS-C)<\/strong><\/span><\/td>\n<td><span style=\"color: #000000;\">105-300 mm<\/span><\/td>\n<\/tr>\n<tr>\n<td><span style=\"color: #000000;\"><strong>\u00a0<\/strong><\/span><\/td>\n<td><span style=\"color: #000000;\"><strong>GRUPURI\/ELEMENTE DE OBIECTIV<\/strong><\/span><\/td>\n<td><span style=\"color: #000000;\">14-17<\/span><\/td>\n<\/tr>\n<tr>\n<td><span style=\"color: #000000;\"><strong>\u00a0<\/strong><\/span><\/td>\n<td><span style=\"color: #000000;\"><strong>UNGHI DE VIZUALIZARE (35 MM)<\/strong><\/span><\/td>\n<td><span style=\"color: #000000;\">34\u00b0-12\u00b0 30&#8242;<\/span><\/td>\n<\/tr>\n<tr>\n<td><span style=\"color: #000000;\"><strong>\u00a0<\/strong><\/span><\/td>\n<td><span style=\"color: #000000;\"><strong>UNGHI DE VIZUALIZARE (APS-C)<\/strong><\/span><\/td>\n<td><span style=\"color: #000000;\">23\u00b0-8\u00b0<\/span><\/td>\n<\/tr>\n<tr>\n<td><span style=\"color: #000000;\"><strong>\u00a0<\/strong><\/span><\/td>\n<td><span style=\"color: #000000;\"><strong>DIAFRAGM\u0102 MAXIM\u0102 (F)<\/strong><\/span><\/td>\n<td><span style=\"color: #000000;\">2,8<\/span><\/td>\n<\/tr>\n<tr>\n<td><span style=\"color: #000000;\"><strong>\u00a0<\/strong><\/span><\/td>\n<td><span style=\"color: #000000;\"><strong>DIAFRAGM\u0102 MINIM\u0102 (F)<\/strong><\/span><\/td>\n<td><span style=\"color: #000000;\">22<\/span><\/td>\n<\/tr>\n<tr>\n<td><span style=\"color: #000000;\"><strong>\u00a0<\/strong><\/span><\/td>\n<td><span style=\"color: #000000;\"><strong>DISCURI DIAFRAGM\u0102<\/strong><\/span><\/td>\n<td><span style=\"color: #000000;\">11<\/span><\/td>\n<\/tr>\n<tr>\n<td><span style=\"color: #000000;\"><strong>\u00a0<\/strong><\/span><\/td>\n<td><span style=\"color: #000000;\"><strong>DIAFRAGM\u0102 CIRCULAR\u0102<\/strong><\/span><\/td>\n<td><span style=\"color: #000000;\">Da<\/span><\/td>\n<\/tr>\n<tr>\n<td><span style=\"color: #000000;\"><strong>\u00a0<\/strong><\/span><\/td>\n<td><span style=\"color: #000000;\"><strong>DISTAN\u0162\u0102 MINIM\u0102 DE FOCALIZARE<\/strong><\/span><\/td>\n<td><span style=\"color: #000000;\">0,4-0,82 m (1,32-2,69 ft)<\/span><\/td>\n<\/tr>\n<tr>\n<td><span style=\"color: #000000;\"><strong>\u00a0<\/strong><\/span><\/td>\n<td><span style=\"color: #000000;\"><strong>RAPORT MAXIM AL FACTORULUI DE M\u0102RIRE (X)<\/strong><\/span><\/td>\n<td><span style=\"color: #000000;\">0,25x<\/span><\/td>\n<\/tr>\n<tr>\n<td><span style=\"color: #000000;\"><strong>\u00a0<\/strong><\/span><\/td>\n<td><span style=\"color: #000000;\"><strong>DIAMETRU FILTRU (MM)<\/strong><\/span><\/td>\n<td><span style=\"color: #000000;\">77 mm<\/span><\/td>\n<\/tr>\n<tr>\n<td><span style=\"color: #000000;\"><strong>\u00a0<\/strong><\/span><\/td>\n<td><span style=\"color: #000000;\"><strong>STABILIZARE A IMAGINII (STEADYSHOT\u2122)<\/strong><\/span><\/td>\n<td><span style=\"color: #000000;\">Da<\/span><\/td>\n<\/tr>\n<tr>\n<td><span style=\"color: #000000;\"><strong>\u00a0<\/strong><\/span><\/td>\n<td><span style=\"color: #000000;\"><strong>COMPATIBILITATE TELECONVERTOR (X1,4)<\/strong><\/span><\/td>\n<td><span style=\"color: #000000;\">Da<\/span><\/td>\n<\/tr>\n<tr>\n<td><span style=\"color: #000000;\"><strong>\u00a0<\/strong><\/span><\/td>\n<td><span style=\"color: #000000;\"><strong>COMPATIBILITATE TELECONVERTOR (X2,0)<\/strong><\/span><\/td>\n<td><span style=\"color: #000000;\">Da<\/span><\/td>\n<\/tr>\n<tr>\n<td><span style=\"color: #000000;\"><strong>Dimensiune \u015fi greutate<\/strong><\/span><\/td>\n<td><span style=\"color: #000000;\"><strong>\u00a0<\/strong><\/span><\/td>\n<td><\/td>\n<\/tr>\n<tr>\n<td><span style=\"color: #000000;\"><strong>\u00a0<\/strong><\/span><\/td>\n<td><span style=\"color: #000000;\"><strong>DIMENSIUNI (L X H X A)<\/strong><\/span><\/td>\n<td><span style=\"color: #000000;\">88,0 x 200 mm<\/span><\/td>\n<\/tr>\n<tr>\n<td><span style=\"color: #000000;\"><strong>\u00a0<\/strong><\/span><\/td>\n<td><span style=\"color: #000000;\"><strong>GREUTATE <\/strong><\/span><\/td>\n<td><span style=\"color: #000000;\">1045 g (f\u0103r\u0103 suport pentru trepied)<\/span><\/td>\n<\/tr>\n<\/tbody>\n<\/table>\n","protected":false},"excerpt":{"rendered":"<ul>\n<li><span style=\"color: #000000;\">SONY FE 70-200mm F2.8 GM OSS II<\/span><\/li>\n<li><span style=\"color: #000000;\">Baioneta : SONY E-Mount<\/span><\/li>\n<li><span style=\"color: #000000;\">Format : Full Frame , 35 mm<\/span><\/li>\n<li><span style=\"color: #000000;\">Distan\u021b\u0103 focal\u0103 : f=70-200 mm<\/span><\/li>\n<li><span style=\"color: #000000;\">Valoarea maxim\u0103 a diafragmei : F2.8<\/span><\/li>\n<li><span style=\"color: #000000;\">Valoarea minim\u0103 a diafragmei : F22<\/span><\/li>\n<li><span style=\"color: #000000;\">Lamele diafragmei : 11<\/span><\/li>\n<li><span style=\"color: #000000;\">Stabilizare integrat\u0103 : Da<\/span><\/li>\n<li><span style=\"color: #000000;\">Distan\u021ba minim\u0103 de focalizare : 0,4 m<\/span><\/li>\n<li><span style=\"color: #000000;\">Diametru filtru : 77 mm<\/span><\/li>\n<li><span style=\"color: #000000;\">Dimensiuni : 88 x 200 mm<\/span><\/li>\n<li><span style=\"color: #000000;\">Greutate : 1045 g<\/span><\/li>\n<li><span style=\"color: #000000;\">Con\u021binului cutiei : parasolar, capacul din spate \u0219i din fa\u021b\u0103,hus\u0103<\/span><\/li>\n<li><span style=\"color: #000000;\">Garan\u021bie de firm\u0103 : 2 ani<\/span><\/li>\n<\/ul>\n","protected":false},"featured_media":23480,"comment_status":"open","ping_status":"closed","template":"","meta":[],"product_brand":[],"product_cat":[903],"product_tag":[],"class_list":{"0":"post-23474","1":"product","2":"type-product","3":"status-publish","4":"has-post-thumbnail","6":"product_cat-teleobiective-sony","8":"first","9":"outofstock","10":"sale","11":"shipping-taxable","12":"purchasable","13":"product-type-simple"},"yoast_head":"<!-- This site is optimized with the Yoast SEO plugin v27.4 - https:\/\/yoast.com\/product\/yoast-seo-wordpress\/ -->\n<title>SEL70200GM2 | Cumpara obiectiv SONY in Chisinau<\/title>\n<meta name=\"description\" content=\"SEL70200GM2 - cump\u0103r\u0103 \u00een Chi\u0219in\u0103u | SONY FE 70-200mm F2.8 GM OSS II cu garan\u021bie oficial\u0103 2 ani | Dealer oficial SONY \u00een Moldova\" \/>\n<meta name=\"robots\" content=\"index, follow, max-snippet:-1, max-image-preview:large, max-video-preview:-1\" \/>\n<link rel=\"canonical\" href=\"https:\/\/sonycenter.md\/ro\/magazin\/sel70200gm-kopirovat\/\" \/>\n<meta property=\"og:locale\" content=\"ro_RO\" \/>\n<meta property=\"og:type\" content=\"article\" \/>\n<meta property=\"og:title\" content=\"SEL70200GM2 | Cumpara obiectiv SONY in Chisinau\" \/>\n<meta property=\"og:description\" content=\"SEL70200GM2 - cump\u0103r\u0103 \u00een Chi\u0219in\u0103u | SONY FE 70-200mm F2.8 GM OSS II cu garan\u021bie oficial\u0103 2 ani | Dealer oficial SONY \u00een Moldova\" \/>\n<meta property=\"og:url\" content=\"https:\/\/sonycenter.md\/ro\/magazin\/sel70200gm-kopirovat\/\" \/>\n<meta property=\"og:site_name\" content=\"SONY\" \/>\n<meta property=\"article:modified_time\" content=\"2026-01-06T08:51:37+00:00\" \/>\n<meta property=\"og:image\" content=\"https:\/\/sonycenter.md\/wp-content\/uploads\/2021\/10\/70200gm2.jpg\" \/>\n\t<meta property=\"og:image:width\" content=\"600\" \/>\n\t<meta property=\"og:image:height\" content=\"600\" \/>\n\t<meta property=\"og:image:type\" content=\"image\/jpeg\" \/>\n<meta name=\"twitter:card\" content=\"summary_large_image\" \/>\n<meta name=\"twitter:label1\" content=\"Est. reading time\" \/>\n\t<meta name=\"twitter:data1\" content=\"1 minute\" \/>\n<script type=\"application\/ld+json\" class=\"yoast-schema-graph\">{\"@context\":\"https:\\\/\\\/schema.org\",\"@graph\":[{\"@type\":[\"WebPage\",\"ItemPage\"],\"@id\":\"https:\\\/\\\/sonycenter.md\\\/ro\\\/magazin\\\/sel70200gm-kopirovat\\\/\",\"url\":\"https:\\\/\\\/sonycenter.md\\\/ro\\\/magazin\\\/sel70200gm-kopirovat\\\/\",\"name\":\"SEL70200GM2 | Cumpara obiectiv SONY in Chisinau\",\"isPartOf\":{\"@id\":\"http:\\\/\\\/sonycenter.md\\\/ro\\\/#website\"},\"primaryImageOfPage\":{\"@id\":\"https:\\\/\\\/sonycenter.md\\\/ro\\\/magazin\\\/sel70200gm-kopirovat\\\/#primaryimage\"},\"image\":{\"@id\":\"https:\\\/\\\/sonycenter.md\\\/ro\\\/magazin\\\/sel70200gm-kopirovat\\\/#primaryimage\"},\"thumbnailUrl\":\"https:\\\/\\\/sonycenter.md\\\/wp-content\\\/uploads\\\/2021\\\/10\\\/70200gm2.jpg\",\"datePublished\":\"2021-10-18T11:58:21+00:00\",\"dateModified\":\"2026-01-06T08:51:37+00:00\",\"description\":\"SEL70200GM2 - cump\u0103r\u0103 \u00een Chi\u0219in\u0103u | SONY FE 70-200mm F2.8 GM OSS II cu garan\u021bie oficial\u0103 2 ani | Dealer oficial SONY \u00een Moldova\",\"breadcrumb\":{\"@id\":\"https:\\\/\\\/sonycenter.md\\\/ro\\\/magazin\\\/sel70200gm-kopirovat\\\/#breadcrumb\"},\"inLanguage\":\"ro-RO\",\"potentialAction\":[{\"@type\":\"ReadAction\",\"target\":[\"https:\\\/\\\/sonycenter.md\\\/ro\\\/magazin\\\/sel70200gm-kopirovat\\\/\"]}]},{\"@type\":\"ImageObject\",\"inLanguage\":\"ro-RO\",\"@id\":\"https:\\\/\\\/sonycenter.md\\\/ro\\\/magazin\\\/sel70200gm-kopirovat\\\/#primaryimage\",\"url\":\"https:\\\/\\\/sonycenter.md\\\/wp-content\\\/uploads\\\/2021\\\/10\\\/70200gm2.jpg\",\"contentUrl\":\"https:\\\/\\\/sonycenter.md\\\/wp-content\\\/uploads\\\/2021\\\/10\\\/70200gm2.jpg\",\"width\":600,\"height\":600,\"caption\":\"SEL70200GM2\"},{\"@type\":\"BreadcrumbList\",\"@id\":\"https:\\\/\\\/sonycenter.md\\\/ro\\\/magazin\\\/sel70200gm-kopirovat\\\/#breadcrumb\",\"itemListElement\":[{\"@type\":\"ListItem\",\"position\":1,\"name\":\"\u0413\u043b\u0430\u0432\u043d\u0430\u044f \u0441\u0442\u0440\u0430\u043d\u0438\u0446\u0430\",\"item\":\"https:\\\/\\\/sonycenter.md\\\/ro\\\/\"},{\"@type\":\"ListItem\",\"position\":2,\"name\":\"Magazin\",\"item\":\"https:\\\/\\\/sonycenter.md\\\/shop\\\/\"},{\"@type\":\"ListItem\",\"position\":3,\"name\":\"SEL70200GM2\"}]},{\"@type\":\"WebSite\",\"@id\":\"http:\\\/\\\/sonycenter.md\\\/ro\\\/#website\",\"url\":\"http:\\\/\\\/sonycenter.md\\\/ro\\\/\",\"name\":\"sonycenter.md\",\"description\":\"SONYCENTER \u00een Chi\u0219in\u0103u\",\"publisher\":{\"@id\":\"http:\\\/\\\/sonycenter.md\\\/ro\\\/#organization\"},\"potentialAction\":[{\"@type\":\"SearchAction\",\"target\":{\"@type\":\"EntryPoint\",\"urlTemplate\":\"http:\\\/\\\/sonycenter.md\\\/ro\\\/?s={search_term_string}\"},\"query-input\":{\"@type\":\"PropertyValueSpecification\",\"valueRequired\":true,\"valueName\":\"search_term_string\"}}],\"inLanguage\":\"ro-RO\"},{\"@type\":\"Organization\",\"@id\":\"http:\\\/\\\/sonycenter.md\\\/ro\\\/#organization\",\"name\":\"sonycenter.md\",\"url\":\"http:\\\/\\\/sonycenter.md\\\/ro\\\/\",\"logo\":{\"@type\":\"ImageObject\",\"inLanguage\":\"ro-RO\",\"@id\":\"http:\\\/\\\/sonycenter.md\\\/ro\\\/#\\\/schema\\\/logo\\\/image\\\/\",\"url\":\"\",\"contentUrl\":\"\",\"caption\":\"sonycenter.md\"},\"image\":{\"@id\":\"http:\\\/\\\/sonycenter.md\\\/ro\\\/#\\\/schema\\\/logo\\\/image\\\/\"}}]}<\/script>\n<!-- \/ Yoast SEO plugin. -->","yoast_head_json":{"title":"SEL70200GM2 | Cumpara obiectiv SONY in Chisinau","description":"SEL70200GM2 - cump\u0103r\u0103 \u00een Chi\u0219in\u0103u | SONY FE 70-200mm F2.8 GM OSS II cu garan\u021bie oficial\u0103 2 ani | Dealer oficial SONY \u00een Moldova","robots":{"index":"index","follow":"follow","max-snippet":"max-snippet:-1","max-image-preview":"max-image-preview:large","max-video-preview":"max-video-preview:-1"},"canonical":"https:\/\/sonycenter.md\/ro\/magazin\/sel70200gm-kopirovat\/","og_locale":"ro_RO","og_type":"article","og_title":"SEL70200GM2 | Cumpara obiectiv SONY in Chisinau","og_description":"SEL70200GM2 - cump\u0103r\u0103 \u00een Chi\u0219in\u0103u | SONY FE 70-200mm F2.8 GM OSS II cu garan\u021bie oficial\u0103 2 ani | Dealer oficial SONY \u00een Moldova","og_url":"https:\/\/sonycenter.md\/ro\/magazin\/sel70200gm-kopirovat\/","og_site_name":"SONY","article_modified_time":"2026-01-06T08:51:37+00:00","og_image":[{"width":600,"height":600,"url":"https:\/\/sonycenter.md\/wp-content\/uploads\/2021\/10\/70200gm2.jpg","type":"image\/jpeg"}],"twitter_card":"summary_large_image","twitter_misc":{"Est. reading time":"1 minute"},"schema":{"@context":"https:\/\/schema.org","@graph":[{"@type":["WebPage","ItemPage"],"@id":"https:\/\/sonycenter.md\/ro\/magazin\/sel70200gm-kopirovat\/","url":"https:\/\/sonycenter.md\/ro\/magazin\/sel70200gm-kopirovat\/","name":"SEL70200GM2 | Cumpara obiectiv SONY in Chisinau","isPartOf":{"@id":"https:\/\/sonycenter.md\/ro\/#website"},"primaryImageOfPage":{"@id":"https:\/\/sonycenter.md\/ro\/magazin\/sel70200gm-kopirovat\/#primaryimage"},"image":{"@id":"https:\/\/sonycenter.md\/ro\/magazin\/sel70200gm-kopirovat\/#primaryimage"},"thumbnailUrl":"https:\/\/sonycenter.md\/wp-content\/uploads\/2021\/10\/70200gm2.jpg","datePublished":"2021-10-18T11:58:21+00:00","dateModified":"2026-01-06T08:51:37+00:00","description":"SEL70200GM2 - cump\u0103r\u0103 \u00een Chi\u0219in\u0103u | SONY FE 70-200mm F2.8 GM OSS II cu garan\u021bie oficial\u0103 2 ani | Dealer oficial SONY \u00een Moldova","breadcrumb":{"@id":"https:\/\/sonycenter.md\/ro\/magazin\/sel70200gm-kopirovat\/#breadcrumb"},"inLanguage":"ro-RO","potentialAction":[{"@type":"ReadAction","target":["https:\/\/sonycenter.md\/ro\/magazin\/sel70200gm-kopirovat\/"]}]},{"@type":"ImageObject","inLanguage":"ro-RO","@id":"https:\/\/sonycenter.md\/ro\/magazin\/sel70200gm-kopirovat\/#primaryimage","url":"https:\/\/sonycenter.md\/wp-content\/uploads\/2021\/10\/70200gm2.jpg","contentUrl":"https:\/\/sonycenter.md\/wp-content\/uploads\/2021\/10\/70200gm2.jpg","width":600,"height":600,"caption":"SEL70200GM2"},{"@type":"BreadcrumbList","@id":"https:\/\/sonycenter.md\/ro\/magazin\/sel70200gm-kopirovat\/#breadcrumb","itemListElement":[{"@type":"ListItem","position":1,"name":"\u0413\u043b\u0430\u0432\u043d\u0430\u044f \u0441\u0442\u0440\u0430\u043d\u0438\u0446\u0430","item":"https:\/\/sonycenter.md\/ro\/"},{"@type":"ListItem","position":2,"name":"Magazin","item":"https:\/\/sonycenter.md\/shop\/"},{"@type":"ListItem","position":3,"name":"SEL70200GM2"}]},{"@type":"WebSite","@id":"https:\/\/sonycenter.md\/ro\/#website","url":"https:\/\/sonycenter.md\/ro\/","name":"sonycenter.md","description":"SONYCENTER \u00een Chi\u0219in\u0103u","publisher":{"@id":"https:\/\/sonycenter.md\/ro\/#organization"},"potentialAction":[{"@type":"SearchAction","target":{"@type":"EntryPoint","urlTemplate":"https:\/\/sonycenter.md\/ro\/?s={search_term_string}"},"query-input":{"@type":"PropertyValueSpecification","valueRequired":true,"valueName":"search_term_string"}}],"inLanguage":"ro-RO"},{"@type":"Organization","@id":"https:\/\/sonycenter.md\/ro\/#organization","name":"sonycenter.md","url":"https:\/\/sonycenter.md\/ro\/","logo":{"@type":"ImageObject","inLanguage":"ro-RO","@id":"https:\/\/sonycenter.md\/ro\/#\/schema\/logo\/image\/","url":"","contentUrl":"","caption":"sonycenter.md"},"image":{"@id":"https:\/\/sonycenter.md\/ro\/#\/schema\/logo\/image\/"}}]}},"_links":{"self":[{"href":"https:\/\/sonycenter.md\/ro\/wp-json\/wp\/v2\/product\/23474","targetHints":{"allow":["GET"]}}],"collection":[{"href":"https:\/\/sonycenter.md\/ro\/wp-json\/wp\/v2\/product"}],"about":[{"href":"https:\/\/sonycenter.md\/ro\/wp-json\/wp\/v2\/types\/product"}],"replies":[{"embeddable":true,"href":"https:\/\/sonycenter.md\/ro\/wp-json\/wp\/v2\/comments?post=23474"}],"wp:featuredmedia":[{"embeddable":true,"href":"https:\/\/sonycenter.md\/ro\/wp-json\/wp\/v2\/media\/23480"}],"wp:attachment":[{"href":"https:\/\/sonycenter.md\/ro\/wp-json\/wp\/v2\/media?parent=23474"}],"wp:term":[{"taxonomy":"product_brand","embeddable":true,"href":"https:\/\/sonycenter.md\/ro\/wp-json\/wp\/v2\/product_brand?post=23474"},{"taxonomy":"product_cat","embeddable":true,"href":"https:\/\/sonycenter.md\/ro\/wp-json\/wp\/v2\/product_cat?post=23474"},{"taxonomy":"product_tag","embeddable":true,"href":"https:\/\/sonycenter.md\/ro\/wp-json\/wp\/v2\/product_tag?post=23474"}],"curies":[{"name":"wp","href":"https:\/\/api.w.org\/{rel}","templated":true}]}}