{"id":23688,"date":"2021-12-09T12:40:14","date_gmt":"2021-12-09T10:40:14","guid":{"rendered":"https:\/\/sonycenter.md\/?post_type=product&#038;p=23688"},"modified":"2026-03-10T13:55:04","modified_gmt":"2026-03-10T11:55:04","slug":"hvlf46rm","status":"publish","type":"product","link":"https:\/\/sonycenter.md\/ro\/magazin\/hvlf46rm\/","title":{"rendered":"HVLF46RMA"},"content":{"rendered":"<p><iframe loading=\"lazy\" title=\"YouTube video player\" src=\"https:\/\/www.youtube.com\/embed\/qHLulq-4Aok\" width=\"800\" height=\"400\" frameborder=\"0\" allowfullscreen=\"allowfullscreen\"><span data-mce-type=\"bookmark\" style=\"display: inline-block; width: 0px; overflow: hidden; line-height: 0;\" class=\"mce_SELRES_start\">\ufeff<\/span><span data-mce-type=\"bookmark\" style=\"display: inline-block; width: 0px; overflow: hidden; line-height: 0;\" class=\"mce_SELRES_start\">\ufeff<\/span><span data-mce-type=\"bookmark\" style=\"display: inline-block; width: 0px; overflow: hidden; line-height: 0;\" class=\"mce_SELRES_start\">\ufeff<\/span><\/iframe><\/p>\n<table style=\"height: 1419px;\" width=\"806\">\n<tbody>\n<tr>\n<td width=\"285\"><span style=\"color: #000000;\"><strong>Dimensiuni \u0219i greutate<\/strong><\/span><\/td>\n<td width=\"339\"><\/td>\n<td width=\"362\"><\/td>\n<\/tr>\n<tr>\n<td><\/td>\n<td><span style=\"color: #000000;\"><strong>DIM. (APROX.)<\/strong><\/span><\/td>\n<td><span style=\"color: #000000;\">L 69,4 mm X \u00ce 114,7 mm X A 88,9 mm\u00a0<\/span><\/td>\n<\/tr>\n<tr>\n<td><\/td>\n<td><span style=\"color: #000000;\"><strong>GREUTATE (APROXIMATIV):<\/strong><\/span><\/td>\n<td><span style=\"color: #000000;\">308 g\u00a0 (doar unitatea principal\u0103)<\/span><\/td>\n<\/tr>\n<tr>\n<td><span style=\"color: #000000;\"><strong>Tip de camer\u0103<\/strong><\/span><\/td>\n<td><\/td>\n<td><\/td>\n<\/tr>\n<tr>\n<td><\/td>\n<td><span style=\"color: #000000;\"><strong>TIP DE CAMER\u0102<\/strong><\/span><\/td>\n<td><span style=\"color: #000000;\">Bli\u0163 electronic automat (de tip clip-on) cu m\u0103surare prebli\u0163<\/span><\/td>\n<\/tr>\n<tr>\n<td><\/td>\n<td><span style=\"color: #000000;\"><strong>TIP SOCLU<\/strong><\/span><\/td>\n<td><span style=\"color: #000000;\">Suport cu interfa\u0163\u0103 multipl\u0103.<\/span><\/td>\n<\/tr>\n<tr>\n<td><span style=\"color: #000000;\"><strong>Informa\u0163ii de baz\u0103<\/strong><\/span><\/td>\n<td><\/td>\n<td><\/td>\n<\/tr>\n<tr>\n<td><\/td>\n<td><span style=\"color: #000000;\"><strong>NUM\u0102R MAXIM DE GHIDAJE<\/strong><\/span><\/td>\n<td><span style=\"color: #000000;\">46 (Setare acoperire bli\u021b 105 mm\/distribuire bli\u021b STD, ISO 100\u30fbm)<\/span><\/td>\n<\/tr>\n<tr>\n<td><\/td>\n<td><span style=\"color: #000000;\"><strong>ACOPERIREA BLI\u0162ULUI<\/strong><\/span><\/td>\n<td><span style=\"color: #000000;\">AUTOMAT\/MANUAL (24 mm &#8211; 105 mm) &#8211; Unghiul de vizualizare la distan\u021ba focal\u0103 de 15 mm este, de asemenea, acoperit prin utilizarea panoului panoramic<\/span><\/td>\n<\/tr>\n<tr>\n<td><\/td>\n<td><span style=\"color: #000000;\"><strong>MOD BLI\u0162<\/strong><\/span><\/td>\n<td><span style=\"color: #000000;\">TTL\/MANUAL\/MULTI<\/span><\/td>\n<\/tr>\n<tr>\n<td><\/td>\n<td><span style=\"color: #000000;\"><strong>DURAT\u0102 BLI\u0162 (APROX.)<\/strong><\/span><\/td>\n<td><span style=\"color: #000000;\">Cel mult 1,7 ms (1\/1 MANUAL)<\/span><\/td>\n<\/tr>\n<tr>\n<td><\/td>\n<td><span style=\"color: #000000;\"><strong>TEMPERATUR\u0102 CULOARE (APROX.)<\/strong><\/span><\/td>\n<td><span style=\"color: #000000;\">5500 K<\/span><\/td>\n<\/tr>\n<tr>\n<td><\/td>\n<td><span style=\"color: #000000;\"><strong>PERFORMAN\u0162\u0102 BLI\u0162 CONTINUU<\/strong><\/span><\/td>\n<td><span style=\"color: #000000;\">60 de bli\u021buri la 10 bli\u021buri pe secund\u0103<\/span><\/td>\n<\/tr>\n<tr>\n<td><\/td>\n<td><span style=\"color: #000000;\"><strong>BLI\u0162 INDIRECT<\/strong><\/span><\/td>\n<td><span style=\"color: #000000;\">Da<\/span><\/td>\n<\/tr>\n<tr>\n<td><\/td>\n<td><span style=\"color: #000000;\"><strong>UNGHI REDIREC\u0162IONARE<\/strong><\/span><\/td>\n<td><span style=\"color: #000000;\">\u00cen sus la 150 de grade, \u00een jos la 8 grade, la st\u00e2nga \u0219i la dreapta la 180 de grade\u00a0<\/span><\/td>\n<\/tr>\n<tr>\n<td><\/td>\n<td><span style=\"color: #000000;\"><strong>BLI\u0162 TESTARE<\/strong><\/span><\/td>\n<td><span style=\"color: #000000;\">Da<\/span><\/td>\n<\/tr>\n<tr>\n<td><\/td>\n<td><span style=\"color: #000000;\"><strong>CONTROL BLI\u0162<\/strong><\/span><\/td>\n<td><span style=\"color: #000000;\">Controlul bli\u0163ului folosind prebli\u0163 (P-TTL\/ADI)<\/span><\/td>\n<\/tr>\n<tr>\n<td><\/td>\n<td><span style=\"color: #000000;\"><strong>COMPENSARE BLI\u0162<\/strong><\/span><\/td>\n<td><span style=\"color: #000000;\">Da<\/span><\/td>\n<\/tr>\n<tr>\n<td><\/td>\n<td><span style=\"color: #000000;\"><strong>COMUTARE A NIVELULUI DE PUTERE<\/strong><\/span><\/td>\n<td><span style=\"color: #000000;\">25 niveluri (1\/1-1\/256) pa\u015fi 1\/3<\/span><\/td>\n<\/tr>\n<tr>\n<td><\/td>\n<td><span style=\"color: #000000;\"><strong>SINCRONIZARE DE MARE VITEZ\u0102 (HSS)<\/strong><\/span><\/td>\n<td><span style=\"color: #000000;\">Da<\/span><\/td>\n<\/tr>\n<tr>\n<td><\/td>\n<td><span style=\"color: #000000;\"><strong>BLI\u0162 MODELING<\/strong><\/span><\/td>\n<td><span style=\"color: #000000;\">Da<\/span><\/td>\n<\/tr>\n<tr>\n<td><\/td>\n<td><span style=\"color: #000000;\"><strong>PANOU LAT \u00ceNCORPORAT<\/strong><\/span><\/td>\n<td><span style=\"color: #000000;\">Da (15 mm)<\/span><\/td>\n<\/tr>\n<tr>\n<td><\/td>\n<td><span style=\"color: #000000;\"><strong>PLAC\u0102 DE REDIREC\u0162IONARE \u00ceNCORPORAT\u0102<\/strong><\/span><\/td>\n<td><span style=\"color: #000000;\">Da<\/span><\/td>\n<\/tr>\n<tr>\n<td><span style=\"color: #000000;\"><strong>Func\u0163ie wireless<\/strong><\/span><\/td>\n<td><\/td>\n<td><\/td>\n<\/tr>\n<tr>\n<td><\/td>\n<td><span style=\"color: #000000;\"><strong>FUNC\u0162IE WIRELESS DE CONTROL PRIN RADIO<\/strong><\/span><\/td>\n<td><span style=\"color: #000000;\">Da (emi\u021b\u0103tor\/receptor)<\/span><\/td>\n<\/tr>\n<tr>\n<td><\/td>\n<td><span style=\"color: #000000;\"><strong>FRECVEN\u0162E<\/strong><\/span><\/td>\n<td><span style=\"color: #000000;\">Band\u0103 de 2,4 GHz<\/span><\/td>\n<\/tr>\n<tr>\n<td><\/td>\n<td><span style=\"color: #000000;\"><strong>CANALE<\/strong><\/span><\/td>\n<td><span style=\"color: #000000;\">14 canale (automat\/manual)<\/span><\/td>\n<\/tr>\n<tr>\n<td><\/td>\n<td><span style=\"color: #000000;\"><strong>DISTAN\u0162\u0102 DE COMUNICARE (APROX.)<\/strong><\/span><\/td>\n<td><span style=\"color: #000000;\">30 m<\/span><\/td>\n<\/tr>\n<tr>\n<td><\/td>\n<td><span style=\"color: #000000;\"><strong>GRUPURI<\/strong><\/span><\/td>\n<td><span style=\"color: #000000;\">3 grupuri (TTL\/MANUAL), 5 grupuri (fotografiere cu bli\u021b \u00een grup)<\/span><\/td>\n<\/tr>\n<tr>\n<td><\/td>\n<td><span style=\"color: #000000;\"><strong>NUM\u0102R MAXIM DE UNIT\u0102\u0162I FLASH<\/strong><\/span><\/td>\n<td><span style=\"color: #000000;\">15 unit\u0103\u0163i<\/span><\/td>\n<\/tr>\n<tr>\n<td><\/td>\n<td><span style=\"color: #000000;\"><strong>CONTROL COEFICIENT DE LUMIN\u0102<\/strong><\/span><\/td>\n<td><span style=\"color: #000000;\">3 grupuri (TTL)<\/span><\/td>\n<\/tr>\n<tr>\n<td><span style=\"color: #000000;\"><strong>Alte func\u0163ii<\/strong><\/span><\/td>\n<td><\/td>\n<td><\/td>\n<\/tr>\n<tr>\n<td><\/td>\n<td><span style=\"color: #000000;\"><strong>CONTROL ZOOM AUTOMAT OPTIMIZAT PENTRU DIMENSIUNEA SENZORULUI DE IMAGINE<\/strong><\/span><\/td>\n<td><span style=\"color: #000000;\">Da<\/span><\/td>\n<\/tr>\n<tr>\n<td><\/td>\n<td><span style=\"color: #000000;\"><strong>SETARE DE DISTRIBUIRE A BLI\u0162ULUI<\/strong><\/span><\/td>\n<td><span style=\"color: #000000;\">Da<\/span><\/td>\n<\/tr>\n<tr>\n<td><\/td>\n<td><span style=\"color: #000000;\"><strong>REGLARE AUTOMAT\u0102 ALB-NEGRU<\/strong><\/span><\/td>\n<td><span style=\"color: #000000;\">Da<\/span><\/td>\n<\/tr>\n<tr>\n<td><\/td>\n<td><span style=\"color: #000000;\"><strong>SET\u0102RI PERSONALIZABILE ALE TASTELOR<\/strong><\/span><\/td>\n<td><span style=\"color: #000000;\">Da<\/span><\/td>\n<\/tr>\n<tr>\n<td><\/td>\n<td><span style=\"color: #000000;\"><strong>SET\u0102RI MEMORIE<\/strong><\/span><\/td>\n<td><span style=\"color: #000000;\">Da<\/span><\/td>\n<\/tr>\n<tr>\n<td><\/td>\n<td><span style=\"color: #000000;\"><strong>DECLAN\u015eARE DE LA DISTAN\u0162\u0102<\/strong><\/span><\/td>\n<td><span style=\"color: #000000;\">&#8211;<\/span><\/td>\n<\/tr>\n<tr>\n<td><span style=\"color: #000000;\"><strong>Conectori externi<\/strong><\/span><\/td>\n<td><\/td>\n<td><\/td>\n<\/tr>\n<tr>\n<td><\/td>\n<td><span style=\"color: #000000;\"><strong>TERMINAL MULTI\/MICRO USB<\/strong><\/span><\/td>\n<td><span style=\"color: #000000;\">Da<\/span><\/td>\n<\/tr>\n<tr>\n<td><\/td>\n<td><span style=\"color: #000000;\"><strong>SURS\u0102 ELECTRIC\u0102<\/strong><\/span><\/td>\n<td><span style=\"color: #000000;\">Pentru baterii alcaline AA sau Ni-MH<\/span><\/td>\n<\/tr>\n<tr>\n<td><\/td>\n<td><\/td>\n<td><\/td>\n<\/tr>\n<tr>\n<td><\/td>\n<td><span style=\"color: #000000;\"><strong>DESIGN REZISTENT LA PRAF \u015eI LA UMEZEAL\u0102<\/strong><\/span><\/td>\n<td><span style=\"color: #000000;\">Da<\/span><\/td>\n<\/tr>\n<tr>\n<td><\/td>\n<td><\/td>\n<td><\/td>\n<\/tr>\n<tr>\n<td><\/td>\n<td><span style=\"color: #000000;\"><strong>Ce este \u00een cutie<\/strong><\/span><\/td>\n<td><span style=\"color: #000000;\">Capac de protec\u021bie a conectorului (1), minisuport (1), geant\u0103 de transport (1)<\/span><\/td>\n<\/tr>\n<\/tbody>\n<\/table>\n","protected":false},"excerpt":{"rendered":"<ul>\n<li><span style=\"color: #000000;\">Bli\u021b extern de mare putere cu control radio<\/span><\/li>\n<li><span style=\"color: #000000;\">Control wireless al unui grup de bli\u021buri (p\u00e2n\u0103 la 15)<\/span><\/li>\n<li><span style=\"color: #000000;\">Num\u0103r ghid: GN46<\/span><\/li>\n<li><span style=\"color: #000000;\">Sincronizare obturator p\u00e2n\u0103 la 1\/80000 cu o camer\u0103 compatibil\u0103<\/span><\/li>\n<li><span style=\"color: #000000;\">Suport pentru fotografiere \u00een serie 10 cadre\/s p\u00e2n\u0103 la 60 cadre<\/span><\/li>\n<li><span style=\"color: #000000;\">Conectare convenabil\u0103 prin Active Shoe<\/span><\/li>\n<li><span style=\"color: #000000;\">Rotire lateral\u0103 p\u00e2n\u0103 la 180 de grade<\/span><\/li>\n<li><span style=\"color: #000000;\">\u00cenclinare \u00een jos p\u00e2n\u0103 la 8 grade, \u00een sus p\u00e2n\u0103 la 150 de grade<\/span><\/li>\n<li><span style=\"color: #000000;\">Control din meniul camerei (cu camere compatibile)<\/span><\/li>\n<li><span style=\"color: #000000;\">Construc\u021bie rezistent\u0103 la praf \u0219i umiditate<\/span><\/li>\n<li><span style=\"color: #000000;\">Alimentare: 4 baterii alcaline sau NiMH de dimensiune AA<\/span><\/li>\n<li><span style=\"color: #000000;\">Garan\u021bie : 2 ani<\/span><\/li>\n<\/ul>\n","protected":false},"featured_media":23595,"comment_status":"open","ping_status":"closed","template":"","meta":[],"product_brand":[],"product_cat":[638],"product_tag":[],"class_list":{"0":"post-23688","1":"product","2":"type-product","3":"status-publish","4":"has-post-thumbnail","6":"product_cat-blituri-si-reflectoare","8":"first","9":"instock","10":"shipping-taxable","11":"purchasable","12":"product-type-simple"},"yoast_head":"<!-- This site is optimized with the Yoast SEO plugin v26.3 - https:\/\/yoast.com\/wordpress\/plugins\/seo\/ -->\n<title>Bli\u021b pentru aparat foto | SONY HVL-F46RMA<\/title>\n<meta name=\"description\" content=\"Bli\u021b pentru aparat foto SONY | HVL-F46RMA | Bli\u021b extern de mare putere cu control radio | Garan\u021bie de firm\u0103 2 ani\" \/>\n<meta name=\"robots\" content=\"index, follow, max-snippet:-1, max-image-preview:large, max-video-preview:-1\" \/>\n<link rel=\"canonical\" href=\"https:\/\/sonycenter.md\/ro\/magazin\/hvlf46rm\/\" \/>\n<meta property=\"og:locale\" content=\"ro_RO\" \/>\n<meta property=\"og:type\" content=\"article\" \/>\n<meta property=\"og:title\" content=\"Bli\u021b pentru aparat foto | SONY HVL-F46RMA\" \/>\n<meta property=\"og:description\" content=\"Bli\u021b pentru aparat foto SONY | HVL-F46RMA | Bli\u021b extern de mare putere cu control radio | Garan\u021bie de firm\u0103 2 ani\" \/>\n<meta property=\"og:url\" content=\"https:\/\/sonycenter.md\/ro\/magazin\/hvlf46rm\/\" \/>\n<meta property=\"og:site_name\" content=\"SONY\" \/>\n<meta property=\"article:modified_time\" content=\"2026-03-10T11:55:04+00:00\" \/>\n<meta property=\"og:image\" content=\"https:\/\/sonycenter.md\/wp-content\/uploads\/2021\/11\/F46RM.jpg\" \/>\n\t<meta property=\"og:image:width\" content=\"600\" \/>\n\t<meta property=\"og:image:height\" content=\"600\" \/>\n\t<meta property=\"og:image:type\" content=\"image\/jpeg\" \/>\n<meta name=\"twitter:card\" content=\"summary_large_image\" \/>\n<meta name=\"twitter:label1\" content=\"Est. reading time\" \/>\n\t<meta name=\"twitter:data1\" content=\"2 minutes\" \/>\n<script type=\"application\/ld+json\" class=\"yoast-schema-graph\">{\"@context\":\"https:\/\/schema.org\",\"@graph\":[{\"@type\":[\"WebPage\",\"ItemPage\"],\"@id\":\"https:\/\/sonycenter.md\/ro\/magazin\/hvlf46rm\/\",\"url\":\"https:\/\/sonycenter.md\/ro\/magazin\/hvlf46rm\/\",\"name\":\"Bli\u021b pentru aparat foto | SONY HVL-F46RMA\",\"isPartOf\":{\"@id\":\"https:\/\/sonycenter.md\/#website\"},\"primaryImageOfPage\":{\"@id\":\"https:\/\/sonycenter.md\/ro\/magazin\/hvlf46rm\/#primaryimage\"},\"image\":{\"@id\":\"https:\/\/sonycenter.md\/ro\/magazin\/hvlf46rm\/#primaryimage\"},\"thumbnailUrl\":\"https:\/\/sonycenter.md\/wp-content\/uploads\/2021\/11\/F46RM.jpg\",\"datePublished\":\"2021-12-09T10:40:14+00:00\",\"dateModified\":\"2026-03-10T11:55:04+00:00\",\"description\":\"Bli\u021b pentru aparat foto SONY | HVL-F46RMA | Bli\u021b extern de mare putere cu control radio | Garan\u021bie de firm\u0103 2 ani\",\"breadcrumb\":{\"@id\":\"https:\/\/sonycenter.md\/ro\/magazin\/hvlf46rm\/#breadcrumb\"},\"inLanguage\":\"ro-RO\",\"potentialAction\":[{\"@type\":\"ReadAction\",\"target\":[\"https:\/\/sonycenter.md\/ro\/magazin\/hvlf46rm\/\"]}]},{\"@type\":\"ImageObject\",\"inLanguage\":\"ro-RO\",\"@id\":\"https:\/\/sonycenter.md\/ro\/magazin\/hvlf46rm\/#primaryimage\",\"url\":\"https:\/\/sonycenter.md\/wp-content\/uploads\/2021\/11\/F46RM.jpg\",\"contentUrl\":\"https:\/\/sonycenter.md\/wp-content\/uploads\/2021\/11\/F46RM.jpg\",\"width\":600,\"height\":600,\"caption\":\"HVLF46RMA\"},{\"@type\":\"BreadcrumbList\",\"@id\":\"https:\/\/sonycenter.md\/ro\/magazin\/hvlf46rm\/#breadcrumb\",\"itemListElement\":[{\"@type\":\"ListItem\",\"position\":1,\"name\":\"\u0413\u043b\u0430\u0432\u043d\u0430\u044f \u0441\u0442\u0440\u0430\u043d\u0438\u0446\u0430\",\"item\":\"https:\/\/sonycenter.md\/ro\/\"},{\"@type\":\"ListItem\",\"position\":2,\"name\":\"Magazin\",\"item\":\"https:\/\/sonycenter.md\/shop\/\"},{\"@type\":\"ListItem\",\"position\":3,\"name\":\"HVLF46RMA\"}]},{\"@type\":\"WebSite\",\"@id\":\"https:\/\/sonycenter.md\/#website\",\"url\":\"https:\/\/sonycenter.md\/\",\"name\":\"sonycenter.md\",\"description\":\"SONYCENTER \u00een Chi\u0219in\u0103u\",\"publisher\":{\"@id\":\"https:\/\/sonycenter.md\/#organization\"},\"potentialAction\":[{\"@type\":\"SearchAction\",\"target\":{\"@type\":\"EntryPoint\",\"urlTemplate\":\"https:\/\/sonycenter.md\/?s={search_term_string}\"},\"query-input\":{\"@type\":\"PropertyValueSpecification\",\"valueRequired\":true,\"valueName\":\"search_term_string\"}}],\"inLanguage\":\"ro-RO\"},{\"@type\":\"Organization\",\"@id\":\"https:\/\/sonycenter.md\/#organization\",\"name\":\"sonycenter.md\",\"url\":\"https:\/\/sonycenter.md\/\",\"logo\":{\"@type\":\"ImageObject\",\"inLanguage\":\"ro-RO\",\"@id\":\"https:\/\/sonycenter.md\/#\/schema\/logo\/image\/\",\"url\":\"\",\"contentUrl\":\"\",\"caption\":\"sonycenter.md\"},\"image\":{\"@id\":\"https:\/\/sonycenter.md\/#\/schema\/logo\/image\/\"}}]}<\/script>\n<!-- \/ Yoast SEO plugin. -->","yoast_head_json":{"title":"Bli\u021b pentru aparat foto | SONY HVL-F46RMA","description":"Bli\u021b pentru aparat foto SONY | HVL-F46RMA | Bli\u021b extern de mare putere cu control radio | Garan\u021bie de firm\u0103 2 ani","robots":{"index":"index","follow":"follow","max-snippet":"max-snippet:-1","max-image-preview":"max-image-preview:large","max-video-preview":"max-video-preview:-1"},"canonical":"https:\/\/sonycenter.md\/ro\/magazin\/hvlf46rm\/","og_locale":"ro_RO","og_type":"article","og_title":"Bli\u021b pentru aparat foto | SONY HVL-F46RMA","og_description":"Bli\u021b pentru aparat foto SONY | HVL-F46RMA | Bli\u021b extern de mare putere cu control radio | Garan\u021bie de firm\u0103 2 ani","og_url":"https:\/\/sonycenter.md\/ro\/magazin\/hvlf46rm\/","og_site_name":"SONY","article_modified_time":"2026-03-10T11:55:04+00:00","og_image":[{"width":600,"height":600,"url":"https:\/\/sonycenter.md\/wp-content\/uploads\/2021\/11\/F46RM.jpg","type":"image\/jpeg"}],"twitter_card":"summary_large_image","twitter_misc":{"Est. reading time":"2 minutes"},"schema":{"@context":"https:\/\/schema.org","@graph":[{"@type":["WebPage","ItemPage"],"@id":"https:\/\/sonycenter.md\/ro\/magazin\/hvlf46rm\/","url":"https:\/\/sonycenter.md\/ro\/magazin\/hvlf46rm\/","name":"Bli\u021b pentru aparat foto | SONY HVL-F46RMA","isPartOf":{"@id":"https:\/\/sonycenter.md\/#website"},"primaryImageOfPage":{"@id":"https:\/\/sonycenter.md\/ro\/magazin\/hvlf46rm\/#primaryimage"},"image":{"@id":"https:\/\/sonycenter.md\/ro\/magazin\/hvlf46rm\/#primaryimage"},"thumbnailUrl":"https:\/\/sonycenter.md\/wp-content\/uploads\/2021\/11\/F46RM.jpg","datePublished":"2021-12-09T10:40:14+00:00","dateModified":"2026-03-10T11:55:04+00:00","description":"Bli\u021b pentru aparat foto SONY | HVL-F46RMA | Bli\u021b extern de mare putere cu control radio | Garan\u021bie de firm\u0103 2 ani","breadcrumb":{"@id":"https:\/\/sonycenter.md\/ro\/magazin\/hvlf46rm\/#breadcrumb"},"inLanguage":"ro-RO","potentialAction":[{"@type":"ReadAction","target":["https:\/\/sonycenter.md\/ro\/magazin\/hvlf46rm\/"]}]},{"@type":"ImageObject","inLanguage":"ro-RO","@id":"https:\/\/sonycenter.md\/ro\/magazin\/hvlf46rm\/#primaryimage","url":"https:\/\/sonycenter.md\/wp-content\/uploads\/2021\/11\/F46RM.jpg","contentUrl":"https:\/\/sonycenter.md\/wp-content\/uploads\/2021\/11\/F46RM.jpg","width":600,"height":600,"caption":"HVLF46RMA"},{"@type":"BreadcrumbList","@id":"https:\/\/sonycenter.md\/ro\/magazin\/hvlf46rm\/#breadcrumb","itemListElement":[{"@type":"ListItem","position":1,"name":"\u0413\u043b\u0430\u0432\u043d\u0430\u044f \u0441\u0442\u0440\u0430\u043d\u0438\u0446\u0430","item":"https:\/\/sonycenter.md\/ro\/"},{"@type":"ListItem","position":2,"name":"Magazin","item":"https:\/\/sonycenter.md\/shop\/"},{"@type":"ListItem","position":3,"name":"HVLF46RMA"}]},{"@type":"WebSite","@id":"https:\/\/sonycenter.md\/#website","url":"https:\/\/sonycenter.md\/","name":"sonycenter.md","description":"SONYCENTER \u00een Chi\u0219in\u0103u","publisher":{"@id":"https:\/\/sonycenter.md\/#organization"},"potentialAction":[{"@type":"SearchAction","target":{"@type":"EntryPoint","urlTemplate":"https:\/\/sonycenter.md\/?s={search_term_string}"},"query-input":{"@type":"PropertyValueSpecification","valueRequired":true,"valueName":"search_term_string"}}],"inLanguage":"ro-RO"},{"@type":"Organization","@id":"https:\/\/sonycenter.md\/#organization","name":"sonycenter.md","url":"https:\/\/sonycenter.md\/","logo":{"@type":"ImageObject","inLanguage":"ro-RO","@id":"https:\/\/sonycenter.md\/#\/schema\/logo\/image\/","url":"","contentUrl":"","caption":"sonycenter.md"},"image":{"@id":"https:\/\/sonycenter.md\/#\/schema\/logo\/image\/"}}]}},"_links":{"self":[{"href":"https:\/\/sonycenter.md\/ro\/wp-json\/wp\/v2\/product\/23688","targetHints":{"allow":["GET"]}}],"collection":[{"href":"https:\/\/sonycenter.md\/ro\/wp-json\/wp\/v2\/product"}],"about":[{"href":"https:\/\/sonycenter.md\/ro\/wp-json\/wp\/v2\/types\/product"}],"replies":[{"embeddable":true,"href":"https:\/\/sonycenter.md\/ro\/wp-json\/wp\/v2\/comments?post=23688"}],"wp:featuredmedia":[{"embeddable":true,"href":"https:\/\/sonycenter.md\/ro\/wp-json\/wp\/v2\/media\/23595"}],"wp:attachment":[{"href":"https:\/\/sonycenter.md\/ro\/wp-json\/wp\/v2\/media?parent=23688"}],"wp:term":[{"taxonomy":"product_brand","embeddable":true,"href":"https:\/\/sonycenter.md\/ro\/wp-json\/wp\/v2\/product_brand?post=23688"},{"taxonomy":"product_cat","embeddable":true,"href":"https:\/\/sonycenter.md\/ro\/wp-json\/wp\/v2\/product_cat?post=23688"},{"taxonomy":"product_tag","embeddable":true,"href":"https:\/\/sonycenter.md\/ro\/wp-json\/wp\/v2\/product_tag?post=23688"}],"curies":[{"name":"wp","href":"https:\/\/api.w.org\/{rel}","templated":true}]}}