{"id":24038,"date":"2022-04-27T16:13:32","date_gmt":"2022-04-27T13:13:32","guid":{"rendered":"https:\/\/sonycenter.md\/?post_type=product&#038;p=24038"},"modified":"2025-01-03T10:44:03","modified_gmt":"2025-01-03T08:44:03","slug":"hts400","status":"publish","type":"product","link":"https:\/\/sonycenter.md\/ro\/magazin\/hts400\/","title":{"rendered":"HTS400"},"content":{"rendered":"<table>\n<tbody>\n<tr>\n<td width=\"337\"><strong>Dimensiune \u015fi greutate<\/strong><\/td>\n<td width=\"394\"><strong>\u00a0<\/strong><\/td>\n<td width=\"309\"><\/td>\n<\/tr>\n<tr>\n<td><\/td>\n<td><strong>DIMENSIUNI UNITATE PRINCIPAL\u0102 &#8211; NUMAI CORPUL (L\u0102\u0162IME X \u00ceN\u0102L\u0162IME X AD\u00c2NCIME)\u00a0<\/strong><\/td>\n<td>900 x 64 x 88 mm<\/td>\n<\/tr>\n<tr>\n<td><\/td>\n<td><strong>GREUTATE UNITATE PRINCIPAL\u0102 &#8211; NUMAI CORPUL\u00a0<\/strong><\/td>\n<td>2,4 kg<\/td>\n<\/tr>\n<tr>\n<td><\/td>\n<td><strong>DIMENSIUNI SUBWOOFER (L\u0102\u0162IME X \u00ceN\u0102L\u0162IME X AD\u00c2NCIME)\u00a0<\/strong><\/td>\n<td>192 x 387 x 400 mm<\/td>\n<\/tr>\n<tr>\n<td><\/td>\n<td><strong>GREUTATE SUBWOOFER\u00a0<\/strong><\/td>\n<td>7,3 kg<\/td>\n<\/tr>\n<tr>\n<td><strong>Amplificator <\/strong><\/td>\n<td><strong>\u00a0<\/strong><\/td>\n<td><\/td>\n<\/tr>\n<tr>\n<td><\/td>\n<td><strong>TIP AMPLIFICATOR<\/strong><\/td>\n<td>Amplificator digital, S-Master<\/td>\n<\/tr>\n<tr>\n<td><\/td>\n<td><strong>CANALE AMPLIFICATOR<\/strong><\/td>\n<td>2.1 canale<\/td>\n<\/tr>\n<tr>\n<td><\/td>\n<td><strong>PUTERE DE IE\u015eIRE (TOTAL\u0102)<\/strong><\/td>\n<td>330 W<\/td>\n<\/tr>\n<tr>\n<td><strong>Subwoofer <\/strong><\/td>\n<td><strong>\u00a0<\/strong><\/td>\n<td><\/td>\n<\/tr>\n<tr>\n<td><\/td>\n<td><strong>TIP SUBWOOFER <\/strong><\/td>\n<td>Wireless<\/td>\n<\/tr>\n<tr>\n<td><strong>Interfa\u0163\u0103 <\/strong><\/td>\n<td><strong>\u00a0<\/strong><\/td>\n<td><\/td>\n<\/tr>\n<tr>\n<td><\/td>\n<td><strong>TERMINALE DE INTRARE \u015eI IE\u015eIRE<\/strong><\/td>\n<td>Intrare audio optic\u0103, USB type A (doar pentru actualiz\u0103ri)<\/td>\n<\/tr>\n<tr>\n<td><\/td>\n<td><strong>BLUETOOTH\u00ae<\/strong><\/td>\n<td>RX (receptor)<\/td>\n<\/tr>\n<tr>\n<td><\/td>\n<td><strong>VERSIUNE BLUETOOTH<\/strong><\/td>\n<td>5<\/td>\n<\/tr>\n<tr>\n<td><strong>Formate audio <\/strong><\/td>\n<td><strong>\u00a0<\/strong><\/td>\n<td><\/td>\n<\/tr>\n<tr>\n<td><\/td>\n<td><strong>INTRARE HDMI\u00ae<\/strong><\/td>\n<td>Dolby Digital, Dolby Dual mono, LCPM 2 canale<\/td>\n<\/tr>\n<tr>\n<td><\/td>\n<td><strong>INTRARE OPTIC\u0102<\/strong><\/td>\n<td>Dolby Digital, Dolby Dual mono, LCPM 2 canale<\/td>\n<\/tr>\n<tr>\n<td><\/td>\n<td><strong>RECEPTOR BLUETOOTH<\/strong><\/td>\n<td>SBC<\/td>\n<\/tr>\n<tr>\n<td><strong>Func\u021bie Sunet <\/strong><\/td>\n<td><strong>\u00a0<\/strong><\/td>\n<td><\/td>\n<\/tr>\n<tr>\n<td><\/td>\n<td><strong>MOD DE SUNET<\/strong><\/td>\n<td>C\u00e2mp acustic<\/td>\n<\/tr>\n<tr>\n<td><\/td>\n<td><strong>EFECT DE SUNET<\/strong><\/td>\n<td>Mod nocturn, Mod Voce<\/td>\n<\/tr>\n<tr>\n<td><\/td>\n<td><strong>TEHNOLOGIE SURROUND VIRTUAL\u0102<\/strong><\/td>\n<td>S-Force PRO<\/td>\n<\/tr>\n<tr>\n<td><strong>Detalii<\/strong><\/td>\n<td><strong>\u00a0<\/strong><\/td>\n<td><\/td>\n<\/tr>\n<tr>\n<td><\/td>\n<td><strong>CONSUM DE ENERGIE<\/strong><\/td>\n<td>BARA: 35 W\/SW: 20 W<\/td>\n<\/tr>\n<tr>\n<td><\/td>\n<td><strong>CONSUM DE ENERGIE (\u00ceN MODUL PORNIRE RAPID\u0102)<\/strong><\/td>\n<td>BARA: 0.5W\/SW: 0.5W<\/td>\n<\/tr>\n<tr>\n<td><strong>CE ESTE \u00ceN CUTIE <\/strong><\/td>\n<td><strong>\u00a0<\/strong><\/td>\n<td><\/td>\n<\/tr>\n<tr>\n<td><\/td>\n<td><strong>Baterii pentru telecomand\u0103<\/strong><\/td>\n<td><\/td>\n<\/tr>\n<tr>\n<td><\/td>\n<td><strong>Cablu c.a.<\/strong><\/td>\n<td><\/td>\n<\/tr>\n<tr>\n<td><\/td>\n<td><strong>Cablu optic<\/strong><\/td>\n<td><\/td>\n<\/tr>\n<tr>\n<td><\/td>\n<td><strong>Ghid de configurare rapid\u0103<\/strong><\/td>\n<td><\/td>\n<\/tr>\n<tr>\n<td><\/td>\n<td><strong>Manual de instruc\u0163iuni<\/strong><\/td>\n<td><\/td>\n<\/tr>\n<tr>\n<td><\/td>\n<td><strong>Telecomand\u0103<\/strong><\/td>\n<td><\/td>\n<\/tr>\n<\/tbody>\n<\/table>\n","protected":false},"excerpt":{"rendered":"<ul>\n<li>X-Balanced Speaker Unit pentru claritatea vocilor<\/li>\n<li>Putere de iesire totala : 330 W<\/li>\n<li>Canale : 2.1<\/li>\n<li>Subwoofer wireless<\/li>\n<li>HDMI : Da (ARC)<\/li>\n<li>Bluetooth : Ver . 5.0<\/li>\n<\/ul>\n","protected":false},"featured_media":24029,"comment_status":"open","ping_status":"closed","template":"","meta":[],"product_brand":[],"product_cat":[778],"product_tag":[],"class_list":{"0":"post-24038","1":"product","2":"type-product","3":"status-publish","4":"has-post-thumbnail","6":"product_cat-bare-de-sunet","8":"first","9":"instock","10":"shipping-taxable","11":"purchasable","12":"product-type-simple"},"yoast_head":"<!-- This site is optimized with the Yoast SEO plugin v27.4 - https:\/\/yoast.com\/product\/yoast-seo-wordpress\/ -->\n<title>HTS400 | sonycenter.md<\/title>\n<meta name=\"description\" content=\"HTS400 - \u043a\u0443\u043f\u0438\u0442\u044c \u0432 \u041a\u0438\u0448\u0438\u043d\u0435\u0432\u0435. \u0428\u0438\u0440\u043e\u043a\u0438\u0439 \u0430\u0441\u0441\u043e\u0440\u0442\u0438\u043c\u0435\u043d\u0442 \u043f\u0440\u043e\u0434\u0443\u043a\u0446\u0438\u0438 SONY \u0432 \u0444\u0438\u0440\u043c\u0435\u043d\u043d\u043e\u043c \u043c\u0430\u0433\u0430\u0437\u0438\u043d\u0435 SONY\" \/>\n<meta name=\"robots\" content=\"index, follow, max-snippet:-1, max-image-preview:large, max-video-preview:-1\" \/>\n<link rel=\"canonical\" href=\"https:\/\/sonycenter.md\/ro\/magazin\/hts400\/\" \/>\n<meta property=\"og:locale\" content=\"ro_RO\" \/>\n<meta property=\"og:type\" content=\"article\" \/>\n<meta property=\"og:title\" content=\"HTS400 | sonycenter.md\" \/>\n<meta property=\"og:description\" content=\"HTS400 - \u043a\u0443\u043f\u0438\u0442\u044c \u0432 \u041a\u0438\u0448\u0438\u043d\u0435\u0432\u0435. \u0428\u0438\u0440\u043e\u043a\u0438\u0439 \u0430\u0441\u0441\u043e\u0440\u0442\u0438\u043c\u0435\u043d\u0442 \u043f\u0440\u043e\u0434\u0443\u043a\u0446\u0438\u0438 SONY \u0432 \u0444\u0438\u0440\u043c\u0435\u043d\u043d\u043e\u043c \u043c\u0430\u0433\u0430\u0437\u0438\u043d\u0435 SONY\" \/>\n<meta property=\"og:url\" content=\"https:\/\/sonycenter.md\/ro\/magazin\/hts400\/\" \/>\n<meta property=\"og:site_name\" content=\"SONY\" \/>\n<meta property=\"article:modified_time\" content=\"2025-01-03T08:44:03+00:00\" \/>\n<meta property=\"og:image\" content=\"https:\/\/sonycenter.md\/wp-content\/uploads\/2022\/04\/s400.jpg\" \/>\n\t<meta property=\"og:image:width\" content=\"600\" \/>\n\t<meta property=\"og:image:height\" content=\"600\" \/>\n\t<meta property=\"og:image:type\" content=\"image\/jpeg\" \/>\n<meta name=\"twitter:card\" content=\"summary_large_image\" \/>\n<meta name=\"twitter:label1\" content=\"Est. reading time\" \/>\n\t<meta name=\"twitter:data1\" content=\"2 minutes\" \/>\n<script type=\"application\/ld+json\" class=\"yoast-schema-graph\">{\"@context\":\"https:\\\/\\\/schema.org\",\"@graph\":[{\"@type\":[\"WebPage\",\"ItemPage\"],\"@id\":\"https:\\\/\\\/sonycenter.md\\\/ro\\\/magazin\\\/hts400\\\/\",\"url\":\"https:\\\/\\\/sonycenter.md\\\/ro\\\/magazin\\\/hts400\\\/\",\"name\":\"HTS400 | sonycenter.md\",\"isPartOf\":{\"@id\":\"http:\\\/\\\/sonycenter.md\\\/ro\\\/#website\"},\"primaryImageOfPage\":{\"@id\":\"https:\\\/\\\/sonycenter.md\\\/ro\\\/magazin\\\/hts400\\\/#primaryimage\"},\"image\":{\"@id\":\"https:\\\/\\\/sonycenter.md\\\/ro\\\/magazin\\\/hts400\\\/#primaryimage\"},\"thumbnailUrl\":\"https:\\\/\\\/sonycenter.md\\\/wp-content\\\/uploads\\\/2022\\\/04\\\/s400.jpg\",\"datePublished\":\"2022-04-27T13:13:32+00:00\",\"dateModified\":\"2025-01-03T08:44:03+00:00\",\"description\":\"HTS400 - \u043a\u0443\u043f\u0438\u0442\u044c \u0432 \u041a\u0438\u0448\u0438\u043d\u0435\u0432\u0435. \u0428\u0438\u0440\u043e\u043a\u0438\u0439 \u0430\u0441\u0441\u043e\u0440\u0442\u0438\u043c\u0435\u043d\u0442 \u043f\u0440\u043e\u0434\u0443\u043a\u0446\u0438\u0438 SONY \u0432 \u0444\u0438\u0440\u043c\u0435\u043d\u043d\u043e\u043c \u043c\u0430\u0433\u0430\u0437\u0438\u043d\u0435 SONY\",\"breadcrumb\":{\"@id\":\"https:\\\/\\\/sonycenter.md\\\/ro\\\/magazin\\\/hts400\\\/#breadcrumb\"},\"inLanguage\":\"ro-RO\",\"potentialAction\":[{\"@type\":\"ReadAction\",\"target\":[\"https:\\\/\\\/sonycenter.md\\\/ro\\\/magazin\\\/hts400\\\/\"]}]},{\"@type\":\"ImageObject\",\"inLanguage\":\"ro-RO\",\"@id\":\"https:\\\/\\\/sonycenter.md\\\/ro\\\/magazin\\\/hts400\\\/#primaryimage\",\"url\":\"https:\\\/\\\/sonycenter.md\\\/wp-content\\\/uploads\\\/2022\\\/04\\\/s400.jpg\",\"contentUrl\":\"https:\\\/\\\/sonycenter.md\\\/wp-content\\\/uploads\\\/2022\\\/04\\\/s400.jpg\",\"width\":600,\"height\":600,\"caption\":\"HTS400\"},{\"@type\":\"BreadcrumbList\",\"@id\":\"https:\\\/\\\/sonycenter.md\\\/ro\\\/magazin\\\/hts400\\\/#breadcrumb\",\"itemListElement\":[{\"@type\":\"ListItem\",\"position\":1,\"name\":\"\u0413\u043b\u0430\u0432\u043d\u0430\u044f \u0441\u0442\u0440\u0430\u043d\u0438\u0446\u0430\",\"item\":\"https:\\\/\\\/sonycenter.md\\\/ro\\\/\"},{\"@type\":\"ListItem\",\"position\":2,\"name\":\"Magazin\",\"item\":\"https:\\\/\\\/sonycenter.md\\\/shop\\\/\"},{\"@type\":\"ListItem\",\"position\":3,\"name\":\"HTS400\"}]},{\"@type\":\"WebSite\",\"@id\":\"http:\\\/\\\/sonycenter.md\\\/ro\\\/#website\",\"url\":\"http:\\\/\\\/sonycenter.md\\\/ro\\\/\",\"name\":\"sonycenter.md\",\"description\":\"SONYCENTER \u00een Chi\u0219in\u0103u\",\"publisher\":{\"@id\":\"http:\\\/\\\/sonycenter.md\\\/ro\\\/#organization\"},\"potentialAction\":[{\"@type\":\"SearchAction\",\"target\":{\"@type\":\"EntryPoint\",\"urlTemplate\":\"http:\\\/\\\/sonycenter.md\\\/ro\\\/?s={search_term_string}\"},\"query-input\":{\"@type\":\"PropertyValueSpecification\",\"valueRequired\":true,\"valueName\":\"search_term_string\"}}],\"inLanguage\":\"ro-RO\"},{\"@type\":\"Organization\",\"@id\":\"http:\\\/\\\/sonycenter.md\\\/ro\\\/#organization\",\"name\":\"sonycenter.md\",\"url\":\"http:\\\/\\\/sonycenter.md\\\/ro\\\/\",\"logo\":{\"@type\":\"ImageObject\",\"inLanguage\":\"ro-RO\",\"@id\":\"http:\\\/\\\/sonycenter.md\\\/ro\\\/#\\\/schema\\\/logo\\\/image\\\/\",\"url\":\"\",\"contentUrl\":\"\",\"caption\":\"sonycenter.md\"},\"image\":{\"@id\":\"http:\\\/\\\/sonycenter.md\\\/ro\\\/#\\\/schema\\\/logo\\\/image\\\/\"}}]}<\/script>\n<!-- \/ Yoast SEO plugin. -->","yoast_head_json":{"title":"HTS400 | sonycenter.md","description":"HTS400 - \u043a\u0443\u043f\u0438\u0442\u044c \u0432 \u041a\u0438\u0448\u0438\u043d\u0435\u0432\u0435. \u0428\u0438\u0440\u043e\u043a\u0438\u0439 \u0430\u0441\u0441\u043e\u0440\u0442\u0438\u043c\u0435\u043d\u0442 \u043f\u0440\u043e\u0434\u0443\u043a\u0446\u0438\u0438 SONY \u0432 \u0444\u0438\u0440\u043c\u0435\u043d\u043d\u043e\u043c \u043c\u0430\u0433\u0430\u0437\u0438\u043d\u0435 SONY","robots":{"index":"index","follow":"follow","max-snippet":"max-snippet:-1","max-image-preview":"max-image-preview:large","max-video-preview":"max-video-preview:-1"},"canonical":"https:\/\/sonycenter.md\/ro\/magazin\/hts400\/","og_locale":"ro_RO","og_type":"article","og_title":"HTS400 | sonycenter.md","og_description":"HTS400 - \u043a\u0443\u043f\u0438\u0442\u044c \u0432 \u041a\u0438\u0448\u0438\u043d\u0435\u0432\u0435. \u0428\u0438\u0440\u043e\u043a\u0438\u0439 \u0430\u0441\u0441\u043e\u0440\u0442\u0438\u043c\u0435\u043d\u0442 \u043f\u0440\u043e\u0434\u0443\u043a\u0446\u0438\u0438 SONY \u0432 \u0444\u0438\u0440\u043c\u0435\u043d\u043d\u043e\u043c \u043c\u0430\u0433\u0430\u0437\u0438\u043d\u0435 SONY","og_url":"https:\/\/sonycenter.md\/ro\/magazin\/hts400\/","og_site_name":"SONY","article_modified_time":"2025-01-03T08:44:03+00:00","og_image":[{"width":600,"height":600,"url":"https:\/\/sonycenter.md\/wp-content\/uploads\/2022\/04\/s400.jpg","type":"image\/jpeg"}],"twitter_card":"summary_large_image","twitter_misc":{"Est. reading time":"2 minutes"},"schema":{"@context":"https:\/\/schema.org","@graph":[{"@type":["WebPage","ItemPage"],"@id":"https:\/\/sonycenter.md\/ro\/magazin\/hts400\/","url":"https:\/\/sonycenter.md\/ro\/magazin\/hts400\/","name":"HTS400 | sonycenter.md","isPartOf":{"@id":"https:\/\/sonycenter.md\/ro\/#website"},"primaryImageOfPage":{"@id":"https:\/\/sonycenter.md\/ro\/magazin\/hts400\/#primaryimage"},"image":{"@id":"https:\/\/sonycenter.md\/ro\/magazin\/hts400\/#primaryimage"},"thumbnailUrl":"https:\/\/sonycenter.md\/wp-content\/uploads\/2022\/04\/s400.jpg","datePublished":"2022-04-27T13:13:32+00:00","dateModified":"2025-01-03T08:44:03+00:00","description":"HTS400 - \u043a\u0443\u043f\u0438\u0442\u044c \u0432 \u041a\u0438\u0448\u0438\u043d\u0435\u0432\u0435. \u0428\u0438\u0440\u043e\u043a\u0438\u0439 \u0430\u0441\u0441\u043e\u0440\u0442\u0438\u043c\u0435\u043d\u0442 \u043f\u0440\u043e\u0434\u0443\u043a\u0446\u0438\u0438 SONY \u0432 \u0444\u0438\u0440\u043c\u0435\u043d\u043d\u043e\u043c \u043c\u0430\u0433\u0430\u0437\u0438\u043d\u0435 SONY","breadcrumb":{"@id":"https:\/\/sonycenter.md\/ro\/magazin\/hts400\/#breadcrumb"},"inLanguage":"ro-RO","potentialAction":[{"@type":"ReadAction","target":["https:\/\/sonycenter.md\/ro\/magazin\/hts400\/"]}]},{"@type":"ImageObject","inLanguage":"ro-RO","@id":"https:\/\/sonycenter.md\/ro\/magazin\/hts400\/#primaryimage","url":"https:\/\/sonycenter.md\/wp-content\/uploads\/2022\/04\/s400.jpg","contentUrl":"https:\/\/sonycenter.md\/wp-content\/uploads\/2022\/04\/s400.jpg","width":600,"height":600,"caption":"HTS400"},{"@type":"BreadcrumbList","@id":"https:\/\/sonycenter.md\/ro\/magazin\/hts400\/#breadcrumb","itemListElement":[{"@type":"ListItem","position":1,"name":"\u0413\u043b\u0430\u0432\u043d\u0430\u044f \u0441\u0442\u0440\u0430\u043d\u0438\u0446\u0430","item":"https:\/\/sonycenter.md\/ro\/"},{"@type":"ListItem","position":2,"name":"Magazin","item":"https:\/\/sonycenter.md\/shop\/"},{"@type":"ListItem","position":3,"name":"HTS400"}]},{"@type":"WebSite","@id":"https:\/\/sonycenter.md\/ro\/#website","url":"https:\/\/sonycenter.md\/ro\/","name":"sonycenter.md","description":"SONYCENTER \u00een Chi\u0219in\u0103u","publisher":{"@id":"https:\/\/sonycenter.md\/ro\/#organization"},"potentialAction":[{"@type":"SearchAction","target":{"@type":"EntryPoint","urlTemplate":"https:\/\/sonycenter.md\/ro\/?s={search_term_string}"},"query-input":{"@type":"PropertyValueSpecification","valueRequired":true,"valueName":"search_term_string"}}],"inLanguage":"ro-RO"},{"@type":"Organization","@id":"https:\/\/sonycenter.md\/ro\/#organization","name":"sonycenter.md","url":"https:\/\/sonycenter.md\/ro\/","logo":{"@type":"ImageObject","inLanguage":"ro-RO","@id":"https:\/\/sonycenter.md\/ro\/#\/schema\/logo\/image\/","url":"","contentUrl":"","caption":"sonycenter.md"},"image":{"@id":"https:\/\/sonycenter.md\/ro\/#\/schema\/logo\/image\/"}}]}},"_links":{"self":[{"href":"https:\/\/sonycenter.md\/ro\/wp-json\/wp\/v2\/product\/24038","targetHints":{"allow":["GET"]}}],"collection":[{"href":"https:\/\/sonycenter.md\/ro\/wp-json\/wp\/v2\/product"}],"about":[{"href":"https:\/\/sonycenter.md\/ro\/wp-json\/wp\/v2\/types\/product"}],"replies":[{"embeddable":true,"href":"https:\/\/sonycenter.md\/ro\/wp-json\/wp\/v2\/comments?post=24038"}],"wp:featuredmedia":[{"embeddable":true,"href":"https:\/\/sonycenter.md\/ro\/wp-json\/wp\/v2\/media\/24029"}],"wp:attachment":[{"href":"https:\/\/sonycenter.md\/ro\/wp-json\/wp\/v2\/media?parent=24038"}],"wp:term":[{"taxonomy":"product_brand","embeddable":true,"href":"https:\/\/sonycenter.md\/ro\/wp-json\/wp\/v2\/product_brand?post=24038"},{"taxonomy":"product_cat","embeddable":true,"href":"https:\/\/sonycenter.md\/ro\/wp-json\/wp\/v2\/product_cat?post=24038"},{"taxonomy":"product_tag","embeddable":true,"href":"https:\/\/sonycenter.md\/ro\/wp-json\/wp\/v2\/product_tag?post=24038"}],"curies":[{"name":"wp","href":"https:\/\/api.w.org\/{rel}","templated":true}]}}