{"id":24168,"date":"2022-05-13T12:10:23","date_gmt":"2022-05-13T09:10:23","guid":{"rendered":"https:\/\/sonycenter.md\/?post_type=product&#038;p=24168"},"modified":"2026-04-16T16:36:52","modified_gmt":"2026-04-16T13:36:52","slug":"sony-wh1000xm5","status":"publish","type":"product","link":"https:\/\/sonycenter.md\/ro\/magazin\/sony-wh1000xm5\/","title":{"rendered":"WH1000XM5"},"content":{"rendered":"<p style=\"text-align: center;\"><span style=\"color: #000000;\">Specifica\u021bii complete a <span style=\"color: #0000ff;\"><a style=\"color: #0000ff;\" href=\"https:\/\/sonycenter.md\/ro\/category\/casti\/casti-wireless\/\">c\u0103\u0219tilor wireless<\/a><\/span> SONY WH1000XM5:<\/span><\/p>\n<table>\n<tbody>\n<tr>\n<td style=\"text-align: center;\" colspan=\"2\" width=\"537\"><span style=\"color: #000000;\"><strong>Ce este \u00een cutie?<\/strong><\/span><\/td>\n<\/tr>\n<tr>\n<td style=\"text-align: center;\" colspan=\"2\"><span style=\"color: #000000;\">SONY WH1000XM5 , cablu audio , cablu USB ,hus\u0103<\/span><\/td>\n<\/tr>\n<tr>\n<td style=\"text-align: center;\" colspan=\"2\"><span style=\"color: #000000;\"><strong>Greutate<\/strong><\/span><\/td>\n<\/tr>\n<tr>\n<td><span style=\"color: #000000;\"><strong>Greutate<\/strong><\/span><\/td>\n<td><span style=\"color: #000000;\">Aprox. 250 g<\/span><\/td>\n<\/tr>\n<tr>\n<td style=\"text-align: center;\" colspan=\"2\"><span style=\"color: #000000;\"><strong>Caracteristici generale<\/strong><\/span><\/td>\n<\/tr>\n<tr>\n<td><span style=\"color: #000000;\"><strong>Tip de c\u0103\u015fti<\/strong><\/span><\/td>\n<td><span style=\"color: #000000;\">\u00cenchise, dinamice<\/span><\/td>\n<\/tr>\n<tr>\n<td><span style=\"color: #000000;\"><strong>Difuzor<\/strong><\/span><\/td>\n<td><span style=\"color: #000000;\">30 mm, tip dom<\/span><\/td>\n<\/tr>\n<tr>\n<td><span style=\"color: #000000;\"><strong>Magnet<\/strong><\/span><\/td>\n<td><span style=\"color: #000000;\">Neodim<\/span><\/td>\n<\/tr>\n<tr>\n<td><span style=\"color: #000000;\"><strong>Impedan\u0163\u0103 (ohmi)<\/strong><\/span><\/td>\n<td><span style=\"color: #000000;\">48 ohmi (1 kHz) (c\u00e2nd se conecteaz\u0103 prin cablul )<\/span><\/td>\n<\/tr>\n<tr>\n<td><span style=\"color: #000000;\"><strong>R\u0103spuns \u00een frecven\u0163\u0103 (cablu)<\/strong><\/span><\/td>\n<td><span style=\"color: #000000;\">4 -40.000 Hz<\/span><\/td>\n<\/tr>\n<tr>\n<td><span style=\"color: #000000;\"><strong>R\u0103spuns \u00een frecven\u0163\u0103 (Bluetooth\u00ae)<\/strong><\/span><\/td>\n<td><span style=\"color: #000000;\">20 Hz \u2013 40.000 Hz (frecven\u0163\u0103 de e\u015fantionare LDAC 96 kHz, 990 kbps)<\/span><\/td>\n<\/tr>\n<tr>\n<td><span style=\"color: #000000;\"><strong>Sensibilitate (dB\/mW)<\/strong><\/span><\/td>\n<td><span style=\"color: #000000;\">102 dB\/mW (1 kHz) (c\u00e2nd se conecteaz\u0103 prin cablul )<\/span><\/td>\n<\/tr>\n<tr>\n<td><span style=\"color: #000000;\"><strong>Lungimea cablului<\/strong><\/span><\/td>\n<td><span style=\"color: #000000;\">Cablu pentru c\u0103\u015fti (aprox. 1,2 m)<\/span><\/td>\n<\/tr>\n<tr>\n<td><span style=\"color: #000000;\"><strong>\u00centr\u0103ri<\/strong><\/span><\/td>\n<td><span style=\"color: #000000;\">mini muf\u0103 stereo, USB Type-C<\/span><\/td>\n<\/tr>\n<tr>\n<td><span style=\"color: #000000;\"><strong>DSEE HX<\/strong><\/span><\/td>\n<td><span style=\"color: #000000;\">Da<\/span><\/td>\n<\/tr>\n<tr>\n<td><span style=\"color: #000000;\"><strong>Control tactil\u00a0<\/strong><\/span><\/td>\n<td><span style=\"color: #000000;\">Da<\/span><\/td>\n<\/tr>\n<tr>\n<td><span style=\"color: #000000;\"><strong>Func\u0163ionare \u00een mod pasiv<\/strong><\/span><\/td>\n<td><span style=\"color: #000000;\">Da ( ascultare prin cablu )<\/span><\/td>\n<\/tr>\n<tr>\n<td style=\"text-align: center;\" colspan=\"2\"><span style=\"color: #000000;\"><strong>Acumulator<\/strong><\/span><\/td>\n<\/tr>\n<tr>\n<td><span style=\"color: #000000;\"><strong>Autonomia bateriei<\/strong><\/span><\/td>\n<td><span style=\"color: #000000;\">Max. 30 de ore (NC activat), max. 40 de ore (NC dezactivat)<\/span><\/td>\n<\/tr>\n<tr>\n<td style=\"text-align: center;\" colspan=\"2\"><span style=\"color: #000000;\"><strong>Specifica\u0163ie bluetooth\u00ae<\/strong><\/span><\/td>\n<\/tr>\n<tr>\n<td><span style=\"color: #000000;\"><strong>Versiune Bluetooth\u00ae<\/strong><\/span><\/td>\n<td><span style=\"color: #000000;\">Versiunea 5.2<\/span><\/td>\n<\/tr>\n<tr>\n<td><span style=\"color: #000000;\"><strong>Interval de frecven\u0163e<\/strong><\/span><\/td>\n<td><span style=\"color: #000000;\">Band\u0103 de 2,4 GHz<\/span><\/td>\n<\/tr>\n<tr>\n<td><span style=\"color: #000000;\"><strong>Profil<\/strong><\/span><\/td>\n<td><span style=\"color: #000000;\">A2DP, AVRCP, HFP, HSP<\/span><\/td>\n<\/tr>\n<tr>\n<td><span style=\"color: #000000;\"><strong>Formate audio acceptate<\/strong><\/span><\/td>\n<td><span style=\"color: #000000;\">SBC, AAC,\u00a0 LDAC<\/span><\/td>\n<\/tr>\n<\/tbody>\n<\/table>\n","protected":false},"excerpt":{"rendered":"<ul>\n<li><span style=\"color: #000000;\">C\u0103\u0219ti wireless over-ear de top<\/span><\/li>\n<li><span style=\"color: #000000;\">Bluetooth <strong>\u00ae<\/strong> : Da (Versiune 5.2)<\/span><\/li>\n<li><span style=\"color: #000000;\"><span style=\"color: #000000;\">Codecuri audio acceptate : SBC, AAC,\u00a0 LDAC<\/span><\/span><\/li>\n<li><span style=\"color: #000000;\">Autonomie : p\u00e2n\u0103 la 40 de ore (reducerea zgomotului dezactivat\u0103)<\/span><\/li>\n<li><span style=\"color: #000000;\">Autonomie : p\u00e2n\u0103 la 30 de ore (reducerea zgomotului activat\u0103)<\/span><\/li>\n<li><span style=\"color: #000000;\">\u00cenc\u0103rcare rapid\u0103: primele 5 minute ~ 3 ore de func\u021bionare <\/span><\/li>\n<li><span style=\"color: #000000;\">Reducere activ\u0103 a zgomotului \u00eembun\u0103t\u0103\u021bit\u0103 (ANC)<\/span><\/li>\n<li><span style=\"color: #000000;\">Mod sunet ambiental <\/span><\/li>\n<li><span style=\"color: #000000;\">8 microfoane \u00eencorporate<\/span><\/li>\n<li><span style=\"color: #000000;\">Control tactil (casc\u0103 dreapt\u0103)<\/span><\/li>\n<li><span style=\"color: #000000;\">Posibilitatea de a asculta muzic\u0103 prin cablu<\/span><\/li>\n<li><span style=\"color: #000000;\">Aplica\u021bie pentru configurare: SONY | Sound Connect<\/span><\/li>\n<li><span style=\"color: #000000;\">Hus\u0103 de transport (inclus\u0103)<\/span><\/li>\n<li><span style=\"color: #000000;\">Dimensiuni husei : 23,5 * 20,5 *6 cm<\/span><\/li>\n<li><span style=\"color: #000000;\">Garan\u021bie 2 ani<\/span><\/li>\n<\/ul>\n","protected":false},"featured_media":29858,"comment_status":"open","ping_status":"closed","template":"","meta":[],"product_brand":[],"product_cat":[629],"product_tag":[],"class_list":{"0":"post-24168","1":"product","2":"type-product","3":"status-publish","4":"has-post-thumbnail","6":"product_cat-casti-wireless","7":"pa_color-black-ro","8":"pa_color-blue-ro","9":"pa_color-silver-ro","10":"pa_color-smoky-pink","12":"first","13":"instock","14":"shipping-taxable","15":"purchasable","16":"product-type-variable"},"yoast_head":"<!-- This site is optimized with the Yoast SEO plugin v27.4 - https:\/\/yoast.com\/product\/yoast-seo-wordpress\/ -->\n<title>SONY WH1000XM5 | C\u0103\u0219ti wireless cu ANC | Moldova | Chi\u0219in\u0103u<\/title>\n<meta name=\"description\" content=\"Cumpara casti fara fir SONY WH1000XM5 in Chisinau | Comanda online SONY XM5 cu livrare gratuita in Moldova | SONY WH-1000XM5 cu garantie oficiala\" \/>\n<meta name=\"robots\" content=\"index, follow, max-snippet:-1, max-image-preview:large, max-video-preview:-1\" \/>\n<link rel=\"canonical\" href=\"https:\/\/sonycenter.md\/ro\/magazin\/sony-wh1000xm5\/\" \/>\n<meta property=\"og:locale\" content=\"ro_RO\" \/>\n<meta property=\"og:type\" content=\"article\" \/>\n<meta property=\"og:title\" content=\"SONY WH1000XM5 | C\u0103\u0219ti wireless cu ANC | Moldova | Chi\u0219in\u0103u\" \/>\n<meta property=\"og:description\" content=\"Cumpara casti fara fir SONY WH1000XM5 in Chisinau | Comanda online SONY XM5 cu livrare gratuita in Moldova | SONY WH-1000XM5 cu garantie oficiala\" \/>\n<meta property=\"og:url\" content=\"https:\/\/sonycenter.md\/ro\/magazin\/sony-wh1000xm5\/\" \/>\n<meta property=\"og:site_name\" content=\"SONY\" \/>\n<meta property=\"article:modified_time\" content=\"2026-04-16T13:36:52+00:00\" \/>\n<meta property=\"og:image\" content=\"https:\/\/sonycenter.md\/wp-content\/uploads\/2022\/05\/wh1000xm5-multicolor.jpg\" \/>\n\t<meta property=\"og:image:width\" content=\"600\" \/>\n\t<meta property=\"og:image:height\" content=\"600\" \/>\n\t<meta property=\"og:image:type\" content=\"image\/jpeg\" \/>\n<meta name=\"twitter:card\" content=\"summary_large_image\" \/>\n<meta name=\"twitter:label1\" content=\"Est. reading time\" \/>\n\t<meta name=\"twitter:data1\" content=\"2 minutes\" \/>\n<script type=\"application\/ld+json\" class=\"yoast-schema-graph\">{\"@context\":\"https:\\\/\\\/schema.org\",\"@graph\":[{\"@type\":[\"WebPage\",\"ItemPage\"],\"@id\":\"https:\\\/\\\/sonycenter.md\\\/ro\\\/magazin\\\/sony-wh1000xm5\\\/\",\"url\":\"https:\\\/\\\/sonycenter.md\\\/ro\\\/magazin\\\/sony-wh1000xm5\\\/\",\"name\":\"SONY WH1000XM5 | C\u0103\u0219ti wireless cu ANC | Moldova | Chi\u0219in\u0103u\",\"isPartOf\":{\"@id\":\"http:\\\/\\\/sonycenter.md\\\/ro\\\/#website\"},\"primaryImageOfPage\":{\"@id\":\"https:\\\/\\\/sonycenter.md\\\/ro\\\/magazin\\\/sony-wh1000xm5\\\/#primaryimage\"},\"image\":{\"@id\":\"https:\\\/\\\/sonycenter.md\\\/ro\\\/magazin\\\/sony-wh1000xm5\\\/#primaryimage\"},\"thumbnailUrl\":\"https:\\\/\\\/sonycenter.md\\\/wp-content\\\/uploads\\\/2022\\\/05\\\/wh1000xm5-multicolor.jpg\",\"datePublished\":\"2022-05-13T09:10:23+00:00\",\"dateModified\":\"2026-04-16T13:36:52+00:00\",\"description\":\"Cumpara casti fara fir SONY WH1000XM5 in Chisinau | Comanda online SONY XM5 cu livrare gratuita in Moldova | SONY WH-1000XM5 cu garantie oficiala\",\"breadcrumb\":{\"@id\":\"https:\\\/\\\/sonycenter.md\\\/ro\\\/magazin\\\/sony-wh1000xm5\\\/#breadcrumb\"},\"inLanguage\":\"ro-RO\",\"potentialAction\":[{\"@type\":\"ReadAction\",\"target\":[\"https:\\\/\\\/sonycenter.md\\\/ro\\\/magazin\\\/sony-wh1000xm5\\\/\"]}]},{\"@type\":\"ImageObject\",\"inLanguage\":\"ro-RO\",\"@id\":\"https:\\\/\\\/sonycenter.md\\\/ro\\\/magazin\\\/sony-wh1000xm5\\\/#primaryimage\",\"url\":\"https:\\\/\\\/sonycenter.md\\\/wp-content\\\/uploads\\\/2022\\\/05\\\/wh1000xm5-multicolor.jpg\",\"contentUrl\":\"https:\\\/\\\/sonycenter.md\\\/wp-content\\\/uploads\\\/2022\\\/05\\\/wh1000xm5-multicolor.jpg\",\"width\":600,\"height\":600,\"caption\":\"WH1000XM5\"},{\"@type\":\"BreadcrumbList\",\"@id\":\"https:\\\/\\\/sonycenter.md\\\/ro\\\/magazin\\\/sony-wh1000xm5\\\/#breadcrumb\",\"itemListElement\":[{\"@type\":\"ListItem\",\"position\":1,\"name\":\"\u0413\u043b\u0430\u0432\u043d\u0430\u044f \u0441\u0442\u0440\u0430\u043d\u0438\u0446\u0430\",\"item\":\"https:\\\/\\\/sonycenter.md\\\/ro\\\/\"},{\"@type\":\"ListItem\",\"position\":2,\"name\":\"Magazin\",\"item\":\"https:\\\/\\\/sonycenter.md\\\/shop\\\/\"},{\"@type\":\"ListItem\",\"position\":3,\"name\":\"WH1000XM5\"}]},{\"@type\":\"WebSite\",\"@id\":\"http:\\\/\\\/sonycenter.md\\\/ro\\\/#website\",\"url\":\"http:\\\/\\\/sonycenter.md\\\/ro\\\/\",\"name\":\"sonycenter.md\",\"description\":\"SONYCENTER \u00een Chi\u0219in\u0103u\",\"publisher\":{\"@id\":\"http:\\\/\\\/sonycenter.md\\\/ro\\\/#organization\"},\"potentialAction\":[{\"@type\":\"SearchAction\",\"target\":{\"@type\":\"EntryPoint\",\"urlTemplate\":\"http:\\\/\\\/sonycenter.md\\\/ro\\\/?s={search_term_string}\"},\"query-input\":{\"@type\":\"PropertyValueSpecification\",\"valueRequired\":true,\"valueName\":\"search_term_string\"}}],\"inLanguage\":\"ro-RO\"},{\"@type\":\"Organization\",\"@id\":\"http:\\\/\\\/sonycenter.md\\\/ro\\\/#organization\",\"name\":\"sonycenter.md\",\"url\":\"http:\\\/\\\/sonycenter.md\\\/ro\\\/\",\"logo\":{\"@type\":\"ImageObject\",\"inLanguage\":\"ro-RO\",\"@id\":\"http:\\\/\\\/sonycenter.md\\\/ro\\\/#\\\/schema\\\/logo\\\/image\\\/\",\"url\":\"\",\"contentUrl\":\"\",\"caption\":\"sonycenter.md\"},\"image\":{\"@id\":\"http:\\\/\\\/sonycenter.md\\\/ro\\\/#\\\/schema\\\/logo\\\/image\\\/\"}}]}<\/script>\n<!-- \/ Yoast SEO plugin. -->","yoast_head_json":{"title":"SONY WH1000XM5 | C\u0103\u0219ti wireless cu ANC | Moldova | Chi\u0219in\u0103u","description":"Cumpara casti fara fir SONY WH1000XM5 in Chisinau | Comanda online SONY XM5 cu livrare gratuita in Moldova | SONY WH-1000XM5 cu garantie oficiala","robots":{"index":"index","follow":"follow","max-snippet":"max-snippet:-1","max-image-preview":"max-image-preview:large","max-video-preview":"max-video-preview:-1"},"canonical":"https:\/\/sonycenter.md\/ro\/magazin\/sony-wh1000xm5\/","og_locale":"ro_RO","og_type":"article","og_title":"SONY WH1000XM5 | C\u0103\u0219ti wireless cu ANC | Moldova | Chi\u0219in\u0103u","og_description":"Cumpara casti fara fir SONY WH1000XM5 in Chisinau | Comanda online SONY XM5 cu livrare gratuita in Moldova | SONY WH-1000XM5 cu garantie oficiala","og_url":"https:\/\/sonycenter.md\/ro\/magazin\/sony-wh1000xm5\/","og_site_name":"SONY","article_modified_time":"2026-04-16T13:36:52+00:00","og_image":[{"width":600,"height":600,"url":"https:\/\/sonycenter.md\/wp-content\/uploads\/2022\/05\/wh1000xm5-multicolor.jpg","type":"image\/jpeg"}],"twitter_card":"summary_large_image","twitter_misc":{"Est. reading time":"2 minutes"},"schema":{"@context":"https:\/\/schema.org","@graph":[{"@type":["WebPage","ItemPage"],"@id":"https:\/\/sonycenter.md\/ro\/magazin\/sony-wh1000xm5\/","url":"https:\/\/sonycenter.md\/ro\/magazin\/sony-wh1000xm5\/","name":"SONY WH1000XM5 | C\u0103\u0219ti wireless cu ANC | Moldova | Chi\u0219in\u0103u","isPartOf":{"@id":"https:\/\/sonycenter.md\/ro\/#website"},"primaryImageOfPage":{"@id":"https:\/\/sonycenter.md\/ro\/magazin\/sony-wh1000xm5\/#primaryimage"},"image":{"@id":"https:\/\/sonycenter.md\/ro\/magazin\/sony-wh1000xm5\/#primaryimage"},"thumbnailUrl":"https:\/\/sonycenter.md\/wp-content\/uploads\/2022\/05\/wh1000xm5-multicolor.jpg","datePublished":"2022-05-13T09:10:23+00:00","dateModified":"2026-04-16T13:36:52+00:00","description":"Cumpara casti fara fir SONY WH1000XM5 in Chisinau | Comanda online SONY XM5 cu livrare gratuita in Moldova | SONY WH-1000XM5 cu garantie oficiala","breadcrumb":{"@id":"https:\/\/sonycenter.md\/ro\/magazin\/sony-wh1000xm5\/#breadcrumb"},"inLanguage":"ro-RO","potentialAction":[{"@type":"ReadAction","target":["https:\/\/sonycenter.md\/ro\/magazin\/sony-wh1000xm5\/"]}]},{"@type":"ImageObject","inLanguage":"ro-RO","@id":"https:\/\/sonycenter.md\/ro\/magazin\/sony-wh1000xm5\/#primaryimage","url":"https:\/\/sonycenter.md\/wp-content\/uploads\/2022\/05\/wh1000xm5-multicolor.jpg","contentUrl":"https:\/\/sonycenter.md\/wp-content\/uploads\/2022\/05\/wh1000xm5-multicolor.jpg","width":600,"height":600,"caption":"WH1000XM5"},{"@type":"BreadcrumbList","@id":"https:\/\/sonycenter.md\/ro\/magazin\/sony-wh1000xm5\/#breadcrumb","itemListElement":[{"@type":"ListItem","position":1,"name":"\u0413\u043b\u0430\u0432\u043d\u0430\u044f \u0441\u0442\u0440\u0430\u043d\u0438\u0446\u0430","item":"https:\/\/sonycenter.md\/ro\/"},{"@type":"ListItem","position":2,"name":"Magazin","item":"https:\/\/sonycenter.md\/shop\/"},{"@type":"ListItem","position":3,"name":"WH1000XM5"}]},{"@type":"WebSite","@id":"https:\/\/sonycenter.md\/ro\/#website","url":"https:\/\/sonycenter.md\/ro\/","name":"sonycenter.md","description":"SONYCENTER \u00een Chi\u0219in\u0103u","publisher":{"@id":"https:\/\/sonycenter.md\/ro\/#organization"},"potentialAction":[{"@type":"SearchAction","target":{"@type":"EntryPoint","urlTemplate":"https:\/\/sonycenter.md\/ro\/?s={search_term_string}"},"query-input":{"@type":"PropertyValueSpecification","valueRequired":true,"valueName":"search_term_string"}}],"inLanguage":"ro-RO"},{"@type":"Organization","@id":"https:\/\/sonycenter.md\/ro\/#organization","name":"sonycenter.md","url":"https:\/\/sonycenter.md\/ro\/","logo":{"@type":"ImageObject","inLanguage":"ro-RO","@id":"https:\/\/sonycenter.md\/ro\/#\/schema\/logo\/image\/","url":"","contentUrl":"","caption":"sonycenter.md"},"image":{"@id":"https:\/\/sonycenter.md\/ro\/#\/schema\/logo\/image\/"}}]}},"_links":{"self":[{"href":"https:\/\/sonycenter.md\/ro\/wp-json\/wp\/v2\/product\/24168","targetHints":{"allow":["GET"]}}],"collection":[{"href":"https:\/\/sonycenter.md\/ro\/wp-json\/wp\/v2\/product"}],"about":[{"href":"https:\/\/sonycenter.md\/ro\/wp-json\/wp\/v2\/types\/product"}],"replies":[{"embeddable":true,"href":"https:\/\/sonycenter.md\/ro\/wp-json\/wp\/v2\/comments?post=24168"}],"wp:featuredmedia":[{"embeddable":true,"href":"https:\/\/sonycenter.md\/ro\/wp-json\/wp\/v2\/media\/29858"}],"wp:attachment":[{"href":"https:\/\/sonycenter.md\/ro\/wp-json\/wp\/v2\/media?parent=24168"}],"wp:term":[{"taxonomy":"product_brand","embeddable":true,"href":"https:\/\/sonycenter.md\/ro\/wp-json\/wp\/v2\/product_brand?post=24168"},{"taxonomy":"product_cat","embeddable":true,"href":"https:\/\/sonycenter.md\/ro\/wp-json\/wp\/v2\/product_cat?post=24168"},{"taxonomy":"product_tag","embeddable":true,"href":"https:\/\/sonycenter.md\/ro\/wp-json\/wp\/v2\/product_tag?post=24168"}],"curies":[{"name":"wp","href":"https:\/\/api.w.org\/{rel}","templated":true}]}}