{"id":24781,"date":"2022-10-25T13:30:54","date_gmt":"2022-10-25T10:38:49","guid":{"rendered":"https:\/\/sonycenter.md\/?post_type=product&#038;p=24781"},"modified":"2023-10-05T13:19:13","modified_gmt":"2023-10-05T10:19:13","slug":"zv-1f","status":"publish","type":"product","link":"https:\/\/sonycenter.md\/ro\/magazin\/zv-1f\/","title":{"rendered":"ZV1F"},"content":{"rendered":"<p><iframe loading=\"lazy\" title=\"YouTube video player\" src=\"https:\/\/www.youtube.com\/embed\/RYyvHs8-wks\" width=\"900\" height=\"500\" frameborder=\"0\" allowfullscreen=\"allowfullscreen\"><span data-mce-type=\"bookmark\" style=\"display: inline-block; width: 0px; overflow: hidden; line-height: 0;\" class=\"mce_SELRES_start\">\ufeff<\/span><\/iframe><\/p>\n<table>\n<tbody>\n<tr>\n<td width=\"299\"><strong>Senzor<\/strong><\/td>\n<td width=\"299\"><strong>\u00a0<\/strong><\/td>\n<td width=\"299\"><\/td>\n<\/tr>\n<tr>\n<td><\/td>\n<td><strong>TIP DE SENZOR<\/strong><\/td>\n<td>Senzor CMOS Exmor RS de tip 1.0 (13,2 mm x 8,8 mm), raport de aspect 3:2<\/td>\n<\/tr>\n<tr>\n<td><\/td>\n<td><strong>NUM\u0102R DE PIXELI (EFECTIVI)<\/strong><\/td>\n<td>Aprox. 20,1 megapixeli<\/td>\n<\/tr>\n<tr>\n<td><strong>Obiectiv<\/strong><\/td>\n<td><strong>\u00a0<\/strong><\/td>\n<td><\/td>\n<\/tr>\n<tr>\n<td><\/td>\n<td><strong>TIP DE OBIECTIV<\/strong><\/td>\n<td>Obiectiv ZEISS Tessar T*, 6 elemente \u00een 6 grupuri<\/td>\n<\/tr>\n<tr>\n<td><\/td>\n<td><strong>NUM\u0102R F (DIAFRAGM\u0102 MAXIM\u0102)<\/strong><\/td>\n<td>F2,0<\/td>\n<\/tr>\n<tr>\n<td><\/td>\n<td><strong>FILTRU ND<\/strong><\/td>\n<td>&#8211;<\/td>\n<\/tr>\n<tr>\n<td><\/td>\n<td><strong>DISTAN\u0162A FOCAL\u0102<\/strong><\/td>\n<td>f = 7,6 mm<\/td>\n<\/tr>\n<tr>\n<td><\/td>\n<td><strong>UNGHI DE VIZUALIZARE (ECHIVALENT CU FORMATUL 35 MM)<\/strong><\/td>\n<td>94 \u00b0(20 mm)<\/td>\n<\/tr>\n<tr>\n<td><\/td>\n<td><strong>INTERVAL DE FOCALIZARE (DE LA PARTEA DIN FA\u0162\u0102 A OBIECTIVULUI)<\/strong><\/td>\n<td>Aprox. 5 cm (0,17 ft.) p\u00e2n\u0103 la infinit<\/td>\n<\/tr>\n<tr>\n<td><\/td>\n<td><strong>ZOOM OPTIC<\/strong><\/td>\n<td>&#8211;<\/td>\n<\/tr>\n<tr>\n<td><\/td>\n<td><strong>ZOOM CU IMAGINE CLAR\u0102 (IMAGINE STATIC\u0102)<\/strong><\/td>\n<td>20 M aprox. 2x\/10 M aprox. 2,8x\/5 M aprox. 4x<\/td>\n<\/tr>\n<tr>\n<td><\/td>\n<td><strong>ZOOM CU IMAGINE CLAR\u0102 (FILM)<\/strong><\/td>\n<td>4K: 1,5x HD: Aprox. 2x<\/td>\n<\/tr>\n<tr>\n<td><\/td>\n<td><strong>ZOOM DIGITAL (IMAGINE STATIC\u0102)<\/strong><\/td>\n<td>20 M aprox. 4x\/10 M aprox. 5,6x\/5 M aprox. 8x<\/td>\n<\/tr>\n<tr>\n<td><\/td>\n<td><strong>ZOOM DIGITAL (FILM)<\/strong><\/td>\n<td>Aprox. 4x<\/td>\n<\/tr>\n<tr>\n<td><\/td>\n<td><strong>DIAMETRU FILTRU<\/strong><\/td>\n<td>\u03c6 40,5<\/td>\n<\/tr>\n<tr>\n<td><strong>Ecran<\/strong><\/td>\n<td><strong>\u00a0<\/strong><\/td>\n<td><\/td>\n<\/tr>\n<tr>\n<td><\/td>\n<td><strong>TIP DE ECRAN<\/strong><\/td>\n<td>7,5 cm (tip 3.0) (4:3)\/921.600 de puncte\/Xtra Fine\/LCD TFT<\/td>\n<\/tr>\n<tr>\n<td><\/td>\n<td><strong>UNGHI REGLABIL<\/strong><\/td>\n<td>Unghi de deschidere: aprox. 176 de grade., Unghi de rotire: aprox. 270 de grade.<\/td>\n<\/tr>\n<tr>\n<td><\/td>\n<td><strong>FACTOR DE M\u0102RIRE CU ASISTARE MF<\/strong><\/td>\n<td>1,6x, 4,0x<\/td>\n<\/tr>\n<tr>\n<td><\/td>\n<td><strong>ECRAN TACTIL<\/strong><\/td>\n<td>Da<\/td>\n<\/tr>\n<tr>\n<td><strong>Camer\u0103 foto<\/strong><\/td>\n<td><strong>\u00a0<\/strong><\/td>\n<td><\/td>\n<\/tr>\n<tr>\n<td><\/td>\n<td><strong>MOTORUL DE PROCESARE A IMAGINII<\/strong><\/td>\n<td>Da (BIONZ X)<\/td>\n<\/tr>\n<tr>\n<td><\/td>\n<td><strong>STEADYSHOT (IMAGINE STATIC[)<\/strong><\/td>\n<td>Electronic<\/td>\n<\/tr>\n<tr>\n<td><\/td>\n<td><strong>TIP DE FOCALIZARE<\/strong><\/td>\n<td>AF cu detectarea contrastului<\/td>\n<\/tr>\n<tr>\n<td><\/td>\n<td><strong>MOD DE FOCALIZARE<\/strong><\/td>\n<td>Focalizare automat\u0103 cu un singur cadru, Focalizare automat\u0103 continu\u0103, Focalizare manual\u0103<\/td>\n<\/tr>\n<tr>\n<td><\/td>\n<td><strong>ZON\u0102 DE FOCALIZARE<\/strong><\/td>\n<td>Lat (425 de puncte, focalizare automat\u0103 cu detectarea contrastului); Zon\u0103; Centru; Punct flexibil (S\/M\/L); Punct flexibil extins<\/td>\n<\/tr>\n<tr>\n<td><\/td>\n<td><strong>URM\u0102RIREA OBIECTELOR<\/strong><\/td>\n<td>Da (urm\u0103rire)<\/td>\n<\/tr>\n<tr>\n<td><\/td>\n<td><strong>FOCALIZARE AUTOMAT\u0102 A OCHILOR<\/strong><\/td>\n<td>[Imagini statice] Om (selectare ochi drept\/st\u00e2ng)\/Animal; [Film] Om<\/td>\n<\/tr>\n<tr>\n<td><\/td>\n<td><strong>MOD DE M\u0102SURARE A LUMINII<\/strong><\/td>\n<td>Multi-model, Central ponderat\u0103, Punctual\u0103, Accentuare medie pe tot ecranul<\/td>\n<\/tr>\n<tr>\n<td><\/td>\n<td><strong>COMPENSAREA EXPUNERII<\/strong><\/td>\n<td>+\/- 3,0 EV, trepte de 1\/3 EV<\/td>\n<\/tr>\n<tr>\n<td><\/td>\n<td><strong>SENSIBILITATE ISO (IMAGINE STATIC\u0102) (INDEX DE EXPUNERE RECOMANDAT)<\/strong><\/td>\n<td>Automat (ISO 125\u20136400),125\/160\/200\/250\/320\/400\/500\/640\/800\/1000\/1250\/1600\/2000\/2500\/3200\/4000\/5000\/6400\/8000\/10000\/12800 (Se poate extinde la ISO 80\/100)<\/td>\n<\/tr>\n<tr>\n<td><\/td>\n<td><strong>SENSIBILITATEA ISO (FILM)<\/strong><\/td>\n<td>Automat:(Nivel ISO 125\u2013Nivel ISO 6400), 125\/160\/200\/250\/320\/400\/500\/640\/800\/1000\/1250\/1600\/2000\/2500\/3200\/4000\/5000\/6400\/8000\/10000\/12800<\/td>\n<\/tr>\n<tr>\n<td><\/td>\n<td><strong>MODURI BALANS DE ALB<\/strong><\/td>\n<td>Auto, Zi, Umbr\u0103, \u00cennorat, Incandescent, Fluorescent: Alb cald, Fluorescent: Alb rece; Fluorescent: Alb diurn, Fluorescent: Zi; Subacvatic automat; Temperatur\u0103 culoare\/Filtru; Personalizat<\/td>\n<\/tr>\n<tr>\n<td><\/td>\n<td><strong>MICROREGLARE BALANS DE ALB<\/strong><\/td>\n<td>Da (G7 &#8211; M7, 57 de trepte) (A7 &#8211; B7, 29 de trepte)<\/td>\n<\/tr>\n<tr>\n<td><\/td>\n<td><strong>OBTURATOR ELECTRONIC<\/strong><\/td>\n<td>Program automat (1\/4 \u2013 1\/32000)\/Manual(1\/4 \u2013 1\/32000)\/Prioritate diafragm\u0103 (1\/4 \u2013 1\/32000)\/Prioritate timp de expunere (1\/4 \u2013 1\/32000)<\/td>\n<\/tr>\n<tr>\n<td><\/td>\n<td><strong>DIAFRAGMA<\/strong><\/td>\n<td>Program automat (F2\/F8)\/Manual (F2\/F8)\/Prioritate timp de expunere (F2\/F8)\/Prioritate diafragm\u0103 (F2\/F8)<\/td>\n<\/tr>\n<tr>\n<td><\/td>\n<td><strong>CONTROL IMAGINE<\/strong><\/td>\n<td>Contrast, Satura\u021bie, Claritate, Stil creativ, Spa\u021biu cromatic, Calitate (JPEG Extrafin, Fin, Standard)<\/td>\n<\/tr>\n<tr>\n<td><\/td>\n<td><strong>REDUCEREA ZGOMOTULUI<\/strong><\/td>\n<td>Reducerea zgomotului la valori ISO ridicate: Normal\/Sc\u0103zut\/Dezactivat<\/td>\n<\/tr>\n<tr>\n<td><\/td>\n<td><strong>FUNC\u0162II INTERVAL DINAMIC<\/strong><\/td>\n<td>Dezactivat, Optimizare a intervalului dinamic (auto\/nivel (1\u20135)<\/td>\n<\/tr>\n<tr>\n<td><\/td>\n<td><strong>MOD DE FILMARE<\/strong><\/td>\n<td>Auto (Automat inteligent), Program automat, Prioritate diafragm\u0103, Prioritate timp de expunere, Expunere manual\u0103, Mod film (Program Automat, Prioritate diafragm\u0103, Prioritate timp de expunere, Expunere manual\u0103, Automat film (Automat inteligent)), Mod S&amp;Q (Program automat, Prioritate diafragm\u0103, Prioritate timp de expunere, Expunere manual\u0103, S&amp;Q Automat (Automat inteligent))<\/td>\n<\/tr>\n<tr>\n<td><\/td>\n<td><strong>VITEZ\u0102 \u00ceNREGISTRARE CONTINU\u0102 (MAXIMUM) (CU NR MAX. DE PIXELI DE \u00ceNREGISTRARE)<\/strong><\/td>\n<td>Fotografiere continu\u0103 cu prioritate timp de expunere: aprox. 16 cps, Fotografiere continu\u0103: aprox. 3,5 cps<\/td>\n<\/tr>\n<tr>\n<td><\/td>\n<td><strong>TEMPORIZATOR AUTOMAT<\/strong><\/td>\n<td>10 sec.\/5 sec.\/2 sec.\/temporizator automat (film)<\/td>\n<\/tr>\n<tr>\n<td><\/td>\n<td><strong>MODURI DE DECLAN\u015eARE<\/strong><\/td>\n<td>Imagine unic\u0103, Fotografiere continu\u0103, Temporizator automat<\/td>\n<\/tr>\n<tr>\n<td><\/td>\n<td><strong>\u00ceNREGISTRARE INTERVAL<\/strong><\/td>\n<td>Da (interval de 1\u201360 sec., 1\u20139999 fotografii, blocare AE\/urm\u0103rire AE (ridicat\/mediu\/sc\u0103zut))<\/td>\n<\/tr>\n<tr>\n<td><\/td>\n<td><strong>PANORAM\u0102 (CAPTUR\u0102)<\/strong><\/td>\n<td>&#8211;<\/td>\n<\/tr>\n<tr>\n<td><\/td>\n<td><strong>PROFIL IMAGINE<\/strong><\/td>\n<td>oprit\/PP1-PP10 (Nivel de negru, gamma (film, imagine static\u0103, Cine1-2, ITU709, ITU709 [800 %], S-Log2, S-Log3, HLG, HLG1, HLG2, HLG3), gamma negru, cot de curb\u0103, mod culoare, satura\u021bie, faz\u0103 culoare, ad\u00e2ncime culoare, detalii, copiere, resetare)<\/td>\n<\/tr>\n<tr>\n<td><strong>\u00cenregistrare<\/strong><\/td>\n<td><strong>\u00a0<\/strong><\/td>\n<td><\/td>\n<\/tr>\n<tr>\n<td><\/td>\n<td><strong>MEDIU DE \u00ceNREGISTRARE COMPATIBIL<\/strong><\/td>\n<td>[XAVC S (100 Mbps)] Card de memorie SDXC\/SDHC (UHS-I U3 sau superior); [XAVC S (60 Mbps\/50 Mbps)] Card de memorie SDXC\/SDHC (Clasa 10 sau superior); [Imagine static\u0103] Memory Stick Duo, Memory Stick PRO Duo, Memory Stick PRO-HG Duo, Memory Stick Micro4, Memory Stick Micro(Mark2), Card de memorie SDXC\/SDHC\/SD (Clasa 4 sau superior), Card de memorie micro SDXC\/SDHC\/SD (Clasa 4 sau superior)<\/td>\n<\/tr>\n<tr>\n<td><\/td>\n<td><strong>FORMAT \u00ceNREGISTRARE<\/strong><\/td>\n<td>[Imagine static\u0103]: JPEG (compatibilitate cu DCF ver. 2.0, Exif ver. 2.32, MPF Baseline), [Film]: XAVC S<\/td>\n<\/tr>\n<tr>\n<td><\/td>\n<td><strong>FORMAT \u00ceNREGISTRARE (SUNET FILM)<\/strong><\/td>\n<td>XAVC S:LPCM pe 2 canale<\/td>\n<\/tr>\n<tr>\n<td><\/td>\n<td><strong>SPA\u0162IU DE CULOARE (IMAGINI STATICE)<\/strong><\/td>\n<td>sRGB, Adobe RGB<\/td>\n<\/tr>\n<tr>\n<td><\/td>\n<td><strong>DCF\/DPOF<\/strong><\/td>\n<td>DCF\/EXIF\/MPF<\/td>\n<\/tr>\n<tr>\n<td><\/td>\n<td><strong>NUM\u0102R DE PIXELI DE \u00ceNREGISTRARE A IMAGINILOR STATICE (DIMENSIUNE IMAGINE)<\/strong><\/td>\n<td>Mod 3:2: 20 M (5.472\u00d73.648)\/10 M (3.888\u00d72.592)\/5 M (2.736\u00d71.824), Mod 4:3: 18 M (4.864\u00d73.648)\/10 M (3.648\u00d72.736)\/5 M (2.592\u00d71.944)\/Mod 16:9: 17 M (5.472\u00d73.080)\/7,5 M (3.648\u00d72.056)\/4,2 M (2.720\u00d71.528), Mod 1:1: 13 M (3.648\u00d73.648)\/6,5 M (2.544\u00d72.544)\/3,7 M (1.920\u00d71.920)<\/td>\n<\/tr>\n<tr>\n<td><\/td>\n<td><strong>MOD \u00ceNREGISTRARE FILME (NTSC)<\/strong><\/td>\n<td>Selector NTSC\/PAL: [NTSC] XAVC S 4K: 30p 100 M (3.840&#215;2.160\/30p)\/30p 60 M (3.840&#215;2.160\/30p)\/24p 100 M (3.840&#215;2.160\/24p)\/24p 60 M (3.840&#215;2.160\/24p), XAVC S HD: 60p 50 M (1.920&#215;1.080\/60p)\/60p 25 M (1.920&#215;1.080\/60p)\/30p 50 M (1.920&#215;1.080\/30p)\/30p 16 M (1.920&#215;1.080\/30p)\/24p 50 M (1.920&#215;1.080\/24p)\/120p 100 M (1.920&#215;1.080\/120p)\/120p 60 M(1.920&#215;1.080\/120p)<\/td>\n<\/tr>\n<tr>\n<td><\/td>\n<td><strong>MOD \u00ceNREGISTRARE FILME (PAL)<\/strong><\/td>\n<td>Selector NTSC\/PAL: Mod [PAL] XAVC S 4K: 25p 100M (3.840&#215;2.160\/25p)\/25p 60M (3.840&#215;2, 160\/25p), XAVC S HD:50p 50M (1.920&#215;1.080\/50p)\/50p 25M (1.920&#215;1.080\/50p)\/25p 50M (1.920&#215;1.080\/25p)\/25p 16M (1.920&#215;1.080\/25p)\/100p 100M (1.920&#215;1.080\/100p)\/100p 60M (1.920&#215;1.080\/100p),<\/td>\n<\/tr>\n<tr>\n<td><\/td>\n<td><strong>NUM\u0102R DE PIXELI DE \u00ceNREGISTRARE A IMAGINILOR STATICE (DIMENSIUNE IMAGINE) \u00ceN TIMPUL FILM\u0102RII<\/strong><\/td>\n<td>XAVC S 4K: 8,3 M (3840\u00d72160) XAVC S HD: 2,1 M (1920\u00d71080)<\/td>\n<\/tr>\n<tr>\n<td><\/td>\n<td><strong>\u00ceNREGISTRARE PE SERVER PROXY<\/strong><\/td>\n<td>Da (1280 x 720 (aprox. 9 Mb\/s))<\/td>\n<\/tr>\n<tr>\n<td><strong>Interfa\u0163\u0103<\/strong><\/td>\n<td><strong>\u00a0<\/strong><\/td>\n<td><\/td>\n<\/tr>\n<tr>\n<td><\/td>\n<td><strong>TERMINALE DE INTRARE \u015eI IE\u015eIRE<\/strong><\/td>\n<td>Terminal USB Type-C (USB2.0), Micro HDMI, Muf\u0103 microfon (minimuf\u0103 stereo 3,5 mm)<\/td>\n<\/tr>\n<tr>\n<td><\/td>\n<td><strong>NFC<\/strong><\/td>\n<td>&#8211;<\/td>\n<\/tr>\n<tr>\n<td><\/td>\n<td><strong>WI-FI<\/strong><\/td>\n<td>Da (IEEE 802.11b\/g\/n (band\u0103 de 2,4 GHz))<\/td>\n<\/tr>\n<tr>\n<td><\/td>\n<td><strong>INTERFE\u0162E<\/strong><\/td>\n<td>&#8211;<\/td>\n<\/tr>\n<tr>\n<td><\/td>\n<td><strong>BLUETOOTH\u00ae<\/strong><\/td>\n<td>Da (standard Bluetooth ver. 4.1 (banda de 2,4 Ghz)<\/td>\n<\/tr>\n<tr>\n<td><strong>Alimentare<\/strong><\/td>\n<td><strong>\u00a0<\/strong><\/td>\n<td><\/td>\n<\/tr>\n<tr>\n<td><\/td>\n<td><strong>SURS\u0102 DE ALIMENTARE<\/strong><\/td>\n<td>3,6 V c.c. (baterie inclus\u0103)<\/td>\n<\/tr>\n<tr>\n<td><\/td>\n<td><strong>SISTEM BATERIE<\/strong><\/td>\n<td>Acumulator NP-BX1<\/td>\n<\/tr>\n<tr>\n<td><\/td>\n<td><strong>CONSUM DE ENERGIE (MOD CAMER\u0102)<\/strong><\/td>\n<td>Aprox. 1,5 W cu monitor LCD (standard CIPA)<\/td>\n<\/tr>\n<tr>\n<td><\/td>\n<td><strong>\u00ceNC\u0102RCARE PRIN USB\/SURS\u0102 DE ALIMENTARE USB<\/strong><\/td>\n<td>Da (\u00cenregistrare, Redare)<\/td>\n<\/tr>\n<tr>\n<td><\/td>\n<td><strong>AUTONOMIE A BATERIEI (IMAGINI STATICE) (CIPA)\u00a0<\/strong><\/td>\n<td>Monitor: aprox. 360\/Aprox. 180 min., Monitor (c\u00e2nd func\u021bia Dezactivare automat\u0103 monitor este setat\u0103 la 2 sec): Aprox. 540\/Aprox. 270 min.,<\/td>\n<\/tr>\n<tr>\n<td><\/td>\n<td><strong>AUTONOMIE A BATERIEI (FILME, \u00ceNREGISTRARE SIMPL\u0102) (CIPA)\u00a0<\/strong><\/td>\n<td>Monitor: aprox. 60 min.<\/td>\n<\/tr>\n<tr>\n<td><\/td>\n<td><strong>AUTONOMIE A BATERIEI (FILME, \u00ceNREGISTRARE CONTINU\u0102) (CIPA)\u00a0<\/strong><\/td>\n<td>Monitor: aprox. 90 min.<\/td>\n<\/tr>\n<tr>\n<td><strong>Altele<\/strong><\/td>\n<td><strong>\u00a0<\/strong><\/td>\n<td><\/td>\n<\/tr>\n<tr>\n<td><\/td>\n<td><strong>FUNC\u0162II DE FOTOGRAFIERE<\/strong><\/td>\n<td>Marcaj de \u00eenregistrare, Efect Piele catifelat\u0103, Setare Prezentare produs, Defocalizare fundal, Zoom \u00een trepte, Detectare fa\u021b\u0103, \u00cenregistrare fa\u021b\u0103, Caroiaj, Indicator de nivel digital (ax\u0103 lateral\u0103 \u0219i ax\u0103 longitudinal\u0103), Marcaj contrast ridicat (Afi\u0219aj: Dezactivat\/Activat) (Nivel: ridicat\/mediu\/sc\u0103zut) (Culoare: ro\u0219u\/galben\/albastru\/alb), Model zebr\u0103, Afi\u0219are marcaj, Nivel \u00eenregistrare audio, Afi\u0219are nivel audio, Telecomand\u0103 PC, Asisten\u021b\u0103 afi\u0219are gamma, Setare nume fi\u0219ier, Obturator tactil\/Focalizare tactil\u0103\/Urm\u0103rire tactil\u0103, Meniul meu<\/td>\n<\/tr>\n<tr>\n<td><\/td>\n<td><strong>FUNC\u0162II DE REDARE<\/strong><\/td>\n<td>BRAVIA\u00ae Sync (control pentru HDMI); Vizualizare index cu 9\/25 cadre; Orientare automat\u0103; Redare diapozitive; Derulare \u00eenainte\/\u00eenapoi (film); \u0218tergere Protec\u021bie; Captur\u0103 foto; Evaluare; Rotire automat\u0103 a imaginii<\/td>\n<\/tr>\n<tr>\n<td><\/td>\n<td><strong>TRILUMINOS COLOR<\/strong><\/td>\n<td>Da<\/td>\n<\/tr>\n<tr>\n<td><\/td>\n<td><strong>IE\u015eIRE IMAGINE 4K<\/strong><\/td>\n<td>Da<\/td>\n<\/tr>\n<tr>\n<td><\/td>\n<td><strong>TEMPERATURA DE FUNC\u0162IONARE<\/strong><\/td>\n<td>0 grade C. &#8211; +40 grade C. \/ 32 grade F. &#8211; 104 grade F.<\/td>\n<\/tr>\n<tr>\n<td><strong>Dimensiune \u015fi greutate<\/strong><\/td>\n<td><strong>\u00a0<\/strong><\/td>\n<td><\/td>\n<\/tr>\n<tr>\n<td><\/td>\n<td><strong>DIMENSIUNI (L X H X A) (APROX.)<\/strong><\/td>\n<td>105,5 x 60,0 x 46,4 mm (4 1\/4 inchi \u00d7 2 3\/8 inchi \u00d7 1 7\/8 inchi)<\/td>\n<\/tr>\n<tr>\n<td><\/td>\n<td><strong>GREUTATE (CONFORM CIPA)<\/strong><\/td>\n<td>Aprox. 256 g (9,1 oz.) (bateria \u0219i cardul de memorie incluse)\/aprox. 229 g (8,1 oz.) (doar corpul)<\/td>\n<\/tr>\n<tr>\n<td><strong>Ce este \u00een cutie<\/strong><\/td>\n<td><strong>\u00a0<\/strong><\/td>\n<td><\/td>\n<\/tr>\n<tr>\n<td><\/td>\n<td><strong>Acumulator re\u00eenc\u0103rcabil (NP-BX1), cablu USB Type-C (USB 2.0), protec\u021bie la v\u00e2nt, adaptor protec\u021bie la v\u00e2nt, manual de instruc\u021biuni<\/strong><\/td>\n<td><\/td>\n<\/tr>\n<\/tbody>\n<\/table>\n","protected":false},"excerpt":{"rendered":"<ul>\n<li>Tip de senzor : CMOS Exmor RS de tip 1.0 (13,2 mm x 8,8 mm)<\/li>\n<li>Numar de pixeli : Aprox . 20.1 Mp<\/li>\n<li>Diafragma maxima : F 2,0<\/li>\n<li>Distanta focala : f = 7.6 mm<\/li>\n<li>Zoom digital : Aprox. 4x<\/li>\n<li>Video\u00a0 : 4K 30p<\/li>\n<li>Ecranul tactil<\/li>\n<\/ul>\n","protected":false},"featured_media":24775,"comment_status":"open","ping_status":"closed","template":"","meta":[],"product_brand":[],"product_cat":[654],"product_tag":[],"class_list":{"0":"post-24781","1":"product","2":"type-product","3":"status-publish","4":"has-post-thumbnail","6":"product_cat-camere-cybershot","8":"first","9":"outofstock","10":"sale","11":"shipping-taxable","12":"purchasable","13":"product-type-simple"},"yoast_head":"<!-- This site is optimized with the Yoast SEO plugin v26.3 - https:\/\/yoast.com\/wordpress\/plugins\/seo\/ -->\n<title>ZV1F | sonycenter.md<\/title>\n<meta name=\"description\" content=\"ZV1F - \u043a\u0443\u043f\u0438\u0442\u044c \u0432 \u041a\u0438\u0448\u0438\u043d\u0435\u0432\u0435. \u0428\u0438\u0440\u043e\u043a\u0438\u0439 \u0430\u0441\u0441\u043e\u0440\u0442\u0438\u043c\u0435\u043d\u0442 \u043f\u0440\u043e\u0434\u0443\u043a\u0446\u0438\u0438 SONY \u0432 \u0444\u0438\u0440\u043c\u0435\u043d\u043d\u043e\u043c \u043c\u0430\u0433\u0430\u0437\u0438\u043d\u0435 SONY\" \/>\n<meta name=\"robots\" content=\"index, follow, max-snippet:-1, max-image-preview:large, max-video-preview:-1\" \/>\n<link rel=\"canonical\" href=\"https:\/\/sonycenter.md\/ro\/magazin\/zv-1f\/\" \/>\n<meta property=\"og:locale\" content=\"ro_RO\" \/>\n<meta property=\"og:type\" content=\"article\" \/>\n<meta property=\"og:title\" content=\"ZV1F | sonycenter.md\" \/>\n<meta property=\"og:description\" content=\"ZV1F - \u043a\u0443\u043f\u0438\u0442\u044c \u0432 \u041a\u0438\u0448\u0438\u043d\u0435\u0432\u0435. \u0428\u0438\u0440\u043e\u043a\u0438\u0439 \u0430\u0441\u0441\u043e\u0440\u0442\u0438\u043c\u0435\u043d\u0442 \u043f\u0440\u043e\u0434\u0443\u043a\u0446\u0438\u0438 SONY \u0432 \u0444\u0438\u0440\u043c\u0435\u043d\u043d\u043e\u043c \u043c\u0430\u0433\u0430\u0437\u0438\u043d\u0435 SONY\" \/>\n<meta property=\"og:url\" content=\"https:\/\/sonycenter.md\/ro\/magazin\/zv-1f\/\" \/>\n<meta property=\"og:site_name\" content=\"SONY\" \/>\n<meta property=\"article:modified_time\" content=\"2023-10-05T10:19:13+00:00\" \/>\n<meta property=\"og:image\" content=\"https:\/\/sonycenter.md\/wp-content\/uploads\/2022\/10\/ZV-1F.jpg\" \/>\n\t<meta property=\"og:image:width\" content=\"600\" \/>\n\t<meta property=\"og:image:height\" content=\"600\" \/>\n\t<meta property=\"og:image:type\" content=\"image\/jpeg\" \/>\n<meta name=\"twitter:card\" content=\"summary_large_image\" \/>\n<meta name=\"twitter:label1\" content=\"Est. reading time\" \/>\n\t<meta name=\"twitter:data1\" content=\"6 minutes\" \/>\n<script type=\"application\/ld+json\" class=\"yoast-schema-graph\">{\"@context\":\"https:\/\/schema.org\",\"@graph\":[{\"@type\":[\"WebPage\",\"ItemPage\"],\"@id\":\"https:\/\/sonycenter.md\/ro\/magazin\/zv-1f\/\",\"url\":\"https:\/\/sonycenter.md\/ro\/magazin\/zv-1f\/\",\"name\":\"ZV1F | sonycenter.md\",\"isPartOf\":{\"@id\":\"https:\/\/sonycenter.md\/#website\"},\"primaryImageOfPage\":{\"@id\":\"https:\/\/sonycenter.md\/ro\/magazin\/zv-1f\/#primaryimage\"},\"image\":{\"@id\":\"https:\/\/sonycenter.md\/ro\/magazin\/zv-1f\/#primaryimage\"},\"thumbnailUrl\":\"https:\/\/sonycenter.md\/wp-content\/uploads\/2022\/10\/ZV-1F.jpg\",\"datePublished\":\"2022-10-25T10:38:49+00:00\",\"dateModified\":\"2023-10-05T10:19:13+00:00\",\"description\":\"ZV1F - \u043a\u0443\u043f\u0438\u0442\u044c \u0432 \u041a\u0438\u0448\u0438\u043d\u0435\u0432\u0435. \u0428\u0438\u0440\u043e\u043a\u0438\u0439 \u0430\u0441\u0441\u043e\u0440\u0442\u0438\u043c\u0435\u043d\u0442 \u043f\u0440\u043e\u0434\u0443\u043a\u0446\u0438\u0438 SONY \u0432 \u0444\u0438\u0440\u043c\u0435\u043d\u043d\u043e\u043c \u043c\u0430\u0433\u0430\u0437\u0438\u043d\u0435 SONY\",\"breadcrumb\":{\"@id\":\"https:\/\/sonycenter.md\/ro\/magazin\/zv-1f\/#breadcrumb\"},\"inLanguage\":\"ro-RO\",\"potentialAction\":[{\"@type\":\"ReadAction\",\"target\":[\"https:\/\/sonycenter.md\/ro\/magazin\/zv-1f\/\"]}]},{\"@type\":\"ImageObject\",\"inLanguage\":\"ro-RO\",\"@id\":\"https:\/\/sonycenter.md\/ro\/magazin\/zv-1f\/#primaryimage\",\"url\":\"https:\/\/sonycenter.md\/wp-content\/uploads\/2022\/10\/ZV-1F.jpg\",\"contentUrl\":\"https:\/\/sonycenter.md\/wp-content\/uploads\/2022\/10\/ZV-1F.jpg\",\"width\":600,\"height\":600,\"caption\":\"ZV1F\"},{\"@type\":\"BreadcrumbList\",\"@id\":\"https:\/\/sonycenter.md\/ro\/magazin\/zv-1f\/#breadcrumb\",\"itemListElement\":[{\"@type\":\"ListItem\",\"position\":1,\"name\":\"\u0413\u043b\u0430\u0432\u043d\u0430\u044f \u0441\u0442\u0440\u0430\u043d\u0438\u0446\u0430\",\"item\":\"https:\/\/sonycenter.md\/ro\/\"},{\"@type\":\"ListItem\",\"position\":2,\"name\":\"Magazin\",\"item\":\"https:\/\/sonycenter.md\/shop\/\"},{\"@type\":\"ListItem\",\"position\":3,\"name\":\"ZV1F\"}]},{\"@type\":\"WebSite\",\"@id\":\"https:\/\/sonycenter.md\/#website\",\"url\":\"https:\/\/sonycenter.md\/\",\"name\":\"sonycenter.md\",\"description\":\"SONYCENTER \u00een Chi\u0219in\u0103u\",\"publisher\":{\"@id\":\"https:\/\/sonycenter.md\/#organization\"},\"potentialAction\":[{\"@type\":\"SearchAction\",\"target\":{\"@type\":\"EntryPoint\",\"urlTemplate\":\"https:\/\/sonycenter.md\/?s={search_term_string}\"},\"query-input\":{\"@type\":\"PropertyValueSpecification\",\"valueRequired\":true,\"valueName\":\"search_term_string\"}}],\"inLanguage\":\"ro-RO\"},{\"@type\":\"Organization\",\"@id\":\"https:\/\/sonycenter.md\/#organization\",\"name\":\"sonycenter.md\",\"url\":\"https:\/\/sonycenter.md\/\",\"logo\":{\"@type\":\"ImageObject\",\"inLanguage\":\"ro-RO\",\"@id\":\"https:\/\/sonycenter.md\/#\/schema\/logo\/image\/\",\"url\":\"\",\"contentUrl\":\"\",\"caption\":\"sonycenter.md\"},\"image\":{\"@id\":\"https:\/\/sonycenter.md\/#\/schema\/logo\/image\/\"}}]}<\/script>\n<!-- \/ Yoast SEO plugin. -->","yoast_head_json":{"title":"ZV1F | sonycenter.md","description":"ZV1F - \u043a\u0443\u043f\u0438\u0442\u044c \u0432 \u041a\u0438\u0448\u0438\u043d\u0435\u0432\u0435. \u0428\u0438\u0440\u043e\u043a\u0438\u0439 \u0430\u0441\u0441\u043e\u0440\u0442\u0438\u043c\u0435\u043d\u0442 \u043f\u0440\u043e\u0434\u0443\u043a\u0446\u0438\u0438 SONY \u0432 \u0444\u0438\u0440\u043c\u0435\u043d\u043d\u043e\u043c \u043c\u0430\u0433\u0430\u0437\u0438\u043d\u0435 SONY","robots":{"index":"index","follow":"follow","max-snippet":"max-snippet:-1","max-image-preview":"max-image-preview:large","max-video-preview":"max-video-preview:-1"},"canonical":"https:\/\/sonycenter.md\/ro\/magazin\/zv-1f\/","og_locale":"ro_RO","og_type":"article","og_title":"ZV1F | sonycenter.md","og_description":"ZV1F - \u043a\u0443\u043f\u0438\u0442\u044c \u0432 \u041a\u0438\u0448\u0438\u043d\u0435\u0432\u0435. \u0428\u0438\u0440\u043e\u043a\u0438\u0439 \u0430\u0441\u0441\u043e\u0440\u0442\u0438\u043c\u0435\u043d\u0442 \u043f\u0440\u043e\u0434\u0443\u043a\u0446\u0438\u0438 SONY \u0432 \u0444\u0438\u0440\u043c\u0435\u043d\u043d\u043e\u043c \u043c\u0430\u0433\u0430\u0437\u0438\u043d\u0435 SONY","og_url":"https:\/\/sonycenter.md\/ro\/magazin\/zv-1f\/","og_site_name":"SONY","article_modified_time":"2023-10-05T10:19:13+00:00","og_image":[{"width":600,"height":600,"url":"https:\/\/sonycenter.md\/wp-content\/uploads\/2022\/10\/ZV-1F.jpg","type":"image\/jpeg"}],"twitter_card":"summary_large_image","twitter_misc":{"Est. reading time":"6 minutes"},"schema":{"@context":"https:\/\/schema.org","@graph":[{"@type":["WebPage","ItemPage"],"@id":"https:\/\/sonycenter.md\/ro\/magazin\/zv-1f\/","url":"https:\/\/sonycenter.md\/ro\/magazin\/zv-1f\/","name":"ZV1F | sonycenter.md","isPartOf":{"@id":"https:\/\/sonycenter.md\/#website"},"primaryImageOfPage":{"@id":"https:\/\/sonycenter.md\/ro\/magazin\/zv-1f\/#primaryimage"},"image":{"@id":"https:\/\/sonycenter.md\/ro\/magazin\/zv-1f\/#primaryimage"},"thumbnailUrl":"https:\/\/sonycenter.md\/wp-content\/uploads\/2022\/10\/ZV-1F.jpg","datePublished":"2022-10-25T10:38:49+00:00","dateModified":"2023-10-05T10:19:13+00:00","description":"ZV1F - \u043a\u0443\u043f\u0438\u0442\u044c \u0432 \u041a\u0438\u0448\u0438\u043d\u0435\u0432\u0435. \u0428\u0438\u0440\u043e\u043a\u0438\u0439 \u0430\u0441\u0441\u043e\u0440\u0442\u0438\u043c\u0435\u043d\u0442 \u043f\u0440\u043e\u0434\u0443\u043a\u0446\u0438\u0438 SONY \u0432 \u0444\u0438\u0440\u043c\u0435\u043d\u043d\u043e\u043c \u043c\u0430\u0433\u0430\u0437\u0438\u043d\u0435 SONY","breadcrumb":{"@id":"https:\/\/sonycenter.md\/ro\/magazin\/zv-1f\/#breadcrumb"},"inLanguage":"ro-RO","potentialAction":[{"@type":"ReadAction","target":["https:\/\/sonycenter.md\/ro\/magazin\/zv-1f\/"]}]},{"@type":"ImageObject","inLanguage":"ro-RO","@id":"https:\/\/sonycenter.md\/ro\/magazin\/zv-1f\/#primaryimage","url":"https:\/\/sonycenter.md\/wp-content\/uploads\/2022\/10\/ZV-1F.jpg","contentUrl":"https:\/\/sonycenter.md\/wp-content\/uploads\/2022\/10\/ZV-1F.jpg","width":600,"height":600,"caption":"ZV1F"},{"@type":"BreadcrumbList","@id":"https:\/\/sonycenter.md\/ro\/magazin\/zv-1f\/#breadcrumb","itemListElement":[{"@type":"ListItem","position":1,"name":"\u0413\u043b\u0430\u0432\u043d\u0430\u044f \u0441\u0442\u0440\u0430\u043d\u0438\u0446\u0430","item":"https:\/\/sonycenter.md\/ro\/"},{"@type":"ListItem","position":2,"name":"Magazin","item":"https:\/\/sonycenter.md\/shop\/"},{"@type":"ListItem","position":3,"name":"ZV1F"}]},{"@type":"WebSite","@id":"https:\/\/sonycenter.md\/#website","url":"https:\/\/sonycenter.md\/","name":"sonycenter.md","description":"SONYCENTER \u00een Chi\u0219in\u0103u","publisher":{"@id":"https:\/\/sonycenter.md\/#organization"},"potentialAction":[{"@type":"SearchAction","target":{"@type":"EntryPoint","urlTemplate":"https:\/\/sonycenter.md\/?s={search_term_string}"},"query-input":{"@type":"PropertyValueSpecification","valueRequired":true,"valueName":"search_term_string"}}],"inLanguage":"ro-RO"},{"@type":"Organization","@id":"https:\/\/sonycenter.md\/#organization","name":"sonycenter.md","url":"https:\/\/sonycenter.md\/","logo":{"@type":"ImageObject","inLanguage":"ro-RO","@id":"https:\/\/sonycenter.md\/#\/schema\/logo\/image\/","url":"","contentUrl":"","caption":"sonycenter.md"},"image":{"@id":"https:\/\/sonycenter.md\/#\/schema\/logo\/image\/"}}]}},"_links":{"self":[{"href":"https:\/\/sonycenter.md\/ro\/wp-json\/wp\/v2\/product\/24781","targetHints":{"allow":["GET"]}}],"collection":[{"href":"https:\/\/sonycenter.md\/ro\/wp-json\/wp\/v2\/product"}],"about":[{"href":"https:\/\/sonycenter.md\/ro\/wp-json\/wp\/v2\/types\/product"}],"replies":[{"embeddable":true,"href":"https:\/\/sonycenter.md\/ro\/wp-json\/wp\/v2\/comments?post=24781"}],"wp:featuredmedia":[{"embeddable":true,"href":"https:\/\/sonycenter.md\/ro\/wp-json\/wp\/v2\/media\/24775"}],"wp:attachment":[{"href":"https:\/\/sonycenter.md\/ro\/wp-json\/wp\/v2\/media?parent=24781"}],"wp:term":[{"taxonomy":"product_brand","embeddable":true,"href":"https:\/\/sonycenter.md\/ro\/wp-json\/wp\/v2\/product_brand?post=24781"},{"taxonomy":"product_cat","embeddable":true,"href":"https:\/\/sonycenter.md\/ro\/wp-json\/wp\/v2\/product_cat?post=24781"},{"taxonomy":"product_tag","embeddable":true,"href":"https:\/\/sonycenter.md\/ro\/wp-json\/wp\/v2\/product_tag?post=24781"}],"curies":[{"name":"wp","href":"https:\/\/api.w.org\/{rel}","templated":true}]}}