{"id":25064,"date":"2023-01-30T16:24:03","date_gmt":"2023-01-30T14:24:03","guid":{"rendered":"https:\/\/sonycenter.md\/?post_type=product&#038;p=25064"},"modified":"2025-08-14T11:13:57","modified_gmt":"2025-08-14T08:13:57","slug":"sel2070g","status":"publish","type":"product","link":"https:\/\/sonycenter.md\/ro\/magazin\/sel2070g\/","title":{"rendered":"SEL2070G"},"content":{"rendered":"<p><span style=\"color: #000000;\">Specifica\u021bii suplimentare pentru <span style=\"color: #0000ff;\"><a style=\"color: #0000ff;\" href=\"https:\/\/sonycenter.md\/ro\/category\/accesorii-foto-video\/obiective\/obiective-zoom\/\">obiectivul zoom<\/a><\/span> SONY FE 20-70mm F4 G:<\/span><\/p>\n<p><span style=\"color: #000000;\"><img decoding=\"async\" src=\"https:\/\/sony.scene7.com\/is\/image\/sonyglobalsolutions\/FeatureBenefit_01_Mobile-7?$smallStaticImage$\" alt=\"\u0428\u0438\u0440\u043e\u043a\u043e\u0443\u0433\u043e\u043b\u044c\u043d\u044b\u0439 \u0441\u043d\u0438\u043c\u043e\u043a \u043f\u0443\u0441\u0442\u044b\u043d\u043d\u043e\u0433\u043e \u043f\u0435\u0439\u0437\u0430\u0436\u0430 \u043d\u0430 \u0444\u043e\u043d\u0435 \u0437\u0430\u0445\u043e\u0434\u044f\u0449\u0435\u0433\u043e \u0441\u043e\u043b\u043d\u0446\u0430 \u0438 \u0433\u043e\u0440 \u0432\u0434\u0430\u043b\u0435\u043a\u0435\" \/><\/span><\/p>\n<h3 class=\"PdpSmallStaticImage__Title\"><span style=\"color: #000000;\">De la ultralarg 20 mm la 70 mm<\/span><\/h3>\n<p><span style=\"color: #000000;\">Cu un interval de zoom f\u0103r\u0103 precedent, de la unghi ultralarg de 20 mm la teleobiectiv de distan\u021b\u0103 scurt\u0103 70 mm, acest obiectiv versatil este o alegere excelent\u0103 pentru o gam\u0103 larg\u0103 de subiec\u021bi pentru fotografii \u0219i filme. Unghiul ultralarg al intervalului de zoom, de 20 mm, men\u021bine unghiul de vizualizare larg la \u00eenregistrarea filmelor \u00een raport 16:9 sau 2,35:1, ceea ce reduce unghiul de vizualizare.<\/span><\/p>\n<hr \/>\n<p><span style=\"color: #000000;\"><img decoding=\"async\" src=\"https:\/\/sony.scene7.com\/is\/image\/sonyglobalsolutions\/FeatureBenefit_02_Mobile-7?$smallStaticImage$\" alt=\"\u041f\u0440\u043e\u0444\u0438\u043b\u044c\u043d\u044b\u0439 \u043f\u043e\u0440\u0442\u0440\u0435\u0442 \u0436\u0435\u043d\u0449\u0438\u043d\u044b, \u0441\u043c\u043e\u0442\u0440\u044f\u0449\u0435\u0439 \u043d\u0430 \u043d\u0438\u0436\u043d\u044e\u044e \u043f\u0430\u043b\u0443\u0431\u0443 \u043a\u043e\u0440\u0430\u0431\u043b\u044f\" \/><\/span><\/p>\n<h3 class=\"PdpSmallStaticImage__Title\"><span style=\"color: #000000;\">Calitatea superb\u0103 a imaginilor, specific\u0103 G Lens<\/span><\/h3>\n<p><span style=\"color: #000000;\">Cu dou\u0103 elemente AA (asferic avansat), un element asferic, trei elemente de sticl\u0103 ED (dispersie extrem de sc\u0103zut\u0103) \u0219i un element asferic ED, designul acestui obiectiv de top corecteaz\u0103 abera\u021bia cromatic\u0103 \u0219i cea sferic\u0103 pentru performan\u021b\u0103 optic\u0103 ridicat\u0103 p\u00e2n\u0103 la marginile imaginii, de la unghi ultralarg 20 mm la 70 mm.<\/span><\/p>\n<hr \/>\n<p><span style=\"color: #000000;\"><img decoding=\"async\" src=\"https:\/\/sony.scene7.com\/is\/image\/sonyglobalsolutions\/FeatureBenefit_03_Mobile-7?$smallStaticImage$\" alt=\"\u041a\u0440\u0443\u043f\u043d\u044b\u0439 \u043f\u043b\u0430\u043d \u0431\u0435\u043b\u044b\u0445 \u043b\u0438\u0441\u0442\u044c\u0435\u0432 \u043f\u0430\u0434\u0443\u0431\u0430 \u0441 \u0432\u044b\u0440\u0430\u0436\u0435\u043d\u043d\u044b\u043c \u0444\u043e\u043d\u043e\u0432\u044b\u043c \u0431\u043e\u043a\u0435\" \/><\/span><\/p>\n<h3 class=\"PdpSmallStaticImage__Title\"><span style=\"color: #000000;\">Performan\u021b\u0103 excelent\u0103 de prim-plan<\/span><\/h3>\n<p><span style=\"color: #000000;\">Dou\u0103 elemente AA (asferic avansat) ajut\u0103 la ob\u021binerea unei distan\u021be minime de focalizare de 0,3 metri (ungi larg) \u0219i 0,25 metri (teleobiectiv) c\u00e2nd utiliza\u021bi focalizarea automat\u0103 \u0219i 0,25 metri \u00een \u00eentregul interval de zoom la focalizare manual\u0103. M\u0103rirea maxim\u0103 este de 0,39x pentru prim-planuri detaliate. Focalizarea la distan\u021b\u0103 mic\u0103 permite gestionarea eficient\u0103 a subiec\u021bilor de mici dimensiuni, pentru g\u0103sirea unghiului ideal.<\/span><\/p>\n<hr \/>\n<p><span style=\"color: #000000;\"><img decoding=\"async\" src=\"https:\/\/sony.scene7.com\/is\/image\/sonyglobalsolutions\/FeatureBenefit_04_Mobile-7?$smallStaticImage$\" alt=\"\u041f\u043e\u0442\u0440\u0435\u0442 \u0436\u0435\u043d\u0449\u0438\u043d\u044b \u043a\u0440\u0443\u043f\u043d\u044b\u043c \u043f\u043b\u0430\u043d\u043e\u043c \u0432 \u043f\u0440\u043e\u0444\u0438\u043b\u044c: \u043e\u043d\u0430 \u0441\u043c\u043e\u0442\u0440\u0438\u0442 \u0432\u043b\u0435\u0432\u043e, \u043d\u0430 \u0444\u043e\u043d\u0435\u00a0\u2014 \u043a\u043e\u0440\u0438\u0434\u043e\u0440 \u043b\u0430\u0439\u043d\u0435\u0440\u0430 \u0441 \u0432\u044b\u0440\u0430\u0436\u0435\u043d\u043d\u044b\u043c \u044d\u0444\u0444\u0435\u043a\u0442\u043e\u043c \u0431\u043e\u043a\u0435\" \/><\/span><\/p>\n<h3 class=\"PdpSmallStaticImage__Title\"><span style=\"color: #000000;\">Diafragm\u0103 maxim\u0103 F4 constant\u0103<\/span><\/h3>\n<p><span style=\"color: #000000;\">O diafragm\u0103 maxim\u0103 constant\u0103, de F4, ofer\u0103 o mai mare flexibilitate la alegerea diafragmei la orice distan\u021b\u0103 focal\u0103. Diafragma selectat\u0103 r\u0103m\u00e2ne constant\u0103 \u00een \u00eentregul interval de zoom. Nu este nevoie s\u0103 utiliza\u021bi set\u0103ri ISO extreme la setarea teleobiectiv a intervalului, put\u00e2nd utiliza timpul de expunere scurt pentru a ob\u021bine efectul dorit.<\/span><\/p>\n<hr \/>\n<p><span style=\"color: #000000;\"><img decoding=\"async\" src=\"https:\/\/sony.scene7.com\/is\/image\/sonyglobalsolutions\/FeatureBenefit_05_Mobile-7?$smallStaticImage$\" alt=\"\u0418\u0437\u043e\u0431\u0440\u0430\u0436\u0435\u043d\u0438\u0435 \u043a\u043e\u0440\u043f\u0443\u0441\u0430 \u043e\u0431\u044a\u0435\u043a\u0442\u0438\u0432\u0430 \u0432 \u0440\u0443\u043a\u0430\u0445 \u043f\u043e\u043b\u044c\u0437\u043e\u0432\u0430\u0442\u0435\u043b\u044f, \u043f\u043e\u0434\u0447\u0435\u0440\u043a\u0438\u0432\u0430\u044e\u0449\u0435\u0435 \u043a\u043e\u043c\u043f\u0430\u043a\u0442\u043d\u044b\u0439 \u0440\u0430\u0437\u043c\u0435\u0440 \u043e\u0431\u044a\u0435\u043a\u0442\u0438\u0432\u0430\" \/><\/span><\/p>\n<h3 class=\"PdpSmallStaticImage__Title\"><span style=\"color: #000000;\">Design compact, u\u0219or, mobil<\/span><\/h3>\n<p><span style=\"color: #000000;\">Acest obiectiv compact, u\u0219or combin\u0103 designul optic de v\u00e2rf cu tehnologia Motoarelor liniare XD (extrem de dinamice), cu for\u021b\u0103 ridicat\u0103 de la Sony. Utilizat cu un corp mirrorless compact, poate oferi calitate extraordinar\u0103 a imaginii \u00een orice situa\u021bie, la distan\u021be focale de la unghi ultralarg la teleobiectiv scurt. Este o alegere excelent\u0103 pentru \u00eenregistrare cu echipament minim.<\/span><\/p>\n<hr \/>\n<p><span style=\"color: #000000;\"><img decoding=\"async\" src=\"https:\/\/sony.scene7.com\/is\/image\/sonyglobalsolutions\/FeatureBenefit_06_Mobile-7?$smallStaticImage$\" alt=\"\u0418\u043b\u043b\u044e\u0441\u0442\u0440\u0430\u0446\u0438\u044f \u043b\u0438\u043d\u0435\u0439\u043d\u043e\u0433\u043e \u0434\u0432\u0438\u0433\u0430\u0442\u0435\u043b\u044f\u00a0XD\" \/><\/span><\/p>\n<h3 class=\"PdpSmallStaticImage__Title\"><span style=\"color: #000000;\">Performan\u021b\u0103 FA de top pentru imagini statice \u0219i filme<\/span><\/h3>\n<p><span style=\"color: #000000;\">Dou\u0103 motoare liniare XD (extrem de dinamice) asigur\u0103 focalizare rapid\u0103, silen\u021bioas\u0103 \u0219i lin\u0103, cu o vitez\u0103 de focalizare automat\u0103 cu 60% mai ridicat\u0103 \u0219i performan\u021b\u0103 aproape dubl\u0103 a urm\u0103ririi pentru urm\u0103rire fiabil\u0103, precis\u0103. Subiec\u021bii \u00een mi\u0219care sunt urm\u0103ri\u021bi eficient c\u00e2nd fotografia\u021bi continuu p\u00e2n\u0103 la 30 cps, iar filmarea la rat\u0103 de cadre ridicat\u0103 este lin\u0103.<\/span><\/p>\n<hr \/>\n<p><span style=\"color: #000000;\"><img decoding=\"async\" src=\"https:\/\/sony.scene7.com\/is\/image\/sonyglobalsolutions\/FeatureBenefit_07_Mobile-7?$smallStaticImage$\" alt=\"\u0428\u0438\u0440\u043e\u043a\u043e\u0443\u0433\u043e\u043b\u044c\u043d\u044b\u0439 \u043f\u043e\u0440\u0442\u0440\u0435\u0442 \u0436\u0435\u043d\u0449\u0438\u043d\u044b \u043d\u0430 \u0444\u043e\u043d\u0435 \u0447\u0430\u0441\u0442\u0438 \u043f\u0440\u043e\u043b\u0435\u0442\u0430 \u043f\u043e\u0434\u0432\u0435\u0441\u043d\u043e\u0433\u043e \u043c\u043e\u0441\u0442\u0430\" \/><\/span><\/p>\n<h3 class=\"PdpSmallStaticImage__Title\"><span style=\"color: #000000;\">\u00cenregistrare video rafinat\u0103<\/span><\/h3>\n<p><span style=\"color: #000000;\">Tehnologia avansat\u0103 reduce tremurul de focalizare \u0219i modificarea axei la zoom pentru minimizarea deplas\u0103rii nepl\u0103cute a imaginii. Dou\u0103 motoare XD liniare \u0219i o nou\u0103 unitate de diafragm\u0103 reduc semnificativ zgomotul \u0219i vibra\u021biile la \u00eenregistrare video. Func\u021bia de compensare a tremurului de focalizare din corpurile compatibile din seria \u03b1 este, de asemenea, acceptat\u0103.<\/span><\/p>\n<hr \/>\n<p><span style=\"color: #000000;\"><img decoding=\"async\" src=\"https:\/\/sony.scene7.com\/is\/image\/sonyglobalsolutions\/FeatureBenefit_09_Mobile-6?$smallStaticImage$\" alt=\"\u0420\u0430\u0437\u0434\u0435\u043b\u0435\u043d\u0438\u0435 \u044d\u043a\u0440\u0430\u043d\u0430: \u0438\u0437\u043e\u0431\u0440\u0430\u0436\u0435\u043d\u0438\u0435 \u043b\u0435\u0432\u043e\u0439 \u0441\u0442\u043e\u0440\u043e\u043d\u044b \u043e\u0431\u044a\u0435\u043a\u0442\u0438\u0432\u0430 \u0441 \u0444\u043e\u043a\u0443\u0441\u043e\u043c \u043d\u0430 \u043a\u043e\u043b\u044c\u0446\u043e \u0434\u0438\u0430\u0444\u0440\u0430\u0433\u043c\u044b \u0438 \u043f\u0435\u0440\u0435\u043a\u043b\u044e\u0447\u0430\u0442\u0435\u043b\u044f \u0431\u043b\u043e\u043a\u0438\u0440\u043e\u0432\u043a\u0438 \u0434\u0438\u0430\u0444\u0440\u0430\u0433\u043c\u044b (\u0441\u043b\u0435\u0432\u0430); \u0438\u0437\u043e\u0431\u0440\u0430\u0436\u0435\u043d\u0438\u0435 \u043f\u0440\u0430\u0432\u043e\u0439 \u0441\u0442\u043e\u0440\u043e\u043d\u044b \u043e\u0431\u044a\u0435\u043a\u0442\u0438\u0432\u0430 \u0441 \u0444\u043e\u043a\u0443\u0441\u043e\u043c \u043d\u0430 \u043f\u0435\u0440\u0435\u043a\u043b\u044e\u0447\u0430\u0442\u0435\u043b\u044c \u0434\u0438\u0430\u0444\u0440\u0430\u0433\u043c\u044b \u0412\u041a\u041b.\/\u0412\u042b\u041a\u041b. (\u0441\u043f\u0440\u0430\u0432\u0430)\" \/><\/span><\/p>\n<h3 class=\"PdpSmallStaticImage__Title\"><span style=\"color: #000000;\">Inel pentru diafragm\u0103 cu comutator de activare\/dezactivare a treptelor<\/span><\/h3>\n<p><span style=\"color: #000000;\">Un inel pentru diafragm\u0103 independent ofer\u0103 control direct, intuitiv. Un comutator de activare\/dezactivare permite dezactivarea treptelor diafragmei pentru situa\u021bii \u00een care ave\u021bi nevoie de trecere lin\u0103, f\u0103r\u0103 \u00eentreruperi.<\/span><\/p>\n<hr \/>\n<p><span style=\"color: #000000;\"><img decoding=\"async\" src=\"https:\/\/sony.scene7.com\/is\/image\/sonyglobalsolutions\/FeatureBenefit_10_Mobile-6?$smallStaticImage$\" alt=\"\u0420\u0430\u0437\u0434\u0435\u043b\u0435\u043d\u0438\u0435 \u044d\u043a\u0440\u0430\u043d\u0430: \u0438\u0437\u043e\u0431\u0440\u0430\u0436\u0435\u043d\u0438\u0435 \u043a\u043d\u043e\u043f\u043a\u0438 \u0443\u0434\u0435\u0440\u0436\u0430\u043d\u0438\u044f \u0444\u043e\u043a\u0443\u0441\u0438\u0440\u043e\u0432\u043a\u0438 \u043d\u0430 \u043a\u043e\u0440\u043f\u0443\u0441\u0435 \u043e\u0431\u044a\u0435\u043a\u0442\u0438\u0432\u0430, \u0432\u0438\u0434 \u0441\u0431\u043e\u043a\u0443 (\u0441\u043b\u0435\u0432\u0430); \u043a\u0440\u0443\u043f\u043d\u044b\u0439 \u043f\u043b\u0430\u043d \u043a\u043d\u043e\u043f\u043a\u0438 \u0443\u0434\u0435\u0440\u0436\u0430\u043d\u0438\u044f \u0444\u043e\u043a\u0443\u0441\u0438\u0440\u043e\u0432\u043a\u0438 \u0438 \u043f\u0435\u0440\u0435\u043a\u043b\u044e\u0447\u0430\u0442\u0435\u043b\u044f \u0440\u0435\u0436\u0438\u043c\u0430 \u0444\u043e\u043a\u0443\u0441\u0430 (\u0441\u043f\u0440\u0430\u0432\u0430)\" \/><\/span><\/p>\n<h3 class=\"PdpSmallStaticImage__Title\"><span style=\"color: #000000;\">Butoane de men\u021binere a focaliz\u0103rii \u0219i comutator pentru modul de focalizare<\/span><\/h3>\n<p><span style=\"color: #000000;\">Butoanele personalizabile de men\u021binere a focaliz\u0103rii sunt disponibile \u00een dou\u0103 pozi\u021bii, pentru acces \u0219i control facile. Pute\u021bi asocia alte func\u021bii butonului de men\u021binere a focaliz\u0103rii din meniurile de pe corpul camerei, \u00een func\u021bie de nevoile de \u00eenregistrare. Un comutator pentru modul de focalizare permite comutarea facil\u0103 \u00eentre focalizarea automat\u0103 \u0219i cea manual\u0103, pentru a v\u0103 adapta condi\u021biilor de \u00eenregistrare.<\/span><\/p>\n<hr \/>\n<p><span style=\"color: #000000;\"><img decoding=\"async\" src=\"https:\/\/sony.scene7.com\/is\/image\/sonyglobalsolutions\/FeatureBenefit_11_Mobile-6?$smallStaticImage$\" alt=\"\u0418\u0437\u043e\u0431\u0440\u0430\u0436\u0435\u043d\u0438\u0435 \u043f\u044b\u043b\u0435- \u0438 \u0432\u043b\u0430\u0433\u043e\u0437\u0430\u0449\u0438\u0442\u043d\u043e\u0433\u043e \u0443\u043f\u043b\u043e\u0442\u043d\u0435\u043d\u0438\u044f \u043d\u0430 \u043a\u043e\u0440\u043f\u0443\u0441\u0435 \u043e\u0431\u044a\u0435\u043a\u0442\u0438\u0432\u0430\" \/><\/span><\/p>\n<h3 class=\"PdpSmallStaticImage__Title\"><span style=\"color: #000000;\">Design rezistent la praf \u0219i la umezeal\u0103<\/span><\/h3>\n<p><span style=\"color: #000000;\">Designul rezistent la praf \u0219i umiditate asigur\u0103 fiabilitate suplimentar\u0103 pentru utilizarea \u00een exterior, \u00een condi\u021bii dure.<\/span><\/p>\n<hr \/>\n<p><span style=\"color: #000000;\"><img decoding=\"async\" src=\"https:\/\/sony.scene7.com\/is\/image\/sonyglobalsolutions\/FeatureBenefit_12_Mobile-6?$smallStaticImage$\" alt=\"\u041a\u0440\u0443\u043f\u043d\u044b\u0439 \u043f\u043b\u0430\u043d \u043f\u0435\u0440\u0435\u0434\u043d\u0438\u0445 \u044d\u043b\u0435\u043c\u0435\u043d\u0442\u043e\u0432 \u043e\u0431\u044a\u0435\u043a\u0442\u0438\u0432\u0430 \u0441 \u0444\u0442\u043e\u0440\u0438\u0441\u0442\u044b\u043c \u043f\u043e\u043a\u0440\u044b\u0442\u0438\u0435\u043c\" \/><\/span><\/p>\n<h3 class=\"PdpSmallStaticImage__Title\"><span style=\"color: #000000;\">Strat de fluorin\u0103 pe elementul frontal<\/span><\/h3>\n<p><span style=\"color: #000000;\">Elementul de obiectiv frontal este acoperit cu un strat de fluor, ce respinge amprentele, praful, apa, uleiul \u0219i alte substan\u021be contaminante, facilit\u00e2nd totodat\u0103 \u0219tergerea oric\u0103ror astfel de substan\u021be care se fixeaz\u0103 pe suprafa\u021ba obiectivului.<\/span><\/p>\n","protected":false},"excerpt":{"rendered":"<ul>\n<li><span style=\"color: #000000;\">SONY FE 20-70mm F4 G<\/span><\/li>\n<li><span style=\"color: #000000;\">Baioneta : SONY E-Mount<\/span><\/li>\n<li><span style=\"color: #000000;\">Format : Full Frame , 35 mm<\/span><\/li>\n<li><span style=\"color: #000000;\">Distan\u021b\u0103 focal\u0103 : f=20-70 mm<\/span><\/li>\n<li><span style=\"color: #000000;\">Valoarea maxim\u0103 a diafragmei : F4<\/span><\/li>\n<li><span style=\"color: #000000;\">Valoarea minim\u0103 a diafragmei : F22<\/span><\/li>\n<li><span style=\"color: #000000;\">Lamele diafragmei : 9<\/span><\/li>\n<li><span style=\"color: #000000;\">Stabilizare integrat\u0103 : Nu<\/span><\/li>\n<li><span style=\"color: #000000;\">Distan\u021ba minim\u0103 de focalizare : 0,3 m<\/span><\/li>\n<li><span style=\"color: #000000;\">Diametru filtru : 72 mm<\/span><\/li>\n<li><span style=\"color: #000000;\">Dimensiuni : 78,7 x 99 mm<\/span><\/li>\n<li><span style=\"color: #000000;\">Greutate : 488 g<\/span><\/li>\n<li><span style=\"color: #000000;\">Con\u021binului cutiei : parasolar, capacul din spate \u0219i din fa\u021b\u0103,hus\u0103<\/span><\/li>\n<li><span style=\"color: #000000;\">Garan\u021bie de firm\u0103 : 2 ani<\/span><\/li>\n<\/ul>\n","protected":false},"featured_media":25054,"comment_status":"open","ping_status":"closed","template":"","meta":[],"product_brand":[],"product_cat":[899],"product_tag":[],"class_list":{"0":"post-25064","1":"product","2":"type-product","3":"status-publish","4":"has-post-thumbnail","6":"product_cat-obiective-zoom","8":"first","9":"outofstock","10":"sale","11":"shipping-taxable","12":"purchasable","13":"product-type-simple"},"yoast_head":"<!-- This site is optimized with the Yoast SEO plugin v27.4 - https:\/\/yoast.com\/product\/yoast-seo-wordpress\/ -->\n<title>SONY FE 20-70mm F4 G | Cump\u0103r\u0103 obiectivul zoom SONY<\/title>\n<meta name=\"description\" content=\"Cump\u0103r\u0103 obiectivul zoom SONY FE 20-70mm F4 G cu garan\u021bie oficial\u0103 | Magazinul SonyCenter \u00een Chi\u0219in\u0103u | Obiectivul SONY SEL2070G\" \/>\n<meta name=\"robots\" content=\"index, follow, max-snippet:-1, max-image-preview:large, max-video-preview:-1\" \/>\n<link rel=\"canonical\" href=\"https:\/\/sonycenter.md\/ro\/magazin\/sel2070g\/\" \/>\n<meta property=\"og:locale\" content=\"ro_RO\" \/>\n<meta property=\"og:type\" content=\"article\" \/>\n<meta property=\"og:title\" content=\"SONY FE 20-70mm F4 G | Cump\u0103r\u0103 obiectivul zoom SONY\" \/>\n<meta property=\"og:description\" content=\"Cump\u0103r\u0103 obiectivul zoom SONY FE 20-70mm F4 G cu garan\u021bie oficial\u0103 | Magazinul SonyCenter \u00een Chi\u0219in\u0103u | Obiectivul SONY SEL2070G\" \/>\n<meta property=\"og:url\" content=\"https:\/\/sonycenter.md\/ro\/magazin\/sel2070g\/\" \/>\n<meta property=\"og:site_name\" content=\"SONY\" \/>\n<meta property=\"article:modified_time\" content=\"2025-08-14T08:13:57+00:00\" \/>\n<meta property=\"og:image\" content=\"https:\/\/sonycenter.md\/wp-content\/uploads\/2023\/01\/SEL2070G.jpg\" \/>\n\t<meta property=\"og:image:width\" content=\"600\" \/>\n\t<meta property=\"og:image:height\" content=\"600\" \/>\n\t<meta property=\"og:image:type\" content=\"image\/jpeg\" \/>\n<meta name=\"twitter:card\" content=\"summary_large_image\" \/>\n<meta name=\"twitter:label1\" content=\"Est. reading time\" \/>\n\t<meta name=\"twitter:data1\" content=\"6 minutes\" \/>\n<script type=\"application\/ld+json\" class=\"yoast-schema-graph\">{\"@context\":\"https:\\\/\\\/schema.org\",\"@graph\":[{\"@type\":[\"WebPage\",\"ItemPage\"],\"@id\":\"https:\\\/\\\/sonycenter.md\\\/ro\\\/magazin\\\/sel2070g\\\/\",\"url\":\"https:\\\/\\\/sonycenter.md\\\/ro\\\/magazin\\\/sel2070g\\\/\",\"name\":\"SONY FE 20-70mm F4 G | Cump\u0103r\u0103 obiectivul zoom SONY\",\"isPartOf\":{\"@id\":\"http:\\\/\\\/sonycenter.md\\\/ro\\\/#website\"},\"primaryImageOfPage\":{\"@id\":\"https:\\\/\\\/sonycenter.md\\\/ro\\\/magazin\\\/sel2070g\\\/#primaryimage\"},\"image\":{\"@id\":\"https:\\\/\\\/sonycenter.md\\\/ro\\\/magazin\\\/sel2070g\\\/#primaryimage\"},\"thumbnailUrl\":\"https:\\\/\\\/sonycenter.md\\\/wp-content\\\/uploads\\\/2023\\\/01\\\/SEL2070G.jpg\",\"datePublished\":\"2023-01-30T14:24:03+00:00\",\"dateModified\":\"2025-08-14T08:13:57+00:00\",\"description\":\"Cump\u0103r\u0103 obiectivul zoom SONY FE 20-70mm F4 G cu garan\u021bie oficial\u0103 | Magazinul SonyCenter \u00een Chi\u0219in\u0103u | Obiectivul SONY SEL2070G\",\"breadcrumb\":{\"@id\":\"https:\\\/\\\/sonycenter.md\\\/ro\\\/magazin\\\/sel2070g\\\/#breadcrumb\"},\"inLanguage\":\"ro-RO\",\"potentialAction\":[{\"@type\":\"ReadAction\",\"target\":[\"https:\\\/\\\/sonycenter.md\\\/ro\\\/magazin\\\/sel2070g\\\/\"]}]},{\"@type\":\"ImageObject\",\"inLanguage\":\"ro-RO\",\"@id\":\"https:\\\/\\\/sonycenter.md\\\/ro\\\/magazin\\\/sel2070g\\\/#primaryimage\",\"url\":\"https:\\\/\\\/sonycenter.md\\\/wp-content\\\/uploads\\\/2023\\\/01\\\/SEL2070G.jpg\",\"contentUrl\":\"https:\\\/\\\/sonycenter.md\\\/wp-content\\\/uploads\\\/2023\\\/01\\\/SEL2070G.jpg\",\"width\":600,\"height\":600,\"caption\":\"SEL2070G\"},{\"@type\":\"BreadcrumbList\",\"@id\":\"https:\\\/\\\/sonycenter.md\\\/ro\\\/magazin\\\/sel2070g\\\/#breadcrumb\",\"itemListElement\":[{\"@type\":\"ListItem\",\"position\":1,\"name\":\"\u0413\u043b\u0430\u0432\u043d\u0430\u044f \u0441\u0442\u0440\u0430\u043d\u0438\u0446\u0430\",\"item\":\"https:\\\/\\\/sonycenter.md\\\/ro\\\/\"},{\"@type\":\"ListItem\",\"position\":2,\"name\":\"Magazin\",\"item\":\"https:\\\/\\\/sonycenter.md\\\/shop\\\/\"},{\"@type\":\"ListItem\",\"position\":3,\"name\":\"SEL2070G\"}]},{\"@type\":\"WebSite\",\"@id\":\"http:\\\/\\\/sonycenter.md\\\/ro\\\/#website\",\"url\":\"http:\\\/\\\/sonycenter.md\\\/ro\\\/\",\"name\":\"sonycenter.md\",\"description\":\"SONYCENTER \u00een Chi\u0219in\u0103u\",\"publisher\":{\"@id\":\"http:\\\/\\\/sonycenter.md\\\/ro\\\/#organization\"},\"potentialAction\":[{\"@type\":\"SearchAction\",\"target\":{\"@type\":\"EntryPoint\",\"urlTemplate\":\"http:\\\/\\\/sonycenter.md\\\/ro\\\/?s={search_term_string}\"},\"query-input\":{\"@type\":\"PropertyValueSpecification\",\"valueRequired\":true,\"valueName\":\"search_term_string\"}}],\"inLanguage\":\"ro-RO\"},{\"@type\":\"Organization\",\"@id\":\"http:\\\/\\\/sonycenter.md\\\/ro\\\/#organization\",\"name\":\"sonycenter.md\",\"url\":\"http:\\\/\\\/sonycenter.md\\\/ro\\\/\",\"logo\":{\"@type\":\"ImageObject\",\"inLanguage\":\"ro-RO\",\"@id\":\"http:\\\/\\\/sonycenter.md\\\/ro\\\/#\\\/schema\\\/logo\\\/image\\\/\",\"url\":\"\",\"contentUrl\":\"\",\"caption\":\"sonycenter.md\"},\"image\":{\"@id\":\"http:\\\/\\\/sonycenter.md\\\/ro\\\/#\\\/schema\\\/logo\\\/image\\\/\"}}]}<\/script>\n<!-- \/ Yoast SEO plugin. -->","yoast_head_json":{"title":"SONY FE 20-70mm F4 G | Cump\u0103r\u0103 obiectivul zoom SONY","description":"Cump\u0103r\u0103 obiectivul zoom SONY FE 20-70mm F4 G cu garan\u021bie oficial\u0103 | Magazinul SonyCenter \u00een Chi\u0219in\u0103u | Obiectivul SONY SEL2070G","robots":{"index":"index","follow":"follow","max-snippet":"max-snippet:-1","max-image-preview":"max-image-preview:large","max-video-preview":"max-video-preview:-1"},"canonical":"https:\/\/sonycenter.md\/ro\/magazin\/sel2070g\/","og_locale":"ro_RO","og_type":"article","og_title":"SONY FE 20-70mm F4 G | Cump\u0103r\u0103 obiectivul zoom SONY","og_description":"Cump\u0103r\u0103 obiectivul zoom SONY FE 20-70mm F4 G cu garan\u021bie oficial\u0103 | Magazinul SonyCenter \u00een Chi\u0219in\u0103u | Obiectivul SONY SEL2070G","og_url":"https:\/\/sonycenter.md\/ro\/magazin\/sel2070g\/","og_site_name":"SONY","article_modified_time":"2025-08-14T08:13:57+00:00","og_image":[{"width":600,"height":600,"url":"https:\/\/sonycenter.md\/wp-content\/uploads\/2023\/01\/SEL2070G.jpg","type":"image\/jpeg"}],"twitter_card":"summary_large_image","twitter_misc":{"Est. reading time":"6 minutes"},"schema":{"@context":"https:\/\/schema.org","@graph":[{"@type":["WebPage","ItemPage"],"@id":"https:\/\/sonycenter.md\/ro\/magazin\/sel2070g\/","url":"https:\/\/sonycenter.md\/ro\/magazin\/sel2070g\/","name":"SONY FE 20-70mm F4 G | Cump\u0103r\u0103 obiectivul zoom SONY","isPartOf":{"@id":"https:\/\/sonycenter.md\/ro\/#website"},"primaryImageOfPage":{"@id":"https:\/\/sonycenter.md\/ro\/magazin\/sel2070g\/#primaryimage"},"image":{"@id":"https:\/\/sonycenter.md\/ro\/magazin\/sel2070g\/#primaryimage"},"thumbnailUrl":"https:\/\/sonycenter.md\/wp-content\/uploads\/2023\/01\/SEL2070G.jpg","datePublished":"2023-01-30T14:24:03+00:00","dateModified":"2025-08-14T08:13:57+00:00","description":"Cump\u0103r\u0103 obiectivul zoom SONY FE 20-70mm F4 G cu garan\u021bie oficial\u0103 | Magazinul SonyCenter \u00een Chi\u0219in\u0103u | Obiectivul SONY SEL2070G","breadcrumb":{"@id":"https:\/\/sonycenter.md\/ro\/magazin\/sel2070g\/#breadcrumb"},"inLanguage":"ro-RO","potentialAction":[{"@type":"ReadAction","target":["https:\/\/sonycenter.md\/ro\/magazin\/sel2070g\/"]}]},{"@type":"ImageObject","inLanguage":"ro-RO","@id":"https:\/\/sonycenter.md\/ro\/magazin\/sel2070g\/#primaryimage","url":"https:\/\/sonycenter.md\/wp-content\/uploads\/2023\/01\/SEL2070G.jpg","contentUrl":"https:\/\/sonycenter.md\/wp-content\/uploads\/2023\/01\/SEL2070G.jpg","width":600,"height":600,"caption":"SEL2070G"},{"@type":"BreadcrumbList","@id":"https:\/\/sonycenter.md\/ro\/magazin\/sel2070g\/#breadcrumb","itemListElement":[{"@type":"ListItem","position":1,"name":"\u0413\u043b\u0430\u0432\u043d\u0430\u044f \u0441\u0442\u0440\u0430\u043d\u0438\u0446\u0430","item":"https:\/\/sonycenter.md\/ro\/"},{"@type":"ListItem","position":2,"name":"Magazin","item":"https:\/\/sonycenter.md\/shop\/"},{"@type":"ListItem","position":3,"name":"SEL2070G"}]},{"@type":"WebSite","@id":"https:\/\/sonycenter.md\/ro\/#website","url":"https:\/\/sonycenter.md\/ro\/","name":"sonycenter.md","description":"SONYCENTER \u00een Chi\u0219in\u0103u","publisher":{"@id":"https:\/\/sonycenter.md\/ro\/#organization"},"potentialAction":[{"@type":"SearchAction","target":{"@type":"EntryPoint","urlTemplate":"https:\/\/sonycenter.md\/ro\/?s={search_term_string}"},"query-input":{"@type":"PropertyValueSpecification","valueRequired":true,"valueName":"search_term_string"}}],"inLanguage":"ro-RO"},{"@type":"Organization","@id":"https:\/\/sonycenter.md\/ro\/#organization","name":"sonycenter.md","url":"https:\/\/sonycenter.md\/ro\/","logo":{"@type":"ImageObject","inLanguage":"ro-RO","@id":"https:\/\/sonycenter.md\/ro\/#\/schema\/logo\/image\/","url":"","contentUrl":"","caption":"sonycenter.md"},"image":{"@id":"https:\/\/sonycenter.md\/ro\/#\/schema\/logo\/image\/"}}]}},"_links":{"self":[{"href":"https:\/\/sonycenter.md\/ro\/wp-json\/wp\/v2\/product\/25064","targetHints":{"allow":["GET"]}}],"collection":[{"href":"https:\/\/sonycenter.md\/ro\/wp-json\/wp\/v2\/product"}],"about":[{"href":"https:\/\/sonycenter.md\/ro\/wp-json\/wp\/v2\/types\/product"}],"replies":[{"embeddable":true,"href":"https:\/\/sonycenter.md\/ro\/wp-json\/wp\/v2\/comments?post=25064"}],"wp:featuredmedia":[{"embeddable":true,"href":"https:\/\/sonycenter.md\/ro\/wp-json\/wp\/v2\/media\/25054"}],"wp:attachment":[{"href":"https:\/\/sonycenter.md\/ro\/wp-json\/wp\/v2\/media?parent=25064"}],"wp:term":[{"taxonomy":"product_brand","embeddable":true,"href":"https:\/\/sonycenter.md\/ro\/wp-json\/wp\/v2\/product_brand?post=25064"},{"taxonomy":"product_cat","embeddable":true,"href":"https:\/\/sonycenter.md\/ro\/wp-json\/wp\/v2\/product_cat?post=25064"},{"taxonomy":"product_tag","embeddable":true,"href":"https:\/\/sonycenter.md\/ro\/wp-json\/wp\/v2\/product_tag?post=25064"}],"curies":[{"name":"wp","href":"https:\/\/api.w.org\/{rel}","templated":true}]}}