{"id":25156,"date":"2023-03-10T10:17:54","date_gmt":"2023-03-10T08:17:54","guid":{"rendered":"https:\/\/sonycenter.md\/?post_type=product&#038;p=25156"},"modified":"2026-05-11T18:11:21","modified_gmt":"2026-05-11T15:11:21","slug":"whch720n","status":"publish","type":"product","link":"https:\/\/sonycenter.md\/ro\/magazin\/whch720n\/","title":{"rendered":"WHCH720N"},"content":{"rendered":"<p style=\"text-align: center;\"><span style=\"color: #000000;\"><strong>Specifica\u021bii complete pentru <span style=\"color: #0000ff;\"><a style=\"color: #0000ff;\" href=\"https:\/\/sonycenter.md\/ro\/category\/casti\/casti-wireless\/\">c\u0103\u0219ti<\/a><\/span> SONY WH-CH720N:<\/strong><\/span><\/p>\n<table style=\"height: 1305px;\" width=\"904\">\n<tbody>\n<tr>\n<td width=\"250\"><span style=\"color: #000000;\"><strong>Con\u021binutul cutiei<\/strong><\/span><\/td>\n<td width=\"250\"><span style=\"color: #000000;\">Cablu USB<\/span><br \/>\n<span style=\"color: #000000;\">Cablu audio<\/span><br \/>\n<span style=\"color: #000000;\">Ghid de referin\u0163\u0103<\/span><\/td>\n<\/tr>\n<tr>\n<td style=\"text-align: center;\" colspan=\"2\"><span style=\"color: #000000;\"><strong>Greutate<\/strong><\/span><\/td>\n<\/tr>\n<tr>\n<td><span style=\"color: #000000;\"><strong>Greutate<\/strong><\/span><\/td>\n<td><span style=\"color: #000000;\">Aprox. 192g<\/span><\/td>\n<\/tr>\n<tr>\n<td style=\"text-align: center;\" colspan=\"2\"><span style=\"color: #000000;\"><strong>Caracteristici generale<\/strong><\/span><\/td>\n<\/tr>\n<tr>\n<td><span style=\"color: #000000;\"><strong>Tip c\u0103\u0219ti<\/strong><\/span><\/td>\n<td><span style=\"color: #000000;\">Dinamice, \u00eenchise<\/span><\/td>\n<\/tr>\n<tr>\n<td><span style=\"color: #000000;\"><strong>Difuzor<\/strong><\/span><\/td>\n<td><span style=\"color: #000000;\">30 mm (tip dom)<\/span><\/td>\n<\/tr>\n<tr>\n<td><span style=\"color: #000000;\"><strong>Magnet<\/strong><\/span><\/td>\n<td><span style=\"color: #000000;\">Neodim<\/span><\/td>\n<\/tr>\n<tr>\n<td><span style=\"color: #000000;\"><strong>Impedan\u021b\u0103 (ohm)<\/strong><\/span><\/td>\n<td><span style=\"color: #000000;\">\u00a031ohm (1kHz) (c\u00e2nd se conecteaz\u0103 prin cablu )<\/span><\/td>\n<\/tr>\n<tr>\n<td><span style=\"color: #000000;\"><strong>R\u0103spuns \u00een frecven\u021b\u0103<\/strong><\/span><\/td>\n<td><span style=\"color: #000000;\">7Hz\u201320.000Hz (JEITA)<\/span><\/td>\n<\/tr>\n<tr>\n<td><span style=\"color: #000000;\"><strong>R\u0103spuns \u00een frecven\u021b\u0103 (func\u021bionare activ\u0103)<\/strong><\/span><\/td>\n<td><span style=\"color: #000000;\">7Hz\u201320.000Hz (JEITA)<\/span><\/td>\n<\/tr>\n<tr>\n<td><span style=\"color: #000000;\"><strong>R\u0103spuns \u00een frecven\u021b\u0103 (comunica\u021bii Bluetooth\u00ae)<\/strong><\/span><\/td>\n<td><span style=\"color: #000000;\">20 Hz\u201320.000 Hz (Frecven\u021b\u0103 de e\u0219antionare 44,1 kHz)<\/span><\/td>\n<\/tr>\n<tr>\n<td><span style=\"color: #000000;\"><strong>Sensibilitate (db\/mw)<\/strong><\/span><\/td>\n<td><span style=\"color: #000000;\">108 dB\/mW (c\u00e2nd se conecteaz\u0103 prin cablu)<\/span><\/td>\n<\/tr>\n<tr>\n<td><span style=\"color: #000000;\"><strong>Tip cablu<\/strong><\/span><\/td>\n<td><span style=\"color: #000000;\">Pe o singur\u0103 parte (deta\u015fabil)<\/span><\/td>\n<\/tr>\n<tr>\n<td><span style=\"color: #000000;\"><strong>Lungime cablu<\/strong><\/span><\/td>\n<td><span style=\"color: #000000;\">Aprox. 1,2 m<\/span><\/td>\n<\/tr>\n<tr>\n<td><span style=\"color: #000000;\"><strong>Conector<\/strong><\/span><\/td>\n<td><span style=\"color: #000000;\">Miniconector stereo \u00een form\u0103 de L, placat cu aur<\/span><\/td>\n<\/tr>\n<tr>\n<td><span style=\"color: #000000;\"><strong>Intrare (intr\u0103ri)<\/strong><\/span><\/td>\n<td><span style=\"color: #000000;\">Mini muf\u0103 stereo , USB Type-C<\/span><\/td>\n<\/tr>\n<tr>\n<td><span style=\"color: #000000;\"><strong>Func\u021bionare pasiv\u0103<\/strong><\/span><\/td>\n<td><span style=\"color: #000000;\">Da (ascultare prin cablu)<\/span><\/td>\n<\/tr>\n<tr>\n<td><span style=\"color: #000000;\"><strong>DSEE<\/strong><\/span><\/td>\n<td><span style=\"color: #000000;\">Da<\/span><\/td>\n<\/tr>\n<tr>\n<td><span style=\"color: #000000;\"><strong>Control tactil<\/strong><\/span><\/td>\n<td><span style=\"color: #000000;\">Nu (butoane fizice)<\/span><\/td>\n<\/tr>\n<tr>\n<td><span style=\"color: #000000;\"><strong>Mod de sunet ambiental<\/strong><\/span><\/td>\n<td><span style=\"color: #000000;\">Da<\/span><\/td>\n<\/tr>\n<tr>\n<td><strong><span style=\"color: #000000;\">Reducere a zgomotului ANC<\/span><\/strong><\/td>\n<td><span style=\"color: #000000;\">Da<\/span><\/td>\n<\/tr>\n<tr>\n<td><span style=\"color: #000000;\"><strong>Procesor de reducere a zgomotului<\/strong><\/span><\/td>\n<td><span style=\"color: #000000;\">V1 (ca \u00een modelul SONY WH1000XM5)<\/span><\/td>\n<\/tr>\n<tr>\n<td><strong><span style=\"color: #000000;\">Aplica\u021bie pentru configurare<\/span><\/strong><\/td>\n<td><span style=\"color: #000000;\">SONY | Sound Connect<\/span><\/td>\n<\/tr>\n<tr>\n<td style=\"text-align: center;\" colspan=\"2\"><span style=\"color: #000000;\"><strong>Baterie<\/strong><\/span><\/td>\n<\/tr>\n<tr>\n<td><span style=\"color: #000000;\"><strong>Durat\u0103 de \u00eenc\u0103rcare baterie<\/strong><\/span><\/td>\n<td><span style=\"color: #000000;\">Aprox. 3,5 ore<\/span><\/td>\n<\/tr>\n<tr>\n<td><span style=\"color: #000000;\"><strong>Metod\u0103 de \u00eenc\u0103rcare baterie<\/strong><\/span><\/td>\n<td><span style=\"color: #000000;\">USB<\/span><\/td>\n<\/tr>\n<tr>\n<td><span style=\"color: #000000;\"><strong>Autonomie baterie (durat\u0103 redare continu\u0103 muzic\u0103)<\/strong><\/span><\/td>\n<td><span style=\"color: #000000;\">Max. 35 de ore (NC activat), max. 45 de ore (NC dezactivat)<\/span><\/td>\n<\/tr>\n<tr>\n<td><span style=\"color: #000000;\"><strong>Autonomia bateriei (durat\u0103 comunicare continu\u0103)<\/strong><\/span><\/td>\n<td><span style=\"color: #000000;\">Max. 30 de ore (NC activat), max. 40 de ore (NC dezactivat)<\/span><\/td>\n<\/tr>\n<tr>\n<td style=\"text-align: center;\" colspan=\"2\"><span style=\"color: #000000;\"><strong>Specifica\u0163ie Bluetooth\u00ae<\/strong><\/span><\/td>\n<\/tr>\n<tr>\n<td><span style=\"color: #000000;\"><strong>Versiune Bluetooth\u00ae<\/strong><\/span><\/td>\n<td><span style=\"color: #000000;\">Versiunea 5.2<\/span><\/td>\n<\/tr>\n<tr>\n<td><span style=\"color: #000000;\"><strong>Raz\u0103 de ac\u021biune efectiv\u0103<\/strong><\/span><\/td>\n<td><span style=\"color: #000000;\">Aprox. 10 m<\/span><\/td>\n<\/tr>\n<tr>\n<td><span style=\"color: #000000;\"><strong>Gam\u0103 de frecven\u021be<\/strong><\/span><\/td>\n<td><span style=\"color: #000000;\">Band\u0103 de 2,4 GHz (2.400 0\u20132.483 5 GHz)<\/span><\/td>\n<\/tr>\n<tr>\n<td><span style=\"color: #000000;\"><strong>Profil<\/strong><\/span><\/td>\n<td><span style=\"color: #000000;\">A2DP, AVRCP, HFP, HSP<\/span><\/td>\n<\/tr>\n<tr>\n<td><span style=\"color: #000000;\"><strong>Format(e) audio acceptat(e)<\/strong><\/span><\/td>\n<td><span style=\"color: #000000;\">SBC, AAC<\/span><\/td>\n<\/tr>\n<tr>\n<td><span style=\"color: #000000;\"><strong>Protec\u021bie con\u021binut acceptat\u0103<\/strong><\/span><\/td>\n<td><span style=\"color: #000000;\">SCMS-T<\/span><\/td>\n<\/tr>\n<\/tbody>\n<\/table>\n","protected":false},"excerpt":{"rendered":"<ul>\n<li><span style=\"color: #000000;\">C\u0103\u0219ti wireless cu reducere activ\u0103 a zgomotului ANC<\/span><\/li>\n<li><span style=\"color: #000000;\">Bluetooth : Versiunea 5.2<\/span><\/li>\n<li><span style=\"color: #000000;\">Codecuri audio acceptate : SBC, AAC<\/span><\/li>\n<li><span style=\"color: #000000;\">Autonomie: p\u00e2n\u0103 la 40 de ore (reducerea zgomotului dezactivat\u0103)<\/span><\/li>\n<li><span style=\"color: #000000;\">Autonomie: p\u00e2n\u0103 la 35 de ore (reducerea zgomotului activat\u0103)<\/span><\/li>\n<li><span style=\"color: #000000;\">\u00cenc\u0103rcare rapid\u0103: primele 10 minute ~ 4,5 ore de func\u021bionare <\/span><\/li>\n<li><span style=\"color: #000000;\">Reducere activ\u0103 a zgomotului \u00eembun\u0103t\u0103\u021bit\u0103 (ANC)<\/span><\/li>\n<li><span style=\"color: #000000;\">Mod sunet ambiental <\/span><\/li>\n<li><span style=\"color: #000000;\">Posibilitatea de a asculta muzic\u0103 prin cablu<\/span><\/li>\n<li><span style=\"color: #000000;\">Aplica\u021bie pentru configurare: SONY | Sound Connect<\/span><\/li>\n<li><span style=\"color: #000000;\">Garan\u021bie 2 ani<\/span><\/li>\n<\/ul>\n","protected":false},"featured_media":29869,"comment_status":"open","ping_status":"closed","template":"","meta":[],"product_brand":[],"product_cat":[629],"product_tag":[],"class_list":{"0":"post-25156","1":"product","2":"type-product","3":"status-publish","4":"has-post-thumbnail","6":"product_cat-casti-wireless","7":"pa_color-black-ro","8":"pa_color-blue-ro","9":"pa_color-pink-ro","10":"pa_color-white-ro","12":"first","13":"instock","14":"shipping-taxable","15":"purchasable","16":"product-type-variable"},"yoast_head":"<!-- This site is optimized with the Yoast SEO plugin v27.4 - https:\/\/yoast.com\/product\/yoast-seo-wordpress\/ -->\n<title>C\u0103\u0219ti SONY WH-CH720N | C\u0103\u0219ti SONY wireless \u00een Chi\u0219in\u0103u<\/title>\n<meta name=\"description\" content=\"Cumpara c\u0103\u0219ti SONY WH-CH720N cu anulare digitala a zgomotului , autonomie a bateriei pana la 35 de ore cu garantie in Chisinau.\" \/>\n<meta name=\"robots\" content=\"index, follow, max-snippet:-1, max-image-preview:large, max-video-preview:-1\" \/>\n<link rel=\"canonical\" href=\"https:\/\/sonycenter.md\/ro\/magazin\/whch720n\/\" \/>\n<meta property=\"og:locale\" content=\"ro_RO\" \/>\n<meta property=\"og:type\" content=\"article\" \/>\n<meta property=\"og:title\" content=\"C\u0103\u0219ti SONY WH-CH720N | C\u0103\u0219ti SONY wireless \u00een Chi\u0219in\u0103u\" \/>\n<meta property=\"og:description\" content=\"Cumpara c\u0103\u0219ti SONY WH-CH720N cu anulare digitala a zgomotului , autonomie a bateriei pana la 35 de ore cu garantie in Chisinau.\" \/>\n<meta property=\"og:url\" content=\"https:\/\/sonycenter.md\/ro\/magazin\/whch720n\/\" \/>\n<meta property=\"og:site_name\" content=\"SONY\" \/>\n<meta property=\"article:modified_time\" content=\"2026-05-11T15:11:21+00:00\" \/>\n<meta property=\"og:image\" content=\"https:\/\/sonycenter.md\/wp-content\/uploads\/2023\/03\/whch720n-multicolor.jpg\" \/>\n\t<meta property=\"og:image:width\" content=\"600\" \/>\n\t<meta property=\"og:image:height\" content=\"600\" \/>\n\t<meta property=\"og:image:type\" content=\"image\/jpeg\" \/>\n<meta name=\"twitter:card\" content=\"summary_large_image\" \/>\n<meta name=\"twitter:label1\" content=\"Est. reading time\" \/>\n\t<meta name=\"twitter:data1\" content=\"2 minutes\" \/>\n<script type=\"application\/ld+json\" class=\"yoast-schema-graph\">{\"@context\":\"https:\\\/\\\/schema.org\",\"@graph\":[{\"@type\":[\"WebPage\",\"ItemPage\"],\"@id\":\"https:\\\/\\\/sonycenter.md\\\/ro\\\/magazin\\\/whch720n\\\/\",\"url\":\"https:\\\/\\\/sonycenter.md\\\/ro\\\/magazin\\\/whch720n\\\/\",\"name\":\"C\u0103\u0219ti SONY WH-CH720N | C\u0103\u0219ti SONY wireless \u00een Chi\u0219in\u0103u\",\"isPartOf\":{\"@id\":\"http:\\\/\\\/sonycenter.md\\\/ro\\\/#website\"},\"primaryImageOfPage\":{\"@id\":\"https:\\\/\\\/sonycenter.md\\\/ro\\\/magazin\\\/whch720n\\\/#primaryimage\"},\"image\":{\"@id\":\"https:\\\/\\\/sonycenter.md\\\/ro\\\/magazin\\\/whch720n\\\/#primaryimage\"},\"thumbnailUrl\":\"https:\\\/\\\/sonycenter.md\\\/wp-content\\\/uploads\\\/2023\\\/03\\\/whch720n-multicolor.jpg\",\"datePublished\":\"2023-03-10T08:17:54+00:00\",\"dateModified\":\"2026-05-11T15:11:21+00:00\",\"description\":\"Cumpara c\u0103\u0219ti SONY WH-CH720N cu anulare digitala a zgomotului , autonomie a bateriei pana la 35 de ore cu garantie in Chisinau.\",\"breadcrumb\":{\"@id\":\"https:\\\/\\\/sonycenter.md\\\/ro\\\/magazin\\\/whch720n\\\/#breadcrumb\"},\"inLanguage\":\"ro-RO\",\"potentialAction\":[{\"@type\":\"ReadAction\",\"target\":[\"https:\\\/\\\/sonycenter.md\\\/ro\\\/magazin\\\/whch720n\\\/\"]}]},{\"@type\":\"ImageObject\",\"inLanguage\":\"ro-RO\",\"@id\":\"https:\\\/\\\/sonycenter.md\\\/ro\\\/magazin\\\/whch720n\\\/#primaryimage\",\"url\":\"https:\\\/\\\/sonycenter.md\\\/wp-content\\\/uploads\\\/2023\\\/03\\\/whch720n-multicolor.jpg\",\"contentUrl\":\"https:\\\/\\\/sonycenter.md\\\/wp-content\\\/uploads\\\/2023\\\/03\\\/whch720n-multicolor.jpg\",\"width\":600,\"height\":600,\"caption\":\"WHCH720N\"},{\"@type\":\"BreadcrumbList\",\"@id\":\"https:\\\/\\\/sonycenter.md\\\/ro\\\/magazin\\\/whch720n\\\/#breadcrumb\",\"itemListElement\":[{\"@type\":\"ListItem\",\"position\":1,\"name\":\"\u0413\u043b\u0430\u0432\u043d\u0430\u044f \u0441\u0442\u0440\u0430\u043d\u0438\u0446\u0430\",\"item\":\"https:\\\/\\\/sonycenter.md\\\/ro\\\/\"},{\"@type\":\"ListItem\",\"position\":2,\"name\":\"Magazin\",\"item\":\"https:\\\/\\\/sonycenter.md\\\/shop\\\/\"},{\"@type\":\"ListItem\",\"position\":3,\"name\":\"WHCH720N\"}]},{\"@type\":\"WebSite\",\"@id\":\"http:\\\/\\\/sonycenter.md\\\/ro\\\/#website\",\"url\":\"http:\\\/\\\/sonycenter.md\\\/ro\\\/\",\"name\":\"sonycenter.md\",\"description\":\"SONYCENTER \u00een Chi\u0219in\u0103u\",\"publisher\":{\"@id\":\"http:\\\/\\\/sonycenter.md\\\/ro\\\/#organization\"},\"potentialAction\":[{\"@type\":\"SearchAction\",\"target\":{\"@type\":\"EntryPoint\",\"urlTemplate\":\"http:\\\/\\\/sonycenter.md\\\/ro\\\/?s={search_term_string}\"},\"query-input\":{\"@type\":\"PropertyValueSpecification\",\"valueRequired\":true,\"valueName\":\"search_term_string\"}}],\"inLanguage\":\"ro-RO\"},{\"@type\":\"Organization\",\"@id\":\"http:\\\/\\\/sonycenter.md\\\/ro\\\/#organization\",\"name\":\"sonycenter.md\",\"url\":\"http:\\\/\\\/sonycenter.md\\\/ro\\\/\",\"logo\":{\"@type\":\"ImageObject\",\"inLanguage\":\"ro-RO\",\"@id\":\"http:\\\/\\\/sonycenter.md\\\/ro\\\/#\\\/schema\\\/logo\\\/image\\\/\",\"url\":\"\",\"contentUrl\":\"\",\"caption\":\"sonycenter.md\"},\"image\":{\"@id\":\"http:\\\/\\\/sonycenter.md\\\/ro\\\/#\\\/schema\\\/logo\\\/image\\\/\"}}]}<\/script>\n<!-- \/ Yoast SEO plugin. -->","yoast_head_json":{"title":"C\u0103\u0219ti SONY WH-CH720N | C\u0103\u0219ti SONY wireless \u00een Chi\u0219in\u0103u","description":"Cumpara c\u0103\u0219ti SONY WH-CH720N cu anulare digitala a zgomotului , autonomie a bateriei pana la 35 de ore cu garantie in Chisinau.","robots":{"index":"index","follow":"follow","max-snippet":"max-snippet:-1","max-image-preview":"max-image-preview:large","max-video-preview":"max-video-preview:-1"},"canonical":"https:\/\/sonycenter.md\/ro\/magazin\/whch720n\/","og_locale":"ro_RO","og_type":"article","og_title":"C\u0103\u0219ti SONY WH-CH720N | C\u0103\u0219ti SONY wireless \u00een Chi\u0219in\u0103u","og_description":"Cumpara c\u0103\u0219ti SONY WH-CH720N cu anulare digitala a zgomotului , autonomie a bateriei pana la 35 de ore cu garantie in Chisinau.","og_url":"https:\/\/sonycenter.md\/ro\/magazin\/whch720n\/","og_site_name":"SONY","article_modified_time":"2026-05-11T15:11:21+00:00","og_image":[{"width":600,"height":600,"url":"https:\/\/sonycenter.md\/wp-content\/uploads\/2023\/03\/whch720n-multicolor.jpg","type":"image\/jpeg"}],"twitter_card":"summary_large_image","twitter_misc":{"Est. reading time":"2 minutes"},"schema":{"@context":"https:\/\/schema.org","@graph":[{"@type":["WebPage","ItemPage"],"@id":"https:\/\/sonycenter.md\/ro\/magazin\/whch720n\/","url":"https:\/\/sonycenter.md\/ro\/magazin\/whch720n\/","name":"C\u0103\u0219ti SONY WH-CH720N | C\u0103\u0219ti SONY wireless \u00een Chi\u0219in\u0103u","isPartOf":{"@id":"https:\/\/sonycenter.md\/ro\/#website"},"primaryImageOfPage":{"@id":"https:\/\/sonycenter.md\/ro\/magazin\/whch720n\/#primaryimage"},"image":{"@id":"https:\/\/sonycenter.md\/ro\/magazin\/whch720n\/#primaryimage"},"thumbnailUrl":"https:\/\/sonycenter.md\/wp-content\/uploads\/2023\/03\/whch720n-multicolor.jpg","datePublished":"2023-03-10T08:17:54+00:00","dateModified":"2026-05-11T15:11:21+00:00","description":"Cumpara c\u0103\u0219ti SONY WH-CH720N cu anulare digitala a zgomotului , autonomie a bateriei pana la 35 de ore cu garantie in Chisinau.","breadcrumb":{"@id":"https:\/\/sonycenter.md\/ro\/magazin\/whch720n\/#breadcrumb"},"inLanguage":"ro-RO","potentialAction":[{"@type":"ReadAction","target":["https:\/\/sonycenter.md\/ro\/magazin\/whch720n\/"]}]},{"@type":"ImageObject","inLanguage":"ro-RO","@id":"https:\/\/sonycenter.md\/ro\/magazin\/whch720n\/#primaryimage","url":"https:\/\/sonycenter.md\/wp-content\/uploads\/2023\/03\/whch720n-multicolor.jpg","contentUrl":"https:\/\/sonycenter.md\/wp-content\/uploads\/2023\/03\/whch720n-multicolor.jpg","width":600,"height":600,"caption":"WHCH720N"},{"@type":"BreadcrumbList","@id":"https:\/\/sonycenter.md\/ro\/magazin\/whch720n\/#breadcrumb","itemListElement":[{"@type":"ListItem","position":1,"name":"\u0413\u043b\u0430\u0432\u043d\u0430\u044f \u0441\u0442\u0440\u0430\u043d\u0438\u0446\u0430","item":"https:\/\/sonycenter.md\/ro\/"},{"@type":"ListItem","position":2,"name":"Magazin","item":"https:\/\/sonycenter.md\/shop\/"},{"@type":"ListItem","position":3,"name":"WHCH720N"}]},{"@type":"WebSite","@id":"https:\/\/sonycenter.md\/ro\/#website","url":"https:\/\/sonycenter.md\/ro\/","name":"sonycenter.md","description":"SONYCENTER \u00een Chi\u0219in\u0103u","publisher":{"@id":"https:\/\/sonycenter.md\/ro\/#organization"},"potentialAction":[{"@type":"SearchAction","target":{"@type":"EntryPoint","urlTemplate":"https:\/\/sonycenter.md\/ro\/?s={search_term_string}"},"query-input":{"@type":"PropertyValueSpecification","valueRequired":true,"valueName":"search_term_string"}}],"inLanguage":"ro-RO"},{"@type":"Organization","@id":"https:\/\/sonycenter.md\/ro\/#organization","name":"sonycenter.md","url":"https:\/\/sonycenter.md\/ro\/","logo":{"@type":"ImageObject","inLanguage":"ro-RO","@id":"https:\/\/sonycenter.md\/ro\/#\/schema\/logo\/image\/","url":"","contentUrl":"","caption":"sonycenter.md"},"image":{"@id":"https:\/\/sonycenter.md\/ro\/#\/schema\/logo\/image\/"}}]}},"_links":{"self":[{"href":"https:\/\/sonycenter.md\/ro\/wp-json\/wp\/v2\/product\/25156","targetHints":{"allow":["GET"]}}],"collection":[{"href":"https:\/\/sonycenter.md\/ro\/wp-json\/wp\/v2\/product"}],"about":[{"href":"https:\/\/sonycenter.md\/ro\/wp-json\/wp\/v2\/types\/product"}],"replies":[{"embeddable":true,"href":"https:\/\/sonycenter.md\/ro\/wp-json\/wp\/v2\/comments?post=25156"}],"wp:featuredmedia":[{"embeddable":true,"href":"https:\/\/sonycenter.md\/ro\/wp-json\/wp\/v2\/media\/29869"}],"wp:attachment":[{"href":"https:\/\/sonycenter.md\/ro\/wp-json\/wp\/v2\/media?parent=25156"}],"wp:term":[{"taxonomy":"product_brand","embeddable":true,"href":"https:\/\/sonycenter.md\/ro\/wp-json\/wp\/v2\/product_brand?post=25156"},{"taxonomy":"product_cat","embeddable":true,"href":"https:\/\/sonycenter.md\/ro\/wp-json\/wp\/v2\/product_cat?post=25156"},{"taxonomy":"product_tag","embeddable":true,"href":"https:\/\/sonycenter.md\/ro\/wp-json\/wp\/v2\/product_tag?post=25156"}],"curies":[{"name":"wp","href":"https:\/\/api.w.org\/{rel}","templated":true}]}}