{"id":25374,"date":"2023-05-09T14:16:29","date_gmt":"2023-05-09T11:21:08","guid":{"rendered":"https:\/\/sonycenter.md\/?post_type=product&#038;p=25374"},"modified":"2025-07-09T14:02:50","modified_gmt":"2025-07-09T11:02:50","slug":"zve1l","status":"publish","type":"product","link":"https:\/\/sonycenter.md\/ro\/magazin\/zve1l\/","title":{"rendered":"ZVE1L (+kit 28-60mm)"},"content":{"rendered":"<p><iframe loading=\"lazy\" title=\"YouTube video player\" src=\"https:\/\/www.youtube.com\/embed\/FRkHu_0kqbc\" width=\"900\" height=\"500\" frameborder=\"0\" allowfullscreen=\"allowfullscreen\"><span data-mce-type=\"bookmark\" style=\"display: inline-block; width: 0px; overflow: hidden; line-height: 0;\" class=\"mce_SELRES_start\">\ufeff<\/span><\/iframe><\/p>\n<table style=\"height: 3691px;\" width=\"903\">\n<tbody>\n<tr>\n<td width=\"181\"><strong>General <\/strong><\/td>\n<td width=\"245\"><\/td>\n<td width=\"339\"><\/td>\n<\/tr>\n<tr>\n<td><strong>\u00a0<\/strong><\/td>\n<td><strong>TIP DE CAMER\u0102<\/strong><\/td>\n<td>Camer\u0103 foto digital\u0103 cu obiective interschimbabile<\/td>\n<\/tr>\n<tr>\n<td><strong>\u00a0<\/strong><\/td>\n<td><strong>SUPORT OBIECTIV<\/strong><\/td>\n<td>Montur\u0103 E<\/td>\n<\/tr>\n<tr>\n<td><strong>Sec\u021biune camer\u0103 <\/strong><\/td>\n<td><\/td>\n<td><\/td>\n<\/tr>\n<tr>\n<td><strong>\u00a0<\/strong><\/td>\n<td><strong>IP<\/strong><\/td>\n<td>Full Frame de 35 mm (35,6 x 23,8 mm), senzor CMOS Exmor R<\/td>\n<\/tr>\n<tr>\n<td><strong>\u00a0<\/strong><\/td>\n<td><strong>NUM\u0102R DE PIXELI (EFECTIV)<\/strong><\/td>\n<td>Imagini statice: aprox. 12,1 megapixeli max., filme: aprox. 10,1 megapixeli max.<\/td>\n<\/tr>\n<tr>\n<td><strong>\u00a0<\/strong><\/td>\n<td><strong>FILTRU OPTIC TRECE-JOS<\/strong><\/td>\n<td>Da<\/td>\n<\/tr>\n<tr>\n<td><strong>\u00a0<\/strong><\/td>\n<td><strong>INTERVAL TEMPERATUR\u0102 DE CULOARE<\/strong><\/td>\n<td>2500\u20139900 K<\/td>\n<\/tr>\n<tr>\n<td><strong>\u00a0<\/strong><\/td>\n<td><strong>FUNC\u021aIE DE ELIMINARE A PRAFULUI<\/strong><\/td>\n<td>Da<\/td>\n<\/tr>\n<tr>\n<td><strong>Sistem de \u00eenregistrare (Imagini statice) <\/strong><\/td>\n<td><\/td>\n<td><\/td>\n<\/tr>\n<tr>\n<td><strong>\u00a0<\/strong><\/td>\n<td><strong>FORMAT \u00ceNREGISTRARE<\/strong><\/td>\n<td>JPEG (DCF Ver. 2.0, Exif Ver. 2.32, conform cu MPF Baseline), HEIF (conform cu MPEG-A MIAF), RAW (conform cu Sony ARW 4.0)<\/td>\n<\/tr>\n<tr>\n<td><strong>\u00a0<\/strong><\/td>\n<td><strong>DIMENSIUNE IMAGINE (PIXELI) [3:2]<\/strong><\/td>\n<td>Full frame 35 mm L: 4240 x 2832 (12 M), M: 2768 x 1848 (5,1 M), S: 2128 x 1416 (3,0 M)<\/td>\n<\/tr>\n<tr>\n<td><strong>\u00a0<\/strong><\/td>\n<td><strong>MODURI CALITATE IMAGINE<\/strong><\/td>\n<td>RAW, JPEG, HEIF (4:2:0 \/ 4:2:2), RAW+JPEG, RAW+HEIF<\/td>\n<\/tr>\n<tr>\n<td><strong>\u00a0<\/strong><\/td>\n<td><strong>14BIT RAW<\/strong><\/td>\n<td>Da<\/td>\n<\/tr>\n<tr>\n<td><strong>Sistem de \u00eenregistrare (Movie (Film)) <\/strong><\/td>\n<td><\/td>\n<td><\/td>\n<\/tr>\n<tr>\n<td><strong>\u00a0<\/strong><\/td>\n<td><strong>COMPRESIE VIDEO<\/strong><\/td>\n<td>XAVC S: MPEG-4 AVC\/H.264, XAVC HS: MPEG-H HEVC\/H.265<\/td>\n<\/tr>\n<tr>\n<td><strong>\u00a0<\/strong><\/td>\n<td><strong>FORMAT \u00ceNREGISTRARE AUDIO<\/strong><\/td>\n<td>LPCM 2 can (48 kHz 16 bi\u021bi), LPCM can (48 kHz 24 bi\u021bi)3, LPCM can (48 kHz 24 bi\u021bi)3<\/td>\n<\/tr>\n<tr>\n<td><strong>\u00a0<\/strong><\/td>\n<td><strong>FORMAT \u00ceNREGISTRARE FILM (XAVC HS 4K)<\/strong><\/td>\n<td>3840 x 2160 (4:2:0, 10 bi\u021bi) (aprox.): 59,94p (150 Mbps\/75 Mbps\/45 Mbps), 50p (150 Mbps\/75 Mbps\/45 Mbps), 23,98p (100 Mbps\/50 Mbps\/30 Mbps), 3840 x 2160 (4:2:2, 10 bi\u021bi) (aprox.): 59,94p (200 Mbps\/100 Mbps), 50p (200 Mbps\/100 Mbps), 23,98p (100 Mbps\/50 Mbps)<\/td>\n<\/tr>\n<tr>\n<td><strong>\u00a0<\/strong><\/td>\n<td><strong>FORMAT \u00ceNREGISTRARE FILM (XAVC S 4K)<\/strong><\/td>\n<td>3840 x 2160 (4:2:0, 8 bi\u021bi) (aprox.): 59,94p (150 Mbps), 50p (150 Mbps), 29,97p (100 Mbps\/60 Mbps), 25p (100 Mbps\/60 Mbps), 23,98p (100 Mbps\/60 Mbps), 3840 x 2160 (4:2:2, 10 bi\u021bi) (aprox.): 59,94p (200 Mbps), 50p (200 Mbps), 29,97p (140 Mbps), 25p (140 Mbps), 23,98p (100 Mbps)<\/td>\n<\/tr>\n<tr>\n<td><strong>\u00a0<\/strong><\/td>\n<td><strong>FORMAT \u00ceNREGISTRARE FILM (XAVC S HD)<\/strong><\/td>\n<td>1920 x 1080 (4:2:0, 8 bi\u021bi) (aprox.): 119,88p (100 Mbps\/60 Mbps), 100p (100 Mbps\/60 Mbps), 59,94p (50 Mbps\/25 Mbps), 50p (50 Mbps\/25 Mbps), 29,97p (50 Mbps\/16 Mbps), 25p (50 Mbps\/16 Mbps), 23,98p (50 Mbps), 1920 x 1080 (4:2:2, 10 bi\u021bi) (aprox.): 59,94p (50 Mbps), 50p (50 Mbps), 29,97p (50 Mbps), 25p (50 Mbps), 23,98p (50 Mbps)<\/td>\n<\/tr>\n<tr>\n<td><strong>\u00a0<\/strong><\/td>\n<td><strong>FORMAT \u00ceNREGISTRARE FILM (XAVC S-I 4K)<\/strong><\/td>\n<td>3840 x 2160 (4:2:2, 10 bi\u021bi) (aprox.): 59,94p (600 Mbps), 50p (500 Mbps), 29,97p (300 Mbps), 25p (250 Mbps), 23,98p (240 Mbps)<\/td>\n<\/tr>\n<tr>\n<td><strong>\u00a0<\/strong><\/td>\n<td><strong>FORMAT \u00ceNREGISTRARE FILM (XAVC S-I HD)<\/strong><\/td>\n<td>1920 x 1080 (4:2:2, 10 bi\u021bi) (aprox.): 59,94p (222 Mbps), 50p (185 Mbps), 29,97p (111 Mbps), 25p (93 Mbps), 23,98p (89 Mbps)<\/td>\n<\/tr>\n<tr>\n<td><strong>Sistem de \u00eenregistrare <\/strong><\/td>\n<td><\/td>\n<td><\/td>\n<\/tr>\n<tr>\n<td><strong>\u00a0<\/strong><\/td>\n<td><strong>SLOT PENTRU CARDURI DE MEMORIE <\/strong><\/td>\n<td>SLOT 1: slot pentru card de memorie SD (compatibilitate UHS-I\/II)<\/td>\n<\/tr>\n<tr>\n<td><strong>Sistem de focalizare <\/strong><\/td>\n<td><\/td>\n<td><\/td>\n<\/tr>\n<tr>\n<td><strong>\u00a0<\/strong><\/td>\n<td><strong>TIP<\/strong><\/td>\n<td>Focalizare automat\u0103 hibrid\u0103 rapid\u0103 (focalizare automat\u0103 cu detec\u0163ia fazei\/focalizare automat\u0103 cu detectarea contrastului)<\/td>\n<\/tr>\n<tr>\n<td><strong>\u00a0<\/strong><\/td>\n<td><strong>PUNCT DE FOCALIZARE<\/strong><\/td>\n<td>Imagini statice: max. 759 de puncte (focalizare automat\u0103 cu detec\u021bia fazei), filme: max. 627 de puncte (focalizare automat\u0103 cu detec\u021bia fazei)<\/td>\n<\/tr>\n<tr>\n<td><strong>\u00a0<\/strong><\/td>\n<td><strong>INTERVAL SENSIBILITATE<\/strong><\/td>\n<td>EV-6 p\u00e2n\u0103 la EV20 (la echivalent ISO100 cu obiectiv F 2.0 ata\u015fat)<\/td>\n<\/tr>\n<tr>\n<td><strong>\u00a0<\/strong><\/td>\n<td><strong>\u021aINT\u0102 RECUNOA\u0218TERE (IMAGINI STATICE)<\/strong><\/td>\n<td>Om, Animal, Pas\u0103re, Insect\u0103, Ma\u0219in\u0103, Tren, Avion<\/td>\n<\/tr>\n<tr>\n<td><strong>\u00a0<\/strong><\/td>\n<td><strong>\u021aINT\u0102 RECUNOA\u0218TERE (FILME)<\/strong><\/td>\n<td>Om, Animal, Pas\u0103re, Insect\u0103, Ma\u0219in\u0103, Tren, Avion<\/td>\n<\/tr>\n<tr>\n<td><strong>\u00a0<\/strong><\/td>\n<td><strong>ALTE CARACTERISTICI<\/strong><\/td>\n<td>Sensibilitate urm\u0103rire FA (Imagini statice), Sensibilitate FA la schimbare subiect (Film), Vitez\u0103 tranzi\u021bie FA (Film), Comutare zon\u0103 FA V\/O, \u00cenregistrare zon\u0103 FA, Circulare punct de focalizare, Hart\u0103 de focalizare (Film), Asisten\u021b\u0103 FA (Film)<\/td>\n<\/tr>\n<tr>\n<td><strong>Controlul expunerii <\/strong><\/td>\n<td><strong>\u00a0<\/strong><\/td>\n<td><\/td>\n<\/tr>\n<tr>\n<td><strong>\u00a0<\/strong><\/td>\n<td><strong>TIP M\u0102SURARE<\/strong><\/td>\n<td>M\u0103surare estimativ\u0103 1200 zone<\/td>\n<\/tr>\n<tr>\n<td><strong>\u00a0<\/strong><\/td>\n<td><strong>SENSIBILITATE M\u0102SURARE<\/strong><\/td>\n<td>EV-3 p\u00e2n\u0103 la EV20 (la echivalent ISO100 cu obiectiv F 2.0 ata\u015fat)<\/td>\n<\/tr>\n<tr>\n<td><strong>\u00a0<\/strong><\/td>\n<td><strong>COMPENSARE EXPUNERE<\/strong><\/td>\n<td>+\/- 5 EV (trepte selectabile de 1\/3 EV, 1\/2 EV)<\/td>\n<\/tr>\n<tr>\n<td><strong>\u00a0<\/strong><\/td>\n<td><strong>SENSIBILITATE ISO<\/strong><\/td>\n<td>Imagini statice: ISO 80\u2013102.400 (poate fi extins la ISO 40\u2013409.600), AUTO (ISO 80\u201312.800, limite inferioar\u0103 \u0219i superioar\u0103 selectabile), filme: ISO 80\u2013102.400 (poate fi extins la ISO 40\u2013409.600), AUTO (ISO 80\u201312.800, limite inferioar\u0103 \u0219i superioar\u0103 selectabile)<\/td>\n<\/tr>\n<tr>\n<td><strong>Ecran LCD<\/strong><\/td>\n<td><\/td>\n<td><\/td>\n<\/tr>\n<tr>\n<td><strong>\u00a0<\/strong><\/td>\n<td><strong>TIP<\/strong><\/td>\n<td>Tip TFT de 7,5 cm (tip 3.0)<\/td>\n<\/tr>\n<tr>\n<td><strong>\u00a0<\/strong><\/td>\n<td><strong>ECRAN TACTIL<\/strong><\/td>\n<td>Da<\/td>\n<\/tr>\n<tr>\n<td><strong>\u00a0<\/strong><\/td>\n<td><strong>NUM\u0102R PUNCTE (TOTAL)<\/strong><\/td>\n<td>1.036.800 puncte<\/td>\n<\/tr>\n<tr>\n<td><strong>\u00a0<\/strong><\/td>\n<td><strong>UNGHI REGLABIL<\/strong><\/td>\n<td>Unghi de deschidere: aprox. 176 \u00b0, unghi de rotire: aprox. 270 \u00b0.<\/td>\n<\/tr>\n<tr>\n<td><strong>Zoom pentru imagini clare <\/strong><\/td>\n<td><\/td>\n<td><\/td>\n<\/tr>\n<tr>\n<td><strong>\u00a0<\/strong><\/td>\n<td><strong>IMAGINI STATICE<\/strong><\/td>\n<td>Aprox. 2x,<\/td>\n<\/tr>\n<tr>\n<td><strong>\u00a0<\/strong><\/td>\n<td><strong>FILME<\/strong><\/td>\n<td>Aprox. 1,5x (4K), Aprox. 2x (HD)<\/td>\n<\/tr>\n<tr>\n<td><strong>Obturator <\/strong><\/td>\n<td><\/td>\n<td><\/td>\n<\/tr>\n<tr>\n<td><strong>\u00a0<\/strong><\/td>\n<td><strong>TIP DE OBTURATOR<\/strong><\/td>\n<td>Obturator electronic<\/td>\n<\/tr>\n<tr>\n<td><strong>\u00a0<\/strong><\/td>\n<td><strong>TIMP DE EXPUNERE<\/strong><\/td>\n<td>Imagini statice: 1\/8000 la 30 s, filme: 1\/8000 la 1 s<\/td>\n<\/tr>\n<tr>\n<td><strong>\u00a0<\/strong><\/td>\n<td><strong>SINCRONIZARE BLI\u0162 VITEZ\u0102<\/strong><\/td>\n<td>1\/30 s (full frame 35 mm), 1\/60 s (APS-C)<\/td>\n<\/tr>\n<tr>\n<td><strong>SteadyShot \u00ceNCORPORAT (Stabilizarea imaginii) <\/strong><\/td>\n<td><\/td>\n<td><\/td>\n<\/tr>\n<tr>\n<td><strong>\u00a0<\/strong><\/td>\n<td><strong>TIP<\/strong><\/td>\n<td>Mecanism de deplasare a senzorului de imagine cu compensare pe 5 axe (Compensarea depinde de specifica\u021biile obiectivului)<\/td>\n<\/tr>\n<tr>\n<td><strong>\u00a0<\/strong><\/td>\n<td><strong>EFECT DE COMPENSARE (IMAGINI STATICE)<\/strong><\/td>\n<td>5 trepte (pe baza standardului CIPA. Numai la mi\u0219care \u00een jurul axei transversale\/verticale. Cu obiectiv FE 50 mm F1.2 GM montat.)<\/td>\n<\/tr>\n<tr>\n<td><strong>\u00a0<\/strong><\/td>\n<td><strong>MOD<\/strong><\/td>\n<td>Imagini statice: Activat\/Dezactivat, Film: Activ dinamic\/Activ\/Standard\/Dezactivat<\/td>\n<\/tr>\n<tr>\n<td><strong>Streaming USB <\/strong><\/td>\n<td><\/td>\n<td><\/td>\n<\/tr>\n<tr>\n<td><strong>\u00a0<\/strong><\/td>\n<td><strong>FORMAT DATE VIDEO<\/strong><\/td>\n<td>MJPEG, YUV420<\/td>\n<\/tr>\n<tr>\n<td><strong>\u00a0<\/strong><\/td>\n<td><strong>REZOLU\u021aIE VIDEO<\/strong><\/td>\n<td>3840 x 2160 (15p\/30p), 3840 x 2160 (12,5p\/25p), 1920 x 1080 (30p\/60p), 1920 x 1080 (25p\/50p), 1280 x 720 (30p), 1280 x 720 (25p)<\/td>\n<\/tr>\n<tr>\n<td><strong>\u00a0<\/strong><\/td>\n<td><strong>FORMAT DATE AUDIO<\/strong><\/td>\n<td>LPCM 2 canale (16 bi\u021bi, 48 kHz)<\/td>\n<\/tr>\n<tr>\n<td><strong>Audio <\/strong><\/td>\n<td><\/td>\n<td><\/td>\n<\/tr>\n<tr>\n<td><strong>\u00a0<\/strong><\/td>\n<td><strong>MICROFON<\/strong><\/td>\n<td>Stereo \u00eencorporat<\/td>\n<\/tr>\n<tr>\n<td><strong>\u00a0<\/strong><\/td>\n<td><strong>BOX\u0102<\/strong><\/td>\n<td>Mono, \u00eencorporat<\/td>\n<\/tr>\n<tr>\n<td><strong>Interfa\u0163\u0103<\/strong><\/td>\n<td><\/td>\n<td><\/td>\n<\/tr>\n<tr>\n<td><strong>\u00a0<\/strong><\/td>\n<td><strong>SUPORT CU INTERFA\u0162\u0102 MULTIPL\u0102 <\/strong><\/td>\n<td>Da (compatibil USB SuperSpeed de 5 Gb\/s (USB 3.2))<\/td>\n<\/tr>\n<tr>\n<td><strong>\u00a0<\/strong><\/td>\n<td><strong>LAN WIRELESS (\u00ceNCORPORAT)<\/strong><\/td>\n<td>Da (compatibil Wi-Fi, IEEE 802.11a\/b\/g\/n\/ac (band\u0103 de 2,4 GHz\/5 GHz))78<\/td>\n<\/tr>\n<tr>\n<td><strong>\u00a0<\/strong><\/td>\n<td><strong>BLUETOOTH\u00ae<\/strong><\/td>\n<td>Da (Bluetooth Standard Ver. 4.2 (band\u0103 de 2,4 GHz))<\/td>\n<\/tr>\n<tr>\n<td><strong>\u00a0<\/strong><\/td>\n<td><strong>CONECTOR HDMI<\/strong><\/td>\n<td>Microconector HDMI (Tip D), 3840 x 2160 (59,94p\/50p\/29,97p\/25p\/23,98p)\/1920 x 1080 (59,94p\/50p\/23,98p)\/1920 x 1080 (59,94i\/50i), YCbCr 4:2:2 10 bi\u021bi\/RGB 8 bi\u021bi<\/td>\n<\/tr>\n<tr>\n<td><strong>\u00a0<\/strong><\/td>\n<td><strong>SUPORT CU INTERFA\u0162\u0102 MULTIPL\u0102<\/strong><\/td>\n<td>Da (cu interfa\u021b\u0103 audio digital\u0103)9<\/td>\n<\/tr>\n<tr>\n<td><strong>\u00a0<\/strong><\/td>\n<td><strong>MUF\u0102 MICROFON<\/strong><\/td>\n<td>DA (minimuf\u0103 stereo de 3,5 mm)<\/td>\n<\/tr>\n<tr>\n<td><strong>\u00a0<\/strong><\/td>\n<td><strong>MUF\u0102 C\u0102\u015eTI<\/strong><\/td>\n<td>DA (minimuf\u0103 stereo de 3,5 mm)<\/td>\n<\/tr>\n<tr>\n<td><strong>\u00a0<\/strong><\/td>\n<td><strong>TELECOMAND\u0102 (WIRELESS)<\/strong><\/td>\n<td>Da (telecomand\u0103 Bluetooth)<\/td>\n<\/tr>\n<tr>\n<td><strong>Alimentare <\/strong><\/td>\n<td><\/td>\n<td><\/td>\n<\/tr>\n<tr>\n<td><strong>\u00a0<\/strong><\/td>\n<td><strong>BATERIE<\/strong><\/td>\n<td>Un acumulator NP-FZ100<\/td>\n<\/tr>\n<tr>\n<td><strong>\u00a0<\/strong><\/td>\n<td><strong>IMAGINI STATICE<\/strong><\/td>\n<td>Aprox. 570 de imagini (monitor LCD) (standard CIPA)<\/td>\n<\/tr>\n<tr>\n<td><strong>\u00a0<\/strong><\/td>\n<td><strong>FILM (\u00ceNREGISTRARE CONTINU\u0102)<\/strong><\/td>\n<td>Aprox. 140 min (monitor LCD) (standard CIPA)<\/td>\n<\/tr>\n<tr>\n<td><strong>\u00a0<\/strong><\/td>\n<td><strong>\u00ceNC\u0102RCARE BATERIE INTERN\u0102<\/strong><\/td>\n<td>Da (Disponibil cu muf\u0103 USB Type-C. Compatibil cu standardul USB Power Delivery)<\/td>\n<\/tr>\n<tr>\n<td><strong>\u00a0<\/strong><\/td>\n<td><strong>SURS\u0102 DE ALIMENTARE USB<\/strong><\/td>\n<td>Da (Disponibil cu muf\u0103 USB Type-C. Compatibil cu standardul USB Power Delivery)<\/td>\n<\/tr>\n<tr>\n<td><strong>Greutate<\/strong><\/td>\n<td><\/td>\n<td><\/td>\n<\/tr>\n<tr>\n<td><strong>\u00a0<\/strong><\/td>\n<td>CU BATERIE \u0218I CARD DE MEMORIE INCLUSE<\/td>\n<td>Aprox. 483 g<\/td>\n<\/tr>\n<tr>\n<td><strong>\u00a0<\/strong><\/td>\n<td><strong>DOAR CORPUL<\/strong><\/td>\n<td>Aprox. 399 g<\/td>\n<\/tr>\n<tr>\n<td><strong>\u00a0<\/strong><\/td>\n<td><\/td>\n<td><\/td>\n<\/tr>\n<tr>\n<td><strong>\u00a0<\/strong><\/td>\n<td><strong>ACCESORIU INCLUS<\/strong><\/td>\n<td>Obiectiv SEL2860,Baterie re\u00eenc\u0103rcabil\u0103 NP-FZ100, Curea de um\u0103r, Protec\u021bie la v\u00e2nt, Adaptor protec\u021bie la v\u00e2nt, Capac pentru corp, Capac cupl\u0103 accesorii, Capac obiectiv, Capac spate obiectiv<\/td>\n<\/tr>\n<\/tbody>\n<\/table>\n","protected":false},"excerpt":{"rendered":"<ul>\n<li><span style=\"color: #000000;\">Obiectiv : SEL2860 F4-5,6<\/span><\/li>\n<li><span style=\"color: #000000;\">Senzor : Full frame 35 mm<\/span><\/li>\n<li><span style=\"color: #000000;\">Video : pana la 4K 60p\/50p<\/span><\/li>\n<li><span style=\"color: #000000;\">Video : pana la 4:2:2 10 biti<\/span><\/li>\n<li><span style=\"color: #000000;\">Stabilizarea imaginii : Da ( incorporata)<\/span><\/li>\n<li><span style=\"color: #000000;\">Greutate : 399 g ( doar corpul )<\/span><\/li>\n<\/ul>\n","protected":false},"featured_media":25352,"comment_status":"open","ping_status":"closed","template":"","meta":[],"product_brand":[],"product_cat":[618],"product_tag":[],"class_list":{"0":"post-25374","1":"product","2":"type-product","3":"status-publish","4":"has-post-thumbnail","6":"product_cat-camere-alfa","8":"first","9":"outofstock","10":"sale","11":"shipping-taxable","12":"purchasable","13":"product-type-simple"},"yoast_head":"<!-- This site is optimized with the Yoast SEO plugin v27.4 - https:\/\/yoast.com\/product\/yoast-seo-wordpress\/ -->\n<title>ZVE1L (+kit 28-60mm) | sonycenter.md<\/title>\n<meta name=\"description\" content=\"ZVE1L (+kit 28-60mm) - \u043a\u0443\u043f\u0438\u0442\u044c \u0432 \u041a\u0438\u0448\u0438\u043d\u0435\u0432\u0435. \u0428\u0438\u0440\u043e\u043a\u0438\u0439 \u0430\u0441\u0441\u043e\u0440\u0442\u0438\u043c\u0435\u043d\u0442 \u043f\u0440\u043e\u0434\u0443\u043a\u0446\u0438\u0438 SONY \u0432 \u0444\u0438\u0440\u043c\u0435\u043d\u043d\u043e\u043c \u043c\u0430\u0433\u0430\u0437\u0438\u043d\u0435 SONY\" \/>\n<meta name=\"robots\" content=\"index, follow, max-snippet:-1, max-image-preview:large, max-video-preview:-1\" \/>\n<link rel=\"canonical\" href=\"https:\/\/sonycenter.md\/ro\/magazin\/zve1l\/\" \/>\n<meta property=\"og:locale\" content=\"ro_RO\" \/>\n<meta property=\"og:type\" content=\"article\" \/>\n<meta property=\"og:title\" content=\"ZVE1L (+kit 28-60mm) | sonycenter.md\" \/>\n<meta property=\"og:description\" content=\"ZVE1L (+kit 28-60mm) - \u043a\u0443\u043f\u0438\u0442\u044c \u0432 \u041a\u0438\u0448\u0438\u043d\u0435\u0432\u0435. \u0428\u0438\u0440\u043e\u043a\u0438\u0439 \u0430\u0441\u0441\u043e\u0440\u0442\u0438\u043c\u0435\u043d\u0442 \u043f\u0440\u043e\u0434\u0443\u043a\u0446\u0438\u0438 SONY \u0432 \u0444\u0438\u0440\u043c\u0435\u043d\u043d\u043e\u043c \u043c\u0430\u0433\u0430\u0437\u0438\u043d\u0435 SONY\" \/>\n<meta property=\"og:url\" content=\"https:\/\/sonycenter.md\/ro\/magazin\/zve1l\/\" \/>\n<meta property=\"og:site_name\" content=\"SONY\" \/>\n<meta property=\"article:modified_time\" content=\"2025-07-09T11:02:50+00:00\" \/>\n<meta property=\"og:image\" content=\"https:\/\/sonycenter.md\/wp-content\/uploads\/2023\/05\/ZV-E1.jpg\" \/>\n\t<meta property=\"og:image:width\" content=\"600\" \/>\n\t<meta property=\"og:image:height\" content=\"600\" \/>\n\t<meta property=\"og:image:type\" content=\"image\/jpeg\" \/>\n<meta name=\"twitter:card\" content=\"summary_large_image\" \/>\n<meta name=\"twitter:label1\" content=\"Est. reading time\" \/>\n\t<meta name=\"twitter:data1\" content=\"6 minutes\" \/>\n<script type=\"application\/ld+json\" class=\"yoast-schema-graph\">{\"@context\":\"https:\\\/\\\/schema.org\",\"@graph\":[{\"@type\":[\"WebPage\",\"ItemPage\"],\"@id\":\"https:\\\/\\\/sonycenter.md\\\/ro\\\/magazin\\\/zve1l\\\/\",\"url\":\"https:\\\/\\\/sonycenter.md\\\/ro\\\/magazin\\\/zve1l\\\/\",\"name\":\"ZVE1L (+kit 28-60mm) | sonycenter.md\",\"isPartOf\":{\"@id\":\"http:\\\/\\\/sonycenter.md\\\/ro\\\/#website\"},\"primaryImageOfPage\":{\"@id\":\"https:\\\/\\\/sonycenter.md\\\/ro\\\/magazin\\\/zve1l\\\/#primaryimage\"},\"image\":{\"@id\":\"https:\\\/\\\/sonycenter.md\\\/ro\\\/magazin\\\/zve1l\\\/#primaryimage\"},\"thumbnailUrl\":\"https:\\\/\\\/sonycenter.md\\\/wp-content\\\/uploads\\\/2023\\\/05\\\/ZV-E1.jpg\",\"datePublished\":\"2023-05-09T11:21:08+00:00\",\"dateModified\":\"2025-07-09T11:02:50+00:00\",\"description\":\"ZVE1L (+kit 28-60mm) - \u043a\u0443\u043f\u0438\u0442\u044c \u0432 \u041a\u0438\u0448\u0438\u043d\u0435\u0432\u0435. \u0428\u0438\u0440\u043e\u043a\u0438\u0439 \u0430\u0441\u0441\u043e\u0440\u0442\u0438\u043c\u0435\u043d\u0442 \u043f\u0440\u043e\u0434\u0443\u043a\u0446\u0438\u0438 SONY \u0432 \u0444\u0438\u0440\u043c\u0435\u043d\u043d\u043e\u043c \u043c\u0430\u0433\u0430\u0437\u0438\u043d\u0435 SONY\",\"breadcrumb\":{\"@id\":\"https:\\\/\\\/sonycenter.md\\\/ro\\\/magazin\\\/zve1l\\\/#breadcrumb\"},\"inLanguage\":\"ro-RO\",\"potentialAction\":[{\"@type\":\"ReadAction\",\"target\":[\"https:\\\/\\\/sonycenter.md\\\/ro\\\/magazin\\\/zve1l\\\/\"]}]},{\"@type\":\"ImageObject\",\"inLanguage\":\"ro-RO\",\"@id\":\"https:\\\/\\\/sonycenter.md\\\/ro\\\/magazin\\\/zve1l\\\/#primaryimage\",\"url\":\"https:\\\/\\\/sonycenter.md\\\/wp-content\\\/uploads\\\/2023\\\/05\\\/ZV-E1.jpg\",\"contentUrl\":\"https:\\\/\\\/sonycenter.md\\\/wp-content\\\/uploads\\\/2023\\\/05\\\/ZV-E1.jpg\",\"width\":600,\"height\":600,\"caption\":\"ZVE1L (+kit 28-60mm)\"},{\"@type\":\"BreadcrumbList\",\"@id\":\"https:\\\/\\\/sonycenter.md\\\/ro\\\/magazin\\\/zve1l\\\/#breadcrumb\",\"itemListElement\":[{\"@type\":\"ListItem\",\"position\":1,\"name\":\"\u0413\u043b\u0430\u0432\u043d\u0430\u044f \u0441\u0442\u0440\u0430\u043d\u0438\u0446\u0430\",\"item\":\"https:\\\/\\\/sonycenter.md\\\/ro\\\/\"},{\"@type\":\"ListItem\",\"position\":2,\"name\":\"Magazin\",\"item\":\"https:\\\/\\\/sonycenter.md\\\/shop\\\/\"},{\"@type\":\"ListItem\",\"position\":3,\"name\":\"ZVE1L (+kit 28-60mm)\"}]},{\"@type\":\"WebSite\",\"@id\":\"http:\\\/\\\/sonycenter.md\\\/ro\\\/#website\",\"url\":\"http:\\\/\\\/sonycenter.md\\\/ro\\\/\",\"name\":\"sonycenter.md\",\"description\":\"SONYCENTER \u00een Chi\u0219in\u0103u\",\"publisher\":{\"@id\":\"http:\\\/\\\/sonycenter.md\\\/ro\\\/#organization\"},\"potentialAction\":[{\"@type\":\"SearchAction\",\"target\":{\"@type\":\"EntryPoint\",\"urlTemplate\":\"http:\\\/\\\/sonycenter.md\\\/ro\\\/?s={search_term_string}\"},\"query-input\":{\"@type\":\"PropertyValueSpecification\",\"valueRequired\":true,\"valueName\":\"search_term_string\"}}],\"inLanguage\":\"ro-RO\"},{\"@type\":\"Organization\",\"@id\":\"http:\\\/\\\/sonycenter.md\\\/ro\\\/#organization\",\"name\":\"sonycenter.md\",\"url\":\"http:\\\/\\\/sonycenter.md\\\/ro\\\/\",\"logo\":{\"@type\":\"ImageObject\",\"inLanguage\":\"ro-RO\",\"@id\":\"http:\\\/\\\/sonycenter.md\\\/ro\\\/#\\\/schema\\\/logo\\\/image\\\/\",\"url\":\"\",\"contentUrl\":\"\",\"caption\":\"sonycenter.md\"},\"image\":{\"@id\":\"http:\\\/\\\/sonycenter.md\\\/ro\\\/#\\\/schema\\\/logo\\\/image\\\/\"}}]}<\/script>\n<!-- \/ Yoast SEO plugin. -->","yoast_head_json":{"title":"ZVE1L (+kit 28-60mm) | sonycenter.md","description":"ZVE1L (+kit 28-60mm) - \u043a\u0443\u043f\u0438\u0442\u044c \u0432 \u041a\u0438\u0448\u0438\u043d\u0435\u0432\u0435. \u0428\u0438\u0440\u043e\u043a\u0438\u0439 \u0430\u0441\u0441\u043e\u0440\u0442\u0438\u043c\u0435\u043d\u0442 \u043f\u0440\u043e\u0434\u0443\u043a\u0446\u0438\u0438 SONY \u0432 \u0444\u0438\u0440\u043c\u0435\u043d\u043d\u043e\u043c \u043c\u0430\u0433\u0430\u0437\u0438\u043d\u0435 SONY","robots":{"index":"index","follow":"follow","max-snippet":"max-snippet:-1","max-image-preview":"max-image-preview:large","max-video-preview":"max-video-preview:-1"},"canonical":"https:\/\/sonycenter.md\/ro\/magazin\/zve1l\/","og_locale":"ro_RO","og_type":"article","og_title":"ZVE1L (+kit 28-60mm) | sonycenter.md","og_description":"ZVE1L (+kit 28-60mm) - \u043a\u0443\u043f\u0438\u0442\u044c \u0432 \u041a\u0438\u0448\u0438\u043d\u0435\u0432\u0435. \u0428\u0438\u0440\u043e\u043a\u0438\u0439 \u0430\u0441\u0441\u043e\u0440\u0442\u0438\u043c\u0435\u043d\u0442 \u043f\u0440\u043e\u0434\u0443\u043a\u0446\u0438\u0438 SONY \u0432 \u0444\u0438\u0440\u043c\u0435\u043d\u043d\u043e\u043c \u043c\u0430\u0433\u0430\u0437\u0438\u043d\u0435 SONY","og_url":"https:\/\/sonycenter.md\/ro\/magazin\/zve1l\/","og_site_name":"SONY","article_modified_time":"2025-07-09T11:02:50+00:00","og_image":[{"width":600,"height":600,"url":"https:\/\/sonycenter.md\/wp-content\/uploads\/2023\/05\/ZV-E1.jpg","type":"image\/jpeg"}],"twitter_card":"summary_large_image","twitter_misc":{"Est. reading time":"6 minutes"},"schema":{"@context":"https:\/\/schema.org","@graph":[{"@type":["WebPage","ItemPage"],"@id":"https:\/\/sonycenter.md\/ro\/magazin\/zve1l\/","url":"https:\/\/sonycenter.md\/ro\/magazin\/zve1l\/","name":"ZVE1L (+kit 28-60mm) | sonycenter.md","isPartOf":{"@id":"https:\/\/sonycenter.md\/ro\/#website"},"primaryImageOfPage":{"@id":"https:\/\/sonycenter.md\/ro\/magazin\/zve1l\/#primaryimage"},"image":{"@id":"https:\/\/sonycenter.md\/ro\/magazin\/zve1l\/#primaryimage"},"thumbnailUrl":"https:\/\/sonycenter.md\/wp-content\/uploads\/2023\/05\/ZV-E1.jpg","datePublished":"2023-05-09T11:21:08+00:00","dateModified":"2025-07-09T11:02:50+00:00","description":"ZVE1L (+kit 28-60mm) - \u043a\u0443\u043f\u0438\u0442\u044c \u0432 \u041a\u0438\u0448\u0438\u043d\u0435\u0432\u0435. \u0428\u0438\u0440\u043e\u043a\u0438\u0439 \u0430\u0441\u0441\u043e\u0440\u0442\u0438\u043c\u0435\u043d\u0442 \u043f\u0440\u043e\u0434\u0443\u043a\u0446\u0438\u0438 SONY \u0432 \u0444\u0438\u0440\u043c\u0435\u043d\u043d\u043e\u043c \u043c\u0430\u0433\u0430\u0437\u0438\u043d\u0435 SONY","breadcrumb":{"@id":"https:\/\/sonycenter.md\/ro\/magazin\/zve1l\/#breadcrumb"},"inLanguage":"ro-RO","potentialAction":[{"@type":"ReadAction","target":["https:\/\/sonycenter.md\/ro\/magazin\/zve1l\/"]}]},{"@type":"ImageObject","inLanguage":"ro-RO","@id":"https:\/\/sonycenter.md\/ro\/magazin\/zve1l\/#primaryimage","url":"https:\/\/sonycenter.md\/wp-content\/uploads\/2023\/05\/ZV-E1.jpg","contentUrl":"https:\/\/sonycenter.md\/wp-content\/uploads\/2023\/05\/ZV-E1.jpg","width":600,"height":600,"caption":"ZVE1L (+kit 28-60mm)"},{"@type":"BreadcrumbList","@id":"https:\/\/sonycenter.md\/ro\/magazin\/zve1l\/#breadcrumb","itemListElement":[{"@type":"ListItem","position":1,"name":"\u0413\u043b\u0430\u0432\u043d\u0430\u044f \u0441\u0442\u0440\u0430\u043d\u0438\u0446\u0430","item":"https:\/\/sonycenter.md\/ro\/"},{"@type":"ListItem","position":2,"name":"Magazin","item":"https:\/\/sonycenter.md\/shop\/"},{"@type":"ListItem","position":3,"name":"ZVE1L (+kit 28-60mm)"}]},{"@type":"WebSite","@id":"https:\/\/sonycenter.md\/ro\/#website","url":"https:\/\/sonycenter.md\/ro\/","name":"sonycenter.md","description":"SONYCENTER \u00een Chi\u0219in\u0103u","publisher":{"@id":"https:\/\/sonycenter.md\/ro\/#organization"},"potentialAction":[{"@type":"SearchAction","target":{"@type":"EntryPoint","urlTemplate":"https:\/\/sonycenter.md\/ro\/?s={search_term_string}"},"query-input":{"@type":"PropertyValueSpecification","valueRequired":true,"valueName":"search_term_string"}}],"inLanguage":"ro-RO"},{"@type":"Organization","@id":"https:\/\/sonycenter.md\/ro\/#organization","name":"sonycenter.md","url":"https:\/\/sonycenter.md\/ro\/","logo":{"@type":"ImageObject","inLanguage":"ro-RO","@id":"https:\/\/sonycenter.md\/ro\/#\/schema\/logo\/image\/","url":"","contentUrl":"","caption":"sonycenter.md"},"image":{"@id":"https:\/\/sonycenter.md\/ro\/#\/schema\/logo\/image\/"}}]}},"_links":{"self":[{"href":"https:\/\/sonycenter.md\/ro\/wp-json\/wp\/v2\/product\/25374","targetHints":{"allow":["GET"]}}],"collection":[{"href":"https:\/\/sonycenter.md\/ro\/wp-json\/wp\/v2\/product"}],"about":[{"href":"https:\/\/sonycenter.md\/ro\/wp-json\/wp\/v2\/types\/product"}],"replies":[{"embeddable":true,"href":"https:\/\/sonycenter.md\/ro\/wp-json\/wp\/v2\/comments?post=25374"}],"wp:featuredmedia":[{"embeddable":true,"href":"https:\/\/sonycenter.md\/ro\/wp-json\/wp\/v2\/media\/25352"}],"wp:attachment":[{"href":"https:\/\/sonycenter.md\/ro\/wp-json\/wp\/v2\/media?parent=25374"}],"wp:term":[{"taxonomy":"product_brand","embeddable":true,"href":"https:\/\/sonycenter.md\/ro\/wp-json\/wp\/v2\/product_brand?post=25374"},{"taxonomy":"product_cat","embeddable":true,"href":"https:\/\/sonycenter.md\/ro\/wp-json\/wp\/v2\/product_cat?post=25374"},{"taxonomy":"product_tag","embeddable":true,"href":"https:\/\/sonycenter.md\/ro\/wp-json\/wp\/v2\/product_tag?post=25374"}],"curies":[{"name":"wp","href":"https:\/\/api.w.org\/{rel}","templated":true}]}}