{"id":25564,"date":"2023-07-15T11:43:55","date_gmt":"2023-07-15T08:43:55","guid":{"rendered":"https:\/\/sonycenter.md\/?post_type=product&#038;p=25564"},"modified":"2023-10-05T13:25:36","modified_gmt":"2023-10-05T10:25:36","slug":"sel70200g2","status":"publish","type":"product","link":"https:\/\/sonycenter.md\/ro\/magazin\/sel70200g2\/","title":{"rendered":"SEL70200G2"},"content":{"rendered":"<p><iframe loading=\"lazy\" title=\"YouTube video player\" src=\"https:\/\/www.youtube.com\/embed\/5WXIeLFQ_o4\" width=\"900\" height=\"500\" frameborder=\"0\" allowfullscreen=\"allowfullscreen\"><span data-mce-type=\"bookmark\" style=\"display: inline-block; width: 0px; overflow: hidden; line-height: 0;\" class=\"mce_SELRES_start\">\ufeff<\/span><\/iframe><\/p>\n<table style=\"height: 879px;\" width=\"902\">\n<tbody>\n<tr>\n<td width=\"217\"><strong>Specifica\u0163ii obiectiv<\/strong><\/td>\n<td width=\"283\"><strong>\u00a0<\/strong><\/td>\n<td width=\"244\"><\/td>\n<\/tr>\n<tr>\n<td><\/td>\n<td><strong>MONTUR\u0102<\/strong><\/td>\n<td>Montur\u0103 E Sony<\/td>\n<\/tr>\n<tr>\n<td><\/td>\n<td><strong>FORMAT<\/strong><\/td>\n<td>Full Frame de 35 mm<\/td>\n<\/tr>\n<tr>\n<td><\/td>\n<td><strong>DISTAN\u021a\u0102 FOCAL\u0102 (MM)<\/strong><\/td>\n<td>70-200<\/td>\n<\/tr>\n<tr>\n<td><\/td>\n<td><strong>DISTAN\u0162\u0102 FOCAL\u0102 ECHIVALENT\u0102 CU 35 MM (APS-C)<\/strong><\/td>\n<td>105-300<\/td>\n<\/tr>\n<tr>\n<td><\/td>\n<td><strong>GRUPURI\/ELEMENTE DE OBIECTIV<\/strong><\/td>\n<td>13-19<\/td>\n<\/tr>\n<tr>\n<td><\/td>\n<td><strong>UNGHI DE VIZUALIZARE (35 MM)<\/strong><\/td>\n<td>34\u00b0\u201312\u00b030&#8242;<\/td>\n<\/tr>\n<tr>\n<td><\/td>\n<td><strong>UNGHI DE VIZUALIZARE (APS-C)<\/strong><\/td>\n<td>23\u00b0-8\u00b02&#8242;<\/td>\n<\/tr>\n<tr>\n<td><\/td>\n<td><strong>DIAFRAGM\u0102 MAXIM\u0102 (F)<\/strong><\/td>\n<td>4<\/td>\n<\/tr>\n<tr>\n<td><\/td>\n<td><strong>DIAFRAGM\u0102 MINIM\u0102 (F)<\/strong><\/td>\n<td>22<\/td>\n<\/tr>\n<tr>\n<td><\/td>\n<td><strong>DISCURI DIAFRAGM\u0102<\/strong><\/td>\n<td>9<\/td>\n<\/tr>\n<tr>\n<td><\/td>\n<td><strong>DIAFRAGM\u0102 CIRCULAR\u0102<\/strong><\/td>\n<td>Da<\/td>\n<\/tr>\n<tr>\n<td><\/td>\n<td><strong>DISTAN\u0162\u0102 MINIM\u0102 DE FOCALIZARE<\/strong><\/td>\n<td>0,26\u20130,42 m (0,86\u20131,38 ft)<\/td>\n<\/tr>\n<tr>\n<td><\/td>\n<td><strong>RAPORT MAXIM AL FACTORULUI DE M\u0102RIRE (X)<\/strong><\/td>\n<td>0,5<\/td>\n<\/tr>\n<tr>\n<td><\/td>\n<td><strong>DIAMETRU FILTRU (MM)<\/strong><\/td>\n<td>72<\/td>\n<\/tr>\n<tr>\n<td><\/td>\n<td><strong>STABILIZARE A IMAGINII (STEADYSHOT&#x2122;)<\/strong><\/td>\n<td>Stabilizare optic\u0103 SteadyShot<\/td>\n<\/tr>\n<tr>\n<td><\/td>\n<td><strong>SISTEM ZOOM<\/strong><\/td>\n<td>Manual\u0103<\/td>\n<\/tr>\n<tr>\n<td><\/td>\n<td><strong>COMPATIBILITATE TELECONVERTOR (X1,4)<\/strong><\/td>\n<td>SEL14TC<\/td>\n<\/tr>\n<tr>\n<td><\/td>\n<td><strong>COMPATIBILITATE TELECONVERTOR (X2,0)<\/strong><\/td>\n<td>SEL20TC<\/td>\n<\/tr>\n<tr>\n<td><\/td>\n<td><strong>TIPUL PARASOLARULUI<\/strong><\/td>\n<td>\u00cen form\u0103 de petal\u0103, de tip baionet\u0103<\/td>\n<\/tr>\n<tr>\n<td><strong>Dimensiune \u015fi greutate<\/strong><\/td>\n<td><strong>\u00a0<\/strong><\/td>\n<td><\/td>\n<\/tr>\n<tr>\n<td><\/td>\n<td><strong>DIMENSIUNI (AD\u00c2NCIME X LUNGIME)<\/strong><\/td>\n<td>82,2 x 149,0 mm (3 1\/4 x 5 7\/8 inchi)<\/td>\n<\/tr>\n<tr>\n<td><\/td>\n<td><strong>GREUTATE<\/strong><\/td>\n<td>794 g (28,1 oz)<\/td>\n<\/tr>\n<tr>\n<td><strong>Ce este \u00een cutie<\/strong><\/td>\n<td><strong>\u00a0<\/strong><\/td>\n<td><\/td>\n<\/tr>\n<tr>\n<td><\/td>\n<td><strong>Parasolar (model): ALC-SH176<\/strong><\/td>\n<td><\/td>\n<\/tr>\n<tr>\n<td><\/td>\n<td><strong>Capac frontal pentru obiectiv: ALC-F72S<\/strong><\/td>\n<td><\/td>\n<\/tr>\n<tr>\n<td><\/td>\n<td><strong>Capac spate pentru obiectiv: ALC-R1EM<\/strong><\/td>\n<td><\/td>\n<\/tr>\n<tr>\n<td><\/td>\n<td><strong>Suport de trepied<\/strong><\/td>\n<td><\/td>\n<\/tr>\n<\/tbody>\n<\/table>\n","protected":false},"excerpt":{"rendered":"<ul>\n<li>Diametru filtru \u00a0: 72\u00a0mm<\/li>\n<li>Distan\u0163a focal\u0103\u00a0: 70\u00a0\u2013 200 mm<\/li>\n<li>Format : Cadru \u00eentreg de 35 mm<\/li>\n<li>Montura :\u00a0E \u2013 mount<\/li>\n<li>Discuri diafragm\u0103 : 9<\/li>\n<li>Optical steadyshot : Da<\/li>\n<\/ul>\n","protected":false},"featured_media":25560,"comment_status":"open","ping_status":"closed","template":"","meta":[],"product_brand":[],"product_cat":[903],"product_tag":[],"class_list":{"0":"post-25564","1":"product","2":"type-product","3":"status-publish","4":"has-post-thumbnail","6":"product_cat-teleobiective-sony","8":"first","9":"outofstock","10":"sale","11":"shipping-taxable","12":"purchasable","13":"product-type-simple"},"yoast_head":"<!-- This site is optimized with the Yoast SEO plugin v26.3 - https:\/\/yoast.com\/wordpress\/plugins\/seo\/ -->\n<title>SEL70200G2 | sonycenter.md<\/title>\n<meta name=\"description\" content=\"SEL70200G2 - \u043a\u0443\u043f\u0438\u0442\u044c \u0432 \u041a\u0438\u0448\u0438\u043d\u0435\u0432\u0435. \u0428\u0438\u0440\u043e\u043a\u0438\u0439 \u0430\u0441\u0441\u043e\u0440\u0442\u0438\u043c\u0435\u043d\u0442 \u043f\u0440\u043e\u0434\u0443\u043a\u0446\u0438\u0438 SONY \u0432 \u0444\u0438\u0440\u043c\u0435\u043d\u043d\u043e\u043c \u043c\u0430\u0433\u0430\u0437\u0438\u043d\u0435 SONY\" \/>\n<meta name=\"robots\" content=\"index, follow, max-snippet:-1, max-image-preview:large, max-video-preview:-1\" \/>\n<link rel=\"canonical\" href=\"https:\/\/sonycenter.md\/ro\/magazin\/sel70200g2\/\" \/>\n<meta property=\"og:locale\" content=\"ro_RO\" \/>\n<meta property=\"og:type\" content=\"article\" \/>\n<meta property=\"og:title\" content=\"SEL70200G2 | sonycenter.md\" \/>\n<meta property=\"og:description\" content=\"SEL70200G2 - \u043a\u0443\u043f\u0438\u0442\u044c \u0432 \u041a\u0438\u0448\u0438\u043d\u0435\u0432\u0435. \u0428\u0438\u0440\u043e\u043a\u0438\u0439 \u0430\u0441\u0441\u043e\u0440\u0442\u0438\u043c\u0435\u043d\u0442 \u043f\u0440\u043e\u0434\u0443\u043a\u0446\u0438\u0438 SONY \u0432 \u0444\u0438\u0440\u043c\u0435\u043d\u043d\u043e\u043c \u043c\u0430\u0433\u0430\u0437\u0438\u043d\u0435 SONY\" \/>\n<meta property=\"og:url\" content=\"https:\/\/sonycenter.md\/ro\/magazin\/sel70200g2\/\" \/>\n<meta property=\"og:site_name\" content=\"SONY\" \/>\n<meta property=\"article:modified_time\" content=\"2023-10-05T10:25:36+00:00\" \/>\n<meta property=\"og:image\" content=\"https:\/\/sonycenter.md\/wp-content\/uploads\/2023\/07\/SEL70200G2_A.jpg\" \/>\n\t<meta property=\"og:image:width\" content=\"600\" \/>\n\t<meta property=\"og:image:height\" content=\"600\" \/>\n\t<meta property=\"og:image:type\" content=\"image\/jpeg\" \/>\n<meta name=\"twitter:card\" content=\"summary_large_image\" \/>\n<meta name=\"twitter:label1\" content=\"Est. reading time\" \/>\n\t<meta name=\"twitter:data1\" content=\"1 minute\" \/>\n<script type=\"application\/ld+json\" class=\"yoast-schema-graph\">{\"@context\":\"https:\/\/schema.org\",\"@graph\":[{\"@type\":[\"WebPage\",\"ItemPage\"],\"@id\":\"https:\/\/sonycenter.md\/ro\/magazin\/sel70200g2\/\",\"url\":\"https:\/\/sonycenter.md\/ro\/magazin\/sel70200g2\/\",\"name\":\"SEL70200G2 | sonycenter.md\",\"isPartOf\":{\"@id\":\"https:\/\/sonycenter.md\/#website\"},\"primaryImageOfPage\":{\"@id\":\"https:\/\/sonycenter.md\/ro\/magazin\/sel70200g2\/#primaryimage\"},\"image\":{\"@id\":\"https:\/\/sonycenter.md\/ro\/magazin\/sel70200g2\/#primaryimage\"},\"thumbnailUrl\":\"https:\/\/sonycenter.md\/wp-content\/uploads\/2023\/07\/SEL70200G2_A.jpg\",\"datePublished\":\"2023-07-15T08:43:55+00:00\",\"dateModified\":\"2023-10-05T10:25:36+00:00\",\"description\":\"SEL70200G2 - \u043a\u0443\u043f\u0438\u0442\u044c \u0432 \u041a\u0438\u0448\u0438\u043d\u0435\u0432\u0435. \u0428\u0438\u0440\u043e\u043a\u0438\u0439 \u0430\u0441\u0441\u043e\u0440\u0442\u0438\u043c\u0435\u043d\u0442 \u043f\u0440\u043e\u0434\u0443\u043a\u0446\u0438\u0438 SONY \u0432 \u0444\u0438\u0440\u043c\u0435\u043d\u043d\u043e\u043c \u043c\u0430\u0433\u0430\u0437\u0438\u043d\u0435 SONY\",\"breadcrumb\":{\"@id\":\"https:\/\/sonycenter.md\/ro\/magazin\/sel70200g2\/#breadcrumb\"},\"inLanguage\":\"ro-RO\",\"potentialAction\":[{\"@type\":\"ReadAction\",\"target\":[\"https:\/\/sonycenter.md\/ro\/magazin\/sel70200g2\/\"]}]},{\"@type\":\"ImageObject\",\"inLanguage\":\"ro-RO\",\"@id\":\"https:\/\/sonycenter.md\/ro\/magazin\/sel70200g2\/#primaryimage\",\"url\":\"https:\/\/sonycenter.md\/wp-content\/uploads\/2023\/07\/SEL70200G2_A.jpg\",\"contentUrl\":\"https:\/\/sonycenter.md\/wp-content\/uploads\/2023\/07\/SEL70200G2_A.jpg\",\"width\":600,\"height\":600,\"caption\":\"SEL70200G2\"},{\"@type\":\"BreadcrumbList\",\"@id\":\"https:\/\/sonycenter.md\/ro\/magazin\/sel70200g2\/#breadcrumb\",\"itemListElement\":[{\"@type\":\"ListItem\",\"position\":1,\"name\":\"\u0413\u043b\u0430\u0432\u043d\u0430\u044f \u0441\u0442\u0440\u0430\u043d\u0438\u0446\u0430\",\"item\":\"https:\/\/sonycenter.md\/ro\/\"},{\"@type\":\"ListItem\",\"position\":2,\"name\":\"Magazin\",\"item\":\"https:\/\/sonycenter.md\/shop\/\"},{\"@type\":\"ListItem\",\"position\":3,\"name\":\"SEL70200G2\"}]},{\"@type\":\"WebSite\",\"@id\":\"https:\/\/sonycenter.md\/#website\",\"url\":\"https:\/\/sonycenter.md\/\",\"name\":\"sonycenter.md\",\"description\":\"SONYCENTER \u00een Chi\u0219in\u0103u\",\"publisher\":{\"@id\":\"https:\/\/sonycenter.md\/#organization\"},\"potentialAction\":[{\"@type\":\"SearchAction\",\"target\":{\"@type\":\"EntryPoint\",\"urlTemplate\":\"https:\/\/sonycenter.md\/?s={search_term_string}\"},\"query-input\":{\"@type\":\"PropertyValueSpecification\",\"valueRequired\":true,\"valueName\":\"search_term_string\"}}],\"inLanguage\":\"ro-RO\"},{\"@type\":\"Organization\",\"@id\":\"https:\/\/sonycenter.md\/#organization\",\"name\":\"sonycenter.md\",\"url\":\"https:\/\/sonycenter.md\/\",\"logo\":{\"@type\":\"ImageObject\",\"inLanguage\":\"ro-RO\",\"@id\":\"https:\/\/sonycenter.md\/#\/schema\/logo\/image\/\",\"url\":\"\",\"contentUrl\":\"\",\"caption\":\"sonycenter.md\"},\"image\":{\"@id\":\"https:\/\/sonycenter.md\/#\/schema\/logo\/image\/\"}}]}<\/script>\n<!-- \/ Yoast SEO plugin. -->","yoast_head_json":{"title":"SEL70200G2 | sonycenter.md","description":"SEL70200G2 - \u043a\u0443\u043f\u0438\u0442\u044c \u0432 \u041a\u0438\u0448\u0438\u043d\u0435\u0432\u0435. \u0428\u0438\u0440\u043e\u043a\u0438\u0439 \u0430\u0441\u0441\u043e\u0440\u0442\u0438\u043c\u0435\u043d\u0442 \u043f\u0440\u043e\u0434\u0443\u043a\u0446\u0438\u0438 SONY \u0432 \u0444\u0438\u0440\u043c\u0435\u043d\u043d\u043e\u043c \u043c\u0430\u0433\u0430\u0437\u0438\u043d\u0435 SONY","robots":{"index":"index","follow":"follow","max-snippet":"max-snippet:-1","max-image-preview":"max-image-preview:large","max-video-preview":"max-video-preview:-1"},"canonical":"https:\/\/sonycenter.md\/ro\/magazin\/sel70200g2\/","og_locale":"ro_RO","og_type":"article","og_title":"SEL70200G2 | sonycenter.md","og_description":"SEL70200G2 - \u043a\u0443\u043f\u0438\u0442\u044c \u0432 \u041a\u0438\u0448\u0438\u043d\u0435\u0432\u0435. \u0428\u0438\u0440\u043e\u043a\u0438\u0439 \u0430\u0441\u0441\u043e\u0440\u0442\u0438\u043c\u0435\u043d\u0442 \u043f\u0440\u043e\u0434\u0443\u043a\u0446\u0438\u0438 SONY \u0432 \u0444\u0438\u0440\u043c\u0435\u043d\u043d\u043e\u043c \u043c\u0430\u0433\u0430\u0437\u0438\u043d\u0435 SONY","og_url":"https:\/\/sonycenter.md\/ro\/magazin\/sel70200g2\/","og_site_name":"SONY","article_modified_time":"2023-10-05T10:25:36+00:00","og_image":[{"width":600,"height":600,"url":"https:\/\/sonycenter.md\/wp-content\/uploads\/2023\/07\/SEL70200G2_A.jpg","type":"image\/jpeg"}],"twitter_card":"summary_large_image","twitter_misc":{"Est. reading time":"1 minute"},"schema":{"@context":"https:\/\/schema.org","@graph":[{"@type":["WebPage","ItemPage"],"@id":"https:\/\/sonycenter.md\/ro\/magazin\/sel70200g2\/","url":"https:\/\/sonycenter.md\/ro\/magazin\/sel70200g2\/","name":"SEL70200G2 | sonycenter.md","isPartOf":{"@id":"https:\/\/sonycenter.md\/#website"},"primaryImageOfPage":{"@id":"https:\/\/sonycenter.md\/ro\/magazin\/sel70200g2\/#primaryimage"},"image":{"@id":"https:\/\/sonycenter.md\/ro\/magazin\/sel70200g2\/#primaryimage"},"thumbnailUrl":"https:\/\/sonycenter.md\/wp-content\/uploads\/2023\/07\/SEL70200G2_A.jpg","datePublished":"2023-07-15T08:43:55+00:00","dateModified":"2023-10-05T10:25:36+00:00","description":"SEL70200G2 - \u043a\u0443\u043f\u0438\u0442\u044c \u0432 \u041a\u0438\u0448\u0438\u043d\u0435\u0432\u0435. \u0428\u0438\u0440\u043e\u043a\u0438\u0439 \u0430\u0441\u0441\u043e\u0440\u0442\u0438\u043c\u0435\u043d\u0442 \u043f\u0440\u043e\u0434\u0443\u043a\u0446\u0438\u0438 SONY \u0432 \u0444\u0438\u0440\u043c\u0435\u043d\u043d\u043e\u043c \u043c\u0430\u0433\u0430\u0437\u0438\u043d\u0435 SONY","breadcrumb":{"@id":"https:\/\/sonycenter.md\/ro\/magazin\/sel70200g2\/#breadcrumb"},"inLanguage":"ro-RO","potentialAction":[{"@type":"ReadAction","target":["https:\/\/sonycenter.md\/ro\/magazin\/sel70200g2\/"]}]},{"@type":"ImageObject","inLanguage":"ro-RO","@id":"https:\/\/sonycenter.md\/ro\/magazin\/sel70200g2\/#primaryimage","url":"https:\/\/sonycenter.md\/wp-content\/uploads\/2023\/07\/SEL70200G2_A.jpg","contentUrl":"https:\/\/sonycenter.md\/wp-content\/uploads\/2023\/07\/SEL70200G2_A.jpg","width":600,"height":600,"caption":"SEL70200G2"},{"@type":"BreadcrumbList","@id":"https:\/\/sonycenter.md\/ro\/magazin\/sel70200g2\/#breadcrumb","itemListElement":[{"@type":"ListItem","position":1,"name":"\u0413\u043b\u0430\u0432\u043d\u0430\u044f \u0441\u0442\u0440\u0430\u043d\u0438\u0446\u0430","item":"https:\/\/sonycenter.md\/ro\/"},{"@type":"ListItem","position":2,"name":"Magazin","item":"https:\/\/sonycenter.md\/shop\/"},{"@type":"ListItem","position":3,"name":"SEL70200G2"}]},{"@type":"WebSite","@id":"https:\/\/sonycenter.md\/#website","url":"https:\/\/sonycenter.md\/","name":"sonycenter.md","description":"SONYCENTER \u00een Chi\u0219in\u0103u","publisher":{"@id":"https:\/\/sonycenter.md\/#organization"},"potentialAction":[{"@type":"SearchAction","target":{"@type":"EntryPoint","urlTemplate":"https:\/\/sonycenter.md\/?s={search_term_string}"},"query-input":{"@type":"PropertyValueSpecification","valueRequired":true,"valueName":"search_term_string"}}],"inLanguage":"ro-RO"},{"@type":"Organization","@id":"https:\/\/sonycenter.md\/#organization","name":"sonycenter.md","url":"https:\/\/sonycenter.md\/","logo":{"@type":"ImageObject","inLanguage":"ro-RO","@id":"https:\/\/sonycenter.md\/#\/schema\/logo\/image\/","url":"","contentUrl":"","caption":"sonycenter.md"},"image":{"@id":"https:\/\/sonycenter.md\/#\/schema\/logo\/image\/"}}]}},"_links":{"self":[{"href":"https:\/\/sonycenter.md\/ro\/wp-json\/wp\/v2\/product\/25564","targetHints":{"allow":["GET"]}}],"collection":[{"href":"https:\/\/sonycenter.md\/ro\/wp-json\/wp\/v2\/product"}],"about":[{"href":"https:\/\/sonycenter.md\/ro\/wp-json\/wp\/v2\/types\/product"}],"replies":[{"embeddable":true,"href":"https:\/\/sonycenter.md\/ro\/wp-json\/wp\/v2\/comments?post=25564"}],"wp:featuredmedia":[{"embeddable":true,"href":"https:\/\/sonycenter.md\/ro\/wp-json\/wp\/v2\/media\/25560"}],"wp:attachment":[{"href":"https:\/\/sonycenter.md\/ro\/wp-json\/wp\/v2\/media?parent=25564"}],"wp:term":[{"taxonomy":"product_brand","embeddable":true,"href":"https:\/\/sonycenter.md\/ro\/wp-json\/wp\/v2\/product_brand?post=25564"},{"taxonomy":"product_cat","embeddable":true,"href":"https:\/\/sonycenter.md\/ro\/wp-json\/wp\/v2\/product_cat?post=25564"},{"taxonomy":"product_tag","embeddable":true,"href":"https:\/\/sonycenter.md\/ro\/wp-json\/wp\/v2\/product_tag?post=25564"}],"curies":[{"name":"wp","href":"https:\/\/api.w.org\/{rel}","templated":true}]}}