{"id":25631,"date":"2023-08-10T17:31:34","date_gmt":"2023-08-10T14:35:55","guid":{"rendered":"https:\/\/sonycenter.md\/?post_type=product&#038;p=25631"},"modified":"2025-05-03T11:30:38","modified_gmt":"2025-05-03T08:30:38","slug":"ht-s2000","status":"publish","type":"product","link":"https:\/\/sonycenter.md\/ro\/magazin\/ht-s2000\/","title":{"rendered":"HTS2000"},"content":{"rendered":"<table style=\"height: 2344px;\" width=\"655\">\n<tbody>\n<tr>\n<td width=\"171\"><strong>CON\u021aINUTUL CUTIEI<\/strong><\/td>\n<td width=\"219\">Adaptor c.a.<br \/>\nBaterii pentru telecomand\u0103<br \/>\nCablu HDMI<br \/>\nCablu de alimentare c.a.<br \/>\nCard de garan\u0163ie<br \/>\nGhid de configurare rapid\u0103<br \/>\nGhid de referin\u0163\u0103<br \/>\nModel suport pe perete<br \/>\nTelecomand\u0103<\/td>\n<\/tr>\n<tr>\n<td style=\"text-align: center;\" colspan=\"3\"><strong>Dimensiune \u015fi greutate<\/strong><\/td>\n<\/tr>\n<tr>\n<td><strong>DIMENSIUNI UNITATE PRINCIPAL\u0102 &#8211; NUMAI CORPUL (L\u0102\u0162IME X \u00ceN\u0102L\u0162IME X AD\u00c2NCIME)\u00a0<\/strong><\/td>\n<td>800 X 64 X 124 mm<\/td>\n<\/tr>\n<tr>\n<td><\/td>\n<td><\/td>\n<\/tr>\n<tr>\n<td><strong>GREUTATE UNITATE PRINCIPAL\u0102 &#8211; NUMAI CORPUL\u00a0<\/strong><\/td>\n<td>3,7 kg<\/td>\n<\/tr>\n<tr>\n<td><\/td>\n<td><\/td>\n<\/tr>\n<tr>\n<td style=\"text-align: center;\" colspan=\"3\"><strong>Amplificator<\/strong><\/td>\n<\/tr>\n<tr>\n<td><strong>Tip amplificator<\/strong><\/td>\n<td>Amplificator digital, S-Master<\/td>\n<\/tr>\n<tr>\n<td><strong>Canale amplificator<\/strong><\/td>\n<td>5 canale<\/td>\n<\/tr>\n<tr>\n<td><strong>Putere de ie\u015fire (Total\u0103)<\/strong><\/td>\n<td>250 W<\/td>\n<\/tr>\n<tr>\n<td style=\"text-align: center;\" colspan=\"3\"><strong>Subwoofer<\/strong><\/td>\n<\/tr>\n<tr>\n<td><strong>Tip subwoofer<\/strong><\/td>\n<td>Subwoofer \u00eencorporat<\/td>\n<\/tr>\n<tr>\n<td style=\"text-align: center;\" colspan=\"3\"><strong>Interfa\u0163\u0103<\/strong><\/td>\n<\/tr>\n<tr>\n<td><strong>Terminale de intrare \u015fi ie\u015fire<\/strong><\/td>\n<td>Intrare audio optic\u0103<\/td>\n<\/tr>\n<tr>\n<td><\/td>\n<td><\/td>\n<\/tr>\n<tr>\n<td><strong>Bluetooth\u00ae<\/strong><\/td>\n<td>RX<\/td>\n<\/tr>\n<tr>\n<td><strong>Versiune Bluetooth<\/strong><\/td>\n<td>5,2<\/td>\n<\/tr>\n<tr>\n<td style=\"text-align: center;\" colspan=\"3\"><strong>HDMI\u00ae<\/strong><\/td>\n<\/tr>\n<tr>\n<td><strong>Num\u0103r de intr\u0103ri\/ie\u0219iri<\/strong><\/td>\n<td>1 (eARC\/ARC)<\/td>\n<\/tr>\n<tr>\n<td><strong>eARC<\/strong><\/td>\n<td>Da<\/td>\n<\/tr>\n<tr>\n<td><strong>BRAVIA Sync<\/strong><\/td>\n<td>Da<\/td>\n<\/tr>\n<tr>\n<td><strong>HDMI\u00ae CEC<\/strong><\/td>\n<td>Da<\/td>\n<\/tr>\n<tr>\n<td style=\"text-align: center;\" colspan=\"3\"><strong>Formate audio<\/strong><\/td>\n<\/tr>\n<tr>\n<td><strong>HDMI eARC<\/strong><\/td>\n<td>Dolby Digital, Dolby Digital plus, Dolby TrueHD, Dolby Atmos, Dolby Dual mono, DTS, DTS HD cu sunet de \u00eenalt\u0103 rezolu\u021bie, DTS HD Master Audio, DTS ES, DTS 96\/24, DTS:X, LPCM<\/td>\n<\/tr>\n<tr>\n<td><strong>Intrare optic\u0103<\/strong><\/td>\n<td>Dolby Digital, Dolby Dual mono, DTS, LPCM 2 canale<\/td>\n<\/tr>\n<tr>\n<td><strong>Receptor Bluetooth<\/strong><\/td>\n<td>AAC, SBC<\/td>\n<\/tr>\n<tr>\n<td style=\"text-align: center;\" colspan=\"3\"><strong>Func\u021bie Sunet<\/strong><\/td>\n<\/tr>\n<tr>\n<td><strong>Mod de sunet<\/strong><\/td>\n<td>C\u00e2mp de sunet (ON\/OFF)<\/td>\n<\/tr>\n<tr>\n<td><strong>Efect de sunet<\/strong><\/td>\n<td>Mod nocturn, Mod Voce<\/td>\n<\/tr>\n<tr>\n<td><strong>Tehnologie surround virtual\u0103<\/strong><\/td>\n<td>S-Force PRO, Vertical Surround Engine, DTS Virtual:X<\/td>\n<\/tr>\n<tr>\n<td style=\"text-align: center;\" colspan=\"3\"><strong>Configura\u021bie box\u0103<\/strong><\/td>\n<\/tr>\n<tr>\n<td><strong>Structur\u0103 box\u0103<\/strong><\/td>\n<td>3.1 canale (subwoofer \u00eencorporat)<\/td>\n<\/tr>\n<tr>\n<td style=\"text-align: center;\" colspan=\"3\"><strong>Func\u0163ii wireless<\/strong><\/td>\n<\/tr>\n<tr>\n<td><strong>Wireless surround (cu boxe wireless op\u021bionale)<\/strong><\/td>\n<td>Da<\/td>\n<\/tr>\n<tr>\n<td style=\"text-align: center;\" colspan=\"3\"><strong>Detalii<\/strong><\/td>\n<\/tr>\n<tr>\n<td><strong>Consum de energie<\/strong><\/td>\n<td>42,0 W<\/td>\n<\/tr>\n<tr>\n<td><strong>Consum de energie (\u00een modul Pornire de la distan\u021b\u0103)<\/strong><\/td>\n<td>Sub 2,0 W<\/td>\n<\/tr>\n<tr>\n<td><strong>Posibilitate de montare pe perete<\/strong><\/td>\n<td>Da<\/td>\n<\/tr>\n<tr>\n<td style=\"text-align: center;\" colspan=\"3\"><strong>Caracteristici ecologice \u015fi de economisire a energiei<\/strong><\/td>\n<\/tr>\n<tr>\n<td><strong>Consum de energie (modul oprit)<\/strong><\/td>\n<td>nu este disponibil<\/td>\n<\/tr>\n<tr>\n<td><strong>Consum de energie (modul standby)<\/strong><\/td>\n<td>0,5 W<\/td>\n<\/tr>\n<tr>\n<td><strong>Consum de energie (modul standby \u00een re\u0163ea) &#8211; terminale<\/strong><\/td>\n<td>0,5 W (HDMI CEC)\/2,0 W (WiFi)\/2,0 W (Bluetooth)\/2,0 W (toate terminalele \u0219i re\u021belele conectate)<\/td>\n<\/tr>\n<tr>\n<td><strong>Modul standby activat<\/strong><\/td>\n<td>Dup\u0103 20 de minute<\/td>\n<\/tr>\n<tr>\n<td><\/td>\n<td><\/td>\n<\/tr>\n<tr>\n<td><\/td>\n<td><\/td>\n<\/tr>\n<\/tbody>\n<\/table>\n","protected":false},"excerpt":{"rendered":"<ul>\n<li><span style=\"color: #000000;\">Ie\u0219ire total\u0103 : 250 W<\/span><\/li>\n<li><span style=\"color: #000000;\">Configuratie boxa : 3.1 canale<\/span><\/li>\n<li><span style=\"color: #000000;\">Subwoofer \u00eencorporat<\/span><\/li>\n<li><span style=\"color: #000000;\">Subwoofer wireless : Op\u021bional (SA-SW3\/SA-SW5)<\/span><\/li>\n<li><span style=\"color: #000000;\">Boxe surround : Op\u021bional (SA-R3S)<\/span><\/li>\n<li><span style=\"color: #000000;\">Bluetooth : Da<\/span><\/li>\n<li><span style=\"color: #000000;\">HDMI: Da<\/span><\/li>\n<li><span style=\"color: #000000;\">Greutate : 3,7 kg<\/span><\/li>\n<\/ul>\n","protected":false},"featured_media":25622,"comment_status":"open","ping_status":"closed","template":"","meta":[],"product_brand":[],"product_cat":[778],"product_tag":[],"class_list":{"0":"post-25631","1":"product","2":"type-product","3":"status-publish","4":"has-post-thumbnail","6":"product_cat-bare-de-sunet","8":"first","9":"outofstock","10":"sale","11":"shipping-taxable","12":"purchasable","13":"product-type-simple"},"yoast_head":"<!-- This site is optimized with the Yoast SEO plugin v27.4 - https:\/\/yoast.com\/product\/yoast-seo-wordpress\/ -->\n<title>SONY HTS2000 | Bara de sunet SONY in Moldova<\/title>\n<meta name=\"description\" content=\"Cumpara bara de sunet SONY in Moldova | SONY HT-S2000 cu 3.1 canale audio | Putere de iesire totala ~ 250W | Comanda online\" \/>\n<meta name=\"robots\" content=\"index, follow, max-snippet:-1, max-image-preview:large, max-video-preview:-1\" \/>\n<link rel=\"canonical\" href=\"https:\/\/sonycenter.md\/ro\/magazin\/ht-s2000\/\" \/>\n<meta property=\"og:locale\" content=\"ro_RO\" \/>\n<meta property=\"og:type\" content=\"article\" \/>\n<meta property=\"og:title\" content=\"SONY HTS2000 | Bara de sunet SONY in Moldova\" \/>\n<meta property=\"og:description\" content=\"Cumpara bara de sunet SONY in Moldova | SONY HT-S2000 cu 3.1 canale audio | Putere de iesire totala ~ 250W | Comanda online\" \/>\n<meta property=\"og:url\" content=\"https:\/\/sonycenter.md\/ro\/magazin\/ht-s2000\/\" \/>\n<meta property=\"og:site_name\" content=\"SONY\" \/>\n<meta property=\"article:modified_time\" content=\"2025-05-03T08:30:38+00:00\" \/>\n<meta property=\"og:image\" content=\"https:\/\/sonycenter.md\/wp-content\/uploads\/2023\/08\/HT-S2000-3_result.jpg\" \/>\n\t<meta property=\"og:image:width\" content=\"600\" \/>\n\t<meta property=\"og:image:height\" content=\"600\" \/>\n\t<meta property=\"og:image:type\" content=\"image\/jpeg\" \/>\n<meta name=\"twitter:card\" content=\"summary_large_image\" \/>\n<meta name=\"twitter:label1\" content=\"Est. reading time\" \/>\n\t<meta name=\"twitter:data1\" content=\"2 minutes\" \/>\n<script type=\"application\/ld+json\" class=\"yoast-schema-graph\">{\"@context\":\"https:\\\/\\\/schema.org\",\"@graph\":[{\"@type\":[\"WebPage\",\"ItemPage\"],\"@id\":\"https:\\\/\\\/sonycenter.md\\\/ro\\\/magazin\\\/ht-s2000\\\/\",\"url\":\"https:\\\/\\\/sonycenter.md\\\/ro\\\/magazin\\\/ht-s2000\\\/\",\"name\":\"SONY HTS2000 | Bara de sunet SONY in Moldova\",\"isPartOf\":{\"@id\":\"http:\\\/\\\/sonycenter.md\\\/ro\\\/#website\"},\"primaryImageOfPage\":{\"@id\":\"https:\\\/\\\/sonycenter.md\\\/ro\\\/magazin\\\/ht-s2000\\\/#primaryimage\"},\"image\":{\"@id\":\"https:\\\/\\\/sonycenter.md\\\/ro\\\/magazin\\\/ht-s2000\\\/#primaryimage\"},\"thumbnailUrl\":\"https:\\\/\\\/sonycenter.md\\\/wp-content\\\/uploads\\\/2023\\\/08\\\/HT-S2000-3_result.jpg\",\"datePublished\":\"2023-08-10T14:35:55+00:00\",\"dateModified\":\"2025-05-03T08:30:38+00:00\",\"description\":\"Cumpara bara de sunet SONY in Moldova | SONY HT-S2000 cu 3.1 canale audio | Putere de iesire totala ~ 250W | Comanda online\",\"breadcrumb\":{\"@id\":\"https:\\\/\\\/sonycenter.md\\\/ro\\\/magazin\\\/ht-s2000\\\/#breadcrumb\"},\"inLanguage\":\"ro-RO\",\"potentialAction\":[{\"@type\":\"ReadAction\",\"target\":[\"https:\\\/\\\/sonycenter.md\\\/ro\\\/magazin\\\/ht-s2000\\\/\"]}]},{\"@type\":\"ImageObject\",\"inLanguage\":\"ro-RO\",\"@id\":\"https:\\\/\\\/sonycenter.md\\\/ro\\\/magazin\\\/ht-s2000\\\/#primaryimage\",\"url\":\"https:\\\/\\\/sonycenter.md\\\/wp-content\\\/uploads\\\/2023\\\/08\\\/HT-S2000-3_result.jpg\",\"contentUrl\":\"https:\\\/\\\/sonycenter.md\\\/wp-content\\\/uploads\\\/2023\\\/08\\\/HT-S2000-3_result.jpg\",\"width\":600,\"height\":600,\"caption\":\"HTS2000\"},{\"@type\":\"BreadcrumbList\",\"@id\":\"https:\\\/\\\/sonycenter.md\\\/ro\\\/magazin\\\/ht-s2000\\\/#breadcrumb\",\"itemListElement\":[{\"@type\":\"ListItem\",\"position\":1,\"name\":\"\u0413\u043b\u0430\u0432\u043d\u0430\u044f \u0441\u0442\u0440\u0430\u043d\u0438\u0446\u0430\",\"item\":\"https:\\\/\\\/sonycenter.md\\\/ro\\\/\"},{\"@type\":\"ListItem\",\"position\":2,\"name\":\"Magazin\",\"item\":\"https:\\\/\\\/sonycenter.md\\\/shop\\\/\"},{\"@type\":\"ListItem\",\"position\":3,\"name\":\"HTS2000\"}]},{\"@type\":\"WebSite\",\"@id\":\"http:\\\/\\\/sonycenter.md\\\/ro\\\/#website\",\"url\":\"http:\\\/\\\/sonycenter.md\\\/ro\\\/\",\"name\":\"sonycenter.md\",\"description\":\"SONYCENTER \u00een Chi\u0219in\u0103u\",\"publisher\":{\"@id\":\"http:\\\/\\\/sonycenter.md\\\/ro\\\/#organization\"},\"potentialAction\":[{\"@type\":\"SearchAction\",\"target\":{\"@type\":\"EntryPoint\",\"urlTemplate\":\"http:\\\/\\\/sonycenter.md\\\/ro\\\/?s={search_term_string}\"},\"query-input\":{\"@type\":\"PropertyValueSpecification\",\"valueRequired\":true,\"valueName\":\"search_term_string\"}}],\"inLanguage\":\"ro-RO\"},{\"@type\":\"Organization\",\"@id\":\"http:\\\/\\\/sonycenter.md\\\/ro\\\/#organization\",\"name\":\"sonycenter.md\",\"url\":\"http:\\\/\\\/sonycenter.md\\\/ro\\\/\",\"logo\":{\"@type\":\"ImageObject\",\"inLanguage\":\"ro-RO\",\"@id\":\"http:\\\/\\\/sonycenter.md\\\/ro\\\/#\\\/schema\\\/logo\\\/image\\\/\",\"url\":\"\",\"contentUrl\":\"\",\"caption\":\"sonycenter.md\"},\"image\":{\"@id\":\"http:\\\/\\\/sonycenter.md\\\/ro\\\/#\\\/schema\\\/logo\\\/image\\\/\"}}]}<\/script>\n<!-- \/ Yoast SEO plugin. -->","yoast_head_json":{"title":"SONY HTS2000 | Bara de sunet SONY in Moldova","description":"Cumpara bara de sunet SONY in Moldova | SONY HT-S2000 cu 3.1 canale audio | Putere de iesire totala ~ 250W | Comanda online","robots":{"index":"index","follow":"follow","max-snippet":"max-snippet:-1","max-image-preview":"max-image-preview:large","max-video-preview":"max-video-preview:-1"},"canonical":"https:\/\/sonycenter.md\/ro\/magazin\/ht-s2000\/","og_locale":"ro_RO","og_type":"article","og_title":"SONY HTS2000 | Bara de sunet SONY in Moldova","og_description":"Cumpara bara de sunet SONY in Moldova | SONY HT-S2000 cu 3.1 canale audio | Putere de iesire totala ~ 250W | Comanda online","og_url":"https:\/\/sonycenter.md\/ro\/magazin\/ht-s2000\/","og_site_name":"SONY","article_modified_time":"2025-05-03T08:30:38+00:00","og_image":[{"width":600,"height":600,"url":"https:\/\/sonycenter.md\/wp-content\/uploads\/2023\/08\/HT-S2000-3_result.jpg","type":"image\/jpeg"}],"twitter_card":"summary_large_image","twitter_misc":{"Est. reading time":"2 minutes"},"schema":{"@context":"https:\/\/schema.org","@graph":[{"@type":["WebPage","ItemPage"],"@id":"https:\/\/sonycenter.md\/ro\/magazin\/ht-s2000\/","url":"https:\/\/sonycenter.md\/ro\/magazin\/ht-s2000\/","name":"SONY HTS2000 | Bara de sunet SONY in Moldova","isPartOf":{"@id":"https:\/\/sonycenter.md\/ro\/#website"},"primaryImageOfPage":{"@id":"https:\/\/sonycenter.md\/ro\/magazin\/ht-s2000\/#primaryimage"},"image":{"@id":"https:\/\/sonycenter.md\/ro\/magazin\/ht-s2000\/#primaryimage"},"thumbnailUrl":"https:\/\/sonycenter.md\/wp-content\/uploads\/2023\/08\/HT-S2000-3_result.jpg","datePublished":"2023-08-10T14:35:55+00:00","dateModified":"2025-05-03T08:30:38+00:00","description":"Cumpara bara de sunet SONY in Moldova | SONY HT-S2000 cu 3.1 canale audio | Putere de iesire totala ~ 250W | Comanda online","breadcrumb":{"@id":"https:\/\/sonycenter.md\/ro\/magazin\/ht-s2000\/#breadcrumb"},"inLanguage":"ro-RO","potentialAction":[{"@type":"ReadAction","target":["https:\/\/sonycenter.md\/ro\/magazin\/ht-s2000\/"]}]},{"@type":"ImageObject","inLanguage":"ro-RO","@id":"https:\/\/sonycenter.md\/ro\/magazin\/ht-s2000\/#primaryimage","url":"https:\/\/sonycenter.md\/wp-content\/uploads\/2023\/08\/HT-S2000-3_result.jpg","contentUrl":"https:\/\/sonycenter.md\/wp-content\/uploads\/2023\/08\/HT-S2000-3_result.jpg","width":600,"height":600,"caption":"HTS2000"},{"@type":"BreadcrumbList","@id":"https:\/\/sonycenter.md\/ro\/magazin\/ht-s2000\/#breadcrumb","itemListElement":[{"@type":"ListItem","position":1,"name":"\u0413\u043b\u0430\u0432\u043d\u0430\u044f \u0441\u0442\u0440\u0430\u043d\u0438\u0446\u0430","item":"https:\/\/sonycenter.md\/ro\/"},{"@type":"ListItem","position":2,"name":"Magazin","item":"https:\/\/sonycenter.md\/shop\/"},{"@type":"ListItem","position":3,"name":"HTS2000"}]},{"@type":"WebSite","@id":"https:\/\/sonycenter.md\/ro\/#website","url":"https:\/\/sonycenter.md\/ro\/","name":"sonycenter.md","description":"SONYCENTER \u00een Chi\u0219in\u0103u","publisher":{"@id":"https:\/\/sonycenter.md\/ro\/#organization"},"potentialAction":[{"@type":"SearchAction","target":{"@type":"EntryPoint","urlTemplate":"https:\/\/sonycenter.md\/ro\/?s={search_term_string}"},"query-input":{"@type":"PropertyValueSpecification","valueRequired":true,"valueName":"search_term_string"}}],"inLanguage":"ro-RO"},{"@type":"Organization","@id":"https:\/\/sonycenter.md\/ro\/#organization","name":"sonycenter.md","url":"https:\/\/sonycenter.md\/ro\/","logo":{"@type":"ImageObject","inLanguage":"ro-RO","@id":"https:\/\/sonycenter.md\/ro\/#\/schema\/logo\/image\/","url":"","contentUrl":"","caption":"sonycenter.md"},"image":{"@id":"https:\/\/sonycenter.md\/ro\/#\/schema\/logo\/image\/"}}]}},"_links":{"self":[{"href":"https:\/\/sonycenter.md\/ro\/wp-json\/wp\/v2\/product\/25631","targetHints":{"allow":["GET"]}}],"collection":[{"href":"https:\/\/sonycenter.md\/ro\/wp-json\/wp\/v2\/product"}],"about":[{"href":"https:\/\/sonycenter.md\/ro\/wp-json\/wp\/v2\/types\/product"}],"replies":[{"embeddable":true,"href":"https:\/\/sonycenter.md\/ro\/wp-json\/wp\/v2\/comments?post=25631"}],"wp:featuredmedia":[{"embeddable":true,"href":"https:\/\/sonycenter.md\/ro\/wp-json\/wp\/v2\/media\/25622"}],"wp:attachment":[{"href":"https:\/\/sonycenter.md\/ro\/wp-json\/wp\/v2\/media?parent=25631"}],"wp:term":[{"taxonomy":"product_brand","embeddable":true,"href":"https:\/\/sonycenter.md\/ro\/wp-json\/wp\/v2\/product_brand?post=25631"},{"taxonomy":"product_cat","embeddable":true,"href":"https:\/\/sonycenter.md\/ro\/wp-json\/wp\/v2\/product_cat?post=25631"},{"taxonomy":"product_tag","embeddable":true,"href":"https:\/\/sonycenter.md\/ro\/wp-json\/wp\/v2\/product_tag?post=25631"}],"curies":[{"name":"wp","href":"https:\/\/api.w.org\/{rel}","templated":true}]}}