{"id":25896,"date":"2023-09-11T15:03:35","date_gmt":"2023-09-11T12:03:35","guid":{"rendered":"https:\/\/sonycenter.md\/?post_type=product&#038;p=25896"},"modified":"2024-09-06T16:04:50","modified_gmt":"2024-09-06T13:04:50","slug":"srsxb100","status":"publish","type":"product","link":"https:\/\/sonycenter.md\/ro\/magazin\/srsxb100\/","title":{"rendered":"SRSXB100"},"content":{"rendered":"<p><iframe loading=\"lazy\" title=\"YouTube video player\" src=\"https:\/\/www.youtube.com\/embed\/kdwhPP4PhO8?si=cimt72knqTWso_XH\" width=\"900\" height=\"500\" frameborder=\"0\" allowfullscreen=\"allowfullscreen\"><span data-mce-type=\"bookmark\" style=\"display: inline-block; width: 0px; overflow: hidden; line-height: 0;\" class=\"mce_SELRES_start\">\ufeff<\/span><\/iframe><\/p>\n<table style=\"height: 507px;\" width=\"905\">\n<tbody>\n<tr>\n<td width=\"175\"><strong>Sunet<\/strong><\/td>\n<td width=\"210\"><\/td>\n<td width=\"175\"><\/td>\n<\/tr>\n<tr>\n<td><strong>\u00a0<\/strong><\/td>\n<td><strong>TIP BOX\u0102<\/strong><\/td>\n<td>toat\u0103 gama de frecven\u021be , mono<\/td>\n<\/tr>\n<tr>\n<td><strong>\u00a0<\/strong><\/td>\n<td><strong>DIMENSIUNE BOX\u0102<\/strong><\/td>\n<td><\/td>\n<\/tr>\n<tr>\n<td><strong>Greutate <\/strong><\/td>\n<td><\/td>\n<td><\/td>\n<\/tr>\n<tr>\n<td><strong>\u00a0<\/strong><\/td>\n<td>Greutate<\/td>\n<td>Aprox. 274 g<\/td>\n<\/tr>\n<tr>\n<td><strong>Conexiuni wireless<\/strong><\/td>\n<td><\/td>\n<td><\/td>\n<\/tr>\n<tr>\n<td><\/td>\n<td><\/td>\n<td><\/td>\n<\/tr>\n<tr>\n<td><strong>\u00a0<\/strong><\/td>\n<td><strong>FUNC\u0162IE HANDS-FREE<\/strong><\/td>\n<td>da<\/td>\n<\/tr>\n<tr>\n<td><strong>Bluetooth\u00ae<\/strong><\/td>\n<td><\/td>\n<td><\/td>\n<\/tr>\n<tr>\n<td><strong>\u00a0<\/strong><\/td>\n<td><strong>DISTAN\u0162\u0102 MAXIM\u0102 DE COMUNICARE<\/strong><\/td>\n<td>10 m<\/td>\n<\/tr>\n<tr>\n<td><strong>\u00a0<\/strong><\/td>\n<td><strong>PROFILURI COMPATIBILE<\/strong><\/td>\n<td>A2DP\/AVRCP\/HFP<\/td>\n<\/tr>\n<tr>\n<td><strong>\u00a0<\/strong><\/td>\n<td><strong>CODECURI ACCEPTATE<\/strong><\/td>\n<td>SBC\/AAC<\/td>\n<\/tr>\n<tr>\n<td><strong>\u00a0<\/strong><\/td>\n<td><strong>INTERVAL DE TRANSMISIE FRECVEN\u0162\u0102<\/strong><\/td>\n<td>20 Hz &#8211; 20.000 Hz<\/td>\n<\/tr>\n<tr>\n<td><strong>Caracteristici generale<\/strong><\/td>\n<td><\/td>\n<td><\/td>\n<\/tr>\n<tr>\n<td><strong>\u00a0<\/strong><\/td>\n<td><strong>DURATA DE UTILIZARE A BATERIEI<\/strong><\/td>\n<td>Aprox. 16 h<\/td>\n<\/tr>\n<tr>\n<td><strong>\u00a0<\/strong><\/td>\n<td><strong>PROTEC\u0162IA \u00ceMPOTRIVA APEI\u00a0<\/strong><\/td>\n<td>Da (IPX67)<\/td>\n<\/tr>\n<\/tbody>\n<\/table>\n","protected":false},"excerpt":{"rendered":"<ul>\n<li>Putere : Aprox. 10 W<\/li>\n<li>Greutate : 274 gr<\/li>\n<li>Bluetooth : Versiune 5.3<\/li>\n<li>Durata de utilizare a bateriei \u00a0: approx . 16 h<\/li>\n<\/ul>\n","protected":false},"featured_media":29850,"comment_status":"open","ping_status":"closed","template":"","meta":[],"product_brand":[],"product_cat":[624],"product_tag":[],"class_list":{"0":"post-25896","1":"product","2":"type-product","3":"status-publish","4":"has-post-thumbnail","6":"product_cat-sisteme-audio-wireless","7":"pa_color-black-ro","8":"pa_color-blue-ro","9":"pa_color-grey-ro","10":"pa_color-orange-ro","12":"first","13":"instock","14":"shipping-taxable","15":"purchasable","16":"product-type-variable"},"yoast_head":"<!-- This site is optimized with the Yoast SEO plugin v27.4 - https:\/\/yoast.com\/product\/yoast-seo-wordpress\/ -->\n<title>SONY SRSXB100 | Boxa portabila in Chisinau | sonycenter.md<\/title>\n<meta name=\"description\" content=\"Cumpara boxa portabila SONY SRSXB100 in Chisinau | Bluetooth 5.3 | Rezistenta la apa si praf IP67 | Comanda boxe wireless SONY cu livrare in Moldova\" \/>\n<meta name=\"robots\" content=\"index, follow, max-snippet:-1, max-image-preview:large, max-video-preview:-1\" \/>\n<link rel=\"canonical\" href=\"https:\/\/sonycenter.md\/ro\/magazin\/srsxb100\/\" \/>\n<meta property=\"og:locale\" content=\"ro_RO\" \/>\n<meta property=\"og:type\" content=\"article\" \/>\n<meta property=\"og:title\" content=\"SONY SRSXB100 | Boxa portabila in Chisinau | sonycenter.md\" \/>\n<meta property=\"og:description\" content=\"Cumpara boxa portabila SONY SRSXB100 in Chisinau | Bluetooth 5.3 | Rezistenta la apa si praf IP67 | Comanda boxe wireless SONY cu livrare in Moldova\" \/>\n<meta property=\"og:url\" content=\"https:\/\/sonycenter.md\/ro\/magazin\/srsxb100\/\" \/>\n<meta property=\"og:site_name\" content=\"SONY\" \/>\n<meta property=\"article:modified_time\" content=\"2024-09-06T13:04:50+00:00\" \/>\n<meta property=\"og:image\" content=\"https:\/\/sonycenter.md\/wp-content\/uploads\/2023\/09\/SRS-XB100.jpg\" \/>\n\t<meta property=\"og:image:width\" content=\"600\" \/>\n\t<meta property=\"og:image:height\" content=\"600\" \/>\n\t<meta property=\"og:image:type\" content=\"image\/jpeg\" \/>\n<meta name=\"twitter:card\" content=\"summary_large_image\" \/>\n<meta name=\"twitter:label1\" content=\"Est. reading time\" \/>\n\t<meta name=\"twitter:data1\" content=\"1 minute\" \/>\n<script type=\"application\/ld+json\" class=\"yoast-schema-graph\">{\"@context\":\"https:\\\/\\\/schema.org\",\"@graph\":[{\"@type\":[\"WebPage\",\"ItemPage\"],\"@id\":\"https:\\\/\\\/sonycenter.md\\\/ro\\\/magazin\\\/srsxb100\\\/\",\"url\":\"https:\\\/\\\/sonycenter.md\\\/ro\\\/magazin\\\/srsxb100\\\/\",\"name\":\"SONY SRSXB100 | Boxa portabila in Chisinau | sonycenter.md\",\"isPartOf\":{\"@id\":\"http:\\\/\\\/sonycenter.md\\\/ro\\\/#website\"},\"primaryImageOfPage\":{\"@id\":\"https:\\\/\\\/sonycenter.md\\\/ro\\\/magazin\\\/srsxb100\\\/#primaryimage\"},\"image\":{\"@id\":\"https:\\\/\\\/sonycenter.md\\\/ro\\\/magazin\\\/srsxb100\\\/#primaryimage\"},\"thumbnailUrl\":\"https:\\\/\\\/sonycenter.md\\\/wp-content\\\/uploads\\\/2023\\\/09\\\/srsxb100-multicolor.jpg\",\"datePublished\":\"2023-09-11T12:03:35+00:00\",\"dateModified\":\"2024-09-06T13:04:50+00:00\",\"description\":\"Cumpara boxa portabila SONY SRSXB100 in Chisinau | Bluetooth 5.3 | Rezistenta la apa si praf IP67 | Comanda boxe wireless SONY cu livrare in Moldova\",\"breadcrumb\":{\"@id\":\"https:\\\/\\\/sonycenter.md\\\/ro\\\/magazin\\\/srsxb100\\\/#breadcrumb\"},\"inLanguage\":\"ro-RO\",\"potentialAction\":[{\"@type\":\"ReadAction\",\"target\":[\"https:\\\/\\\/sonycenter.md\\\/ro\\\/magazin\\\/srsxb100\\\/\"]}]},{\"@type\":\"ImageObject\",\"inLanguage\":\"ro-RO\",\"@id\":\"https:\\\/\\\/sonycenter.md\\\/ro\\\/magazin\\\/srsxb100\\\/#primaryimage\",\"url\":\"https:\\\/\\\/sonycenter.md\\\/wp-content\\\/uploads\\\/2023\\\/09\\\/srsxb100-multicolor.jpg\",\"contentUrl\":\"https:\\\/\\\/sonycenter.md\\\/wp-content\\\/uploads\\\/2023\\\/09\\\/srsxb100-multicolor.jpg\",\"width\":600,\"height\":600,\"caption\":\"SRSXB100\"},{\"@type\":\"BreadcrumbList\",\"@id\":\"https:\\\/\\\/sonycenter.md\\\/ro\\\/magazin\\\/srsxb100\\\/#breadcrumb\",\"itemListElement\":[{\"@type\":\"ListItem\",\"position\":1,\"name\":\"\u0413\u043b\u0430\u0432\u043d\u0430\u044f \u0441\u0442\u0440\u0430\u043d\u0438\u0446\u0430\",\"item\":\"https:\\\/\\\/sonycenter.md\\\/ro\\\/\"},{\"@type\":\"ListItem\",\"position\":2,\"name\":\"Magazin\",\"item\":\"https:\\\/\\\/sonycenter.md\\\/shop\\\/\"},{\"@type\":\"ListItem\",\"position\":3,\"name\":\"SRSXB100\"}]},{\"@type\":\"WebSite\",\"@id\":\"http:\\\/\\\/sonycenter.md\\\/ro\\\/#website\",\"url\":\"http:\\\/\\\/sonycenter.md\\\/ro\\\/\",\"name\":\"sonycenter.md\",\"description\":\"SONYCENTER \u00een Chi\u0219in\u0103u\",\"publisher\":{\"@id\":\"http:\\\/\\\/sonycenter.md\\\/ro\\\/#organization\"},\"potentialAction\":[{\"@type\":\"SearchAction\",\"target\":{\"@type\":\"EntryPoint\",\"urlTemplate\":\"http:\\\/\\\/sonycenter.md\\\/ro\\\/?s={search_term_string}\"},\"query-input\":{\"@type\":\"PropertyValueSpecification\",\"valueRequired\":true,\"valueName\":\"search_term_string\"}}],\"inLanguage\":\"ro-RO\"},{\"@type\":\"Organization\",\"@id\":\"http:\\\/\\\/sonycenter.md\\\/ro\\\/#organization\",\"name\":\"sonycenter.md\",\"url\":\"http:\\\/\\\/sonycenter.md\\\/ro\\\/\",\"logo\":{\"@type\":\"ImageObject\",\"inLanguage\":\"ro-RO\",\"@id\":\"http:\\\/\\\/sonycenter.md\\\/ro\\\/#\\\/schema\\\/logo\\\/image\\\/\",\"url\":\"\",\"contentUrl\":\"\",\"caption\":\"sonycenter.md\"},\"image\":{\"@id\":\"http:\\\/\\\/sonycenter.md\\\/ro\\\/#\\\/schema\\\/logo\\\/image\\\/\"}}]}<\/script>\n<!-- \/ Yoast SEO plugin. -->","yoast_head_json":{"title":"SONY SRSXB100 | Boxa portabila in Chisinau | sonycenter.md","description":"Cumpara boxa portabila SONY SRSXB100 in Chisinau | Bluetooth 5.3 | Rezistenta la apa si praf IP67 | Comanda boxe wireless SONY cu livrare in Moldova","robots":{"index":"index","follow":"follow","max-snippet":"max-snippet:-1","max-image-preview":"max-image-preview:large","max-video-preview":"max-video-preview:-1"},"canonical":"https:\/\/sonycenter.md\/ro\/magazin\/srsxb100\/","og_locale":"ro_RO","og_type":"article","og_title":"SONY SRSXB100 | Boxa portabila in Chisinau | sonycenter.md","og_description":"Cumpara boxa portabila SONY SRSXB100 in Chisinau | Bluetooth 5.3 | Rezistenta la apa si praf IP67 | Comanda boxe wireless SONY cu livrare in Moldova","og_url":"https:\/\/sonycenter.md\/ro\/magazin\/srsxb100\/","og_site_name":"SONY","article_modified_time":"2024-09-06T13:04:50+00:00","og_image":[{"width":600,"height":600,"url":"https:\/\/sonycenter.md\/wp-content\/uploads\/2023\/09\/SRS-XB100.jpg","type":"image\/jpeg"}],"twitter_card":"summary_large_image","twitter_misc":{"Est. reading time":"1 minute"},"schema":{"@context":"https:\/\/schema.org","@graph":[{"@type":["WebPage","ItemPage"],"@id":"https:\/\/sonycenter.md\/ro\/magazin\/srsxb100\/","url":"https:\/\/sonycenter.md\/ro\/magazin\/srsxb100\/","name":"SONY SRSXB100 | Boxa portabila in Chisinau | sonycenter.md","isPartOf":{"@id":"https:\/\/sonycenter.md\/ro\/#website"},"primaryImageOfPage":{"@id":"https:\/\/sonycenter.md\/ro\/magazin\/srsxb100\/#primaryimage"},"image":{"@id":"https:\/\/sonycenter.md\/ro\/magazin\/srsxb100\/#primaryimage"},"thumbnailUrl":"https:\/\/sonycenter.md\/wp-content\/uploads\/2023\/09\/srsxb100-multicolor.jpg","datePublished":"2023-09-11T12:03:35+00:00","dateModified":"2024-09-06T13:04:50+00:00","description":"Cumpara boxa portabila SONY SRSXB100 in Chisinau | Bluetooth 5.3 | Rezistenta la apa si praf IP67 | Comanda boxe wireless SONY cu livrare in Moldova","breadcrumb":{"@id":"https:\/\/sonycenter.md\/ro\/magazin\/srsxb100\/#breadcrumb"},"inLanguage":"ro-RO","potentialAction":[{"@type":"ReadAction","target":["https:\/\/sonycenter.md\/ro\/magazin\/srsxb100\/"]}]},{"@type":"ImageObject","inLanguage":"ro-RO","@id":"https:\/\/sonycenter.md\/ro\/magazin\/srsxb100\/#primaryimage","url":"https:\/\/sonycenter.md\/wp-content\/uploads\/2023\/09\/srsxb100-multicolor.jpg","contentUrl":"https:\/\/sonycenter.md\/wp-content\/uploads\/2023\/09\/srsxb100-multicolor.jpg","width":600,"height":600,"caption":"SRSXB100"},{"@type":"BreadcrumbList","@id":"https:\/\/sonycenter.md\/ro\/magazin\/srsxb100\/#breadcrumb","itemListElement":[{"@type":"ListItem","position":1,"name":"\u0413\u043b\u0430\u0432\u043d\u0430\u044f \u0441\u0442\u0440\u0430\u043d\u0438\u0446\u0430","item":"https:\/\/sonycenter.md\/ro\/"},{"@type":"ListItem","position":2,"name":"Magazin","item":"https:\/\/sonycenter.md\/shop\/"},{"@type":"ListItem","position":3,"name":"SRSXB100"}]},{"@type":"WebSite","@id":"https:\/\/sonycenter.md\/ro\/#website","url":"https:\/\/sonycenter.md\/ro\/","name":"sonycenter.md","description":"SONYCENTER \u00een Chi\u0219in\u0103u","publisher":{"@id":"https:\/\/sonycenter.md\/ro\/#organization"},"potentialAction":[{"@type":"SearchAction","target":{"@type":"EntryPoint","urlTemplate":"https:\/\/sonycenter.md\/ro\/?s={search_term_string}"},"query-input":{"@type":"PropertyValueSpecification","valueRequired":true,"valueName":"search_term_string"}}],"inLanguage":"ro-RO"},{"@type":"Organization","@id":"https:\/\/sonycenter.md\/ro\/#organization","name":"sonycenter.md","url":"https:\/\/sonycenter.md\/ro\/","logo":{"@type":"ImageObject","inLanguage":"ro-RO","@id":"https:\/\/sonycenter.md\/ro\/#\/schema\/logo\/image\/","url":"","contentUrl":"","caption":"sonycenter.md"},"image":{"@id":"https:\/\/sonycenter.md\/ro\/#\/schema\/logo\/image\/"}}]}},"_links":{"self":[{"href":"https:\/\/sonycenter.md\/ro\/wp-json\/wp\/v2\/product\/25896","targetHints":{"allow":["GET"]}}],"collection":[{"href":"https:\/\/sonycenter.md\/ro\/wp-json\/wp\/v2\/product"}],"about":[{"href":"https:\/\/sonycenter.md\/ro\/wp-json\/wp\/v2\/types\/product"}],"replies":[{"embeddable":true,"href":"https:\/\/sonycenter.md\/ro\/wp-json\/wp\/v2\/comments?post=25896"}],"wp:featuredmedia":[{"embeddable":true,"href":"https:\/\/sonycenter.md\/ro\/wp-json\/wp\/v2\/media\/29850"}],"wp:attachment":[{"href":"https:\/\/sonycenter.md\/ro\/wp-json\/wp\/v2\/media?parent=25896"}],"wp:term":[{"taxonomy":"product_brand","embeddable":true,"href":"https:\/\/sonycenter.md\/ro\/wp-json\/wp\/v2\/product_brand?post=25896"},{"taxonomy":"product_cat","embeddable":true,"href":"https:\/\/sonycenter.md\/ro\/wp-json\/wp\/v2\/product_cat?post=25896"},{"taxonomy":"product_tag","embeddable":true,"href":"https:\/\/sonycenter.md\/ro\/wp-json\/wp\/v2\/product_tag?post=25896"}],"curies":[{"name":"wp","href":"https:\/\/api.w.org\/{rel}","templated":true}]}}