{"id":26189,"date":"2023-10-27T17:07:01","date_gmt":"2023-10-27T14:07:01","guid":{"rendered":"https:\/\/sonycenter.md\/?post_type=product&#038;p=26189"},"modified":"2026-04-15T15:38:16","modified_gmt":"2026-04-15T12:38:16","slug":"ilmefx30","status":"publish","type":"product","link":"https:\/\/sonycenter.md\/ro\/magazin\/ilmefx30\/","title":{"rendered":"ILMEFX30 (body)"},"content":{"rendered":"<p><span style=\"color: #000000;\">Specifica\u021bii complete pentru camera SONY FX30 :<\/span><\/p>\n<table>\n<tbody>\n<tr>\n<td style=\"text-align: center;\" colspan=\"2\" width=\"587\"><span style=\"color: #000000;\"><strong>Obiective compatibile<\/strong><\/span><\/td>\n<\/tr>\n<tr>\n<td><span style=\"color: #000000;\"><strong>Tip de camer\u0103<\/strong><\/span><\/td>\n<td><span style=\"color: #000000;\">SONY FX30 .Camer\u0103 digital\u0103 cu obiective interschimbabile<\/span><\/td>\n<\/tr>\n<tr>\n<td><span style=\"color: #000000;\"><strong>Montur\u0103 obiectiv<\/strong><\/span><\/td>\n<td><span style=\"color: #000000;\">Sony E-mount ( crop x1.5) , Full Frame<\/span><\/td>\n<\/tr>\n<tr>\n<td style=\"text-align: center;\" colspan=\"2\"><span style=\"color: #000000;\"><strong>Dimensiune \u015fi greutate<\/strong><\/span><\/td>\n<\/tr>\n<tr>\n<td><span style=\"color: #000000;\"><strong>Greutate <\/strong><\/span><\/td>\n<td><span style=\"color: #000000;\">\u00a0562 g (doar corpul)<\/span><\/td>\n<\/tr>\n<tr>\n<td><span style=\"color: #000000;\"><strong>Dimensiuni <\/strong><\/span><\/td>\n<td><span style=\"color: #000000;\">129,7 x 77,8 x 84,5 mm\u00a0 (doar corpul)<\/span><\/td>\n<\/tr>\n<tr>\n<td style=\"text-align: center;\" colspan=\"2\"><span style=\"color: #000000;\"><strong>Alimentare<\/strong><\/span><\/td>\n<\/tr>\n<tr>\n<td><span style=\"color: #000000;\"><strong>Acumulator compatibil<\/strong><\/span><\/td>\n<td><span style=\"color: #000000;\">SONY NP-FZ100<\/span><\/td>\n<\/tr>\n<tr>\n<td><span style=\"color: #000000;\"><strong>Durat\u0103 de func\u021bionare a bateriei<\/strong><\/span><\/td>\n<td><span style=\"color: #000000;\">Aprox. 115 min (\u00eenregistrare efectiv\u0103), Aprox. 175 min (\u00eenregistrare continu\u0103), Aprox. 570 fotografii<\/span><\/td>\n<\/tr>\n<tr>\n<td style=\"text-align: center;\" colspan=\"2\"><span style=\"color: #000000;\"><strong>Temperatura<\/strong><\/span><\/td>\n<\/tr>\n<tr>\n<td><span style=\"color: #000000;\"><strong>Temperatur\u0103 \u00een stare de func\u021bionare<\/strong><\/span><\/td>\n<td><span style=\"color: #000000;\">\u00centre 0\u00b0C \u0219i 40\u00b0C<\/span><\/td>\n<\/tr>\n<tr>\n<td><span style=\"color: #000000;\"><strong>Temperatur\u0103 de depozitare<\/strong><\/span><\/td>\n<td><span style=\"color: #000000;\">\u00centre -20\u00b0C \u0219i +55\u00b0C<\/span><\/td>\n<\/tr>\n<tr>\n<td style=\"text-align: center;\" colspan=\"2\"><span style=\"color: #000000;\"><strong>Format \u00eenregistrare (audio)<\/strong><\/span><\/td>\n<\/tr>\n<tr>\n<td><span style=\"color: #000000;\"><strong>Format \u00eenregistrare (audio)<\/strong><\/span><\/td>\n<td><span style=\"color: #000000;\">LPCM pe 2 canale (48 kHz, 16 bi\u021bi), LPCM pe 2 canale (48 kHz, 24 de bi\u021bi), MPEG-4 AAC-LC pe 2 canale<\/span><\/td>\n<\/tr>\n<tr>\n<td style=\"text-align: center;\" colspan=\"2\"><span style=\"color: #000000;\"><strong>Rat\u0103 de cadre la \u00eenregistrare<\/strong><\/span><\/td>\n<\/tr>\n<tr>\n<td><span style=\"color: #000000;\"><strong>XAVC HS 4K<\/strong><\/span><\/td>\n<td><span style=\"color: #000000;\">3840\u00d72160\/120p, 100p, 60p, 50p, 24p<\/span><\/td>\n<\/tr>\n<tr>\n<td><span style=\"color: #000000;\"><strong>XAVC S 4K<\/strong><\/span><\/td>\n<td><span style=\"color: #000000;\">3840\u00d72160\/120p, 100p, 60p, 50p, 30p. 24p<\/span><\/td>\n<\/tr>\n<tr>\n<td><span style=\"color: #000000;\"><strong>XAVC S-I 4K<\/strong><\/span><\/td>\n<td><span style=\"color: #000000;\">3840\u00d72160\/120p, 100p, 60p, 50p, 30p. 24p<\/span><\/td>\n<\/tr>\n<tr>\n<td style=\"text-align: center;\" colspan=\"2\"><span style=\"color: #000000;\"><strong>Proxy<\/strong><\/span><\/td>\n<\/tr>\n<tr>\n<td><span style=\"color: #000000;\"><strong>Proxy audio<\/strong><\/span><\/td>\n<td><span style=\"color: #000000;\">XAVC Proxy: AAC-LC, 128 kbps, 2 canale<\/span><\/td>\n<\/tr>\n<tr>\n<td><span style=\"color: #000000;\"><strong>Proxy video<\/strong><\/span><\/td>\n<td><span style=\"color: #000000;\">1280 x 720 (aprox. 6 Mbps), 1920 x 1080 (aprox. 9 Mbps), 1920 x 1080 (aprox. 16 Mbps)<\/span><\/td>\n<\/tr>\n<tr>\n<td style=\"text-align: center;\" colspan=\"2\"><span style=\"color: #000000;\"><strong>Ie\u0219ire RAW<\/strong><\/span><\/td>\n<\/tr>\n<tr>\n<td><span style=\"color: #000000;\"><strong>Ie\u0219ire RAW<\/strong><\/span><\/td>\n<td><span style=\"color: #000000;\">HDMI: 4672 x 2628 (59,94p\/50p\/29,97p\/25p\/23,98p), 16 bi\u021bi<\/span><\/td>\n<\/tr>\n<tr>\n<td style=\"text-align: center;\" colspan=\"2\"><span style=\"color: #000000;\"><strong>Senzor<\/strong><\/span><\/td>\n<\/tr>\n<tr>\n<td><span style=\"color: #000000;\"><strong>Tip de senzor<\/strong><\/span><\/td>\n<td><span style=\"color: #000000;\">Senzor CMOS Exmor R, tip APS-C (23,3 x 15,5 mm)<\/span><\/td>\n<\/tr>\n<tr>\n<td><span style=\"color: #000000;\"><strong>Pixeli (total)<\/strong><\/span><\/td>\n<td><span style=\"color: #000000;\">Aprox .27 Mp<\/span><\/td>\n<\/tr>\n<tr>\n<td><span style=\"color: #000000;\"><strong>Pixeli (efectivi)<\/strong><\/span><\/td>\n<td><span style=\"color: #000000;\">Aprox .26,0 Mp<\/span><\/td>\n<\/tr>\n<tr>\n<td><span style=\"color: #000000;\"><strong>Sensibilitate [Film]<\/strong><\/span><\/td>\n<td><span style=\"color: #000000;\">Echivalent ISO 100\u201332000, AUTO (ISO 100\u20136400)<\/span><\/td>\n<\/tr>\n<tr>\n<td><span style=\"color: #000000;\"><strong>Sensibilitate [Imagini statice]<\/strong><\/span><\/td>\n<td><span style=\"color: #000000;\">ISO 100\u201332000 (Se poate extinde la ISO 50\u2013102400)<\/span><\/td>\n<\/tr>\n<tr>\n<td><span style=\"color: #000000;\"><strong>Timp de expunere [Film] <\/strong><\/span><\/td>\n<td><span style=\"color: #000000;\">De la 1\/8000 la 1\/4, p\u00e2n\u0103 la 1\/50 \u00een mod AUTO (p\u00e2n\u0103 la 1\/25 \u00een mod Obturator lent automat)<\/span><\/td>\n<\/tr>\n<tr>\n<td><span style=\"color: #000000;\"><strong>Timp de expunere [Imagini statice] <\/strong><\/span><\/td>\n<td><span style=\"color: #000000;\">De la 1\/8000 la 30 sec<\/span><\/td>\n<\/tr>\n<tr>\n<td style=\"text-align: center;\" colspan=\"2\"><span style=\"color: #000000;\"><strong>Sistem de focalizare<\/strong><\/span><\/td>\n<\/tr>\n<tr>\n<td><span style=\"color: #000000;\"><strong>Tip de camer\u0103<\/strong><\/span><\/td>\n<td><span style=\"color: #000000;\">Focalizare automat\u0103 hibrid\u0103 cu detec\u0163ia fazei\/ contrastului<\/span><\/td>\n<\/tr>\n<tr>\n<td><span style=\"color: #000000;\"><strong>Punct de focalizare<\/strong><\/span><\/td>\n<td><span style=\"color: #000000;\">759 de puncte (focalizare automat\u0103 cu detec\u021bia fazei)<\/span><\/td>\n<\/tr>\n<tr>\n<td><span style=\"color: #000000;\"><strong>Interval sensitivitate<\/strong><\/span><\/td>\n<td><span style=\"color: #000000;\">EV-3 p\u00e2n\u0103 la EV20 (la echivalent ISO100 cu obiectiv F 2.0 ata\u015fat)<\/span><\/td>\n<\/tr>\n<tr>\n<td><span style=\"color: #000000;\"><strong>Mod de focalizare [Film]<\/strong><\/span><\/td>\n<td><span style=\"color: #000000;\">AF-C (focalizare automat\u0103 continu\u0103), focalizare manual\u0103<\/span><\/td>\n<\/tr>\n<tr>\n<td><span style=\"color: #000000;\"><strong>Mod de focalizare [Imagini statice]<\/strong><\/span><\/td>\n<td><span style=\"color: #000000;\">AF-A (focalizare automat\u0103), AF-C (focalizare automat\u0103 continu\u0103), DMF (focalizare manual\u0103 direct\u0103), focalizare manual\u0103<\/span><\/td>\n<\/tr>\n<tr>\n<td><span style=\"color: #000000;\"><strong>Zon\u0103 de focalizare [Film]<\/strong><\/span><\/td>\n<td><span style=\"color: #000000;\">Lat\/Zon\u0103\/Fixare \u00een centru\/Punct\/Punct extins<\/span><\/td>\n<\/tr>\n<tr>\n<td><span style=\"color: #000000;\"><strong>Zon\u0103 de focalizare [Imagini statice]<\/strong><\/span><\/td>\n<td><span style=\"color: #000000;\">Lat\/Zon\u0103\/Fixare \u00een centru\/Punct\/Punct extins\/Urm\u0103rire<\/span><\/td>\n<\/tr>\n<tr>\n<td><span style=\"color: #000000;\"><strong>Focalizare automat\u0103 pe ochi<\/strong><\/span><\/td>\n<td><span style=\"color: #000000;\">Om (Selectare ochi drept\/st\u00e2ng)\/Animal (Selectare ochi drept\/st\u00e2ng)\/Pas\u0103re)<\/span><\/td>\n<\/tr>\n<tr>\n<td><span style=\"color: #000000;\"><strong>Detectare fa\u021b\u0103 <\/strong><\/span><\/td>\n<td><span style=\"color: #000000;\">Prioritate fa\u021b\u0103 la focalizare automat\u0103, Prioritate fa\u021b\u0103 \u00een m\u0103surare multipl\u0103<\/span><\/td>\n<\/tr>\n<tr>\n<td><span style=\"color: #000000;\"><strong>Focalizare automat\u0103 la mi\u0219carea subiectului<\/strong><\/span><\/td>\n<td><span style=\"color: #000000;\">[Film] Da<\/span><\/td>\n<\/tr>\n<tr>\n<td style=\"text-align: center;\" colspan=\"2\"><span style=\"color: #000000;\"><strong>Controlul expunerii<\/strong><\/span><\/td>\n<\/tr>\n<tr>\n<td><span style=\"color: #000000;\"><strong>Sensibilitate m\u0103surare<\/strong><\/span><\/td>\n<td><span style=\"color: #000000;\">EV-3 p\u00e2n\u0103 la EV20 (la echivalent ISO100 cu obiectiv F2.0 ata\u015fat)<\/span><\/td>\n<\/tr>\n<tr>\n<td><span style=\"color: #000000;\"><strong>Moduri de expunere<\/strong><\/span><\/td>\n<td><span style=\"color: #000000;\">Auto inteligent (Auto)\/Program Auto (P)\/Prioritate diafragm\u0103 (A)\/Prioritate expunere (S)\/Expunere manual\u0103 (M)<\/span><\/td>\n<\/tr>\n<tr>\n<td style=\"text-align: center;\" colspan=\"2\"><span style=\"color: #000000;\"><strong>\u00cenregistrare (imagini statice)<\/strong><\/span><\/td>\n<\/tr>\n<tr>\n<td><span style=\"color: #000000;\"><strong>Format \u00eenregistrare<\/strong><\/span><\/td>\n<td><span style=\"color: #000000;\">JPEG ,HEIF , RAW (conform cu formatul Sony ARW 4.0)<\/span><\/td>\n<\/tr>\n<tr>\n<td style=\"text-align: center;\" colspan=\"2\"><span style=\"color: #000000;\"><strong>Interfa\u0163\u0103<\/strong><\/span><\/td>\n<\/tr>\n<tr>\n<td><span style=\"color: #000000;\"><strong>Intrare tc\/ie\u0219ire tc<\/strong><\/span><\/td>\n<td><span style=\"color: #000000;\">Multi\/Micro USB, TC IN6<\/span><\/td>\n<\/tr>\n<tr>\n<td><span style=\"color: #000000;\"><strong>Intrare audio<\/strong><\/span><\/td>\n<td><span style=\"color: #000000;\">Minimuf\u0103 stereo 3,5 mm<\/span><\/td>\n<\/tr>\n<tr>\n<td><span style=\"color: #000000;\"><strong>USB Type-C<\/strong><\/span><\/td>\n<td><span style=\"color: #000000;\">x1, compatibil SuperSpeed USB 10 Gbps (USB 3.2)<\/span><\/td>\n<\/tr>\n<tr>\n<td><span style=\"color: #000000;\"><strong>Multi\/Micro USB<\/strong><\/span><\/td>\n<td><span style=\"color: #000000;\">x1<\/span><\/td>\n<\/tr>\n<tr>\n<td><span style=\"color: #000000;\"><strong>Ie\u0219ire pentru c\u0103\u0219ti<\/strong><\/span><\/td>\n<td><span style=\"color: #000000;\">DA (minimuf\u0103 stereo de 3,5 mm)<\/span><\/td>\n<\/tr>\n<tr>\n<td><span style=\"color: #000000;\"><strong>Putere de ie\u0219ire box\u0103<\/strong><\/span><\/td>\n<td><span style=\"color: #000000;\">Mono, \u00eencorporat<\/span><\/td>\n<\/tr>\n<tr>\n<td><span style=\"color: #000000;\"><strong>Muf\u0103 HDMI<\/strong><\/span><\/td>\n<td><span style=\"color: #000000;\">tip A, YCbCr 4:2:2 10 bi\u021bi\/RGB 8 bi\u021bi<\/span><\/td>\n<\/tr>\n<tr>\n<td><span style=\"color: #000000;\"><strong>Suport cu interfa\u021b\u0103 multipl\u0103<\/strong><\/span><\/td>\n<td><span style=\"color: #000000;\">Cu interfa\u021b\u0103 audio digital\u0103<\/span><\/td>\n<\/tr>\n<tr>\n<td><span style=\"color: #000000;\"><strong>Bluetooth<\/strong><\/span><\/td>\n<td><span style=\"color: #000000;\">Bluetooth\u00ae S, versiune 5.0 (band\u0103 de 2,4 GHz)<\/span><\/td>\n<\/tr>\n<tr>\n<td style=\"text-align: center;\" colspan=\"2\"><span style=\"color: #000000;\"><strong>Carduri de memorie<\/strong><\/span><\/td>\n<\/tr>\n<tr>\n<td><span style=\"color: #000000;\"><strong>Carduri compatibile<\/strong><\/span><\/td>\n<td><span style=\"color: #000000;\">Card CFexpress tip A\/SD (dou\u0103 sloturi)<\/span><\/td>\n<\/tr>\n<tr>\n<td><span style=\"color: #000000;\"><strong>Mod de \u00eenregistrare<\/strong><\/span><\/td>\n<td><span style=\"color: #000000;\">\u00cenreg. simultan\u0103, sortare, comutare automat\u0103 suport, copiere<\/span><\/td>\n<\/tr>\n<tr>\n<td style=\"text-align: center;\" colspan=\"2\"><span style=\"color: #000000;\"><strong>Ecran tactil<\/strong><\/span><\/td>\n<\/tr>\n<tr>\n<td><span style=\"color: #000000;\"><strong>Dimensiuni <\/strong><\/span><\/td>\n<td><span style=\"color: #000000;\">7,5 cm (tip 3.0), aprox. 2,36 milioane de puncte<\/span><\/td>\n<\/tr>\n<tr>\n<td><span style=\"color: #000000;\"><strong> Unghi de deschidere<\/strong><\/span><\/td>\n<td><span style=\"color: #000000;\">Aprox. 176 de grade<\/span><\/td>\n<\/tr>\n<tr>\n<td><span style=\"color: #000000;\"><strong>Unghi de rota\u021bie<\/strong><\/span><\/td>\n<td><span style=\"color: #000000;\">Aprox. 270 de grade<\/span><\/td>\n<\/tr>\n<tr>\n<td style=\"text-align: center;\" colspan=\"2\"><span style=\"color: #000000;\"><strong>Sistem de fi\u0219iere<\/strong><\/span><\/td>\n<\/tr>\n<tr>\n<td><span style=\"color: #000000;\"><strong>Sistem de fi\u0219iere<\/strong><\/span><\/td>\n<td><span style=\"color: #000000;\">FAT12, 16, 32, exFAT<\/span><\/td>\n<\/tr>\n<tr>\n<td style=\"text-align: center;\" colspan=\"2\"><span style=\"color: #000000;\"><strong>Func\u021bii pentru imagini statice<\/strong><\/span><\/td>\n<\/tr>\n<tr>\n<td><span style=\"color: #000000;\"><strong>Moduri de activare<\/strong><\/span><\/td>\n<td><span style=\"color: #000000;\">Imagine unic\u0103, Temporizator automat, Variere expunere: Imagine unic\u0103, Variere balans de alb, Variere expunere DRO<\/span><\/td>\n<\/tr>\n<tr>\n<td><span style=\"color: #000000;\"><strong>Reducere zgomot<\/strong><\/span><\/td>\n<td><span style=\"color: #000000;\">Reducerea zgomotului la valori ISO ridicate: Normal\/Sc\u0103zut\/Dezactivat<\/span><\/td>\n<\/tr>\n<tr>\n<td><span style=\"color: #000000;\"><strong>Alte func\u021bii pentru imagini statice<\/strong><\/span><\/td>\n<td><span style=\"color: #000000;\">Fotografiere silen\u021bioas\u0103, Fotografiere anti-p\u00e2lp\u00e2ire<\/span><\/td>\n<\/tr>\n<tr>\n<td style=\"text-align: center;\" colspan=\"2\"><span style=\"color: #000000;\"><strong>Stabilizarea imaginii<\/strong><\/span><\/td>\n<\/tr>\n<tr>\n<td><span style=\"color: #000000;\"><strong>Tip de camer\u0103<\/strong><\/span><\/td>\n<td><span style=\"color: #000000;\">Mecanism de mi\u015fcare a senzorului de imagine cu compensare pe 5 axe<\/span><\/td>\n<\/tr>\n<tr>\n<td><span style=\"color: #000000;\"><strong>Mod<\/strong><\/span><\/td>\n<td><span style=\"color: #000000;\">[Film] Activ\/Standard\/Dezactivat, [Imagine static\u0103] Activat\/Dezactivat<\/span><\/td>\n<\/tr>\n<tr>\n<td><span style=\"color: #000000;\"><strong>Efect de compensare (imagini statice)<\/strong><\/span><\/td>\n<td><span style=\"color: #000000;\">5,5 trepte (pe baza standardului CIPA)<\/span><\/td>\n<\/tr>\n<tr>\n<td style=\"text-align: center;\" colspan=\"2\"><span style=\"color: #000000;\"><strong>Compensare obiectiv<\/strong><\/span><\/td>\n<\/tr>\n<tr>\n<td><span style=\"color: #000000;\"><strong>Compensare obiectiv<\/strong><\/span><\/td>\n<td><span style=\"color: #000000;\">Umbrire periferic\u0103, Abera\u0163ie cromatic\u0103, Distorsiune<\/span><\/td>\n<\/tr>\n<tr>\n<td style=\"text-align: center;\" colspan=\"2\"><span style=\"color: #000000;\"><strong>Wi-Fi<\/strong><\/span><\/td>\n<\/tr>\n<tr>\n<td><span style=\"color: #000000;\"><strong>Format acceptat<\/strong><\/span><\/td>\n<td><span style=\"color: #000000;\">IEEE 802.11a\/b\/g\/n\/ac<\/span><\/td>\n<\/tr>\n<tr>\n<td><span style=\"color: #000000;\"><strong>Band\u0103 de frecven\u021b\u0103<\/strong><\/span><\/td>\n<td><span style=\"color: #000000;\">Band\u0103 2,4 GHz\u00a08<\/span><\/td>\n<\/tr>\n<tr>\n<td><span style=\"color: #000000;\"><strong>Securitate<\/strong><\/span><\/td>\n<td><span style=\"color: #000000;\">WEP\/WPA-PSK\/WPA2-PSK<\/span><\/td>\n<\/tr>\n<tr>\n<td style=\"text-align: center;\" colspan=\"2\"><span style=\"color: #000000;\"><strong>Transfer prin FTP<\/strong><\/span><\/td>\n<\/tr>\n<tr>\n<td><span style=\"color: #000000;\"><strong>Transfer prin FTP<\/strong><\/span><\/td>\n<td><span style=\"color: #000000;\">LAN prin cablu (USB-LAN), conexiune USB, Wi-Fi<\/span><\/td>\n<\/tr>\n<tr>\n<td style=\"text-align: center;\" colspan=\"2\"><span style=\"color: #000000;\"><strong>Ce este \u00een cutie?<\/strong><\/span><\/td>\n<\/tr>\n<tr>\n<td><span style=\"color: #000000;\"><strong>Con\u021binutul cutiei<\/strong><\/span><\/td>\n<td><span style=\"color: #000000;\">Baterie NP-FZ100,\u00a0 Cablu USB-A la USB-C , Unitate m\u00e2ner XLR<\/span><\/td>\n<\/tr>\n<\/tbody>\n<\/table>\n","protected":false},"excerpt":{"rendered":"<ul>\n<li><span style=\"color: #000000;\">SONY Alpha FX30<\/span><\/li>\n<li><span style=\"color: #000000;\">Camera de top cu crop x1,5 din gama SONY Cinema Line<\/span><\/li>\n<li><span style=\"color: #000000;\">Senzor: APS-C (23,5 x 15,6 mm), 27 MP<\/span><\/li>\n<li><span style=\"color: #000000;\">Montura :SONY E-mount<\/span><\/li>\n<li><span style=\"color: #000000;\">Filmare video 4K 60p \/ 120p (Super Slow Motion): Da<\/span><\/li>\n<li><span style=\"color: #000000;\">Ecran : 3 inchi<\/span><\/li>\n<li><span style=\"color: #000000;\">Tip ecran: rotativ, \u00eenclinabil, tactil<\/span><\/li>\n<li><span style=\"color: #000000;\">2 sloturi pentru card de memorie (CFexpress\/SD)<\/span><\/li>\n<li><span style=\"color: #000000;\">R\u0103cire activ\u0103 pentru filmare video \u00eendelungat\u0103<\/span><\/li>\n<li><span style=\"color: #000000;\">Stabilizare matricial\u0103 pe 5 axe<\/span><\/li>\n<li><span style=\"color: #000000;\">Autofocalizare: hibrid\u0103, 759 puncte de focalizare<\/span><\/li>\n<li><span style=\"color: #000000;\">Greutate: 562 g (numai corpul)<\/span><\/li>\n<li><span style=\"color: #000000;\">Garan\u021bie 2 ani<\/span><\/li>\n<\/ul>\n","protected":false},"featured_media":26175,"comment_status":"open","ping_status":"closed","template":"","meta":[],"product_brand":[],"product_cat":[618],"product_tag":[],"class_list":{"0":"post-26189","1":"product","2":"type-product","3":"status-publish","4":"has-post-thumbnail","6":"product_cat-camere-alfa","8":"first","9":"instock","10":"shipping-taxable","11":"purchasable","12":"product-type-simple"},"yoast_head":"<!-- This site is optimized with the Yoast SEO plugin v27.4 - https:\/\/yoast.com\/product\/yoast-seo-wordpress\/ -->\n<title>SONY FX30 | Camera video Cinema Line | Chisinau<\/title>\n<meta name=\"description\" content=\"Camera video SONY FX30 | SONY ILME-FX30B Chisinau\" \/>\n<meta name=\"robots\" content=\"index, follow, max-snippet:-1, max-image-preview:large, max-video-preview:-1\" \/>\n<link rel=\"canonical\" href=\"https:\/\/sonycenter.md\/ro\/magazin\/ilmefx30\/\" \/>\n<meta property=\"og:locale\" content=\"ro_RO\" \/>\n<meta property=\"og:type\" content=\"article\" \/>\n<meta property=\"og:title\" content=\"SONY FX30 | Camera video Cinema Line | Chisinau\" \/>\n<meta property=\"og:description\" content=\"Camera video SONY FX30 | SONY ILME-FX30B Chisinau\" \/>\n<meta property=\"og:url\" content=\"https:\/\/sonycenter.md\/ro\/magazin\/ilmefx30\/\" \/>\n<meta property=\"og:site_name\" content=\"SONY\" \/>\n<meta property=\"article:modified_time\" content=\"2026-04-15T12:38:16+00:00\" \/>\n<meta property=\"og:image\" content=\"https:\/\/sonycenter.md\/wp-content\/uploads\/2023\/10\/FX30.jpg\" \/>\n\t<meta property=\"og:image:width\" content=\"600\" \/>\n\t<meta property=\"og:image:height\" content=\"600\" \/>\n\t<meta property=\"og:image:type\" content=\"image\/jpeg\" \/>\n<meta name=\"twitter:card\" content=\"summary_large_image\" \/>\n<meta name=\"twitter:label1\" content=\"Est. reading time\" \/>\n\t<meta name=\"twitter:data1\" content=\"4 minutes\" \/>\n<script type=\"application\/ld+json\" class=\"yoast-schema-graph\">{\"@context\":\"https:\\\/\\\/schema.org\",\"@graph\":[{\"@type\":[\"WebPage\",\"ItemPage\"],\"@id\":\"https:\\\/\\\/sonycenter.md\\\/ro\\\/magazin\\\/ilmefx30\\\/\",\"url\":\"https:\\\/\\\/sonycenter.md\\\/ro\\\/magazin\\\/ilmefx30\\\/\",\"name\":\"SONY FX30 | Camera video Cinema Line | Chisinau\",\"isPartOf\":{\"@id\":\"http:\\\/\\\/sonycenter.md\\\/ro\\\/#website\"},\"primaryImageOfPage\":{\"@id\":\"https:\\\/\\\/sonycenter.md\\\/ro\\\/magazin\\\/ilmefx30\\\/#primaryimage\"},\"image\":{\"@id\":\"https:\\\/\\\/sonycenter.md\\\/ro\\\/magazin\\\/ilmefx30\\\/#primaryimage\"},\"thumbnailUrl\":\"https:\\\/\\\/sonycenter.md\\\/wp-content\\\/uploads\\\/2023\\\/10\\\/FX30.jpg\",\"datePublished\":\"2023-10-27T14:07:01+00:00\",\"dateModified\":\"2026-04-15T12:38:16+00:00\",\"description\":\"Camera video SONY FX30 | SONY ILME-FX30B Chisinau\",\"breadcrumb\":{\"@id\":\"https:\\\/\\\/sonycenter.md\\\/ro\\\/magazin\\\/ilmefx30\\\/#breadcrumb\"},\"inLanguage\":\"ro-RO\",\"potentialAction\":[{\"@type\":\"ReadAction\",\"target\":[\"https:\\\/\\\/sonycenter.md\\\/ro\\\/magazin\\\/ilmefx30\\\/\"]}]},{\"@type\":\"ImageObject\",\"inLanguage\":\"ro-RO\",\"@id\":\"https:\\\/\\\/sonycenter.md\\\/ro\\\/magazin\\\/ilmefx30\\\/#primaryimage\",\"url\":\"https:\\\/\\\/sonycenter.md\\\/wp-content\\\/uploads\\\/2023\\\/10\\\/FX30.jpg\",\"contentUrl\":\"https:\\\/\\\/sonycenter.md\\\/wp-content\\\/uploads\\\/2023\\\/10\\\/FX30.jpg\",\"width\":600,\"height\":600,\"caption\":\"ILMEFX30 (body)\"},{\"@type\":\"BreadcrumbList\",\"@id\":\"https:\\\/\\\/sonycenter.md\\\/ro\\\/magazin\\\/ilmefx30\\\/#breadcrumb\",\"itemListElement\":[{\"@type\":\"ListItem\",\"position\":1,\"name\":\"\u0413\u043b\u0430\u0432\u043d\u0430\u044f \u0441\u0442\u0440\u0430\u043d\u0438\u0446\u0430\",\"item\":\"https:\\\/\\\/sonycenter.md\\\/ro\\\/\"},{\"@type\":\"ListItem\",\"position\":2,\"name\":\"Magazin\",\"item\":\"https:\\\/\\\/sonycenter.md\\\/shop\\\/\"},{\"@type\":\"ListItem\",\"position\":3,\"name\":\"ILMEFX30 (body)\"}]},{\"@type\":\"WebSite\",\"@id\":\"http:\\\/\\\/sonycenter.md\\\/ro\\\/#website\",\"url\":\"http:\\\/\\\/sonycenter.md\\\/ro\\\/\",\"name\":\"sonycenter.md\",\"description\":\"SONYCENTER \u00een Chi\u0219in\u0103u\",\"publisher\":{\"@id\":\"http:\\\/\\\/sonycenter.md\\\/ro\\\/#organization\"},\"potentialAction\":[{\"@type\":\"SearchAction\",\"target\":{\"@type\":\"EntryPoint\",\"urlTemplate\":\"http:\\\/\\\/sonycenter.md\\\/ro\\\/?s={search_term_string}\"},\"query-input\":{\"@type\":\"PropertyValueSpecification\",\"valueRequired\":true,\"valueName\":\"search_term_string\"}}],\"inLanguage\":\"ro-RO\"},{\"@type\":\"Organization\",\"@id\":\"http:\\\/\\\/sonycenter.md\\\/ro\\\/#organization\",\"name\":\"sonycenter.md\",\"url\":\"http:\\\/\\\/sonycenter.md\\\/ro\\\/\",\"logo\":{\"@type\":\"ImageObject\",\"inLanguage\":\"ro-RO\",\"@id\":\"http:\\\/\\\/sonycenter.md\\\/ro\\\/#\\\/schema\\\/logo\\\/image\\\/\",\"url\":\"\",\"contentUrl\":\"\",\"caption\":\"sonycenter.md\"},\"image\":{\"@id\":\"http:\\\/\\\/sonycenter.md\\\/ro\\\/#\\\/schema\\\/logo\\\/image\\\/\"}}]}<\/script>\n<!-- \/ Yoast SEO plugin. -->","yoast_head_json":{"title":"SONY FX30 | Camera video Cinema Line | Chisinau","description":"Camera video SONY FX30 | SONY ILME-FX30B Chisinau","robots":{"index":"index","follow":"follow","max-snippet":"max-snippet:-1","max-image-preview":"max-image-preview:large","max-video-preview":"max-video-preview:-1"},"canonical":"https:\/\/sonycenter.md\/ro\/magazin\/ilmefx30\/","og_locale":"ro_RO","og_type":"article","og_title":"SONY FX30 | Camera video Cinema Line | Chisinau","og_description":"Camera video SONY FX30 | SONY ILME-FX30B Chisinau","og_url":"https:\/\/sonycenter.md\/ro\/magazin\/ilmefx30\/","og_site_name":"SONY","article_modified_time":"2026-04-15T12:38:16+00:00","og_image":[{"width":600,"height":600,"url":"https:\/\/sonycenter.md\/wp-content\/uploads\/2023\/10\/FX30.jpg","type":"image\/jpeg"}],"twitter_card":"summary_large_image","twitter_misc":{"Est. reading time":"4 minutes"},"schema":{"@context":"https:\/\/schema.org","@graph":[{"@type":["WebPage","ItemPage"],"@id":"https:\/\/sonycenter.md\/ro\/magazin\/ilmefx30\/","url":"https:\/\/sonycenter.md\/ro\/magazin\/ilmefx30\/","name":"SONY FX30 | Camera video Cinema Line | Chisinau","isPartOf":{"@id":"https:\/\/sonycenter.md\/ro\/#website"},"primaryImageOfPage":{"@id":"https:\/\/sonycenter.md\/ro\/magazin\/ilmefx30\/#primaryimage"},"image":{"@id":"https:\/\/sonycenter.md\/ro\/magazin\/ilmefx30\/#primaryimage"},"thumbnailUrl":"https:\/\/sonycenter.md\/wp-content\/uploads\/2023\/10\/FX30.jpg","datePublished":"2023-10-27T14:07:01+00:00","dateModified":"2026-04-15T12:38:16+00:00","description":"Camera video SONY FX30 | SONY ILME-FX30B Chisinau","breadcrumb":{"@id":"https:\/\/sonycenter.md\/ro\/magazin\/ilmefx30\/#breadcrumb"},"inLanguage":"ro-RO","potentialAction":[{"@type":"ReadAction","target":["https:\/\/sonycenter.md\/ro\/magazin\/ilmefx30\/"]}]},{"@type":"ImageObject","inLanguage":"ro-RO","@id":"https:\/\/sonycenter.md\/ro\/magazin\/ilmefx30\/#primaryimage","url":"https:\/\/sonycenter.md\/wp-content\/uploads\/2023\/10\/FX30.jpg","contentUrl":"https:\/\/sonycenter.md\/wp-content\/uploads\/2023\/10\/FX30.jpg","width":600,"height":600,"caption":"ILMEFX30 (body)"},{"@type":"BreadcrumbList","@id":"https:\/\/sonycenter.md\/ro\/magazin\/ilmefx30\/#breadcrumb","itemListElement":[{"@type":"ListItem","position":1,"name":"\u0413\u043b\u0430\u0432\u043d\u0430\u044f \u0441\u0442\u0440\u0430\u043d\u0438\u0446\u0430","item":"https:\/\/sonycenter.md\/ro\/"},{"@type":"ListItem","position":2,"name":"Magazin","item":"https:\/\/sonycenter.md\/shop\/"},{"@type":"ListItem","position":3,"name":"ILMEFX30 (body)"}]},{"@type":"WebSite","@id":"https:\/\/sonycenter.md\/ro\/#website","url":"https:\/\/sonycenter.md\/ro\/","name":"sonycenter.md","description":"SONYCENTER \u00een Chi\u0219in\u0103u","publisher":{"@id":"https:\/\/sonycenter.md\/ro\/#organization"},"potentialAction":[{"@type":"SearchAction","target":{"@type":"EntryPoint","urlTemplate":"https:\/\/sonycenter.md\/ro\/?s={search_term_string}"},"query-input":{"@type":"PropertyValueSpecification","valueRequired":true,"valueName":"search_term_string"}}],"inLanguage":"ro-RO"},{"@type":"Organization","@id":"https:\/\/sonycenter.md\/ro\/#organization","name":"sonycenter.md","url":"https:\/\/sonycenter.md\/ro\/","logo":{"@type":"ImageObject","inLanguage":"ro-RO","@id":"https:\/\/sonycenter.md\/ro\/#\/schema\/logo\/image\/","url":"","contentUrl":"","caption":"sonycenter.md"},"image":{"@id":"https:\/\/sonycenter.md\/ro\/#\/schema\/logo\/image\/"}}]}},"_links":{"self":[{"href":"https:\/\/sonycenter.md\/ro\/wp-json\/wp\/v2\/product\/26189","targetHints":{"allow":["GET"]}}],"collection":[{"href":"https:\/\/sonycenter.md\/ro\/wp-json\/wp\/v2\/product"}],"about":[{"href":"https:\/\/sonycenter.md\/ro\/wp-json\/wp\/v2\/types\/product"}],"replies":[{"embeddable":true,"href":"https:\/\/sonycenter.md\/ro\/wp-json\/wp\/v2\/comments?post=26189"}],"wp:featuredmedia":[{"embeddable":true,"href":"https:\/\/sonycenter.md\/ro\/wp-json\/wp\/v2\/media\/26175"}],"wp:attachment":[{"href":"https:\/\/sonycenter.md\/ro\/wp-json\/wp\/v2\/media?parent=26189"}],"wp:term":[{"taxonomy":"product_brand","embeddable":true,"href":"https:\/\/sonycenter.md\/ro\/wp-json\/wp\/v2\/product_brand?post=26189"},{"taxonomy":"product_cat","embeddable":true,"href":"https:\/\/sonycenter.md\/ro\/wp-json\/wp\/v2\/product_cat?post=26189"},{"taxonomy":"product_tag","embeddable":true,"href":"https:\/\/sonycenter.md\/ro\/wp-json\/wp\/v2\/product_tag?post=26189"}],"curies":[{"name":"wp","href":"https:\/\/api.w.org\/{rel}","templated":true}]}}