{"id":26319,"date":"2023-11-20T14:37:26","date_gmt":"2023-11-20T12:37:26","guid":{"rendered":"https:\/\/sonycenter.md\/?post_type=product&#038;p=26319"},"modified":"2023-11-20T14:44:53","modified_gmt":"2023-11-20T12:44:53","slug":"sel300f28gm","status":"publish","type":"product","link":"https:\/\/sonycenter.md\/ro\/magazin\/sel300f28gm\/","title":{"rendered":"SEL300F28GM"},"content":{"rendered":"<p><iframe loading=\"lazy\" title=\"YouTube video player\" src=\"https:\/\/www.youtube.com\/embed\/DHuPeArd43I?si=a3zj31Ky11O4Y5i2\" width=\"900\" height=\"500\" frameborder=\"0\" allowfullscreen=\"allowfullscreen\"><span data-mce-type=\"bookmark\" style=\"display: inline-block; width: 0px; overflow: hidden; line-height: 0;\" class=\"mce_SELRES_start\">\ufeff<\/span><\/iframe><\/p>\n<table style=\"height: 1299px;\" width=\"905\">\n<tbody>\n<tr>\n<td width=\"154\"><strong>Specifica\u0163ii obiectiv<\/strong><\/td>\n<td width=\"169\"><strong>\u00a0<\/strong><\/td>\n<td width=\"199\"><\/td>\n<\/tr>\n<tr>\n<td><\/td>\n<td><strong>MONTUR\u0102<\/strong><\/td>\n<td>Montur\u0103 E Sony<\/td>\n<\/tr>\n<tr>\n<td><\/td>\n<td><strong>FORMAT<\/strong><\/td>\n<td>Full Frame de 35 mm<\/td>\n<\/tr>\n<tr>\n<td><\/td>\n<td><strong>DISTAN\u021a\u0102 FOCAL\u0102 (MM)<\/strong><\/td>\n<td>300<\/td>\n<\/tr>\n<tr>\n<td><\/td>\n<td><strong>DISTAN\u0162\u0102 FOCAL\u0102 ECHIVALENT\u0102 CU 35 MM (APS-C)<\/strong><\/td>\n<td>450<\/td>\n<\/tr>\n<tr>\n<td><\/td>\n<td><strong>GRUPURI\/ELEMENTE DE OBIECTIV<\/strong><\/td>\n<td>17\u201321 *Inclusiv un filtru<\/td>\n<\/tr>\n<tr>\n<td><\/td>\n<td><strong>UNGHI DE VIZUALIZARE (35 MM)<\/strong><\/td>\n<td>8\u00b010&#8242;<\/td>\n<\/tr>\n<tr>\n<td><\/td>\n<td><strong>UNGHI DE VIZUALIZARE (APS-C)<\/strong><\/td>\n<td>5\u00b020&#8217;2<\/td>\n<\/tr>\n<tr>\n<td><\/td>\n<td><strong>DIAFRAGM\u0102 MAXIM\u0102 (F)<\/strong><\/td>\n<td>2,8<\/td>\n<\/tr>\n<tr>\n<td><\/td>\n<td><strong>DIAFRAGM\u0102 MINIM\u0102 (F)<\/strong><\/td>\n<td>22<\/td>\n<\/tr>\n<tr>\n<td><\/td>\n<td><strong>DISCURI DIAFRAGM\u0102<\/strong><\/td>\n<td>11<\/td>\n<\/tr>\n<tr>\n<td><\/td>\n<td><strong>DIAFRAGM\u0102 CIRCULAR\u0102<\/strong><\/td>\n<td>Da<\/td>\n<\/tr>\n<tr>\n<td><\/td>\n<td><strong>DISTAN\u0162\u0102 MINIM\u0102 DE FOCALIZARE<\/strong><\/td>\n<td>2m (6,57ft)<\/td>\n<\/tr>\n<tr>\n<td><\/td>\n<td><strong>RAPORT MAXIM AL FACTORULUI DE M\u0102RIRE (X)<\/strong><\/td>\n<td>0,16<\/td>\n<\/tr>\n<tr>\n<td><\/td>\n<td><strong>DIAMETRU FILTRU (MM)<\/strong><\/td>\n<td>40,5<\/td>\n<\/tr>\n<tr>\n<td><\/td>\n<td><strong>STABILIZARE A IMAGINII (STEADYSHOT&#x2122;)<\/strong><\/td>\n<td>Stabilizare optic\u0103 SteadyShot<\/td>\n<\/tr>\n<tr>\n<td><\/td>\n<td><strong>COMPATIBILITATE TELECONVERTOR (X1,4)<\/strong><\/td>\n<td>SEL14TC<\/td>\n<\/tr>\n<tr>\n<td><\/td>\n<td><strong>COMPATIBILITATE TELECONVERTOR (X2,0)<\/strong><\/td>\n<td>SEL20TC<\/td>\n<\/tr>\n<tr>\n<td><\/td>\n<td><strong>TIPUL PARASOLARULUI<\/strong><\/td>\n<td>Form\u0103 rotund\u0103, de tip baionet\u0103<\/td>\n<\/tr>\n<tr>\n<td><strong>Dimensiune \u015fi greutate<\/strong><\/td>\n<td><strong>\u00a0<\/strong><\/td>\n<td><\/td>\n<\/tr>\n<tr>\n<td><\/td>\n<td><strong>DIMENSIUNI <\/strong><\/td>\n<td>124 x 265mm<\/td>\n<\/tr>\n<tr>\n<td><\/td>\n<td><strong>GREUTATE <\/strong><\/td>\n<td>1.470g<\/td>\n<\/tr>\n<tr>\n<td><strong>Ce este \u00een cutie<\/strong><\/td>\n<td><strong>\u00a0<\/strong><\/td>\n<td><\/td>\n<\/tr>\n<tr>\n<td><\/td>\n<td><strong>Parasolar (model): ALC-SH175<\/strong><\/td>\n<td><\/td>\n<\/tr>\n<tr>\n<td><\/td>\n<td><strong>Capac frontal pentru obiectiv: furnizat<\/strong><\/td>\n<td><\/td>\n<\/tr>\n<tr>\n<td><\/td>\n<td><strong>Capac spate pentru obiectiv: ALC-R1EM<\/strong><\/td>\n<td><\/td>\n<\/tr>\n<tr>\n<td><\/td>\n<td><strong>Geant\u0103 moale<\/strong><\/td>\n<td><\/td>\n<\/tr>\n<tr>\n<td><\/td>\n<td><strong>Montur\u0103 pentru trepied, curea pentru obiectiv, filtru pentru adaptor<\/strong><\/td>\n<td><\/td>\n<\/tr>\n<\/tbody>\n<\/table>\n","protected":false},"excerpt":{"rendered":"<div class=\"ghost-center-wrap\">\n<ul>\n<li class=\"copy ghost-center with-icon\">Teleobiectiv premium G Master<\/li>\n<li>Montura : E mount<\/li>\n<li>Format : 35 mm (Full Frame)<\/li>\n<li>Diafragma max.: F 2,8<\/li>\n<li>Greutate : 1470 g<\/li>\n<\/ul>\n<\/div>\n","protected":false},"featured_media":26263,"comment_status":"open","ping_status":"closed","template":"","meta":[],"product_brand":[],"product_cat":[903],"product_tag":[],"class_list":{"0":"post-26319","1":"product","2":"type-product","3":"status-publish","4":"has-post-thumbnail","6":"product_cat-teleobiective-sony","8":"first","9":"outofstock","10":"sale","11":"shipping-taxable","12":"purchasable","13":"product-type-simple"},"yoast_head":"<!-- This site is optimized with the Yoast SEO plugin v26.3 - https:\/\/yoast.com\/wordpress\/plugins\/seo\/ -->\n<title>SEL300F28GM | sonycenter.md<\/title>\n<meta name=\"description\" content=\"SEL300F28GM - \u043a\u0443\u043f\u0438\u0442\u044c \u0432 \u041a\u0438\u0448\u0438\u043d\u0435\u0432\u0435. \u0428\u0438\u0440\u043e\u043a\u0438\u0439 \u0430\u0441\u0441\u043e\u0440\u0442\u0438\u043c\u0435\u043d\u0442 \u043f\u0440\u043e\u0434\u0443\u043a\u0446\u0438\u0438 SONY \u0432 \u0444\u0438\u0440\u043c\u0435\u043d\u043d\u043e\u043c \u043c\u0430\u0433\u0430\u0437\u0438\u043d\u0435 SONY\" \/>\n<meta name=\"robots\" content=\"index, follow, max-snippet:-1, max-image-preview:large, max-video-preview:-1\" \/>\n<link rel=\"canonical\" href=\"https:\/\/sonycenter.md\/ro\/magazin\/sel300f28gm\/\" \/>\n<meta property=\"og:locale\" content=\"ro_RO\" \/>\n<meta property=\"og:type\" content=\"article\" \/>\n<meta property=\"og:title\" content=\"SEL300F28GM | sonycenter.md\" \/>\n<meta property=\"og:description\" content=\"SEL300F28GM - \u043a\u0443\u043f\u0438\u0442\u044c \u0432 \u041a\u0438\u0448\u0438\u043d\u0435\u0432\u0435. \u0428\u0438\u0440\u043e\u043a\u0438\u0439 \u0430\u0441\u0441\u043e\u0440\u0442\u0438\u043c\u0435\u043d\u0442 \u043f\u0440\u043e\u0434\u0443\u043a\u0446\u0438\u0438 SONY \u0432 \u0444\u0438\u0440\u043c\u0435\u043d\u043d\u043e\u043c \u043c\u0430\u0433\u0430\u0437\u0438\u043d\u0435 SONY\" \/>\n<meta property=\"og:url\" content=\"https:\/\/sonycenter.md\/ro\/magazin\/sel300f28gm\/\" \/>\n<meta property=\"og:site_name\" content=\"SONY\" \/>\n<meta property=\"article:modified_time\" content=\"2023-11-20T12:44:53+00:00\" \/>\n<meta property=\"og:image\" content=\"https:\/\/sonycenter.md\/wp-content\/uploads\/2023\/11\/SEL300F28GM_4.jpg\" \/>\n\t<meta property=\"og:image:width\" content=\"600\" \/>\n\t<meta property=\"og:image:height\" content=\"600\" \/>\n\t<meta property=\"og:image:type\" content=\"image\/jpeg\" \/>\n<meta name=\"twitter:card\" content=\"summary_large_image\" \/>\n<meta name=\"twitter:label1\" content=\"Est. reading time\" \/>\n\t<meta name=\"twitter:data1\" content=\"1 minute\" \/>\n<script type=\"application\/ld+json\" class=\"yoast-schema-graph\">{\"@context\":\"https:\/\/schema.org\",\"@graph\":[{\"@type\":[\"WebPage\",\"ItemPage\"],\"@id\":\"https:\/\/sonycenter.md\/ro\/magazin\/sel300f28gm\/\",\"url\":\"https:\/\/sonycenter.md\/ro\/magazin\/sel300f28gm\/\",\"name\":\"SEL300F28GM | sonycenter.md\",\"isPartOf\":{\"@id\":\"https:\/\/sonycenter.md\/ro\/#website\"},\"primaryImageOfPage\":{\"@id\":\"https:\/\/sonycenter.md\/ro\/magazin\/sel300f28gm\/#primaryimage\"},\"image\":{\"@id\":\"https:\/\/sonycenter.md\/ro\/magazin\/sel300f28gm\/#primaryimage\"},\"thumbnailUrl\":\"https:\/\/sonycenter.md\/wp-content\/uploads\/2023\/11\/SEL300F28GM_4.jpg\",\"datePublished\":\"2023-11-20T12:37:26+00:00\",\"dateModified\":\"2023-11-20T12:44:53+00:00\",\"description\":\"SEL300F28GM - \u043a\u0443\u043f\u0438\u0442\u044c \u0432 \u041a\u0438\u0448\u0438\u043d\u0435\u0432\u0435. \u0428\u0438\u0440\u043e\u043a\u0438\u0439 \u0430\u0441\u0441\u043e\u0440\u0442\u0438\u043c\u0435\u043d\u0442 \u043f\u0440\u043e\u0434\u0443\u043a\u0446\u0438\u0438 SONY \u0432 \u0444\u0438\u0440\u043c\u0435\u043d\u043d\u043e\u043c \u043c\u0430\u0433\u0430\u0437\u0438\u043d\u0435 SONY\",\"breadcrumb\":{\"@id\":\"https:\/\/sonycenter.md\/ro\/magazin\/sel300f28gm\/#breadcrumb\"},\"inLanguage\":\"ro-RO\",\"potentialAction\":[{\"@type\":\"ReadAction\",\"target\":[\"https:\/\/sonycenter.md\/ro\/magazin\/sel300f28gm\/\"]}]},{\"@type\":\"ImageObject\",\"inLanguage\":\"ro-RO\",\"@id\":\"https:\/\/sonycenter.md\/ro\/magazin\/sel300f28gm\/#primaryimage\",\"url\":\"https:\/\/sonycenter.md\/wp-content\/uploads\/2023\/11\/SEL300F28GM_4.jpg\",\"contentUrl\":\"https:\/\/sonycenter.md\/wp-content\/uploads\/2023\/11\/SEL300F28GM_4.jpg\",\"width\":600,\"height\":600,\"caption\":\"SEL300F28GM\"},{\"@type\":\"BreadcrumbList\",\"@id\":\"https:\/\/sonycenter.md\/ro\/magazin\/sel300f28gm\/#breadcrumb\",\"itemListElement\":[{\"@type\":\"ListItem\",\"position\":1,\"name\":\"\u0413\u043b\u0430\u0432\u043d\u0430\u044f \u0441\u0442\u0440\u0430\u043d\u0438\u0446\u0430\",\"item\":\"https:\/\/sonycenter.md\/ro\/\"},{\"@type\":\"ListItem\",\"position\":2,\"name\":\"Magazin\",\"item\":\"https:\/\/sonycenter.md\/shop\/\"},{\"@type\":\"ListItem\",\"position\":3,\"name\":\"SEL300F28GM\"}]},{\"@type\":\"WebSite\",\"@id\":\"https:\/\/sonycenter.md\/ro\/#website\",\"url\":\"https:\/\/sonycenter.md\/ro\/\",\"name\":\"sonycenter.md\",\"description\":\"SONYCENTER \u00een Chi\u0219in\u0103u\",\"publisher\":{\"@id\":\"https:\/\/sonycenter.md\/ro\/#organization\"},\"potentialAction\":[{\"@type\":\"SearchAction\",\"target\":{\"@type\":\"EntryPoint\",\"urlTemplate\":\"https:\/\/sonycenter.md\/ro\/?s={search_term_string}\"},\"query-input\":{\"@type\":\"PropertyValueSpecification\",\"valueRequired\":true,\"valueName\":\"search_term_string\"}}],\"inLanguage\":\"ro-RO\"},{\"@type\":\"Organization\",\"@id\":\"https:\/\/sonycenter.md\/ro\/#organization\",\"name\":\"sonycenter.md\",\"url\":\"https:\/\/sonycenter.md\/ro\/\",\"logo\":{\"@type\":\"ImageObject\",\"inLanguage\":\"ro-RO\",\"@id\":\"https:\/\/sonycenter.md\/ro\/#\/schema\/logo\/image\/\",\"url\":\"\",\"contentUrl\":\"\",\"caption\":\"sonycenter.md\"},\"image\":{\"@id\":\"https:\/\/sonycenter.md\/ro\/#\/schema\/logo\/image\/\"}}]}<\/script>\n<!-- \/ Yoast SEO plugin. -->","yoast_head_json":{"title":"SEL300F28GM | sonycenter.md","description":"SEL300F28GM - \u043a\u0443\u043f\u0438\u0442\u044c \u0432 \u041a\u0438\u0448\u0438\u043d\u0435\u0432\u0435. \u0428\u0438\u0440\u043e\u043a\u0438\u0439 \u0430\u0441\u0441\u043e\u0440\u0442\u0438\u043c\u0435\u043d\u0442 \u043f\u0440\u043e\u0434\u0443\u043a\u0446\u0438\u0438 SONY \u0432 \u0444\u0438\u0440\u043c\u0435\u043d\u043d\u043e\u043c \u043c\u0430\u0433\u0430\u0437\u0438\u043d\u0435 SONY","robots":{"index":"index","follow":"follow","max-snippet":"max-snippet:-1","max-image-preview":"max-image-preview:large","max-video-preview":"max-video-preview:-1"},"canonical":"https:\/\/sonycenter.md\/ro\/magazin\/sel300f28gm\/","og_locale":"ro_RO","og_type":"article","og_title":"SEL300F28GM | sonycenter.md","og_description":"SEL300F28GM - \u043a\u0443\u043f\u0438\u0442\u044c \u0432 \u041a\u0438\u0448\u0438\u043d\u0435\u0432\u0435. \u0428\u0438\u0440\u043e\u043a\u0438\u0439 \u0430\u0441\u0441\u043e\u0440\u0442\u0438\u043c\u0435\u043d\u0442 \u043f\u0440\u043e\u0434\u0443\u043a\u0446\u0438\u0438 SONY \u0432 \u0444\u0438\u0440\u043c\u0435\u043d\u043d\u043e\u043c \u043c\u0430\u0433\u0430\u0437\u0438\u043d\u0435 SONY","og_url":"https:\/\/sonycenter.md\/ro\/magazin\/sel300f28gm\/","og_site_name":"SONY","article_modified_time":"2023-11-20T12:44:53+00:00","og_image":[{"width":600,"height":600,"url":"https:\/\/sonycenter.md\/wp-content\/uploads\/2023\/11\/SEL300F28GM_4.jpg","type":"image\/jpeg"}],"twitter_card":"summary_large_image","twitter_misc":{"Est. reading time":"1 minute"},"schema":{"@context":"https:\/\/schema.org","@graph":[{"@type":["WebPage","ItemPage"],"@id":"https:\/\/sonycenter.md\/ro\/magazin\/sel300f28gm\/","url":"https:\/\/sonycenter.md\/ro\/magazin\/sel300f28gm\/","name":"SEL300F28GM | sonycenter.md","isPartOf":{"@id":"https:\/\/sonycenter.md\/ro\/#website"},"primaryImageOfPage":{"@id":"https:\/\/sonycenter.md\/ro\/magazin\/sel300f28gm\/#primaryimage"},"image":{"@id":"https:\/\/sonycenter.md\/ro\/magazin\/sel300f28gm\/#primaryimage"},"thumbnailUrl":"https:\/\/sonycenter.md\/wp-content\/uploads\/2023\/11\/SEL300F28GM_4.jpg","datePublished":"2023-11-20T12:37:26+00:00","dateModified":"2023-11-20T12:44:53+00:00","description":"SEL300F28GM - \u043a\u0443\u043f\u0438\u0442\u044c \u0432 \u041a\u0438\u0448\u0438\u043d\u0435\u0432\u0435. \u0428\u0438\u0440\u043e\u043a\u0438\u0439 \u0430\u0441\u0441\u043e\u0440\u0442\u0438\u043c\u0435\u043d\u0442 \u043f\u0440\u043e\u0434\u0443\u043a\u0446\u0438\u0438 SONY \u0432 \u0444\u0438\u0440\u043c\u0435\u043d\u043d\u043e\u043c \u043c\u0430\u0433\u0430\u0437\u0438\u043d\u0435 SONY","breadcrumb":{"@id":"https:\/\/sonycenter.md\/ro\/magazin\/sel300f28gm\/#breadcrumb"},"inLanguage":"ro-RO","potentialAction":[{"@type":"ReadAction","target":["https:\/\/sonycenter.md\/ro\/magazin\/sel300f28gm\/"]}]},{"@type":"ImageObject","inLanguage":"ro-RO","@id":"https:\/\/sonycenter.md\/ro\/magazin\/sel300f28gm\/#primaryimage","url":"https:\/\/sonycenter.md\/wp-content\/uploads\/2023\/11\/SEL300F28GM_4.jpg","contentUrl":"https:\/\/sonycenter.md\/wp-content\/uploads\/2023\/11\/SEL300F28GM_4.jpg","width":600,"height":600,"caption":"SEL300F28GM"},{"@type":"BreadcrumbList","@id":"https:\/\/sonycenter.md\/ro\/magazin\/sel300f28gm\/#breadcrumb","itemListElement":[{"@type":"ListItem","position":1,"name":"\u0413\u043b\u0430\u0432\u043d\u0430\u044f \u0441\u0442\u0440\u0430\u043d\u0438\u0446\u0430","item":"https:\/\/sonycenter.md\/ro\/"},{"@type":"ListItem","position":2,"name":"Magazin","item":"https:\/\/sonycenter.md\/shop\/"},{"@type":"ListItem","position":3,"name":"SEL300F28GM"}]},{"@type":"WebSite","@id":"https:\/\/sonycenter.md\/ro\/#website","url":"https:\/\/sonycenter.md\/ro\/","name":"sonycenter.md","description":"SONYCENTER \u00een Chi\u0219in\u0103u","publisher":{"@id":"https:\/\/sonycenter.md\/ro\/#organization"},"potentialAction":[{"@type":"SearchAction","target":{"@type":"EntryPoint","urlTemplate":"https:\/\/sonycenter.md\/ro\/?s={search_term_string}"},"query-input":{"@type":"PropertyValueSpecification","valueRequired":true,"valueName":"search_term_string"}}],"inLanguage":"ro-RO"},{"@type":"Organization","@id":"https:\/\/sonycenter.md\/ro\/#organization","name":"sonycenter.md","url":"https:\/\/sonycenter.md\/ro\/","logo":{"@type":"ImageObject","inLanguage":"ro-RO","@id":"https:\/\/sonycenter.md\/ro\/#\/schema\/logo\/image\/","url":"","contentUrl":"","caption":"sonycenter.md"},"image":{"@id":"https:\/\/sonycenter.md\/ro\/#\/schema\/logo\/image\/"}}]}},"_links":{"self":[{"href":"https:\/\/sonycenter.md\/ro\/wp-json\/wp\/v2\/product\/26319","targetHints":{"allow":["GET"]}}],"collection":[{"href":"https:\/\/sonycenter.md\/ro\/wp-json\/wp\/v2\/product"}],"about":[{"href":"https:\/\/sonycenter.md\/ro\/wp-json\/wp\/v2\/types\/product"}],"replies":[{"embeddable":true,"href":"https:\/\/sonycenter.md\/ro\/wp-json\/wp\/v2\/comments?post=26319"}],"wp:featuredmedia":[{"embeddable":true,"href":"https:\/\/sonycenter.md\/ro\/wp-json\/wp\/v2\/media\/26263"}],"wp:attachment":[{"href":"https:\/\/sonycenter.md\/ro\/wp-json\/wp\/v2\/media?parent=26319"}],"wp:term":[{"taxonomy":"product_brand","embeddable":true,"href":"https:\/\/sonycenter.md\/ro\/wp-json\/wp\/v2\/product_brand?post=26319"},{"taxonomy":"product_cat","embeddable":true,"href":"https:\/\/sonycenter.md\/ro\/wp-json\/wp\/v2\/product_cat?post=26319"},{"taxonomy":"product_tag","embeddable":true,"href":"https:\/\/sonycenter.md\/ro\/wp-json\/wp\/v2\/product_tag?post=26319"}],"curies":[{"name":"wp","href":"https:\/\/api.w.org\/{rel}","templated":true}]}}