{"id":26607,"date":"2024-03-04T12:42:48","date_gmt":"2024-03-04T10:42:48","guid":{"rendered":"https:\/\/sonycenter.md\/?post_type=product&#038;p=26607"},"modified":"2025-08-13T11:46:20","modified_gmt":"2025-08-13T08:46:20","slug":"sel2450g","status":"publish","type":"product","link":"https:\/\/sonycenter.md\/ro\/magazin\/sel2450g\/","title":{"rendered":"SEL2450G"},"content":{"rendered":"<p><span style=\"color: #000000;\">Specifica\u021bii suplimentare pentru <span style=\"color: #0000ff;\"><a style=\"color: #0000ff;\" href=\"https:\/\/sonycenter.md\/ro\/category\/accesorii-foto-video\/obiective\/obiective-zoom\/\">obiectivul zoom<\/a><\/span> SONY FE 24-50mm F2.8 G :<\/span><\/p>\n<p><span style=\"color: #000000;\"><img decoding=\"async\" src=\"https:\/\/sony.scene7.com\/is\/image\/sonyglobalsolutions\/FeatureBenefit_01_Mobile-9?$smallStaticImage$\" alt=\"Portretul unei femei privind \u00een sus \u0219i uit\u00e2ndu-se \u00een zare. Focalizarea este pe ochiul drept \u0219i pe p\u0103r, eviden\u021biind rezolu\u021bia ridicat\u0103. P\u00e2nza albastr\u0103 din fundal este defocalizat\u0103 delicat\" \/><\/span><\/p>\n<h3 class=\"PdpSmallStaticImage__Title\"><span style=\"color: #000000;\">Un zoom compact, gata s\u0103 v\u0103 \u00eenso\u021beasc\u0103 pretutindeni<\/span><\/h3>\n<p><span style=\"color: #000000;\">Cu un interval 24-50mm ideal pentru proiecte de zi cu zi, acest obiectiv cu zoom versatil ofer\u0103 diafragm\u0103 maxim\u0103 luminoas\u0103 F2.8 \u0219i redare frumoas\u0103 la toate distan\u021bele focale \u00eentr-un design remarcabil de compact \u0219i u\u0219or. Cu obiectivul FE 24-50mm F2.8 G inovator, v\u0103 pute\u021bi bucura de performan\u021ba \u0219i rafinamentul diafragmei luminoase pentru imagini statice \u0219i filme.<\/span><\/p>\n<hr \/>\n<p><span style=\"color: #000000;\"><img decoding=\"async\" src=\"https:\/\/sony.scene7.com\/is\/image\/sonyglobalsolutions\/FeatureBenefit_02_Mobile-9?$smallStaticImage$\" alt=\"Imagine de exemplificare cu un material cu model cu alb \u0219i albastru, ca de dantel\u0103, at\u00e2rnat. Lumin\u0103 puternic\u0103 a soarelui din fundal, f\u0103r\u0103 pete albe \u0219i reflexii parazite\" \/><\/span><\/p>\n<h3 class=\"PdpSmallStaticImage__Title\"><span style=\"color: #000000;\">Claritate deosebit\u0103 la orice distan\u021b\u0103 focal\u0103<\/span><\/h3>\n<p><span style=\"color: #000000;\">Un design optic avansat, care include patru elemente asferice \u0219i dou\u0103 elemente ED (dispersie extrem de sc\u0103zut\u0103) asigur\u0103 rezolu\u021bie ridicat\u0103 \u00een tot intervalul de zoom 24-50mm. Petele albe, reflexiile parazite \u0219i dispersia culorii sunt reduse pentru imagini clare.<\/span><\/p>\n<hr \/>\n<p><span style=\"color: #000000;\"><img decoding=\"async\" src=\"https:\/\/sony.scene7.com\/is\/image\/sonyglobalsolutions\/FeatureBenefit_03_Mobile-9?$smallStaticImage$\" alt=\"Imagine de exemplificare cu un artizan ad\u0103ug\u00e2nd modele pe un borcan alb cu o pensul\u0103 \u0219i vopsea albastr\u0103. Focalizarea este pe pensul\u0103, cu prim-planul cu borcanul \u0219i fundalul defocalizate\" \/><\/span><\/p>\n<h3 class=\"PdpSmallStaticImage__Title\"><span style=\"color: #000000;\">Efectul profund de bokeh scoate \u00een eviden\u021b\u0103 subiectul<\/span><\/h3>\n<p><span style=\"color: #000000;\">O diafragm\u0103 maxim\u0103 F2.8 ce r\u0103m\u00e2ne constant\u0103 \u00een \u00eentregul interval de zoom, design optic de ultim\u0103 or\u0103 \u0219i o diafragm\u0103 circular\u0103 cu 11 lamele func\u021bioneaz\u0103 \u00een armonie pentru a asigura un efect bokeh delicat, distinctiv pentru gama G Lens de la Sony. Efectul elegant de bokeh scoate subiec\u021bii \u00een eviden\u021b\u0103.<\/span><\/p>\n<hr \/>\n<p><span style=\"color: #000000;\"><img decoding=\"async\" src=\"https:\/\/sony.scene7.com\/is\/image\/sonyglobalsolutions\/FeatureBenefit_04_Mobile-9?$smallStaticImage$\" alt=\"Imagine de utilizare cu un utilizator fotografiind un porumb colorat la distan\u021ba minim\u0103 de focalizare cu FE 24-50mm F2.8 G\" \/><\/span><\/p>\n<h3 class=\"PdpSmallStaticImage__Title\"><span style=\"color: #000000;\">Performan\u021b\u0103 impresionant\u0103 la prim-plan<\/span><\/h3>\n<p><span style=\"color: #000000;\">Optimizarea optic\u0103 minu\u021bioas\u0103 asigur\u0103 performan\u021b\u0103 ridicat\u0103 la prim-plan la toate distan\u021bele focale. Factorul de m\u0103rire maxim este de 0,3x (FA)\/0,33x (FM) cu o distan\u021b\u0103 minim\u0103 de focalizare de 0,19m\u00a0 (FA)\/0,18m\u00a0 (FM) la unghiul panoramic, pentru prim-planuri extraordinare \u0219i, \u00een combina\u021bie cu dimensiunile compacte, transform\u0103 acest obiectiv \u00een alegerea ideal\u0103 pentru fotografie de produs.<\/span><\/p>\n<hr \/>\n<p><span style=\"color: #000000;\"><img decoding=\"async\" src=\"https:\/\/sony.scene7.com\/is\/image\/sonyglobalsolutions\/FeatureBenefit_05_Mobile-9?$smallStaticImage$\" alt=\"O diagram\u0103 prezent\u00e2nd actuatorul din FE 24-50mm F2.8 G\" \/><\/span><\/p>\n<h3 class=\"PdpSmallStaticImage__Title\"><span style=\"color: #000000;\">Focalizare automat\u0103 care maximizeaz\u0103 poten\u021bialul corpului<\/span><\/h3>\n<p><span style=\"color: #000000;\">Dou\u0103 motoare liniare special optimizate \u0219i un sistem de control precis asigur\u0103 focalizare pe orice subiect cu acurate\u021be \u0219i vitez\u0103 remarcabile. Performan\u021ba la urm\u0103rire este excelent\u0103 \u0219i poate \u021bine u\u0219or pasul chiar \u0219i cu modelul Sony \u03b19 III avansat, p\u00e2n\u0103 la 120fps. Focalizarea precis\u0103 \u0219i silen\u021bioas\u0103 este asigurat\u0103 \u0219i p\u0103strat\u0103 chiar \u0219i c\u00e2nd \u00eenregistra\u021bi filme la rat\u0103 de cadre ridicat\u0103, 4K 120p sau FHD 240p.<\/span><\/p>\n<hr \/>\n<p><span style=\"color: #000000;\"><img decoding=\"async\" src=\"https:\/\/sony.scene7.com\/is\/image\/sonyglobalsolutions\/FeatureBenefit_07_Mobile-9?$smallStaticImage$\" alt=\"Imagine de utilizare cu FX3 pe un stabilizator cu articula\u021bie, cu obiectivul G lens FE 24-50mm F2.8\" \/><\/span><\/p>\n<h3 class=\"PdpSmallStaticImage__Title\"><span style=\"color: #000000;\">Diafragma F2.8 \u00eentr-un zoom mobil este extraordinar\u0103 pentru filme<\/span><\/h3>\n<p><span style=\"color: #000000;\">FA precis\u0103 \u0219i silen\u021bioas\u0103 \u0219i diafragma F2.8 \u00eentr-un obiectiv cu zoom compact \u0219i u\u0219or reprezint\u0103 un avantaj pentru filme. Gra\u021bie deplas\u0103rii minime a centrului de greutate, este perfect pentru folosire pe stabilizator cu articula\u021bie sau dron\u0103. \u00cempreun\u0103 cu modul Activ de stabilizare \u00eencorporat, asigur\u0103 imagini stabile din m\u00e2n\u0103, la unghi panoramic, din mi\u0219care. Accept\u0103 compensarea tremurului de focalizare \u0219i \u00eenregistrarea metadatelor.<\/span><\/p>\n<hr \/>\n<p><span style=\"color: #000000;\"><img decoding=\"async\" src=\"https:\/\/sony.scene7.com\/is\/image\/sonyglobalsolutions\/FeatureBenefit_08_Mobile-8?$smallStaticImage$\" alt=\"Ecran divizat: imaginea cu obiectivul din st\u00e2nga, cu inelele de focalizare, zoom \u0219i diafragm\u0103 eviden\u021biate (st\u00e2nga); imagine cu obiectivul din dreapta, cu comutatorul pentru diafragm\u0103 \u00een trepte eviden\u021biat (dreapta)\" \/><\/span><\/p>\n<h3 class=\"PdpSmallStaticImage__Title\"><span style=\"color: #000000;\">Trei inele de control \u00eentr-un obiectiv compact<\/span><\/h3>\n<p><span style=\"color: #000000;\">Pentru control creativ direct \u0219i intuitiv c\u00e2nd fotografia\u021bi \u0219i \u00eenregistra\u021bi, acest obiectiv v\u0103 ofer\u0103 o suit\u0103 complet\u0103 de trei inele de control: focalizare, zoom \u0219i diafragm\u0103. Treptele diafragmei pot fi activate sau dezactivate pentru a se potrivi situa\u021biei de \u00eenregistrare.<\/span><\/p>\n<hr \/>\n<p><span style=\"color: #000000;\"><img decoding=\"async\" src=\"https:\/\/sony.scene7.com\/is\/image\/sonyglobalsolutions\/FeatureBenefit_09_Mobile-8?$smallStaticImage$\" alt=\"Imagine cu cilindrul obiectivului din st\u00e2nga, cu butonul de men\u021binere a focaliz\u0103rii \u0219i comutatorul pentru modul de focalizare eviden\u021biate\" \/><\/span><\/p>\n<h3 class=\"PdpSmallStaticImage__Title\"><span style=\"color: #000000;\">Control complet<\/span><\/h3>\n<p><span style=\"color: #000000;\">\u00cen plus fa\u021b\u0103 de cele trei inele de control, FE 24-50mm F2.8 G dispune de un buton de men\u021binere a focaliz\u0103rii personalizabil \u0219i un comutator FA\/FM. Focalizarea manual\u0103 cu r\u0103spuns liniar asigur\u0103 control rapid, intuitiv al focaliz\u0103rii manuale. Focalizarea intern\u0103 faciliteaz\u0103 utilizarea filtrelor de 67mm cu rotire, precum filtrul ND variabil, utilizate la \u00eenregistrarea filmelor.<\/span><\/p>\n<hr \/>\n<p><span style=\"color: #000000;\"><img decoding=\"async\" src=\"https:\/\/sony.scene7.com\/is\/image\/sonyglobalsolutions\/FeatureBenefit_10_Mobile-8?$smallStaticImage$\" alt=\"Ilustra\u021bie cu localizarea garniturilor de protec\u021bie \u00eempotriva prafului \u0219i umezelii de pe corpul obiectivului\" \/><\/span><\/p>\n<h3 class=\"PdpSmallStaticImage__Title\"><span style=\"color: #000000;\">Fiabil \u00een condi\u0163ii dificile<\/span><\/h3>\n<p><span style=\"color: #000000;\">Un design rezistent la praf \u0219i la umezeal\u0103 maximizeaz\u0103 fiabilitatea \u00een medii dure, iar elementul frontal are un strat de fluor.<\/span><\/p>\n","protected":false},"excerpt":{"rendered":"<ul>\n<li><span style=\"color: #000000;\">SONY FE 24-50mm F2.8 G<\/span><\/li>\n<li><span style=\"color: #000000;\">Baioneta : SONY E-Mount<\/span><\/li>\n<li><span style=\"color: #000000;\">Format : Full Frame , 35 mm<\/span><\/li>\n<li><span style=\"color: #000000;\">Distan\u021b\u0103 focal\u0103 : f=24-50 mm<\/span><\/li>\n<li><span style=\"color: #000000;\">Valoarea maxim\u0103 a diafragmei : F2.8<\/span><\/li>\n<li><span style=\"color: #000000;\">Valoarea minim\u0103 a diafragmei : F22<\/span><\/li>\n<li><span style=\"color: #000000;\">Lamele diafragmei : 11<\/span><\/li>\n<li><span style=\"color: #000000;\">Stabilizare integrat\u0103 : Nu<\/span><\/li>\n<li><span style=\"color: #000000;\">Distan\u021ba minim\u0103 de focalizare : 0,19 m<\/span><\/li>\n<li><span style=\"color: #000000;\">Diametru filtru : 67 mm<\/span><\/li>\n<li><span style=\"color: #000000;\">Dimensiuni : 74,8 x 92,3mm<\/span><\/li>\n<li><span style=\"color: #000000;\">Greutate : 440 g<\/span><\/li>\n<li><span style=\"color: #000000;\">Con\u021binului cutiei : parasolar, capacul din spate \u0219i din fa\u021b\u0103<\/span><\/li>\n<li><span style=\"color: #000000;\">Garan\u021bie de firm\u0103 : 2 ani<\/span><\/li>\n<\/ul>\n","protected":false},"featured_media":26601,"comment_status":"open","ping_status":"closed","template":"","meta":[],"product_brand":[],"product_cat":[899],"product_tag":[],"class_list":{"0":"post-26607","1":"product","2":"type-product","3":"status-publish","4":"has-post-thumbnail","6":"product_cat-obiective-zoom","8":"first","9":"outofstock","10":"sale","11":"shipping-taxable","12":"purchasable","13":"product-type-simple"},"yoast_head":"<!-- This site is optimized with the Yoast SEO plugin v26.3 - https:\/\/yoast.com\/wordpress\/plugins\/seo\/ -->\n<title>SONY FE 24-50mm F2.8 G | Obiectivul SONY SEL2450G \u00een Chi\u0219in\u0103u<\/title>\n<meta name=\"description\" content=\"SONY FE 24-50mm F2.8 G | Garan\u021bie de firma : 2 ani | Magazinul SonyCenter \u00een Chi\u0219in\u0103u\" \/>\n<meta name=\"robots\" content=\"index, follow, max-snippet:-1, max-image-preview:large, max-video-preview:-1\" \/>\n<link rel=\"canonical\" href=\"https:\/\/sonycenter.md\/ro\/magazin\/sel2450g\/\" \/>\n<meta property=\"og:locale\" content=\"ro_RO\" \/>\n<meta property=\"og:type\" content=\"article\" \/>\n<meta property=\"og:title\" content=\"SONY FE 24-50mm F2.8 G | Obiectivul SONY SEL2450G \u00een Chi\u0219in\u0103u\" \/>\n<meta property=\"og:description\" content=\"SONY FE 24-50mm F2.8 G | Garan\u021bie de firma : 2 ani | Magazinul SonyCenter \u00een Chi\u0219in\u0103u\" \/>\n<meta property=\"og:url\" content=\"https:\/\/sonycenter.md\/ro\/magazin\/sel2450g\/\" \/>\n<meta property=\"og:site_name\" content=\"SONY\" \/>\n<meta property=\"article:modified_time\" content=\"2025-08-13T08:46:20+00:00\" \/>\n<meta property=\"og:image\" content=\"https:\/\/sonycenter.md\/wp-content\/uploads\/2024\/03\/2450g.jpg\" \/>\n\t<meta property=\"og:image:width\" content=\"600\" \/>\n\t<meta property=\"og:image:height\" content=\"600\" \/>\n\t<meta property=\"og:image:type\" content=\"image\/jpeg\" \/>\n<meta name=\"twitter:card\" content=\"summary_large_image\" \/>\n<meta name=\"twitter:label1\" content=\"Est. reading time\" \/>\n\t<meta name=\"twitter:data1\" content=\"5 minutes\" \/>\n<script type=\"application\/ld+json\" class=\"yoast-schema-graph\">{\"@context\":\"https:\/\/schema.org\",\"@graph\":[{\"@type\":[\"WebPage\",\"ItemPage\"],\"@id\":\"https:\/\/sonycenter.md\/ro\/magazin\/sel2450g\/\",\"url\":\"https:\/\/sonycenter.md\/ro\/magazin\/sel2450g\/\",\"name\":\"SONY FE 24-50mm F2.8 G | Obiectivul SONY SEL2450G \u00een Chi\u0219in\u0103u\",\"isPartOf\":{\"@id\":\"https:\/\/sonycenter.md\/ro\/#website\"},\"primaryImageOfPage\":{\"@id\":\"https:\/\/sonycenter.md\/ro\/magazin\/sel2450g\/#primaryimage\"},\"image\":{\"@id\":\"https:\/\/sonycenter.md\/ro\/magazin\/sel2450g\/#primaryimage\"},\"thumbnailUrl\":\"https:\/\/sonycenter.md\/wp-content\/uploads\/2024\/03\/2450g.jpg\",\"datePublished\":\"2024-03-04T10:42:48+00:00\",\"dateModified\":\"2025-08-13T08:46:20+00:00\",\"description\":\"SONY FE 24-50mm F2.8 G | Garan\u021bie de firma : 2 ani | Magazinul SonyCenter \u00een Chi\u0219in\u0103u\",\"breadcrumb\":{\"@id\":\"https:\/\/sonycenter.md\/ro\/magazin\/sel2450g\/#breadcrumb\"},\"inLanguage\":\"ro-RO\",\"potentialAction\":[{\"@type\":\"ReadAction\",\"target\":[\"https:\/\/sonycenter.md\/ro\/magazin\/sel2450g\/\"]}]},{\"@type\":\"ImageObject\",\"inLanguage\":\"ro-RO\",\"@id\":\"https:\/\/sonycenter.md\/ro\/magazin\/sel2450g\/#primaryimage\",\"url\":\"https:\/\/sonycenter.md\/wp-content\/uploads\/2024\/03\/2450g.jpg\",\"contentUrl\":\"https:\/\/sonycenter.md\/wp-content\/uploads\/2024\/03\/2450g.jpg\",\"width\":600,\"height\":600,\"caption\":\"SEL2450G\"},{\"@type\":\"BreadcrumbList\",\"@id\":\"https:\/\/sonycenter.md\/ro\/magazin\/sel2450g\/#breadcrumb\",\"itemListElement\":[{\"@type\":\"ListItem\",\"position\":1,\"name\":\"\u0413\u043b\u0430\u0432\u043d\u0430\u044f \u0441\u0442\u0440\u0430\u043d\u0438\u0446\u0430\",\"item\":\"https:\/\/sonycenter.md\/ro\/\"},{\"@type\":\"ListItem\",\"position\":2,\"name\":\"Magazin\",\"item\":\"https:\/\/sonycenter.md\/shop\/\"},{\"@type\":\"ListItem\",\"position\":3,\"name\":\"SEL2450G\"}]},{\"@type\":\"WebSite\",\"@id\":\"https:\/\/sonycenter.md\/ro\/#website\",\"url\":\"https:\/\/sonycenter.md\/ro\/\",\"name\":\"sonycenter.md\",\"description\":\"SONYCENTER \u00een Chi\u0219in\u0103u\",\"publisher\":{\"@id\":\"https:\/\/sonycenter.md\/ro\/#organization\"},\"potentialAction\":[{\"@type\":\"SearchAction\",\"target\":{\"@type\":\"EntryPoint\",\"urlTemplate\":\"https:\/\/sonycenter.md\/ro\/?s={search_term_string}\"},\"query-input\":{\"@type\":\"PropertyValueSpecification\",\"valueRequired\":true,\"valueName\":\"search_term_string\"}}],\"inLanguage\":\"ro-RO\"},{\"@type\":\"Organization\",\"@id\":\"https:\/\/sonycenter.md\/ro\/#organization\",\"name\":\"sonycenter.md\",\"url\":\"https:\/\/sonycenter.md\/ro\/\",\"logo\":{\"@type\":\"ImageObject\",\"inLanguage\":\"ro-RO\",\"@id\":\"https:\/\/sonycenter.md\/ro\/#\/schema\/logo\/image\/\",\"url\":\"\",\"contentUrl\":\"\",\"caption\":\"sonycenter.md\"},\"image\":{\"@id\":\"https:\/\/sonycenter.md\/ro\/#\/schema\/logo\/image\/\"}}]}<\/script>\n<!-- \/ Yoast SEO plugin. -->","yoast_head_json":{"title":"SONY FE 24-50mm F2.8 G | Obiectivul SONY SEL2450G \u00een Chi\u0219in\u0103u","description":"SONY FE 24-50mm F2.8 G | Garan\u021bie de firma : 2 ani | Magazinul SonyCenter \u00een Chi\u0219in\u0103u","robots":{"index":"index","follow":"follow","max-snippet":"max-snippet:-1","max-image-preview":"max-image-preview:large","max-video-preview":"max-video-preview:-1"},"canonical":"https:\/\/sonycenter.md\/ro\/magazin\/sel2450g\/","og_locale":"ro_RO","og_type":"article","og_title":"SONY FE 24-50mm F2.8 G | Obiectivul SONY SEL2450G \u00een Chi\u0219in\u0103u","og_description":"SONY FE 24-50mm F2.8 G | Garan\u021bie de firma : 2 ani | Magazinul SonyCenter \u00een Chi\u0219in\u0103u","og_url":"https:\/\/sonycenter.md\/ro\/magazin\/sel2450g\/","og_site_name":"SONY","article_modified_time":"2025-08-13T08:46:20+00:00","og_image":[{"width":600,"height":600,"url":"https:\/\/sonycenter.md\/wp-content\/uploads\/2024\/03\/2450g.jpg","type":"image\/jpeg"}],"twitter_card":"summary_large_image","twitter_misc":{"Est. reading time":"5 minutes"},"schema":{"@context":"https:\/\/schema.org","@graph":[{"@type":["WebPage","ItemPage"],"@id":"https:\/\/sonycenter.md\/ro\/magazin\/sel2450g\/","url":"https:\/\/sonycenter.md\/ro\/magazin\/sel2450g\/","name":"SONY FE 24-50mm F2.8 G | Obiectivul SONY SEL2450G \u00een Chi\u0219in\u0103u","isPartOf":{"@id":"https:\/\/sonycenter.md\/ro\/#website"},"primaryImageOfPage":{"@id":"https:\/\/sonycenter.md\/ro\/magazin\/sel2450g\/#primaryimage"},"image":{"@id":"https:\/\/sonycenter.md\/ro\/magazin\/sel2450g\/#primaryimage"},"thumbnailUrl":"https:\/\/sonycenter.md\/wp-content\/uploads\/2024\/03\/2450g.jpg","datePublished":"2024-03-04T10:42:48+00:00","dateModified":"2025-08-13T08:46:20+00:00","description":"SONY FE 24-50mm F2.8 G | Garan\u021bie de firma : 2 ani | Magazinul SonyCenter \u00een Chi\u0219in\u0103u","breadcrumb":{"@id":"https:\/\/sonycenter.md\/ro\/magazin\/sel2450g\/#breadcrumb"},"inLanguage":"ro-RO","potentialAction":[{"@type":"ReadAction","target":["https:\/\/sonycenter.md\/ro\/magazin\/sel2450g\/"]}]},{"@type":"ImageObject","inLanguage":"ro-RO","@id":"https:\/\/sonycenter.md\/ro\/magazin\/sel2450g\/#primaryimage","url":"https:\/\/sonycenter.md\/wp-content\/uploads\/2024\/03\/2450g.jpg","contentUrl":"https:\/\/sonycenter.md\/wp-content\/uploads\/2024\/03\/2450g.jpg","width":600,"height":600,"caption":"SEL2450G"},{"@type":"BreadcrumbList","@id":"https:\/\/sonycenter.md\/ro\/magazin\/sel2450g\/#breadcrumb","itemListElement":[{"@type":"ListItem","position":1,"name":"\u0413\u043b\u0430\u0432\u043d\u0430\u044f \u0441\u0442\u0440\u0430\u043d\u0438\u0446\u0430","item":"https:\/\/sonycenter.md\/ro\/"},{"@type":"ListItem","position":2,"name":"Magazin","item":"https:\/\/sonycenter.md\/shop\/"},{"@type":"ListItem","position":3,"name":"SEL2450G"}]},{"@type":"WebSite","@id":"https:\/\/sonycenter.md\/ro\/#website","url":"https:\/\/sonycenter.md\/ro\/","name":"sonycenter.md","description":"SONYCENTER \u00een Chi\u0219in\u0103u","publisher":{"@id":"https:\/\/sonycenter.md\/ro\/#organization"},"potentialAction":[{"@type":"SearchAction","target":{"@type":"EntryPoint","urlTemplate":"https:\/\/sonycenter.md\/ro\/?s={search_term_string}"},"query-input":{"@type":"PropertyValueSpecification","valueRequired":true,"valueName":"search_term_string"}}],"inLanguage":"ro-RO"},{"@type":"Organization","@id":"https:\/\/sonycenter.md\/ro\/#organization","name":"sonycenter.md","url":"https:\/\/sonycenter.md\/ro\/","logo":{"@type":"ImageObject","inLanguage":"ro-RO","@id":"https:\/\/sonycenter.md\/ro\/#\/schema\/logo\/image\/","url":"","contentUrl":"","caption":"sonycenter.md"},"image":{"@id":"https:\/\/sonycenter.md\/ro\/#\/schema\/logo\/image\/"}}]}},"_links":{"self":[{"href":"https:\/\/sonycenter.md\/ro\/wp-json\/wp\/v2\/product\/26607","targetHints":{"allow":["GET"]}}],"collection":[{"href":"https:\/\/sonycenter.md\/ro\/wp-json\/wp\/v2\/product"}],"about":[{"href":"https:\/\/sonycenter.md\/ro\/wp-json\/wp\/v2\/types\/product"}],"replies":[{"embeddable":true,"href":"https:\/\/sonycenter.md\/ro\/wp-json\/wp\/v2\/comments?post=26607"}],"wp:featuredmedia":[{"embeddable":true,"href":"https:\/\/sonycenter.md\/ro\/wp-json\/wp\/v2\/media\/26601"}],"wp:attachment":[{"href":"https:\/\/sonycenter.md\/ro\/wp-json\/wp\/v2\/media?parent=26607"}],"wp:term":[{"taxonomy":"product_brand","embeddable":true,"href":"https:\/\/sonycenter.md\/ro\/wp-json\/wp\/v2\/product_brand?post=26607"},{"taxonomy":"product_cat","embeddable":true,"href":"https:\/\/sonycenter.md\/ro\/wp-json\/wp\/v2\/product_cat?post=26607"},{"taxonomy":"product_tag","embeddable":true,"href":"https:\/\/sonycenter.md\/ro\/wp-json\/wp\/v2\/product_tag?post=26607"}],"curies":[{"name":"wp","href":"https:\/\/api.w.org\/{rel}","templated":true}]}}