{"id":26979,"date":"2024-04-15T15:36:03","date_gmt":"2024-04-15T12:36:03","guid":{"rendered":"https:\/\/sonycenter.md\/?post_type=product&#038;p=26979"},"modified":"2026-05-01T21:20:22","modified_gmt":"2026-05-01T18:20:22","slug":"ult-wear-wh-ult900n","status":"publish","type":"product","link":"https:\/\/sonycenter.md\/ro\/magazin\/ult-wear-wh-ult900n\/","title":{"rendered":"ULT WEAR (WH-ULT900N)"},"content":{"rendered":"<p style=\"text-align: center;\"><span style=\"color: #000000;\">SONY WH-ULT900N.Noile<\/span> <span style=\"color: #0000ff;\"><a style=\"color: #0000ff;\" href=\"https:\/\/sonycenter.md\/ro\/category\/casti\/casti-wireless\/\">c\u0103\u0219ti wireless<\/a><\/span> <span style=\"color: #000000;\">cu reducere digital\u0103 a zgomotului din serie ULT POWER SOUND.<\/span><\/p>\n<table style=\"height: 1305px;\" width=\"904\">\n<tbody>\n<tr>\n<td width=\"250\"><span style=\"color: #000000;\"><strong>Con\u021binutul cutiei<\/strong><\/span><\/td>\n<td width=\"250\"><span style=\"color: #000000;\">Cablu USB<\/span><br \/>\n<span style=\"color: #000000;\">Cablu audio<\/span><br \/>\n<span style=\"color: #000000;\">Hus\u0103<\/span><br \/>\n<span style=\"color: #000000;\">Ghid de referin\u0163\u0103<\/span><\/td>\n<\/tr>\n<tr>\n<td style=\"text-align: center;\" colspan=\"2\"><span style=\"color: #000000;\"><strong>Greutate<\/strong><\/span><\/td>\n<\/tr>\n<tr>\n<td><span style=\"color: #000000;\"><strong>Greutate<\/strong><\/span><\/td>\n<td><span style=\"color: #000000;\">Aprox. 255g<\/span><\/td>\n<\/tr>\n<tr>\n<td style=\"text-align: center;\" colspan=\"2\"><span style=\"color: #000000;\"><strong>Caracteristici generale<\/strong><\/span><\/td>\n<\/tr>\n<tr>\n<td><span style=\"color: #000000;\"><strong>Tip c\u0103\u0219ti<\/strong><\/span><\/td>\n<td><span style=\"color: #000000;\">Dinamice, \u00eenchise<\/span><\/td>\n<\/tr>\n<tr>\n<td><span style=\"color: #000000;\"><strong>Difuzor<\/strong><\/span><\/td>\n<td><span style=\"color: #000000;\">40 mm (tip dom)<\/span><\/td>\n<\/tr>\n<tr>\n<td><span style=\"color: #000000;\"><strong>Magnet<\/strong><\/span><\/td>\n<td><span style=\"color: #000000;\">Neodim<\/span><\/td>\n<\/tr>\n<tr>\n<td><span style=\"color: #000000;\"><strong>Impedan\u021b\u0103 (ohm)<\/strong><\/span><\/td>\n<td><span style=\"color: #000000;\">\u00a032ohm (1kHz) (c\u00e2nd se conecteaz\u0103 prin cablu )<\/span><\/td>\n<\/tr>\n<tr>\n<td><span style=\"color: #000000;\"><strong>R\u0103spuns \u00een frecven\u021b\u0103<\/strong><\/span><\/td>\n<td><span style=\"color: #000000;\">5Hz\u201320.000Hz (JEITA)<\/span><\/td>\n<\/tr>\n<tr>\n<td><span style=\"color: #000000;\"><strong>R\u0103spuns \u00een frecven\u021b\u0103 (func\u021bionare activ\u0103)<\/strong><\/span><\/td>\n<td><span style=\"color: #000000;\">5Hz\u201320.000Hz (JEITA)<\/span><\/td>\n<\/tr>\n<tr>\n<td><span style=\"color: #000000;\"><strong>R\u0103spuns \u00een frecven\u021b\u0103 (comunica\u021bii Bluetooth\u00ae)<\/strong><\/span><\/td>\n<td><span style=\"color: #000000;\">20 Hz\u201320.000 Hz (Frecven\u021b\u0103 de e\u0219antionare 44,1 kHz)<\/span><\/td>\n<\/tr>\n<tr>\n<td><span style=\"color: #000000;\"><strong>Sensibilitate (db\/mw)<\/strong><\/span><\/td>\n<td><span style=\"color: #000000;\">100dB\/mW (c\u00e2nd se conecteaz\u0103 prin cablu)<\/span><\/td>\n<\/tr>\n<tr>\n<td><span style=\"color: #000000;\"><strong>Tip cablu<\/strong><\/span><\/td>\n<td><span style=\"color: #000000;\">Pe o singur\u0103 parte (deta\u015fabil)<\/span><\/td>\n<\/tr>\n<tr>\n<td><span style=\"color: #000000;\"><strong>Lungime cablu<\/strong><\/span><\/td>\n<td><span style=\"color: #000000;\">Aprox. 1,2 m<\/span><\/td>\n<\/tr>\n<tr>\n<td><span style=\"color: #000000;\"><strong>Conector<\/strong><\/span><\/td>\n<td><span style=\"color: #000000;\">Miniconector stereo \u00een form\u0103 de L, placat cu aur<\/span><\/td>\n<\/tr>\n<tr>\n<td><span style=\"color: #000000;\"><strong>Intrare (intr\u0103ri)<\/strong><\/span><\/td>\n<td><span style=\"color: #000000;\">Mini muf\u0103 stereo , USB Type-C<\/span><\/td>\n<\/tr>\n<tr>\n<td><span style=\"color: #000000;\"><strong>Control tactil\u00a0<\/strong><\/span><\/td>\n<td><span style=\"color: #000000;\">Da (casc\u0103 dreapt\u0103)<\/span><\/td>\n<\/tr>\n<tr>\n<td><span style=\"color: #000000;\"><strong>DSEE<\/strong><\/span><\/td>\n<td><span style=\"color: #000000;\">Da<\/span><\/td>\n<\/tr>\n<tr>\n<td><span style=\"color: #000000;\"><strong>Func\u021bionare pasiv\u0103<\/strong><\/span><\/td>\n<td><span style=\"color: #000000;\">Da (ascultare prin cablu)<\/span><\/td>\n<\/tr>\n<tr>\n<td><span style=\"color: #000000;\"><strong>Mod de sunet ambiental<\/strong><\/span><\/td>\n<td><span style=\"color: #000000;\">Da<\/span><\/td>\n<\/tr>\n<tr>\n<td><span style=\"color: #000000;\"><strong>Buton ULT pentru amplificarea basului<\/strong><\/span><\/td>\n<td><span style=\"color: #000000;\">Da (pe partea st\u00e2ng\u0103)<\/span><\/td>\n<\/tr>\n<tr>\n<td><span style=\"color: #000000;\"><strong>Microfoane<\/strong><\/span><\/td>\n<td><span style=\"color: #000000;\">4 microfoane \u00eencorporate<\/span><\/td>\n<\/tr>\n<tr>\n<td><strong><span style=\"color: #000000;\">Reducere a zgomotului ANC<\/span><\/strong><\/td>\n<td><span style=\"color: #000000;\">Da<\/span><\/td>\n<\/tr>\n<tr>\n<td style=\"text-align: center;\" colspan=\"2\"><span style=\"color: #000000;\"><strong>Baterie<\/strong><\/span><\/td>\n<\/tr>\n<tr>\n<td><span style=\"color: #000000;\"><strong>Durat\u0103 de \u00eenc\u0103rcare baterie<\/strong><\/span><\/td>\n<td><span style=\"color: #000000;\">Aprox. 3,5 ore<\/span><\/td>\n<\/tr>\n<tr>\n<td><span style=\"color: #000000;\"><strong>Metod\u0103 de \u00eenc\u0103rcare baterie<\/strong><\/span><\/td>\n<td><span style=\"color: #000000;\">USB<\/span><\/td>\n<\/tr>\n<tr>\n<td><span style=\"color: #000000;\"><strong>Autonomie baterie (durat\u0103 redare continu\u0103 muzic\u0103)<\/strong><\/span><\/td>\n<td><span style=\"color: #000000;\">Max. 30 de ore (NC activat), max. 50 de ore (NC dezactivat)<\/span><\/td>\n<\/tr>\n<tr>\n<td><span style=\"color: #000000;\"><strong>Autonomia bateriei (durat\u0103 comunicare continu\u0103)<\/strong><\/span><\/td>\n<td><span style=\"color: #000000;\">Max. 30 de ore (NC activat), max. 40 de ore (NC dezactivat)<\/span><\/td>\n<\/tr>\n<tr>\n<td style=\"text-align: center;\" colspan=\"2\"><span style=\"color: #000000;\"><strong>Specifica\u0163ie Bluetooth\u00ae<\/strong><\/span><\/td>\n<\/tr>\n<tr>\n<td><span style=\"color: #000000;\"><strong>Versiune Bluetooth\u00ae<\/strong><\/span><\/td>\n<td><span style=\"color: #000000;\">\u00a0versiunea 5.2<\/span><\/td>\n<\/tr>\n<tr>\n<td><span style=\"color: #000000;\"><strong>Raz\u0103 de ac\u021biune efectiv\u0103<\/strong><\/span><\/td>\n<td><span style=\"color: #000000;\">Aprox. 10 m<\/span><\/td>\n<\/tr>\n<tr>\n<td><span style=\"color: #000000;\"><strong>Gam\u0103 de frecven\u021be<\/strong><\/span><\/td>\n<td><span style=\"color: #000000;\">Band\u0103 de 2,4 GHz (2.400 0\u20132.483 5 GHz)<\/span><\/td>\n<\/tr>\n<tr>\n<td><span style=\"color: #000000;\"><strong>Profil<\/strong><\/span><\/td>\n<td><span style=\"color: #000000;\">A2DP, AVRCP, HFP, HSP<\/span><\/td>\n<\/tr>\n<tr>\n<td><span style=\"color: #000000;\"><strong>Format(e) audio acceptat(e)<\/strong><\/span><\/td>\n<td><span style=\"color: #000000;\">SBC, AAC, LDAC<\/span><\/td>\n<\/tr>\n<tr>\n<td><span style=\"color: #000000;\"><strong>Protec\u021bie con\u021binut acceptat\u0103<\/strong><\/span><\/td>\n<td><span style=\"color: #000000;\">SCMS-T<\/span><\/td>\n<\/tr>\n<\/tbody>\n<\/table>\n<p style=\"text-align: center;\">\n","protected":false},"excerpt":{"rendered":"<ul>\n<li><span style=\"color: #000000;\">C\u0103\u0219ti wireless cu bas amplificat<\/span><\/li>\n<li><span style=\"color: #000000;\">Bluetooth : Versiunea 5.2<\/span><\/li>\n<li><span style=\"color: #000000;\">Codecuri audio acceptate : SBC, AAC, LDAC<\/span><\/li>\n<li><span style=\"color: #000000;\">Autonomie: p\u00e2n\u0103 la 40 de ore (reducerea zgomotului dezactivat\u0103)<\/span><\/li>\n<li><span style=\"color: #000000;\">Autonomie: p\u00e2n\u0103 la 30 de ore (reducerea zgomotului activat\u0103)<\/span><\/li>\n<li><span style=\"color: #000000;\">\u00cenc\u0103rcare rapid\u0103: primele 3 minute ~ 1,5 ore de func\u021bionare <\/span><\/li>\n<li><span style=\"color: #000000;\">Reducere activ\u0103 a zgomotului \u00eembun\u0103t\u0103\u021bit\u0103 (ANC)<\/span><\/li>\n<li><span style=\"color: #000000;\">Mod sunet ambiental <\/span><\/li>\n<li><span style=\"color: #000000;\">4 microfoane \u00eencorporate<\/span><\/li>\n<li><span style=\"color: #000000;\">Control tactil (casc\u0103 dreapt\u0103)<\/span><\/li>\n<li><span style=\"color: #000000;\">Buton ULT pentru amplificarea basului<\/span><\/li>\n<li><span style=\"color: #000000;\">Posibilitatea de a asculta muzic\u0103 prin cablu<\/span><\/li>\n<li><span style=\"color: #000000;\">Aplica\u021bie pentru configurare: SONY | Sound Connect<\/span><\/li>\n<li><span style=\"color: #000000;\">Hus\u0103 rezistent\u0103 inclus\u0103<\/span><\/li>\n<li><span style=\"color: #000000;\">Dimensiuni hus\u0103: 21,5 * 19 * 6 cm<\/span><\/li>\n<li><span style=\"color: #000000;\">Garan\u021bie 2 ani<\/span><\/li>\n<\/ul>\n","protected":false},"featured_media":29852,"comment_status":"open","ping_status":"closed","template":"","meta":[],"product_brand":[],"product_cat":[629],"product_tag":[],"class_list":{"0":"post-26979","1":"product","2":"type-product","3":"status-publish","4":"has-post-thumbnail","6":"product_cat-casti-wireless","7":"pa_color-grey-ro","8":"pa_color-white-ro","9":"pa_color-black-ro","11":"first","12":"instock","13":"shipping-taxable","14":"purchasable","15":"product-type-variable"},"yoast_head":"<!-- This site is optimized with the Yoast SEO plugin v27.4 - https:\/\/yoast.com\/product\/yoast-seo-wordpress\/ -->\n<title>SONY WH-ULT900N | SONY ULT WEAR in Moldova<\/title>\n<meta name=\"description\" content=\"Cumpara casti Bluetooth fara fir SONY WH-ULT900N la cel mai bun pret in Moldova | Compatibile cu Apple si Android | Autonomie pana la 40 de ore\" \/>\n<meta name=\"robots\" content=\"index, follow, max-snippet:-1, max-image-preview:large, max-video-preview:-1\" \/>\n<link rel=\"canonical\" href=\"https:\/\/sonycenter.md\/ro\/magazin\/ult-wear-wh-ult900n\/\" \/>\n<meta property=\"og:locale\" content=\"ro_RO\" \/>\n<meta property=\"og:type\" content=\"article\" \/>\n<meta property=\"og:title\" content=\"SONY WH-ULT900N | SONY ULT WEAR in Moldova\" \/>\n<meta property=\"og:description\" content=\"Cumpara casti Bluetooth fara fir SONY WH-ULT900N la cel mai bun pret in Moldova | Compatibile cu Apple si Android | Autonomie pana la 40 de ore\" \/>\n<meta property=\"og:url\" content=\"https:\/\/sonycenter.md\/ro\/magazin\/ult-wear-wh-ult900n\/\" \/>\n<meta property=\"og:site_name\" content=\"SONY\" \/>\n<meta property=\"article:modified_time\" content=\"2026-05-01T18:20:22+00:00\" \/>\n<meta property=\"og:image\" content=\"https:\/\/sonycenter.md\/wp-content\/uploads\/2024\/04\/ult-wear-multicolor.jpg\" \/>\n\t<meta property=\"og:image:width\" content=\"600\" \/>\n\t<meta property=\"og:image:height\" content=\"600\" \/>\n\t<meta property=\"og:image:type\" content=\"image\/jpeg\" \/>\n<meta name=\"twitter:card\" content=\"summary_large_image\" \/>\n<meta name=\"twitter:label1\" content=\"Est. reading time\" \/>\n\t<meta name=\"twitter:data1\" content=\"2 minutes\" \/>\n<script type=\"application\/ld+json\" class=\"yoast-schema-graph\">{\"@context\":\"https:\\\/\\\/schema.org\",\"@graph\":[{\"@type\":[\"WebPage\",\"ItemPage\"],\"@id\":\"https:\\\/\\\/sonycenter.md\\\/ro\\\/magazin\\\/ult-wear-wh-ult900n\\\/\",\"url\":\"https:\\\/\\\/sonycenter.md\\\/ro\\\/magazin\\\/ult-wear-wh-ult900n\\\/\",\"name\":\"SONY WH-ULT900N | SONY ULT WEAR in Moldova\",\"isPartOf\":{\"@id\":\"http:\\\/\\\/sonycenter.md\\\/ro\\\/#website\"},\"primaryImageOfPage\":{\"@id\":\"https:\\\/\\\/sonycenter.md\\\/ro\\\/magazin\\\/ult-wear-wh-ult900n\\\/#primaryimage\"},\"image\":{\"@id\":\"https:\\\/\\\/sonycenter.md\\\/ro\\\/magazin\\\/ult-wear-wh-ult900n\\\/#primaryimage\"},\"thumbnailUrl\":\"https:\\\/\\\/sonycenter.md\\\/wp-content\\\/uploads\\\/2024\\\/04\\\/ult-wear-multicolor.jpg\",\"datePublished\":\"2024-04-15T12:36:03+00:00\",\"dateModified\":\"2026-05-01T18:20:22+00:00\",\"description\":\"Cumpara casti Bluetooth fara fir SONY WH-ULT900N la cel mai bun pret in Moldova | Compatibile cu Apple si Android | Autonomie pana la 40 de ore\",\"breadcrumb\":{\"@id\":\"https:\\\/\\\/sonycenter.md\\\/ro\\\/magazin\\\/ult-wear-wh-ult900n\\\/#breadcrumb\"},\"inLanguage\":\"ro-RO\",\"potentialAction\":[{\"@type\":\"ReadAction\",\"target\":[\"https:\\\/\\\/sonycenter.md\\\/ro\\\/magazin\\\/ult-wear-wh-ult900n\\\/\"]}]},{\"@type\":\"ImageObject\",\"inLanguage\":\"ro-RO\",\"@id\":\"https:\\\/\\\/sonycenter.md\\\/ro\\\/magazin\\\/ult-wear-wh-ult900n\\\/#primaryimage\",\"url\":\"https:\\\/\\\/sonycenter.md\\\/wp-content\\\/uploads\\\/2024\\\/04\\\/ult-wear-multicolor.jpg\",\"contentUrl\":\"https:\\\/\\\/sonycenter.md\\\/wp-content\\\/uploads\\\/2024\\\/04\\\/ult-wear-multicolor.jpg\",\"width\":600,\"height\":600,\"caption\":\"ULT WEAR (WH-ULT900N)\"},{\"@type\":\"BreadcrumbList\",\"@id\":\"https:\\\/\\\/sonycenter.md\\\/ro\\\/magazin\\\/ult-wear-wh-ult900n\\\/#breadcrumb\",\"itemListElement\":[{\"@type\":\"ListItem\",\"position\":1,\"name\":\"\u0413\u043b\u0430\u0432\u043d\u0430\u044f \u0441\u0442\u0440\u0430\u043d\u0438\u0446\u0430\",\"item\":\"https:\\\/\\\/sonycenter.md\\\/ro\\\/\"},{\"@type\":\"ListItem\",\"position\":2,\"name\":\"Magazin\",\"item\":\"https:\\\/\\\/sonycenter.md\\\/shop\\\/\"},{\"@type\":\"ListItem\",\"position\":3,\"name\":\"ULT WEAR (WH-ULT900N)\"}]},{\"@type\":\"WebSite\",\"@id\":\"http:\\\/\\\/sonycenter.md\\\/ro\\\/#website\",\"url\":\"http:\\\/\\\/sonycenter.md\\\/ro\\\/\",\"name\":\"sonycenter.md\",\"description\":\"SONYCENTER \u00een Chi\u0219in\u0103u\",\"publisher\":{\"@id\":\"http:\\\/\\\/sonycenter.md\\\/ro\\\/#organization\"},\"potentialAction\":[{\"@type\":\"SearchAction\",\"target\":{\"@type\":\"EntryPoint\",\"urlTemplate\":\"http:\\\/\\\/sonycenter.md\\\/ro\\\/?s={search_term_string}\"},\"query-input\":{\"@type\":\"PropertyValueSpecification\",\"valueRequired\":true,\"valueName\":\"search_term_string\"}}],\"inLanguage\":\"ro-RO\"},{\"@type\":\"Organization\",\"@id\":\"http:\\\/\\\/sonycenter.md\\\/ro\\\/#organization\",\"name\":\"sonycenter.md\",\"url\":\"http:\\\/\\\/sonycenter.md\\\/ro\\\/\",\"logo\":{\"@type\":\"ImageObject\",\"inLanguage\":\"ro-RO\",\"@id\":\"http:\\\/\\\/sonycenter.md\\\/ro\\\/#\\\/schema\\\/logo\\\/image\\\/\",\"url\":\"\",\"contentUrl\":\"\",\"caption\":\"sonycenter.md\"},\"image\":{\"@id\":\"http:\\\/\\\/sonycenter.md\\\/ro\\\/#\\\/schema\\\/logo\\\/image\\\/\"}}]}<\/script>\n<!-- \/ Yoast SEO plugin. -->","yoast_head_json":{"title":"SONY WH-ULT900N | SONY ULT WEAR in Moldova","description":"Cumpara casti Bluetooth fara fir SONY WH-ULT900N la cel mai bun pret in Moldova | Compatibile cu Apple si Android | Autonomie pana la 40 de ore","robots":{"index":"index","follow":"follow","max-snippet":"max-snippet:-1","max-image-preview":"max-image-preview:large","max-video-preview":"max-video-preview:-1"},"canonical":"https:\/\/sonycenter.md\/ro\/magazin\/ult-wear-wh-ult900n\/","og_locale":"ro_RO","og_type":"article","og_title":"SONY WH-ULT900N | SONY ULT WEAR in Moldova","og_description":"Cumpara casti Bluetooth fara fir SONY WH-ULT900N la cel mai bun pret in Moldova | Compatibile cu Apple si Android | Autonomie pana la 40 de ore","og_url":"https:\/\/sonycenter.md\/ro\/magazin\/ult-wear-wh-ult900n\/","og_site_name":"SONY","article_modified_time":"2026-05-01T18:20:22+00:00","og_image":[{"width":600,"height":600,"url":"https:\/\/sonycenter.md\/wp-content\/uploads\/2024\/04\/ult-wear-multicolor.jpg","type":"image\/jpeg"}],"twitter_card":"summary_large_image","twitter_misc":{"Est. reading time":"2 minutes"},"schema":{"@context":"https:\/\/schema.org","@graph":[{"@type":["WebPage","ItemPage"],"@id":"https:\/\/sonycenter.md\/ro\/magazin\/ult-wear-wh-ult900n\/","url":"https:\/\/sonycenter.md\/ro\/magazin\/ult-wear-wh-ult900n\/","name":"SONY WH-ULT900N | SONY ULT WEAR in Moldova","isPartOf":{"@id":"https:\/\/sonycenter.md\/ro\/#website"},"primaryImageOfPage":{"@id":"https:\/\/sonycenter.md\/ro\/magazin\/ult-wear-wh-ult900n\/#primaryimage"},"image":{"@id":"https:\/\/sonycenter.md\/ro\/magazin\/ult-wear-wh-ult900n\/#primaryimage"},"thumbnailUrl":"https:\/\/sonycenter.md\/wp-content\/uploads\/2024\/04\/ult-wear-multicolor.jpg","datePublished":"2024-04-15T12:36:03+00:00","dateModified":"2026-05-01T18:20:22+00:00","description":"Cumpara casti Bluetooth fara fir SONY WH-ULT900N la cel mai bun pret in Moldova | Compatibile cu Apple si Android | Autonomie pana la 40 de ore","breadcrumb":{"@id":"https:\/\/sonycenter.md\/ro\/magazin\/ult-wear-wh-ult900n\/#breadcrumb"},"inLanguage":"ro-RO","potentialAction":[{"@type":"ReadAction","target":["https:\/\/sonycenter.md\/ro\/magazin\/ult-wear-wh-ult900n\/"]}]},{"@type":"ImageObject","inLanguage":"ro-RO","@id":"https:\/\/sonycenter.md\/ro\/magazin\/ult-wear-wh-ult900n\/#primaryimage","url":"https:\/\/sonycenter.md\/wp-content\/uploads\/2024\/04\/ult-wear-multicolor.jpg","contentUrl":"https:\/\/sonycenter.md\/wp-content\/uploads\/2024\/04\/ult-wear-multicolor.jpg","width":600,"height":600,"caption":"ULT WEAR (WH-ULT900N)"},{"@type":"BreadcrumbList","@id":"https:\/\/sonycenter.md\/ro\/magazin\/ult-wear-wh-ult900n\/#breadcrumb","itemListElement":[{"@type":"ListItem","position":1,"name":"\u0413\u043b\u0430\u0432\u043d\u0430\u044f \u0441\u0442\u0440\u0430\u043d\u0438\u0446\u0430","item":"https:\/\/sonycenter.md\/ro\/"},{"@type":"ListItem","position":2,"name":"Magazin","item":"https:\/\/sonycenter.md\/shop\/"},{"@type":"ListItem","position":3,"name":"ULT WEAR (WH-ULT900N)"}]},{"@type":"WebSite","@id":"https:\/\/sonycenter.md\/ro\/#website","url":"https:\/\/sonycenter.md\/ro\/","name":"sonycenter.md","description":"SONYCENTER \u00een Chi\u0219in\u0103u","publisher":{"@id":"https:\/\/sonycenter.md\/ro\/#organization"},"potentialAction":[{"@type":"SearchAction","target":{"@type":"EntryPoint","urlTemplate":"https:\/\/sonycenter.md\/ro\/?s={search_term_string}"},"query-input":{"@type":"PropertyValueSpecification","valueRequired":true,"valueName":"search_term_string"}}],"inLanguage":"ro-RO"},{"@type":"Organization","@id":"https:\/\/sonycenter.md\/ro\/#organization","name":"sonycenter.md","url":"https:\/\/sonycenter.md\/ro\/","logo":{"@type":"ImageObject","inLanguage":"ro-RO","@id":"https:\/\/sonycenter.md\/ro\/#\/schema\/logo\/image\/","url":"","contentUrl":"","caption":"sonycenter.md"},"image":{"@id":"https:\/\/sonycenter.md\/ro\/#\/schema\/logo\/image\/"}}]}},"_links":{"self":[{"href":"https:\/\/sonycenter.md\/ro\/wp-json\/wp\/v2\/product\/26979","targetHints":{"allow":["GET"]}}],"collection":[{"href":"https:\/\/sonycenter.md\/ro\/wp-json\/wp\/v2\/product"}],"about":[{"href":"https:\/\/sonycenter.md\/ro\/wp-json\/wp\/v2\/types\/product"}],"replies":[{"embeddable":true,"href":"https:\/\/sonycenter.md\/ro\/wp-json\/wp\/v2\/comments?post=26979"}],"wp:featuredmedia":[{"embeddable":true,"href":"https:\/\/sonycenter.md\/ro\/wp-json\/wp\/v2\/media\/29852"}],"wp:attachment":[{"href":"https:\/\/sonycenter.md\/ro\/wp-json\/wp\/v2\/media?parent=26979"}],"wp:term":[{"taxonomy":"product_brand","embeddable":true,"href":"https:\/\/sonycenter.md\/ro\/wp-json\/wp\/v2\/product_brand?post=26979"},{"taxonomy":"product_cat","embeddable":true,"href":"https:\/\/sonycenter.md\/ro\/wp-json\/wp\/v2\/product_cat?post=26979"},{"taxonomy":"product_tag","embeddable":true,"href":"https:\/\/sonycenter.md\/ro\/wp-json\/wp\/v2\/product_tag?post=26979"}],"curies":[{"name":"wp","href":"https:\/\/api.w.org\/{rel}","templated":true}]}}