{"id":26984,"date":"2024-04-15T16:47:09","date_gmt":"2024-04-15T13:55:38","guid":{"rendered":"https:\/\/sonycenter.md\/?post_type=product&#038;p=26984"},"modified":"2025-01-03T10:51:58","modified_gmt":"2025-01-03T08:51:58","slug":"sony-srsxv500","status":"publish","type":"product","link":"https:\/\/sonycenter.md\/ro\/magazin\/sony-srsxv500\/","title":{"rendered":"SRSXV500"},"content":{"rendered":"<p><iframe loading=\"lazy\" title=\"YouTube video player\" src=\"https:\/\/www.youtube.com\/embed\/IPwOaji9Fyc?si=TPRY50iKLK37Vo0z\" width=\"900\" height=\"500\" frameborder=\"0\" allowfullscreen=\"allowfullscreen\"><span data-mce-type=\"bookmark\" style=\"display: inline-block; width: 0px; overflow: hidden; line-height: 0;\" class=\"mce_SELRES_start\">\ufeff<\/span><\/iframe><\/p>\n<table class=\"SpecificationsTableSingle__Table headerForLessThanOrEqualToFourChildren\" aria-hidden=\"true\">\n<tbody class=\"SpecificationsTableSingle__Tbody\">\n<tr class=\"SpecificationsTableSingle__TableRow\">\n<th class=\"SpecificationsTableSingle__TableSubhead\" colspan=\"2\">\n<div class=\"SpecificationsTableSingle__TableCellInner\"><\/div>\n<\/th>\n<td class=\"SpecificationsTableSingle__TableValue -isSelected \" colspan=\"1\" data-product-id=\"SRS-XV500\"><\/td>\n<\/tr>\n<tr class=\"SpecificationsTableSingle__TableRow\">\n<th class=\"SpecificationsTableSingle__TableHead\" colspan=\"3\" data-colspan-value=\"1\">\n<div class=\"SpecificationsTableSingle__TableHeadInner\">Sunet<\/div>\n<\/th>\n<\/tr>\n<tr class=\"SpecificationsTableSingle__TableRow\">\n<th class=\"SpecificationsTableSingle__TableSubhead\" colspan=\"2\">\n<div class=\"SpecificationsTableSingle__TableCellInner\">TIP DIFUZOR<\/div>\n<\/th>\n<td class=\"SpecificationsTableSingle__TableValue -isSelected \" colspan=\"1\" data-product-id=\"SRS-XV500\">\n<div class=\"SpecificationsTableSingle__TableCellInner\">Woofer (S\/D)\/Tweeter (S\/D)<\/div>\n<\/td>\n<\/tr>\n<tr class=\"SpecificationsTableSingle__TableRow\">\n<th class=\"SpecificationsTableSingle__TableSubhead\" colspan=\"2\">\n<div class=\"SpecificationsTableSingle__TableCellInner\">NUM\u0102R DE DIFUZOARE<\/div>\n<\/th>\n<td class=\"SpecificationsTableSingle__TableValue -isSelected \" colspan=\"1\" data-product-id=\"SRS-XV500\">\n<div class=\"SpecificationsTableSingle__TableCellInner\">Unitate tweeter: 2, difuzor woofer: 2<\/div>\n<\/td>\n<\/tr>\n<tr class=\"SpecificationsTableSingle__TableRow\">\n<th class=\"SpecificationsTableSingle__TableSubhead\" colspan=\"2\">\n<div class=\"SpecificationsTableSingle__TableCellInner\">DIMENSIUNE DIFUZOR<\/div>\n<\/th>\n<td class=\"SpecificationsTableSingle__TableValue -isSelected \" colspan=\"1\" data-product-id=\"SRS-XV500\">\n<div class=\"SpecificationsTableSingle__TableCellInner\">Unitate tweeter: aprox. 60mm, difuzor woofer: Aprox. 140\u2013140mm<\/div>\n<\/td>\n<\/tr>\n<tr class=\"SpecificationsTableSingle__TableRow\">\n<th class=\"SpecificationsTableSingle__TableSubhead\" colspan=\"2\">\n<div class=\"SpecificationsTableSingle__TableCellInner\">X-BALANCED SPEAKER UNIT<\/div>\n<\/th>\n<td class=\"SpecificationsTableSingle__TableValue -isSelected \" colspan=\"1\" data-product-id=\"SRS-XV500\">\n<div class=\"SpecificationsTableSingle__TableCellInner\">Unitate woofer<\/div>\n<\/td>\n<\/tr>\n<tr class=\"SpecificationsTableSingle__TableRow\">\n<th class=\"SpecificationsTableSingle__TableSubhead\" colspan=\"2\">\n<div class=\"SpecificationsTableSingle__TableCellInner\">MODURI DE SUNET<\/div>\n<\/th>\n<td class=\"SpecificationsTableSingle__TableValue -isSelected \" colspan=\"1\" data-product-id=\"SRS-XV500\">\n<div class=\"SpecificationsTableSingle__TableCellInner\">Clear Audio+, MEGA BASS, Volume Step 51, DSEE, band\u0103 3 pentru egalizator personalizat, LIVE SOUND<\/div>\n<\/td>\n<\/tr>\n<tr class=\"SpecificationsTableSingle__TableRow\">\n<th class=\"SpecificationsTableSingle__TableHead\" colspan=\"3\" data-colspan-value=\"1\">\n<div class=\"SpecificationsTableSingle__TableHeadInner\">Dimensiune \u015fi greutate<\/div>\n<\/th>\n<\/tr>\n<tr class=\"SpecificationsTableSingle__TableRow\">\n<th class=\"SpecificationsTableSingle__TableSubhead\" colspan=\"2\">\n<div class=\"SpecificationsTableSingle__TableCellInner\">DIMENSIUNI (L X \u00ce X A)<\/div>\n<\/th>\n<td class=\"SpecificationsTableSingle__TableValue -isSelected \" colspan=\"1\" data-product-id=\"SRS-XV500\">\n<div class=\"SpecificationsTableSingle__TableCellInner\">Aprox. 269mm x 564mm x 294mm<\/div>\n<\/td>\n<\/tr>\n<tr class=\"SpecificationsTableSingle__TableRow\">\n<th class=\"SpecificationsTableSingle__TableSubhead\" colspan=\"2\">\n<div class=\"SpecificationsTableSingle__TableCellInner\">GREUTATE<\/div>\n<\/th>\n<td class=\"SpecificationsTableSingle__TableValue -isSelected \" colspan=\"1\" data-product-id=\"SRS-XV500\">\n<div class=\"SpecificationsTableSingle__TableCellInner\">Aprox. 11,2kg<\/div>\n<\/td>\n<\/tr>\n<tr class=\"SpecificationsTableSingle__TableRow\">\n<th class=\"SpecificationsTableSingle__TableHead\" colspan=\"3\" data-colspan-value=\"1\">\n<div class=\"SpecificationsTableSingle__TableHeadInner\">Specifica\u021bii Bluetooth\u00ae<\/div>\n<\/th>\n<\/tr>\n<tr class=\"SpecificationsTableSingle__TableRow\">\n<th class=\"SpecificationsTableSingle__TableSubhead\" colspan=\"2\">\n<div class=\"SpecificationsTableSingle__TableCellInner\">SISTEM DE COMUNICARE<\/div>\n<\/th>\n<td class=\"SpecificationsTableSingle__TableValue -isSelected \" colspan=\"1\" data-product-id=\"SRS-XV500\">\n<div class=\"SpecificationsTableSingle__TableCellInner\">Versiune 5.2<\/div>\n<\/td>\n<\/tr>\n<tr class=\"SpecificationsTableSingle__TableRow\">\n<th class=\"SpecificationsTableSingle__TableSubhead\" colspan=\"2\">\n<div class=\"SpecificationsTableSingle__TableCellInner\">PROFILURI COMPATIBILE<\/div>\n<\/th>\n<td class=\"SpecificationsTableSingle__TableValue -isSelected \" colspan=\"1\" data-product-id=\"SRS-XV500\">\n<div class=\"SpecificationsTableSingle__TableCellInner\">Interfa\u021b\u0103 (A2DP), Interfa\u021b\u0103 (AVRCP), Interfa\u021b\u0103 (SPP)<\/div>\n<\/td>\n<\/tr>\n<tr class=\"SpecificationsTableSingle__TableRow\">\n<th class=\"SpecificationsTableSingle__TableSubhead\" colspan=\"2\">\n<div class=\"SpecificationsTableSingle__TableCellInner\">FUNC\u021aIE AD\u0102UGARE BOX\u0102<\/div>\n<\/th>\n<td class=\"SpecificationsTableSingle__TableValue -isSelected \" colspan=\"1\" data-product-id=\"SRS-XV500\">\n<div class=\"SpecificationsTableSingle__TableCellInner\">Asociere stereo, Party Connect<\/div>\n<\/td>\n<\/tr>\n<tr class=\"SpecificationsTableSingle__TableRow\">\n<th class=\"SpecificationsTableSingle__TableSubhead\" colspan=\"2\">\n<div class=\"SpecificationsTableSingle__TableCellInner\">CODEC ACCEPTAT<\/div>\n<\/th>\n<td class=\"SpecificationsTableSingle__TableValue -isSelected \" colspan=\"1\" data-product-id=\"SRS-XV500\">\n<div class=\"SpecificationsTableSingle__TableCellInner\">SBC, AAC, LDAC<\/div>\n<\/td>\n<\/tr>\n<tr class=\"SpecificationsTableSingle__TableRow\">\n<th class=\"SpecificationsTableSingle__TableSubhead\" colspan=\"2\">\n<div class=\"SpecificationsTableSingle__TableCellInner\">GAM\u0102 DE FRECVEN\u021aE DE TRANSMISIE<\/div>\n<\/th>\n<td class=\"SpecificationsTableSingle__TableValue -isSelected \" colspan=\"1\" data-product-id=\"SRS-XV500\">\n<div class=\"SpecificationsTableSingle__TableCellInner\">20 Hz &#8211; 20.000 Hz (e\u0219antionare de 44,1 kHz)<\/div>\n<\/td>\n<\/tr>\n<tr class=\"SpecificationsTableSingle__TableRow\">\n<th class=\"SpecificationsTableSingle__TableSubhead\" colspan=\"2\">\n<div class=\"SpecificationsTableSingle__TableCellInner\">GAM\u0102 DE FRECVEN\u021aE<\/div>\n<\/th>\n<td class=\"SpecificationsTableSingle__TableValue -isSelected \" colspan=\"1\" data-product-id=\"SRS-XV500\">\n<div class=\"SpecificationsTableSingle__TableCellInner\">2.4 GHz<\/div>\n<\/td>\n<\/tr>\n<tr class=\"SpecificationsTableSingle__TableRow\">\n<th class=\"SpecificationsTableSingle__TableHead\" colspan=\"3\" data-colspan-value=\"1\">\n<div class=\"SpecificationsTableSingle__TableHeadInner\">Interfa\u0163\u0103<\/div>\n<\/th>\n<\/tr>\n<tr class=\"SpecificationsTableSingle__TableRow\">\n<th class=\"SpecificationsTableSingle__TableSubhead\" colspan=\"2\">\n<div class=\"SpecificationsTableSingle__TableCellInner\">TERMINALE DE INTRARE \u0218I IE\u0218IRE<\/div>\n<\/th>\n<td class=\"SpecificationsTableSingle__TableValue -isSelected \" colspan=\"1\" data-product-id=\"SRS-XV500\">\n<div class=\"SpecificationsTableSingle__TableCellInner\">Minimuf\u0103 stereo (IN), USB A, intrare microfon 1 (diametru 6,3mm), intrare chitar\u0103\/microfon 1(diametru 6,3mm)<\/div>\n<\/td>\n<\/tr>\n<tr class=\"SpecificationsTableSingle__TableRow\">\n<th class=\"SpecificationsTableSingle__TableHead\" colspan=\"3\" data-colspan-value=\"1\">\n<div class=\"SpecificationsTableSingle__TableHeadInner\">Aplica\u021bie<\/div>\n<\/th>\n<\/tr>\n<tr class=\"SpecificationsTableSingle__TableRow\">\n<th class=\"SpecificationsTableSingle__TableSubhead\" colspan=\"2\">\n<div class=\"SpecificationsTableSingle__TableCellInner\">APLICA\u021aII PENTRU SMARTPHONE COMPATIBILE<\/div>\n<\/th>\n<td class=\"SpecificationsTableSingle__TableValue -isSelected \" colspan=\"1\" data-product-id=\"SRS-XV500\">\n<div class=\"SpecificationsTableSingle__TableCellInner\">Sony | Music Center\/Fiestable<\/div>\n<\/td>\n<\/tr>\n<tr class=\"SpecificationsTableSingle__TableRow\">\n<th class=\"SpecificationsTableSingle__TableHead\" colspan=\"3\" data-colspan-value=\"1\">\n<div class=\"SpecificationsTableSingle__TableHeadInner\">Caracteristici generale<\/div>\n<\/th>\n<\/tr>\n<tr class=\"SpecificationsTableSingle__TableRow\">\n<th class=\"SpecificationsTableSingle__TableSubhead\" colspan=\"2\">\n<div class=\"SpecificationsTableSingle__TableCellInner\">AUTONOMIA BATERIEI<\/div>\n<\/th>\n<td class=\"SpecificationsTableSingle__TableValue -isSelected \" colspan=\"1\" data-product-id=\"SRS-XV500\">\n<div class=\"SpecificationsTableSingle__TableCellInner\">Aprox. 25 de ore<\/div>\n<\/td>\n<\/tr>\n<tr class=\"SpecificationsTableSingle__TableRow\">\n<th class=\"SpecificationsTableSingle__TableSubhead\" colspan=\"2\">\n<div class=\"SpecificationsTableSingle__TableCellInner\">ALIMENTARE<\/div>\n<\/th>\n<td class=\"SpecificationsTableSingle__TableValue -isSelected \" colspan=\"1\" data-product-id=\"SRS-XV500\">\n<div class=\"SpecificationsTableSingle__TableCellInner\">c.a. 120\u2013240V, 50\/60Hz,\u3000intern\u0103 re\u00eenc\u0103rcabil\u0103<\/div>\n<\/td>\n<\/tr>\n<tr class=\"SpecificationsTableSingle__TableRow\">\n<th class=\"SpecificationsTableSingle__TableSubhead\" colspan=\"2\">\n<div class=\"SpecificationsTableSingle__TableCellInner\">PORT DE ALIMENTARE USB PENTRU SMARTPHONE<\/div>\n<\/th>\n<td class=\"SpecificationsTableSingle__TableValue -isSelected \" colspan=\"1\" data-product-id=\"SRS-XV500\">\n<div class=\"SpecificationsTableSingle__TableCellInner\">Da<\/div>\n<\/td>\n<\/tr>\n<tr class=\"SpecificationsTableSingle__TableRow\">\n<th class=\"SpecificationsTableSingle__TableSubhead\" colspan=\"2\">\n<div class=\"SpecificationsTableSingle__TableCellInner\">CONSUM DE ENERGIE<\/div>\n<\/th>\n<td class=\"SpecificationsTableSingle__TableValue -isSelected \" colspan=\"1\" data-product-id=\"SRS-XV500\">\n<div class=\"SpecificationsTableSingle__TableCellInner\">Aprox. 55W<\/div>\n<\/td>\n<\/tr>\n<tr class=\"SpecificationsTableSingle__TableRow\">\n<th class=\"SpecificationsTableSingle__TableSubhead\" colspan=\"2\">\n<div class=\"SpecificationsTableSingle__TableCellInner\">PROTEC\u021aIE \u00ceMPOTRIVA APEI<\/div>\n<\/th>\n<td class=\"SpecificationsTableSingle__TableValue -isSelected \" colspan=\"1\" data-product-id=\"SRS-XV500\">\n<div class=\"SpecificationsTableSingle__TableCellInner\">IPX4<\/div>\n<\/td>\n<\/tr>\n<\/tbody>\n<\/table>\n","protected":false},"excerpt":{"rendered":"<ul>\n<li>Box\u0103 wireless puternic\u0103 pentru petrecere<\/li>\n<li>Autonomia bateriei : pana la 25 de ore<\/li>\n<li>Bluetooth : Versiune 5.2<\/li>\n<li>Codec acceptat : SBC, AAC , LDAC<\/li>\n<li>Intrare pentru microfot \/chitara : Da (6.3 mm)<\/li>\n<li>Intrare audio : Da (3.5 mm)<\/li>\n<li>Intrare USB : Da (type A)<\/li>\n<li>Greutate : Aprox .11,2 kg<\/li>\n<li>Dimensiuni : 56,4 * 26,9 *29.4 cm<\/li>\n<\/ul>\n","protected":false},"featured_media":26968,"comment_status":"open","ping_status":"closed","template":"","meta":[],"product_brand":[],"product_cat":[624],"product_tag":[],"class_list":{"0":"post-26984","1":"product","2":"type-product","3":"status-publish","4":"has-post-thumbnail","6":"product_cat-sisteme-audio-wireless","8":"first","9":"instock","10":"shipping-taxable","11":"purchasable","12":"product-type-simple"},"yoast_head":"<!-- This site is optimized with the Yoast SEO plugin v27.4 - https:\/\/yoast.com\/product\/yoast-seo-wordpress\/ -->\n<title>SONY SRSXV500 - sonycenter.md<\/title>\n<meta name=\"description\" content=\"SONY SRSXV500- aceast\u0103 box\u0103 v\u0103 ofer\u0103 sunet puternic, func\u021bie de iluminare \u00eencorporat\u0103 \u0219i o baterie cu autonomie ridicat\u0103.\" \/>\n<meta name=\"robots\" content=\"index, follow, max-snippet:-1, max-image-preview:large, max-video-preview:-1\" \/>\n<link rel=\"canonical\" href=\"https:\/\/sonycenter.md\/ro\/magazin\/sony-srsxv500\/\" \/>\n<meta property=\"og:locale\" content=\"ro_RO\" \/>\n<meta property=\"og:type\" content=\"article\" \/>\n<meta property=\"og:title\" content=\"SONY SRSXV500 - sonycenter.md\" \/>\n<meta property=\"og:description\" content=\"SONY SRSXV500- aceast\u0103 box\u0103 v\u0103 ofer\u0103 sunet puternic, func\u021bie de iluminare \u00eencorporat\u0103 \u0219i o baterie cu autonomie ridicat\u0103.\" \/>\n<meta property=\"og:url\" content=\"https:\/\/sonycenter.md\/ro\/magazin\/sony-srsxv500\/\" \/>\n<meta property=\"og:site_name\" content=\"SONY\" \/>\n<meta property=\"article:modified_time\" content=\"2025-01-03T08:51:58+00:00\" \/>\n<meta property=\"og:image\" content=\"https:\/\/sonycenter.md\/wp-content\/uploads\/2024\/04\/xv500-5.jpg\" \/>\n\t<meta property=\"og:image:width\" content=\"600\" \/>\n\t<meta property=\"og:image:height\" content=\"600\" \/>\n\t<meta property=\"og:image:type\" content=\"image\/jpeg\" \/>\n<meta name=\"twitter:card\" content=\"summary_large_image\" \/>\n<meta name=\"twitter:label1\" content=\"Est. reading time\" \/>\n\t<meta name=\"twitter:data1\" content=\"2 minutes\" \/>\n<script type=\"application\/ld+json\" class=\"yoast-schema-graph\">{\"@context\":\"https:\\\/\\\/schema.org\",\"@graph\":[{\"@type\":[\"WebPage\",\"ItemPage\"],\"@id\":\"https:\\\/\\\/sonycenter.md\\\/ro\\\/magazin\\\/sony-srsxv500\\\/\",\"url\":\"https:\\\/\\\/sonycenter.md\\\/ro\\\/magazin\\\/sony-srsxv500\\\/\",\"name\":\"SONY SRSXV500 - sonycenter.md\",\"isPartOf\":{\"@id\":\"http:\\\/\\\/sonycenter.md\\\/ro\\\/#website\"},\"primaryImageOfPage\":{\"@id\":\"https:\\\/\\\/sonycenter.md\\\/ro\\\/magazin\\\/sony-srsxv500\\\/#primaryimage\"},\"image\":{\"@id\":\"https:\\\/\\\/sonycenter.md\\\/ro\\\/magazin\\\/sony-srsxv500\\\/#primaryimage\"},\"thumbnailUrl\":\"https:\\\/\\\/sonycenter.md\\\/wp-content\\\/uploads\\\/2024\\\/04\\\/xv500-5.jpg\",\"datePublished\":\"2024-04-15T13:55:38+00:00\",\"dateModified\":\"2025-01-03T08:51:58+00:00\",\"description\":\"SONY SRSXV500- aceast\u0103 box\u0103 v\u0103 ofer\u0103 sunet puternic, func\u021bie de iluminare \u00eencorporat\u0103 \u0219i o baterie cu autonomie ridicat\u0103.\",\"breadcrumb\":{\"@id\":\"https:\\\/\\\/sonycenter.md\\\/ro\\\/magazin\\\/sony-srsxv500\\\/#breadcrumb\"},\"inLanguage\":\"ro-RO\",\"potentialAction\":[{\"@type\":\"ReadAction\",\"target\":[\"https:\\\/\\\/sonycenter.md\\\/ro\\\/magazin\\\/sony-srsxv500\\\/\"]}]},{\"@type\":\"ImageObject\",\"inLanguage\":\"ro-RO\",\"@id\":\"https:\\\/\\\/sonycenter.md\\\/ro\\\/magazin\\\/sony-srsxv500\\\/#primaryimage\",\"url\":\"https:\\\/\\\/sonycenter.md\\\/wp-content\\\/uploads\\\/2024\\\/04\\\/xv500-5.jpg\",\"contentUrl\":\"https:\\\/\\\/sonycenter.md\\\/wp-content\\\/uploads\\\/2024\\\/04\\\/xv500-5.jpg\",\"width\":600,\"height\":600,\"caption\":\"SRSXV500\"},{\"@type\":\"BreadcrumbList\",\"@id\":\"https:\\\/\\\/sonycenter.md\\\/ro\\\/magazin\\\/sony-srsxv500\\\/#breadcrumb\",\"itemListElement\":[{\"@type\":\"ListItem\",\"position\":1,\"name\":\"\u0413\u043b\u0430\u0432\u043d\u0430\u044f \u0441\u0442\u0440\u0430\u043d\u0438\u0446\u0430\",\"item\":\"https:\\\/\\\/sonycenter.md\\\/ro\\\/\"},{\"@type\":\"ListItem\",\"position\":2,\"name\":\"Magazin\",\"item\":\"https:\\\/\\\/sonycenter.md\\\/shop\\\/\"},{\"@type\":\"ListItem\",\"position\":3,\"name\":\"SRSXV500\"}]},{\"@type\":\"WebSite\",\"@id\":\"http:\\\/\\\/sonycenter.md\\\/ro\\\/#website\",\"url\":\"http:\\\/\\\/sonycenter.md\\\/ro\\\/\",\"name\":\"sonycenter.md\",\"description\":\"SONYCENTER \u00een Chi\u0219in\u0103u\",\"publisher\":{\"@id\":\"http:\\\/\\\/sonycenter.md\\\/ro\\\/#organization\"},\"potentialAction\":[{\"@type\":\"SearchAction\",\"target\":{\"@type\":\"EntryPoint\",\"urlTemplate\":\"http:\\\/\\\/sonycenter.md\\\/ro\\\/?s={search_term_string}\"},\"query-input\":{\"@type\":\"PropertyValueSpecification\",\"valueRequired\":true,\"valueName\":\"search_term_string\"}}],\"inLanguage\":\"ro-RO\"},{\"@type\":\"Organization\",\"@id\":\"http:\\\/\\\/sonycenter.md\\\/ro\\\/#organization\",\"name\":\"sonycenter.md\",\"url\":\"http:\\\/\\\/sonycenter.md\\\/ro\\\/\",\"logo\":{\"@type\":\"ImageObject\",\"inLanguage\":\"ro-RO\",\"@id\":\"http:\\\/\\\/sonycenter.md\\\/ro\\\/#\\\/schema\\\/logo\\\/image\\\/\",\"url\":\"\",\"contentUrl\":\"\",\"caption\":\"sonycenter.md\"},\"image\":{\"@id\":\"http:\\\/\\\/sonycenter.md\\\/ro\\\/#\\\/schema\\\/logo\\\/image\\\/\"}}]}<\/script>\n<!-- \/ Yoast SEO plugin. -->","yoast_head_json":{"title":"SONY SRSXV500 - sonycenter.md","description":"SONY SRSXV500- aceast\u0103 box\u0103 v\u0103 ofer\u0103 sunet puternic, func\u021bie de iluminare \u00eencorporat\u0103 \u0219i o baterie cu autonomie ridicat\u0103.","robots":{"index":"index","follow":"follow","max-snippet":"max-snippet:-1","max-image-preview":"max-image-preview:large","max-video-preview":"max-video-preview:-1"},"canonical":"https:\/\/sonycenter.md\/ro\/magazin\/sony-srsxv500\/","og_locale":"ro_RO","og_type":"article","og_title":"SONY SRSXV500 - sonycenter.md","og_description":"SONY SRSXV500- aceast\u0103 box\u0103 v\u0103 ofer\u0103 sunet puternic, func\u021bie de iluminare \u00eencorporat\u0103 \u0219i o baterie cu autonomie ridicat\u0103.","og_url":"https:\/\/sonycenter.md\/ro\/magazin\/sony-srsxv500\/","og_site_name":"SONY","article_modified_time":"2025-01-03T08:51:58+00:00","og_image":[{"width":600,"height":600,"url":"https:\/\/sonycenter.md\/wp-content\/uploads\/2024\/04\/xv500-5.jpg","type":"image\/jpeg"}],"twitter_card":"summary_large_image","twitter_misc":{"Est. reading time":"2 minutes"},"schema":{"@context":"https:\/\/schema.org","@graph":[{"@type":["WebPage","ItemPage"],"@id":"https:\/\/sonycenter.md\/ro\/magazin\/sony-srsxv500\/","url":"https:\/\/sonycenter.md\/ro\/magazin\/sony-srsxv500\/","name":"SONY SRSXV500 - sonycenter.md","isPartOf":{"@id":"https:\/\/sonycenter.md\/ro\/#website"},"primaryImageOfPage":{"@id":"https:\/\/sonycenter.md\/ro\/magazin\/sony-srsxv500\/#primaryimage"},"image":{"@id":"https:\/\/sonycenter.md\/ro\/magazin\/sony-srsxv500\/#primaryimage"},"thumbnailUrl":"https:\/\/sonycenter.md\/wp-content\/uploads\/2024\/04\/xv500-5.jpg","datePublished":"2024-04-15T13:55:38+00:00","dateModified":"2025-01-03T08:51:58+00:00","description":"SONY SRSXV500- aceast\u0103 box\u0103 v\u0103 ofer\u0103 sunet puternic, func\u021bie de iluminare \u00eencorporat\u0103 \u0219i o baterie cu autonomie ridicat\u0103.","breadcrumb":{"@id":"https:\/\/sonycenter.md\/ro\/magazin\/sony-srsxv500\/#breadcrumb"},"inLanguage":"ro-RO","potentialAction":[{"@type":"ReadAction","target":["https:\/\/sonycenter.md\/ro\/magazin\/sony-srsxv500\/"]}]},{"@type":"ImageObject","inLanguage":"ro-RO","@id":"https:\/\/sonycenter.md\/ro\/magazin\/sony-srsxv500\/#primaryimage","url":"https:\/\/sonycenter.md\/wp-content\/uploads\/2024\/04\/xv500-5.jpg","contentUrl":"https:\/\/sonycenter.md\/wp-content\/uploads\/2024\/04\/xv500-5.jpg","width":600,"height":600,"caption":"SRSXV500"},{"@type":"BreadcrumbList","@id":"https:\/\/sonycenter.md\/ro\/magazin\/sony-srsxv500\/#breadcrumb","itemListElement":[{"@type":"ListItem","position":1,"name":"\u0413\u043b\u0430\u0432\u043d\u0430\u044f \u0441\u0442\u0440\u0430\u043d\u0438\u0446\u0430","item":"https:\/\/sonycenter.md\/ro\/"},{"@type":"ListItem","position":2,"name":"Magazin","item":"https:\/\/sonycenter.md\/shop\/"},{"@type":"ListItem","position":3,"name":"SRSXV500"}]},{"@type":"WebSite","@id":"https:\/\/sonycenter.md\/ro\/#website","url":"https:\/\/sonycenter.md\/ro\/","name":"sonycenter.md","description":"SONYCENTER \u00een Chi\u0219in\u0103u","publisher":{"@id":"https:\/\/sonycenter.md\/ro\/#organization"},"potentialAction":[{"@type":"SearchAction","target":{"@type":"EntryPoint","urlTemplate":"https:\/\/sonycenter.md\/ro\/?s={search_term_string}"},"query-input":{"@type":"PropertyValueSpecification","valueRequired":true,"valueName":"search_term_string"}}],"inLanguage":"ro-RO"},{"@type":"Organization","@id":"https:\/\/sonycenter.md\/ro\/#organization","name":"sonycenter.md","url":"https:\/\/sonycenter.md\/ro\/","logo":{"@type":"ImageObject","inLanguage":"ro-RO","@id":"https:\/\/sonycenter.md\/ro\/#\/schema\/logo\/image\/","url":"","contentUrl":"","caption":"sonycenter.md"},"image":{"@id":"https:\/\/sonycenter.md\/ro\/#\/schema\/logo\/image\/"}}]}},"_links":{"self":[{"href":"https:\/\/sonycenter.md\/ro\/wp-json\/wp\/v2\/product\/26984","targetHints":{"allow":["GET"]}}],"collection":[{"href":"https:\/\/sonycenter.md\/ro\/wp-json\/wp\/v2\/product"}],"about":[{"href":"https:\/\/sonycenter.md\/ro\/wp-json\/wp\/v2\/types\/product"}],"replies":[{"embeddable":true,"href":"https:\/\/sonycenter.md\/ro\/wp-json\/wp\/v2\/comments?post=26984"}],"wp:featuredmedia":[{"embeddable":true,"href":"https:\/\/sonycenter.md\/ro\/wp-json\/wp\/v2\/media\/26968"}],"wp:attachment":[{"href":"https:\/\/sonycenter.md\/ro\/wp-json\/wp\/v2\/media?parent=26984"}],"wp:term":[{"taxonomy":"product_brand","embeddable":true,"href":"https:\/\/sonycenter.md\/ro\/wp-json\/wp\/v2\/product_brand?post=26984"},{"taxonomy":"product_cat","embeddable":true,"href":"https:\/\/sonycenter.md\/ro\/wp-json\/wp\/v2\/product_cat?post=26984"},{"taxonomy":"product_tag","embeddable":true,"href":"https:\/\/sonycenter.md\/ro\/wp-json\/wp\/v2\/product_tag?post=26984"}],"curies":[{"name":"wp","href":"https:\/\/api.w.org\/{rel}","templated":true}]}}