{"id":27072,"date":"2024-04-16T13:17:52","date_gmt":"2024-04-16T10:25:55","guid":{"rendered":"https:\/\/sonycenter.md\/?post_type=product&#038;p=27072"},"modified":"2024-04-16T13:25:56","modified_gmt":"2024-04-16T10:25:56","slug":"xsaw8","status":"publish","type":"product","link":"https:\/\/sonycenter.md\/ro\/magazin\/xsaw8\/","title":{"rendered":"XSAW8"},"content":{"rendered":"<div class=\"feature-benefits spec-single spec-multi features-benefits\">\n<section id=\"features_benefits_35607496595930691371079843\" class=\"spec-tiles-wrap container\">\n<div class=\"spec-tiles slimgrid no-grid-at-479 shuffle\">\n<div class=\"spec-tile span4 shuffle-item filtered\">\n<figure><img decoding=\"async\" class=\"iq-img\" src=\"https:\/\/www.sony.ro\/image\/4f1a9ac9ac93358452f67b0803cb732d?fmt=png-alpha&amp;wid=378\" alt=\"Ultraingenios\" data-src-phone-highres=\"\/\/www.sony.ro\/image\/4f1a9ac9ac93358452f67b0803cb732d?fmt=png-alpha&amp;wid=756\" data-src-desktop=\"\/\/www.sony.ro\/image\/4f1a9ac9ac93358452f67b0803cb732d?fmt=png-alpha&amp;wid=378\" data-src-tablet-highres=\"\/\/www.sony.ro\/image\/4f1a9ac9ac93358452f67b0803cb732d?fmt=png-alpha&amp;wid=756\" data-id=\"img_4f1a9ac9ac93358452f67b0803cb732d\" data-src-phone=\"\/\/www.sony.ro\/image\/4f1a9ac9ac93358452f67b0803cb732d?fmt=png-alpha&amp;wid=378\" data-src-tablet=\"\/\/www.sony.ro\/image\/4f1a9ac9ac93358452f67b0803cb732d?fmt=png-alpha&amp;wid=378\" data-src-desktop-highres=\"\/\/www.sony.ro\/image\/4f1a9ac9ac93358452f67b0803cb732d?fmt=png-alpha&amp;wid=756\" data-pushed=\"true\" data-current=\"\/\/www.sony.ro\/image\/4f1a9ac9ac93358452f67b0803cb732d?fmt=png-alpha&amp;wid=378\" data-hasloaded=\"true\" data-fadeonce=\"true\" \/><\/figure>\n<div class=\"tile-content\">\n<h3 class=\"t6 tile-title\">Subwoofer extrem de elegant \u0219i cu ad\u00e2ncime redus\u0103<\/h3>\n<p class=\"p3\">Nu ave\u021bi spa\u021biu pentru o incint\u0103 de subwoofer mare? Cu o ad\u00e2ncime de doar 3 1\/8&#8243; (7,8 cm), subwooferul alimentat XS-AW8 se potrive\u0219te \u00een spa\u021bii \u00eenguste din vehicul \u0219i v\u0103 ofer\u0103 un sunet puternic de bas, care va umple toat\u0103 ma\u0219ina.<\/p>\n<\/div>\n<\/div>\n<div class=\"spec-tile span4 shuffle-item filtered\">\n<figure><img decoding=\"async\" class=\"iq-img\" src=\"https:\/\/www.sony.ro\/image\/db93f11b9555ecc90a2ae618029e00b8?fmt=png-alpha&amp;wid=378\" alt=\"Driver cu design optim\" data-src-phone-highres=\"\/\/www.sony.ro\/image\/db93f11b9555ecc90a2ae618029e00b8?fmt=png-alpha&amp;wid=756\" data-src-desktop=\"\/\/www.sony.ro\/image\/db93f11b9555ecc90a2ae618029e00b8?fmt=png-alpha&amp;wid=378\" data-src-tablet-highres=\"\/\/www.sony.ro\/image\/db93f11b9555ecc90a2ae618029e00b8?fmt=png-alpha&amp;wid=756\" data-id=\"img_db93f11b9555ecc90a2ae618029e00b8\" data-src-phone=\"\/\/www.sony.ro\/image\/db93f11b9555ecc90a2ae618029e00b8?fmt=png-alpha&amp;wid=378\" data-src-tablet=\"\/\/www.sony.ro\/image\/db93f11b9555ecc90a2ae618029e00b8?fmt=png-alpha&amp;wid=378\" data-src-desktop-highres=\"\/\/www.sony.ro\/image\/db93f11b9555ecc90a2ae618029e00b8?fmt=png-alpha&amp;wid=756\" data-pushed=\"true\" data-current=\"\/\/www.sony.ro\/image\/db93f11b9555ecc90a2ae618029e00b8?fmt=png-alpha&amp;wid=378\" data-hasloaded=\"true\" data-fadeonce=\"true\" \/><\/figure>\n<div class=\"tile-content\">\n<h3 class=\"t6 tile-title\">Difuzor proiectat optim \u0219i incint\u0103 din aluminiu turnat care asigur\u0103 o rezonan\u021b\u0103 redus\u0103<\/h3>\n<p class=\"p3\">Pentru a reproduce sunetul puternic de bas \u00een ciuda dimensiunile sale compacte, carcasa sub\u021bire este combinat\u0103 cu o diafragm\u0103 unic\u0103 de subwoofer rigid\u0103. Amplificatorul \u00eencorporat integreaz\u0103 \u0219i un radiator robust, pentru a proteja difuzorul \u0219i amplificatorul, f\u0103r\u0103 a introduce vibra\u021bii nedorite \u0219i distorsiuni armonice.<\/p>\n<\/div>\n<\/div>\n<div class=\"spec-tile span4 shuffle-item filtered\">\n<figure><img decoding=\"async\" class=\"iq-img\" src=\"https:\/\/www.sony.ro\/image\/e71be8d9a60b9e667d02bf7e1a7df76a?fmt=png-alpha&amp;wid=378\" alt=\"Telecomand\u0103 cu fir inclus\u0103 \u00een pachet\" data-src-phone-highres=\"\/\/www.sony.ro\/image\/e71be8d9a60b9e667d02bf7e1a7df76a?fmt=png-alpha&amp;wid=756\" data-src-desktop=\"\/\/www.sony.ro\/image\/e71be8d9a60b9e667d02bf7e1a7df76a?fmt=png-alpha&amp;wid=378\" data-src-tablet-highres=\"\/\/www.sony.ro\/image\/e71be8d9a60b9e667d02bf7e1a7df76a?fmt=png-alpha&amp;wid=756\" data-id=\"img_e71be8d9a60b9e667d02bf7e1a7df76a\" data-src-phone=\"\/\/www.sony.ro\/image\/e71be8d9a60b9e667d02bf7e1a7df76a?fmt=png-alpha&amp;wid=378\" data-src-tablet=\"\/\/www.sony.ro\/image\/e71be8d9a60b9e667d02bf7e1a7df76a?fmt=png-alpha&amp;wid=378\" data-src-desktop-highres=\"\/\/www.sony.ro\/image\/e71be8d9a60b9e667d02bf7e1a7df76a?fmt=png-alpha&amp;wid=756\" data-pushed=\"true\" data-current=\"\/\/www.sony.ro\/image\/e71be8d9a60b9e667d02bf7e1a7df76a?fmt=png-alpha&amp;wid=378\" data-hasloaded=\"true\" data-fadeonce=\"true\" \/><\/figure>\n<div class=\"tile-content\">\n<h3 class=\"t6 tile-title\">Telecomand\u0103 cu fir inclus\u0103<\/h3>\n<p class=\"p3\">Telecomanda cu fir este inclus\u0103 \u0219i v\u0103 permite s\u0103 regla\u021bi volumul subwooferului de pe scaunul \u0219oferului.<\/p>\n<\/div>\n<\/div>\n<div class=\"spec-tile span4 shuffle-item filtered\">\n<figure><img decoding=\"async\" class=\"iq-img\" src=\"https:\/\/www.sony.ro\/image\/47dc936a855262e6f358e7e73bc4c2a9?fmt=png-alpha&amp;wid=378\" alt=\"Maximum 160 W (75 W RMS)\" data-src-phone-highres=\"\/\/www.sony.ro\/image\/47dc936a855262e6f358e7e73bc4c2a9?fmt=png-alpha&amp;wid=756\" data-src-desktop=\"\/\/www.sony.ro\/image\/47dc936a855262e6f358e7e73bc4c2a9?fmt=png-alpha&amp;wid=378\" data-src-tablet-highres=\"\/\/www.sony.ro\/image\/47dc936a855262e6f358e7e73bc4c2a9?fmt=png-alpha&amp;wid=756\" data-id=\"img_47dc936a855262e6f358e7e73bc4c2a9\" data-src-phone=\"\/\/www.sony.ro\/image\/47dc936a855262e6f358e7e73bc4c2a9?fmt=png-alpha&amp;wid=378\" data-src-tablet=\"\/\/www.sony.ro\/image\/47dc936a855262e6f358e7e73bc4c2a9?fmt=png-alpha&amp;wid=378\" data-src-desktop-highres=\"\/\/www.sony.ro\/image\/47dc936a855262e6f358e7e73bc4c2a9?fmt=png-alpha&amp;wid=756\" data-pushed=\"true\" data-current=\"\/\/www.sony.ro\/image\/47dc936a855262e6f358e7e73bc4c2a9?fmt=png-alpha&amp;wid=378\" data-hasloaded=\"true\" data-fadeonce=\"true\" \/><\/figure>\n<div class=\"tile-content\">\n<h3 class=\"t6 tile-title\">Putere de ie\u0219ire maxim\u0103 de 160 W (75 W RMS)<\/h3>\n<p class=\"p3\">Umple\u021bi ma\u0219ina cu o putere de ie\u0219ire maxim\u0103 de 160 W (75 W RMS) \u0219i un sunet de bas natural \u0219i dinamic, gra\u021bie circuitului nostru original de alimentare. Amplificatorul A\/B este proiectat pentru a oferi o putere ridicat\u0103 \u0219i un sunet natural, f\u0103r\u0103 distorsiuni, chiar \u0219i la niveluri de ie\u0219ire ridicate.<\/p>\n<\/div>\n<\/div>\n<div class=\"spec-tile span4 shuffle-item filtered\">\n<figure><img decoding=\"async\" class=\"iq-img\" src=\"https:\/\/www.sony.ro\/image\/f7b595cc177c177f26973c9d7ffa0334?fmt=png-alpha&amp;wid=378\" alt=\"Intrare de nivel ridicat\" data-src-phone-highres=\"\/\/www.sony.ro\/image\/f7b595cc177c177f26973c9d7ffa0334?fmt=png-alpha&amp;wid=756\" data-src-desktop=\"\/\/www.sony.ro\/image\/f7b595cc177c177f26973c9d7ffa0334?fmt=png-alpha&amp;wid=378\" data-src-tablet-highres=\"\/\/www.sony.ro\/image\/f7b595cc177c177f26973c9d7ffa0334?fmt=png-alpha&amp;wid=756\" data-id=\"img_f7b595cc177c177f26973c9d7ffa0334\" data-src-phone=\"\/\/www.sony.ro\/image\/f7b595cc177c177f26973c9d7ffa0334?fmt=png-alpha&amp;wid=378\" data-src-tablet=\"\/\/www.sony.ro\/image\/f7b595cc177c177f26973c9d7ffa0334?fmt=png-alpha&amp;wid=378\" data-src-desktop-highres=\"\/\/www.sony.ro\/image\/f7b595cc177c177f26973c9d7ffa0334?fmt=png-alpha&amp;wid=756\" data-pushed=\"true\" data-current=\"\/\/www.sony.ro\/image\/f7b595cc177c177f26973c9d7ffa0334?fmt=png-alpha&amp;wid=378\" data-hasloaded=\"true\" data-fadeonce=\"true\" \/><\/figure>\n<div class=\"tile-content\">\n<h3 class=\"t6 tile-title\">Intrare pentru nivel \u00eenalt\/intrare audio \u00een linie<\/h3>\n<p class=\"p3\">Ce se \u00eent\u00e2mpl\u0103 dac\u0103 utiliza\u021bi un radio din fabric\u0103 care nu are ie\u0219iri pre-amplificatoare? Pur \u0219i simplu conecta\u021bi ie\u0219irile pentru boxe ale receptorului la intr\u0103rile pentru nivel \u00eenalt. Dac\u0103 receptorul are mufe pentru amplificatoare de putere externe, conecta\u021bi-le la bornele CH1 (R) \u0219i CH2 (L). Gra\u021bie compatibilit\u0103\u021bii cu amplificatoare de putere de p\u00e2n\u0103 la 5 V, pute\u021bi utiliza o intrare audio de tensiune mai mare, pentru a v\u0103 bucura de un semnal audio clar, cu mai pu\u021bin zgomot extern.<\/p>\n<\/div>\n<\/div>\n<div class=\"spec-tile span4 shuffle-item filtered\">\n<figure><img decoding=\"async\" class=\"iq-img\" src=\"https:\/\/www.sony.ro\/image\/a2d54bbdda0b442d0ab04a6f374b3d74?fmt=png-alpha&amp;wid=378\" alt=\"Controale pe o singur\u0103 parte\" data-src-phone-highres=\"\/\/www.sony.ro\/image\/a2d54bbdda0b442d0ab04a6f374b3d74?fmt=png-alpha&amp;wid=756\" data-src-desktop=\"\/\/www.sony.ro\/image\/a2d54bbdda0b442d0ab04a6f374b3d74?fmt=png-alpha&amp;wid=378\" data-src-tablet-highres=\"\/\/www.sony.ro\/image\/a2d54bbdda0b442d0ab04a6f374b3d74?fmt=png-alpha&amp;wid=756\" data-id=\"img_a2d54bbdda0b442d0ab04a6f374b3d74\" data-src-phone=\"\/\/www.sony.ro\/image\/a2d54bbdda0b442d0ab04a6f374b3d74?fmt=png-alpha&amp;wid=378\" data-src-tablet=\"\/\/www.sony.ro\/image\/a2d54bbdda0b442d0ab04a6f374b3d74?fmt=png-alpha&amp;wid=378\" data-src-desktop-highres=\"\/\/www.sony.ro\/image\/a2d54bbdda0b442d0ab04a6f374b3d74?fmt=png-alpha&amp;wid=756\" data-pushed=\"true\" data-current=\"\/\/www.sony.ro\/image\/a2d54bbdda0b442d0ab04a6f374b3d74?fmt=png-alpha&amp;wid=378\" data-hasloaded=\"true\" data-fadeonce=\"true\" \/><\/figure>\n<div class=\"tile-content\">\n<h3 class=\"t6 tile-title\">Comenzi \u0219i conexiuni pe o singur\u0103 parte<\/h3>\n<p class=\"p3\">Conexiunile \u0219i comenzile pentru amplificator se afl\u0103 pe aceea\u0219i parte, pentru a simplifica instalarea \u0219i reglarea. Amplificatorul are un filtru trece-jos variabil, permi\u021b\u00e2nd conectarea simpl\u0103 la surse cu gam\u0103 complet\u0103, inclusiv la intr\u0103rile pentru boxe.\u00a0Un comutator v\u0103 permite s\u0103 personaliza\u021bi ie\u0219irea de faz\u0103 a subwooferului, pentru a preveni orice reducere a r\u0103spunsului basului cauzat\u0103 de anularea fazei de la alte boxe din sistemul dvs.<\/p>\n<\/div>\n<\/div>\n<\/div>\n<\/section>\n<\/div>\n<div class=\"visuallyhidden moduleTags\" data-name=\"\" data-mastername=\"\" data-lv1=\"informational\" data-lv2=\"details\"><\/div>\n<section id=\"product_details_default\" class=\"pd-module container\" aria-label=\"New section\">\n<div class=\"top grid m-grid-at-979 no-grid-at-567\">\n<h2 class=\"title l1\"><\/h2>\n<\/div>\n<\/section>\n","protected":false},"excerpt":{"rendered":"<ul>\n<li>Dimensiuni (cm) : 34.4 * 25 * 7.8<\/li>\n<li>Greutate :4.86 kg<\/li>\n<li>Dizuzor : 20 cm \/ 8&#8243;<\/li>\n<li>Gama de frecventa efectiva : 20 &#8211; 200 Hz<\/li>\n<li>Impendanta : 2+2 ohmi<\/li>\n<li>Materiale : magnet &#8211; ferita , diafragma &#8211; hartie , difuzor &#8211; cauciuc<\/li>\n<li>Putere : 160 max. \/ 75 W RMS<\/li>\n<\/ul>\n","protected":false},"featured_media":27058,"comment_status":"open","ping_status":"closed","template":"","meta":[],"product_brand":[],"product_cat":[816],"product_tag":[],"class_list":{"0":"post-27072","1":"product","2":"type-product","3":"status-publish","4":"has-post-thumbnail","6":"product_cat-difuzoare","8":"first","9":"outofstock","10":"shipping-taxable","11":"purchasable","12":"product-type-simple"},"yoast_head":"<!-- This site is optimized with the Yoast SEO plugin v26.3 - https:\/\/yoast.com\/wordpress\/plugins\/seo\/ -->\n<title>XSAW8 | sonycenter.md<\/title>\n<meta name=\"description\" content=\"\u00cembog\u0103\u021bi\u021bi experien\u021ba de ascultare \u00een ma\u0219in\u0103 cu subwooferul XS-AW8. Designul sub\u021bire permite instalarea \u00een spa\u021bii restr\u00e2nse \u0219i va umple ma\u0219ina cu o putere de ie\u0219ire maxim\u0103 de 160 W.\" \/>\n<meta name=\"robots\" content=\"index, follow, max-snippet:-1, max-image-preview:large, max-video-preview:-1\" \/>\n<link rel=\"canonical\" href=\"https:\/\/sonycenter.md\/ro\/magazin\/xsaw8\/\" \/>\n<meta property=\"og:locale\" content=\"ro_RO\" \/>\n<meta property=\"og:type\" content=\"article\" \/>\n<meta property=\"og:title\" content=\"XSAW8 | sonycenter.md\" \/>\n<meta property=\"og:description\" content=\"\u00cembog\u0103\u021bi\u021bi experien\u021ba de ascultare \u00een ma\u0219in\u0103 cu subwooferul XS-AW8. Designul sub\u021bire permite instalarea \u00een spa\u021bii restr\u00e2nse \u0219i va umple ma\u0219ina cu o putere de ie\u0219ire maxim\u0103 de 160 W.\" \/>\n<meta property=\"og:url\" content=\"https:\/\/sonycenter.md\/ro\/magazin\/xsaw8\/\" \/>\n<meta property=\"og:site_name\" content=\"SONY\" \/>\n<meta property=\"article:modified_time\" content=\"2024-04-16T10:25:56+00:00\" \/>\n<meta property=\"og:image\" content=\"https:\/\/sonycenter.md\/wp-content\/uploads\/2024\/04\/XS-AW8.jpg\" \/>\n\t<meta property=\"og:image:width\" content=\"600\" \/>\n\t<meta property=\"og:image:height\" content=\"600\" \/>\n\t<meta property=\"og:image:type\" content=\"image\/jpeg\" \/>\n<meta name=\"twitter:card\" content=\"summary_large_image\" \/>\n<meta name=\"twitter:label1\" content=\"Est. reading time\" \/>\n\t<meta name=\"twitter:data1\" content=\"4 minutes\" \/>\n<script type=\"application\/ld+json\" class=\"yoast-schema-graph\">{\"@context\":\"https:\/\/schema.org\",\"@graph\":[{\"@type\":[\"WebPage\",\"ItemPage\"],\"@id\":\"https:\/\/sonycenter.md\/ro\/magazin\/xsaw8\/\",\"url\":\"https:\/\/sonycenter.md\/ro\/magazin\/xsaw8\/\",\"name\":\"XSAW8 | sonycenter.md\",\"isPartOf\":{\"@id\":\"https:\/\/sonycenter.md\/ro\/#website\"},\"primaryImageOfPage\":{\"@id\":\"https:\/\/sonycenter.md\/ro\/magazin\/xsaw8\/#primaryimage\"},\"image\":{\"@id\":\"https:\/\/sonycenter.md\/ro\/magazin\/xsaw8\/#primaryimage\"},\"thumbnailUrl\":\"https:\/\/sonycenter.md\/wp-content\/uploads\/2024\/04\/XS-AW8.jpg\",\"datePublished\":\"2024-04-16T10:25:55+00:00\",\"dateModified\":\"2024-04-16T10:25:56+00:00\",\"description\":\"\u00cembog\u0103\u021bi\u021bi experien\u021ba de ascultare \u00een ma\u0219in\u0103 cu subwooferul XS-AW8. Designul sub\u021bire permite instalarea \u00een spa\u021bii restr\u00e2nse \u0219i va umple ma\u0219ina cu o putere de ie\u0219ire maxim\u0103 de 160 W.\",\"breadcrumb\":{\"@id\":\"https:\/\/sonycenter.md\/ro\/magazin\/xsaw8\/#breadcrumb\"},\"inLanguage\":\"ro-RO\",\"potentialAction\":[{\"@type\":\"ReadAction\",\"target\":[\"https:\/\/sonycenter.md\/ro\/magazin\/xsaw8\/\"]}]},{\"@type\":\"ImageObject\",\"inLanguage\":\"ro-RO\",\"@id\":\"https:\/\/sonycenter.md\/ro\/magazin\/xsaw8\/#primaryimage\",\"url\":\"https:\/\/sonycenter.md\/wp-content\/uploads\/2024\/04\/XS-AW8.jpg\",\"contentUrl\":\"https:\/\/sonycenter.md\/wp-content\/uploads\/2024\/04\/XS-AW8.jpg\",\"width\":600,\"height\":600,\"caption\":\"XSAW8\"},{\"@type\":\"BreadcrumbList\",\"@id\":\"https:\/\/sonycenter.md\/ro\/magazin\/xsaw8\/#breadcrumb\",\"itemListElement\":[{\"@type\":\"ListItem\",\"position\":1,\"name\":\"\u0413\u043b\u0430\u0432\u043d\u0430\u044f \u0441\u0442\u0440\u0430\u043d\u0438\u0446\u0430\",\"item\":\"https:\/\/sonycenter.md\/ro\/\"},{\"@type\":\"ListItem\",\"position\":2,\"name\":\"Magazin\",\"item\":\"https:\/\/sonycenter.md\/shop\/\"},{\"@type\":\"ListItem\",\"position\":3,\"name\":\"XSAW8\"}]},{\"@type\":\"WebSite\",\"@id\":\"https:\/\/sonycenter.md\/ro\/#website\",\"url\":\"https:\/\/sonycenter.md\/ro\/\",\"name\":\"sonycenter.md\",\"description\":\"SONYCENTER \u00een Chi\u0219in\u0103u\",\"publisher\":{\"@id\":\"https:\/\/sonycenter.md\/ro\/#organization\"},\"potentialAction\":[{\"@type\":\"SearchAction\",\"target\":{\"@type\":\"EntryPoint\",\"urlTemplate\":\"https:\/\/sonycenter.md\/ro\/?s={search_term_string}\"},\"query-input\":{\"@type\":\"PropertyValueSpecification\",\"valueRequired\":true,\"valueName\":\"search_term_string\"}}],\"inLanguage\":\"ro-RO\"},{\"@type\":\"Organization\",\"@id\":\"https:\/\/sonycenter.md\/ro\/#organization\",\"name\":\"sonycenter.md\",\"url\":\"https:\/\/sonycenter.md\/ro\/\",\"logo\":{\"@type\":\"ImageObject\",\"inLanguage\":\"ro-RO\",\"@id\":\"https:\/\/sonycenter.md\/ro\/#\/schema\/logo\/image\/\",\"url\":\"\",\"contentUrl\":\"\",\"caption\":\"sonycenter.md\"},\"image\":{\"@id\":\"https:\/\/sonycenter.md\/ro\/#\/schema\/logo\/image\/\"}}]}<\/script>\n<!-- \/ Yoast SEO plugin. -->","yoast_head_json":{"title":"XSAW8 | sonycenter.md","description":"\u00cembog\u0103\u021bi\u021bi experien\u021ba de ascultare \u00een ma\u0219in\u0103 cu subwooferul XS-AW8. Designul sub\u021bire permite instalarea \u00een spa\u021bii restr\u00e2nse \u0219i va umple ma\u0219ina cu o putere de ie\u0219ire maxim\u0103 de 160 W.","robots":{"index":"index","follow":"follow","max-snippet":"max-snippet:-1","max-image-preview":"max-image-preview:large","max-video-preview":"max-video-preview:-1"},"canonical":"https:\/\/sonycenter.md\/ro\/magazin\/xsaw8\/","og_locale":"ro_RO","og_type":"article","og_title":"XSAW8 | sonycenter.md","og_description":"\u00cembog\u0103\u021bi\u021bi experien\u021ba de ascultare \u00een ma\u0219in\u0103 cu subwooferul XS-AW8. Designul sub\u021bire permite instalarea \u00een spa\u021bii restr\u00e2nse \u0219i va umple ma\u0219ina cu o putere de ie\u0219ire maxim\u0103 de 160 W.","og_url":"https:\/\/sonycenter.md\/ro\/magazin\/xsaw8\/","og_site_name":"SONY","article_modified_time":"2024-04-16T10:25:56+00:00","og_image":[{"width":600,"height":600,"url":"https:\/\/sonycenter.md\/wp-content\/uploads\/2024\/04\/XS-AW8.jpg","type":"image\/jpeg"}],"twitter_card":"summary_large_image","twitter_misc":{"Est. reading time":"4 minutes"},"schema":{"@context":"https:\/\/schema.org","@graph":[{"@type":["WebPage","ItemPage"],"@id":"https:\/\/sonycenter.md\/ro\/magazin\/xsaw8\/","url":"https:\/\/sonycenter.md\/ro\/magazin\/xsaw8\/","name":"XSAW8 | sonycenter.md","isPartOf":{"@id":"https:\/\/sonycenter.md\/ro\/#website"},"primaryImageOfPage":{"@id":"https:\/\/sonycenter.md\/ro\/magazin\/xsaw8\/#primaryimage"},"image":{"@id":"https:\/\/sonycenter.md\/ro\/magazin\/xsaw8\/#primaryimage"},"thumbnailUrl":"https:\/\/sonycenter.md\/wp-content\/uploads\/2024\/04\/XS-AW8.jpg","datePublished":"2024-04-16T10:25:55+00:00","dateModified":"2024-04-16T10:25:56+00:00","description":"\u00cembog\u0103\u021bi\u021bi experien\u021ba de ascultare \u00een ma\u0219in\u0103 cu subwooferul XS-AW8. Designul sub\u021bire permite instalarea \u00een spa\u021bii restr\u00e2nse \u0219i va umple ma\u0219ina cu o putere de ie\u0219ire maxim\u0103 de 160 W.","breadcrumb":{"@id":"https:\/\/sonycenter.md\/ro\/magazin\/xsaw8\/#breadcrumb"},"inLanguage":"ro-RO","potentialAction":[{"@type":"ReadAction","target":["https:\/\/sonycenter.md\/ro\/magazin\/xsaw8\/"]}]},{"@type":"ImageObject","inLanguage":"ro-RO","@id":"https:\/\/sonycenter.md\/ro\/magazin\/xsaw8\/#primaryimage","url":"https:\/\/sonycenter.md\/wp-content\/uploads\/2024\/04\/XS-AW8.jpg","contentUrl":"https:\/\/sonycenter.md\/wp-content\/uploads\/2024\/04\/XS-AW8.jpg","width":600,"height":600,"caption":"XSAW8"},{"@type":"BreadcrumbList","@id":"https:\/\/sonycenter.md\/ro\/magazin\/xsaw8\/#breadcrumb","itemListElement":[{"@type":"ListItem","position":1,"name":"\u0413\u043b\u0430\u0432\u043d\u0430\u044f \u0441\u0442\u0440\u0430\u043d\u0438\u0446\u0430","item":"https:\/\/sonycenter.md\/ro\/"},{"@type":"ListItem","position":2,"name":"Magazin","item":"https:\/\/sonycenter.md\/shop\/"},{"@type":"ListItem","position":3,"name":"XSAW8"}]},{"@type":"WebSite","@id":"https:\/\/sonycenter.md\/ro\/#website","url":"https:\/\/sonycenter.md\/ro\/","name":"sonycenter.md","description":"SONYCENTER \u00een Chi\u0219in\u0103u","publisher":{"@id":"https:\/\/sonycenter.md\/ro\/#organization"},"potentialAction":[{"@type":"SearchAction","target":{"@type":"EntryPoint","urlTemplate":"https:\/\/sonycenter.md\/ro\/?s={search_term_string}"},"query-input":{"@type":"PropertyValueSpecification","valueRequired":true,"valueName":"search_term_string"}}],"inLanguage":"ro-RO"},{"@type":"Organization","@id":"https:\/\/sonycenter.md\/ro\/#organization","name":"sonycenter.md","url":"https:\/\/sonycenter.md\/ro\/","logo":{"@type":"ImageObject","inLanguage":"ro-RO","@id":"https:\/\/sonycenter.md\/ro\/#\/schema\/logo\/image\/","url":"","contentUrl":"","caption":"sonycenter.md"},"image":{"@id":"https:\/\/sonycenter.md\/ro\/#\/schema\/logo\/image\/"}}]}},"_links":{"self":[{"href":"https:\/\/sonycenter.md\/ro\/wp-json\/wp\/v2\/product\/27072","targetHints":{"allow":["GET"]}}],"collection":[{"href":"https:\/\/sonycenter.md\/ro\/wp-json\/wp\/v2\/product"}],"about":[{"href":"https:\/\/sonycenter.md\/ro\/wp-json\/wp\/v2\/types\/product"}],"replies":[{"embeddable":true,"href":"https:\/\/sonycenter.md\/ro\/wp-json\/wp\/v2\/comments?post=27072"}],"wp:featuredmedia":[{"embeddable":true,"href":"https:\/\/sonycenter.md\/ro\/wp-json\/wp\/v2\/media\/27058"}],"wp:attachment":[{"href":"https:\/\/sonycenter.md\/ro\/wp-json\/wp\/v2\/media?parent=27072"}],"wp:term":[{"taxonomy":"product_brand","embeddable":true,"href":"https:\/\/sonycenter.md\/ro\/wp-json\/wp\/v2\/product_brand?post=27072"},{"taxonomy":"product_cat","embeddable":true,"href":"https:\/\/sonycenter.md\/ro\/wp-json\/wp\/v2\/product_cat?post=27072"},{"taxonomy":"product_tag","embeddable":true,"href":"https:\/\/sonycenter.md\/ro\/wp-json\/wp\/v2\/product_tag?post=27072"}],"curies":[{"name":"wp","href":"https:\/\/api.w.org\/{rel}","templated":true}]}}