{"id":27211,"date":"2024-05-18T10:46:34","date_gmt":"2024-05-18T07:46:34","guid":{"rendered":"https:\/\/sonycenter.md\/?post_type=product&#038;p=27211"},"modified":"2025-12-01T11:04:13","modified_gmt":"2025-12-01T09:04:13","slug":"sony-bravia-theatre-quad-hta9m2","status":"publish","type":"product","link":"https:\/\/sonycenter.md\/ro\/magazin\/sony-bravia-theatre-quad-hta9m2\/","title":{"rendered":"BRAVIA Theatre Quad (HTA9M2)"},"content":{"rendered":"<p><span style=\"font-size: 75%; color: #ffffff;\">SONY BRAVIA Theatre Quad (HTA9M2)<\/span><\/p>\n<p><iframe loading=\"lazy\" title=\"YouTube video player\" src=\"https:\/\/www.youtube.com\/embed\/BHqwLJjfL1w?si=VogE76nANMjucNNh\" width=\"900\" height=\"500\" frameborder=\"0\" allowfullscreen=\"allowfullscreen\"><span data-mce-type=\"bookmark\" style=\"display: inline-block; width: 0px; overflow: hidden; line-height: 0;\" class=\"mce_SELRES_start\">\ufeff<\/span><\/iframe><\/p>\n<table style=\"height: 2071px;\" width=\"904\">\n<tbody>\n<tr>\n<td width=\"306\"><strong>MODEL<\/strong><\/td>\n<td width=\"306\"><a href=\"https:\/\/www.sony.ro\/home-theatre-sound-bars\/products\/bravia-theatre-quad\">BRAVIA Theatre Quad (HTA9M2)<\/a><\/td>\n<\/tr>\n<tr>\n<td><strong>CON\u021aINUTUL CUTIEI<\/strong><\/td>\n<td>Adaptor c.a.<br \/>\nBaterii pentru telecomand\u0103<br \/>\nCablu HDMI<br \/>\nCablu mod box\u0103 central\u0103 televizor<br \/>\nGhid de configurare rapid\u0103Cablu de alimentare c.a.<br \/>\nGhid de referin\u0163\u0103<br \/>\nStativ de mas\u0103<br \/>\nSuport de montare pe perete<br \/>\nTelecomand\u0103<\/td>\n<\/tr>\n<tr>\n<td style=\"text-align: center;\" colspan=\"2\"><strong>Dimensiuni \u0219i greutate<\/strong><\/td>\n<\/tr>\n<tr>\n<td><strong>BOX\u0102 CU STATIV DE MAS\u0102 INCLUS (L X \u00ce X A) (MM)<\/strong><\/td>\n<td>289mm x 306mm x 129mm<\/td>\n<\/tr>\n<tr>\n<td><strong>BOX\u0102 CU SUPORT DE PERETE INCLUS (L X \u00ce X A) (MM)<\/strong><\/td>\n<td>289mm x 279mm x 73mm<\/td>\n<\/tr>\n<tr>\n<td><strong>BOX\u0102 CU STATIV DE MAS\u0102 INCLUS (KG)<\/strong><\/td>\n<td>2,6 kg<\/td>\n<\/tr>\n<tr>\n<td><strong>BOX\u0102 CU SUPORT DE PERETE INCLUS (KG)<\/strong><\/td>\n<td>2,7 kg<\/td>\n<\/tr>\n<tr>\n<td><strong>CASET\u0102 DE CONTROL (L X \u00ce X A) (MM)<\/strong><\/td>\n<td>160mm x 56mm x 160mm<\/td>\n<\/tr>\n<tr>\n<td><strong>CASET\u0102 DE CONTROL (KG)<\/strong><\/td>\n<td>0,77kg<\/td>\n<\/tr>\n<tr>\n<td style=\"text-align: center;\" colspan=\"2\"><strong>Amplificator<\/strong><\/td>\n<\/tr>\n<tr>\n<td><strong>TIP AMPLIFICATOR<\/strong><\/td>\n<td>Amplificator digital, S-Master HX<\/td>\n<\/tr>\n<tr>\n<td><strong>CANALE AMPLIFICATOR<\/strong><\/td>\n<td>16 canale (4 canale x 4)<\/td>\n<\/tr>\n<tr>\n<td><strong>PUTERE DE IE\u015eIRE (TOTAL\u0102)<\/strong><\/td>\n<td>504W<\/td>\n<\/tr>\n<tr>\n<td style=\"text-align: center;\" colspan=\"2\"><strong>Interfa\u0163\u0103<\/strong><\/td>\n<\/tr>\n<tr>\n<td><strong>TERMINALE DE INTRARE \u015eI IE\u015eIRE<\/strong><\/td>\n<td>Ethernet, S-Center Out<\/td>\n<\/tr>\n<tr>\n<td><strong>WI-FI<\/strong><\/td>\n<td>Da<\/td>\n<\/tr>\n<tr>\n<td><strong>VERSIUNE IEEE802.11<\/strong><\/td>\n<td>a\/b\/g\/n\/ac<\/td>\n<\/tr>\n<tr>\n<td><strong>VERSIUNE BLUETOOTH\u00ae<\/strong><\/td>\n<td>Bluetooth\u00ae\u00a0versiunea 5.2<\/td>\n<\/tr>\n<tr>\n<td><strong>PROFILURI COMPATIBILE BLUETOOTH\u00ae<\/strong><\/td>\n<td>A2DP, AVRCP<\/td>\n<\/tr>\n<tr>\n<td><strong>CODECURI ACCEPTATE BLUETOOTH\u00ae<\/strong><\/td>\n<td>SBC, AAC, LDAC<\/td>\n<\/tr>\n<tr>\n<td style=\"text-align: center;\" colspan=\"2\"><strong>HDMI\u00ae<\/strong><\/td>\n<\/tr>\n<tr>\n<td><strong>NUM\u0102R DE INTR\u0102RI\/IE\u0218IRI<\/strong><\/td>\n<td>Intrare\/Ie\u0219ire: 1\/1<\/td>\n<\/tr>\n<tr>\n<td><strong>EARC<\/strong><\/td>\n<td>Da<\/td>\n<\/tr>\n<tr>\n<td><strong>4K\/60P\/YUV4:4:4<\/strong><\/td>\n<td>Da<\/td>\n<\/tr>\n<tr>\n<td><strong>HDR<\/strong><\/td>\n<td>Da<\/td>\n<\/tr>\n<tr>\n<td><strong>COMPATIBIL DOLBY VISION\u2122<\/strong><\/td>\n<td>Da<\/td>\n<\/tr>\n<tr>\n<td><strong>HLG (HYBRID LOG GAMMA)<\/strong><\/td>\n<td>Da<\/td>\n<\/tr>\n<tr>\n<td><strong>HDCP2.2<\/strong><\/td>\n<td>Da<\/td>\n<\/tr>\n<tr>\n<td><strong>VRR (TAUX DE RAFRA\u00ceCHISSEMENT VARIABLE)<\/strong><\/td>\n<td>Da<\/td>\n<\/tr>\n<tr>\n<td><strong>ALLM (MOD LATEN\u021a\u0102 REDUS\u0102 AUTOMAT)<\/strong><\/td>\n<td>Da<\/td>\n<\/tr>\n<tr>\n<td><strong>DSC (COMPRESIE STREAM ECRAN)<\/strong><\/td>\n<td>Da<\/td>\n<\/tr>\n<tr>\n<td><strong>SBTM (MAPAREA TONURILOR \u00ceN FUNC\u021aIE DE SURS\u0102)<\/strong><\/td>\n<td>Da<\/td>\n<\/tr>\n<tr>\n<td><strong>BRAVIA SYNC<\/strong><\/td>\n<td>Da<\/td>\n<\/tr>\n<tr>\n<td><strong>HDMI\u00ae CEC<\/strong><\/td>\n<td>Da<\/td>\n<\/tr>\n<tr>\n<td style=\"text-align: center;\" colspan=\"2\"><strong>Formate audio<\/strong><\/td>\n<\/tr>\n<tr>\n<td><strong>360 REALITY AUDIO<\/strong><\/td>\n<td>Da<\/td>\n<\/tr>\n<tr>\n<td><strong>SUNET DE \u00ceNALT\u0102 REZOLU\u021aIE<\/strong><\/td>\n<td>Da<\/td>\n<\/tr>\n<tr>\n<td><strong>INTRARE HDMI\u00ae<\/strong><\/td>\n<td>Dolby Digital, Dolby Digital Plus, Dolby TrueHD, Dolby Atmos, Dolby Dual mono, DTS, DTS HD High Resolution Audio, DTS HD Master Audio, DTS ES, DTS 96\/24, DTS: X, LPCM, 360 Reality Audio<\/td>\n<\/tr>\n<tr>\n<td><strong>HDMI EARC<\/strong><\/td>\n<td>Dolby Digital, Dolby Digital Plus, Dolby TrueHD, Dolby Atmos, Dolby Dual mono, DTS, DTS HD High Resolution Audio, DTS HD Master Audio, DTS ES, DTS 96\/24, DTS: X, LPCM<\/td>\n<\/tr>\n<tr>\n<td><strong>COMUNICA\u021aIE BLUETOOTH\u00ae (RECEPTOR)<\/strong><\/td>\n<td>SBC, AAC, LDAC<\/td>\n<\/tr>\n<tr>\n<td style=\"text-align: center;\" colspan=\"2\"><strong>Func\u021bie Sunet<\/strong><\/td>\n<\/tr>\n<tr>\n<td><strong>MOD DE SUNET<\/strong><\/td>\n<td>C\u00e2mp de sunet (ON\/OFF)<\/td>\n<\/tr>\n<tr>\n<td><strong>EFECT DE SUNET<\/strong><\/td>\n<td>Mod nocturn, Mod voce<\/td>\n<\/tr>\n<tr>\n<td><strong>TEHNOLOGIE SURROUND VIRTUAL\u0102<\/strong><\/td>\n<td>360 Spatial Sound Mapping<\/td>\n<\/tr>\n<tr>\n<td><strong>TEHNOLOGIE \u00ceMBUN\u0102T\u0102\u021aIRE SUNET<\/strong><\/td>\n<td>DSEE Ultimate<\/td>\n<\/tr>\n<tr>\n<td style=\"text-align: center;\" colspan=\"2\"><strong>Configura\u021bie box\u0103<\/strong><\/td>\n<\/tr>\n<tr>\n<td><strong>STRUCTUR\u0102 BOX\u0102<\/strong><\/td>\n<td>4.0.4 canale (16 difuzoare)<\/td>\n<\/tr>\n<tr>\n<td style=\"text-align: center;\" colspan=\"2\"><strong>Func\u021bie Re\u021bea<\/strong><\/td>\n<\/tr>\n<tr>\n<td><strong>FUNC\u021aIE RE\u021aEA<\/strong><\/td>\n<td>Spotify Connect, AirPlay<\/td>\n<\/tr>\n<tr>\n<td style=\"text-align: center;\" colspan=\"2\"><strong>Aplica\u0163ie<\/strong><\/td>\n<\/tr>\n<tr>\n<td><strong>SONY | BRAVIA CONNECT<\/strong><\/td>\n<td>Da<\/td>\n<\/tr>\n<tr>\n<td style=\"text-align: center;\" colspan=\"2\"><strong>Func\u021bioneaz\u0103 Cu Bravia<\/strong><\/td>\n<\/tr>\n<tr>\n<td><strong>FUNC\u021aIONEAZ\u0102 CU BRAVIA<\/strong><\/td>\n<td>Acoustic Center Sync, Meniu Set\u0103ri rapide, Voice Zoom 3\u2122<\/td>\n<\/tr>\n<tr>\n<td style=\"text-align: center;\" colspan=\"2\"><strong>Func\u021bii pentru \u200bPlayStation\u00ae5<\/strong><\/td>\n<\/tr>\n<tr>\n<td><strong>COMPATIBILITATE CU MAPARE AUTOMAT\u0102 A TONURILOR HDR (TRECERE DIRECT\u0102)<\/strong><\/td>\n<td>Da<\/td>\n<\/tr>\n<tr>\n<td><strong>COMPATIBILITATE CU MOD DE IMAGINE CU DETECTARE AUTOMAT\u0102 A GENULUI (TRECERE DIRECT\u0102)<\/strong><\/td>\n<td>Da<\/td>\n<\/tr>\n<\/tbody>\n<\/table>\n","protected":false},"excerpt":{"rendered":"<ul>\n<li>BRAVIA Theatre Quad &#8211; Sistem Home Theatre v\u00e2rf de gam\u0103<\/li>\n<li>Putere de ie\u0219ire total\u0103 : 504 W<\/li>\n<li>Boxe \u0219i canale : 16 canale ( 4 canale *4 boxe)<\/li>\n<li>Bluetooth : Versiunea 5.2<\/li>\n<li>Codecuri audio Bluetooth acceptate: SBC,AAC,LDAC<\/li>\n<li>Wi-Fi \/ Ethernet: Da<\/li>\n<\/ul>\n","protected":false},"featured_media":27173,"comment_status":"open","ping_status":"closed","template":"","meta":[],"product_brand":[],"product_cat":[620],"product_tag":[],"class_list":{"0":"post-27211","1":"product","2":"type-product","3":"status-publish","4":"has-post-thumbnail","6":"product_cat-home-cinema","8":"first","9":"instock","10":"sale","11":"shipping-taxable","12":"purchasable","13":"product-type-simple"},"yoast_head":"<!-- This site is optimized with the Yoast SEO plugin v27.4 - https:\/\/yoast.com\/product\/yoast-seo-wordpress\/ -->\n<title>SONY BRAVIA Theatre Quad - sonycenter.md<\/title>\n<meta name=\"description\" content=\"SONY BRAVIA Theatre Quad (HTA9M2) - Cu patru boxe wireless \u0219i 360 Spatial Sound Mapping, sistemul Home Theatre v\u0103 aduce sunetul de cinematograf acas\u0103.\" \/>\n<meta name=\"robots\" content=\"index, follow, max-snippet:-1, max-image-preview:large, max-video-preview:-1\" \/>\n<link rel=\"canonical\" href=\"https:\/\/sonycenter.md\/ro\/magazin\/sony-bravia-theatre-quad-hta9m2\/\" \/>\n<meta property=\"og:locale\" content=\"ro_RO\" \/>\n<meta property=\"og:type\" content=\"article\" \/>\n<meta property=\"og:title\" content=\"SONY BRAVIA Theatre Quad - sonycenter.md\" \/>\n<meta property=\"og:description\" content=\"SONY BRAVIA Theatre Quad (HTA9M2) - Cu patru boxe wireless \u0219i 360 Spatial Sound Mapping, sistemul Home Theatre v\u0103 aduce sunetul de cinematograf acas\u0103.\" \/>\n<meta property=\"og:url\" content=\"https:\/\/sonycenter.md\/ro\/magazin\/sony-bravia-theatre-quad-hta9m2\/\" \/>\n<meta property=\"og:site_name\" content=\"SONY\" \/>\n<meta property=\"article:modified_time\" content=\"2025-12-01T09:04:13+00:00\" \/>\n<meta property=\"og:image\" content=\"https:\/\/sonycenter.md\/wp-content\/uploads\/2024\/05\/Theater-Quad.jpg\" \/>\n\t<meta property=\"og:image:width\" content=\"600\" \/>\n\t<meta property=\"og:image:height\" content=\"600\" \/>\n\t<meta property=\"og:image:type\" content=\"image\/jpeg\" \/>\n<meta name=\"twitter:card\" content=\"summary_large_image\" \/>\n<meta name=\"twitter:label1\" content=\"Est. reading time\" \/>\n\t<meta name=\"twitter:data1\" content=\"3 minutes\" \/>\n<script type=\"application\/ld+json\" class=\"yoast-schema-graph\">{\"@context\":\"https:\\\/\\\/schema.org\",\"@graph\":[{\"@type\":[\"WebPage\",\"ItemPage\"],\"@id\":\"https:\\\/\\\/sonycenter.md\\\/ro\\\/magazin\\\/sony-bravia-theatre-quad-hta9m2\\\/\",\"url\":\"https:\\\/\\\/sonycenter.md\\\/ro\\\/magazin\\\/sony-bravia-theatre-quad-hta9m2\\\/\",\"name\":\"SONY BRAVIA Theatre Quad - sonycenter.md\",\"isPartOf\":{\"@id\":\"http:\\\/\\\/sonycenter.md\\\/ro\\\/#website\"},\"primaryImageOfPage\":{\"@id\":\"https:\\\/\\\/sonycenter.md\\\/ro\\\/magazin\\\/sony-bravia-theatre-quad-hta9m2\\\/#primaryimage\"},\"image\":{\"@id\":\"https:\\\/\\\/sonycenter.md\\\/ro\\\/magazin\\\/sony-bravia-theatre-quad-hta9m2\\\/#primaryimage\"},\"thumbnailUrl\":\"https:\\\/\\\/sonycenter.md\\\/wp-content\\\/uploads\\\/2024\\\/05\\\/Theater-Quad.jpg\",\"datePublished\":\"2024-05-18T07:46:34+00:00\",\"dateModified\":\"2025-12-01T09:04:13+00:00\",\"description\":\"SONY BRAVIA Theatre Quad (HTA9M2) - Cu patru boxe wireless \u0219i 360 Spatial Sound Mapping, sistemul Home Theatre v\u0103 aduce sunetul de cinematograf acas\u0103.\",\"breadcrumb\":{\"@id\":\"https:\\\/\\\/sonycenter.md\\\/ro\\\/magazin\\\/sony-bravia-theatre-quad-hta9m2\\\/#breadcrumb\"},\"inLanguage\":\"ro-RO\",\"potentialAction\":[{\"@type\":\"ReadAction\",\"target\":[\"https:\\\/\\\/sonycenter.md\\\/ro\\\/magazin\\\/sony-bravia-theatre-quad-hta9m2\\\/\"]}]},{\"@type\":\"ImageObject\",\"inLanguage\":\"ro-RO\",\"@id\":\"https:\\\/\\\/sonycenter.md\\\/ro\\\/magazin\\\/sony-bravia-theatre-quad-hta9m2\\\/#primaryimage\",\"url\":\"https:\\\/\\\/sonycenter.md\\\/wp-content\\\/uploads\\\/2024\\\/05\\\/Theater-Quad.jpg\",\"contentUrl\":\"https:\\\/\\\/sonycenter.md\\\/wp-content\\\/uploads\\\/2024\\\/05\\\/Theater-Quad.jpg\",\"width\":600,\"height\":600,\"caption\":\"BRAVIA Theatre Quad (HTA9M2)\"},{\"@type\":\"BreadcrumbList\",\"@id\":\"https:\\\/\\\/sonycenter.md\\\/ro\\\/magazin\\\/sony-bravia-theatre-quad-hta9m2\\\/#breadcrumb\",\"itemListElement\":[{\"@type\":\"ListItem\",\"position\":1,\"name\":\"\u0413\u043b\u0430\u0432\u043d\u0430\u044f \u0441\u0442\u0440\u0430\u043d\u0438\u0446\u0430\",\"item\":\"https:\\\/\\\/sonycenter.md\\\/ro\\\/\"},{\"@type\":\"ListItem\",\"position\":2,\"name\":\"Magazin\",\"item\":\"https:\\\/\\\/sonycenter.md\\\/shop\\\/\"},{\"@type\":\"ListItem\",\"position\":3,\"name\":\"BRAVIA Theatre Quad (HTA9M2)\"}]},{\"@type\":\"WebSite\",\"@id\":\"http:\\\/\\\/sonycenter.md\\\/ro\\\/#website\",\"url\":\"http:\\\/\\\/sonycenter.md\\\/ro\\\/\",\"name\":\"sonycenter.md\",\"description\":\"SONYCENTER \u00een Chi\u0219in\u0103u\",\"publisher\":{\"@id\":\"http:\\\/\\\/sonycenter.md\\\/ro\\\/#organization\"},\"potentialAction\":[{\"@type\":\"SearchAction\",\"target\":{\"@type\":\"EntryPoint\",\"urlTemplate\":\"http:\\\/\\\/sonycenter.md\\\/ro\\\/?s={search_term_string}\"},\"query-input\":{\"@type\":\"PropertyValueSpecification\",\"valueRequired\":true,\"valueName\":\"search_term_string\"}}],\"inLanguage\":\"ro-RO\"},{\"@type\":\"Organization\",\"@id\":\"http:\\\/\\\/sonycenter.md\\\/ro\\\/#organization\",\"name\":\"sonycenter.md\",\"url\":\"http:\\\/\\\/sonycenter.md\\\/ro\\\/\",\"logo\":{\"@type\":\"ImageObject\",\"inLanguage\":\"ro-RO\",\"@id\":\"http:\\\/\\\/sonycenter.md\\\/ro\\\/#\\\/schema\\\/logo\\\/image\\\/\",\"url\":\"\",\"contentUrl\":\"\",\"caption\":\"sonycenter.md\"},\"image\":{\"@id\":\"http:\\\/\\\/sonycenter.md\\\/ro\\\/#\\\/schema\\\/logo\\\/image\\\/\"}}]}<\/script>\n<!-- \/ Yoast SEO plugin. -->","yoast_head_json":{"title":"SONY BRAVIA Theatre Quad - sonycenter.md","description":"SONY BRAVIA Theatre Quad (HTA9M2) - Cu patru boxe wireless \u0219i 360 Spatial Sound Mapping, sistemul Home Theatre v\u0103 aduce sunetul de cinematograf acas\u0103.","robots":{"index":"index","follow":"follow","max-snippet":"max-snippet:-1","max-image-preview":"max-image-preview:large","max-video-preview":"max-video-preview:-1"},"canonical":"https:\/\/sonycenter.md\/ro\/magazin\/sony-bravia-theatre-quad-hta9m2\/","og_locale":"ro_RO","og_type":"article","og_title":"SONY BRAVIA Theatre Quad - sonycenter.md","og_description":"SONY BRAVIA Theatre Quad (HTA9M2) - Cu patru boxe wireless \u0219i 360 Spatial Sound Mapping, sistemul Home Theatre v\u0103 aduce sunetul de cinematograf acas\u0103.","og_url":"https:\/\/sonycenter.md\/ro\/magazin\/sony-bravia-theatre-quad-hta9m2\/","og_site_name":"SONY","article_modified_time":"2025-12-01T09:04:13+00:00","og_image":[{"width":600,"height":600,"url":"https:\/\/sonycenter.md\/wp-content\/uploads\/2024\/05\/Theater-Quad.jpg","type":"image\/jpeg"}],"twitter_card":"summary_large_image","twitter_misc":{"Est. reading time":"3 minutes"},"schema":{"@context":"https:\/\/schema.org","@graph":[{"@type":["WebPage","ItemPage"],"@id":"https:\/\/sonycenter.md\/ro\/magazin\/sony-bravia-theatre-quad-hta9m2\/","url":"https:\/\/sonycenter.md\/ro\/magazin\/sony-bravia-theatre-quad-hta9m2\/","name":"SONY BRAVIA Theatre Quad - sonycenter.md","isPartOf":{"@id":"https:\/\/sonycenter.md\/ro\/#website"},"primaryImageOfPage":{"@id":"https:\/\/sonycenter.md\/ro\/magazin\/sony-bravia-theatre-quad-hta9m2\/#primaryimage"},"image":{"@id":"https:\/\/sonycenter.md\/ro\/magazin\/sony-bravia-theatre-quad-hta9m2\/#primaryimage"},"thumbnailUrl":"https:\/\/sonycenter.md\/wp-content\/uploads\/2024\/05\/Theater-Quad.jpg","datePublished":"2024-05-18T07:46:34+00:00","dateModified":"2025-12-01T09:04:13+00:00","description":"SONY BRAVIA Theatre Quad (HTA9M2) - Cu patru boxe wireless \u0219i 360 Spatial Sound Mapping, sistemul Home Theatre v\u0103 aduce sunetul de cinematograf acas\u0103.","breadcrumb":{"@id":"https:\/\/sonycenter.md\/ro\/magazin\/sony-bravia-theatre-quad-hta9m2\/#breadcrumb"},"inLanguage":"ro-RO","potentialAction":[{"@type":"ReadAction","target":["https:\/\/sonycenter.md\/ro\/magazin\/sony-bravia-theatre-quad-hta9m2\/"]}]},{"@type":"ImageObject","inLanguage":"ro-RO","@id":"https:\/\/sonycenter.md\/ro\/magazin\/sony-bravia-theatre-quad-hta9m2\/#primaryimage","url":"https:\/\/sonycenter.md\/wp-content\/uploads\/2024\/05\/Theater-Quad.jpg","contentUrl":"https:\/\/sonycenter.md\/wp-content\/uploads\/2024\/05\/Theater-Quad.jpg","width":600,"height":600,"caption":"BRAVIA Theatre Quad (HTA9M2)"},{"@type":"BreadcrumbList","@id":"https:\/\/sonycenter.md\/ro\/magazin\/sony-bravia-theatre-quad-hta9m2\/#breadcrumb","itemListElement":[{"@type":"ListItem","position":1,"name":"\u0413\u043b\u0430\u0432\u043d\u0430\u044f \u0441\u0442\u0440\u0430\u043d\u0438\u0446\u0430","item":"https:\/\/sonycenter.md\/ro\/"},{"@type":"ListItem","position":2,"name":"Magazin","item":"https:\/\/sonycenter.md\/shop\/"},{"@type":"ListItem","position":3,"name":"BRAVIA Theatre Quad (HTA9M2)"}]},{"@type":"WebSite","@id":"https:\/\/sonycenter.md\/ro\/#website","url":"https:\/\/sonycenter.md\/ro\/","name":"sonycenter.md","description":"SONYCENTER \u00een Chi\u0219in\u0103u","publisher":{"@id":"https:\/\/sonycenter.md\/ro\/#organization"},"potentialAction":[{"@type":"SearchAction","target":{"@type":"EntryPoint","urlTemplate":"https:\/\/sonycenter.md\/ro\/?s={search_term_string}"},"query-input":{"@type":"PropertyValueSpecification","valueRequired":true,"valueName":"search_term_string"}}],"inLanguage":"ro-RO"},{"@type":"Organization","@id":"https:\/\/sonycenter.md\/ro\/#organization","name":"sonycenter.md","url":"https:\/\/sonycenter.md\/ro\/","logo":{"@type":"ImageObject","inLanguage":"ro-RO","@id":"https:\/\/sonycenter.md\/ro\/#\/schema\/logo\/image\/","url":"","contentUrl":"","caption":"sonycenter.md"},"image":{"@id":"https:\/\/sonycenter.md\/ro\/#\/schema\/logo\/image\/"}}]}},"_links":{"self":[{"href":"https:\/\/sonycenter.md\/ro\/wp-json\/wp\/v2\/product\/27211","targetHints":{"allow":["GET"]}}],"collection":[{"href":"https:\/\/sonycenter.md\/ro\/wp-json\/wp\/v2\/product"}],"about":[{"href":"https:\/\/sonycenter.md\/ro\/wp-json\/wp\/v2\/types\/product"}],"replies":[{"embeddable":true,"href":"https:\/\/sonycenter.md\/ro\/wp-json\/wp\/v2\/comments?post=27211"}],"wp:featuredmedia":[{"embeddable":true,"href":"https:\/\/sonycenter.md\/ro\/wp-json\/wp\/v2\/media\/27173"}],"wp:attachment":[{"href":"https:\/\/sonycenter.md\/ro\/wp-json\/wp\/v2\/media?parent=27211"}],"wp:term":[{"taxonomy":"product_brand","embeddable":true,"href":"https:\/\/sonycenter.md\/ro\/wp-json\/wp\/v2\/product_brand?post=27211"},{"taxonomy":"product_cat","embeddable":true,"href":"https:\/\/sonycenter.md\/ro\/wp-json\/wp\/v2\/product_cat?post=27211"},{"taxonomy":"product_tag","embeddable":true,"href":"https:\/\/sonycenter.md\/ro\/wp-json\/wp\/v2\/product_tag?post=27211"}],"curies":[{"name":"wp","href":"https:\/\/api.w.org\/{rel}","templated":true}]}}