{"id":27298,"date":"2024-05-18T13:50:14","date_gmt":"2024-05-18T10:50:14","guid":{"rendered":"https:\/\/sonycenter.md\/?post_type=product&#038;p=27298"},"modified":"2026-04-06T16:47:42","modified_gmt":"2026-04-06T13:47:42","slug":"bravia-theatre-bar-8-hta8000","status":"publish","type":"product","link":"https:\/\/sonycenter.md\/ro\/magazin\/bravia-theatre-bar-8-hta8000\/","title":{"rendered":"BRAVIA Theatre Bar 8 (HTA8000)"},"content":{"rendered":"<p><span style=\"font-size: 75%; color: #ffffff;\">SONY BRAVIA Theatre Bar 8 (HTA8000)<\/span><br \/>\n<iframe loading=\"lazy\" title=\"YouTube video player\" src=\"https:\/\/www.youtube.com\/embed\/2j6GUhptEM0?si=R6amdWDKcSGA6d3g\" width=\"900\" height=\"500\" frameborder=\"0\" allowfullscreen=\"allowfullscreen\"><span data-mce-type=\"bookmark\" style=\"display: inline-block; width: 0px; overflow: hidden; line-height: 0;\" class=\"mce_SELRES_start\">\ufeff<\/span><\/iframe><\/p>\n<table style=\"height: 1679px;\" width=\"901\">\n<tbody>\n<tr>\n<td width=\"294\"><strong>DENUMIREA<\/strong><\/td>\n<td width=\"294\">SONY BRAVIA Theatre Bar 8<\/td>\n<\/tr>\n<tr>\n<td><strong>CON\u021aINUTUL CUTIEI<\/strong><\/td>\n<td>Baterii pentru telecomand\u0103<br \/>\nCablu HDMI<br \/>\nCablu mod box\u0103 central\u0103 televizor<br \/>\nGhid de referin\u0163\u0103<br \/>\nCablu de alimentare c.a.<br \/>\nPicior<br \/>\nSuport de montare pe perete<br \/>\nTelecomand\u0103<\/td>\n<\/tr>\n<tr>\n<td style=\"text-align: center;\" colspan=\"2\"><strong>Dimensiuni \u0219i greutate<\/strong><\/td>\n<\/tr>\n<tr>\n<td><strong>DIMENSIUNI UNITATE PRINCIPAL\u0102 \u2013 NUMAI CORPUL (L X \u00ce X A)<\/strong><\/td>\n<td>1100mm x 64mm x 113mm<\/td>\n<\/tr>\n<tr>\n<td><strong>GREUTATE UNITATE PRINCIPAL\u0102 \u2013 NUMAI CORPUL<\/strong><\/td>\n<td>4,7 kg<\/td>\n<\/tr>\n<tr>\n<td style=\"text-align: center;\" colspan=\"2\"><strong>Amplificator<\/strong><\/td>\n<\/tr>\n<tr>\n<td><strong>TIP AMPLIFICATOR<\/strong><\/td>\n<td>Amplificator digital, S-Master HX<\/td>\n<\/tr>\n<tr>\n<td><strong>CANALE AMPLIFICATOR<\/strong><\/td>\n<td>11 canale<\/td>\n<\/tr>\n<tr>\n<td style=\"text-align: center;\" colspan=\"2\"><strong>Interfa\u0163\u0103<\/strong><\/td>\n<\/tr>\n<tr>\n<td><strong>TERMINALE DE INTRARE \u015eI IE\u015eIRE<\/strong><\/td>\n<td>S-Center Out<\/td>\n<\/tr>\n<tr>\n<td><strong>WI-FI<\/strong><\/td>\n<td>Da<\/td>\n<\/tr>\n<tr>\n<td><strong>VERSIUNE IEEE802.11<\/strong><\/td>\n<td>a\/b\/g\/n\/ac<\/td>\n<\/tr>\n<tr>\n<td><strong>VERSIUNE BLUETOOTH\u00ae<\/strong><\/td>\n<td>Versiune Bluetooth\u00ae: 5.2<\/td>\n<\/tr>\n<tr>\n<td style=\"text-align: center;\" colspan=\"2\"><strong>HDMI\u00ae<\/strong><\/td>\n<\/tr>\n<tr>\n<td><strong>NUM\u0102R DE INTR\u0102RI\/IE\u0218IRI<\/strong><\/td>\n<td>Intrare\/ie\u0219ire: 1\/1 (eARC\/ARC)<\/td>\n<\/tr>\n<tr>\n<td><strong>EARC<\/strong><\/td>\n<td>Da<\/td>\n<\/tr>\n<tr>\n<td><strong>4K\/60P\/YUV4:4:4<\/strong><\/td>\n<td>Da<\/td>\n<\/tr>\n<tr>\n<td><strong>HDR<\/strong><\/td>\n<td>Da<\/td>\n<\/tr>\n<tr>\n<td><strong>COMPATIBIL DOLBY VISION\u2122<\/strong><\/td>\n<td>Da<\/td>\n<\/tr>\n<tr>\n<td><strong>HLG (HYBRID LOG GAMMA)<\/strong><\/td>\n<td>Da<\/td>\n<\/tr>\n<tr>\n<td><strong>HDCP2.2<\/strong><\/td>\n<td>Da<\/td>\n<\/tr>\n<tr>\n<td><strong>BRAVIA SYNC<\/strong><\/td>\n<td>Da<\/td>\n<\/tr>\n<tr>\n<td><strong>HDMI\u00ae CEC<\/strong><\/td>\n<td>Da<\/td>\n<\/tr>\n<tr>\n<td style=\"text-align: center;\" colspan=\"2\"><strong>Formate audio<\/strong><\/td>\n<\/tr>\n<tr>\n<td><strong>360 REALITY AUDIO<\/strong><\/td>\n<td>Da<\/td>\n<\/tr>\n<tr>\n<td><strong>SUNET DE \u00ceNALT\u0102 REZOLU\u021aIE<\/strong><\/td>\n<td>Da<\/td>\n<\/tr>\n<tr>\n<td><strong>INTRARE HDMI\u00ae<\/strong><\/td>\n<td>Dolby Digital, Dolby Digital Plus, Dolby TrueHD, Dolby Dual mono, DTS, DTS HD High Resolution Audio, DTS HD Master Audio, DTS ES, DTS 96\/24, DTS: X, IMAX ENHANCED, LPCM: 2 canale\/5.1 canale\/7.1 canale, 360 Reality Audio<\/td>\n<\/tr>\n<tr>\n<td><strong>HDMI EARC<\/strong><\/td>\n<td>Dolby Digital, Dolby Digital Plus, Dolby TrueHD, Dolby Atmos, Dolby Dual mono, DTS, DTS HD High Resolution Audio, DTS HD Master Audio, DTS ES, DTS 96\/24, DTS: X, IMAX ENHANCED23, LPCM: 192kHz\/24 bi\u021bi<\/td>\n<\/tr>\n<tr>\n<td><strong>COMUNICA\u021aIE BLUETOOTH\u00ae (RECEPTOR)<\/strong><\/td>\n<td>AAC, SBC, LDAC<\/td>\n<\/tr>\n<tr>\n<td style=\"text-align: center;\" colspan=\"2\"><strong>Func\u021bie Sunet<\/strong><\/td>\n<\/tr>\n<tr>\n<td><strong>MOD DE SUNET<\/strong><\/td>\n<td>C\u00e2mp acustic<\/td>\n<\/tr>\n<tr>\n<td><strong>EFECT DE SUNET<\/strong><\/td>\n<td>Mod nocturn, Mod voce<\/td>\n<\/tr>\n<tr>\n<td><strong>TEHNOLOGIE \u00ceMBUN\u0102T\u0102\u021aIRE SUNET<\/strong><\/td>\n<td>DSEE Ultimate<\/td>\n<\/tr>\n<tr>\n<td><strong>CALIBRARE<\/strong><\/td>\n<td>Da<\/td>\n<\/tr>\n<tr>\n<td style=\"text-align: center;\" colspan=\"2\"><strong>Configura\u021bie box\u0103<\/strong><\/td>\n<\/tr>\n<tr>\n<td><strong>STRUCTUR\u0102 BOX\u0102<\/strong><\/td>\n<td>7.2.2 canale (11 difuzoare)<\/td>\n<\/tr>\n<tr>\n<td style=\"text-align: center;\" colspan=\"2\"><strong>Func\u021bie Re\u021bea<\/strong><\/td>\n<\/tr>\n<tr>\n<td><strong>FUNC\u021aIE RE\u021aEA<\/strong><\/td>\n<td>Spotify Connect, AirPlay<\/td>\n<\/tr>\n<tr>\n<td style=\"text-align: center;\" colspan=\"2\"><strong>Func\u0163ii wireless<\/strong><\/td>\n<\/tr>\n<tr>\n<td><strong>WIRELESS SURROUND (CU BOXE WIRELESS OP\u021aIONALE)<\/strong><\/td>\n<td>Da<\/td>\n<\/tr>\n<tr>\n<td style=\"text-align: center;\" colspan=\"2\"><strong>Aplica\u0163ie<\/strong><\/td>\n<\/tr>\n<tr>\n<td><strong>SONY | BRAVIA CONNECT<\/strong><\/td>\n<td>Da<\/td>\n<\/tr>\n<tr>\n<td style=\"text-align: center;\" colspan=\"2\"><strong>Func\u021bioneaz\u0103 Cu Bravia<\/strong><\/td>\n<\/tr>\n<tr>\n<td><strong>FUNC\u021aIONEAZ\u0102 CU BRAVIA<\/strong><\/td>\n<td>Acoustic Center Sync, Voice Zoom 3\u2122, Meniu Set\u0103ri rapide<\/td>\n<\/tr>\n<\/tbody>\n<\/table>\n","protected":false},"excerpt":{"rendered":"<ul>\n<li>Structura a boxelor : 7.2.2 (11 difuzoare)<\/li>\n<li>Bluetooth : Versiunea 5.2<\/li>\n<li>Codecuri Bluetooth acceptate : SBC,AAC,LDAC<\/li>\n<li>Dolby Digital \/ Dolby Atmos : Da<\/li>\n<li>Greutate : 4,7 kg<\/li>\n<li>Model anului 2024<\/li>\n<\/ul>\n","protected":false},"featured_media":27203,"comment_status":"open","ping_status":"closed","template":"","meta":[],"product_brand":[],"product_cat":[778],"product_tag":[],"class_list":{"0":"post-27298","1":"product","2":"type-product","3":"status-publish","4":"has-post-thumbnail","6":"product_cat-bare-de-sunet","8":"first","9":"instock","10":"sale","11":"shipping-taxable","12":"purchasable","13":"product-type-simple"},"yoast_head":"<!-- This site is optimized with the Yoast SEO plugin v27.4 - https:\/\/yoast.com\/product\/yoast-seo-wordpress\/ -->\n<title>SONY BRAVIA Theatre Bar 8 -sonycenter.md<\/title>\n<meta name=\"description\" content=\"SONY BRAVIA Theatre Bar 8 - Noul soundbar SONY care combin\u0103 difuzoare fizice cu difuzoare fantom\u0103 pentru a crea un c\u00e2mp de sunet surround mai extins .\" \/>\n<meta name=\"robots\" content=\"index, follow, max-snippet:-1, max-image-preview:large, max-video-preview:-1\" \/>\n<link rel=\"canonical\" href=\"https:\/\/sonycenter.md\/ro\/magazin\/bravia-theatre-bar-8-hta8000\/\" \/>\n<meta property=\"og:locale\" content=\"ro_RO\" \/>\n<meta property=\"og:type\" content=\"article\" \/>\n<meta property=\"og:title\" content=\"SONY BRAVIA Theatre Bar 8 -sonycenter.md\" \/>\n<meta property=\"og:description\" content=\"SONY BRAVIA Theatre Bar 8 - Noul soundbar SONY care combin\u0103 difuzoare fizice cu difuzoare fantom\u0103 pentru a crea un c\u00e2mp de sunet surround mai extins .\" \/>\n<meta property=\"og:url\" content=\"https:\/\/sonycenter.md\/ro\/magazin\/bravia-theatre-bar-8-hta8000\/\" \/>\n<meta property=\"og:site_name\" content=\"SONY\" \/>\n<meta property=\"article:modified_time\" content=\"2026-04-06T13:47:42+00:00\" \/>\n<meta property=\"og:image\" content=\"https:\/\/sonycenter.md\/wp-content\/uploads\/2024\/05\/BAR-8.jpg\" \/>\n\t<meta property=\"og:image:width\" content=\"600\" \/>\n\t<meta property=\"og:image:height\" content=\"600\" \/>\n\t<meta property=\"og:image:type\" content=\"image\/jpeg\" \/>\n<meta name=\"twitter:card\" content=\"summary_large_image\" \/>\n<meta name=\"twitter:label1\" content=\"Est. reading time\" \/>\n\t<meta name=\"twitter:data1\" content=\"2 minutes\" \/>\n<script type=\"application\/ld+json\" class=\"yoast-schema-graph\">{\"@context\":\"https:\\\/\\\/schema.org\",\"@graph\":[{\"@type\":[\"WebPage\",\"ItemPage\"],\"@id\":\"https:\\\/\\\/sonycenter.md\\\/ro\\\/magazin\\\/bravia-theatre-bar-8-hta8000\\\/\",\"url\":\"https:\\\/\\\/sonycenter.md\\\/ro\\\/magazin\\\/bravia-theatre-bar-8-hta8000\\\/\",\"name\":\"SONY BRAVIA Theatre Bar 8 -sonycenter.md\",\"isPartOf\":{\"@id\":\"http:\\\/\\\/sonycenter.md\\\/ro\\\/#website\"},\"primaryImageOfPage\":{\"@id\":\"https:\\\/\\\/sonycenter.md\\\/ro\\\/magazin\\\/bravia-theatre-bar-8-hta8000\\\/#primaryimage\"},\"image\":{\"@id\":\"https:\\\/\\\/sonycenter.md\\\/ro\\\/magazin\\\/bravia-theatre-bar-8-hta8000\\\/#primaryimage\"},\"thumbnailUrl\":\"https:\\\/\\\/sonycenter.md\\\/wp-content\\\/uploads\\\/2024\\\/05\\\/BAR-8.jpg\",\"datePublished\":\"2024-05-18T10:50:14+00:00\",\"dateModified\":\"2026-04-06T13:47:42+00:00\",\"description\":\"SONY BRAVIA Theatre Bar 8 - Noul soundbar SONY care combin\u0103 difuzoare fizice cu difuzoare fantom\u0103 pentru a crea un c\u00e2mp de sunet surround mai extins .\",\"breadcrumb\":{\"@id\":\"https:\\\/\\\/sonycenter.md\\\/ro\\\/magazin\\\/bravia-theatre-bar-8-hta8000\\\/#breadcrumb\"},\"inLanguage\":\"ro-RO\",\"potentialAction\":[{\"@type\":\"ReadAction\",\"target\":[\"https:\\\/\\\/sonycenter.md\\\/ro\\\/magazin\\\/bravia-theatre-bar-8-hta8000\\\/\"]}]},{\"@type\":\"ImageObject\",\"inLanguage\":\"ro-RO\",\"@id\":\"https:\\\/\\\/sonycenter.md\\\/ro\\\/magazin\\\/bravia-theatre-bar-8-hta8000\\\/#primaryimage\",\"url\":\"https:\\\/\\\/sonycenter.md\\\/wp-content\\\/uploads\\\/2024\\\/05\\\/BAR-8.jpg\",\"contentUrl\":\"https:\\\/\\\/sonycenter.md\\\/wp-content\\\/uploads\\\/2024\\\/05\\\/BAR-8.jpg\",\"width\":600,\"height\":600,\"caption\":\"BRAVIA Theatre Bar 8 (HTA8000)\"},{\"@type\":\"BreadcrumbList\",\"@id\":\"https:\\\/\\\/sonycenter.md\\\/ro\\\/magazin\\\/bravia-theatre-bar-8-hta8000\\\/#breadcrumb\",\"itemListElement\":[{\"@type\":\"ListItem\",\"position\":1,\"name\":\"\u0413\u043b\u0430\u0432\u043d\u0430\u044f \u0441\u0442\u0440\u0430\u043d\u0438\u0446\u0430\",\"item\":\"https:\\\/\\\/sonycenter.md\\\/ro\\\/\"},{\"@type\":\"ListItem\",\"position\":2,\"name\":\"Magazin\",\"item\":\"https:\\\/\\\/sonycenter.md\\\/shop\\\/\"},{\"@type\":\"ListItem\",\"position\":3,\"name\":\"BRAVIA Theatre Bar 8 (HTA8000)\"}]},{\"@type\":\"WebSite\",\"@id\":\"http:\\\/\\\/sonycenter.md\\\/ro\\\/#website\",\"url\":\"http:\\\/\\\/sonycenter.md\\\/ro\\\/\",\"name\":\"sonycenter.md\",\"description\":\"SONYCENTER \u00een Chi\u0219in\u0103u\",\"publisher\":{\"@id\":\"http:\\\/\\\/sonycenter.md\\\/ro\\\/#organization\"},\"potentialAction\":[{\"@type\":\"SearchAction\",\"target\":{\"@type\":\"EntryPoint\",\"urlTemplate\":\"http:\\\/\\\/sonycenter.md\\\/ro\\\/?s={search_term_string}\"},\"query-input\":{\"@type\":\"PropertyValueSpecification\",\"valueRequired\":true,\"valueName\":\"search_term_string\"}}],\"inLanguage\":\"ro-RO\"},{\"@type\":\"Organization\",\"@id\":\"http:\\\/\\\/sonycenter.md\\\/ro\\\/#organization\",\"name\":\"sonycenter.md\",\"url\":\"http:\\\/\\\/sonycenter.md\\\/ro\\\/\",\"logo\":{\"@type\":\"ImageObject\",\"inLanguage\":\"ro-RO\",\"@id\":\"http:\\\/\\\/sonycenter.md\\\/ro\\\/#\\\/schema\\\/logo\\\/image\\\/\",\"url\":\"\",\"contentUrl\":\"\",\"caption\":\"sonycenter.md\"},\"image\":{\"@id\":\"http:\\\/\\\/sonycenter.md\\\/ro\\\/#\\\/schema\\\/logo\\\/image\\\/\"}}]}<\/script>\n<!-- \/ Yoast SEO plugin. -->","yoast_head_json":{"title":"SONY BRAVIA Theatre Bar 8 -sonycenter.md","description":"SONY BRAVIA Theatre Bar 8 - Noul soundbar SONY care combin\u0103 difuzoare fizice cu difuzoare fantom\u0103 pentru a crea un c\u00e2mp de sunet surround mai extins .","robots":{"index":"index","follow":"follow","max-snippet":"max-snippet:-1","max-image-preview":"max-image-preview:large","max-video-preview":"max-video-preview:-1"},"canonical":"https:\/\/sonycenter.md\/ro\/magazin\/bravia-theatre-bar-8-hta8000\/","og_locale":"ro_RO","og_type":"article","og_title":"SONY BRAVIA Theatre Bar 8 -sonycenter.md","og_description":"SONY BRAVIA Theatre Bar 8 - Noul soundbar SONY care combin\u0103 difuzoare fizice cu difuzoare fantom\u0103 pentru a crea un c\u00e2mp de sunet surround mai extins .","og_url":"https:\/\/sonycenter.md\/ro\/magazin\/bravia-theatre-bar-8-hta8000\/","og_site_name":"SONY","article_modified_time":"2026-04-06T13:47:42+00:00","og_image":[{"width":600,"height":600,"url":"https:\/\/sonycenter.md\/wp-content\/uploads\/2024\/05\/BAR-8.jpg","type":"image\/jpeg"}],"twitter_card":"summary_large_image","twitter_misc":{"Est. reading time":"2 minutes"},"schema":{"@context":"https:\/\/schema.org","@graph":[{"@type":["WebPage","ItemPage"],"@id":"https:\/\/sonycenter.md\/ro\/magazin\/bravia-theatre-bar-8-hta8000\/","url":"https:\/\/sonycenter.md\/ro\/magazin\/bravia-theatre-bar-8-hta8000\/","name":"SONY BRAVIA Theatre Bar 8 -sonycenter.md","isPartOf":{"@id":"https:\/\/sonycenter.md\/ro\/#website"},"primaryImageOfPage":{"@id":"https:\/\/sonycenter.md\/ro\/magazin\/bravia-theatre-bar-8-hta8000\/#primaryimage"},"image":{"@id":"https:\/\/sonycenter.md\/ro\/magazin\/bravia-theatre-bar-8-hta8000\/#primaryimage"},"thumbnailUrl":"https:\/\/sonycenter.md\/wp-content\/uploads\/2024\/05\/BAR-8.jpg","datePublished":"2024-05-18T10:50:14+00:00","dateModified":"2026-04-06T13:47:42+00:00","description":"SONY BRAVIA Theatre Bar 8 - Noul soundbar SONY care combin\u0103 difuzoare fizice cu difuzoare fantom\u0103 pentru a crea un c\u00e2mp de sunet surround mai extins .","breadcrumb":{"@id":"https:\/\/sonycenter.md\/ro\/magazin\/bravia-theatre-bar-8-hta8000\/#breadcrumb"},"inLanguage":"ro-RO","potentialAction":[{"@type":"ReadAction","target":["https:\/\/sonycenter.md\/ro\/magazin\/bravia-theatre-bar-8-hta8000\/"]}]},{"@type":"ImageObject","inLanguage":"ro-RO","@id":"https:\/\/sonycenter.md\/ro\/magazin\/bravia-theatre-bar-8-hta8000\/#primaryimage","url":"https:\/\/sonycenter.md\/wp-content\/uploads\/2024\/05\/BAR-8.jpg","contentUrl":"https:\/\/sonycenter.md\/wp-content\/uploads\/2024\/05\/BAR-8.jpg","width":600,"height":600,"caption":"BRAVIA Theatre Bar 8 (HTA8000)"},{"@type":"BreadcrumbList","@id":"https:\/\/sonycenter.md\/ro\/magazin\/bravia-theatre-bar-8-hta8000\/#breadcrumb","itemListElement":[{"@type":"ListItem","position":1,"name":"\u0413\u043b\u0430\u0432\u043d\u0430\u044f \u0441\u0442\u0440\u0430\u043d\u0438\u0446\u0430","item":"https:\/\/sonycenter.md\/ro\/"},{"@type":"ListItem","position":2,"name":"Magazin","item":"https:\/\/sonycenter.md\/shop\/"},{"@type":"ListItem","position":3,"name":"BRAVIA Theatre Bar 8 (HTA8000)"}]},{"@type":"WebSite","@id":"https:\/\/sonycenter.md\/ro\/#website","url":"https:\/\/sonycenter.md\/ro\/","name":"sonycenter.md","description":"SONYCENTER \u00een Chi\u0219in\u0103u","publisher":{"@id":"https:\/\/sonycenter.md\/ro\/#organization"},"potentialAction":[{"@type":"SearchAction","target":{"@type":"EntryPoint","urlTemplate":"https:\/\/sonycenter.md\/ro\/?s={search_term_string}"},"query-input":{"@type":"PropertyValueSpecification","valueRequired":true,"valueName":"search_term_string"}}],"inLanguage":"ro-RO"},{"@type":"Organization","@id":"https:\/\/sonycenter.md\/ro\/#organization","name":"sonycenter.md","url":"https:\/\/sonycenter.md\/ro\/","logo":{"@type":"ImageObject","inLanguage":"ro-RO","@id":"https:\/\/sonycenter.md\/ro\/#\/schema\/logo\/image\/","url":"","contentUrl":"","caption":"sonycenter.md"},"image":{"@id":"https:\/\/sonycenter.md\/ro\/#\/schema\/logo\/image\/"}}]}},"_links":{"self":[{"href":"https:\/\/sonycenter.md\/ro\/wp-json\/wp\/v2\/product\/27298","targetHints":{"allow":["GET"]}}],"collection":[{"href":"https:\/\/sonycenter.md\/ro\/wp-json\/wp\/v2\/product"}],"about":[{"href":"https:\/\/sonycenter.md\/ro\/wp-json\/wp\/v2\/types\/product"}],"replies":[{"embeddable":true,"href":"https:\/\/sonycenter.md\/ro\/wp-json\/wp\/v2\/comments?post=27298"}],"wp:featuredmedia":[{"embeddable":true,"href":"https:\/\/sonycenter.md\/ro\/wp-json\/wp\/v2\/media\/27203"}],"wp:attachment":[{"href":"https:\/\/sonycenter.md\/ro\/wp-json\/wp\/v2\/media?parent=27298"}],"wp:term":[{"taxonomy":"product_brand","embeddable":true,"href":"https:\/\/sonycenter.md\/ro\/wp-json\/wp\/v2\/product_brand?post=27298"},{"taxonomy":"product_cat","embeddable":true,"href":"https:\/\/sonycenter.md\/ro\/wp-json\/wp\/v2\/product_cat?post=27298"},{"taxonomy":"product_tag","embeddable":true,"href":"https:\/\/sonycenter.md\/ro\/wp-json\/wp\/v2\/product_tag?post=27298"}],"curies":[{"name":"wp","href":"https:\/\/api.w.org\/{rel}","templated":true}]}}