{"id":27393,"date":"2024-05-27T11:28:01","date_gmt":"2024-05-27T08:59:24","guid":{"rendered":"https:\/\/sonycenter.md\/?post_type=product&#038;p=27393"},"modified":"2024-06-11T10:34:13","modified_gmt":"2024-06-11T07:34:13","slug":"playstation-vr2-horizon","status":"publish","type":"product","link":"https:\/\/sonycenter.md\/ro\/magazin\/playstation-vr2-horizon\/","title":{"rendered":"PlayStation VR2 + Horizon Call of the Mountain"},"content":{"rendered":"<p style=\"text-align: center;\"><span style=\"font-size: 130%;\"><strong><span style=\"color: #282828;\">SONY PlayStation VR2 :Noua genera\u021bie de jocuri de realitate virtual\u0103<\/span><\/strong><\/span><\/p>\n<p><iframe loading=\"lazy\" title=\"YouTube video player\" src=\"https:\/\/www.youtube.com\/embed\/u5L9Mvh7tAk?si=bRQuIzO7lxzl436g\" width=\"900\" height=\"500\" frameborder=\"0\" allowfullscreen=\"allowfullscreen\"><span data-mce-type=\"bookmark\" style=\"display: inline-block; width: 0px; overflow: hidden; line-height: 0;\" class=\"mce_SELRES_start\">\ufeff<\/span><\/iframe><\/p>\n<p><span style=\"font-size: 130%;\"><strong>Platform\u0103<\/strong><\/span> : Sony PlayStation VR 2<\/p>\n<p><strong><span style=\"font-size: 130%;\">Casc\u0103 PlayStation VR2\u00a0<\/span><\/strong><\/p>\n<div id=\"row_592010747\" class=\"table__row\" role=\"row\" aria-rowindex=\"1\">\n<div id=\"item_1469123218\" class=\"table__header\" role=\"columnheader\">\n<div class=\"textblock\">\n<div class=\"text-block \" data-ol-order-start=\"1\" data-custom-mobile-width=\"false\" data-custom-tablet-width=\"false\" data-custom-desktop-width=\"false\">\n<p><b>Tip ecran : <\/b><a href=\"http:\/\/sony.md\/ro\/category\/televizoare\/oled-tv\/\">OLED<\/a><\/p>\n<\/div>\n<\/div>\n<\/div>\n<\/div>\n<div id=\"row_1258531147\" class=\"table__row\" role=\"row\" aria-rowindex=\"2\">\n<div id=\"item_357372424\" class=\"table__header\" role=\"columnheader\">\n<div class=\"textblock\">\n<div class=\"text-block \" data-ol-order-start=\"1\" data-custom-mobile-width=\"false\" data-custom-tablet-width=\"false\" data-custom-desktop-width=\"false\">\n<p><b>Rezolu\u021bia panoului : <\/b>2000 x 2040 per ochi<\/p>\n<\/div>\n<\/div>\n<\/div>\n<\/div>\n<div id=\"row_751795624\" class=\"table__row\" role=\"row\" aria-rowindex=\"3\">\n<div id=\"item_1294009376\" class=\"table__header\" role=\"columnheader\">\n<div class=\"textblock\">\n<div class=\"text-block \" data-ol-order-start=\"1\" data-custom-mobile-width=\"false\" data-custom-tablet-width=\"false\" data-custom-desktop-width=\"false\">\n<p><b>Rata de re\u00eemprosp\u0103tare a panoului : <\/b>90 Hz, 120 Hz<\/p>\n<\/div>\n<\/div>\n<\/div>\n<\/div>\n<div id=\"row_547172414\" class=\"table__row\" role=\"row\" aria-rowindex=\"4\">\n<div id=\"item_1669777945\" class=\"table__header\" role=\"columnheader\">\n<div class=\"textblock\">\n<div class=\"text-block \" data-ol-order-start=\"1\" data-custom-mobile-width=\"false\" data-custom-tablet-width=\"false\" data-custom-desktop-width=\"false\">\n<p><b>Distan\u021ba \u00eentre lentile : <\/b>Reglabil\u0103<\/p>\n<\/div>\n<\/div>\n<\/div>\n<\/div>\n<div id=\"row_671886872\" class=\"table__row\" role=\"row\" aria-rowindex=\"5\">\n<div id=\"item_442554563\" class=\"table__header\" role=\"columnheader\">\n<div class=\"textblock\">\n<div class=\"text-block \" data-ol-order-start=\"1\" data-custom-mobile-width=\"false\" data-custom-tablet-width=\"false\" data-custom-desktop-width=\"false\">\n<p><b>C\u00e2mp vizual : <\/b>Aproximativ 110 grade<\/p>\n<\/div>\n<\/div>\n<\/div>\n<\/div>\n<div id=\"row_448407217\" class=\"table__row\" role=\"row\" aria-rowindex=\"6\">\n<div id=\"item_1557652079\" class=\"table__header\" role=\"columnheader\">\n<div class=\"textblock\">\n<div class=\"text-block \" data-ol-order-start=\"1\" data-custom-mobile-width=\"false\" data-custom-tablet-width=\"false\" data-custom-desktop-width=\"false\">\n<p><b>Senzori<\/b><\/p>\n<\/div>\n<\/div>\n<\/div>\n<div id=\"item_152535466\" class=\"table__body\" role=\"cell\">\n<div class=\"textblock\">\n<div class=\"text-block \" data-ol-order-start=\"1\" data-custom-mobile-width=\"false\" data-custom-tablet-width=\"false\" data-custom-desktop-width=\"false\">\n<ul>\n<li>Senzor de mi\u0219care: sistem de detectare a mi\u0219c\u0103rii pe \u0219ase axe (giroscop cu trei axe, accelerometru cu trei axe)<\/li>\n<li>Senzor de purtare: senzor de proximitate IR<\/li>\n<\/ul>\n<\/div>\n<\/div>\n<\/div>\n<\/div>\n<div id=\"row_670361999\" class=\"table__row\" role=\"row\" aria-rowindex=\"7\">\n<div id=\"item_514995123\" class=\"table__header\" role=\"columnheader\">\n<div class=\"textblock\">\n<div class=\"text-block \" data-ol-order-start=\"1\" data-custom-mobile-width=\"false\" data-custom-tablet-width=\"false\" data-custom-desktop-width=\"false\">\n<p><b>Camere<\/b><\/p>\n<\/div>\n<\/div>\n<\/div>\n<div id=\"item_714946227\" class=\"table__body\" role=\"cell\">\n<div class=\"textblock\">\n<div class=\"text-block \" data-ol-order-start=\"1\" data-custom-mobile-width=\"false\" data-custom-tablet-width=\"false\" data-custom-desktop-width=\"false\">\n<ul>\n<li>4 camere incorporate pentru urm\u0103rirea c\u0103\u0219tii \u0219i a controlerelor<\/li>\n<li>Camere IR pentru urm\u0103rirea fiec\u0103rui ochi \u00een parte<\/li>\n<\/ul>\n<\/div>\n<\/div>\n<\/div>\n<\/div>\n<div id=\"row_94917156\" class=\"table__row\" role=\"row\" aria-rowindex=\"8\">\n<div id=\"item_1672718071\" class=\"table__header\" role=\"columnheader\">\n<div class=\"textblock\">\n<div class=\"text-block \" data-ol-order-start=\"1\" data-custom-mobile-width=\"false\" data-custom-tablet-width=\"false\" data-custom-desktop-width=\"false\">\n<p><b>Feedback : <\/b>Vibra\u021bii \u00een c\u0103\u0219ti<\/p>\n<\/div>\n<\/div>\n<\/div>\n<\/div>\n<div id=\"row_986956616\" class=\"table__row\" role=\"row\" aria-rowindex=\"9\">\n<div id=\"item_772617246\" class=\"table__header\" role=\"columnheader\">\n<div class=\"textblock\">\n<div class=\"text-block \" data-ol-order-start=\"1\" data-custom-mobile-width=\"false\" data-custom-tablet-width=\"false\" data-custom-desktop-width=\"false\">\n<p><b>Comunicarea cu PS5 : <\/b>USB Type-C\u00ae<\/p>\n<p><strong>Sunet :<\/strong><\/p>\n<ul>\n<li>Intrare: microfon incorporat<\/li>\n<li>Ie\u0219ire: muf\u0103 de c\u0103\u0219ti stereo<\/li>\n<\/ul>\n<hr \/>\n<p><strong><span style=\"font-size: 130%;\">Controler PlayStation VR2 Sense<\/span><\/strong><\/p>\n<div id=\"row_1985241845\" class=\"table__row\" role=\"row\" aria-rowindex=\"1\">\n<div id=\"item_154672232\" class=\"table__header\" role=\"columnheader\">\n<div class=\"textblock\">\n<div class=\"text-block \" data-ol-order-start=\"1\" data-custom-mobile-width=\"false\" data-custom-tablet-width=\"false\" data-custom-desktop-width=\"false\">\n<p><b>Butoane<\/b><\/p>\n<\/div>\n<\/div>\n<\/div>\n<div id=\"item_203221498\" class=\"table__body\" role=\"cell\">\n<div class=\"textblock\">\n<div class=\"text-block \" data-ol-order-start=\"1\" data-custom-mobile-width=\"false\" data-custom-tablet-width=\"false\" data-custom-desktop-width=\"false\">\n<ul>\n<li>Buton PS\u00a0<b>Dreapta<\/b><br \/>\nPS, buton de op\u021biuni, butoane de ac\u021biune (Cerc \/ Cruce), buton R1, buton R2, joystick dreapta \/ buton R3<\/li>\n<li>Buton PS\u00a0<b>St\u00e2nga<\/b><br \/>\nPS, buton de op\u021biuni, butoane de ac\u021biune (Triunghi \/ P\u0103trat), buton L1, buton L2, joystick st\u00e2nga \/ buton L3<\/li>\n<\/ul>\n<\/div>\n<\/div>\n<\/div>\n<\/div>\n<div id=\"row_808670916\" class=\"table__row\" role=\"row\" aria-rowindex=\"2\">\n<div id=\"item_770701789\" class=\"table__header\" role=\"columnheader\">\n<div class=\"textblock\">\n<div class=\"text-block \" data-ol-order-start=\"1\" data-custom-mobile-width=\"false\" data-custom-tablet-width=\"false\" data-custom-desktop-width=\"false\">\n<p><b>Sesizare\/urm\u0103rire<\/b><\/p>\n<\/div>\n<\/div>\n<\/div>\n<div id=\"item_1215058589\" class=\"table__body\" role=\"cell\">\n<div class=\"textblock\">\n<div class=\"text-block \" data-ol-order-start=\"1\" data-custom-mobile-width=\"false\" data-custom-tablet-width=\"false\" data-custom-desktop-width=\"false\">\n<ul>\n<li>Senzor de mi\u0219care: sistem de detectare a mi\u0219c\u0103rii pe \u0219ase axe (giroscop cu trei axe + accelerometru cu trei axe)<\/li>\n<li>Senzor capacitiv: detectarea atingerii cu degetul<\/li>\n<li>LED IR: urm\u0103rirea pozi\u021biei<\/li>\n<\/ul>\n<\/div>\n<\/div>\n<\/div>\n<\/div>\n<div id=\"row_1243354228\" class=\"table__row\" role=\"row\" aria-rowindex=\"3\">\n<div id=\"item_790745717\" class=\"table__header\" role=\"columnheader\">\n<div class=\"textblock\">\n<div class=\"text-block \" data-ol-order-start=\"1\" data-custom-mobile-width=\"false\" data-custom-tablet-width=\"false\" data-custom-desktop-width=\"false\">\n<p><b>Feedback\u00a0 : <\/b>Efecte de declan\u0219ator (la butoanele R2\/L2), feedback haptic (cu un singur mecanism de ac\u021bionare pe unitate)<\/p>\n<\/div>\n<\/div>\n<\/div>\n<\/div>\n<div id=\"row_940073319\" class=\"table__row\" role=\"row\" aria-rowindex=\"4\">\n<div id=\"item_1134328093\" class=\"table__header\" role=\"columnheader\">\n<div class=\"textblock\">\n<div class=\"text-block \" data-ol-order-start=\"1\" data-custom-mobile-width=\"false\" data-custom-tablet-width=\"false\" data-custom-desktop-width=\"false\">\n<p><b>Port : <\/b>USB Type-C\u00ae<\/p>\n<\/div>\n<\/div>\n<\/div>\n<\/div>\n<div id=\"row_963218290\" class=\"table__row\" role=\"row\" aria-rowindex=\"5\">\n<div id=\"item_911015604\" class=\"table__header\" role=\"columnheader\">\n<div class=\"textblock\">\n<div class=\"text-block \" data-ol-order-start=\"1\" data-custom-mobile-width=\"false\" data-custom-tablet-width=\"false\" data-custom-desktop-width=\"false\">\n<p><b>Comunicare : <\/b>Bluetooth\u00ae Ver5.1<\/p>\n<\/div>\n<\/div>\n<\/div>\n<\/div>\n<div id=\"row_1384384530\" class=\"table__row\" role=\"row\" aria-rowindex=\"6\">\n<div id=\"item_853124942\" class=\"table__header\" role=\"columnheader\">\n<div class=\"textblock\">\n<div class=\"text-block \" data-ol-order-start=\"1\" data-custom-mobile-width=\"false\" data-custom-tablet-width=\"false\" data-custom-desktop-width=\"false\">\n<p><b>Baterie : <\/b>Tip: baterie re\u00eenc\u0103rcabil\u0103 incorporat\u0103, de tip litiu-ion<\/p>\n<p style=\"text-align: center;\"><strong>Mai multe informa\u021bii pe pagina <a href=\"https:\/\/www.playstation.com\/ro-ro\/ps-vr2\/?smcid=pdc%3Aro-ro%3Aps-vr2-ps-vr2-tech-specs%3Aprimary%20nav%3Amsg-ps5%3Aps-vr2\">oficial\u0103 a producatorului<\/a> .<\/strong><\/p>\n<\/div>\n<\/div>\n<\/div>\n<\/div>\n<\/div>\n<\/div>\n<\/div>\n<\/div>\n","protected":false},"excerpt":{"rendered":"<ul>\n<li>Ecran : OLED<\/li>\n<li>Rezolu\u021bia panoului : 2000 x 2040 per ochi<\/li>\n<li>Rata de re\u00eemprosp\u0103tare a panoului : 90 Hz, 120 Hz<\/li>\n<li><strong>Continut pachet:<\/strong><\/li>\n<li>Casc\u0103 PlayStation VR2 x1<\/li>\n<li>Controlere PlayStation VR2 Sense x2<\/li>\n<li>Voucher Horizon:Call of the Mountain x1<\/li>\n<li>C\u0103\u0219ti stereo x1<\/li>\n<li>Membrane siliconice pentru c\u0103\u0219ti x6<\/li>\n<li>Cablu USB<\/li>\n<\/ul>\n","protected":false},"featured_media":27355,"comment_status":"open","ping_status":"closed","template":"","meta":[],"product_brand":[],"product_cat":[867],"product_tag":[],"class_list":{"0":"post-27393","1":"product","2":"type-product","3":"status-publish","4":"has-post-thumbnail","6":"product_cat-playstation-vr-ro","8":"first","9":"outofstock","10":"shipping-taxable","11":"purchasable","12":"product-type-simple"},"yoast_head":"<!-- This site is optimized with the Yoast SEO plugin v27.4 - https:\/\/yoast.com\/product\/yoast-seo-wordpress\/ -->\n<title>PlayStation VR2 + Horizon Call of the Mountain | sonycenter.md<\/title>\n<meta name=\"description\" content=\"PlayStation VR2 + Horizon Call of the Mountain | Cump\u0103r\u0103 \u00een Moldova. SONY PlayStation VR2 - Nou\u0103 genera\u021bie de jocuri de relitate virtual\u0103.\" \/>\n<meta name=\"robots\" content=\"index, follow, max-snippet:-1, max-image-preview:large, max-video-preview:-1\" \/>\n<link rel=\"canonical\" href=\"https:\/\/sonycenter.md\/ro\/magazin\/playstation-vr2-horizon\/\" \/>\n<meta property=\"og:locale\" content=\"ro_RO\" \/>\n<meta property=\"og:type\" content=\"article\" \/>\n<meta property=\"og:title\" content=\"PlayStation VR2 + Horizon Call of the Mountain | sonycenter.md\" \/>\n<meta property=\"og:description\" content=\"PlayStation VR2 + Horizon Call of the Mountain | Cump\u0103r\u0103 \u00een Moldova. SONY PlayStation VR2 - Nou\u0103 genera\u021bie de jocuri de relitate virtual\u0103.\" \/>\n<meta property=\"og:url\" content=\"https:\/\/sonycenter.md\/ro\/magazin\/playstation-vr2-horizon\/\" \/>\n<meta property=\"og:site_name\" content=\"SONY\" \/>\n<meta property=\"article:modified_time\" content=\"2024-06-11T07:34:13+00:00\" \/>\n<meta property=\"og:image\" content=\"https:\/\/sonycenter.md\/wp-content\/uploads\/2024\/05\/vr2-bundle-5.jpg\" \/>\n\t<meta property=\"og:image:width\" content=\"600\" \/>\n\t<meta property=\"og:image:height\" content=\"600\" \/>\n\t<meta property=\"og:image:type\" content=\"image\/jpeg\" \/>\n<meta name=\"twitter:card\" content=\"summary_large_image\" \/>\n<meta name=\"twitter:label1\" content=\"Est. reading time\" \/>\n\t<meta name=\"twitter:data1\" content=\"2 minutes\" \/>\n<script type=\"application\/ld+json\" class=\"yoast-schema-graph\">{\"@context\":\"https:\\\/\\\/schema.org\",\"@graph\":[{\"@type\":[\"WebPage\",\"ItemPage\"],\"@id\":\"https:\\\/\\\/sonycenter.md\\\/ro\\\/magazin\\\/playstation-vr2-horizon\\\/\",\"url\":\"https:\\\/\\\/sonycenter.md\\\/ro\\\/magazin\\\/playstation-vr2-horizon\\\/\",\"name\":\"PlayStation VR2 + Horizon Call of the Mountain | sonycenter.md\",\"isPartOf\":{\"@id\":\"http:\\\/\\\/sonycenter.md\\\/ro\\\/#website\"},\"primaryImageOfPage\":{\"@id\":\"https:\\\/\\\/sonycenter.md\\\/ro\\\/magazin\\\/playstation-vr2-horizon\\\/#primaryimage\"},\"image\":{\"@id\":\"https:\\\/\\\/sonycenter.md\\\/ro\\\/magazin\\\/playstation-vr2-horizon\\\/#primaryimage\"},\"thumbnailUrl\":\"https:\\\/\\\/sonycenter.md\\\/wp-content\\\/uploads\\\/2024\\\/05\\\/vr2-bundle-5.jpg\",\"datePublished\":\"2024-05-27T08:59:24+00:00\",\"dateModified\":\"2024-06-11T07:34:13+00:00\",\"description\":\"PlayStation VR2 + Horizon Call of the Mountain | Cump\u0103r\u0103 \u00een Moldova. SONY PlayStation VR2 - Nou\u0103 genera\u021bie de jocuri de relitate virtual\u0103.\",\"breadcrumb\":{\"@id\":\"https:\\\/\\\/sonycenter.md\\\/ro\\\/magazin\\\/playstation-vr2-horizon\\\/#breadcrumb\"},\"inLanguage\":\"ro-RO\",\"potentialAction\":[{\"@type\":\"ReadAction\",\"target\":[\"https:\\\/\\\/sonycenter.md\\\/ro\\\/magazin\\\/playstation-vr2-horizon\\\/\"]}]},{\"@type\":\"ImageObject\",\"inLanguage\":\"ro-RO\",\"@id\":\"https:\\\/\\\/sonycenter.md\\\/ro\\\/magazin\\\/playstation-vr2-horizon\\\/#primaryimage\",\"url\":\"https:\\\/\\\/sonycenter.md\\\/wp-content\\\/uploads\\\/2024\\\/05\\\/vr2-bundle-5.jpg\",\"contentUrl\":\"https:\\\/\\\/sonycenter.md\\\/wp-content\\\/uploads\\\/2024\\\/05\\\/vr2-bundle-5.jpg\",\"width\":600,\"height\":600,\"caption\":\"PlayStation VR2 + Horizon Call of the Mountain\"},{\"@type\":\"BreadcrumbList\",\"@id\":\"https:\\\/\\\/sonycenter.md\\\/ro\\\/magazin\\\/playstation-vr2-horizon\\\/#breadcrumb\",\"itemListElement\":[{\"@type\":\"ListItem\",\"position\":1,\"name\":\"\u0413\u043b\u0430\u0432\u043d\u0430\u044f \u0441\u0442\u0440\u0430\u043d\u0438\u0446\u0430\",\"item\":\"https:\\\/\\\/sonycenter.md\\\/ro\\\/\"},{\"@type\":\"ListItem\",\"position\":2,\"name\":\"Magazin\",\"item\":\"https:\\\/\\\/sonycenter.md\\\/shop\\\/\"},{\"@type\":\"ListItem\",\"position\":3,\"name\":\"PlayStation VR2 + Horizon Call of the Mountain\"}]},{\"@type\":\"WebSite\",\"@id\":\"http:\\\/\\\/sonycenter.md\\\/ro\\\/#website\",\"url\":\"http:\\\/\\\/sonycenter.md\\\/ro\\\/\",\"name\":\"sonycenter.md\",\"description\":\"SONYCENTER \u00een Chi\u0219in\u0103u\",\"publisher\":{\"@id\":\"http:\\\/\\\/sonycenter.md\\\/ro\\\/#organization\"},\"potentialAction\":[{\"@type\":\"SearchAction\",\"target\":{\"@type\":\"EntryPoint\",\"urlTemplate\":\"http:\\\/\\\/sonycenter.md\\\/ro\\\/?s={search_term_string}\"},\"query-input\":{\"@type\":\"PropertyValueSpecification\",\"valueRequired\":true,\"valueName\":\"search_term_string\"}}],\"inLanguage\":\"ro-RO\"},{\"@type\":\"Organization\",\"@id\":\"http:\\\/\\\/sonycenter.md\\\/ro\\\/#organization\",\"name\":\"sonycenter.md\",\"url\":\"http:\\\/\\\/sonycenter.md\\\/ro\\\/\",\"logo\":{\"@type\":\"ImageObject\",\"inLanguage\":\"ro-RO\",\"@id\":\"http:\\\/\\\/sonycenter.md\\\/ro\\\/#\\\/schema\\\/logo\\\/image\\\/\",\"url\":\"\",\"contentUrl\":\"\",\"caption\":\"sonycenter.md\"},\"image\":{\"@id\":\"http:\\\/\\\/sonycenter.md\\\/ro\\\/#\\\/schema\\\/logo\\\/image\\\/\"}}]}<\/script>\n<!-- \/ Yoast SEO plugin. -->","yoast_head_json":{"title":"PlayStation VR2 + Horizon Call of the Mountain | sonycenter.md","description":"PlayStation VR2 + Horizon Call of the Mountain | Cump\u0103r\u0103 \u00een Moldova. SONY PlayStation VR2 - Nou\u0103 genera\u021bie de jocuri de relitate virtual\u0103.","robots":{"index":"index","follow":"follow","max-snippet":"max-snippet:-1","max-image-preview":"max-image-preview:large","max-video-preview":"max-video-preview:-1"},"canonical":"https:\/\/sonycenter.md\/ro\/magazin\/playstation-vr2-horizon\/","og_locale":"ro_RO","og_type":"article","og_title":"PlayStation VR2 + Horizon Call of the Mountain | sonycenter.md","og_description":"PlayStation VR2 + Horizon Call of the Mountain | Cump\u0103r\u0103 \u00een Moldova. SONY PlayStation VR2 - Nou\u0103 genera\u021bie de jocuri de relitate virtual\u0103.","og_url":"https:\/\/sonycenter.md\/ro\/magazin\/playstation-vr2-horizon\/","og_site_name":"SONY","article_modified_time":"2024-06-11T07:34:13+00:00","og_image":[{"width":600,"height":600,"url":"https:\/\/sonycenter.md\/wp-content\/uploads\/2024\/05\/vr2-bundle-5.jpg","type":"image\/jpeg"}],"twitter_card":"summary_large_image","twitter_misc":{"Est. reading time":"2 minutes"},"schema":{"@context":"https:\/\/schema.org","@graph":[{"@type":["WebPage","ItemPage"],"@id":"https:\/\/sonycenter.md\/ro\/magazin\/playstation-vr2-horizon\/","url":"https:\/\/sonycenter.md\/ro\/magazin\/playstation-vr2-horizon\/","name":"PlayStation VR2 + Horizon Call of the Mountain | sonycenter.md","isPartOf":{"@id":"https:\/\/sonycenter.md\/ro\/#website"},"primaryImageOfPage":{"@id":"https:\/\/sonycenter.md\/ro\/magazin\/playstation-vr2-horizon\/#primaryimage"},"image":{"@id":"https:\/\/sonycenter.md\/ro\/magazin\/playstation-vr2-horizon\/#primaryimage"},"thumbnailUrl":"https:\/\/sonycenter.md\/wp-content\/uploads\/2024\/05\/vr2-bundle-5.jpg","datePublished":"2024-05-27T08:59:24+00:00","dateModified":"2024-06-11T07:34:13+00:00","description":"PlayStation VR2 + Horizon Call of the Mountain | Cump\u0103r\u0103 \u00een Moldova. SONY PlayStation VR2 - Nou\u0103 genera\u021bie de jocuri de relitate virtual\u0103.","breadcrumb":{"@id":"https:\/\/sonycenter.md\/ro\/magazin\/playstation-vr2-horizon\/#breadcrumb"},"inLanguage":"ro-RO","potentialAction":[{"@type":"ReadAction","target":["https:\/\/sonycenter.md\/ro\/magazin\/playstation-vr2-horizon\/"]}]},{"@type":"ImageObject","inLanguage":"ro-RO","@id":"https:\/\/sonycenter.md\/ro\/magazin\/playstation-vr2-horizon\/#primaryimage","url":"https:\/\/sonycenter.md\/wp-content\/uploads\/2024\/05\/vr2-bundle-5.jpg","contentUrl":"https:\/\/sonycenter.md\/wp-content\/uploads\/2024\/05\/vr2-bundle-5.jpg","width":600,"height":600,"caption":"PlayStation VR2 + Horizon Call of the Mountain"},{"@type":"BreadcrumbList","@id":"https:\/\/sonycenter.md\/ro\/magazin\/playstation-vr2-horizon\/#breadcrumb","itemListElement":[{"@type":"ListItem","position":1,"name":"\u0413\u043b\u0430\u0432\u043d\u0430\u044f \u0441\u0442\u0440\u0430\u043d\u0438\u0446\u0430","item":"https:\/\/sonycenter.md\/ro\/"},{"@type":"ListItem","position":2,"name":"Magazin","item":"https:\/\/sonycenter.md\/shop\/"},{"@type":"ListItem","position":3,"name":"PlayStation VR2 + Horizon Call of the Mountain"}]},{"@type":"WebSite","@id":"https:\/\/sonycenter.md\/ro\/#website","url":"https:\/\/sonycenter.md\/ro\/","name":"sonycenter.md","description":"SONYCENTER \u00een Chi\u0219in\u0103u","publisher":{"@id":"https:\/\/sonycenter.md\/ro\/#organization"},"potentialAction":[{"@type":"SearchAction","target":{"@type":"EntryPoint","urlTemplate":"https:\/\/sonycenter.md\/ro\/?s={search_term_string}"},"query-input":{"@type":"PropertyValueSpecification","valueRequired":true,"valueName":"search_term_string"}}],"inLanguage":"ro-RO"},{"@type":"Organization","@id":"https:\/\/sonycenter.md\/ro\/#organization","name":"sonycenter.md","url":"https:\/\/sonycenter.md\/ro\/","logo":{"@type":"ImageObject","inLanguage":"ro-RO","@id":"https:\/\/sonycenter.md\/ro\/#\/schema\/logo\/image\/","url":"","contentUrl":"","caption":"sonycenter.md"},"image":{"@id":"https:\/\/sonycenter.md\/ro\/#\/schema\/logo\/image\/"}}]}},"_links":{"self":[{"href":"https:\/\/sonycenter.md\/ro\/wp-json\/wp\/v2\/product\/27393","targetHints":{"allow":["GET"]}}],"collection":[{"href":"https:\/\/sonycenter.md\/ro\/wp-json\/wp\/v2\/product"}],"about":[{"href":"https:\/\/sonycenter.md\/ro\/wp-json\/wp\/v2\/types\/product"}],"replies":[{"embeddable":true,"href":"https:\/\/sonycenter.md\/ro\/wp-json\/wp\/v2\/comments?post=27393"}],"wp:featuredmedia":[{"embeddable":true,"href":"https:\/\/sonycenter.md\/ro\/wp-json\/wp\/v2\/media\/27355"}],"wp:attachment":[{"href":"https:\/\/sonycenter.md\/ro\/wp-json\/wp\/v2\/media?parent=27393"}],"wp:term":[{"taxonomy":"product_brand","embeddable":true,"href":"https:\/\/sonycenter.md\/ro\/wp-json\/wp\/v2\/product_brand?post=27393"},{"taxonomy":"product_cat","embeddable":true,"href":"https:\/\/sonycenter.md\/ro\/wp-json\/wp\/v2\/product_cat?post=27393"},{"taxonomy":"product_tag","embeddable":true,"href":"https:\/\/sonycenter.md\/ro\/wp-json\/wp\/v2\/product_tag?post=27393"}],"curies":[{"name":"wp","href":"https:\/\/api.w.org\/{rel}","templated":true}]}}