{"id":27628,"date":"2024-07-22T13:24:50","date_gmt":"2024-07-22T10:24:50","guid":{"rendered":"https:\/\/sonycenter.md\/?post_type=product&#038;p=27628"},"modified":"2026-04-15T13:15:28","modified_gmt":"2026-04-15T10:15:28","slug":"sony-zv-e10m2","status":"publish","type":"product","link":"https:\/\/sonycenter.md\/ro\/magazin\/sony-zv-e10m2\/","title":{"rendered":"ZVE10M2 (body)"},"content":{"rendered":"<p style=\"text-align: center;\"><span style=\"color: #000000;\">Specifica\u021bii complete pentru<span style=\"color: #0000ff;\"> <a style=\"color: #0000ff;\" href=\"https:\/\/sonycenter.md\/ro\/category\/camere-foto\/camere-alfa\/\">camera mirrorless<\/a> <\/span>SONY ZV-E10M2:<\/span><\/p>\n<table style=\"height: 2004px;\" width=\"808\">\n<tbody>\n<tr>\n<td style=\"text-align: center;\" colspan=\"2\" width=\"536\"><span style=\"color: #000000;\"><strong>Suport obiectiv<\/strong><\/span><\/td>\n<\/tr>\n<tr>\n<td><span style=\"color: #000000;\"><strong>Tip de camer\u0103 <\/strong><\/span><\/td>\n<td><span style=\"color: #000000;\">Camer\u0103 foto digital\u0103 cu obiective interschimbabile<\/span><\/td>\n<\/tr>\n<tr>\n<td><span style=\"color: #000000;\"><strong>Suport obiectiv<\/strong><\/span><\/td>\n<td><span style=\"color: #000000;\">Montur\u0103\u00a0 E<\/span><\/td>\n<\/tr>\n<tr>\n<td style=\"text-align: center;\" colspan=\"2\"><span style=\"color: #000000;\"><strong>Senzor<\/strong><\/span><\/td>\n<\/tr>\n<tr>\n<td><span style=\"color: #000000;\"><strong>Tip senzor <\/strong><\/span><\/td>\n<td><span style=\"color: #000000;\">Senzor CMOS Exmor R, tip APS-C (23,3 x 15,5 mm)<\/span><\/td>\n<\/tr>\n<tr>\n<td><span style=\"color: #000000;\"><strong>Num\u0103r de pixeli (total) <\/strong><\/span><\/td>\n<td><span style=\"color: #000000;\">Aprox. 27,0 megapixeli<\/span><\/td>\n<\/tr>\n<tr>\n<td><span style=\"color: #000000;\"><strong>Num\u0103r de pixeli (efectiv)<\/strong><\/span><\/td>\n<td><span style=\"color: #000000;\">magini statice: aprox. 26,0 megapixeli maximum<\/span><\/td>\n<\/tr>\n<tr>\n<td><span style=\"color: #000000;\"><strong>Interval temperatur\u0103 de culoare<\/strong><\/span><\/td>\n<td><span style=\"color: #000000;\">2500\u20139900 K<\/span><\/td>\n<\/tr>\n<tr>\n<td style=\"text-align: center;\" colspan=\"2\"><span style=\"color: #000000;\"><strong>\u00cenregistrare (imagini statice)<\/strong><\/span><\/td>\n<\/tr>\n<tr>\n<td><span style=\"color: #000000;\"><strong>Format \u00eenregistrare<\/strong><\/span><\/td>\n<td><span style=\"color: #000000;\">JPEG (DCF Ver. 2.0, Exif Ver. 2.32, conform cu MPF Baseline), HEIF (conform cu MPEG-A MIAF), RAW (conform cu Sony ARW 5.0)<\/span><\/td>\n<\/tr>\n<tr>\n<td><span style=\"color: #000000;\"><strong>Dimensiune imagine (pixeli) [3:2]<\/strong><\/span><\/td>\n<td><span style=\"color: #000000;\">APS-C L: 6192 x 4128 (26 M), M: 4384 x 2920 (13 M), S: 3104 x 2064 (6,4 M)<\/span><\/td>\n<\/tr>\n<tr>\n<td colspan=\"2\"><span style=\"color: #000000;\"><strong>\u00cenregistrare (film)<\/strong><\/span><\/td>\n<\/tr>\n<tr>\n<td><span style=\"color: #000000;\"><strong>Compresie video<\/strong><\/span><\/td>\n<td><span style=\"color: #000000;\">XAVC S: MPEG-4 AVC\/H.264, XAVC HS: MPEG-H HEVC\/H.265<\/span><\/td>\n<\/tr>\n<tr>\n<td><span style=\"color: #000000;\"><strong>Format \u00eenregistrare audio<\/strong><\/span><\/td>\n<td><span style=\"color: #000000;\">LPCM 2 can (48 kHz 16 bi\u021bi), LPCM 2 can (48 kHz 24 bi\u021bi), LPCM 4 can (48 kHz 24 bi\u021bi)<\/span><\/td>\n<\/tr>\n<tr>\n<td><span style=\"color: #000000;\"><strong>Format \u00eenregistrare film (XAVC HS 4K)<\/strong><\/span><\/td>\n<td><span style=\"color: #000000;\">3840 x 2160 (4:2:0, 10 bi\u021bi) (aprox.): 59.94p (150Mbps\/75Mbps\/45Mbps), 3840 x 2160 (4:2:0, 10 bi\u021bi) (aprox.): 50p (150Mbps\/75Mbps\/45Mbps), 3840 x 2160 (4:2:0, 10 bi\u021bi) (aprox.): 23.98p (100Mbps\/50Mbps\/30Mbps), 3840 x 2160 (4:2:2, 10 bi\u021bi) (aprox.): 59.94p (200Mbps\/100Mbps), 3840 x 2160 (4:2:2, 10 bi\u021bi) (aprox.): 50p (200Mbps\/100Mbps), 3840 x 2160 (4:2:2, 10 bi\u021bi) (aprox.): 23.98p (100Mbps\/50Mbps)<\/span><\/td>\n<\/tr>\n<tr>\n<td><span style=\"color: #000000;\"><strong>Format \u00eenregistrare film (XAVC S 4K)<\/strong><\/span><\/td>\n<td><span style=\"color: #000000;\">3840 x 2160 (4:2:0, 8 bi\u021bi) (aprox.): 59.94p (150Mbps), 3840 x 2160 (4:2:0, 8 bi\u021bi) (aprox.): 50p (150Mbps), 3840 x 2160 (4:2:0, 8 bi\u021bi) (aprox.): 29.97p (100Mbps\/60Mbps), 3840 x 2160 (4:2:0, 8 bi\u021bi) (aprox.): 25p (100Mbps\/60Mbps), 3840 x 2160 (4:2:0, 8 bi\u021bi) (aprox.): 23.98p (100Mbps\/60Mbps), 3840 x 2160 (4:2:2, 10 bi\u021bi) (aprox.): 59.94p (200Mbps), 3840 x 2160 (4:2:2, 10 bi\u021bi) (aprox.): 50p (200Mbps), 3840 x 2160 (4:2:2, 10 bi\u021bi) (aprox.): 29.97p (140Mbps), 3840 x 2160 (4:2:2, 10 bi\u021bi) (aprox.): 25p (140Mbps), 3840 x 2160 (4:2:2, 10 bi\u021bi) (aprox.): 23.98p (100Mbps)<\/span><\/td>\n<\/tr>\n<tr>\n<td style=\"text-align: center;\" colspan=\"2\"><span style=\"color: #000000;\"><strong>Sistem de \u00eenregistrare<\/strong><\/span><\/td>\n<\/tr>\n<tr>\n<td><span style=\"color: #000000;\"><strong>Slot pentru carduri de memorie<\/strong><\/span><\/td>\n<td><span style=\"color: #000000;\">SLOT 1: slot pentru card de memorie SD (compatibilitate UHS-I\/II)<\/span><\/td>\n<\/tr>\n<tr>\n<td colspan=\"2\"><span style=\"color: #000000;\"><strong>Sistem de focalizare<\/strong><\/span><\/td>\n<\/tr>\n<tr>\n<td><span style=\"color: #000000;\"><strong>Tip de focalizare<\/strong><\/span><\/td>\n<td><span style=\"color: #000000;\">Focalizare automat\u0103 hibrid\u0103 rapid\u0103 (focalizare automat\u0103 cu detec\u0163ia fazei\/focalizare automat\u0103 cu detectarea contrastului)<\/span><\/td>\n<\/tr>\n<tr>\n<td><span style=\"color: #000000;\"><strong>Punct de focalizare<\/strong><\/span><\/td>\n<td><span style=\"color: #000000;\">Imagini statice: max. 759 de puncte (focalizare automat\u0103 cu detec\u021bia fazei), Filme: max. 495 de puncte (focalizare automat\u0103 cu detec\u021bia fazei)<\/span><\/td>\n<\/tr>\n<tr>\n<td style=\"text-align: center;\" colspan=\"2\"><span style=\"color: #000000;\"><strong>Controlul expunerii<\/strong><\/span><\/td>\n<\/tr>\n<tr>\n<td><span style=\"color: #000000;\"><strong>Tip m\u0103surare<\/strong><\/span><\/td>\n<td><span style=\"color: #000000;\">M\u0103surare estimativ\u0103 1200 zone<\/span><\/td>\n<\/tr>\n<tr>\n<td><span style=\"color: #000000;\"><strong>Sensibilitate m\u0103surare<\/strong><\/span><\/td>\n<td><span style=\"color: #000000;\">EV-3 p\u00e2n\u0103 la EV20 (la echivalent ISO100 cu obiectiv F 2.0 ata\u015fat)<\/span><\/td>\n<\/tr>\n<tr>\n<td><span style=\"color: #000000;\"><strong>Compensare expunere<\/strong><\/span><\/td>\n<td><span style=\"color: #000000;\">+\/- 5 EV (trepte selectabile de 1\/3 EV, 1\/2 EV)<\/span><\/td>\n<\/tr>\n<tr>\n<td><span style=\"color: #000000;\"><strong>Sensibilitate ISO<\/strong><\/span><\/td>\n<td><span style=\"color: #000000;\">Imagini statice: ISO 100\u201332000 (se poate extinde la ISO 50\u2013102400), AUTO (ISO 100\u20136400, limit\u0103 inferioar\u0103 \u0219i superioar\u0103 selectabile), Filme: echivalent ISO 100\u201332000, AUTO (ISO 100\u20136400, limita inferioar\u0103 \u0219i superioar\u0103 selectabile)<\/span><\/td>\n<\/tr>\n<tr>\n<td style=\"text-align: center;\" colspan=\"2\"><span style=\"color: #000000;\"><strong>Ecran LCD<\/strong><\/span><\/td>\n<\/tr>\n<tr>\n<td><span style=\"color: #000000;\"><strong>Tip monitor<\/strong><\/span><\/td>\n<td><span style=\"color: #000000;\">Tip TFT de 7,5 cm (tip 3.0)<\/span><\/td>\n<\/tr>\n<tr>\n<td><span style=\"color: #000000;\"><strong>Ecran tactil<\/strong><\/span><\/td>\n<td><span style=\"color: #000000;\">Da<\/span><\/td>\n<\/tr>\n<tr>\n<td><span style=\"color: #000000;\"><strong>Num\u0103r de puncte<\/strong><\/span><\/td>\n<td><span style=\"color: #000000;\">1.036.800 puncte<\/span><\/td>\n<\/tr>\n<tr>\n<td style=\"text-align: center;\" colspan=\"2\"><span style=\"color: #000000;\"><strong>Interfa\u0163\u0103<\/strong><\/span><\/td>\n<\/tr>\n<tr>\n<td><span style=\"color: #000000;\"><strong>Interfa\u021b\u0103 pc:<\/strong><\/span><\/td>\n<td><span style=\"color: #000000;\">Stocare masiv\u0103\/MTP<\/span><\/td>\n<\/tr>\n<tr>\n<td><span style=\"color: #000000;\"><strong>Suport cu interfa\u0163\u0103 multipl\u0103<\/strong><\/span><\/td>\n<td><span style=\"color: #000000;\">Da (compatibil USB SuperSpeed de 5 Gb\/s (USB 3.2))<\/span><\/td>\n<\/tr>\n<tr>\n<td><span style=\"color: #000000;\"><strong>Lan wireless (\u00eencorporat)<\/strong><\/span><\/td>\n<td><span style=\"color: #000000;\">Da (Compatibil Wi-Fi, IEEE 802.11a\/b\/g\/n\/ac (band\u0103 2,4GHz\/5GHz ))[[F_DI0197]][[F_DI0171]]<\/span><\/td>\n<\/tr>\n<tr>\n<td><span style=\"color: #000000;\"><strong>Bluetooth\u00ae<\/strong><\/span><\/td>\n<td><span style=\"color: #000000;\">Da (Bluetooth Standard Ver. 4.2 (band\u0103 de 2,4 GHz))<\/span><\/td>\n<\/tr>\n<tr>\n<td><span style=\"color: #000000;\"><strong>Ie\u0219iri hdmi<\/strong><\/span><\/td>\n<td><span style=\"color: #000000;\">Microconector HDMI (Tip D), 3840 x 2160 (59,94p\/50p\/29,97p\/25p\/23,98p)\/1920 x 1080 (59,94p\/50p\/23,98p)\/1920 x 1080 (59,94i\/50i), YCbCr 4:2:2 10 bi\u021bi\/RGB 8 bi\u021bi<\/span><\/td>\n<\/tr>\n<tr>\n<td><span style=\"color: #000000;\"><strong>Muf\u0103 microfon<\/strong><\/span><\/td>\n<td><span style=\"color: #000000;\">DA (minimuf\u0103 stereo de 3,5 mm)<\/span><\/td>\n<\/tr>\n<tr>\n<td><span style=\"color: #000000;\"><strong>Muf\u0103 c\u0103\u015fti<\/strong><\/span><\/td>\n<td><span style=\"color: #000000;\">DA (minimuf\u0103 stereo de 3,5 mm)<\/span><\/td>\n<\/tr>\n<tr>\n<td style=\"text-align: center;\" colspan=\"2\"><span style=\"color: #000000;\"><strong>Streaming USB<\/strong><\/span><\/td>\n<\/tr>\n<tr>\n<td><span style=\"color: #000000;\"><strong>Format date video<\/strong><\/span><\/td>\n<td><span style=\"color: #000000;\">MJPEG, YUV420<\/span><\/td>\n<\/tr>\n<tr>\n<td><span style=\"color: #000000;\"><strong>Rezolu\u021bie video<\/strong><\/span><\/td>\n<td><span style=\"color: #000000;\">3840 x 2160 (15p\/30p), 3840 x 2160 (12,5p\/25p), 1920 x 1080 (30p\/60p), 1920 x 1080 (25p\/50p), 1280 x 720 (30p), 1280 x 720 (25p)<\/span><\/td>\n<\/tr>\n<tr>\n<td><span style=\"color: #000000;\"><strong>Format date audio<\/strong><\/span><\/td>\n<td><span style=\"color: #000000;\">LPCM 2 canale (16 bi\u021bi, 48 kHz)<\/span><\/td>\n<\/tr>\n<tr>\n<td style=\"text-align: center;\" colspan=\"2\"><span style=\"color: #000000;\"><strong>Streaming prin re\u021bea<\/strong><\/span><\/td>\n<\/tr>\n<tr>\n<td><span style=\"color: #000000;\"><strong>Format date video<\/strong><\/span><\/td>\n<td><span style=\"color: #000000;\">MPEG-4 AVC\/H.264, MPEG-H HEVC\/H.265<\/span><\/td>\n<\/tr>\n<tr>\n<td><span style=\"color: #000000;\"><strong>Rezolu\u021bie video<\/strong><\/span><\/td>\n<td><span style=\"color: #000000;\">3840 x 2160 (30p), 3840 x 2160 (25p), 2560 x 1440 (30p), 2560 x 1440 (25p), 1920 x 1080 (30p\/60p), 1920 x 1080 (25p\/50p), 1280 x 720 (30p\/60p), 1280 x 720 (25p\/50p)<\/span><\/td>\n<\/tr>\n<tr>\n<td><span style=\"color: #000000;\"><strong>Format date audio<\/strong><\/span><\/td>\n<td><span style=\"color: #000000;\">AAC-LC 2 can (16 bi\u021bi 48kHz)<\/span><\/td>\n<\/tr>\n<tr>\n<td style=\"text-align: center;\" colspan=\"2\"><span style=\"color: #000000;\"><strong>Alimentare<\/strong><\/span><\/td>\n<\/tr>\n<tr>\n<td><span style=\"color: #000000;\"><strong>Baterie inclus\u0103<\/strong><\/span><\/td>\n<td><span style=\"color: #000000;\">Un acumulator NP-FZ100<\/span><\/td>\n<\/tr>\n<tr>\n<td><span style=\"color: #000000;\"><strong>Durat\u0103 de utilizare a bateriei (imagini statice)<\/strong><\/span><\/td>\n<td><span style=\"color: #000000;\">Aprox. 610 de imagini (monitor LCD) (standard CIPA)<\/span><\/td>\n<\/tr>\n<tr>\n<td><span style=\"color: #000000;\"><strong>Durat\u0103 de utilizare a bateriei (film, \u00eenregistrare efectiv\u0103) <\/strong><\/span><\/td>\n<td><span style=\"color: #000000;\">Aprox. 130 min (monitor LCD) (standard CIPA )<\/span><\/td>\n<\/tr>\n<tr>\n<td><span style=\"color: #000000;\"><strong>Surs\u0103 de alimentare usb<\/strong><\/span><\/td>\n<td><span style=\"color: #000000;\">Da (Disponibil cu muf\u0103 USB Type-C. Compatibil cu standardul USB Power Delivery)<\/span><\/td>\n<\/tr>\n<tr>\n<td style=\"text-align: center;\" colspan=\"2\"><span style=\"color: #000000;\"><strong>Dimensiuni \u0219i greutate<\/strong><\/span><\/td>\n<\/tr>\n<tr>\n<td><span style=\"color: #000000;\"><strong>Doar corpul <\/strong><\/span><\/td>\n<td><span style=\"color: #000000;\">Aprox. 292 g<\/span><\/td>\n<\/tr>\n<tr>\n<td><span style=\"color: #000000;\"><strong>Dimensiuni (l x h x a) <\/strong><\/span><\/td>\n<td><span style=\"color: #000000;\">Aprox. 114,8mm x 67,5mm x 54,2mm (de la m\u00e2ner la monitor)<\/span><\/td>\n<\/tr>\n<tr>\n<td><\/td>\n<td><\/td>\n<\/tr>\n<tr>\n<td><span style=\"color: #000000;\"><strong>Con\u021binutul cutiei<\/strong><\/span><\/td>\n<td><span style=\"color: #000000;\">\u00a0baterie re\u00eenc\u0103rcabil\u0103 NP-FZ100, curea de um\u0103r, protec\u021bie la v\u00e2nt, adaptor pentru protec\u021bie la v\u00e2nt, capac pentru obiectiv<\/span><\/td>\n<\/tr>\n<\/tbody>\n<\/table>\n","protected":false},"excerpt":{"rendered":"<ul>\n<li><span style=\"color: #000000;\">Camera SONY ZV-E10 II f\u0103t\u0103 obiectiv \u00een set<\/span><\/li>\n<li><span style=\"color: #000000;\">Senzor : Senzor CMOS Exmor R\u2122 \u00een format APS-C<\/span><\/li>\n<li><span style=\"color: #000000;\">Pixeli : Aprox. 27 megapixeli<\/span><\/li>\n<li><span style=\"color: #000000;\">Motor de procesare : BIONZ XR<\/span><\/li>\n<li><span style=\"color: #000000;\">Focalizre : hibrid\u0103 , max. 759 de puncte de focalizare<\/span><\/li>\n<li><span style=\"color: #000000;\">Video 4K : pana la 60p<\/span><\/li>\n<li><span style=\"color: #000000;\">Baterie (\u00een set): SONY<span style=\"color: #0000ff;\">\u00a0<a style=\"color: #0000ff;\" href=\"https:\/\/sonycenter.md\/ro\/magazin\/np-fz100\/\">NP-FZ100<\/a><\/span><\/span><\/li>\n<li><span style=\"color: #000000;\">Autonomie a bateriei pana la 130 min. video \/ pana la 610 de imagini<\/span><\/li>\n<li><span style=\"color: #000000;\">Greutate (doar corpul) : 292 g<\/span><\/li>\n<li><span style=\"color: #000000;\">Garan\u021bie : 2 ani<\/span><\/li>\n<\/ul>\n","protected":false},"featured_media":27616,"comment_status":"open","ping_status":"closed","template":"","meta":[],"product_brand":[],"product_cat":[618],"product_tag":[],"class_list":{"0":"post-27628","1":"product","2":"type-product","3":"status-publish","4":"has-post-thumbnail","6":"product_cat-camere-alfa","8":"first","9":"outofstock","10":"sale","11":"shipping-taxable","12":"purchasable","13":"product-type-simple"},"yoast_head":"<!-- This site is optimized with the Yoast SEO plugin v27.4 - https:\/\/yoast.com\/product\/yoast-seo-wordpress\/ -->\n<title>SONY ZV-E10M2 - vlogging camera in Moldova | ZV E10 II<\/title>\n<meta name=\"description\" content=\"Cumpara camera 4K pentru vlogging SONY ZV-E10M2 in Chisinau | Comanda camera pentru incepatori online cu livrare in Moldova| Video 4K 60p | Garantie\" \/>\n<meta name=\"robots\" content=\"index, follow, max-snippet:-1, max-image-preview:large, max-video-preview:-1\" \/>\n<link rel=\"canonical\" href=\"https:\/\/sonycenter.md\/ro\/magazin\/sony-zv-e10m2\/\" \/>\n<meta property=\"og:locale\" content=\"ro_RO\" \/>\n<meta property=\"og:type\" content=\"article\" \/>\n<meta property=\"og:title\" content=\"SONY ZV-E10M2 - vlogging camera in Moldova | ZV E10 II\" \/>\n<meta property=\"og:description\" content=\"Cumpara camera 4K pentru vlogging SONY ZV-E10M2 in Chisinau | Comanda camera pentru incepatori online cu livrare in Moldova| Video 4K 60p | Garantie\" \/>\n<meta property=\"og:url\" content=\"https:\/\/sonycenter.md\/ro\/magazin\/sony-zv-e10m2\/\" \/>\n<meta property=\"og:site_name\" content=\"SONY\" \/>\n<meta property=\"article:modified_time\" content=\"2026-04-15T10:15:28+00:00\" \/>\n<meta property=\"og:image\" content=\"https:\/\/sonycenter.md\/wp-content\/uploads\/2024\/07\/zve10m2-4.jpg\" \/>\n\t<meta property=\"og:image:width\" content=\"600\" \/>\n\t<meta property=\"og:image:height\" content=\"600\" \/>\n\t<meta property=\"og:image:type\" content=\"image\/jpeg\" \/>\n<meta name=\"twitter:card\" content=\"summary_large_image\" \/>\n<meta name=\"twitter:label1\" content=\"Est. reading time\" \/>\n\t<meta name=\"twitter:data1\" content=\"5 minutes\" \/>\n<script type=\"application\/ld+json\" class=\"yoast-schema-graph\">{\"@context\":\"https:\\\/\\\/schema.org\",\"@graph\":[{\"@type\":[\"WebPage\",\"ItemPage\"],\"@id\":\"https:\\\/\\\/sonycenter.md\\\/ro\\\/magazin\\\/sony-zv-e10m2\\\/\",\"url\":\"https:\\\/\\\/sonycenter.md\\\/ro\\\/magazin\\\/sony-zv-e10m2\\\/\",\"name\":\"SONY ZV-E10M2 - vlogging camera in Moldova | ZV E10 II\",\"isPartOf\":{\"@id\":\"http:\\\/\\\/sonycenter.md\\\/ro\\\/#website\"},\"primaryImageOfPage\":{\"@id\":\"https:\\\/\\\/sonycenter.md\\\/ro\\\/magazin\\\/sony-zv-e10m2\\\/#primaryimage\"},\"image\":{\"@id\":\"https:\\\/\\\/sonycenter.md\\\/ro\\\/magazin\\\/sony-zv-e10m2\\\/#primaryimage\"},\"thumbnailUrl\":\"https:\\\/\\\/sonycenter.md\\\/wp-content\\\/uploads\\\/2024\\\/07\\\/zve10m2-4.jpg\",\"datePublished\":\"2024-07-22T10:24:50+00:00\",\"dateModified\":\"2026-04-15T10:15:28+00:00\",\"description\":\"Cumpara camera 4K pentru vlogging SONY ZV-E10M2 in Chisinau | Comanda camera pentru incepatori online cu livrare in Moldova| Video 4K 60p | Garantie\",\"breadcrumb\":{\"@id\":\"https:\\\/\\\/sonycenter.md\\\/ro\\\/magazin\\\/sony-zv-e10m2\\\/#breadcrumb\"},\"inLanguage\":\"ro-RO\",\"potentialAction\":[{\"@type\":\"ReadAction\",\"target\":[\"https:\\\/\\\/sonycenter.md\\\/ro\\\/magazin\\\/sony-zv-e10m2\\\/\"]}]},{\"@type\":\"ImageObject\",\"inLanguage\":\"ro-RO\",\"@id\":\"https:\\\/\\\/sonycenter.md\\\/ro\\\/magazin\\\/sony-zv-e10m2\\\/#primaryimage\",\"url\":\"https:\\\/\\\/sonycenter.md\\\/wp-content\\\/uploads\\\/2024\\\/07\\\/zve10m2-4.jpg\",\"contentUrl\":\"https:\\\/\\\/sonycenter.md\\\/wp-content\\\/uploads\\\/2024\\\/07\\\/zve10m2-4.jpg\",\"width\":600,\"height\":600,\"caption\":\"ZVE10M2 (body)\"},{\"@type\":\"BreadcrumbList\",\"@id\":\"https:\\\/\\\/sonycenter.md\\\/ro\\\/magazin\\\/sony-zv-e10m2\\\/#breadcrumb\",\"itemListElement\":[{\"@type\":\"ListItem\",\"position\":1,\"name\":\"\u0413\u043b\u0430\u0432\u043d\u0430\u044f \u0441\u0442\u0440\u0430\u043d\u0438\u0446\u0430\",\"item\":\"https:\\\/\\\/sonycenter.md\\\/ro\\\/\"},{\"@type\":\"ListItem\",\"position\":2,\"name\":\"Magazin\",\"item\":\"https:\\\/\\\/sonycenter.md\\\/shop\\\/\"},{\"@type\":\"ListItem\",\"position\":3,\"name\":\"ZVE10M2 (body)\"}]},{\"@type\":\"WebSite\",\"@id\":\"http:\\\/\\\/sonycenter.md\\\/ro\\\/#website\",\"url\":\"http:\\\/\\\/sonycenter.md\\\/ro\\\/\",\"name\":\"sonycenter.md\",\"description\":\"SONYCENTER \u00een Chi\u0219in\u0103u\",\"publisher\":{\"@id\":\"http:\\\/\\\/sonycenter.md\\\/ro\\\/#organization\"},\"potentialAction\":[{\"@type\":\"SearchAction\",\"target\":{\"@type\":\"EntryPoint\",\"urlTemplate\":\"http:\\\/\\\/sonycenter.md\\\/ro\\\/?s={search_term_string}\"},\"query-input\":{\"@type\":\"PropertyValueSpecification\",\"valueRequired\":true,\"valueName\":\"search_term_string\"}}],\"inLanguage\":\"ro-RO\"},{\"@type\":\"Organization\",\"@id\":\"http:\\\/\\\/sonycenter.md\\\/ro\\\/#organization\",\"name\":\"sonycenter.md\",\"url\":\"http:\\\/\\\/sonycenter.md\\\/ro\\\/\",\"logo\":{\"@type\":\"ImageObject\",\"inLanguage\":\"ro-RO\",\"@id\":\"http:\\\/\\\/sonycenter.md\\\/ro\\\/#\\\/schema\\\/logo\\\/image\\\/\",\"url\":\"\",\"contentUrl\":\"\",\"caption\":\"sonycenter.md\"},\"image\":{\"@id\":\"http:\\\/\\\/sonycenter.md\\\/ro\\\/#\\\/schema\\\/logo\\\/image\\\/\"}}]}<\/script>\n<!-- \/ Yoast SEO plugin. -->","yoast_head_json":{"title":"SONY ZV-E10M2 - vlogging camera in Moldova | ZV E10 II","description":"Cumpara camera 4K pentru vlogging SONY ZV-E10M2 in Chisinau | Comanda camera pentru incepatori online cu livrare in Moldova| Video 4K 60p | Garantie","robots":{"index":"index","follow":"follow","max-snippet":"max-snippet:-1","max-image-preview":"max-image-preview:large","max-video-preview":"max-video-preview:-1"},"canonical":"https:\/\/sonycenter.md\/ro\/magazin\/sony-zv-e10m2\/","og_locale":"ro_RO","og_type":"article","og_title":"SONY ZV-E10M2 - vlogging camera in Moldova | ZV E10 II","og_description":"Cumpara camera 4K pentru vlogging SONY ZV-E10M2 in Chisinau | Comanda camera pentru incepatori online cu livrare in Moldova| Video 4K 60p | Garantie","og_url":"https:\/\/sonycenter.md\/ro\/magazin\/sony-zv-e10m2\/","og_site_name":"SONY","article_modified_time":"2026-04-15T10:15:28+00:00","og_image":[{"width":600,"height":600,"url":"https:\/\/sonycenter.md\/wp-content\/uploads\/2024\/07\/zve10m2-4.jpg","type":"image\/jpeg"}],"twitter_card":"summary_large_image","twitter_misc":{"Est. reading time":"5 minutes"},"schema":{"@context":"https:\/\/schema.org","@graph":[{"@type":["WebPage","ItemPage"],"@id":"https:\/\/sonycenter.md\/ro\/magazin\/sony-zv-e10m2\/","url":"https:\/\/sonycenter.md\/ro\/magazin\/sony-zv-e10m2\/","name":"SONY ZV-E10M2 - vlogging camera in Moldova | ZV E10 II","isPartOf":{"@id":"https:\/\/sonycenter.md\/ro\/#website"},"primaryImageOfPage":{"@id":"https:\/\/sonycenter.md\/ro\/magazin\/sony-zv-e10m2\/#primaryimage"},"image":{"@id":"https:\/\/sonycenter.md\/ro\/magazin\/sony-zv-e10m2\/#primaryimage"},"thumbnailUrl":"https:\/\/sonycenter.md\/wp-content\/uploads\/2024\/07\/zve10m2-4.jpg","datePublished":"2024-07-22T10:24:50+00:00","dateModified":"2026-04-15T10:15:28+00:00","description":"Cumpara camera 4K pentru vlogging SONY ZV-E10M2 in Chisinau | Comanda camera pentru incepatori online cu livrare in Moldova| Video 4K 60p | Garantie","breadcrumb":{"@id":"https:\/\/sonycenter.md\/ro\/magazin\/sony-zv-e10m2\/#breadcrumb"},"inLanguage":"ro-RO","potentialAction":[{"@type":"ReadAction","target":["https:\/\/sonycenter.md\/ro\/magazin\/sony-zv-e10m2\/"]}]},{"@type":"ImageObject","inLanguage":"ro-RO","@id":"https:\/\/sonycenter.md\/ro\/magazin\/sony-zv-e10m2\/#primaryimage","url":"https:\/\/sonycenter.md\/wp-content\/uploads\/2024\/07\/zve10m2-4.jpg","contentUrl":"https:\/\/sonycenter.md\/wp-content\/uploads\/2024\/07\/zve10m2-4.jpg","width":600,"height":600,"caption":"ZVE10M2 (body)"},{"@type":"BreadcrumbList","@id":"https:\/\/sonycenter.md\/ro\/magazin\/sony-zv-e10m2\/#breadcrumb","itemListElement":[{"@type":"ListItem","position":1,"name":"\u0413\u043b\u0430\u0432\u043d\u0430\u044f \u0441\u0442\u0440\u0430\u043d\u0438\u0446\u0430","item":"https:\/\/sonycenter.md\/ro\/"},{"@type":"ListItem","position":2,"name":"Magazin","item":"https:\/\/sonycenter.md\/shop\/"},{"@type":"ListItem","position":3,"name":"ZVE10M2 (body)"}]},{"@type":"WebSite","@id":"https:\/\/sonycenter.md\/ro\/#website","url":"https:\/\/sonycenter.md\/ro\/","name":"sonycenter.md","description":"SONYCENTER \u00een Chi\u0219in\u0103u","publisher":{"@id":"https:\/\/sonycenter.md\/ro\/#organization"},"potentialAction":[{"@type":"SearchAction","target":{"@type":"EntryPoint","urlTemplate":"https:\/\/sonycenter.md\/ro\/?s={search_term_string}"},"query-input":{"@type":"PropertyValueSpecification","valueRequired":true,"valueName":"search_term_string"}}],"inLanguage":"ro-RO"},{"@type":"Organization","@id":"https:\/\/sonycenter.md\/ro\/#organization","name":"sonycenter.md","url":"https:\/\/sonycenter.md\/ro\/","logo":{"@type":"ImageObject","inLanguage":"ro-RO","@id":"https:\/\/sonycenter.md\/ro\/#\/schema\/logo\/image\/","url":"","contentUrl":"","caption":"sonycenter.md"},"image":{"@id":"https:\/\/sonycenter.md\/ro\/#\/schema\/logo\/image\/"}}]}},"_links":{"self":[{"href":"https:\/\/sonycenter.md\/ro\/wp-json\/wp\/v2\/product\/27628","targetHints":{"allow":["GET"]}}],"collection":[{"href":"https:\/\/sonycenter.md\/ro\/wp-json\/wp\/v2\/product"}],"about":[{"href":"https:\/\/sonycenter.md\/ro\/wp-json\/wp\/v2\/types\/product"}],"replies":[{"embeddable":true,"href":"https:\/\/sonycenter.md\/ro\/wp-json\/wp\/v2\/comments?post=27628"}],"wp:featuredmedia":[{"embeddable":true,"href":"https:\/\/sonycenter.md\/ro\/wp-json\/wp\/v2\/media\/27616"}],"wp:attachment":[{"href":"https:\/\/sonycenter.md\/ro\/wp-json\/wp\/v2\/media?parent=27628"}],"wp:term":[{"taxonomy":"product_brand","embeddable":true,"href":"https:\/\/sonycenter.md\/ro\/wp-json\/wp\/v2\/product_brand?post=27628"},{"taxonomy":"product_cat","embeddable":true,"href":"https:\/\/sonycenter.md\/ro\/wp-json\/wp\/v2\/product_cat?post=27628"},{"taxonomy":"product_tag","embeddable":true,"href":"https:\/\/sonycenter.md\/ro\/wp-json\/wp\/v2\/product_tag?post=27628"}],"curies":[{"name":"wp","href":"https:\/\/api.w.org\/{rel}","templated":true}]}}