{"id":27836,"date":"2024-09-18T15:32:44","date_gmt":"2024-09-18T12:32:44","guid":{"rendered":"https:\/\/sonycenter.md\/?post_type=product&#038;p=27836"},"modified":"2026-01-06T10:51:29","modified_gmt":"2026-01-06T08:51:29","slug":"sel85f14gm2","status":"publish","type":"product","link":"https:\/\/sonycenter.md\/ro\/magazin\/sel85f14gm2\/","title":{"rendered":"SEL85F14GM2"},"content":{"rendered":"<p style=\"text-align: center;\"><span style=\"color: #000000;\">Specificatii complete pentru <span style=\"color: #0000ff;\"><a style=\"color: #0000ff;\" href=\"http:\/\/sony.md\/ro\/category\/accesorii-foto-video\/obiective\/\">obiectiv<\/a> <\/span>SONY SEL85F14GM2:<\/span><\/p>\n<div class=\"spec-tile span4 shuffle-item filtered\">\n<figure><\/figure>\n<div class=\"tile-content\" style=\"text-align: center;\">\n<h3 class=\"t6 tile-title\"><span style=\"color: #000000;\">Libertate extraordinar\u0103 pentru portrete creative<\/span><\/h3>\n<p class=\"p3\"><span style=\"color: #000000;\">Obiectivul FE 85mm F1.4 GM II dispune de cea mai recent\u0103 tehnologie de obiectiv de la Sony, c\u0103lc\u00e2nd pe urmele renumitului FE 85mm F1.4 GM cu bokeh la fel de extraordinar \u0219i rezolu\u021bie mai ridicat\u0103 la F1.4. Ofert\u0103 performan\u021b\u0103 complet\u0103 la focalizarea automat\u0103 cu modelele din seria \u03b1\u2122 \u0219i este remarcabil de compact \u0219i u\u0219or. Obiectivul G Master\u2122 perfect pentru portrete, pentru agilitate \u0219i control creativ maxime.<\/span><\/p>\n<hr \/>\n<\/div>\n<\/div>\n<div class=\"spec-tile span4 shuffle-item filtered\" style=\"text-align: center;\">\n<figure><\/figure>\n<div class=\"tile-content\">\n<h3 class=\"t6 tile-title\"><span style=\"color: #000000;\">Claritate \u0219i mai bun\u0103, cu bokeh superb<\/span><\/h3>\n<p class=\"p3\"><span style=\"color: #000000;\">Dou\u0103 elemente XA (asferice extreme) ofer\u0103 rezolu\u021bie spectaculoas\u0103 chiar p\u00e2n\u0103 la marginea imaginilor, iar cele dou\u0103 elemente de sticl\u0103 ED (dispersie extrem de sc\u0103zut\u0103) minimizeaz\u0103 abera\u021bia cromatic\u0103. Stratul Nano AR Coating II de la Sony elimin\u0103 petele albe \u0219i reflexiile parazite pentru rezolu\u021bie \u0219i claritate extraordinare. Distan\u021ba minim\u0103 de focalizare este 0,85m (2,79ft) (FA)\/0,8m (2,63ft) (FM).<\/span><\/p>\n<hr \/>\n<\/div>\n<\/div>\n<div class=\"spec-tile span4 shuffle-item filtered\" style=\"text-align: center;\">\n<figure><\/figure>\n<div class=\"tile-content\">\n<h3 class=\"t6 tile-title\"><span style=\"color: #000000;\">Tranzi\u021bii de bokeh mai line<\/span><\/h3>\n<p class=\"p3\"><span style=\"color: #000000;\">Performan\u021ba renumit\u0103 a modelului anterior este \u00eembun\u0103t\u0103\u021bit\u0103 de noua construc\u021bie optic\u0103 ce controleaz\u0103 abera\u021bia cromatic\u0103 pentru un efect bokeh mai natural. O diafragm\u0103 circular\u0103 cu 11 lamele ofer\u0103 \u00eembun\u0103t\u0103\u021bire suplimentar\u0103, \u00een timp ce abera\u021bia sferic\u0103 este controlat\u0103 precis \u0219i func\u021bioneaz\u0103 cu elementele XA (asferice extreme) pentru a minimiza abera\u021biile la bokeh circular, asigur\u00e2nd un efect bokeh cu tranzi\u021bii mai line de la focalizare clar\u0103 la bokeh profund la F1.4.<\/span><\/p>\n<hr \/>\n<\/div>\n<\/div>\n<div class=\"spec-tile span4 shuffle-item filtered\" style=\"text-align: center;\">\n<figure><\/figure>\n<div class=\"tile-content\">\n<h3 class=\"t6 tile-title\"><span style=\"color: #000000;\">Performan\u021b\u0103 de top la focalizare automat\u0103 cu corpurile din seria \u03b1<\/span><\/h3>\n<p class=\"p3\"><span style=\"color: #000000;\">Dou\u0103 motoare liniare XD (dinamice extreme) \u0219i controlul la vitez\u0103 ridicat\u0103 confer\u0103 obiectivului FE 85mm F1.4 GM II vitez\u0103 de focalizare automat\u0103 de aproximativ 3 ori mai ridicat\u0103. Urm\u0103rirea subiec\u021bilor \u00een mi\u0219care este \u00eembun\u0103t\u0103\u021bit\u0103 de p\u00e2n\u0103 la 7 ori, permi\u021b\u00e2nd rezultate fiabile chiar \u0219i la ad\u00e2ncime de sc\u0103zut\u0103 a c\u00e2mpului, la F1.4. Capacitatea 120 fps de pe \u03b19 III cu obturator global este pe deplin acceptat\u0103.<\/span><\/p>\n<hr \/>\n<p class=\"p3\">\n<\/div>\n<\/div>\n<div class=\"spec-tile span4 shuffle-item filtered\" style=\"text-align: center;\">\n<div class=\"tile-content\">\n<h3 class=\"t6 tile-title\"><span style=\"color: #000000;\">Cu 20% mai u\u0219or, imagini incredibile<\/span><\/h3>\n<p class=\"p3\"><span style=\"color: #000000;\">Bokeh de top \u0219i rezolu\u021bie \u00eentr-un obiectiv compact. Elementele XA (asferice extreme), optica rafinat\u0103, motoarele liniare XD (dinamice extreme) \u0219i o unitate de diafragm\u0103 circular\u0103 asigur\u0103 performan\u021b\u0103 incredibil\u0103 la diafragm\u0103 deschis\u0103 la dimensiuni de doar 84,7mm (3 3\/8 inchi) x 107,3mm (4 1\/4 inchi) cu o greutate de doar 642g (22,7oz.). Volum cu 13% mai sc\u0103zut \u0219i greutate cu 20% mai sc\u0103zut\u0103 pentru fotografiere agil\u0103.<\/span><\/p>\n<hr \/>\n<\/div>\n<\/div>\n<div class=\"spec-tile span4 shuffle-item filtered\" style=\"text-align: center;\">\n<figure><\/figure>\n<div class=\"tile-content\">\n<h3 class=\"t6 tile-title\"><span style=\"color: #000000;\">Un obiectiv de 85mm F1.4 ideal pentru \u00eenregistrare video<\/span><\/h3>\n<p class=\"p3\"><span style=\"color: #000000;\">Obiectivul FE 85mm F1.4 GM II este ideal pentru \u00eenregistrarea persoanelor. Func\u021bioneaz\u0103 cu func\u021bia de focalizare automat\u0103 cu recunoa\u0219tere \u00een timp real din corpurile din seria \u03b1, pentru a oferi urm\u0103rire a subiectului rapid\u0103, precis\u0103 \u0219i silen\u021bioas\u0103, care men\u021bine focalizare clar\u0103 chiar \u0219i la F1.4. Modificarea unghiului la focalizare este minim\u0103, fiind acceptat\u0103 compensarea acestui efect din corp. Inelul de diafragm\u0103 f\u0103r\u0103 trepte \u0219i focalizarea manual\u0103 cu r\u0103spuns liniar asigur\u0103 control fluid, intuitiv.<\/span><\/p>\n<hr \/>\n<\/div>\n<\/div>\n<div class=\"spec-tile span4 shuffle-item filtered\" style=\"text-align: center;\">\n<figure><\/figure>\n<div class=\"tile-content\">\n<h3 class=\"t6 tile-title\"><span style=\"color: #000000;\">Control profesional<\/span><\/h3>\n<p class=\"p3\"><span style=\"color: #000000;\">Dou\u0103 butoane de men\u021binere a focaliz\u0103rii personalizabile \u0219i comutatorul FA\/FM ofer\u0103 utilizare flexibil\u0103, \u00een timp ce un inel de diafragm\u0103 independent \u0219i focalizarea manual\u0103 cu r\u0103spuns liniar ofer\u0103 controlul intuitiv necesar pentru fotografierea creativ\u0103. FE 85mm F1.4 GM II accept\u0103 filtre cu filet de 77mm.<\/span><\/p>\n<hr \/>\n<\/div>\n<\/div>\n<div class=\"spec-tile span4 shuffle-item filtered\">\n<figure><\/figure>\n<div class=\"tile-content\">\n<h3 class=\"t6 tile-title\" style=\"text-align: center;\"><span style=\"color: #000000;\">Fiabilitate robust\u0103<\/span><\/h3>\n<p class=\"p3\" style=\"text-align: center;\"><span style=\"color: #000000;\">Designul rezistent la praf \u0219i umezeal\u0103 asigur\u0103 fiabilitate pentru utilizarea \u00een exterior, \u00een condi\u021bii dificile. Elementul frontal al obiectivului este acoperit cu un strat de fluor ce respinge amprentele, praful, apa, uleiul \u0219i alte substan\u021be contaminante.<\/span><\/p>\n<\/div>\n<\/div>\n","protected":false},"excerpt":{"rendered":"<ul>\n<li><span style=\"color: #000000;\">SONY FE 85mm F1.4 GM2<\/span><\/li>\n<li><span style=\"color: #000000;\">Baioneta : SONY E-Mount<\/span><\/li>\n<li><span style=\"color: #000000;\">Format : Full Frame , 35 mm<\/span><\/li>\n<li><span style=\"color: #000000;\">Distan\u021b\u0103 focal\u0103 : f=85 mm<\/span><\/li>\n<li><span style=\"color: #000000;\">Valoarea maxim\u0103 a diafragmei : F1.4<\/span><\/li>\n<li><span style=\"color: #000000;\">Valoarea minim\u0103 a diafragmei : F16<\/span><\/li>\n<li><span style=\"color: #000000;\">Lamele diafragmei : 11<\/span><\/li>\n<li><span style=\"color: #000000;\">Stabilizare integrat\u0103 : Nu<\/span><\/li>\n<li><span style=\"color: #000000;\">Distan\u021ba minim\u0103 de focalizare : 0,85 m<\/span><\/li>\n<li><span style=\"color: #000000;\">Diametru filtru : 77 mm<\/span><\/li>\n<li><span style=\"color: #000000;\">Dimensiuni : 84,7mm \u00d7 107,3mm<\/span><\/li>\n<li><span style=\"color: #000000;\">Greutate : 642 g<\/span><\/li>\n<li><span style=\"color: #000000;\">Con\u021binului cutiei : parasolar, capacul din spate \u0219i din fa\u021b\u0103, hus\u0103<\/span><\/li>\n<li><span style=\"color: #000000;\">Garan\u021bie de firm\u0103 : 2 ani<\/span><\/li>\n<\/ul>\n","protected":false},"featured_media":27832,"comment_status":"open","ping_status":"closed","template":"","meta":[],"product_brand":[],"product_cat":[901],"product_tag":[],"class_list":{"0":"post-27836","1":"product","2":"type-product","3":"status-publish","4":"has-post-thumbnail","6":"product_cat-obiective-fixe","8":"first","9":"instock","10":"shipping-taxable","11":"purchasable","12":"product-type-simple"},"yoast_head":"<!-- This site is optimized with the Yoast SEO plugin v26.3 - https:\/\/yoast.com\/wordpress\/plugins\/seo\/ -->\n<title>SONY SEL85F14GM2 | Cumpara obiectiv SONY in Chisinau<\/title>\n<meta name=\"description\" content=\"Cumpara obiectiv SONY SEL85F14GM2 \u00een Chi\u0219in\u0103u | Un obiectiv de portrete de nou\u0103 genera\u021bie | Diafragm\u0103 F 1.4 | Distanta focal\u0103 85 mm\" \/>\n<meta name=\"robots\" content=\"index, follow, max-snippet:-1, max-image-preview:large, max-video-preview:-1\" \/>\n<link rel=\"canonical\" href=\"https:\/\/sonycenter.md\/ro\/magazin\/sel85f14gm2\/\" \/>\n<meta property=\"og:locale\" content=\"ro_RO\" \/>\n<meta property=\"og:type\" content=\"article\" \/>\n<meta property=\"og:title\" content=\"SONY SEL85F14GM2 | Cumpara obiectiv SONY in Chisinau\" \/>\n<meta property=\"og:description\" content=\"Cumpara obiectiv SONY SEL85F14GM2 \u00een Chi\u0219in\u0103u | Un obiectiv de portrete de nou\u0103 genera\u021bie | Diafragm\u0103 F 1.4 | Distanta focal\u0103 85 mm\" \/>\n<meta property=\"og:url\" content=\"https:\/\/sonycenter.md\/ro\/magazin\/sel85f14gm2\/\" \/>\n<meta property=\"og:site_name\" content=\"SONY\" \/>\n<meta property=\"article:modified_time\" content=\"2026-01-06T08:51:29+00:00\" \/>\n<meta property=\"og:image\" content=\"https:\/\/sonycenter.md\/wp-content\/uploads\/2024\/09\/SEL85F14GM2.jpg\" \/>\n\t<meta property=\"og:image:width\" content=\"600\" \/>\n\t<meta property=\"og:image:height\" content=\"600\" \/>\n\t<meta property=\"og:image:type\" content=\"image\/jpeg\" \/>\n<meta name=\"twitter:card\" content=\"summary_large_image\" \/>\n<meta name=\"twitter:label1\" content=\"Est. reading time\" \/>\n\t<meta name=\"twitter:data1\" content=\"4 minutes\" \/>\n<script type=\"application\/ld+json\" class=\"yoast-schema-graph\">{\"@context\":\"https:\/\/schema.org\",\"@graph\":[{\"@type\":[\"WebPage\",\"ItemPage\"],\"@id\":\"https:\/\/sonycenter.md\/ro\/magazin\/sel85f14gm2\/\",\"url\":\"https:\/\/sonycenter.md\/ro\/magazin\/sel85f14gm2\/\",\"name\":\"SONY SEL85F14GM2 | Cumpara obiectiv SONY in Chisinau\",\"isPartOf\":{\"@id\":\"https:\/\/sonycenter.md\/#website\"},\"primaryImageOfPage\":{\"@id\":\"https:\/\/sonycenter.md\/ro\/magazin\/sel85f14gm2\/#primaryimage\"},\"image\":{\"@id\":\"https:\/\/sonycenter.md\/ro\/magazin\/sel85f14gm2\/#primaryimage\"},\"thumbnailUrl\":\"https:\/\/sonycenter.md\/wp-content\/uploads\/2024\/09\/SEL85F14GM2.jpg\",\"datePublished\":\"2024-09-18T12:32:44+00:00\",\"dateModified\":\"2026-01-06T08:51:29+00:00\",\"description\":\"Cumpara obiectiv SONY SEL85F14GM2 \u00een Chi\u0219in\u0103u | Un obiectiv de portrete de nou\u0103 genera\u021bie | Diafragm\u0103 F 1.4 | Distanta focal\u0103 85 mm\",\"breadcrumb\":{\"@id\":\"https:\/\/sonycenter.md\/ro\/magazin\/sel85f14gm2\/#breadcrumb\"},\"inLanguage\":\"ro-RO\",\"potentialAction\":[{\"@type\":\"ReadAction\",\"target\":[\"https:\/\/sonycenter.md\/ro\/magazin\/sel85f14gm2\/\"]}]},{\"@type\":\"ImageObject\",\"inLanguage\":\"ro-RO\",\"@id\":\"https:\/\/sonycenter.md\/ro\/magazin\/sel85f14gm2\/#primaryimage\",\"url\":\"https:\/\/sonycenter.md\/wp-content\/uploads\/2024\/09\/SEL85F14GM2.jpg\",\"contentUrl\":\"https:\/\/sonycenter.md\/wp-content\/uploads\/2024\/09\/SEL85F14GM2.jpg\",\"width\":600,\"height\":600,\"caption\":\"SEL85F14GM2\"},{\"@type\":\"BreadcrumbList\",\"@id\":\"https:\/\/sonycenter.md\/ro\/magazin\/sel85f14gm2\/#breadcrumb\",\"itemListElement\":[{\"@type\":\"ListItem\",\"position\":1,\"name\":\"\u0413\u043b\u0430\u0432\u043d\u0430\u044f \u0441\u0442\u0440\u0430\u043d\u0438\u0446\u0430\",\"item\":\"https:\/\/sonycenter.md\/ro\/\"},{\"@type\":\"ListItem\",\"position\":2,\"name\":\"Magazin\",\"item\":\"https:\/\/sonycenter.md\/shop\/\"},{\"@type\":\"ListItem\",\"position\":3,\"name\":\"SEL85F14GM2\"}]},{\"@type\":\"WebSite\",\"@id\":\"https:\/\/sonycenter.md\/#website\",\"url\":\"https:\/\/sonycenter.md\/\",\"name\":\"sonycenter.md\",\"description\":\"SONYCENTER \u00een Chi\u0219in\u0103u\",\"publisher\":{\"@id\":\"https:\/\/sonycenter.md\/#organization\"},\"potentialAction\":[{\"@type\":\"SearchAction\",\"target\":{\"@type\":\"EntryPoint\",\"urlTemplate\":\"https:\/\/sonycenter.md\/?s={search_term_string}\"},\"query-input\":{\"@type\":\"PropertyValueSpecification\",\"valueRequired\":true,\"valueName\":\"search_term_string\"}}],\"inLanguage\":\"ro-RO\"},{\"@type\":\"Organization\",\"@id\":\"https:\/\/sonycenter.md\/#organization\",\"name\":\"sonycenter.md\",\"url\":\"https:\/\/sonycenter.md\/\",\"logo\":{\"@type\":\"ImageObject\",\"inLanguage\":\"ro-RO\",\"@id\":\"https:\/\/sonycenter.md\/#\/schema\/logo\/image\/\",\"url\":\"\",\"contentUrl\":\"\",\"caption\":\"sonycenter.md\"},\"image\":{\"@id\":\"https:\/\/sonycenter.md\/#\/schema\/logo\/image\/\"}}]}<\/script>\n<!-- \/ Yoast SEO plugin. -->","yoast_head_json":{"title":"SONY SEL85F14GM2 | Cumpara obiectiv SONY in Chisinau","description":"Cumpara obiectiv SONY SEL85F14GM2 \u00een Chi\u0219in\u0103u | Un obiectiv de portrete de nou\u0103 genera\u021bie | Diafragm\u0103 F 1.4 | Distanta focal\u0103 85 mm","robots":{"index":"index","follow":"follow","max-snippet":"max-snippet:-1","max-image-preview":"max-image-preview:large","max-video-preview":"max-video-preview:-1"},"canonical":"https:\/\/sonycenter.md\/ro\/magazin\/sel85f14gm2\/","og_locale":"ro_RO","og_type":"article","og_title":"SONY SEL85F14GM2 | Cumpara obiectiv SONY in Chisinau","og_description":"Cumpara obiectiv SONY SEL85F14GM2 \u00een Chi\u0219in\u0103u | Un obiectiv de portrete de nou\u0103 genera\u021bie | Diafragm\u0103 F 1.4 | Distanta focal\u0103 85 mm","og_url":"https:\/\/sonycenter.md\/ro\/magazin\/sel85f14gm2\/","og_site_name":"SONY","article_modified_time":"2026-01-06T08:51:29+00:00","og_image":[{"width":600,"height":600,"url":"https:\/\/sonycenter.md\/wp-content\/uploads\/2024\/09\/SEL85F14GM2.jpg","type":"image\/jpeg"}],"twitter_card":"summary_large_image","twitter_misc":{"Est. reading time":"4 minutes"},"schema":{"@context":"https:\/\/schema.org","@graph":[{"@type":["WebPage","ItemPage"],"@id":"https:\/\/sonycenter.md\/ro\/magazin\/sel85f14gm2\/","url":"https:\/\/sonycenter.md\/ro\/magazin\/sel85f14gm2\/","name":"SONY SEL85F14GM2 | Cumpara obiectiv SONY in Chisinau","isPartOf":{"@id":"https:\/\/sonycenter.md\/#website"},"primaryImageOfPage":{"@id":"https:\/\/sonycenter.md\/ro\/magazin\/sel85f14gm2\/#primaryimage"},"image":{"@id":"https:\/\/sonycenter.md\/ro\/magazin\/sel85f14gm2\/#primaryimage"},"thumbnailUrl":"https:\/\/sonycenter.md\/wp-content\/uploads\/2024\/09\/SEL85F14GM2.jpg","datePublished":"2024-09-18T12:32:44+00:00","dateModified":"2026-01-06T08:51:29+00:00","description":"Cumpara obiectiv SONY SEL85F14GM2 \u00een Chi\u0219in\u0103u | Un obiectiv de portrete de nou\u0103 genera\u021bie | Diafragm\u0103 F 1.4 | Distanta focal\u0103 85 mm","breadcrumb":{"@id":"https:\/\/sonycenter.md\/ro\/magazin\/sel85f14gm2\/#breadcrumb"},"inLanguage":"ro-RO","potentialAction":[{"@type":"ReadAction","target":["https:\/\/sonycenter.md\/ro\/magazin\/sel85f14gm2\/"]}]},{"@type":"ImageObject","inLanguage":"ro-RO","@id":"https:\/\/sonycenter.md\/ro\/magazin\/sel85f14gm2\/#primaryimage","url":"https:\/\/sonycenter.md\/wp-content\/uploads\/2024\/09\/SEL85F14GM2.jpg","contentUrl":"https:\/\/sonycenter.md\/wp-content\/uploads\/2024\/09\/SEL85F14GM2.jpg","width":600,"height":600,"caption":"SEL85F14GM2"},{"@type":"BreadcrumbList","@id":"https:\/\/sonycenter.md\/ro\/magazin\/sel85f14gm2\/#breadcrumb","itemListElement":[{"@type":"ListItem","position":1,"name":"\u0413\u043b\u0430\u0432\u043d\u0430\u044f \u0441\u0442\u0440\u0430\u043d\u0438\u0446\u0430","item":"https:\/\/sonycenter.md\/ro\/"},{"@type":"ListItem","position":2,"name":"Magazin","item":"https:\/\/sonycenter.md\/shop\/"},{"@type":"ListItem","position":3,"name":"SEL85F14GM2"}]},{"@type":"WebSite","@id":"https:\/\/sonycenter.md\/#website","url":"https:\/\/sonycenter.md\/","name":"sonycenter.md","description":"SONYCENTER \u00een Chi\u0219in\u0103u","publisher":{"@id":"https:\/\/sonycenter.md\/#organization"},"potentialAction":[{"@type":"SearchAction","target":{"@type":"EntryPoint","urlTemplate":"https:\/\/sonycenter.md\/?s={search_term_string}"},"query-input":{"@type":"PropertyValueSpecification","valueRequired":true,"valueName":"search_term_string"}}],"inLanguage":"ro-RO"},{"@type":"Organization","@id":"https:\/\/sonycenter.md\/#organization","name":"sonycenter.md","url":"https:\/\/sonycenter.md\/","logo":{"@type":"ImageObject","inLanguage":"ro-RO","@id":"https:\/\/sonycenter.md\/#\/schema\/logo\/image\/","url":"","contentUrl":"","caption":"sonycenter.md"},"image":{"@id":"https:\/\/sonycenter.md\/#\/schema\/logo\/image\/"}}]}},"_links":{"self":[{"href":"https:\/\/sonycenter.md\/ro\/wp-json\/wp\/v2\/product\/27836","targetHints":{"allow":["GET"]}}],"collection":[{"href":"https:\/\/sonycenter.md\/ro\/wp-json\/wp\/v2\/product"}],"about":[{"href":"https:\/\/sonycenter.md\/ro\/wp-json\/wp\/v2\/types\/product"}],"replies":[{"embeddable":true,"href":"https:\/\/sonycenter.md\/ro\/wp-json\/wp\/v2\/comments?post=27836"}],"wp:featuredmedia":[{"embeddable":true,"href":"https:\/\/sonycenter.md\/ro\/wp-json\/wp\/v2\/media\/27832"}],"wp:attachment":[{"href":"https:\/\/sonycenter.md\/ro\/wp-json\/wp\/v2\/media?parent=27836"}],"wp:term":[{"taxonomy":"product_brand","embeddable":true,"href":"https:\/\/sonycenter.md\/ro\/wp-json\/wp\/v2\/product_brand?post=27836"},{"taxonomy":"product_cat","embeddable":true,"href":"https:\/\/sonycenter.md\/ro\/wp-json\/wp\/v2\/product_cat?post=27836"},{"taxonomy":"product_tag","embeddable":true,"href":"https:\/\/sonycenter.md\/ro\/wp-json\/wp\/v2\/product_tag?post=27836"}],"curies":[{"name":"wp","href":"https:\/\/api.w.org\/{rel}","templated":true}]}}