{"id":28279,"date":"2024-10-18T15:55:58","date_gmt":"2024-10-18T12:55:58","guid":{"rendered":"https:\/\/sonycenter.md\/?post_type=product&#038;p=28279"},"modified":"2024-10-18T16:02:18","modified_gmt":"2024-10-18T13:02:18","slug":"bczd1","status":"publish","type":"product","link":"https:\/\/sonycenter.md\/ro\/magazin\/bczd1\/","title":{"rendered":"BCZD1"},"content":{"rendered":"","protected":false},"excerpt":{"rendered":"<ul>\n<li>\u00cenc\u0103rc\u0103torul BC-ZD1 pentru baterii NP-FZ100<\/li>\n<li>\u00cencarc\u0103 dou\u0103 baterii simultan<\/li>\n<li>Suport\u0103 USB PD (Power Delivery)<\/li>\n<li>Indicatori ai st\u0103rii de \u00eenc\u0103rcare<\/li>\n<li>Dimensiuni : 84.5 \u00d7 29.2 \u00d7 70.0 mm<\/li>\n<li>Acumulator, cablu USB,sursa de alimentare nu sunt incluse<\/li>\n<\/ul>\n","protected":false},"featured_media":28269,"comment_status":"open","ping_status":"closed","template":"","meta":[],"product_brand":[],"product_cat":[644],"product_tag":[],"class_list":{"0":"post-28279","1":"product","2":"type-product","3":"status-publish","4":"has-post-thumbnail","6":"product_cat-incarcator","8":"first","9":"instock","10":"shipping-taxable","11":"purchasable","12":"product-type-simple"},"yoast_head":"<!-- This site is optimized with the Yoast SEO plugin v27.4 - https:\/\/yoast.com\/product\/yoast-seo-wordpress\/ -->\n<title>Incarcator SONY BC-ZD1 | Cumpara incarcator in Chisinau<\/title>\n<meta name=\"description\" content=\"Cumpara incarcator SONY BC-ZD1 in Chisinau | Incarcator pentru acumulatoare SONY NP-FZ100 | Comanda online cu livrare in Moldova\" \/>\n<meta name=\"robots\" content=\"index, follow, max-snippet:-1, max-image-preview:large, max-video-preview:-1\" \/>\n<link rel=\"canonical\" href=\"https:\/\/sonycenter.md\/ro\/magazin\/bczd1\/\" \/>\n<meta property=\"og:locale\" content=\"ro_RO\" \/>\n<meta property=\"og:type\" content=\"article\" \/>\n<meta property=\"og:title\" content=\"Incarcator SONY BC-ZD1 | Cumpara incarcator in Chisinau\" \/>\n<meta property=\"og:description\" content=\"Cumpara incarcator SONY BC-ZD1 in Chisinau | Incarcator pentru acumulatoare SONY NP-FZ100 | Comanda online cu livrare in Moldova\" \/>\n<meta property=\"og:url\" content=\"https:\/\/sonycenter.md\/ro\/magazin\/bczd1\/\" \/>\n<meta property=\"og:site_name\" content=\"SONY\" \/>\n<meta property=\"article:modified_time\" content=\"2024-10-18T13:02:18+00:00\" \/>\n<meta property=\"og:image\" content=\"https:\/\/sonycenter.md\/wp-content\/uploads\/2024\/10\/BC-ZD1-2.jpg\" \/>\n\t<meta property=\"og:image:width\" content=\"600\" \/>\n\t<meta property=\"og:image:height\" content=\"600\" \/>\n\t<meta property=\"og:image:type\" content=\"image\/jpeg\" \/>\n<meta name=\"twitter:card\" content=\"summary_large_image\" \/>\n<meta name=\"twitter:label1\" content=\"Est. reading time\" \/>\n\t<meta name=\"twitter:data1\" content=\"1 minute\" \/>\n<script type=\"application\/ld+json\" class=\"yoast-schema-graph\">{\"@context\":\"https:\\\/\\\/schema.org\",\"@graph\":[{\"@type\":[\"WebPage\",\"ItemPage\"],\"@id\":\"https:\\\/\\\/sonycenter.md\\\/ro\\\/magazin\\\/bczd1\\\/\",\"url\":\"https:\\\/\\\/sonycenter.md\\\/ro\\\/magazin\\\/bczd1\\\/\",\"name\":\"Incarcator SONY BC-ZD1 | Cumpara incarcator in Chisinau\",\"isPartOf\":{\"@id\":\"http:\\\/\\\/sonycenter.md\\\/ro\\\/#website\"},\"primaryImageOfPage\":{\"@id\":\"https:\\\/\\\/sonycenter.md\\\/ro\\\/magazin\\\/bczd1\\\/#primaryimage\"},\"image\":{\"@id\":\"https:\\\/\\\/sonycenter.md\\\/ro\\\/magazin\\\/bczd1\\\/#primaryimage\"},\"thumbnailUrl\":\"https:\\\/\\\/sonycenter.md\\\/wp-content\\\/uploads\\\/2024\\\/10\\\/BC-ZD1-2.jpg\",\"datePublished\":\"2024-10-18T12:55:58+00:00\",\"dateModified\":\"2024-10-18T13:02:18+00:00\",\"description\":\"Cumpara incarcator SONY BC-ZD1 in Chisinau | Incarcator pentru acumulatoare SONY NP-FZ100 | Comanda online cu livrare in Moldova\",\"breadcrumb\":{\"@id\":\"https:\\\/\\\/sonycenter.md\\\/ro\\\/magazin\\\/bczd1\\\/#breadcrumb\"},\"inLanguage\":\"ro-RO\",\"potentialAction\":[{\"@type\":\"ReadAction\",\"target\":[\"https:\\\/\\\/sonycenter.md\\\/ro\\\/magazin\\\/bczd1\\\/\"]}]},{\"@type\":\"ImageObject\",\"inLanguage\":\"ro-RO\",\"@id\":\"https:\\\/\\\/sonycenter.md\\\/ro\\\/magazin\\\/bczd1\\\/#primaryimage\",\"url\":\"https:\\\/\\\/sonycenter.md\\\/wp-content\\\/uploads\\\/2024\\\/10\\\/BC-ZD1-2.jpg\",\"contentUrl\":\"https:\\\/\\\/sonycenter.md\\\/wp-content\\\/uploads\\\/2024\\\/10\\\/BC-ZD1-2.jpg\",\"width\":600,\"height\":600,\"caption\":\"BCZD1\"},{\"@type\":\"BreadcrumbList\",\"@id\":\"https:\\\/\\\/sonycenter.md\\\/ro\\\/magazin\\\/bczd1\\\/#breadcrumb\",\"itemListElement\":[{\"@type\":\"ListItem\",\"position\":1,\"name\":\"\u0413\u043b\u0430\u0432\u043d\u0430\u044f \u0441\u0442\u0440\u0430\u043d\u0438\u0446\u0430\",\"item\":\"https:\\\/\\\/sonycenter.md\\\/ro\\\/\"},{\"@type\":\"ListItem\",\"position\":2,\"name\":\"Magazin\",\"item\":\"https:\\\/\\\/sonycenter.md\\\/shop\\\/\"},{\"@type\":\"ListItem\",\"position\":3,\"name\":\"BCZD1\"}]},{\"@type\":\"WebSite\",\"@id\":\"http:\\\/\\\/sonycenter.md\\\/ro\\\/#website\",\"url\":\"http:\\\/\\\/sonycenter.md\\\/ro\\\/\",\"name\":\"sonycenter.md\",\"description\":\"SONYCENTER \u00een Chi\u0219in\u0103u\",\"publisher\":{\"@id\":\"http:\\\/\\\/sonycenter.md\\\/ro\\\/#organization\"},\"potentialAction\":[{\"@type\":\"SearchAction\",\"target\":{\"@type\":\"EntryPoint\",\"urlTemplate\":\"http:\\\/\\\/sonycenter.md\\\/ro\\\/?s={search_term_string}\"},\"query-input\":{\"@type\":\"PropertyValueSpecification\",\"valueRequired\":true,\"valueName\":\"search_term_string\"}}],\"inLanguage\":\"ro-RO\"},{\"@type\":\"Organization\",\"@id\":\"http:\\\/\\\/sonycenter.md\\\/ro\\\/#organization\",\"name\":\"sonycenter.md\",\"url\":\"http:\\\/\\\/sonycenter.md\\\/ro\\\/\",\"logo\":{\"@type\":\"ImageObject\",\"inLanguage\":\"ro-RO\",\"@id\":\"http:\\\/\\\/sonycenter.md\\\/ro\\\/#\\\/schema\\\/logo\\\/image\\\/\",\"url\":\"\",\"contentUrl\":\"\",\"caption\":\"sonycenter.md\"},\"image\":{\"@id\":\"http:\\\/\\\/sonycenter.md\\\/ro\\\/#\\\/schema\\\/logo\\\/image\\\/\"}}]}<\/script>\n<!-- \/ Yoast SEO plugin. -->","yoast_head_json":{"title":"Incarcator SONY BC-ZD1 | Cumpara incarcator in Chisinau","description":"Cumpara incarcator SONY BC-ZD1 in Chisinau | Incarcator pentru acumulatoare SONY NP-FZ100 | Comanda online cu livrare in Moldova","robots":{"index":"index","follow":"follow","max-snippet":"max-snippet:-1","max-image-preview":"max-image-preview:large","max-video-preview":"max-video-preview:-1"},"canonical":"https:\/\/sonycenter.md\/ro\/magazin\/bczd1\/","og_locale":"ro_RO","og_type":"article","og_title":"Incarcator SONY BC-ZD1 | Cumpara incarcator in Chisinau","og_description":"Cumpara incarcator SONY BC-ZD1 in Chisinau | Incarcator pentru acumulatoare SONY NP-FZ100 | Comanda online cu livrare in Moldova","og_url":"https:\/\/sonycenter.md\/ro\/magazin\/bczd1\/","og_site_name":"SONY","article_modified_time":"2024-10-18T13:02:18+00:00","og_image":[{"width":600,"height":600,"url":"https:\/\/sonycenter.md\/wp-content\/uploads\/2024\/10\/BC-ZD1-2.jpg","type":"image\/jpeg"}],"twitter_card":"summary_large_image","twitter_misc":{"Est. reading time":"1 minute"},"schema":{"@context":"https:\/\/schema.org","@graph":[{"@type":["WebPage","ItemPage"],"@id":"https:\/\/sonycenter.md\/ro\/magazin\/bczd1\/","url":"https:\/\/sonycenter.md\/ro\/magazin\/bczd1\/","name":"Incarcator SONY BC-ZD1 | Cumpara incarcator in Chisinau","isPartOf":{"@id":"https:\/\/sonycenter.md\/ro\/#website"},"primaryImageOfPage":{"@id":"https:\/\/sonycenter.md\/ro\/magazin\/bczd1\/#primaryimage"},"image":{"@id":"https:\/\/sonycenter.md\/ro\/magazin\/bczd1\/#primaryimage"},"thumbnailUrl":"https:\/\/sonycenter.md\/wp-content\/uploads\/2024\/10\/BC-ZD1-2.jpg","datePublished":"2024-10-18T12:55:58+00:00","dateModified":"2024-10-18T13:02:18+00:00","description":"Cumpara incarcator SONY BC-ZD1 in Chisinau | Incarcator pentru acumulatoare SONY NP-FZ100 | Comanda online cu livrare in Moldova","breadcrumb":{"@id":"https:\/\/sonycenter.md\/ro\/magazin\/bczd1\/#breadcrumb"},"inLanguage":"ro-RO","potentialAction":[{"@type":"ReadAction","target":["https:\/\/sonycenter.md\/ro\/magazin\/bczd1\/"]}]},{"@type":"ImageObject","inLanguage":"ro-RO","@id":"https:\/\/sonycenter.md\/ro\/magazin\/bczd1\/#primaryimage","url":"https:\/\/sonycenter.md\/wp-content\/uploads\/2024\/10\/BC-ZD1-2.jpg","contentUrl":"https:\/\/sonycenter.md\/wp-content\/uploads\/2024\/10\/BC-ZD1-2.jpg","width":600,"height":600,"caption":"BCZD1"},{"@type":"BreadcrumbList","@id":"https:\/\/sonycenter.md\/ro\/magazin\/bczd1\/#breadcrumb","itemListElement":[{"@type":"ListItem","position":1,"name":"\u0413\u043b\u0430\u0432\u043d\u0430\u044f \u0441\u0442\u0440\u0430\u043d\u0438\u0446\u0430","item":"https:\/\/sonycenter.md\/ro\/"},{"@type":"ListItem","position":2,"name":"Magazin","item":"https:\/\/sonycenter.md\/shop\/"},{"@type":"ListItem","position":3,"name":"BCZD1"}]},{"@type":"WebSite","@id":"https:\/\/sonycenter.md\/ro\/#website","url":"https:\/\/sonycenter.md\/ro\/","name":"sonycenter.md","description":"SONYCENTER \u00een Chi\u0219in\u0103u","publisher":{"@id":"https:\/\/sonycenter.md\/ro\/#organization"},"potentialAction":[{"@type":"SearchAction","target":{"@type":"EntryPoint","urlTemplate":"https:\/\/sonycenter.md\/ro\/?s={search_term_string}"},"query-input":{"@type":"PropertyValueSpecification","valueRequired":true,"valueName":"search_term_string"}}],"inLanguage":"ro-RO"},{"@type":"Organization","@id":"https:\/\/sonycenter.md\/ro\/#organization","name":"sonycenter.md","url":"https:\/\/sonycenter.md\/ro\/","logo":{"@type":"ImageObject","inLanguage":"ro-RO","@id":"https:\/\/sonycenter.md\/ro\/#\/schema\/logo\/image\/","url":"","contentUrl":"","caption":"sonycenter.md"},"image":{"@id":"https:\/\/sonycenter.md\/ro\/#\/schema\/logo\/image\/"}}]}},"_links":{"self":[{"href":"https:\/\/sonycenter.md\/ro\/wp-json\/wp\/v2\/product\/28279","targetHints":{"allow":["GET"]}}],"collection":[{"href":"https:\/\/sonycenter.md\/ro\/wp-json\/wp\/v2\/product"}],"about":[{"href":"https:\/\/sonycenter.md\/ro\/wp-json\/wp\/v2\/types\/product"}],"replies":[{"embeddable":true,"href":"https:\/\/sonycenter.md\/ro\/wp-json\/wp\/v2\/comments?post=28279"}],"wp:featuredmedia":[{"embeddable":true,"href":"https:\/\/sonycenter.md\/ro\/wp-json\/wp\/v2\/media\/28269"}],"wp:attachment":[{"href":"https:\/\/sonycenter.md\/ro\/wp-json\/wp\/v2\/media?parent=28279"}],"wp:term":[{"taxonomy":"product_brand","embeddable":true,"href":"https:\/\/sonycenter.md\/ro\/wp-json\/wp\/v2\/product_brand?post=28279"},{"taxonomy":"product_cat","embeddable":true,"href":"https:\/\/sonycenter.md\/ro\/wp-json\/wp\/v2\/product_cat?post=28279"},{"taxonomy":"product_tag","embeddable":true,"href":"https:\/\/sonycenter.md\/ro\/wp-json\/wp\/v2\/product_tag?post=28279"}],"curies":[{"name":"wp","href":"https:\/\/api.w.org\/{rel}","templated":true}]}}