{"id":28333,"date":"2024-10-24T10:17:13","date_gmt":"2024-10-24T07:17:13","guid":{"rendered":"https:\/\/sonycenter.md\/magazin\/28333\/"},"modified":"2026-03-24T11:09:02","modified_gmt":"2026-03-24T09:09:02","slug":"playstation-5-pro","status":"publish","type":"product","link":"https:\/\/sonycenter.md\/ro\/magazin\/playstation-5-pro\/","title":{"rendered":"PlayStation 5 PRO"},"content":{"rendered":"<p><span style=\"color: #000000;\">Specifica\u021bii generale pentru <span style=\"color: #0000ff;\"><a style=\"color: #0000ff;\" href=\"https:\/\/sonycenter.md\/ro\/category\/sony-playstation-ro\/sony-playstation-5-in-moldova\/\">consola de joc<\/a><\/span> PlayStation 5 PRO:<\/span><\/p>\n<p><iframe loading=\"lazy\" title=\"YouTube video player\" src=\"https:\/\/www.youtube.com\/embed\/6HaRMiTfvks?si=1qjW3jw2v6Ai8flu\" width=\"560\" height=\"315\" frameborder=\"0\" allowfullscreen=\"allowfullscreen\"><\/iframe><\/p>\n<table>\n<tbody>\n<tr>\n<td width=\"243\"><span style=\"color: #000000;\"><strong>Platforma<\/strong><\/span><\/td>\n<td width=\"286\"><span style=\"color: #000000;\">PlayStation 5 PRO \/ CFI-7121<\/span><\/td>\n<\/tr>\n<tr>\n<td><span style=\"color: #000000;\"><strong>Capacitate SSD<\/strong><\/span><\/td>\n<td><span style=\"color: #000000;\">2 TB<\/span><\/td>\n<\/tr>\n<tr>\n<td><span style=\"color: #000000;\"><strong>Memorie RAM<\/strong><\/span><\/td>\n<td><span style=\"color: #000000;\">16 GB GDDR6 +2 GB GDDR5<\/span><\/td>\n<\/tr>\n<tr>\n<td><span style=\"color: #000000;\"><strong>Procesor<\/strong><\/span><\/td>\n<td><span style=\"color: #000000;\">3rd generation AMD Ryzen Zen 2<\/span><\/td>\n<\/tr>\n<tr>\n<td><span style=\"color: #000000;\"><strong>Numar nuclee<\/strong><\/span><\/td>\n<td><span style=\"color: #000000;\">8<\/span><\/td>\n<\/tr>\n<tr>\n<td><span style=\"color: #000000;\"><strong>Tehnologie de \u00eembun\u0103t\u0103\u021bire a imaginii<\/strong><\/span><\/td>\n<td><span style=\"color: #000000;\">PSSR<\/span><\/td>\n<\/tr>\n<tr>\n<td><span style=\"color: #000000;\"><strong>Placa grafica<\/strong><\/span><\/td>\n<td><span style=\"color: #000000;\">AMD RDNA 2<\/span><\/td>\n<\/tr>\n<tr>\n<td><span style=\"color: #000000;\"><strong>Rezolutie 4K<\/strong><\/span><\/td>\n<td><span style=\"color: #000000;\">120 Hz<\/span><\/td>\n<\/tr>\n<tr>\n<td><span style=\"color: #000000;\"><strong>Rezolutie 8K<\/strong><\/span><\/td>\n<td><span style=\"color: #000000;\">60Hz<\/span><\/td>\n<\/tr>\n<tr>\n<td><span style=\"color: #000000;\"><strong>Audio<\/strong><\/span><\/td>\n<td><span style=\"color: #000000;\">Tempest 3D AudioTech<\/span><\/td>\n<\/tr>\n<tr>\n<td><span style=\"color: #000000;\"><strong>Unitate optica<\/strong><\/span><\/td>\n<td><span style=\"color: #000000;\">Blu-Ray (se vinde separat )<\/span><\/td>\n<\/tr>\n<tr>\n<td><span style=\"color: #000000;\"><strong>Greutate<\/strong><\/span><\/td>\n<td><span style=\"color: #000000;\">~ 4.5 kg<\/span><\/td>\n<\/tr>\n<tr>\n<td><span style=\"color: #000000;\"><strong>Bluetooth<\/strong><\/span><\/td>\n<td><span style=\"color: #000000;\">Bluetooth 5.2<\/span><\/td>\n<\/tr>\n<tr>\n<td><span style=\"color: #000000;\"><strong>Ethernet<\/strong><\/span><\/td>\n<td><span style=\"color: #000000;\">10\/100\/1000 Mbps<\/span><\/td>\n<\/tr>\n<tr>\n<td><span style=\"color: #000000;\"><strong>Wi-Fi<\/strong><\/span><\/td>\n<td><span style=\"color: #000000;\">IEEE 802.11 a\/b\/g\/n\/ac\/ax<\/span><\/td>\n<\/tr>\n<tr>\n<td><span style=\"color: #000000;\"><strong>Porturi<\/strong><\/span><\/td>\n<td><span style=\"color: #000000;\">HDMI x 1<\/span><br \/>\n<span style=\"color: #000000;\">USB Type-C x 2<\/span><br \/>\n<span style=\"color: #000000;\">USB Type-A x 2<\/span><\/td>\n<\/tr>\n<tr>\n<td><\/td>\n<td><\/td>\n<\/tr>\n<tr>\n<td><span style=\"color: #000000;\"><strong>Ce este in cutie?<\/strong><\/span><\/td>\n<td><span style=\"color: #000000;\">1 x Consola<\/span><\/td>\n<\/tr>\n<tr>\n<td><\/td>\n<td><span style=\"color: #000000;\">1 x Wireless Controller DualSense<\/span><\/td>\n<\/tr>\n<tr>\n<td><\/td>\n<td><span style=\"color: #000000;\">2 x Horizontal stands<\/span><\/td>\n<\/tr>\n<tr>\n<td><\/td>\n<td><span style=\"color: #000000;\">1 x Cablu HDMI<\/span><\/td>\n<\/tr>\n<tr>\n<td><\/td>\n<td><span style=\"color: #000000;\">1 x Cablu de alimentare AC<\/span><\/td>\n<\/tr>\n<tr>\n<td><\/td>\n<td><span style=\"color: #000000;\">1 x Cablu USB<\/span><\/td>\n<\/tr>\n<\/tbody>\n<\/table>\n<p><span style=\"color: #000000;\">*Serviciul PSN nu este, \u00een prezent, oficial acceptat \u00een Republica Moldova.<\/span><\/p>\n","protected":false},"excerpt":{"rendered":"<ul>\n<li><span style=\"color: #000000;\">Tip : SONY PlayStation 5 PRO<\/span><\/li>\n<li><span style=\"color: #000000;\">Model : CFI-7121<\/span><\/li>\n<li><span style=\"color: #000000;\">DualSense Wireless Controller (in cutie)<\/span><\/li>\n<li><span style=\"color: #000000;\">Capacitate SSD : 2 TB<\/span><\/li>\n<li><span style=\"color: #000000;\">Memorie RAM : 16 GB GDDR6 + 2 GB GDDR5<\/span><\/li>\n<li><span style=\"color: #000000;\">Wi-Fi \/ Ethernet : Da<\/span><\/li>\n<li><span style=\"color: #000000;\">Rezolutie 4K : 120 Hz<\/span><\/li>\n<li><span style=\"color: #000000;\">Rezolutie 8K : 60 Hz<\/span><\/li>\n<li><a href=\"https:\/\/sonycenter.md\/ro\/category\/televizoare-sony\/televizoare-oled-sony\/\"><span style=\"color: #0000ff;\">Televizoare OLED SONY compatibile<\/span><\/a><\/li>\n<li><a href=\"https:\/\/sonycenter.md\/ro\/category\/televizoare-sony\/televizoare-mini-led\/\"><span style=\"color: #0000ff;\">Televizoare Mini LED SONY compatibile<\/span><\/a><\/li>\n<\/ul>\n","protected":false},"featured_media":28319,"comment_status":"open","ping_status":"closed","template":"","meta":[],"product_brand":[],"product_cat":[863],"product_tag":[],"class_list":{"0":"post-28333","1":"product","2":"type-product","3":"status-publish","4":"has-post-thumbnail","6":"product_cat-sony-playstation-5-in-moldova","8":"first","9":"outofstock","10":"shipping-taxable","11":"purchasable","12":"product-type-simple"},"yoast_head":"<!-- This site is optimized with the Yoast SEO plugin v26.3 - https:\/\/yoast.com\/wordpress\/plugins\/seo\/ -->\n<title>PlayStation 5 PRO \u00een Chisinau | SONY PS5 Pro \u00een Moldova<\/title>\n<meta name=\"description\" content=\"Cumpara SONY PlayStation 5 PRO \u00een Chi\u0219in\u0103u | Cea mai bun\u0103 consol\u0103 de jocuri SONY PS5 PRO \u00een Moldova | Cel mai bun pre\u021b | Livrare gratuit\u0103\" \/>\n<meta name=\"robots\" content=\"index, follow, max-snippet:-1, max-image-preview:large, max-video-preview:-1\" \/>\n<link rel=\"canonical\" href=\"https:\/\/sonycenter.md\/ro\/magazin\/playstation-5-pro\/\" \/>\n<meta property=\"og:locale\" content=\"ro_RO\" \/>\n<meta property=\"og:type\" content=\"article\" \/>\n<meta property=\"og:title\" content=\"PlayStation 5 PRO \u00een Chisinau | SONY PS5 Pro \u00een Moldova\" \/>\n<meta property=\"og:description\" content=\"Cumpara SONY PlayStation 5 PRO \u00een Chi\u0219in\u0103u | Cea mai bun\u0103 consol\u0103 de jocuri SONY PS5 PRO \u00een Moldova | Cel mai bun pre\u021b | Livrare gratuit\u0103\" \/>\n<meta property=\"og:url\" content=\"https:\/\/sonycenter.md\/ro\/magazin\/playstation-5-pro\/\" \/>\n<meta property=\"og:site_name\" content=\"SONY\" \/>\n<meta property=\"article:modified_time\" content=\"2026-03-24T09:09:02+00:00\" \/>\n<meta property=\"og:image\" content=\"https:\/\/sonycenter.md\/wp-content\/uploads\/2024\/10\/5pro-2.jpg\" \/>\n\t<meta property=\"og:image:width\" content=\"600\" \/>\n\t<meta property=\"og:image:height\" content=\"600\" \/>\n\t<meta property=\"og:image:type\" content=\"image\/jpeg\" \/>\n<meta name=\"twitter:card\" content=\"summary_large_image\" \/>\n<meta name=\"twitter:label1\" content=\"Est. reading time\" \/>\n\t<meta name=\"twitter:data1\" content=\"1 minute\" \/>\n<script type=\"application\/ld+json\" class=\"yoast-schema-graph\">{\"@context\":\"https:\/\/schema.org\",\"@graph\":[{\"@type\":[\"WebPage\",\"ItemPage\"],\"@id\":\"https:\/\/sonycenter.md\/ro\/magazin\/playstation-5-pro\/\",\"url\":\"https:\/\/sonycenter.md\/ro\/magazin\/playstation-5-pro\/\",\"name\":\"PlayStation 5 PRO \u00een Chisinau | SONY PS5 Pro \u00een Moldova\",\"isPartOf\":{\"@id\":\"https:\/\/sonycenter.md\/ro\/#website\"},\"primaryImageOfPage\":{\"@id\":\"https:\/\/sonycenter.md\/ro\/magazin\/playstation-5-pro\/#primaryimage\"},\"image\":{\"@id\":\"https:\/\/sonycenter.md\/ro\/magazin\/playstation-5-pro\/#primaryimage\"},\"thumbnailUrl\":\"https:\/\/sonycenter.md\/wp-content\/uploads\/2024\/10\/5pro-2.jpg\",\"datePublished\":\"2024-10-24T07:17:13+00:00\",\"dateModified\":\"2026-03-24T09:09:02+00:00\",\"description\":\"Cumpara SONY PlayStation 5 PRO \u00een Chi\u0219in\u0103u | Cea mai bun\u0103 consol\u0103 de jocuri SONY PS5 PRO \u00een Moldova | Cel mai bun pre\u021b | Livrare gratuit\u0103\",\"breadcrumb\":{\"@id\":\"https:\/\/sonycenter.md\/ro\/magazin\/playstation-5-pro\/#breadcrumb\"},\"inLanguage\":\"ro-RO\",\"potentialAction\":[{\"@type\":\"ReadAction\",\"target\":[\"https:\/\/sonycenter.md\/ro\/magazin\/playstation-5-pro\/\"]}]},{\"@type\":\"ImageObject\",\"inLanguage\":\"ro-RO\",\"@id\":\"https:\/\/sonycenter.md\/ro\/magazin\/playstation-5-pro\/#primaryimage\",\"url\":\"https:\/\/sonycenter.md\/wp-content\/uploads\/2024\/10\/5pro-2.jpg\",\"contentUrl\":\"https:\/\/sonycenter.md\/wp-content\/uploads\/2024\/10\/5pro-2.jpg\",\"width\":600,\"height\":600,\"caption\":\"PlayStation 5 PRO\"},{\"@type\":\"BreadcrumbList\",\"@id\":\"https:\/\/sonycenter.md\/ro\/magazin\/playstation-5-pro\/#breadcrumb\",\"itemListElement\":[{\"@type\":\"ListItem\",\"position\":1,\"name\":\"\u0413\u043b\u0430\u0432\u043d\u0430\u044f \u0441\u0442\u0440\u0430\u043d\u0438\u0446\u0430\",\"item\":\"https:\/\/sonycenter.md\/ro\/\"},{\"@type\":\"ListItem\",\"position\":2,\"name\":\"Magazin\",\"item\":\"https:\/\/sonycenter.md\/shop\/\"},{\"@type\":\"ListItem\",\"position\":3,\"name\":\"PlayStation 5 PRO\"}]},{\"@type\":\"WebSite\",\"@id\":\"https:\/\/sonycenter.md\/ro\/#website\",\"url\":\"https:\/\/sonycenter.md\/ro\/\",\"name\":\"sonycenter.md\",\"description\":\"SONYCENTER \u00een Chi\u0219in\u0103u\",\"publisher\":{\"@id\":\"https:\/\/sonycenter.md\/ro\/#organization\"},\"potentialAction\":[{\"@type\":\"SearchAction\",\"target\":{\"@type\":\"EntryPoint\",\"urlTemplate\":\"https:\/\/sonycenter.md\/ro\/?s={search_term_string}\"},\"query-input\":{\"@type\":\"PropertyValueSpecification\",\"valueRequired\":true,\"valueName\":\"search_term_string\"}}],\"inLanguage\":\"ro-RO\"},{\"@type\":\"Organization\",\"@id\":\"https:\/\/sonycenter.md\/ro\/#organization\",\"name\":\"sonycenter.md\",\"url\":\"https:\/\/sonycenter.md\/ro\/\",\"logo\":{\"@type\":\"ImageObject\",\"inLanguage\":\"ro-RO\",\"@id\":\"https:\/\/sonycenter.md\/ro\/#\/schema\/logo\/image\/\",\"url\":\"\",\"contentUrl\":\"\",\"caption\":\"sonycenter.md\"},\"image\":{\"@id\":\"https:\/\/sonycenter.md\/ro\/#\/schema\/logo\/image\/\"}}]}<\/script>\n<!-- \/ Yoast SEO plugin. -->","yoast_head_json":{"title":"PlayStation 5 PRO \u00een Chisinau | SONY PS5 Pro \u00een Moldova","description":"Cumpara SONY PlayStation 5 PRO \u00een Chi\u0219in\u0103u | Cea mai bun\u0103 consol\u0103 de jocuri SONY PS5 PRO \u00een Moldova | Cel mai bun pre\u021b | Livrare gratuit\u0103","robots":{"index":"index","follow":"follow","max-snippet":"max-snippet:-1","max-image-preview":"max-image-preview:large","max-video-preview":"max-video-preview:-1"},"canonical":"https:\/\/sonycenter.md\/ro\/magazin\/playstation-5-pro\/","og_locale":"ro_RO","og_type":"article","og_title":"PlayStation 5 PRO \u00een Chisinau | SONY PS5 Pro \u00een Moldova","og_description":"Cumpara SONY PlayStation 5 PRO \u00een Chi\u0219in\u0103u | Cea mai bun\u0103 consol\u0103 de jocuri SONY PS5 PRO \u00een Moldova | Cel mai bun pre\u021b | Livrare gratuit\u0103","og_url":"https:\/\/sonycenter.md\/ro\/magazin\/playstation-5-pro\/","og_site_name":"SONY","article_modified_time":"2026-03-24T09:09:02+00:00","og_image":[{"width":600,"height":600,"url":"https:\/\/sonycenter.md\/wp-content\/uploads\/2024\/10\/5pro-2.jpg","type":"image\/jpeg"}],"twitter_card":"summary_large_image","twitter_misc":{"Est. reading time":"1 minute"},"schema":{"@context":"https:\/\/schema.org","@graph":[{"@type":["WebPage","ItemPage"],"@id":"https:\/\/sonycenter.md\/ro\/magazin\/playstation-5-pro\/","url":"https:\/\/sonycenter.md\/ro\/magazin\/playstation-5-pro\/","name":"PlayStation 5 PRO \u00een Chisinau | SONY PS5 Pro \u00een Moldova","isPartOf":{"@id":"https:\/\/sonycenter.md\/ro\/#website"},"primaryImageOfPage":{"@id":"https:\/\/sonycenter.md\/ro\/magazin\/playstation-5-pro\/#primaryimage"},"image":{"@id":"https:\/\/sonycenter.md\/ro\/magazin\/playstation-5-pro\/#primaryimage"},"thumbnailUrl":"https:\/\/sonycenter.md\/wp-content\/uploads\/2024\/10\/5pro-2.jpg","datePublished":"2024-10-24T07:17:13+00:00","dateModified":"2026-03-24T09:09:02+00:00","description":"Cumpara SONY PlayStation 5 PRO \u00een Chi\u0219in\u0103u | Cea mai bun\u0103 consol\u0103 de jocuri SONY PS5 PRO \u00een Moldova | Cel mai bun pre\u021b | Livrare gratuit\u0103","breadcrumb":{"@id":"https:\/\/sonycenter.md\/ro\/magazin\/playstation-5-pro\/#breadcrumb"},"inLanguage":"ro-RO","potentialAction":[{"@type":"ReadAction","target":["https:\/\/sonycenter.md\/ro\/magazin\/playstation-5-pro\/"]}]},{"@type":"ImageObject","inLanguage":"ro-RO","@id":"https:\/\/sonycenter.md\/ro\/magazin\/playstation-5-pro\/#primaryimage","url":"https:\/\/sonycenter.md\/wp-content\/uploads\/2024\/10\/5pro-2.jpg","contentUrl":"https:\/\/sonycenter.md\/wp-content\/uploads\/2024\/10\/5pro-2.jpg","width":600,"height":600,"caption":"PlayStation 5 PRO"},{"@type":"BreadcrumbList","@id":"https:\/\/sonycenter.md\/ro\/magazin\/playstation-5-pro\/#breadcrumb","itemListElement":[{"@type":"ListItem","position":1,"name":"\u0413\u043b\u0430\u0432\u043d\u0430\u044f \u0441\u0442\u0440\u0430\u043d\u0438\u0446\u0430","item":"https:\/\/sonycenter.md\/ro\/"},{"@type":"ListItem","position":2,"name":"Magazin","item":"https:\/\/sonycenter.md\/shop\/"},{"@type":"ListItem","position":3,"name":"PlayStation 5 PRO"}]},{"@type":"WebSite","@id":"https:\/\/sonycenter.md\/ro\/#website","url":"https:\/\/sonycenter.md\/ro\/","name":"sonycenter.md","description":"SONYCENTER \u00een Chi\u0219in\u0103u","publisher":{"@id":"https:\/\/sonycenter.md\/ro\/#organization"},"potentialAction":[{"@type":"SearchAction","target":{"@type":"EntryPoint","urlTemplate":"https:\/\/sonycenter.md\/ro\/?s={search_term_string}"},"query-input":{"@type":"PropertyValueSpecification","valueRequired":true,"valueName":"search_term_string"}}],"inLanguage":"ro-RO"},{"@type":"Organization","@id":"https:\/\/sonycenter.md\/ro\/#organization","name":"sonycenter.md","url":"https:\/\/sonycenter.md\/ro\/","logo":{"@type":"ImageObject","inLanguage":"ro-RO","@id":"https:\/\/sonycenter.md\/ro\/#\/schema\/logo\/image\/","url":"","contentUrl":"","caption":"sonycenter.md"},"image":{"@id":"https:\/\/sonycenter.md\/ro\/#\/schema\/logo\/image\/"}}]}},"_links":{"self":[{"href":"https:\/\/sonycenter.md\/ro\/wp-json\/wp\/v2\/product\/28333","targetHints":{"allow":["GET"]}}],"collection":[{"href":"https:\/\/sonycenter.md\/ro\/wp-json\/wp\/v2\/product"}],"about":[{"href":"https:\/\/sonycenter.md\/ro\/wp-json\/wp\/v2\/types\/product"}],"replies":[{"embeddable":true,"href":"https:\/\/sonycenter.md\/ro\/wp-json\/wp\/v2\/comments?post=28333"}],"wp:featuredmedia":[{"embeddable":true,"href":"https:\/\/sonycenter.md\/ro\/wp-json\/wp\/v2\/media\/28319"}],"wp:attachment":[{"href":"https:\/\/sonycenter.md\/ro\/wp-json\/wp\/v2\/media?parent=28333"}],"wp:term":[{"taxonomy":"product_brand","embeddable":true,"href":"https:\/\/sonycenter.md\/ro\/wp-json\/wp\/v2\/product_brand?post=28333"},{"taxonomy":"product_cat","embeddable":true,"href":"https:\/\/sonycenter.md\/ro\/wp-json\/wp\/v2\/product_cat?post=28333"},{"taxonomy":"product_tag","embeddable":true,"href":"https:\/\/sonycenter.md\/ro\/wp-json\/wp\/v2\/product_tag?post=28333"}],"curies":[{"name":"wp","href":"https:\/\/api.w.org\/{rel}","templated":true}]}}