{"id":28357,"date":"2024-10-25T17:53:43","date_gmt":"2024-10-25T14:53:43","guid":{"rendered":"https:\/\/sonycenter.md\/?post_type=product&#038;p=28357"},"modified":"2026-03-10T15:01:10","modified_gmt":"2026-03-10T13:01:10","slug":"hvlf28rm","status":"publish","type":"product","link":"https:\/\/sonycenter.md\/ro\/magazin\/hvlf28rm\/","title":{"rendered":"HVLF28RMA"},"content":{"rendered":"<p><span style=\"color: #000000;\">Specifica\u021bii complete pentru<span style=\"color: #0000ff;\"> <a style=\"color: #0000ff;\" href=\"https:\/\/sonycenter.md\/ro\/category\/accesorii-foto-video\/blituri-si-reflectoare\/\">bli\u021b<\/a> <\/span>SONY HVLF28RMA:<\/span><\/p>\n<table style=\"height: 1647px;\" width=\"616\">\n<tbody>\n<tr>\n<td width=\"210\"><span style=\"color: #000000;\"><strong>Con\u021binutul cutiei<\/strong><\/span><\/td>\n<td width=\"210\"><span style=\"color: #000000;\">Capac protejare conector (1), minisuport (1), geant\u0103 de transport (1), capac rezistent la praf \u0219i umezeal\u0103 (1)<\/span><\/td>\n<\/tr>\n<tr>\n<td style=\"text-align: center;\" colspan=\"2\"><span style=\"color: #000000;\"><strong>Informa\u021bii de baz\u0103<\/strong><\/span><\/td>\n<\/tr>\n<tr>\n<td><span style=\"color: #000000;\"><strong>Dim. (aprox.)<\/strong><\/span><\/td>\n<td><span style=\"color: #000000;\">65,1 mm x 83,5 mm x A91,4 mm<\/span><\/td>\n<\/tr>\n<tr>\n<td><span style=\"color: #000000;\"><strong>Greutate (aproximativ)<\/strong><\/span><\/td>\n<td><span style=\"color: #000000;\">219 g (doar unitatea principal\u0103)<\/span><\/td>\n<\/tr>\n<tr>\n<td style=\"text-align: center;\" colspan=\"2\"><span style=\"color: #000000;\"><strong>Tip de camer\u0103<\/strong><\/span><\/td>\n<\/tr>\n<tr>\n<td><span style=\"color: #000000;\"><strong>Tip de camer\u0103<\/strong><\/span><\/td>\n<td><span style=\"color: #000000;\">Bli\u0163 electronic automat (de tip clip-on) cu m\u0103surare prebli\u0163<\/span><\/td>\n<\/tr>\n<tr>\n<td><span style=\"color: #000000;\"><strong>Tip soclu<\/strong><\/span><\/td>\n<td><span style=\"color: #000000;\">Suport cu interfa\u0163\u0103 multipl\u0103.<\/span><\/td>\n<\/tr>\n<tr>\n<td style=\"text-align: center;\" colspan=\"2\"><span style=\"color: #000000;\"><strong>Cap bli\u0163 (unitate care emite lumin\u0103)<\/strong><\/span><\/td>\n<\/tr>\n<tr>\n<td><span style=\"color: #000000;\"><strong>Num\u0103r maxim de ghidaje<\/strong><\/span><\/td>\n<td><span style=\"color: #000000;\">28 (setare acoperire bli\u021b 50 mm, ISO100\u30fbm)<\/span><\/td>\n<\/tr>\n<tr>\n<td><span style=\"color: #000000;\"><strong>Acoperirea bli\u0163ului<\/strong><\/span><\/td>\n<td><span style=\"color: #000000;\">50 mm, unghiul de vizualizare la distan\u0163a focal\u0103 de 15 mm este \u0219i el acoperit de panoul panoramic<\/span><\/td>\n<\/tr>\n<tr>\n<td><span style=\"color: #000000;\"><strong>Mod bli\u0163<\/strong><\/span><\/td>\n<td><span style=\"color: #000000;\">TTL\/MANUAL\/MULTI<\/span><\/td>\n<\/tr>\n<tr>\n<td><span style=\"color: #000000;\"><strong>Durat\u0103 bli\u0163 (aprox.)<\/strong><\/span><\/td>\n<td><span style=\"color: #000000;\">\u00cen 1,6 ms (1\/1 MANUAL)<\/span><\/td>\n<\/tr>\n<tr>\n<td><span style=\"color: #000000;\"><strong>Temperatur\u0103 culoare (aprox.)<\/strong><\/span><\/td>\n<td><span style=\"color: #000000;\">5.500.000<\/span><\/td>\n<\/tr>\n<tr>\n<td><span style=\"color: #000000;\"><strong>Frecven\u0163\u0103 (aprox.)<\/strong><\/span><\/td>\n<td><span style=\"color: #000000;\">\u00centre 0,1 \u0219i 6,4 secunde (baterie alcalin\u0103)\/\u00centre 0,1 \u0219i 4,1 secunde (baterie Ni-MH)\u00a0<\/span><\/td>\n<\/tr>\n<tr>\n<td><span style=\"color: #000000;\"><strong>Repetare (aprox.)<\/strong><\/span><\/td>\n<td><span style=\"color: #000000;\">Mai mult de 110 (baterie alcalin\u0103)\/Mai mult de 200 de ori (baterie Ni-MH)<\/span><\/td>\n<\/tr>\n<tr>\n<td><span style=\"color: #000000;\"><strong>Performan\u0163\u0103 bli\u0163 continuu<\/strong><\/span><\/td>\n<td><span style=\"color: #000000;\">40 de declan\u015f\u0103ri la 10 declan\u015f\u0103ri\/secund\u0103<\/span><\/td>\n<\/tr>\n<tr>\n<td><span style=\"color: #000000;\"><strong>Bli\u0163 indirect<\/strong><\/span><\/td>\n<td><span style=\"color: #000000;\">Da<\/span><\/td>\n<\/tr>\n<tr>\n<td><span style=\"color: #000000;\"><strong>Unghi redirec\u0163ionare<\/strong><\/span><\/td>\n<td><span style=\"color: #000000;\">P\u00e2n\u0103 la 120 grade (0\/20\/40\/60\/80\/120 grade)<\/span><\/td>\n<\/tr>\n<tr>\n<td><span style=\"color: #000000;\"><strong>Bli\u0163 testare<\/strong><\/span><\/td>\n<td><span style=\"color: #000000;\">Da<\/span><\/td>\n<\/tr>\n<tr>\n<td><span style=\"color: #000000;\"><strong>Control bli\u0163<\/strong><\/span><\/td>\n<td><span style=\"color: #000000;\">Controlul bli\u0163ului folosind prebli\u0163 (P-TTL\/ADI)<\/span><\/td>\n<\/tr>\n<tr>\n<td><span style=\"color: #000000;\"><strong>Compensare bli\u0163<\/strong><\/span><\/td>\n<td><span style=\"color: #000000;\">Da\u00a0<\/span><\/td>\n<\/tr>\n<tr>\n<td><span style=\"color: #000000;\"><strong>Comutare a nivelului de putere<\/strong><\/span><\/td>\n<td><span style=\"color: #000000;\">25 de niveluri (1\/1-1\/256) pa\u015fi 1\/3<\/span><\/td>\n<\/tr>\n<tr>\n<td><span style=\"color: #000000;\"><strong>Sincronizare de mare vitez\u0103 (hss)<\/strong><\/span><\/td>\n<td><span style=\"color: #000000;\">Da<\/span><\/td>\n<\/tr>\n<tr>\n<td><span style=\"color: #000000;\"><strong>Bli\u0163 modeling<\/strong><\/span><\/td>\n<td><span style=\"color: #000000;\">Da<\/span><\/td>\n<\/tr>\n<tr>\n<td><span style=\"color: #000000;\"><strong>Panou lat \u00eencorporat<\/strong><\/span><\/td>\n<td><span style=\"color: #000000;\">Da (24 mm)<\/span><\/td>\n<\/tr>\n<tr>\n<td><span style=\"color: #000000;\"><strong>Plac\u0103 de redirec\u0163ionare \u00eencorporat\u0103<\/strong><\/span><\/td>\n<td><span style=\"color: #000000;\">Da<\/span><\/td>\n<\/tr>\n<tr>\n<td style=\"text-align: center;\" colspan=\"2\"><span style=\"color: #000000;\"><strong>Func\u021bie wireless controlat\u0103 radio<\/strong><\/span><\/td>\n<\/tr>\n<tr>\n<td><span style=\"color: #000000;\"><strong>Bli\u021b wireless controlat prin radio<\/strong><\/span><\/td>\n<td><span style=\"color: #000000;\">Da (emi\u0163\u0103tor\/receptor)\u00a0<\/span><\/td>\n<\/tr>\n<tr>\n<td><span style=\"color: #000000;\"><strong>Frecven\u0163e<\/strong><\/span><\/td>\n<td><span style=\"color: #000000;\">Band\u0103 de 2,4 GHz<\/span><\/td>\n<\/tr>\n<tr>\n<td><span style=\"color: #000000;\"><strong>Canale<\/strong><\/span><\/td>\n<td><span style=\"color: #000000;\">14 canale (automat\/manual)<\/span><\/td>\n<\/tr>\n<tr>\n<td><span style=\"color: #000000;\"><strong>Distan\u0163\u0103 de comunicare (aprox.)<\/strong><\/span><\/td>\n<td><span style=\"color: #000000;\">35 m\u00a0<\/span><\/td>\n<\/tr>\n<tr>\n<td><span style=\"color: #000000;\"><strong>Grupuri<\/strong><\/span><\/td>\n<td><span style=\"color: #000000;\">3 grupuri (TTL\/MANUAL), 5 grupuri (fotografiere cu bli\u0163 \u00een grup)<\/span><\/td>\n<\/tr>\n<tr>\n<td><span style=\"color: #000000;\"><strong>Num\u0103r maxim de unit\u0103\u0163i flash<\/strong><\/span><\/td>\n<td><span style=\"color: #000000;\">15 unit\u0103\u0163i<\/span><\/td>\n<\/tr>\n<tr>\n<td><span style=\"color: #000000;\"><strong>Control coeficient de lumin\u0103<\/strong><\/span><\/td>\n<td><span style=\"color: #000000;\">3 grupuri (TTL)<\/span><\/td>\n<\/tr>\n<tr>\n<td style=\"text-align: center;\" colspan=\"2\"><span style=\"color: #000000;\"><strong>Conectori externi<\/strong><\/span><\/td>\n<\/tr>\n<tr>\n<td><span style=\"color: #000000;\"><strong>Terminal de sincronizare<\/strong><\/span><\/td>\n<td><span style=\"color: #000000;\">&#8211;<\/span><\/td>\n<\/tr>\n<tr>\n<td><span style=\"color: #000000;\"><strong>Terminal multi\/micro usb<\/strong><\/span><\/td>\n<td><span style=\"color: #000000;\">Da<\/span><\/td>\n<\/tr>\n<tr>\n<td style=\"text-align: center;\" colspan=\"2\"><span style=\"color: #000000;\"><strong>Surs\u0103 electric\u0103<\/strong><\/span><\/td>\n<\/tr>\n<tr>\n<td><span style=\"color: #000000;\"><strong>Surs\u0103 electric\u0103<\/strong><\/span><\/td>\n<td><span style=\"color: #000000;\">Dou\u0103 baterii alcaline AA sau Ni-MH<\/span><\/td>\n<\/tr>\n<tr>\n<td><span style=\"color: #000000;\"><strong>Adaptor baterie extern\u0103<\/strong><\/span><\/td>\n<td><span style=\"color: #000000;\">&#8211;<\/span><\/td>\n<\/tr>\n<tr>\n<td style=\"text-align: center;\" colspan=\"2\"><span style=\"color: #000000;\"><strong>Alte caracteristici<\/strong><\/span><\/td>\n<\/tr>\n<tr>\n<td><span style=\"color: #000000;\"><strong>Design rezistent la praf \u015fi la umezeal\u0103<\/strong><\/span><\/td>\n<td><span style=\"color: #000000;\">Da<\/span><\/td>\n<\/tr>\n<\/tbody>\n<\/table>\n","protected":false},"excerpt":{"rendered":"<ul>\n<li><span style=\"color: #000000;\">Bli\u021b extern compact cu control radio<\/span><\/li>\n<li><span style=\"color: #000000;\">Control wireless al unui grup de bli\u021buri (p\u00e2n\u0103 la 15)<\/span><\/li>\n<li><span style=\"color: #000000;\">Num\u0103r ghid: GN28<\/span><\/li>\n<li><span style=\"color: #000000;\">Suport pentru fotografiere \u00een serie 10 cadre\/s p\u00e2n\u0103 la 40 cadre<\/span><\/li>\n<li><span style=\"color: #000000;\">Conectare convenabil\u0103 prin Active Shoe<\/span><\/li>\n<li><span style=\"color: #000000;\">\u00cenclinare \u00een sus p\u00e2n\u0103 la 120 de grade<\/span><\/li>\n<li><span style=\"color: #000000;\">Control din meniul camerei (cu camere compatibile)<\/span><\/li>\n<li><span style=\"color: #000000;\">Construc\u021bie rezistent\u0103 la praf \u0219i umiditate<\/span><\/li>\n<li><span style=\"color: #000000;\">Alimentare: 2 baterii alcaline sau NiMH de dimensiune AA<\/span><\/li>\n<li><span style=\"color: #000000;\">Garan\u021bie : 2 ani<\/span><\/li>\n<\/ul>\n","protected":false},"featured_media":25028,"comment_status":"open","ping_status":"closed","template":"","meta":[],"product_brand":[],"product_cat":[638],"product_tag":[],"class_list":{"0":"post-28357","1":"product","2":"type-product","3":"status-publish","4":"has-post-thumbnail","6":"product_cat-blituri-si-reflectoare","8":"first","9":"instock","10":"shipping-taxable","11":"purchasable","12":"product-type-simple"},"yoast_head":"<!-- This site is optimized with the Yoast SEO plugin v27.4 - https:\/\/yoast.com\/product\/yoast-seo-wordpress\/ -->\n<title>SONY HVLF28RMA | Cumpara blit SONY in Chisinau<\/title>\n<meta name=\"description\" content=\"Cumpara blit SONY HVLF28RMA in Chisinau | Blit SONY cu numar maxim de ghidaj 28 , func\u0163ie de control wireless si rezistenta la apa si praf\" \/>\n<meta name=\"robots\" content=\"index, follow, max-snippet:-1, max-image-preview:large, max-video-preview:-1\" \/>\n<link rel=\"canonical\" href=\"https:\/\/sonycenter.md\/ro\/magazin\/hvlf28rm\/\" \/>\n<meta property=\"og:locale\" content=\"ro_RO\" \/>\n<meta property=\"og:type\" content=\"article\" \/>\n<meta property=\"og:title\" content=\"SONY HVLF28RMA | Cumpara blit SONY in Chisinau\" \/>\n<meta property=\"og:description\" content=\"Cumpara blit SONY HVLF28RMA in Chisinau | Blit SONY cu numar maxim de ghidaj 28 , func\u0163ie de control wireless si rezistenta la apa si praf\" \/>\n<meta property=\"og:url\" content=\"https:\/\/sonycenter.md\/ro\/magazin\/hvlf28rm\/\" \/>\n<meta property=\"og:site_name\" content=\"SONY\" \/>\n<meta property=\"article:modified_time\" content=\"2026-03-10T13:01:10+00:00\" \/>\n<meta property=\"og:image\" content=\"https:\/\/sonycenter.md\/wp-content\/uploads\/2023\/01\/F28RM.jpg\" \/>\n\t<meta property=\"og:image:width\" content=\"600\" \/>\n\t<meta property=\"og:image:height\" content=\"600\" \/>\n\t<meta property=\"og:image:type\" content=\"image\/jpeg\" \/>\n<meta name=\"twitter:card\" content=\"summary_large_image\" \/>\n<meta name=\"twitter:label1\" content=\"Est. reading time\" \/>\n\t<meta name=\"twitter:data1\" content=\"2 minutes\" \/>\n<script type=\"application\/ld+json\" class=\"yoast-schema-graph\">{\"@context\":\"https:\\\/\\\/schema.org\",\"@graph\":[{\"@type\":[\"WebPage\",\"ItemPage\"],\"@id\":\"https:\\\/\\\/sonycenter.md\\\/ro\\\/magazin\\\/hvlf28rm\\\/\",\"url\":\"https:\\\/\\\/sonycenter.md\\\/ro\\\/magazin\\\/hvlf28rm\\\/\",\"name\":\"SONY HVLF28RMA | Cumpara blit SONY in Chisinau\",\"isPartOf\":{\"@id\":\"http:\\\/\\\/sonycenter.md\\\/ro\\\/#website\"},\"primaryImageOfPage\":{\"@id\":\"https:\\\/\\\/sonycenter.md\\\/ro\\\/magazin\\\/hvlf28rm\\\/#primaryimage\"},\"image\":{\"@id\":\"https:\\\/\\\/sonycenter.md\\\/ro\\\/magazin\\\/hvlf28rm\\\/#primaryimage\"},\"thumbnailUrl\":\"https:\\\/\\\/sonycenter.md\\\/wp-content\\\/uploads\\\/2023\\\/01\\\/F28RM.jpg\",\"datePublished\":\"2024-10-25T14:53:43+00:00\",\"dateModified\":\"2026-03-10T13:01:10+00:00\",\"description\":\"Cumpara blit SONY HVLF28RMA in Chisinau | Blit SONY cu numar maxim de ghidaj 28 , func\u0163ie de control wireless si rezistenta la apa si praf\",\"breadcrumb\":{\"@id\":\"https:\\\/\\\/sonycenter.md\\\/ro\\\/magazin\\\/hvlf28rm\\\/#breadcrumb\"},\"inLanguage\":\"ro-RO\",\"potentialAction\":[{\"@type\":\"ReadAction\",\"target\":[\"https:\\\/\\\/sonycenter.md\\\/ro\\\/magazin\\\/hvlf28rm\\\/\"]}]},{\"@type\":\"ImageObject\",\"inLanguage\":\"ro-RO\",\"@id\":\"https:\\\/\\\/sonycenter.md\\\/ro\\\/magazin\\\/hvlf28rm\\\/#primaryimage\",\"url\":\"https:\\\/\\\/sonycenter.md\\\/wp-content\\\/uploads\\\/2023\\\/01\\\/F28RM.jpg\",\"contentUrl\":\"https:\\\/\\\/sonycenter.md\\\/wp-content\\\/uploads\\\/2023\\\/01\\\/F28RM.jpg\",\"width\":600,\"height\":600,\"caption\":\"HVLF28RMA\"},{\"@type\":\"BreadcrumbList\",\"@id\":\"https:\\\/\\\/sonycenter.md\\\/ro\\\/magazin\\\/hvlf28rm\\\/#breadcrumb\",\"itemListElement\":[{\"@type\":\"ListItem\",\"position\":1,\"name\":\"\u0413\u043b\u0430\u0432\u043d\u0430\u044f \u0441\u0442\u0440\u0430\u043d\u0438\u0446\u0430\",\"item\":\"https:\\\/\\\/sonycenter.md\\\/ro\\\/\"},{\"@type\":\"ListItem\",\"position\":2,\"name\":\"Magazin\",\"item\":\"https:\\\/\\\/sonycenter.md\\\/shop\\\/\"},{\"@type\":\"ListItem\",\"position\":3,\"name\":\"HVLF28RMA\"}]},{\"@type\":\"WebSite\",\"@id\":\"http:\\\/\\\/sonycenter.md\\\/ro\\\/#website\",\"url\":\"http:\\\/\\\/sonycenter.md\\\/ro\\\/\",\"name\":\"sonycenter.md\",\"description\":\"SONYCENTER \u00een Chi\u0219in\u0103u\",\"publisher\":{\"@id\":\"http:\\\/\\\/sonycenter.md\\\/ro\\\/#organization\"},\"potentialAction\":[{\"@type\":\"SearchAction\",\"target\":{\"@type\":\"EntryPoint\",\"urlTemplate\":\"http:\\\/\\\/sonycenter.md\\\/ro\\\/?s={search_term_string}\"},\"query-input\":{\"@type\":\"PropertyValueSpecification\",\"valueRequired\":true,\"valueName\":\"search_term_string\"}}],\"inLanguage\":\"ro-RO\"},{\"@type\":\"Organization\",\"@id\":\"http:\\\/\\\/sonycenter.md\\\/ro\\\/#organization\",\"name\":\"sonycenter.md\",\"url\":\"http:\\\/\\\/sonycenter.md\\\/ro\\\/\",\"logo\":{\"@type\":\"ImageObject\",\"inLanguage\":\"ro-RO\",\"@id\":\"http:\\\/\\\/sonycenter.md\\\/ro\\\/#\\\/schema\\\/logo\\\/image\\\/\",\"url\":\"\",\"contentUrl\":\"\",\"caption\":\"sonycenter.md\"},\"image\":{\"@id\":\"http:\\\/\\\/sonycenter.md\\\/ro\\\/#\\\/schema\\\/logo\\\/image\\\/\"}}]}<\/script>\n<!-- \/ Yoast SEO plugin. -->","yoast_head_json":{"title":"SONY HVLF28RMA | Cumpara blit SONY in Chisinau","description":"Cumpara blit SONY HVLF28RMA in Chisinau | Blit SONY cu numar maxim de ghidaj 28 , func\u0163ie de control wireless si rezistenta la apa si praf","robots":{"index":"index","follow":"follow","max-snippet":"max-snippet:-1","max-image-preview":"max-image-preview:large","max-video-preview":"max-video-preview:-1"},"canonical":"https:\/\/sonycenter.md\/ro\/magazin\/hvlf28rm\/","og_locale":"ro_RO","og_type":"article","og_title":"SONY HVLF28RMA | Cumpara blit SONY in Chisinau","og_description":"Cumpara blit SONY HVLF28RMA in Chisinau | Blit SONY cu numar maxim de ghidaj 28 , func\u0163ie de control wireless si rezistenta la apa si praf","og_url":"https:\/\/sonycenter.md\/ro\/magazin\/hvlf28rm\/","og_site_name":"SONY","article_modified_time":"2026-03-10T13:01:10+00:00","og_image":[{"width":600,"height":600,"url":"https:\/\/sonycenter.md\/wp-content\/uploads\/2023\/01\/F28RM.jpg","type":"image\/jpeg"}],"twitter_card":"summary_large_image","twitter_misc":{"Est. reading time":"2 minutes"},"schema":{"@context":"https:\/\/schema.org","@graph":[{"@type":["WebPage","ItemPage"],"@id":"https:\/\/sonycenter.md\/ro\/magazin\/hvlf28rm\/","url":"https:\/\/sonycenter.md\/ro\/magazin\/hvlf28rm\/","name":"SONY HVLF28RMA | Cumpara blit SONY in Chisinau","isPartOf":{"@id":"https:\/\/sonycenter.md\/ro\/#website"},"primaryImageOfPage":{"@id":"https:\/\/sonycenter.md\/ro\/magazin\/hvlf28rm\/#primaryimage"},"image":{"@id":"https:\/\/sonycenter.md\/ro\/magazin\/hvlf28rm\/#primaryimage"},"thumbnailUrl":"https:\/\/sonycenter.md\/wp-content\/uploads\/2023\/01\/F28RM.jpg","datePublished":"2024-10-25T14:53:43+00:00","dateModified":"2026-03-10T13:01:10+00:00","description":"Cumpara blit SONY HVLF28RMA in Chisinau | Blit SONY cu numar maxim de ghidaj 28 , func\u0163ie de control wireless si rezistenta la apa si praf","breadcrumb":{"@id":"https:\/\/sonycenter.md\/ro\/magazin\/hvlf28rm\/#breadcrumb"},"inLanguage":"ro-RO","potentialAction":[{"@type":"ReadAction","target":["https:\/\/sonycenter.md\/ro\/magazin\/hvlf28rm\/"]}]},{"@type":"ImageObject","inLanguage":"ro-RO","@id":"https:\/\/sonycenter.md\/ro\/magazin\/hvlf28rm\/#primaryimage","url":"https:\/\/sonycenter.md\/wp-content\/uploads\/2023\/01\/F28RM.jpg","contentUrl":"https:\/\/sonycenter.md\/wp-content\/uploads\/2023\/01\/F28RM.jpg","width":600,"height":600,"caption":"HVLF28RMA"},{"@type":"BreadcrumbList","@id":"https:\/\/sonycenter.md\/ro\/magazin\/hvlf28rm\/#breadcrumb","itemListElement":[{"@type":"ListItem","position":1,"name":"\u0413\u043b\u0430\u0432\u043d\u0430\u044f \u0441\u0442\u0440\u0430\u043d\u0438\u0446\u0430","item":"https:\/\/sonycenter.md\/ro\/"},{"@type":"ListItem","position":2,"name":"Magazin","item":"https:\/\/sonycenter.md\/shop\/"},{"@type":"ListItem","position":3,"name":"HVLF28RMA"}]},{"@type":"WebSite","@id":"https:\/\/sonycenter.md\/ro\/#website","url":"https:\/\/sonycenter.md\/ro\/","name":"sonycenter.md","description":"SONYCENTER \u00een Chi\u0219in\u0103u","publisher":{"@id":"https:\/\/sonycenter.md\/ro\/#organization"},"potentialAction":[{"@type":"SearchAction","target":{"@type":"EntryPoint","urlTemplate":"https:\/\/sonycenter.md\/ro\/?s={search_term_string}"},"query-input":{"@type":"PropertyValueSpecification","valueRequired":true,"valueName":"search_term_string"}}],"inLanguage":"ro-RO"},{"@type":"Organization","@id":"https:\/\/sonycenter.md\/ro\/#organization","name":"sonycenter.md","url":"https:\/\/sonycenter.md\/ro\/","logo":{"@type":"ImageObject","inLanguage":"ro-RO","@id":"https:\/\/sonycenter.md\/ro\/#\/schema\/logo\/image\/","url":"","contentUrl":"","caption":"sonycenter.md"},"image":{"@id":"https:\/\/sonycenter.md\/ro\/#\/schema\/logo\/image\/"}}]}},"_links":{"self":[{"href":"https:\/\/sonycenter.md\/ro\/wp-json\/wp\/v2\/product\/28357","targetHints":{"allow":["GET"]}}],"collection":[{"href":"https:\/\/sonycenter.md\/ro\/wp-json\/wp\/v2\/product"}],"about":[{"href":"https:\/\/sonycenter.md\/ro\/wp-json\/wp\/v2\/types\/product"}],"replies":[{"embeddable":true,"href":"https:\/\/sonycenter.md\/ro\/wp-json\/wp\/v2\/comments?post=28357"}],"wp:featuredmedia":[{"embeddable":true,"href":"https:\/\/sonycenter.md\/ro\/wp-json\/wp\/v2\/media\/25028"}],"wp:attachment":[{"href":"https:\/\/sonycenter.md\/ro\/wp-json\/wp\/v2\/media?parent=28357"}],"wp:term":[{"taxonomy":"product_brand","embeddable":true,"href":"https:\/\/sonycenter.md\/ro\/wp-json\/wp\/v2\/product_brand?post=28357"},{"taxonomy":"product_cat","embeddable":true,"href":"https:\/\/sonycenter.md\/ro\/wp-json\/wp\/v2\/product_cat?post=28357"},{"taxonomy":"product_tag","embeddable":true,"href":"https:\/\/sonycenter.md\/ro\/wp-json\/wp\/v2\/product_tag?post=28357"}],"curies":[{"name":"wp","href":"https:\/\/api.w.org\/{rel}","templated":true}]}}