{"id":28524,"date":"2024-11-06T11:45:14","date_gmt":"2024-11-06T09:45:14","guid":{"rendered":"https:\/\/sonycenter.md\/?post_type=product&#038;p=28524"},"modified":"2026-04-16T17:08:20","modified_gmt":"2026-04-16T14:08:20","slug":"linkbuds-fit-wf-ls910n","status":"publish","type":"product","link":"https:\/\/sonycenter.md\/ro\/magazin\/linkbuds-fit-wf-ls910n\/","title":{"rendered":"LinkBuds Fit (WF-LS910N)"},"content":{"rendered":"<p><span style=\"color: #000000;\">Specifica\u021bii complete pentru <span style=\"color: #0000ff;\"><a style=\"color: #0000ff;\" href=\"https:\/\/sonycenter.md\/ro\/category\/casti\/casti-wireless\/\">c\u0103\u0219ti wireless<\/a><\/span> SONY LinkBuds WF-LS910N :<\/span><\/p>\n<table style=\"height: 1201px;\" width=\"600\">\n<tbody>\n<tr>\n<td width=\"232\"><span style=\"color: #000000;\"><strong>Con\u021binutul cutiei<\/strong><\/span><\/td>\n<td width=\"232\"><span style=\"color: #000000;\">Cablu USB<\/span><br \/>\n<span style=\"color: #000000;\">Caset\u0103 cu func\u021bie de \u00eenc\u0103rcare<\/span><br \/>\n<span style=\"color: #000000;\">Elemente intraauriculare<\/span><br \/>\n<span style=\"color: #000000;\">Ghid de referin\u021b\u0103\u00a0<\/span><\/td>\n<\/tr>\n<tr>\n<td style=\"text-align: center;\" colspan=\"2\"><span style=\"color: #000000;\"><strong>Dimensiuni \u0219i greutate<\/strong><\/span><\/td>\n<\/tr>\n<tr>\n<td><span style=\"color: #000000;\"><strong>Greutate<\/strong><\/span><\/td>\n<td><span style=\"color: #000000;\">Aprox. 4,9g x 2 (inclusiv adaptoarele pentru elemente intraauriculare M)<\/span><\/td>\n<\/tr>\n<tr>\n<td style=\"text-align: center;\" colspan=\"2\"><span style=\"color: #000000;\"><strong>Caracteristici generale<\/strong><\/span><\/td>\n<\/tr>\n<tr>\n<td><span style=\"color: #000000;\"><strong>Tip c\u0103\u0219ti<\/strong><\/span><\/td>\n<td><span style=\"color: #000000;\">\u00cenchis<\/span><\/td>\n<\/tr>\n<tr>\n<td><span style=\"color: #000000;\"><strong>Difuzor<\/strong><\/span><\/td>\n<td><span style=\"color: #000000;\">8,4 mm<\/span><\/td>\n<\/tr>\n<tr>\n<td><span style=\"color: #000000;\"><strong>R\u0103spuns \u00een frecven\u021b\u0103 (comunica\u021bii Bluetooth\u00ae)<\/strong><\/span><\/td>\n<td><span style=\"color: #000000;\">20 Hz\u201320.000 Hz (e\u0219antionare 44,1 kHz)\/20 Hz\u201340.000 Hz (e\u0219antionare LDAC 96 kHz 990 kbps)<\/span><\/td>\n<\/tr>\n<tr>\n<td><span style=\"color: #000000;\"><strong>Control volum<\/strong><\/span><\/td>\n<td><span style=\"color: #000000;\">Da<\/span><\/td>\n<\/tr>\n<tr>\n<td><span style=\"color: #000000;\"><strong>Rezisten\u021b\u0103 la ap\u0103<\/strong><\/span><\/td>\n<td><span style=\"color: #000000;\">Da (IPX4)<\/span><\/td>\n<\/tr>\n<tr>\n<td><span style=\"color: #000000;\"><strong>DSEE Extreme<\/strong><\/span><\/td>\n<td><span style=\"color: #000000;\">Da<\/span><\/td>\n<\/tr>\n<tr>\n<td><span style=\"color: #000000;\"><strong>Mod de sunet ambiental<\/strong><\/span><\/td>\n<td><span style=\"color: #000000;\">Da<\/span><\/td>\n<\/tr>\n<tr>\n<td style=\"text-align: center;\" colspan=\"2\"><span style=\"color: #000000;\"><strong>Baterie<\/strong><\/span><\/td>\n<\/tr>\n<tr>\n<td><span style=\"color: #000000;\"><strong>Durat\u0103 de \u00eenc\u0103rcare baterie<\/strong><\/span><\/td>\n<td><span style=\"color: #000000;\">Aprox. 2 ore<\/span><\/td>\n<\/tr>\n<tr>\n<td><span style=\"color: #000000;\"><strong>Metod\u0103 de \u00eenc\u0103rcare baterie<\/strong><\/span><\/td>\n<td><span style=\"color: #000000;\">\u00cenc\u0103rcare prin USB (cu caset\u0103)<\/span><\/td>\n<\/tr>\n<tr>\n<td><span style=\"color: #000000;\"><strong>Autonomie baterie (durat\u0103 redare continu\u0103 muzic\u0103)<\/strong><\/span><\/td>\n<td><span style=\"color: #000000;\">Max. 5,5 ore (NC activat)\/Max. 8 ore (NC dezactivat)<\/span><\/td>\n<\/tr>\n<tr>\n<td><span style=\"color: #000000;\"><strong>Autonomia bateriei (durat\u0103 comunicare continu\u0103)<\/strong><\/span><\/td>\n<td><span style=\"color: #000000;\">Max. 4 ore (NC activat)\/Max. 4 ore (NC dezactivat)<\/span><\/td>\n<\/tr>\n<tr>\n<td><span style=\"color: #000000;\"><strong>Autonomie baterie (durat\u0103 de a\u0219teptare)<\/strong><\/span><\/td>\n<td><span style=\"color: #000000;\">Max. 6,5 ore (NC activat)\/Max. 14 ore (NC dezactivat)<\/span><\/td>\n<\/tr>\n<tr>\n<td style=\"text-align: center;\" colspan=\"2\"><span style=\"color: #000000;\"><strong>Specifica\u0163ie Bluetooth\u00ae<\/strong><\/span><\/td>\n<\/tr>\n<tr>\n<td><span style=\"color: #000000;\"><strong>Versiune Bluetooth\u00ae<\/strong><\/span><\/td>\n<td><span style=\"color: #000000;\">Versiunea 5.3<\/span><\/td>\n<\/tr>\n<tr>\n<td><span style=\"color: #000000;\"><strong>Raz\u0103 de ac\u021biune efectiv\u0103<\/strong><\/span><\/td>\n<td><span style=\"color: #000000;\">10 m<\/span><\/td>\n<\/tr>\n<tr>\n<td><span style=\"color: #000000;\"><strong>Gam\u0103 de frecven\u021be<\/strong><\/span><\/td>\n<td><span style=\"color: #000000;\">Band\u0103 de 2,4 GHz (2.400 0\u20132.483 5 GHz)<\/span><\/td>\n<\/tr>\n<tr>\n<td><span style=\"color: #000000;\"><strong>Profil<\/strong><\/span><\/td>\n<td><span style=\"color: #000000;\">A2DP, AVRCP, HFP, HSP, TMAP, CSIP, MCP, VCP, CCP<\/span><\/td>\n<\/tr>\n<tr>\n<td><span style=\"color: #000000;\"><strong>Format(e) audio acceptat(e)<\/strong><\/span><\/td>\n<td><span style=\"color: #000000;\">SBC, AAC, LDAC, LC3<\/span><\/td>\n<\/tr>\n<tr>\n<td><span style=\"color: #000000;\"><strong>Protec\u021bie con\u021binut acceptat\u0103<\/strong><\/span><\/td>\n<td><span style=\"color: #000000;\">SCMS-T<\/span><\/td>\n<\/tr>\n<tr>\n<td style=\"text-align: center;\" colspan=\"2\"><span style=\"color: #000000;\"><strong>Anulare a zgomotului<\/strong><\/span><\/td>\n<\/tr>\n<tr>\n<td><span style=\"color: #000000;\"><strong>Optimizare personal\u0103\u00a0<\/strong><\/span><\/td>\n<td><span style=\"color: #000000;\">Da<\/span><\/td>\n<\/tr>\n<tr>\n<td><span style=\"color: #000000;\"><strong>Reducere a zgomotului ANC<\/strong><\/span><\/td>\n<td><span style=\"color: #000000;\">Da<\/span><\/td>\n<\/tr>\n<tr>\n<td><span style=\"color: #000000;\"><strong>Mod sunet ambiental<\/strong><\/span><\/td>\n<td><span style=\"color: #000000;\">Da<\/span><\/td>\n<\/tr>\n<tr>\n<td style=\"text-align: center;\" colspan=\"2\"><span style=\"color: #000000;\"><strong>Carcas\u0103 cu func\u021bie de \u00eenc\u0103rcare<\/strong><\/span><\/td>\n<\/tr>\n<tr>\n<td><span style=\"color: #000000;\"><strong>Greutate<\/strong><\/span><\/td>\n<td><span style=\"color: #000000;\">Aprox. 41 g<\/span><\/td>\n<\/tr>\n<tr>\n<td><span style=\"color: #000000;\"><strong>Dimensiune<\/strong><\/span><\/td>\n<td><span style=\"color: #000000;\">Aprox. 47,2mm x 47,2mm x 32,6mm<\/span><\/td>\n<\/tr>\n<tr>\n<td><span style=\"color: #000000;\"><strong>Durat\u0103 de \u00eenc\u0103rcare baterie<\/strong><\/span><\/td>\n<td><span style=\"color: #000000;\">Aprox. 3 ore (\u00eenc\u0103rcare USB)<\/span><\/td>\n<\/tr>\n<\/tbody>\n<\/table>\n","protected":false},"excerpt":{"rendered":"<ul>\n<li><span style=\"color: #000000;\">Casti SONY TWS LinkBuds Fit<\/span><\/li>\n<li><span style=\"color: #000000;\">\u0421\u00e2rlig din silicon pentru o fixare sigur\u0103 \u00een ureche<\/span><\/li>\n<li><span style=\"color: #000000;\">Difuzor : 8.4 mm<\/span><\/li>\n<li><span style=\"color: #000000;\">Bluetooth : Versiunea 5.3<\/span><\/li>\n<li><span style=\"color: #000000;\">Codecuri audio acceptate : SBC , AAC,LDAC,LC3<\/span><\/li>\n<li><span style=\"color: #000000;\">Autonomie: 5,5 ore (NC activat) \/ 8 ore (NC dezactivat)<\/span><\/li>\n<li><span style=\"color: #000000;\">Autonomie cu hus\u0103: p\u00e2n\u0103 la 21 de ore<\/span><\/li>\n<li><span style=\"color: #000000;\">Timp de \u00eenc\u0103rcare complet\u0103: aprox. 2 ore (c\u0103\u0219ti)<\/span><\/li>\n<li><span style=\"color: #000000;\">\u00cenc\u0103rcare rapid\u0103: primele 5 min. ~ 1 or\u0103 de func\u021bionare<\/span><\/li>\n<li><span style=\"color: #000000;\">Reducere a zgomotului \u00eembun\u0103t\u0103\u021bit\u0103\u00a0<\/span><\/li>\n<li><span style=\"color: #000000;\">Control tactil (ambele c\u0103\u0219ti)<\/span><\/li>\n<li><span style=\"color: #000000;\">4 dimensiuni de pernu\u021be din silicon<\/span><\/li>\n<li><span style=\"color: #000000;\">Aplica\u021bie pentru configurare: SONY | Sound Connect<\/span><\/li>\n<li><span style=\"color: #000000;\">Protec\u021bie \u00eempotriva apei: IPX4<\/span><\/li>\n<li><span style=\"color: #000000;\">Greutate : 4.9 g x2 (c\u0103\u0219ti ) , 41 g ( hus\u0103)<\/span><\/li>\n<li><span style=\"color: #000000;\">Garan\u021bie 2 ani<\/span><\/li>\n<\/ul>\n","protected":false},"featured_media":29882,"comment_status":"open","ping_status":"closed","template":"","meta":[],"product_brand":[],"product_cat":[629],"product_tag":[],"class_list":{"0":"post-28524","1":"product","2":"type-product","3":"status-publish","4":"has-post-thumbnail","6":"product_cat-casti-wireless","7":"pa_color-black-ro","8":"pa_color-green-ro","9":"pa_color-violet-ro","10":"pa_color-white-ro","12":"first","13":"instock","14":"shipping-taxable","15":"purchasable","16":"product-type-variable"},"yoast_head":"<!-- This site is optimized with the Yoast SEO plugin v27.4 - https:\/\/yoast.com\/product\/yoast-seo-wordpress\/ -->\n<title>SONY LinkBuds WF-LS910N | SONY LinkBuds Fit in Chisinau<\/title>\n<meta name=\"description\" content=\"Cumpara SONY LinkBuds WF-LS910N in Chisinau | Casti SONY LinkBuds Fit cu Bluetooth 5.3 | ANC | Comanda online cu livrare in Moldova\" \/>\n<meta name=\"robots\" content=\"index, follow, max-snippet:-1, max-image-preview:large, max-video-preview:-1\" \/>\n<link rel=\"canonical\" href=\"https:\/\/sonycenter.md\/ro\/magazin\/linkbuds-fit-wf-ls910n\/\" \/>\n<meta property=\"og:locale\" content=\"ro_RO\" \/>\n<meta property=\"og:type\" content=\"article\" \/>\n<meta property=\"og:title\" content=\"SONY LinkBuds WF-LS910N | SONY LinkBuds Fit in Chisinau\" \/>\n<meta property=\"og:description\" content=\"Cumpara SONY LinkBuds WF-LS910N in Chisinau | Casti SONY LinkBuds Fit cu Bluetooth 5.3 | ANC | Comanda online cu livrare in Moldova\" \/>\n<meta property=\"og:url\" content=\"https:\/\/sonycenter.md\/ro\/magazin\/linkbuds-fit-wf-ls910n\/\" \/>\n<meta property=\"og:site_name\" content=\"SONY\" \/>\n<meta property=\"article:modified_time\" content=\"2026-04-16T14:08:20+00:00\" \/>\n<meta property=\"og:image\" content=\"https:\/\/sonycenter.md\/wp-content\/uploads\/2024\/11\/linkbuds-fit-f-multicolor.jpg\" \/>\n\t<meta property=\"og:image:width\" content=\"600\" \/>\n\t<meta property=\"og:image:height\" content=\"600\" \/>\n\t<meta property=\"og:image:type\" content=\"image\/jpeg\" \/>\n<meta name=\"twitter:card\" content=\"summary_large_image\" \/>\n<meta name=\"twitter:label1\" content=\"Est. reading time\" \/>\n\t<meta name=\"twitter:data1\" content=\"2 minutes\" \/>\n<script type=\"application\/ld+json\" class=\"yoast-schema-graph\">{\"@context\":\"https:\\\/\\\/schema.org\",\"@graph\":[{\"@type\":[\"WebPage\",\"ItemPage\"],\"@id\":\"https:\\\/\\\/sonycenter.md\\\/ro\\\/magazin\\\/linkbuds-fit-wf-ls910n\\\/\",\"url\":\"https:\\\/\\\/sonycenter.md\\\/ro\\\/magazin\\\/linkbuds-fit-wf-ls910n\\\/\",\"name\":\"SONY LinkBuds WF-LS910N | SONY LinkBuds Fit in Chisinau\",\"isPartOf\":{\"@id\":\"http:\\\/\\\/sonycenter.md\\\/ro\\\/#website\"},\"primaryImageOfPage\":{\"@id\":\"https:\\\/\\\/sonycenter.md\\\/ro\\\/magazin\\\/linkbuds-fit-wf-ls910n\\\/#primaryimage\"},\"image\":{\"@id\":\"https:\\\/\\\/sonycenter.md\\\/ro\\\/magazin\\\/linkbuds-fit-wf-ls910n\\\/#primaryimage\"},\"thumbnailUrl\":\"https:\\\/\\\/sonycenter.md\\\/wp-content\\\/uploads\\\/2024\\\/11\\\/linkbuds-fit-f-multicolor.jpg\",\"datePublished\":\"2024-11-06T09:45:14+00:00\",\"dateModified\":\"2026-04-16T14:08:20+00:00\",\"description\":\"Cumpara SONY LinkBuds WF-LS910N in Chisinau | Casti SONY LinkBuds Fit cu Bluetooth 5.3 | ANC | Comanda online cu livrare in Moldova\",\"breadcrumb\":{\"@id\":\"https:\\\/\\\/sonycenter.md\\\/ro\\\/magazin\\\/linkbuds-fit-wf-ls910n\\\/#breadcrumb\"},\"inLanguage\":\"ro-RO\",\"potentialAction\":[{\"@type\":\"ReadAction\",\"target\":[\"https:\\\/\\\/sonycenter.md\\\/ro\\\/magazin\\\/linkbuds-fit-wf-ls910n\\\/\"]}]},{\"@type\":\"ImageObject\",\"inLanguage\":\"ro-RO\",\"@id\":\"https:\\\/\\\/sonycenter.md\\\/ro\\\/magazin\\\/linkbuds-fit-wf-ls910n\\\/#primaryimage\",\"url\":\"https:\\\/\\\/sonycenter.md\\\/wp-content\\\/uploads\\\/2024\\\/11\\\/linkbuds-fit-f-multicolor.jpg\",\"contentUrl\":\"https:\\\/\\\/sonycenter.md\\\/wp-content\\\/uploads\\\/2024\\\/11\\\/linkbuds-fit-f-multicolor.jpg\",\"width\":600,\"height\":600,\"caption\":\"LinkBuds Fit (WF-LS910N)\"},{\"@type\":\"BreadcrumbList\",\"@id\":\"https:\\\/\\\/sonycenter.md\\\/ro\\\/magazin\\\/linkbuds-fit-wf-ls910n\\\/#breadcrumb\",\"itemListElement\":[{\"@type\":\"ListItem\",\"position\":1,\"name\":\"\u0413\u043b\u0430\u0432\u043d\u0430\u044f \u0441\u0442\u0440\u0430\u043d\u0438\u0446\u0430\",\"item\":\"https:\\\/\\\/sonycenter.md\\\/ro\\\/\"},{\"@type\":\"ListItem\",\"position\":2,\"name\":\"Magazin\",\"item\":\"https:\\\/\\\/sonycenter.md\\\/shop\\\/\"},{\"@type\":\"ListItem\",\"position\":3,\"name\":\"LinkBuds Fit (WF-LS910N)\"}]},{\"@type\":\"WebSite\",\"@id\":\"http:\\\/\\\/sonycenter.md\\\/ro\\\/#website\",\"url\":\"http:\\\/\\\/sonycenter.md\\\/ro\\\/\",\"name\":\"sonycenter.md\",\"description\":\"SONYCENTER \u00een Chi\u0219in\u0103u\",\"publisher\":{\"@id\":\"http:\\\/\\\/sonycenter.md\\\/ro\\\/#organization\"},\"potentialAction\":[{\"@type\":\"SearchAction\",\"target\":{\"@type\":\"EntryPoint\",\"urlTemplate\":\"http:\\\/\\\/sonycenter.md\\\/ro\\\/?s={search_term_string}\"},\"query-input\":{\"@type\":\"PropertyValueSpecification\",\"valueRequired\":true,\"valueName\":\"search_term_string\"}}],\"inLanguage\":\"ro-RO\"},{\"@type\":\"Organization\",\"@id\":\"http:\\\/\\\/sonycenter.md\\\/ro\\\/#organization\",\"name\":\"sonycenter.md\",\"url\":\"http:\\\/\\\/sonycenter.md\\\/ro\\\/\",\"logo\":{\"@type\":\"ImageObject\",\"inLanguage\":\"ro-RO\",\"@id\":\"http:\\\/\\\/sonycenter.md\\\/ro\\\/#\\\/schema\\\/logo\\\/image\\\/\",\"url\":\"\",\"contentUrl\":\"\",\"caption\":\"sonycenter.md\"},\"image\":{\"@id\":\"http:\\\/\\\/sonycenter.md\\\/ro\\\/#\\\/schema\\\/logo\\\/image\\\/\"}}]}<\/script>\n<!-- \/ Yoast SEO plugin. -->","yoast_head_json":{"title":"SONY LinkBuds WF-LS910N | SONY LinkBuds Fit in Chisinau","description":"Cumpara SONY LinkBuds WF-LS910N in Chisinau | Casti SONY LinkBuds Fit cu Bluetooth 5.3 | ANC | Comanda online cu livrare in Moldova","robots":{"index":"index","follow":"follow","max-snippet":"max-snippet:-1","max-image-preview":"max-image-preview:large","max-video-preview":"max-video-preview:-1"},"canonical":"https:\/\/sonycenter.md\/ro\/magazin\/linkbuds-fit-wf-ls910n\/","og_locale":"ro_RO","og_type":"article","og_title":"SONY LinkBuds WF-LS910N | SONY LinkBuds Fit in Chisinau","og_description":"Cumpara SONY LinkBuds WF-LS910N in Chisinau | Casti SONY LinkBuds Fit cu Bluetooth 5.3 | ANC | Comanda online cu livrare in Moldova","og_url":"https:\/\/sonycenter.md\/ro\/magazin\/linkbuds-fit-wf-ls910n\/","og_site_name":"SONY","article_modified_time":"2026-04-16T14:08:20+00:00","og_image":[{"width":600,"height":600,"url":"https:\/\/sonycenter.md\/wp-content\/uploads\/2024\/11\/linkbuds-fit-f-multicolor.jpg","type":"image\/jpeg"}],"twitter_card":"summary_large_image","twitter_misc":{"Est. reading time":"2 minutes"},"schema":{"@context":"https:\/\/schema.org","@graph":[{"@type":["WebPage","ItemPage"],"@id":"https:\/\/sonycenter.md\/ro\/magazin\/linkbuds-fit-wf-ls910n\/","url":"https:\/\/sonycenter.md\/ro\/magazin\/linkbuds-fit-wf-ls910n\/","name":"SONY LinkBuds WF-LS910N | SONY LinkBuds Fit in Chisinau","isPartOf":{"@id":"https:\/\/sonycenter.md\/ro\/#website"},"primaryImageOfPage":{"@id":"https:\/\/sonycenter.md\/ro\/magazin\/linkbuds-fit-wf-ls910n\/#primaryimage"},"image":{"@id":"https:\/\/sonycenter.md\/ro\/magazin\/linkbuds-fit-wf-ls910n\/#primaryimage"},"thumbnailUrl":"https:\/\/sonycenter.md\/wp-content\/uploads\/2024\/11\/linkbuds-fit-f-multicolor.jpg","datePublished":"2024-11-06T09:45:14+00:00","dateModified":"2026-04-16T14:08:20+00:00","description":"Cumpara SONY LinkBuds WF-LS910N in Chisinau | Casti SONY LinkBuds Fit cu Bluetooth 5.3 | ANC | Comanda online cu livrare in Moldova","breadcrumb":{"@id":"https:\/\/sonycenter.md\/ro\/magazin\/linkbuds-fit-wf-ls910n\/#breadcrumb"},"inLanguage":"ro-RO","potentialAction":[{"@type":"ReadAction","target":["https:\/\/sonycenter.md\/ro\/magazin\/linkbuds-fit-wf-ls910n\/"]}]},{"@type":"ImageObject","inLanguage":"ro-RO","@id":"https:\/\/sonycenter.md\/ro\/magazin\/linkbuds-fit-wf-ls910n\/#primaryimage","url":"https:\/\/sonycenter.md\/wp-content\/uploads\/2024\/11\/linkbuds-fit-f-multicolor.jpg","contentUrl":"https:\/\/sonycenter.md\/wp-content\/uploads\/2024\/11\/linkbuds-fit-f-multicolor.jpg","width":600,"height":600,"caption":"LinkBuds Fit (WF-LS910N)"},{"@type":"BreadcrumbList","@id":"https:\/\/sonycenter.md\/ro\/magazin\/linkbuds-fit-wf-ls910n\/#breadcrumb","itemListElement":[{"@type":"ListItem","position":1,"name":"\u0413\u043b\u0430\u0432\u043d\u0430\u044f \u0441\u0442\u0440\u0430\u043d\u0438\u0446\u0430","item":"https:\/\/sonycenter.md\/ro\/"},{"@type":"ListItem","position":2,"name":"Magazin","item":"https:\/\/sonycenter.md\/shop\/"},{"@type":"ListItem","position":3,"name":"LinkBuds Fit (WF-LS910N)"}]},{"@type":"WebSite","@id":"https:\/\/sonycenter.md\/ro\/#website","url":"https:\/\/sonycenter.md\/ro\/","name":"sonycenter.md","description":"SONYCENTER \u00een Chi\u0219in\u0103u","publisher":{"@id":"https:\/\/sonycenter.md\/ro\/#organization"},"potentialAction":[{"@type":"SearchAction","target":{"@type":"EntryPoint","urlTemplate":"https:\/\/sonycenter.md\/ro\/?s={search_term_string}"},"query-input":{"@type":"PropertyValueSpecification","valueRequired":true,"valueName":"search_term_string"}}],"inLanguage":"ro-RO"},{"@type":"Organization","@id":"https:\/\/sonycenter.md\/ro\/#organization","name":"sonycenter.md","url":"https:\/\/sonycenter.md\/ro\/","logo":{"@type":"ImageObject","inLanguage":"ro-RO","@id":"https:\/\/sonycenter.md\/ro\/#\/schema\/logo\/image\/","url":"","contentUrl":"","caption":"sonycenter.md"},"image":{"@id":"https:\/\/sonycenter.md\/ro\/#\/schema\/logo\/image\/"}}]}},"_links":{"self":[{"href":"https:\/\/sonycenter.md\/ro\/wp-json\/wp\/v2\/product\/28524","targetHints":{"allow":["GET"]}}],"collection":[{"href":"https:\/\/sonycenter.md\/ro\/wp-json\/wp\/v2\/product"}],"about":[{"href":"https:\/\/sonycenter.md\/ro\/wp-json\/wp\/v2\/types\/product"}],"replies":[{"embeddable":true,"href":"https:\/\/sonycenter.md\/ro\/wp-json\/wp\/v2\/comments?post=28524"}],"wp:featuredmedia":[{"embeddable":true,"href":"https:\/\/sonycenter.md\/ro\/wp-json\/wp\/v2\/media\/29882"}],"wp:attachment":[{"href":"https:\/\/sonycenter.md\/ro\/wp-json\/wp\/v2\/media?parent=28524"}],"wp:term":[{"taxonomy":"product_brand","embeddable":true,"href":"https:\/\/sonycenter.md\/ro\/wp-json\/wp\/v2\/product_brand?post=28524"},{"taxonomy":"product_cat","embeddable":true,"href":"https:\/\/sonycenter.md\/ro\/wp-json\/wp\/v2\/product_cat?post=28524"},{"taxonomy":"product_tag","embeddable":true,"href":"https:\/\/sonycenter.md\/ro\/wp-json\/wp\/v2\/product_tag?post=28524"}],"curies":[{"name":"wp","href":"https:\/\/api.w.org\/{rel}","templated":true}]}}