{"id":29576,"date":"2025-03-17T18:16:50","date_gmt":"2025-03-17T16:16:50","guid":{"rendered":"https:\/\/sonycenter.md\/?post_type=product&#038;p=29576"},"modified":"2025-03-17T18:28:28","modified_gmt":"2025-03-17T16:28:28","slug":"sel400800g","status":"publish","type":"product","link":"https:\/\/sonycenter.md\/ro\/magazin\/sel400800g\/","title":{"rendered":"SEL400800G"},"content":{"rendered":"<p style=\"text-align: center;\"><span style=\"color: #000000;\">Specifica\u0163ii complete pentru <span style=\"color: #0000ff;\"><a style=\"color: #0000ff;\" href=\"https:\/\/sonycenter.md\/ro\/category\/accesorii-foto-video\/obiective\/\">obiectiv<\/a><\/span> SEL400800G :<\/span><\/p>\n<table>\n<tbody>\n<tr>\n<td style=\"text-align: center;\" colspan=\"2\" width=\"455\"><span style=\"color: #000000;\"><strong>Specifica\u0163ii generale<\/strong><\/span><\/td>\n<\/tr>\n<tr>\n<td><span style=\"color: #000000;\"><strong>Montur\u0103<\/strong><\/span><\/td>\n<td><span style=\"color: #000000;\">Montur\u0103 E Sony<\/span><\/td>\n<\/tr>\n<tr>\n<td><span style=\"color: #000000;\"><strong>Format<\/strong><\/span><\/td>\n<td><span style=\"color: #000000;\">Full Frame de 35 mm<\/span><\/td>\n<\/tr>\n<tr>\n<td><span style=\"color: #000000;\"><strong>Distan\u021b\u0103 focal\u0103 (mm)<\/strong><\/span><\/td>\n<td><span style=\"color: #000000;\">400-800<\/span><\/td>\n<\/tr>\n<tr>\n<td><span style=\"color: #000000;\"><strong>Distan\u0163\u0103 focal\u0103 echivalent\u0103 cu 35 mm (APS-C)<\/strong><\/span><\/td>\n<td><span style=\"color: #000000;\">600-1200<\/span><\/td>\n<\/tr>\n<tr>\n<td><span style=\"color: #000000;\"><strong>Grupuri\/elemente de obiectiv<\/strong><\/span><\/td>\n<td><span style=\"color: #000000;\">19\/27<\/span><\/td>\n<\/tr>\n<tr>\n<td><span style=\"color: #000000;\"><strong>Unghi de vizualizare (35 mm)<\/strong><\/span><\/td>\n<td><span style=\"color: #000000;\">6\u00ba10&#8242;-3\u00ba10&#8242;<\/span><\/td>\n<\/tr>\n<tr>\n<td><span style=\"color: #000000;\"><strong>Unghi de vizualizare (APS-C)<\/strong><\/span><\/td>\n<td><span style=\"color: #000000;\">4\u00b010&#8242;-2\u00b02<\/span><\/td>\n<\/tr>\n<tr>\n<td><span style=\"color: #000000;\"><strong>Diafragm\u0103 maxim\u0103 (F)<\/strong><\/span><\/td>\n<td><span style=\"color: #000000;\">6,3 -8<\/span><\/td>\n<\/tr>\n<tr>\n<td><span style=\"color: #000000;\"><strong>Diafragm\u0103 minim\u0103 (F)<\/strong><\/span><\/td>\n<td><span style=\"color: #000000;\">36-45<\/span><\/td>\n<\/tr>\n<tr>\n<td><span style=\"color: #000000;\"><strong>Discuri diafragm\u0103<\/strong><\/span><\/td>\n<td><span style=\"color: #000000;\">11<\/span><\/td>\n<\/tr>\n<tr>\n<td><span style=\"color: #000000;\"><strong>Diafragm\u0103 circular\u0103<\/strong><\/span><\/td>\n<td><span style=\"color: #000000;\">Da<\/span><\/td>\n<\/tr>\n<tr>\n<td><span style=\"color: #000000;\"><strong>Distan\u0163\u0103 minim\u0103 de focalizare<\/strong><\/span><\/td>\n<td><span style=\"color: #000000;\">1,7m-3,5m<\/span><\/td>\n<\/tr>\n<tr>\n<td><span style=\"color: #000000;\"><strong>Raport maxim al factorului de m\u0103rire (x)<\/strong><\/span><\/td>\n<td><span style=\"color: #000000;\">0,23<\/span><\/td>\n<\/tr>\n<tr>\n<td><span style=\"color: #000000;\"><strong>Diametru filtru (mm)<\/strong><\/span><\/td>\n<td><span style=\"color: #000000;\">105<\/span><\/td>\n<\/tr>\n<tr>\n<td><span style=\"color: #000000;\"><strong>Stabilizare a imaginii (Steadyshot\u2122)<\/strong><\/span><\/td>\n<td><span style=\"color: #000000;\">Stabilizare optic\u0103 SteadyShot<\/span><\/td>\n<\/tr>\n<tr>\n<td><span style=\"color: #000000;\"><strong>Sistem zoom<\/strong><\/span><\/td>\n<td><span style=\"color: #000000;\">Manual\u0103<\/span><\/td>\n<\/tr>\n<tr>\n<td><span style=\"color: #000000;\"><strong>Compatibilitate teleconvertor (x1,4)<\/strong><\/span><\/td>\n<td><span style=\"color: #000000;\">SEL14TC<\/span><\/td>\n<\/tr>\n<tr>\n<td><span style=\"color: #000000;\"><strong>Compatibilitate teleconvertor (x2,0)<\/strong><\/span><\/td>\n<td><span style=\"color: #000000;\">SEL20TC<\/span><\/td>\n<\/tr>\n<tr>\n<td><span style=\"color: #000000;\"><strong>Tipul parasolarului<\/strong><\/span><\/td>\n<td><span style=\"color: #000000;\">Form\u0103 rotund\u0103, de tip baionet\u0103<\/span><\/td>\n<\/tr>\n<tr>\n<td style=\"text-align: center;\" colspan=\"2\"><span style=\"color: #000000;\"><strong>Dimensiuni \u0219i greutate<\/strong><\/span><\/td>\n<\/tr>\n<tr>\n<td><span style=\"color: #000000;\"><strong>Dimensiuni<\/strong><\/span><\/td>\n<td><span style=\"color: #000000;\">119,8mm x 346mm<\/span><\/td>\n<\/tr>\n<tr>\n<td><span style=\"color: #000000;\"><strong>Greutate<\/strong><\/span><\/td>\n<td><span style=\"color: #000000;\">2475g<\/span><\/td>\n<\/tr>\n<tr>\n<td style=\"text-align: center;\" colspan=\"2\"><span style=\"color: #000000;\"><strong>Ce este \u00een cutie?<\/strong><\/span><\/td>\n<\/tr>\n<tr>\n<td><span style=\"color: #000000;\"><strong>Parasolar (model): <\/strong><\/span><\/td>\n<td><span style=\"color: #000000;\">ALC-SH181<\/span><\/td>\n<\/tr>\n<tr>\n<td><span style=\"color: #000000;\"><strong>Capac frontal pentru obiectiv: <\/strong><\/span><\/td>\n<td><span style=\"color: #000000;\">ALC-F105S<\/span><\/td>\n<\/tr>\n<tr>\n<td><span style=\"color: #000000;\"><strong>Capac spate pentru obiectiv: <\/strong><\/span><\/td>\n<td><span style=\"color: #000000;\">ALC-R1EM<\/span><\/td>\n<\/tr>\n<tr>\n<td><span style=\"color: #000000;\"><strong>Curea pentru obiectiv<\/strong><\/span><\/td>\n<td><\/td>\n<\/tr>\n<\/tbody>\n<\/table>\n<figure><img decoding=\"async\" class=\"iq-img aligncenter\" src=\"https:\/\/www.sony.ro\/image\/bd35125624b6156cff280a045e538024?fmt=jpeg&amp;wid=378&amp;qlt=85\" alt=\"Imagine de exemplificare cu o maimu\u021b\u0103 ag\u0103\u021bat\u0103 de o ramur\u0103, \u021bin\u00e2nd un pui \u00een bra\u021be\" data-src-phone-highres=\"\/\/www.sony.ro\/image\/bd35125624b6156cff280a045e538024?fmt=jpeg&amp;wid=756\" data-src-desktop=\"\/\/www.sony.ro\/image\/bd35125624b6156cff280a045e538024?fmt=jpeg&amp;wid=378\" data-src-tablet-highres=\"\/\/www.sony.ro\/image\/bd35125624b6156cff280a045e538024?fmt=jpeg&amp;wid=756\" data-id=\"img_bd35125624b6156cff280a045e538024\" data-src-phone=\"\/\/www.sony.ro\/image\/bd35125624b6156cff280a045e538024?fmt=jpeg&amp;wid=378\" data-src-tablet=\"\/\/www.sony.ro\/image\/bd35125624b6156cff280a045e538024?fmt=jpeg&amp;wid=378\" data-src-desktop-highres=\"\/\/www.sony.ro\/image\/bd35125624b6156cff280a045e538024?fmt=jpeg&amp;wid=756\" data-pushed=\"true\" data-current=\"\/\/www.sony.ro\/image\/bd35125624b6156cff280a045e538024?fmt=jpeg&amp;wid=378\" data-hasloaded=\"true\" data-fadeonce=\"true\" \/><\/figure>\n<div class=\"tile-content\">\n<h3 class=\"t6 tile-title\" style=\"text-align: center;\"><span style=\"color: #000000;\">Superteleobiectiv SEL400800G\u00a0 SONY E-mount<\/span><\/h3>\n<p class=\"p3\" style=\"text-align: center;\"><span style=\"color: #000000;\">FE 400-800mm F6.3-8 G OSS este primul obiectiv \u03b1\u2122 care acoper\u0103 intervalul de zoom de superteleobiectiv, de 800mm. Sunt disponibile teleconvertoare op\u021bionale de 1,4x \u0219i 2x, teleconvertorul de 2x put\u00e2nd extinde acest interval p\u00e2n\u0103 la 1600mm. Distan\u021bele focale de superteleobiectiv sunt ideale pentru p\u0103s\u0103ri \u0219i animale s\u0103lbatice, sporturi, avioane \u0219i al\u021bi subiec\u021bi care nu pot fi fotografia\u021bi de aproape.<\/span><\/p>\n<\/div>\n","protected":false},"excerpt":{"rendered":"<ul>\n<li>Superteleobiectiv cu zoom 400-800 mm<\/li>\n<li>Format : Full Frame , 35 mm<\/li>\n<li>Mount: SONY E-mount<\/li>\n<li>Stabilizare \u00eencorporat\u0103 : Optical Steady Shot OSS<\/li>\n<li>Greutate : 2475g<\/li>\n<\/ul>\n","protected":false},"featured_media":29560,"comment_status":"open","ping_status":"closed","template":"","meta":[],"product_brand":[],"product_cat":[903],"product_tag":[],"class_list":{"0":"post-29576","1":"product","2":"type-product","3":"status-publish","4":"has-post-thumbnail","6":"product_cat-teleobiective-sony","8":"first","9":"outofstock","10":"sale","11":"shipping-taxable","12":"purchasable","13":"product-type-simple"},"yoast_head":"<!-- This site is optimized with the Yoast SEO plugin v27.4 - https:\/\/yoast.com\/product\/yoast-seo-wordpress\/ -->\n<title>SEL400800G | Obiectiv SONY 400-800mm | Moldova<\/title>\n<meta name=\"description\" content=\"Cumpara noul obiectiv SONY cu zoom SEL400800G in Chisinau | Distanta focala 400-800m | Format 35mm Full Frame | SONY E-mount\" \/>\n<meta name=\"robots\" content=\"index, follow, max-snippet:-1, max-image-preview:large, max-video-preview:-1\" \/>\n<link rel=\"canonical\" href=\"https:\/\/sonycenter.md\/ro\/magazin\/sel400800g\/\" \/>\n<meta property=\"og:locale\" content=\"ro_RO\" \/>\n<meta property=\"og:type\" content=\"article\" \/>\n<meta property=\"og:title\" content=\"SEL400800G | Obiectiv SONY 400-800mm | Moldova\" \/>\n<meta property=\"og:description\" content=\"Cumpara noul obiectiv SONY cu zoom SEL400800G in Chisinau | Distanta focala 400-800m | Format 35mm Full Frame | SONY E-mount\" \/>\n<meta property=\"og:url\" content=\"https:\/\/sonycenter.md\/ro\/magazin\/sel400800g\/\" \/>\n<meta property=\"og:site_name\" content=\"SONY\" \/>\n<meta property=\"article:modified_time\" content=\"2025-03-17T16:28:28+00:00\" \/>\n<meta property=\"og:image\" content=\"https:\/\/sonycenter.md\/wp-content\/uploads\/2025\/03\/SEL400800-5.jpg\" \/>\n\t<meta property=\"og:image:width\" content=\"600\" \/>\n\t<meta property=\"og:image:height\" content=\"600\" \/>\n\t<meta property=\"og:image:type\" content=\"image\/jpeg\" \/>\n<meta name=\"twitter:card\" content=\"summary_large_image\" \/>\n<meta name=\"twitter:label1\" content=\"Est. reading time\" \/>\n\t<meta name=\"twitter:data1\" content=\"2 minutes\" \/>\n<script type=\"application\/ld+json\" class=\"yoast-schema-graph\">{\"@context\":\"https:\\\/\\\/schema.org\",\"@graph\":[{\"@type\":[\"WebPage\",\"ItemPage\"],\"@id\":\"https:\\\/\\\/sonycenter.md\\\/ro\\\/magazin\\\/sel400800g\\\/\",\"url\":\"https:\\\/\\\/sonycenter.md\\\/ro\\\/magazin\\\/sel400800g\\\/\",\"name\":\"SEL400800G | Obiectiv SONY 400-800mm | Moldova\",\"isPartOf\":{\"@id\":\"http:\\\/\\\/sonycenter.md\\\/ro\\\/#website\"},\"primaryImageOfPage\":{\"@id\":\"https:\\\/\\\/sonycenter.md\\\/ro\\\/magazin\\\/sel400800g\\\/#primaryimage\"},\"image\":{\"@id\":\"https:\\\/\\\/sonycenter.md\\\/ro\\\/magazin\\\/sel400800g\\\/#primaryimage\"},\"thumbnailUrl\":\"https:\\\/\\\/sonycenter.md\\\/wp-content\\\/uploads\\\/2025\\\/03\\\/SEL400800-5.jpg\",\"datePublished\":\"2025-03-17T16:16:50+00:00\",\"dateModified\":\"2025-03-17T16:28:28+00:00\",\"description\":\"Cumpara noul obiectiv SONY cu zoom SEL400800G in Chisinau | Distanta focala 400-800m | Format 35mm Full Frame | SONY E-mount\",\"breadcrumb\":{\"@id\":\"https:\\\/\\\/sonycenter.md\\\/ro\\\/magazin\\\/sel400800g\\\/#breadcrumb\"},\"inLanguage\":\"ro-RO\",\"potentialAction\":[{\"@type\":\"ReadAction\",\"target\":[\"https:\\\/\\\/sonycenter.md\\\/ro\\\/magazin\\\/sel400800g\\\/\"]}]},{\"@type\":\"ImageObject\",\"inLanguage\":\"ro-RO\",\"@id\":\"https:\\\/\\\/sonycenter.md\\\/ro\\\/magazin\\\/sel400800g\\\/#primaryimage\",\"url\":\"https:\\\/\\\/sonycenter.md\\\/wp-content\\\/uploads\\\/2025\\\/03\\\/SEL400800-5.jpg\",\"contentUrl\":\"https:\\\/\\\/sonycenter.md\\\/wp-content\\\/uploads\\\/2025\\\/03\\\/SEL400800-5.jpg\",\"width\":600,\"height\":600,\"caption\":\"SEL400800G\"},{\"@type\":\"BreadcrumbList\",\"@id\":\"https:\\\/\\\/sonycenter.md\\\/ro\\\/magazin\\\/sel400800g\\\/#breadcrumb\",\"itemListElement\":[{\"@type\":\"ListItem\",\"position\":1,\"name\":\"\u0413\u043b\u0430\u0432\u043d\u0430\u044f \u0441\u0442\u0440\u0430\u043d\u0438\u0446\u0430\",\"item\":\"https:\\\/\\\/sonycenter.md\\\/ro\\\/\"},{\"@type\":\"ListItem\",\"position\":2,\"name\":\"Magazin\",\"item\":\"https:\\\/\\\/sonycenter.md\\\/shop\\\/\"},{\"@type\":\"ListItem\",\"position\":3,\"name\":\"SEL400800G\"}]},{\"@type\":\"WebSite\",\"@id\":\"http:\\\/\\\/sonycenter.md\\\/ro\\\/#website\",\"url\":\"http:\\\/\\\/sonycenter.md\\\/ro\\\/\",\"name\":\"sonycenter.md\",\"description\":\"SONYCENTER \u00een Chi\u0219in\u0103u\",\"publisher\":{\"@id\":\"http:\\\/\\\/sonycenter.md\\\/ro\\\/#organization\"},\"potentialAction\":[{\"@type\":\"SearchAction\",\"target\":{\"@type\":\"EntryPoint\",\"urlTemplate\":\"http:\\\/\\\/sonycenter.md\\\/ro\\\/?s={search_term_string}\"},\"query-input\":{\"@type\":\"PropertyValueSpecification\",\"valueRequired\":true,\"valueName\":\"search_term_string\"}}],\"inLanguage\":\"ro-RO\"},{\"@type\":\"Organization\",\"@id\":\"http:\\\/\\\/sonycenter.md\\\/ro\\\/#organization\",\"name\":\"sonycenter.md\",\"url\":\"http:\\\/\\\/sonycenter.md\\\/ro\\\/\",\"logo\":{\"@type\":\"ImageObject\",\"inLanguage\":\"ro-RO\",\"@id\":\"http:\\\/\\\/sonycenter.md\\\/ro\\\/#\\\/schema\\\/logo\\\/image\\\/\",\"url\":\"\",\"contentUrl\":\"\",\"caption\":\"sonycenter.md\"},\"image\":{\"@id\":\"http:\\\/\\\/sonycenter.md\\\/ro\\\/#\\\/schema\\\/logo\\\/image\\\/\"}}]}<\/script>\n<!-- \/ Yoast SEO plugin. -->","yoast_head_json":{"title":"SEL400800G | Obiectiv SONY 400-800mm | Moldova","description":"Cumpara noul obiectiv SONY cu zoom SEL400800G in Chisinau | Distanta focala 400-800m | Format 35mm Full Frame | SONY E-mount","robots":{"index":"index","follow":"follow","max-snippet":"max-snippet:-1","max-image-preview":"max-image-preview:large","max-video-preview":"max-video-preview:-1"},"canonical":"https:\/\/sonycenter.md\/ro\/magazin\/sel400800g\/","og_locale":"ro_RO","og_type":"article","og_title":"SEL400800G | Obiectiv SONY 400-800mm | Moldova","og_description":"Cumpara noul obiectiv SONY cu zoom SEL400800G in Chisinau | Distanta focala 400-800m | Format 35mm Full Frame | SONY E-mount","og_url":"https:\/\/sonycenter.md\/ro\/magazin\/sel400800g\/","og_site_name":"SONY","article_modified_time":"2025-03-17T16:28:28+00:00","og_image":[{"width":600,"height":600,"url":"https:\/\/sonycenter.md\/wp-content\/uploads\/2025\/03\/SEL400800-5.jpg","type":"image\/jpeg"}],"twitter_card":"summary_large_image","twitter_misc":{"Est. reading time":"2 minutes"},"schema":{"@context":"https:\/\/schema.org","@graph":[{"@type":["WebPage","ItemPage"],"@id":"https:\/\/sonycenter.md\/ro\/magazin\/sel400800g\/","url":"https:\/\/sonycenter.md\/ro\/magazin\/sel400800g\/","name":"SEL400800G | Obiectiv SONY 400-800mm | Moldova","isPartOf":{"@id":"https:\/\/sonycenter.md\/ro\/#website"},"primaryImageOfPage":{"@id":"https:\/\/sonycenter.md\/ro\/magazin\/sel400800g\/#primaryimage"},"image":{"@id":"https:\/\/sonycenter.md\/ro\/magazin\/sel400800g\/#primaryimage"},"thumbnailUrl":"https:\/\/sonycenter.md\/wp-content\/uploads\/2025\/03\/SEL400800-5.jpg","datePublished":"2025-03-17T16:16:50+00:00","dateModified":"2025-03-17T16:28:28+00:00","description":"Cumpara noul obiectiv SONY cu zoom SEL400800G in Chisinau | Distanta focala 400-800m | Format 35mm Full Frame | SONY E-mount","breadcrumb":{"@id":"https:\/\/sonycenter.md\/ro\/magazin\/sel400800g\/#breadcrumb"},"inLanguage":"ro-RO","potentialAction":[{"@type":"ReadAction","target":["https:\/\/sonycenter.md\/ro\/magazin\/sel400800g\/"]}]},{"@type":"ImageObject","inLanguage":"ro-RO","@id":"https:\/\/sonycenter.md\/ro\/magazin\/sel400800g\/#primaryimage","url":"https:\/\/sonycenter.md\/wp-content\/uploads\/2025\/03\/SEL400800-5.jpg","contentUrl":"https:\/\/sonycenter.md\/wp-content\/uploads\/2025\/03\/SEL400800-5.jpg","width":600,"height":600,"caption":"SEL400800G"},{"@type":"BreadcrumbList","@id":"https:\/\/sonycenter.md\/ro\/magazin\/sel400800g\/#breadcrumb","itemListElement":[{"@type":"ListItem","position":1,"name":"\u0413\u043b\u0430\u0432\u043d\u0430\u044f \u0441\u0442\u0440\u0430\u043d\u0438\u0446\u0430","item":"https:\/\/sonycenter.md\/ro\/"},{"@type":"ListItem","position":2,"name":"Magazin","item":"https:\/\/sonycenter.md\/shop\/"},{"@type":"ListItem","position":3,"name":"SEL400800G"}]},{"@type":"WebSite","@id":"https:\/\/sonycenter.md\/ro\/#website","url":"https:\/\/sonycenter.md\/ro\/","name":"sonycenter.md","description":"SONYCENTER \u00een Chi\u0219in\u0103u","publisher":{"@id":"https:\/\/sonycenter.md\/ro\/#organization"},"potentialAction":[{"@type":"SearchAction","target":{"@type":"EntryPoint","urlTemplate":"https:\/\/sonycenter.md\/ro\/?s={search_term_string}"},"query-input":{"@type":"PropertyValueSpecification","valueRequired":true,"valueName":"search_term_string"}}],"inLanguage":"ro-RO"},{"@type":"Organization","@id":"https:\/\/sonycenter.md\/ro\/#organization","name":"sonycenter.md","url":"https:\/\/sonycenter.md\/ro\/","logo":{"@type":"ImageObject","inLanguage":"ro-RO","@id":"https:\/\/sonycenter.md\/ro\/#\/schema\/logo\/image\/","url":"","contentUrl":"","caption":"sonycenter.md"},"image":{"@id":"https:\/\/sonycenter.md\/ro\/#\/schema\/logo\/image\/"}}]}},"_links":{"self":[{"href":"https:\/\/sonycenter.md\/ro\/wp-json\/wp\/v2\/product\/29576","targetHints":{"allow":["GET"]}}],"collection":[{"href":"https:\/\/sonycenter.md\/ro\/wp-json\/wp\/v2\/product"}],"about":[{"href":"https:\/\/sonycenter.md\/ro\/wp-json\/wp\/v2\/types\/product"}],"replies":[{"embeddable":true,"href":"https:\/\/sonycenter.md\/ro\/wp-json\/wp\/v2\/comments?post=29576"}],"wp:featuredmedia":[{"embeddable":true,"href":"https:\/\/sonycenter.md\/ro\/wp-json\/wp\/v2\/media\/29560"}],"wp:attachment":[{"href":"https:\/\/sonycenter.md\/ro\/wp-json\/wp\/v2\/media?parent=29576"}],"wp:term":[{"taxonomy":"product_brand","embeddable":true,"href":"https:\/\/sonycenter.md\/ro\/wp-json\/wp\/v2\/product_brand?post=29576"},{"taxonomy":"product_cat","embeddable":true,"href":"https:\/\/sonycenter.md\/ro\/wp-json\/wp\/v2\/product_cat?post=29576"},{"taxonomy":"product_tag","embeddable":true,"href":"https:\/\/sonycenter.md\/ro\/wp-json\/wp\/v2\/product_tag?post=29576"}],"curies":[{"name":"wp","href":"https:\/\/api.w.org\/{rel}","templated":true}]}}