{"id":29578,"date":"2025-03-17T18:47:04","date_gmt":"2025-03-17T16:47:04","guid":{"rendered":"https:\/\/sonycenter.md\/?post_type=product&#038;p=29578"},"modified":"2025-11-27T12:51:43","modified_gmt":"2025-11-27T10:51:43","slug":"sel16f18g","status":"publish","type":"product","link":"https:\/\/sonycenter.md\/ro\/magazin\/sel16f18g\/","title":{"rendered":"SEL16F18G"},"content":{"rendered":"<p style=\"text-align: center;\"><span style=\"color: #000000;\">Specifica\u021bii complete pentru <span style=\"color: #0000ff;\"><a style=\"color: #0000ff;\" href=\"https:\/\/sonycenter.md\/ro\/category\/accesorii-foto-video\/obiective\/\">obiectivul<\/a> <\/span>fix SEL16F18G:<\/span><\/p>\n<figure><\/figure>\n<div id=\"page-main-content\" class=\"area body\" role=\"main\">\n<div class=\"tech-specs spec-single\" data-locale=\"ro_RO\" data-product-masterid=\"urn:sony:product:model:[model]sel16_f18_g\" data-product-name=\"SEL16F18G\">\n<div class=\"feature-benefits spec-single spec-multi \">\n<section id=\"features\" class=\"spec-tiles-wrap container\">\n<div class=\"spec-tiles slimgrid no-grid-at-479 shuffle\">\n<div class=\"spec-tile span4 shuffle-item filtered\">\n<figure><\/figure>\n<div class=\"tile-content\" style=\"text-align: center;\">\n<p class=\"t6 tile-title\"><strong><span style=\"color: #000000; font-size: 120%;\">Rezolu\u021bie extraordinar\u0103 \u00een format ultralarg<\/span><\/strong><\/p>\n<p class=\"p3\"><span style=\"color: #000000;\">Dou\u0103 lentile AA (asferic avansat) minimizeaz\u0103 curbura c\u00e2mpului \u0219i astigmatismul pentru o rezolu\u021bie uimitoare \u00een \u00eentreaga imagine, indiferent de diafragm\u0103. Un element de sticl\u0103 Super ED (dispersie extrem de sc\u0103zut\u0103) \u0219i trei elemente ED elimin\u0103 abera\u021bia cromatic\u0103, iar stratul de acoperire optimizat minimizeaz\u0103 petele albe \u0219i reflexiile parazite. Acesta este un obiectiv ideal pentru a crea imagini cu unghi larg spectaculoase.<\/span><\/p>\n<hr \/>\n<\/div>\n<\/div>\n<div class=\"spec-tile span4 shuffle-item filtered\" style=\"text-align: center;\">\n<figure><\/figure>\n<figure><\/figure>\n<div class=\"tile-content\">\n<p class=\"t6 tile-title\"><strong><span style=\"color: #000000; font-size: 120%;\">Efect bokeh frumos, specific G Lens\u2122, la F1.8<\/span><\/strong><\/p>\n<p class=\"p3\"><span style=\"color: #000000;\">C\u00e2nd scopul este un efect bokeh frumos, acest G Lens ofer\u0103 o diafragm\u0103 maxim\u0103 luminoas\u0103 F1.8, mecanism cu diafragm\u0103 circular\u0103 cu 11 lamele \u0219i abera\u021bie sferic\u0103 atent controlat\u0103.<\/span><\/p>\n<hr \/>\n<\/div>\n<\/div>\n<div class=\"spec-tile span4 shuffle-item filtered\" style=\"text-align: center;\">\n<figure><\/figure>\n<figure><\/figure>\n<div class=\"tile-content\">\n<p class=\"t6 tile-title\"><strong><span style=\"color: #000000; font-size: 120%;\">Performan\u021b\u0103 incredibil\u0103 la prim-plan<\/span><\/strong><\/p>\n<p class=\"p3\"><span style=\"color: #000000;\">Performan\u021ba la prim-plan este excelent\u0103 cu o distan\u021b\u0103 minim\u0103 de focalizare de 0,15m\/0,5ft \u0219i un factor de m\u0103rire maxim de 0,25x la focalizare automat\u0103 (0,13m\/0,43ft, 0,30x la focalizare manual\u0103). Posibilitatea de a v\u0103 apropia at\u00e2t de mult cu un obiectiv cu unghi ultralarg permite surprinderea unor perspective dinamice cu efect bokeh profund, rafinat.<\/span><\/p>\n<hr \/>\n<\/div>\n<\/div>\n<div class=\"spec-tile span4 shuffle-item filtered\" style=\"text-align: center;\">\n<figure><\/figure>\n<figure><\/figure>\n<figure><\/figure>\n<div class=\"tile-content\">\n<p class=\"t6 tile-title\"><span style=\"font-size: 120%;\"><strong><span style=\"color: #000000;\">Diafragm\u0103 mare, unghi ultralarg \u0219i dimensiuni compacte<\/span><\/strong><\/span><\/p>\n<p class=\"p3\"><span style=\"color: #000000;\">Lentilele asferice din obiectiv, inclusiv lentila AA (asferic avansat) de \u00eenalt\u0103 precizie de la Sony, au ca rezultat un obiectiv full-frame cu unghi ultra larg de 73,8mm x 75mm (3 x 3 inchi) \u0219i o greutate de doar 304g (10,8oz). Este compact, u\u0219or \u0219i mobil, oferind \u00een acela\u0219i timp performan\u021be de imagine extraordinare pentru o gam\u0103 larg\u0103 de subiec\u021bi, inclusiv peisaje, arhitectur\u0103, scene nocturne \u0219i multe altele.<\/span><\/p>\n<hr \/>\n<\/div>\n<\/div>\n<div class=\"spec-tile span4 shuffle-item filtered\" style=\"text-align: center;\">\n<figure><\/figure>\n<figure><\/figure>\n<div class=\"tile-content\">\n<p class=\"t6 tile-title\"><span style=\"font-size: 120%;\"><strong><span style=\"color: #000000;\">Focalizare automat\u0103 avansat\u0103 pentru imagini de calitate superioar\u0103<\/span><\/strong><\/span><\/p>\n<p class=\"p3\"><span style=\"color: #000000;\">Dou\u0103 motoare liniare XD (extrem de dinamice) asigur\u0103 focalizare automat\u0103 \u0219i urm\u0103rire rapide \u0219i precise. Un algoritm de control dedicat asigur\u0103 un r\u0103spuns \u00eembun\u0103t\u0103\u021bit cu \u00eent\u00e2rziere \u0219i vibra\u021bii minime, astfel \u00eenc\u00e2t grupul de focalizare mare al obiectivului s\u0103 fie angrenat lin \u0219i silen\u021bios. Toate acestea faciliteaz\u0103 surprinderea celor mai importante momente atunci c\u00e2nd fotografia\u021bi subiec\u021bi activi \u0219i \u00een mi\u0219care rapid\u0103.<\/span><\/p>\n<hr \/>\n<\/div>\n<\/div>\n<div class=\"spec-tile span4 shuffle-item filtered\" style=\"text-align: center;\">\n<figure><\/figure>\n<figure><\/figure>\n<div class=\"tile-content\">\n<p class=\"t6 tile-title\"><strong><span style=\"color: #000000; font-size: 120%;\">Performan\u021b\u0103 rafinat\u0103, stabil\u0103 pentru \u00eenregistrare video<\/span><\/strong><\/p>\n<p class=\"p3\"><span style=\"color: #000000;\">Modificarea unghiului la focalizare este controlat\u0103 astfel \u00eenc\u00e2t deplasarea unghiului de vizualizare s\u0103 fie minimizat\u0103 pentru \u00eenregistrare video lin\u0103. De asemenea, este acceptat\u0103 \u0219i func\u021bia de compensare a modific\u0103rii unghiului la focalizare \u00a0din corpurile \u03b1 compatibile, iar modul Activ \u00a0de stabilizare a imaginii \u00eencorporat faciliteaz\u0103 \u00eenregistrarea video stabil\u0103, \u00een mi\u0219care. Obiectivul accept\u0103 filtre de 67mm \u0219i este compact, u\u0219or \u0219i poate fi echilibrat f\u0103r\u0103 efort pe un stabilizator cu articula\u021bie.<\/span><\/p>\n<hr \/>\n<\/div>\n<\/div>\n<div class=\"spec-tile span4 shuffle-item filtered\" style=\"text-align: center;\">\n<figure><\/figure>\n<figure><\/figure>\n<figure><\/figure>\n<div class=\"tile-content\">\n<p class=\"t6 tile-title\"><strong><span style=\"color: #000000; font-size: 120%;\">Control complet<\/span><\/strong><\/p>\n<p class=\"p3\"><span style=\"color: #000000;\">\u00cen plus fa\u021b\u0103 de func\u021bia normal\u0103 de men\u021binere a focaliz\u0103rii, alte func\u021bii pot fi alocate butonului de men\u021binere a focaliz\u0103rii prin intermediul comenzilor camerei, dup\u0103 cum este necesar. Un comutator pentru modul de focalizare, amplasat convenabil pe partea lateral\u0103 a cilindrului obiectivului faciliteaz\u0103 comutarea \u00eentre focalizarea automat\u0103 \u0219i cea manual\u0103 f\u0103r\u0103 a fi nevoie s\u0103 v\u0103 lua\u021bi ochii de pe vizor.<\/span><\/p>\n<hr \/>\n<\/div>\n<\/div>\n<div class=\"spec-tile span4 shuffle-item filtered\" style=\"text-align: center;\">\n<figure><\/figure>\n<figure><\/figure>\n<div class=\"tile-content\">\n<p class=\"t6 tile-title\"><strong><span style=\"color: #000000; font-size: 120%;\">R\u0103spuns liniar natural la focalizarea manual\u0103<\/span><\/strong><\/p>\n<p class=\"p3\"><span style=\"color: #000000;\">Cu focalizarea manual\u0103 cu r\u0103spuns liniar, inelul de focalizare r\u0103spunde direct \u0219i liniar la controlul subtil atunci c\u00e2nd se focalizeaz\u0103 manual. Rotirea inelului de focalizare se traduce direct printr-o schimbare corespunz\u0103toare a focaliz\u0103rii, astfel \u00eenc\u00e2t controlul se simte imediat \u0219i este precis.<\/span><\/p>\n<hr \/>\n<\/div>\n<\/div>\n<div class=\"spec-tile span4 shuffle-item filtered\" style=\"text-align: center;\">\n<figure><\/figure>\n<figure><\/figure>\n<div class=\"tile-content\">\n<p class=\"t6 tile-title\"><strong><span style=\"color: #000000; font-size: 120%;\">Inel pentru diafragm\u0103 cu comutator de activare\/dezactivare a treptelor<\/span><\/strong><\/p>\n<p class=\"p3\"><span style=\"color: #000000;\">Un inel de diafragm\u0103 asigur\u0103 controlul facil al diafragmei, iar un comutator de activare\/dezactivare a treptelor diafragmei optimizeaz\u0103 func\u021bionarea inelului de diafragm\u0103 pentru diferite tipuri de fotografiere. Diafragma \u00een trepte poate fi activat\u0103 pentru a oferi un feedback tactil la realizarea imaginilor statice sau dezactivat\u0103 pentru un control silen\u021bios \u0219i continuu al diafragmei la \u00eenregistrare video.<\/span><\/p>\n<hr \/>\n<\/div>\n<\/div>\n<div class=\"spec-tile span4 shuffle-item filtered\" style=\"text-align: center;\">\n<figure><\/figure>\n<figure><\/figure>\n<div class=\"tile-content\">\n<p class=\"t6 tile-title\"><strong><span style=\"color: #000000; font-size: 120%;\">Blocarea diafragmei previne modificarea nedorit\u0103 a diafragmei<\/span><\/strong><\/p>\n<p class=\"p3\"><span style=\"color: #000000;\">Un comutator de blocare a diafragmei previne modificarea accidental\u0103 a diafragmei \u00een timpul fotografierii. C\u00e2nd este blocat, diafragma fie este blocat\u0103 \u00een pozi\u021bia [A], fie poate fi rotit\u0103 \u00eentre oricare dintre set\u0103rile manuale.<\/span><\/p>\n<hr \/>\n<\/div>\n<\/div>\n<div class=\"spec-tile span4 shuffle-item filtered\">\n<figure><\/figure>\n<figure><\/figure>\n<div class=\"tile-content\">\n<p class=\"t6 tile-title\" style=\"text-align: center;\"><span style=\"font-size: 120%;\"><strong><span style=\"color: #000000;\">Fiabilitate suplimentar\u0103 pentru fotografierea \u00een aer liber<\/span><\/strong><\/span><\/p>\n<p class=\"p3\" style=\"text-align: center;\"><span style=\"color: #000000;\">Un design rezistent la praf \u0219i umezeal\u0103 asigur\u0103 fiabilitate excelent\u0103 la fotografierea \u00een aer liber. Elementul frontal este acoperit cu un strat de fluor ce respinge substan\u021bele contaminante, facilit\u00e2nd cur\u0103\u021barea.<\/span><\/p>\n<\/div>\n<\/div>\n<\/div>\n<\/section>\n<\/div>\n<\/div>\n<\/div>\n","protected":false},"excerpt":{"rendered":"<ul>\n<li><span style=\"color: #000000;\">SONY FE 16mm F1.8 G<\/span><\/li>\n<li><span style=\"color: #000000;\">Baioneta : SONY E-Mount<\/span><\/li>\n<li><span style=\"color: #000000;\">Format : Full Frame , 35 mm<\/span><\/li>\n<li><span style=\"color: #000000;\">Distan\u021b\u0103 focal\u0103 : f=16 mm<\/span><\/li>\n<li><span style=\"color: #000000;\">Valoarea maxim\u0103 a diafragmei : F1.8<\/span><\/li>\n<li><span style=\"color: #000000;\">Valoarea minim\u0103 a diafragmei : F22<\/span><\/li>\n<li><span style=\"color: #000000;\">Lamele diafragmei : 11<\/span><\/li>\n<li><span style=\"color: #000000;\">Stabilizare integrat\u0103 : Nu<\/span><\/li>\n<li><span style=\"color: #000000;\">Distan\u021ba minim\u0103 de focalizare : 0,13 m<\/span><\/li>\n<li><span style=\"color: #000000;\">Diametru filtru : 67 mm<\/span><\/li>\n<li><span style=\"color: #000000;\">Dimensiuni : 73,8 mm x 75 mm<\/span><\/li>\n<li><span style=\"color: #000000;\">Greutate : 304 g<\/span><\/li>\n<li><span style=\"color: #000000;\">Con\u021binului cutiei : parasolar, capacul din spate \u0219i din fa\u021b\u0103<\/span><\/li>\n<li><span style=\"color: #000000;\">Garan\u021bie de firm\u0103 : 2 ani<\/span><\/li>\n<\/ul>\n","protected":false},"featured_media":29574,"comment_status":"open","ping_status":"closed","template":"","meta":[],"product_brand":[],"product_cat":[901],"product_tag":[],"class_list":{"0":"post-29578","1":"product","2":"type-product","3":"status-publish","4":"has-post-thumbnail","6":"product_cat-obiective-fixe","8":"first","9":"outofstock","10":"sale","11":"shipping-taxable","12":"purchasable","13":"product-type-simple"},"yoast_head":"<!-- This site is optimized with the Yoast SEO plugin v27.4 - https:\/\/yoast.com\/product\/yoast-seo-wordpress\/ -->\n<title>SEL16F18G | Obiective SONY \u00een Moldova | Chi\u0219in\u0103u<\/title>\n<meta name=\"description\" content=\"Cumpara obiectiv SONY SEL16F18G de 16mm in Moldova | Chisinau | Diafragma maximala F 1.8 | Full Frame 35mm | SONY E-mount\" \/>\n<meta name=\"robots\" content=\"index, follow, max-snippet:-1, max-image-preview:large, max-video-preview:-1\" \/>\n<link rel=\"canonical\" href=\"https:\/\/sonycenter.md\/ro\/magazin\/sel16f18g\/\" \/>\n<meta property=\"og:locale\" content=\"ro_RO\" \/>\n<meta property=\"og:type\" content=\"article\" \/>\n<meta property=\"og:title\" content=\"SEL16F18G | Obiective SONY \u00een Moldova | Chi\u0219in\u0103u\" \/>\n<meta property=\"og:description\" content=\"Cumpara obiectiv SONY SEL16F18G de 16mm in Moldova | Chisinau | Diafragma maximala F 1.8 | Full Frame 35mm | SONY E-mount\" \/>\n<meta property=\"og:url\" content=\"https:\/\/sonycenter.md\/ro\/magazin\/sel16f18g\/\" \/>\n<meta property=\"og:site_name\" content=\"SONY\" \/>\n<meta property=\"article:modified_time\" content=\"2025-11-27T10:51:43+00:00\" \/>\n<meta property=\"og:image\" content=\"https:\/\/sonycenter.md\/wp-content\/uploads\/2025\/03\/SEL16F18G.jpg\" \/>\n\t<meta property=\"og:image:width\" content=\"600\" \/>\n\t<meta property=\"og:image:height\" content=\"600\" \/>\n\t<meta property=\"og:image:type\" content=\"image\/jpeg\" \/>\n<meta name=\"twitter:card\" content=\"summary_large_image\" \/>\n<meta name=\"twitter:label1\" content=\"Est. reading time\" \/>\n\t<meta name=\"twitter:data1\" content=\"5 minutes\" \/>\n<script type=\"application\/ld+json\" class=\"yoast-schema-graph\">{\"@context\":\"https:\\\/\\\/schema.org\",\"@graph\":[{\"@type\":[\"WebPage\",\"ItemPage\"],\"@id\":\"https:\\\/\\\/sonycenter.md\\\/ro\\\/magazin\\\/sel16f18g\\\/\",\"url\":\"https:\\\/\\\/sonycenter.md\\\/ro\\\/magazin\\\/sel16f18g\\\/\",\"name\":\"SEL16F18G | Obiective SONY \u00een Moldova | Chi\u0219in\u0103u\",\"isPartOf\":{\"@id\":\"http:\\\/\\\/sonycenter.md\\\/ro\\\/#website\"},\"primaryImageOfPage\":{\"@id\":\"https:\\\/\\\/sonycenter.md\\\/ro\\\/magazin\\\/sel16f18g\\\/#primaryimage\"},\"image\":{\"@id\":\"https:\\\/\\\/sonycenter.md\\\/ro\\\/magazin\\\/sel16f18g\\\/#primaryimage\"},\"thumbnailUrl\":\"https:\\\/\\\/sonycenter.md\\\/wp-content\\\/uploads\\\/2025\\\/03\\\/SEL16F18G.jpg\",\"datePublished\":\"2025-03-17T16:47:04+00:00\",\"dateModified\":\"2025-11-27T10:51:43+00:00\",\"description\":\"Cumpara obiectiv SONY SEL16F18G de 16mm in Moldova | Chisinau | Diafragma maximala F 1.8 | Full Frame 35mm | SONY E-mount\",\"breadcrumb\":{\"@id\":\"https:\\\/\\\/sonycenter.md\\\/ro\\\/magazin\\\/sel16f18g\\\/#breadcrumb\"},\"inLanguage\":\"ro-RO\",\"potentialAction\":[{\"@type\":\"ReadAction\",\"target\":[\"https:\\\/\\\/sonycenter.md\\\/ro\\\/magazin\\\/sel16f18g\\\/\"]}]},{\"@type\":\"ImageObject\",\"inLanguage\":\"ro-RO\",\"@id\":\"https:\\\/\\\/sonycenter.md\\\/ro\\\/magazin\\\/sel16f18g\\\/#primaryimage\",\"url\":\"https:\\\/\\\/sonycenter.md\\\/wp-content\\\/uploads\\\/2025\\\/03\\\/SEL16F18G.jpg\",\"contentUrl\":\"https:\\\/\\\/sonycenter.md\\\/wp-content\\\/uploads\\\/2025\\\/03\\\/SEL16F18G.jpg\",\"width\":600,\"height\":600,\"caption\":\"SEL16F18G\"},{\"@type\":\"BreadcrumbList\",\"@id\":\"https:\\\/\\\/sonycenter.md\\\/ro\\\/magazin\\\/sel16f18g\\\/#breadcrumb\",\"itemListElement\":[{\"@type\":\"ListItem\",\"position\":1,\"name\":\"\u0413\u043b\u0430\u0432\u043d\u0430\u044f \u0441\u0442\u0440\u0430\u043d\u0438\u0446\u0430\",\"item\":\"https:\\\/\\\/sonycenter.md\\\/ro\\\/\"},{\"@type\":\"ListItem\",\"position\":2,\"name\":\"Magazin\",\"item\":\"https:\\\/\\\/sonycenter.md\\\/shop\\\/\"},{\"@type\":\"ListItem\",\"position\":3,\"name\":\"SEL16F18G\"}]},{\"@type\":\"WebSite\",\"@id\":\"http:\\\/\\\/sonycenter.md\\\/ro\\\/#website\",\"url\":\"http:\\\/\\\/sonycenter.md\\\/ro\\\/\",\"name\":\"sonycenter.md\",\"description\":\"SONYCENTER \u00een Chi\u0219in\u0103u\",\"publisher\":{\"@id\":\"http:\\\/\\\/sonycenter.md\\\/ro\\\/#organization\"},\"potentialAction\":[{\"@type\":\"SearchAction\",\"target\":{\"@type\":\"EntryPoint\",\"urlTemplate\":\"http:\\\/\\\/sonycenter.md\\\/ro\\\/?s={search_term_string}\"},\"query-input\":{\"@type\":\"PropertyValueSpecification\",\"valueRequired\":true,\"valueName\":\"search_term_string\"}}],\"inLanguage\":\"ro-RO\"},{\"@type\":\"Organization\",\"@id\":\"http:\\\/\\\/sonycenter.md\\\/ro\\\/#organization\",\"name\":\"sonycenter.md\",\"url\":\"http:\\\/\\\/sonycenter.md\\\/ro\\\/\",\"logo\":{\"@type\":\"ImageObject\",\"inLanguage\":\"ro-RO\",\"@id\":\"http:\\\/\\\/sonycenter.md\\\/ro\\\/#\\\/schema\\\/logo\\\/image\\\/\",\"url\":\"\",\"contentUrl\":\"\",\"caption\":\"sonycenter.md\"},\"image\":{\"@id\":\"http:\\\/\\\/sonycenter.md\\\/ro\\\/#\\\/schema\\\/logo\\\/image\\\/\"}}]}<\/script>\n<!-- \/ Yoast SEO plugin. -->","yoast_head_json":{"title":"SEL16F18G | Obiective SONY \u00een Moldova | Chi\u0219in\u0103u","description":"Cumpara obiectiv SONY SEL16F18G de 16mm in Moldova | Chisinau | Diafragma maximala F 1.8 | Full Frame 35mm | SONY E-mount","robots":{"index":"index","follow":"follow","max-snippet":"max-snippet:-1","max-image-preview":"max-image-preview:large","max-video-preview":"max-video-preview:-1"},"canonical":"https:\/\/sonycenter.md\/ro\/magazin\/sel16f18g\/","og_locale":"ro_RO","og_type":"article","og_title":"SEL16F18G | Obiective SONY \u00een Moldova | Chi\u0219in\u0103u","og_description":"Cumpara obiectiv SONY SEL16F18G de 16mm in Moldova | Chisinau | Diafragma maximala F 1.8 | Full Frame 35mm | SONY E-mount","og_url":"https:\/\/sonycenter.md\/ro\/magazin\/sel16f18g\/","og_site_name":"SONY","article_modified_time":"2025-11-27T10:51:43+00:00","og_image":[{"width":600,"height":600,"url":"https:\/\/sonycenter.md\/wp-content\/uploads\/2025\/03\/SEL16F18G.jpg","type":"image\/jpeg"}],"twitter_card":"summary_large_image","twitter_misc":{"Est. reading time":"5 minutes"},"schema":{"@context":"https:\/\/schema.org","@graph":[{"@type":["WebPage","ItemPage"],"@id":"https:\/\/sonycenter.md\/ro\/magazin\/sel16f18g\/","url":"https:\/\/sonycenter.md\/ro\/magazin\/sel16f18g\/","name":"SEL16F18G | Obiective SONY \u00een Moldova | Chi\u0219in\u0103u","isPartOf":{"@id":"https:\/\/sonycenter.md\/ro\/#website"},"primaryImageOfPage":{"@id":"https:\/\/sonycenter.md\/ro\/magazin\/sel16f18g\/#primaryimage"},"image":{"@id":"https:\/\/sonycenter.md\/ro\/magazin\/sel16f18g\/#primaryimage"},"thumbnailUrl":"https:\/\/sonycenter.md\/wp-content\/uploads\/2025\/03\/SEL16F18G.jpg","datePublished":"2025-03-17T16:47:04+00:00","dateModified":"2025-11-27T10:51:43+00:00","description":"Cumpara obiectiv SONY SEL16F18G de 16mm in Moldova | Chisinau | Diafragma maximala F 1.8 | Full Frame 35mm | SONY E-mount","breadcrumb":{"@id":"https:\/\/sonycenter.md\/ro\/magazin\/sel16f18g\/#breadcrumb"},"inLanguage":"ro-RO","potentialAction":[{"@type":"ReadAction","target":["https:\/\/sonycenter.md\/ro\/magazin\/sel16f18g\/"]}]},{"@type":"ImageObject","inLanguage":"ro-RO","@id":"https:\/\/sonycenter.md\/ro\/magazin\/sel16f18g\/#primaryimage","url":"https:\/\/sonycenter.md\/wp-content\/uploads\/2025\/03\/SEL16F18G.jpg","contentUrl":"https:\/\/sonycenter.md\/wp-content\/uploads\/2025\/03\/SEL16F18G.jpg","width":600,"height":600,"caption":"SEL16F18G"},{"@type":"BreadcrumbList","@id":"https:\/\/sonycenter.md\/ro\/magazin\/sel16f18g\/#breadcrumb","itemListElement":[{"@type":"ListItem","position":1,"name":"\u0413\u043b\u0430\u0432\u043d\u0430\u044f \u0441\u0442\u0440\u0430\u043d\u0438\u0446\u0430","item":"https:\/\/sonycenter.md\/ro\/"},{"@type":"ListItem","position":2,"name":"Magazin","item":"https:\/\/sonycenter.md\/shop\/"},{"@type":"ListItem","position":3,"name":"SEL16F18G"}]},{"@type":"WebSite","@id":"https:\/\/sonycenter.md\/ro\/#website","url":"https:\/\/sonycenter.md\/ro\/","name":"sonycenter.md","description":"SONYCENTER \u00een Chi\u0219in\u0103u","publisher":{"@id":"https:\/\/sonycenter.md\/ro\/#organization"},"potentialAction":[{"@type":"SearchAction","target":{"@type":"EntryPoint","urlTemplate":"https:\/\/sonycenter.md\/ro\/?s={search_term_string}"},"query-input":{"@type":"PropertyValueSpecification","valueRequired":true,"valueName":"search_term_string"}}],"inLanguage":"ro-RO"},{"@type":"Organization","@id":"https:\/\/sonycenter.md\/ro\/#organization","name":"sonycenter.md","url":"https:\/\/sonycenter.md\/ro\/","logo":{"@type":"ImageObject","inLanguage":"ro-RO","@id":"https:\/\/sonycenter.md\/ro\/#\/schema\/logo\/image\/","url":"","contentUrl":"","caption":"sonycenter.md"},"image":{"@id":"https:\/\/sonycenter.md\/ro\/#\/schema\/logo\/image\/"}}]}},"_links":{"self":[{"href":"https:\/\/sonycenter.md\/ro\/wp-json\/wp\/v2\/product\/29578","targetHints":{"allow":["GET"]}}],"collection":[{"href":"https:\/\/sonycenter.md\/ro\/wp-json\/wp\/v2\/product"}],"about":[{"href":"https:\/\/sonycenter.md\/ro\/wp-json\/wp\/v2\/types\/product"}],"replies":[{"embeddable":true,"href":"https:\/\/sonycenter.md\/ro\/wp-json\/wp\/v2\/comments?post=29578"}],"wp:featuredmedia":[{"embeddable":true,"href":"https:\/\/sonycenter.md\/ro\/wp-json\/wp\/v2\/media\/29574"}],"wp:attachment":[{"href":"https:\/\/sonycenter.md\/ro\/wp-json\/wp\/v2\/media?parent=29578"}],"wp:term":[{"taxonomy":"product_brand","embeddable":true,"href":"https:\/\/sonycenter.md\/ro\/wp-json\/wp\/v2\/product_brand?post=29578"},{"taxonomy":"product_cat","embeddable":true,"href":"https:\/\/sonycenter.md\/ro\/wp-json\/wp\/v2\/product_cat?post=29578"},{"taxonomy":"product_tag","embeddable":true,"href":"https:\/\/sonycenter.md\/ro\/wp-json\/wp\/v2\/product_tag?post=29578"}],"curies":[{"name":"wp","href":"https:\/\/api.w.org\/{rel}","templated":true}]}}