{"id":29777,"date":"2025-04-11T11:02:57","date_gmt":"2025-04-11T08:02:57","guid":{"rendered":"https:\/\/sonycenter.md\/?post_type=product&#038;p=29777"},"modified":"2026-04-06T16:49:42","modified_gmt":"2026-04-06T13:49:42","slug":"sony-ht-b600","status":"publish","type":"product","link":"https:\/\/sonycenter.md\/ro\/magazin\/sony-ht-b600\/","title":{"rendered":"Bravia Theatre Bar 6 (HTB600)"},"content":{"rendered":"<p style=\"text-align: center;\"><span style=\"color: #000000;\">Specifica\u021bii complete pentru<span style=\"color: #0000ff;\"><a style=\"color: #0000ff;\" href=\"https:\/\/sonycenter.md\/ro\/category\/sisteme-audio\/bare-de-sunet\/\"> bara de sunet<\/a><\/span> SONY HT-B600:<\/span><\/p>\n<table>\n<tbody>\n<tr>\n<td style=\"text-align: center;\" colspan=\"2\" width=\"454\"><span style=\"color: #000000;\"><strong>Dimensiuni \u0219i greutate<\/strong><\/span><\/td>\n<\/tr>\n<tr>\n<td><span style=\"color: #000000;\"><strong>Bara de sunet (L x \u00ce x A)<\/strong><\/span><\/td>\n<td><span style=\"color: #000000;\">950 mm x 64 mm x 110 mm<\/span><\/td>\n<\/tr>\n<tr>\n<td><span style=\"color: #000000;\"><strong>Greutate \u2013 numai corpul<\/strong><\/span><\/td>\n<td><span style=\"color: #000000;\">3,1 kg<\/span><\/td>\n<\/tr>\n<tr>\n<td><span style=\"color: #000000;\"><strong>Dimensiuni subwoofer (L x \u00ce x A) <\/strong><\/span><\/td>\n<td><span style=\"color: #000000;\">210 mm x 388 mm x 388 mm<\/span><\/td>\n<\/tr>\n<tr>\n<td><span style=\"color: #000000;\"><strong>Greutate subwoofer (kg)<\/strong><\/span><\/td>\n<td><span style=\"color: #000000;\">7,7 kg<\/span><\/td>\n<\/tr>\n<tr>\n<td style=\"text-align: center;\" colspan=\"2\"><span style=\"color: #000000;\"><strong>Amplificator<\/strong><\/span><\/td>\n<\/tr>\n<tr>\n<td><span style=\"color: #000000;\"><strong>Canale amplificator<\/strong><\/span><\/td>\n<td><span style=\"color: #000000;\">3.1.2 canale<\/span><\/td>\n<\/tr>\n<tr>\n<td><span style=\"color: #000000;\"><strong>Putere de ie\u015fire (total\u0103)<\/strong><\/span><\/td>\n<td><span style=\"color: #000000;\">350 W<\/span><\/td>\n<\/tr>\n<tr>\n<td style=\"text-align: center;\" colspan=\"2\"><span style=\"color: #000000;\"><strong>Subwoofer<\/strong><\/span><\/td>\n<\/tr>\n<tr>\n<td><span style=\"color: #000000;\"><strong>Tip de subwoofer<\/strong><\/span><\/td>\n<td><span style=\"color: #000000;\">Wireless<\/span><\/td>\n<\/tr>\n<tr>\n<td style=\"text-align: center;\" colspan=\"2\"><span style=\"color: #000000;\"><strong>Interfa\u0163\u0103<\/strong><\/span><\/td>\n<\/tr>\n<tr>\n<td><span style=\"color: #000000;\"><strong>Terminale de intrare \u015fi ie\u015fire<\/strong><\/span><\/td>\n<td><span style=\"color: #000000;\">Intrare audio optic\u0103, USB Type A: (numai pentru actualizare)<\/span><\/td>\n<\/tr>\n<tr>\n<td><span style=\"color: #000000;\"><strong>Versiune Bluetooth\u00ae<\/strong><\/span><\/td>\n<td><span style=\"color: #000000;\">Versiune Bluetooth\u00ae: 5.3<\/span><\/td>\n<\/tr>\n<tr>\n<td><span style=\"color: #000000;\"><strong>Codecuri acceptate Bluetooth\u00ae<\/strong><\/span><\/td>\n<td><span style=\"color: #000000;\">SBC, AAC<\/span><\/td>\n<\/tr>\n<tr>\n<td style=\"text-align: center;\" colspan=\"2\"><span style=\"color: #000000;\"><strong>HDMI\u00ae<\/strong><\/span><\/td>\n<\/tr>\n<tr>\n<td><span style=\"color: #000000;\"><strong>Num\u0103r de intr\u0103ri\/ie\u0219iri<\/strong><\/span><\/td>\n<td><span style=\"color: #000000;\">1 (eARC\/ARC)<\/span><\/td>\n<\/tr>\n<tr>\n<td><span style=\"color: #000000;\"><strong>Bravia Sync<\/strong><\/span><\/td>\n<td><span style=\"color: #000000;\">Da<\/span><\/td>\n<\/tr>\n<tr>\n<td><span style=\"color: #000000;\"><strong>HDMI\u00ae CEC<\/strong><\/span><\/td>\n<td><span style=\"color: #000000;\">Da<\/span><\/td>\n<\/tr>\n<tr>\n<td style=\"text-align: center;\" colspan=\"2\"><span style=\"color: #000000;\"><strong>Formate audio<\/strong><\/span><\/td>\n<\/tr>\n<tr>\n<td><span style=\"color: #000000;\"><strong>Sunet de \u00eenalt\u0103 rezolu\u021bie<\/strong><\/span><\/td>\n<td><span style=\"color: #000000;\">Da<\/span><\/td>\n<\/tr>\n<tr>\n<td><span style=\"color: #000000;\"><strong>HDMI eARC<\/strong><\/span><\/td>\n<td><span style=\"color: #000000;\">Dolby Digital, Dolby Digital Plus, Dolby TrueHD, Dolby Atmos,DTS HD High Resolution Audio<\/span><\/td>\n<\/tr>\n<tr>\n<td><span style=\"color: #000000;\"><strong>Intrare optic\u0103<\/strong><\/span><\/td>\n<td><span style=\"color: #000000;\">Dolby Digital,Dolby Digital Plus,Dolby Digital Plus \/ Atmos,DTS,LPCM 2 canale<\/span><\/td>\n<\/tr>\n<tr>\n<td><span style=\"color: #000000;\"><strong>Bluetooth\u00ae codecuri acceptate<\/strong><\/span><\/td>\n<td><span style=\"color: #000000;\">AAC, SBC<\/span><\/td>\n<\/tr>\n<tr>\n<td style=\"text-align: center;\" colspan=\"2\"><span style=\"color: #000000;\"><strong>Func\u021bie sunet<\/strong><\/span><\/td>\n<\/tr>\n<tr>\n<td><span style=\"color: #000000;\"><strong>Mod de sunet<\/strong><\/span><\/td>\n<td><span style=\"color: #000000;\">C\u00e2mp acustic (activat\/dezactivat)<\/span><\/td>\n<\/tr>\n<tr>\n<td><span style=\"color: #000000;\"><strong>Efect de sunet<\/strong><\/span><\/td>\n<td><span style=\"color: #000000;\">Mod nocturn, Mod voce<\/span><\/td>\n<\/tr>\n<tr>\n<td><span style=\"color: #000000;\"><strong>Tehnologie surround virtual\u0103<\/strong><\/span><\/td>\n<td><span style=\"color: #000000;\">S-Force PRO, Vertical Surround Engine<\/span><\/td>\n<\/tr>\n<tr>\n<td><span style=\"color: #000000;\"><strong>Tehnologie \u00eembun\u0103t\u0103\u021bire sunet<\/strong><\/span><\/td>\n<td><span style=\"color: #000000;\">DSEE<\/span><\/td>\n<\/tr>\n<tr>\n<td style=\"text-align: center;\" colspan=\"2\"><span style=\"color: #000000;\"><strong>Configura\u021bie box\u0103<\/strong><\/span><\/td>\n<\/tr>\n<tr>\n<td><span style=\"color: #000000;\"><strong>Structur\u0103\u00a0<\/strong><\/span><\/td>\n<td><span style=\"color: #000000;\">3.1.2 canale (6 difuzoare)<\/span><\/td>\n<\/tr>\n<tr>\n<td><span style=\"color: #000000;\"><strong>Bar\u0103<\/strong><\/span><\/td>\n<td><span style=\"color: #000000;\">SA-G700<\/span><\/td>\n<\/tr>\n<tr>\n<td><span style=\"color: #000000;\"><strong>Subwoofer<\/strong><\/span><\/td>\n<td><span style=\"color: #000000;\">SA-WG700<\/span><\/td>\n<\/tr>\n<tr>\n<td style=\"text-align: center;\" colspan=\"2\"><span style=\"color: #000000;\"><strong>Aplica\u021bie<\/strong><\/span><\/td>\n<\/tr>\n<tr>\n<td><span style=\"color: #000000;\"><strong>Sony | Bravia Connect<\/strong><\/span><\/td>\n<td><span style=\"color: #000000;\">Da<\/span><\/td>\n<\/tr>\n<tr>\n<td style=\"text-align: center;\" colspan=\"2\"><span style=\"color: #000000;\"><strong>Con\u021binutul cutiei <\/strong><\/span><\/td>\n<\/tr>\n<tr>\n<td><span style=\"color: #000000;\"><strong>\u00a0<\/strong><\/span><\/td>\n<td style=\"text-align: left;\"><span style=\"color: #000000;\">Telecomand\u0103<\/span><\/td>\n<\/tr>\n<tr>\n<td><span style=\"color: #000000;\"><strong>\u00a0<\/strong><\/span><\/td>\n<td><span style=\"color: #000000;\">Baterii pentru telecomand\u0103<\/span><\/td>\n<\/tr>\n<tr>\n<td><span style=\"color: #000000;\"><strong>\u00a0<\/strong><\/span><\/td>\n<td><span style=\"color: #000000;\">Cablu HDMI<\/span><\/td>\n<\/tr>\n<tr>\n<td><span style=\"color: #000000;\"><strong>\u00a0<\/strong><\/span><\/td>\n<td><span style=\"color: #000000;\">Cablu de alimentare c.a.<\/span><\/td>\n<\/tr>\n<tr>\n<td><span style=\"color: #000000;\"><strong>\u00a0<\/strong><\/span><\/td>\n<td><span style=\"color: #000000;\">Ghid de configurare rapid\u0103<\/span><\/td>\n<\/tr>\n<tr>\n<td><span style=\"color: #000000;\"><strong>\u00a0<\/strong><\/span><\/td>\n<td><span style=\"color: #000000;\">Ghid de referin\u0163\u0103<\/span><\/td>\n<\/tr>\n<tr>\n<td><span style=\"color: #000000;\"><strong>\u00a0<\/strong><\/span><\/td>\n<td><span style=\"color: #000000;\">Model suport pe perete<\/span><\/td>\n<\/tr>\n<tr>\n<td><span style=\"color: #000000;\"><strong>\u00a0<\/strong><\/span><\/td>\n<td><span style=\"color: #000000;\">Picior<\/span><\/td>\n<\/tr>\n<\/tbody>\n<\/table>\n<p><a href=\"https:\/\/sonycenter.md\/wp-content\/uploads\/2025\/04\/HAVFY25_CG1_Overview_Sound_M-600x364.jpg\"><img decoding=\"async\" class=\"size-medium wp-image-29725 aligncenter\" src=\"https:\/\/sonycenter.md\/wp-content\/uploads\/2025\/04\/HAVFY25_CG1_Overview_Sound_M-600x364.jpg\" alt=\"\" width=\"600\" height=\"364\" srcset=\"https:\/\/sonycenter.md\/wp-content\/uploads\/2025\/04\/HAVFY25_CG1_Overview_Sound_M-600x364.jpg 600w, https:\/\/sonycenter.md\/wp-content\/uploads\/2025\/04\/HAVFY25_CG1_Overview_Sound_M-1200x728.jpg 1200w, https:\/\/sonycenter.md\/wp-content\/uploads\/2025\/04\/HAVFY25_CG1_Overview_Sound_M-625x379.jpg 625w, https:\/\/sonycenter.md\/wp-content\/uploads\/2025\/04\/HAVFY25_CG1_Overview_Sound_M.jpg 1454w\" sizes=\"(max-width: 600px) 100vw, 600px\" \/><\/a><\/p>\n","protected":false},"excerpt":{"rendered":"<ul>\n<li><span style=\"color: #000000;\">Bara de sunet din gama SONY Bravia Theatre<\/span><\/li>\n<li><span style=\"color: #000000;\">Canale : 3.1.2<\/span><\/li>\n<li><span style=\"color: #000000;\">Subwoofer fara fir<\/span><\/li>\n<li><span style=\"color: #000000;\">Putere de iesire audio totala : 350 W<\/span><\/li>\n<li><span style=\"color: #000000;\">HDMI eARC<\/span><\/li>\n<li><span style=\"color: #000000;\">Bluetooth 5.3<\/span><\/li>\n<\/ul>\n","protected":false},"featured_media":29723,"comment_status":"open","ping_status":"closed","template":"","meta":[],"product_brand":[],"product_cat":[778],"product_tag":[],"class_list":{"0":"post-29777","1":"product","2":"type-product","3":"status-publish","4":"has-post-thumbnail","6":"product_cat-bare-de-sunet","8":"first","9":"instock","10":"sale","11":"shipping-taxable","12":"purchasable","13":"product-type-simple"},"yoast_head":"<!-- This site is optimized with the Yoast SEO plugin v27.4 - https:\/\/yoast.com\/product\/yoast-seo-wordpress\/ -->\n<title>SONY HT-B600 | 350 W | Bara de sunet SONY cu subwoofer wireless<\/title>\n<meta name=\"description\" content=\"Cumpara bara de sunet SONY HT-B600 in Chisinau | SONY Bravia Theatre Bar 6 cu 3.1.2 canale audio si subwoofer fara fir in Moldova\" \/>\n<meta name=\"robots\" content=\"index, follow, max-snippet:-1, max-image-preview:large, max-video-preview:-1\" \/>\n<link rel=\"canonical\" href=\"https:\/\/sonycenter.md\/ro\/magazin\/sony-ht-b600\/\" \/>\n<meta property=\"og:locale\" content=\"ro_RO\" \/>\n<meta property=\"og:type\" content=\"article\" \/>\n<meta property=\"og:title\" content=\"SONY HT-B600 | 350 W | Bara de sunet SONY cu subwoofer wireless\" \/>\n<meta property=\"og:description\" content=\"Cumpara bara de sunet SONY HT-B600 in Chisinau | SONY Bravia Theatre Bar 6 cu 3.1.2 canale audio si subwoofer fara fir in Moldova\" \/>\n<meta property=\"og:url\" content=\"https:\/\/sonycenter.md\/ro\/magazin\/sony-ht-b600\/\" \/>\n<meta property=\"og:site_name\" content=\"SONY\" \/>\n<meta property=\"article:modified_time\" content=\"2026-04-06T13:49:42+00:00\" \/>\n<meta property=\"og:image\" content=\"https:\/\/sonycenter.md\/wp-content\/uploads\/2025\/04\/HT-B600.jpg\" \/>\n\t<meta property=\"og:image:width\" content=\"600\" \/>\n\t<meta property=\"og:image:height\" content=\"600\" \/>\n\t<meta property=\"og:image:type\" content=\"image\/jpeg\" \/>\n<meta name=\"twitter:card\" content=\"summary_large_image\" \/>\n<meta name=\"twitter:label1\" content=\"Est. reading time\" \/>\n\t<meta name=\"twitter:data1\" content=\"2 minutes\" \/>\n<script type=\"application\/ld+json\" class=\"yoast-schema-graph\">{\"@context\":\"https:\\\/\\\/schema.org\",\"@graph\":[{\"@type\":[\"WebPage\",\"ItemPage\"],\"@id\":\"https:\\\/\\\/sonycenter.md\\\/ro\\\/magazin\\\/sony-ht-b600\\\/\",\"url\":\"https:\\\/\\\/sonycenter.md\\\/ro\\\/magazin\\\/sony-ht-b600\\\/\",\"name\":\"SONY HT-B600 | 350 W | Bara de sunet SONY cu subwoofer wireless\",\"isPartOf\":{\"@id\":\"http:\\\/\\\/sonycenter.md\\\/ro\\\/#website\"},\"primaryImageOfPage\":{\"@id\":\"https:\\\/\\\/sonycenter.md\\\/ro\\\/magazin\\\/sony-ht-b600\\\/#primaryimage\"},\"image\":{\"@id\":\"https:\\\/\\\/sonycenter.md\\\/ro\\\/magazin\\\/sony-ht-b600\\\/#primaryimage\"},\"thumbnailUrl\":\"https:\\\/\\\/sonycenter.md\\\/wp-content\\\/uploads\\\/2025\\\/04\\\/HT-B600.jpg\",\"datePublished\":\"2025-04-11T08:02:57+00:00\",\"dateModified\":\"2026-04-06T13:49:42+00:00\",\"description\":\"Cumpara bara de sunet SONY HT-B600 in Chisinau | SONY Bravia Theatre Bar 6 cu 3.1.2 canale audio si subwoofer fara fir in Moldova\",\"breadcrumb\":{\"@id\":\"https:\\\/\\\/sonycenter.md\\\/ro\\\/magazin\\\/sony-ht-b600\\\/#breadcrumb\"},\"inLanguage\":\"ro-RO\",\"potentialAction\":[{\"@type\":\"ReadAction\",\"target\":[\"https:\\\/\\\/sonycenter.md\\\/ro\\\/magazin\\\/sony-ht-b600\\\/\"]}]},{\"@type\":\"ImageObject\",\"inLanguage\":\"ro-RO\",\"@id\":\"https:\\\/\\\/sonycenter.md\\\/ro\\\/magazin\\\/sony-ht-b600\\\/#primaryimage\",\"url\":\"https:\\\/\\\/sonycenter.md\\\/wp-content\\\/uploads\\\/2025\\\/04\\\/HT-B600.jpg\",\"contentUrl\":\"https:\\\/\\\/sonycenter.md\\\/wp-content\\\/uploads\\\/2025\\\/04\\\/HT-B600.jpg\",\"width\":600,\"height\":600,\"caption\":\"Bravia Theatre Bar 6 (HTB600)\"},{\"@type\":\"BreadcrumbList\",\"@id\":\"https:\\\/\\\/sonycenter.md\\\/ro\\\/magazin\\\/sony-ht-b600\\\/#breadcrumb\",\"itemListElement\":[{\"@type\":\"ListItem\",\"position\":1,\"name\":\"\u0413\u043b\u0430\u0432\u043d\u0430\u044f \u0441\u0442\u0440\u0430\u043d\u0438\u0446\u0430\",\"item\":\"https:\\\/\\\/sonycenter.md\\\/ro\\\/\"},{\"@type\":\"ListItem\",\"position\":2,\"name\":\"Magazin\",\"item\":\"https:\\\/\\\/sonycenter.md\\\/shop\\\/\"},{\"@type\":\"ListItem\",\"position\":3,\"name\":\"Bravia Theatre Bar 6 (HTB600)\"}]},{\"@type\":\"WebSite\",\"@id\":\"http:\\\/\\\/sonycenter.md\\\/ro\\\/#website\",\"url\":\"http:\\\/\\\/sonycenter.md\\\/ro\\\/\",\"name\":\"sonycenter.md\",\"description\":\"SONYCENTER \u00een Chi\u0219in\u0103u\",\"publisher\":{\"@id\":\"http:\\\/\\\/sonycenter.md\\\/ro\\\/#organization\"},\"potentialAction\":[{\"@type\":\"SearchAction\",\"target\":{\"@type\":\"EntryPoint\",\"urlTemplate\":\"http:\\\/\\\/sonycenter.md\\\/ro\\\/?s={search_term_string}\"},\"query-input\":{\"@type\":\"PropertyValueSpecification\",\"valueRequired\":true,\"valueName\":\"search_term_string\"}}],\"inLanguage\":\"ro-RO\"},{\"@type\":\"Organization\",\"@id\":\"http:\\\/\\\/sonycenter.md\\\/ro\\\/#organization\",\"name\":\"sonycenter.md\",\"url\":\"http:\\\/\\\/sonycenter.md\\\/ro\\\/\",\"logo\":{\"@type\":\"ImageObject\",\"inLanguage\":\"ro-RO\",\"@id\":\"http:\\\/\\\/sonycenter.md\\\/ro\\\/#\\\/schema\\\/logo\\\/image\\\/\",\"url\":\"\",\"contentUrl\":\"\",\"caption\":\"sonycenter.md\"},\"image\":{\"@id\":\"http:\\\/\\\/sonycenter.md\\\/ro\\\/#\\\/schema\\\/logo\\\/image\\\/\"}}]}<\/script>\n<!-- \/ Yoast SEO plugin. -->","yoast_head_json":{"title":"SONY HT-B600 | 350 W | Bara de sunet SONY cu subwoofer wireless","description":"Cumpara bara de sunet SONY HT-B600 in Chisinau | SONY Bravia Theatre Bar 6 cu 3.1.2 canale audio si subwoofer fara fir in Moldova","robots":{"index":"index","follow":"follow","max-snippet":"max-snippet:-1","max-image-preview":"max-image-preview:large","max-video-preview":"max-video-preview:-1"},"canonical":"https:\/\/sonycenter.md\/ro\/magazin\/sony-ht-b600\/","og_locale":"ro_RO","og_type":"article","og_title":"SONY HT-B600 | 350 W | Bara de sunet SONY cu subwoofer wireless","og_description":"Cumpara bara de sunet SONY HT-B600 in Chisinau | SONY Bravia Theatre Bar 6 cu 3.1.2 canale audio si subwoofer fara fir in Moldova","og_url":"https:\/\/sonycenter.md\/ro\/magazin\/sony-ht-b600\/","og_site_name":"SONY","article_modified_time":"2026-04-06T13:49:42+00:00","og_image":[{"width":600,"height":600,"url":"https:\/\/sonycenter.md\/wp-content\/uploads\/2025\/04\/HT-B600.jpg","type":"image\/jpeg"}],"twitter_card":"summary_large_image","twitter_misc":{"Est. reading time":"2 minutes"},"schema":{"@context":"https:\/\/schema.org","@graph":[{"@type":["WebPage","ItemPage"],"@id":"https:\/\/sonycenter.md\/ro\/magazin\/sony-ht-b600\/","url":"https:\/\/sonycenter.md\/ro\/magazin\/sony-ht-b600\/","name":"SONY HT-B600 | 350 W | Bara de sunet SONY cu subwoofer wireless","isPartOf":{"@id":"https:\/\/sonycenter.md\/ro\/#website"},"primaryImageOfPage":{"@id":"https:\/\/sonycenter.md\/ro\/magazin\/sony-ht-b600\/#primaryimage"},"image":{"@id":"https:\/\/sonycenter.md\/ro\/magazin\/sony-ht-b600\/#primaryimage"},"thumbnailUrl":"https:\/\/sonycenter.md\/wp-content\/uploads\/2025\/04\/HT-B600.jpg","datePublished":"2025-04-11T08:02:57+00:00","dateModified":"2026-04-06T13:49:42+00:00","description":"Cumpara bara de sunet SONY HT-B600 in Chisinau | SONY Bravia Theatre Bar 6 cu 3.1.2 canale audio si subwoofer fara fir in Moldova","breadcrumb":{"@id":"https:\/\/sonycenter.md\/ro\/magazin\/sony-ht-b600\/#breadcrumb"},"inLanguage":"ro-RO","potentialAction":[{"@type":"ReadAction","target":["https:\/\/sonycenter.md\/ro\/magazin\/sony-ht-b600\/"]}]},{"@type":"ImageObject","inLanguage":"ro-RO","@id":"https:\/\/sonycenter.md\/ro\/magazin\/sony-ht-b600\/#primaryimage","url":"https:\/\/sonycenter.md\/wp-content\/uploads\/2025\/04\/HT-B600.jpg","contentUrl":"https:\/\/sonycenter.md\/wp-content\/uploads\/2025\/04\/HT-B600.jpg","width":600,"height":600,"caption":"Bravia Theatre Bar 6 (HTB600)"},{"@type":"BreadcrumbList","@id":"https:\/\/sonycenter.md\/ro\/magazin\/sony-ht-b600\/#breadcrumb","itemListElement":[{"@type":"ListItem","position":1,"name":"\u0413\u043b\u0430\u0432\u043d\u0430\u044f \u0441\u0442\u0440\u0430\u043d\u0438\u0446\u0430","item":"https:\/\/sonycenter.md\/ro\/"},{"@type":"ListItem","position":2,"name":"Magazin","item":"https:\/\/sonycenter.md\/shop\/"},{"@type":"ListItem","position":3,"name":"Bravia Theatre Bar 6 (HTB600)"}]},{"@type":"WebSite","@id":"https:\/\/sonycenter.md\/ro\/#website","url":"https:\/\/sonycenter.md\/ro\/","name":"sonycenter.md","description":"SONYCENTER \u00een Chi\u0219in\u0103u","publisher":{"@id":"https:\/\/sonycenter.md\/ro\/#organization"},"potentialAction":[{"@type":"SearchAction","target":{"@type":"EntryPoint","urlTemplate":"https:\/\/sonycenter.md\/ro\/?s={search_term_string}"},"query-input":{"@type":"PropertyValueSpecification","valueRequired":true,"valueName":"search_term_string"}}],"inLanguage":"ro-RO"},{"@type":"Organization","@id":"https:\/\/sonycenter.md\/ro\/#organization","name":"sonycenter.md","url":"https:\/\/sonycenter.md\/ro\/","logo":{"@type":"ImageObject","inLanguage":"ro-RO","@id":"https:\/\/sonycenter.md\/ro\/#\/schema\/logo\/image\/","url":"","contentUrl":"","caption":"sonycenter.md"},"image":{"@id":"https:\/\/sonycenter.md\/ro\/#\/schema\/logo\/image\/"}}]}},"_links":{"self":[{"href":"https:\/\/sonycenter.md\/ro\/wp-json\/wp\/v2\/product\/29777","targetHints":{"allow":["GET"]}}],"collection":[{"href":"https:\/\/sonycenter.md\/ro\/wp-json\/wp\/v2\/product"}],"about":[{"href":"https:\/\/sonycenter.md\/ro\/wp-json\/wp\/v2\/types\/product"}],"replies":[{"embeddable":true,"href":"https:\/\/sonycenter.md\/ro\/wp-json\/wp\/v2\/comments?post=29777"}],"wp:featuredmedia":[{"embeddable":true,"href":"https:\/\/sonycenter.md\/ro\/wp-json\/wp\/v2\/media\/29723"}],"wp:attachment":[{"href":"https:\/\/sonycenter.md\/ro\/wp-json\/wp\/v2\/media?parent=29777"}],"wp:term":[{"taxonomy":"product_brand","embeddable":true,"href":"https:\/\/sonycenter.md\/ro\/wp-json\/wp\/v2\/product_brand?post=29777"},{"taxonomy":"product_cat","embeddable":true,"href":"https:\/\/sonycenter.md\/ro\/wp-json\/wp\/v2\/product_cat?post=29777"},{"taxonomy":"product_tag","embeddable":true,"href":"https:\/\/sonycenter.md\/ro\/wp-json\/wp\/v2\/product_tag?post=29777"}],"curies":[{"name":"wp","href":"https:\/\/api.w.org\/{rel}","templated":true}]}}