{"id":29845,"date":"2025-04-11T13:12:25","date_gmt":"2025-04-11T10:12:25","guid":{"rendered":"https:\/\/sonycenter.md\/?post_type=product&#038;p=29845"},"modified":"2026-01-05T10:18:29","modified_gmt":"2026-01-05T08:18:29","slug":"sony-ht-s60","status":"publish","type":"product","link":"https:\/\/sonycenter.md\/ro\/magazin\/sony-ht-s60\/","title":{"rendered":"Bravia Theatre System 6 (HTS60)"},"content":{"rendered":"<p style=\"text-align: center;\"><span style=\"color: #000000;\">Specifica\u021bii complete pentru <span style=\"color: #0000ff;\"><a style=\"color: #0000ff;\" href=\"https:\/\/sonycenter.md\/ro\/category\/sisteme-audio\/home-cinema\/\">home cinema<\/a><\/span> SONY HT-S60:<\/span><\/p>\n<table>\n<tbody>\n<tr>\n<td style=\"text-align: center;\" colspan=\"2\" width=\"596\"><span style=\"color: #000000;\"><strong>Dimensiuni \u0219i greutate<\/strong><\/span><\/td>\n<\/tr>\n<tr>\n<td><span style=\"color: #000000;\"><strong>Bara de sunet (l x \u00ee x a)<\/strong><\/span><\/td>\n<td><span style=\"color: #000000;\">907 mm x 64 mm x 90 mm<\/span><\/td>\n<\/tr>\n<tr>\n<td><span style=\"color: #000000;\"><strong>Greutate<\/strong><\/span><\/td>\n<td><span style=\"color: #000000;\">2,6 kg<\/span><\/td>\n<\/tr>\n<tr>\n<td><span style=\"color: #000000;\"><strong>Subwoofer (l x h x a) (mm)<\/strong><\/span><\/td>\n<td><span style=\"color: #000000;\">275 mm x 388 mm x 388 mm<\/span><\/td>\n<\/tr>\n<tr>\n<td><span style=\"color: #000000;\"><strong>Greutate subwoofer (kg)<\/strong><\/span><\/td>\n<td><span style=\"color: #000000;\">11,6 kg<\/span><\/td>\n<\/tr>\n<tr>\n<td><span style=\"color: #000000;\"><strong>Box\u0103 din spate (l x h x a) (mm)<\/strong><\/span><\/td>\n<td><span style=\"color: #000000;\">106 mm x 216 mm x 98 mm<\/span><\/td>\n<\/tr>\n<tr>\n<td><span style=\"color: #000000;\"><strong>Greutate (kg)<\/strong><\/span><\/td>\n<td><span style=\"color: #000000;\">0,89 kg<\/span><\/td>\n<\/tr>\n<tr>\n<td><span style=\"color: #000000;\"><strong>Amplificator pentru boxe din spate (l x \u00ee x a)<\/strong><\/span><\/td>\n<td><span style=\"color: #000000;\">175 mm x 52 mm x 175 mm<\/span><\/td>\n<\/tr>\n<tr>\n<td><span style=\"color: #000000;\"><strong>Greutate(kg)<\/strong><\/span><\/td>\n<td><span style=\"color: #000000;\">0,76 kg<\/span><\/td>\n<\/tr>\n<tr>\n<td style=\"text-align: center;\" colspan=\"2\"><span style=\"color: #000000;\"><strong>Specifica\u021bii<\/strong><\/span><\/td>\n<\/tr>\n<tr>\n<td><span style=\"color: #000000;\"><strong>Numar de canale <\/strong><\/span><\/td>\n<td><span style=\"color: #000000;\">5.1 canale<\/span><\/td>\n<\/tr>\n<tr>\n<td><span style=\"color: #000000;\"><strong>Numar de difuzoare<\/strong><\/span><\/td>\n<td><span style=\"color: #000000;\">10 ( 5+4+1)<\/span><\/td>\n<\/tr>\n<tr>\n<td><span style=\"color: #000000;\"><strong>Putere de ie\u015fire (total\u0103)<\/strong><\/span><\/td>\n<td><span style=\"color: #000000;\">1000W<\/span><\/td>\n<\/tr>\n<tr>\n<td style=\"text-align: center;\" colspan=\"2\"><span style=\"color: #000000;\"><strong>Subwoofer<\/strong><\/span><\/td>\n<\/tr>\n<tr>\n<td><span style=\"color: #000000;\"><strong>Tip subwoofer<\/strong><\/span><\/td>\n<td><span style=\"color: #000000;\">Cu fir<\/span><\/td>\n<\/tr>\n<tr>\n<td style=\"text-align: center;\" colspan=\"2\"><span style=\"color: #000000;\"><strong>Interfa\u0163\u0103<\/strong><\/span><\/td>\n<\/tr>\n<tr>\n<td><span style=\"color: #000000;\"><strong>Terminale de intrare \u015fi ie\u015fire<\/strong><\/span><\/td>\n<td><span style=\"color: #000000;\">Intrare audio optic\u0103,HDMI<\/span><\/td>\n<\/tr>\n<tr>\n<td><span style=\"color: #000000;\"><strong>Versiune bluetooth\u00ae<\/strong><\/span><\/td>\n<td><span style=\"color: #000000;\">Versiune Bluetooth\u00ae: 5.3<\/span><\/td>\n<\/tr>\n<tr>\n<td><span style=\"color: #000000;\"><strong>Codecuri acceptate bluetooth\u00ae<\/strong><\/span><\/td>\n<td><span style=\"color: #000000;\">SBC, AAC<\/span><\/td>\n<\/tr>\n<tr>\n<td style=\"text-align: center;\" colspan=\"2\"><span style=\"color: #000000;\"><strong>HDMI\u00ae<\/strong><\/span><\/td>\n<\/tr>\n<tr>\n<td><span style=\"color: #000000;\"><strong>Num\u0103r de intr\u0103ri\/ie\u0219iri<\/strong><\/span><\/td>\n<td><span style=\"color: #000000;\">1 (eARC\/ARC)<\/span><\/td>\n<\/tr>\n<tr>\n<td><span style=\"color: #000000;\"><strong>Bravia Sync<\/strong><\/span><\/td>\n<td><span style=\"color: #000000;\">Da<\/span><\/td>\n<\/tr>\n<tr>\n<td><span style=\"color: #000000;\"><strong>HDMI\u00ae CEC<\/strong><\/span><\/td>\n<td><span style=\"color: #000000;\">Da<\/span><\/td>\n<\/tr>\n<tr>\n<td style=\"text-align: center;\" colspan=\"2\"><span style=\"color: #000000;\"><strong>Formate audio<\/strong><\/span><\/td>\n<\/tr>\n<tr>\n<td><span style=\"color: #000000;\"><strong>Intrare HDMI\u00ae<\/strong><\/span><\/td>\n<td><span style=\"color: #000000;\">Dolby Digital Plus, Dolby TrueHD, Dolby Atmos, DTS, DTS HD High Resolution Audio<\/span><\/td>\n<\/tr>\n<tr>\n<td><span style=\"color: #000000;\"><strong>Intrare optic\u0103<\/strong><\/span><\/td>\n<td><span style=\"color: #000000;\">Dolby Digital, Dolby Digital Plus ,Dolby Digital Plus\/Atmos, DTS, LPCM 2 canale<\/span><\/td>\n<\/tr>\n<tr>\n<td><\/td>\n<td><\/td>\n<\/tr>\n<tr>\n<td style=\"text-align: center;\" colspan=\"2\"><span style=\"color: #000000;\"><strong>Func\u021bie sunet<\/strong><\/span><\/td>\n<\/tr>\n<tr>\n<td><span style=\"color: #000000;\"><strong>Mod de sunet<\/strong><\/span><\/td>\n<td><span style=\"color: #000000;\">C\u00e2mp acustic (Conversie extins\u0103\/Multi Stereo)<\/span><\/td>\n<\/tr>\n<tr>\n<td><span style=\"color: #000000;\"><strong>Efect de sunet<\/strong><\/span><\/td>\n<td><span style=\"color: #000000;\">Mod nocturn, Mod voce<\/span><\/td>\n<\/tr>\n<tr>\n<td><span style=\"color: #000000;\"><strong>Tehnologie surround virtual\u0103<\/strong><\/span><\/td>\n<td><span style=\"color: #000000;\">S-Force PRO, Vertical Surround Engine, DTS Virtual:X<\/span><\/td>\n<\/tr>\n<tr>\n<td><span style=\"color: #000000;\"><strong>Tehnologie \u00eembun\u0103t\u0103\u021bire sunet<\/strong><\/span><\/td>\n<td><span style=\"color: #000000;\">DSEE<\/span><\/td>\n<\/tr>\n<tr>\n<td style=\"text-align: center;\" colspan=\"2\"><span style=\"color: #000000;\"><strong>Con\u021binutul cutiei<\/strong><\/span><\/td>\n<\/tr>\n<tr>\n<td><\/td>\n<td><span style=\"color: #000000;\">Baterii pentru telecomand\u0103<\/span><\/td>\n<\/tr>\n<tr>\n<td><\/td>\n<td><span style=\"color: #000000;\">Cablu HDMI<\/span><\/td>\n<\/tr>\n<tr>\n<td><\/td>\n<td><span style=\"color: #000000;\">Cablu de alimentare c.a.<\/span><\/td>\n<\/tr>\n<tr>\n<td><\/td>\n<td><span style=\"color: #000000;\">Card de garan\u0163ie<\/span><\/td>\n<\/tr>\n<tr>\n<td><\/td>\n<td><span style=\"color: #000000;\">Ghid de configurare rapid\u0103<\/span><\/td>\n<\/tr>\n<tr>\n<td><\/td>\n<td><span style=\"color: #000000;\">Ghid de referin\u0163\u0103<\/span><\/td>\n<\/tr>\n<tr>\n<td><\/td>\n<td><span style=\"color: #000000;\">Model suport pe perete<\/span><\/td>\n<\/tr>\n<tr>\n<td><\/td>\n<td><span style=\"color: #000000;\">Picior<\/span><\/td>\n<\/tr>\n<tr>\n<td><\/td>\n<td><span style=\"color: #000000;\">Telecomand\u0103<\/span><\/td>\n<\/tr>\n<\/tbody>\n<\/table>\n<p><a href=\"https:\/\/sonycenter.md\/wp-content\/uploads\/2025\/04\/SONY-HTS60-600x371.jpg\"><img decoding=\"async\" class=\"size-medium wp-image-29844 aligncenter\" src=\"https:\/\/sonycenter.md\/wp-content\/uploads\/2025\/04\/SONY-HTS60-600x371.jpg\" alt=\"\" width=\"600\" height=\"371\" srcset=\"https:\/\/sonycenter.md\/wp-content\/uploads\/2025\/04\/SONY-HTS60-600x371.jpg 600w, https:\/\/sonycenter.md\/wp-content\/uploads\/2025\/04\/SONY-HTS60-1200x743.jpg 1200w, https:\/\/sonycenter.md\/wp-content\/uploads\/2025\/04\/SONY-HTS60-1536x951.jpg 1536w, https:\/\/sonycenter.md\/wp-content\/uploads\/2025\/04\/SONY-HTS60-2048x1268.jpg 2048w, https:\/\/sonycenter.md\/wp-content\/uploads\/2025\/04\/SONY-HTS60-625x387.jpg 625w\" sizes=\"(max-width: 600px) 100vw, 600px\" \/><\/a><\/p>\n","protected":false},"excerpt":{"rendered":"<ul>\n<li><span style=\"color: #000000;\">Home cinema SONY Bravia Theatre System 6<\/span><\/li>\n<li><span style=\"color: #000000;\">Putere de iesire totala : 1000 W<\/span><\/li>\n<li><span style=\"color: #000000;\">Numar de canale : 5.1<\/span><\/li>\n<li><span style=\"color: #000000;\">Numar de difuzoare : 10 ( 5+1+4)<\/span><\/li>\n<li><span style=\"color: #000000;\">Bluetooth : 5.3<\/span><\/li>\n<li><span style=\"color: #000000;\">Compatibil cu Dolby Atmos<\/span><\/li>\n<\/ul>\n","protected":false},"featured_media":29837,"comment_status":"open","ping_status":"closed","template":"","meta":[],"product_brand":[],"product_cat":[620],"product_tag":[],"class_list":{"0":"post-29845","1":"product","2":"type-product","3":"status-publish","4":"has-post-thumbnail","6":"product_cat-home-cinema","8":"first","9":"instock","10":"shipping-taxable","11":"purchasable","12":"product-type-simple"},"yoast_head":"<!-- This site is optimized with the Yoast SEO plugin v27.4 - https:\/\/yoast.com\/product\/yoast-seo-wordpress\/ -->\n<title>SONY HT-S60 | Home cinema 5.1 | 1000W<\/title>\n<meta name=\"description\" content=\"Cumpara noul home cinema SONY HT-S60 in Chisinau | 5.1 canale | 10 difuzoare | Putere de iesire 1000W | Livrare gratuita in Moldova\" \/>\n<meta name=\"robots\" content=\"index, follow, max-snippet:-1, max-image-preview:large, max-video-preview:-1\" \/>\n<link rel=\"canonical\" href=\"https:\/\/sonycenter.md\/ro\/magazin\/sony-ht-s60\/\" \/>\n<meta property=\"og:locale\" content=\"ro_RO\" \/>\n<meta property=\"og:type\" content=\"article\" \/>\n<meta property=\"og:title\" content=\"SONY HT-S60 | Home cinema 5.1 | 1000W\" \/>\n<meta property=\"og:description\" content=\"Cumpara noul home cinema SONY HT-S60 in Chisinau | 5.1 canale | 10 difuzoare | Putere de iesire 1000W | Livrare gratuita in Moldova\" \/>\n<meta property=\"og:url\" content=\"https:\/\/sonycenter.md\/ro\/magazin\/sony-ht-s60\/\" \/>\n<meta property=\"og:site_name\" content=\"SONY\" \/>\n<meta property=\"article:modified_time\" content=\"2026-01-05T08:18:29+00:00\" \/>\n<meta property=\"og:image\" content=\"https:\/\/sonycenter.md\/wp-content\/uploads\/2025\/04\/hts60.jpg\" \/>\n\t<meta property=\"og:image:width\" content=\"600\" \/>\n\t<meta property=\"og:image:height\" content=\"600\" \/>\n\t<meta property=\"og:image:type\" content=\"image\/jpeg\" \/>\n<meta name=\"twitter:card\" content=\"summary_large_image\" \/>\n<meta name=\"twitter:label1\" content=\"Est. reading time\" \/>\n\t<meta name=\"twitter:data1\" content=\"2 minutes\" \/>\n<script type=\"application\/ld+json\" class=\"yoast-schema-graph\">{\"@context\":\"https:\\\/\\\/schema.org\",\"@graph\":[{\"@type\":[\"WebPage\",\"ItemPage\"],\"@id\":\"https:\\\/\\\/sonycenter.md\\\/ro\\\/magazin\\\/sony-ht-s60\\\/\",\"url\":\"https:\\\/\\\/sonycenter.md\\\/ro\\\/magazin\\\/sony-ht-s60\\\/\",\"name\":\"SONY HT-S60 | Home cinema 5.1 | 1000W\",\"isPartOf\":{\"@id\":\"http:\\\/\\\/sonycenter.md\\\/ro\\\/#website\"},\"primaryImageOfPage\":{\"@id\":\"https:\\\/\\\/sonycenter.md\\\/ro\\\/magazin\\\/sony-ht-s60\\\/#primaryimage\"},\"image\":{\"@id\":\"https:\\\/\\\/sonycenter.md\\\/ro\\\/magazin\\\/sony-ht-s60\\\/#primaryimage\"},\"thumbnailUrl\":\"https:\\\/\\\/sonycenter.md\\\/wp-content\\\/uploads\\\/2025\\\/04\\\/hts60.jpg\",\"datePublished\":\"2025-04-11T10:12:25+00:00\",\"dateModified\":\"2026-01-05T08:18:29+00:00\",\"description\":\"Cumpara noul home cinema SONY HT-S60 in Chisinau | 5.1 canale | 10 difuzoare | Putere de iesire 1000W | Livrare gratuita in Moldova\",\"breadcrumb\":{\"@id\":\"https:\\\/\\\/sonycenter.md\\\/ro\\\/magazin\\\/sony-ht-s60\\\/#breadcrumb\"},\"inLanguage\":\"ro-RO\",\"potentialAction\":[{\"@type\":\"ReadAction\",\"target\":[\"https:\\\/\\\/sonycenter.md\\\/ro\\\/magazin\\\/sony-ht-s60\\\/\"]}]},{\"@type\":\"ImageObject\",\"inLanguage\":\"ro-RO\",\"@id\":\"https:\\\/\\\/sonycenter.md\\\/ro\\\/magazin\\\/sony-ht-s60\\\/#primaryimage\",\"url\":\"https:\\\/\\\/sonycenter.md\\\/wp-content\\\/uploads\\\/2025\\\/04\\\/hts60.jpg\",\"contentUrl\":\"https:\\\/\\\/sonycenter.md\\\/wp-content\\\/uploads\\\/2025\\\/04\\\/hts60.jpg\",\"width\":600,\"height\":600,\"caption\":\"Bravia Theatre System 6 (HTS60)\"},{\"@type\":\"BreadcrumbList\",\"@id\":\"https:\\\/\\\/sonycenter.md\\\/ro\\\/magazin\\\/sony-ht-s60\\\/#breadcrumb\",\"itemListElement\":[{\"@type\":\"ListItem\",\"position\":1,\"name\":\"\u0413\u043b\u0430\u0432\u043d\u0430\u044f \u0441\u0442\u0440\u0430\u043d\u0438\u0446\u0430\",\"item\":\"https:\\\/\\\/sonycenter.md\\\/ro\\\/\"},{\"@type\":\"ListItem\",\"position\":2,\"name\":\"Magazin\",\"item\":\"https:\\\/\\\/sonycenter.md\\\/shop\\\/\"},{\"@type\":\"ListItem\",\"position\":3,\"name\":\"Bravia Theatre System 6 (HTS60)\"}]},{\"@type\":\"WebSite\",\"@id\":\"http:\\\/\\\/sonycenter.md\\\/ro\\\/#website\",\"url\":\"http:\\\/\\\/sonycenter.md\\\/ro\\\/\",\"name\":\"sonycenter.md\",\"description\":\"SONYCENTER \u00een Chi\u0219in\u0103u\",\"publisher\":{\"@id\":\"http:\\\/\\\/sonycenter.md\\\/ro\\\/#organization\"},\"potentialAction\":[{\"@type\":\"SearchAction\",\"target\":{\"@type\":\"EntryPoint\",\"urlTemplate\":\"http:\\\/\\\/sonycenter.md\\\/ro\\\/?s={search_term_string}\"},\"query-input\":{\"@type\":\"PropertyValueSpecification\",\"valueRequired\":true,\"valueName\":\"search_term_string\"}}],\"inLanguage\":\"ro-RO\"},{\"@type\":\"Organization\",\"@id\":\"http:\\\/\\\/sonycenter.md\\\/ro\\\/#organization\",\"name\":\"sonycenter.md\",\"url\":\"http:\\\/\\\/sonycenter.md\\\/ro\\\/\",\"logo\":{\"@type\":\"ImageObject\",\"inLanguage\":\"ro-RO\",\"@id\":\"http:\\\/\\\/sonycenter.md\\\/ro\\\/#\\\/schema\\\/logo\\\/image\\\/\",\"url\":\"\",\"contentUrl\":\"\",\"caption\":\"sonycenter.md\"},\"image\":{\"@id\":\"http:\\\/\\\/sonycenter.md\\\/ro\\\/#\\\/schema\\\/logo\\\/image\\\/\"}}]}<\/script>\n<!-- \/ Yoast SEO plugin. -->","yoast_head_json":{"title":"SONY HT-S60 | Home cinema 5.1 | 1000W","description":"Cumpara noul home cinema SONY HT-S60 in Chisinau | 5.1 canale | 10 difuzoare | Putere de iesire 1000W | Livrare gratuita in Moldova","robots":{"index":"index","follow":"follow","max-snippet":"max-snippet:-1","max-image-preview":"max-image-preview:large","max-video-preview":"max-video-preview:-1"},"canonical":"https:\/\/sonycenter.md\/ro\/magazin\/sony-ht-s60\/","og_locale":"ro_RO","og_type":"article","og_title":"SONY HT-S60 | Home cinema 5.1 | 1000W","og_description":"Cumpara noul home cinema SONY HT-S60 in Chisinau | 5.1 canale | 10 difuzoare | Putere de iesire 1000W | Livrare gratuita in Moldova","og_url":"https:\/\/sonycenter.md\/ro\/magazin\/sony-ht-s60\/","og_site_name":"SONY","article_modified_time":"2026-01-05T08:18:29+00:00","og_image":[{"width":600,"height":600,"url":"https:\/\/sonycenter.md\/wp-content\/uploads\/2025\/04\/hts60.jpg","type":"image\/jpeg"}],"twitter_card":"summary_large_image","twitter_misc":{"Est. reading time":"2 minutes"},"schema":{"@context":"https:\/\/schema.org","@graph":[{"@type":["WebPage","ItemPage"],"@id":"https:\/\/sonycenter.md\/ro\/magazin\/sony-ht-s60\/","url":"https:\/\/sonycenter.md\/ro\/magazin\/sony-ht-s60\/","name":"SONY HT-S60 | Home cinema 5.1 | 1000W","isPartOf":{"@id":"https:\/\/sonycenter.md\/ro\/#website"},"primaryImageOfPage":{"@id":"https:\/\/sonycenter.md\/ro\/magazin\/sony-ht-s60\/#primaryimage"},"image":{"@id":"https:\/\/sonycenter.md\/ro\/magazin\/sony-ht-s60\/#primaryimage"},"thumbnailUrl":"https:\/\/sonycenter.md\/wp-content\/uploads\/2025\/04\/hts60.jpg","datePublished":"2025-04-11T10:12:25+00:00","dateModified":"2026-01-05T08:18:29+00:00","description":"Cumpara noul home cinema SONY HT-S60 in Chisinau | 5.1 canale | 10 difuzoare | Putere de iesire 1000W | Livrare gratuita in Moldova","breadcrumb":{"@id":"https:\/\/sonycenter.md\/ro\/magazin\/sony-ht-s60\/#breadcrumb"},"inLanguage":"ro-RO","potentialAction":[{"@type":"ReadAction","target":["https:\/\/sonycenter.md\/ro\/magazin\/sony-ht-s60\/"]}]},{"@type":"ImageObject","inLanguage":"ro-RO","@id":"https:\/\/sonycenter.md\/ro\/magazin\/sony-ht-s60\/#primaryimage","url":"https:\/\/sonycenter.md\/wp-content\/uploads\/2025\/04\/hts60.jpg","contentUrl":"https:\/\/sonycenter.md\/wp-content\/uploads\/2025\/04\/hts60.jpg","width":600,"height":600,"caption":"Bravia Theatre System 6 (HTS60)"},{"@type":"BreadcrumbList","@id":"https:\/\/sonycenter.md\/ro\/magazin\/sony-ht-s60\/#breadcrumb","itemListElement":[{"@type":"ListItem","position":1,"name":"\u0413\u043b\u0430\u0432\u043d\u0430\u044f \u0441\u0442\u0440\u0430\u043d\u0438\u0446\u0430","item":"https:\/\/sonycenter.md\/ro\/"},{"@type":"ListItem","position":2,"name":"Magazin","item":"https:\/\/sonycenter.md\/shop\/"},{"@type":"ListItem","position":3,"name":"Bravia Theatre System 6 (HTS60)"}]},{"@type":"WebSite","@id":"https:\/\/sonycenter.md\/ro\/#website","url":"https:\/\/sonycenter.md\/ro\/","name":"sonycenter.md","description":"SONYCENTER \u00een Chi\u0219in\u0103u","publisher":{"@id":"https:\/\/sonycenter.md\/ro\/#organization"},"potentialAction":[{"@type":"SearchAction","target":{"@type":"EntryPoint","urlTemplate":"https:\/\/sonycenter.md\/ro\/?s={search_term_string}"},"query-input":{"@type":"PropertyValueSpecification","valueRequired":true,"valueName":"search_term_string"}}],"inLanguage":"ro-RO"},{"@type":"Organization","@id":"https:\/\/sonycenter.md\/ro\/#organization","name":"sonycenter.md","url":"https:\/\/sonycenter.md\/ro\/","logo":{"@type":"ImageObject","inLanguage":"ro-RO","@id":"https:\/\/sonycenter.md\/ro\/#\/schema\/logo\/image\/","url":"","contentUrl":"","caption":"sonycenter.md"},"image":{"@id":"https:\/\/sonycenter.md\/ro\/#\/schema\/logo\/image\/"}}]}},"_links":{"self":[{"href":"https:\/\/sonycenter.md\/ro\/wp-json\/wp\/v2\/product\/29845","targetHints":{"allow":["GET"]}}],"collection":[{"href":"https:\/\/sonycenter.md\/ro\/wp-json\/wp\/v2\/product"}],"about":[{"href":"https:\/\/sonycenter.md\/ro\/wp-json\/wp\/v2\/types\/product"}],"replies":[{"embeddable":true,"href":"https:\/\/sonycenter.md\/ro\/wp-json\/wp\/v2\/comments?post=29845"}],"wp:featuredmedia":[{"embeddable":true,"href":"https:\/\/sonycenter.md\/ro\/wp-json\/wp\/v2\/media\/29837"}],"wp:attachment":[{"href":"https:\/\/sonycenter.md\/ro\/wp-json\/wp\/v2\/media?parent=29845"}],"wp:term":[{"taxonomy":"product_brand","embeddable":true,"href":"https:\/\/sonycenter.md\/ro\/wp-json\/wp\/v2\/product_brand?post=29845"},{"taxonomy":"product_cat","embeddable":true,"href":"https:\/\/sonycenter.md\/ro\/wp-json\/wp\/v2\/product_cat?post=29845"},{"taxonomy":"product_tag","embeddable":true,"href":"https:\/\/sonycenter.md\/ro\/wp-json\/wp\/v2\/product_tag?post=29845"}],"curies":[{"name":"wp","href":"https:\/\/api.w.org\/{rel}","templated":true}]}}