{"id":29952,"date":"2025-04-22T12:45:17","date_gmt":"2025-04-22T09:45:17","guid":{"rendered":"https:\/\/sonycenter.md\/?post_type=product&#038;p=29952"},"modified":"2025-04-22T13:02:32","modified_gmt":"2025-04-22T10:02:32","slug":"sony-ult-field-3-srs-ult30","status":"publish","type":"product","link":"https:\/\/sonycenter.md\/ro\/magazin\/sony-ult-field-3-srs-ult30\/","title":{"rendered":"ULT FIELD 3 (SRS-ULT30)"},"content":{"rendered":"<p style=\"text-align: center;\"><span style=\"color: #000000;\">Specifica\u021bii complete pentru <span style=\"color: #0000ff;\"><a style=\"color: #0000ff;\" href=\"https:\/\/sonycenter.md\/ro\/category\/sisteme-audio\/sisteme-audio-wireless\/\">boxa portabil\u0103<\/a><\/span> SONY SRS-ULT30 :<\/span><\/p>\n<table>\n<tbody>\n<tr>\n<td style=\"text-align: center;\" colspan=\"2\" width=\"531\"><span style=\"color: #000000;\"><strong>Sunet<\/strong><\/span><\/td>\n<\/tr>\n<tr>\n<td><span style=\"color: #000000;\"><strong>Tip de dizufoare <\/strong><\/span><\/td>\n<td><span style=\"color: #000000;\">Difuzor woofer\/tweeter<\/span><\/td>\n<\/tr>\n<tr>\n<td><span style=\"color: #000000;\"><strong>Num\u0103r de difuzoare<\/strong><\/span><\/td>\n<td><span style=\"color: #000000;\">Tweeter x 1, woofer x 1<\/span><\/td>\n<\/tr>\n<tr>\n<td><span style=\"color: #000000;\"><strong>Dimensiuni <\/strong><\/span><\/td>\n<td><span style=\"color: #000000;\">Tweeter: aprox. 20 mm, woofer: aprox. 86 mm x 46 mm<\/span><\/td>\n<\/tr>\n<tr>\n<td><span style=\"color: #000000;\"><strong>Moduri de sunet<\/strong><\/span><\/td>\n<td><span style=\"color: #000000;\">ULT POWER SOUND, benzi egalizator personalizate: 7<\/span><\/td>\n<\/tr>\n<tr>\n<td style=\"text-align: center;\" colspan=\"2\"><span style=\"color: #000000;\"><strong>Dimensiuni \u0219i greutate<\/strong><\/span><\/td>\n<\/tr>\n<tr>\n<td><span style=\"color: #000000;\"><strong>Dimensiuni (L x \u00ce x A)<\/strong><\/span><\/td>\n<td><span style=\"color: #000000;\">Aprox. 256 mm x 113 mm x 79 mm<\/span><\/td>\n<\/tr>\n<tr>\n<td><span style=\"color: #000000;\"><strong>Greutate<\/strong><\/span><\/td>\n<td><span style=\"color: #000000;\">Aprox. 1,2 kg<\/span><\/td>\n<\/tr>\n<tr>\n<td style=\"text-align: center;\" colspan=\"2\"><span style=\"color: #000000;\"><strong>Microfon<\/strong><\/span><\/td>\n<\/tr>\n<tr>\n<td><span style=\"color: #000000;\"><strong>Func\u021bie Hands-free<\/strong><\/span><\/td>\n<td><span style=\"color: #000000;\">Da<\/span><\/td>\n<\/tr>\n<tr>\n<td style=\"text-align: center;\" colspan=\"2\"><span style=\"color: #000000;\"><strong>Specifica\u021bii Bluetooth\u00ae<\/strong><\/span><\/td>\n<\/tr>\n<tr>\n<td><span style=\"color: #000000;\"><strong>Sistem de comunicare<\/strong><\/span><\/td>\n<td><span style=\"color: #000000;\">Versiune 5.2<\/span><\/td>\n<\/tr>\n<tr>\n<td><span style=\"color: #000000;\"><strong>Profiluri compatibile<\/strong><\/span><\/td>\n<td><span style=\"color: #000000;\">A2DP, AVRCP, HFP, HSP, SPP<\/span><\/td>\n<\/tr>\n<tr>\n<td><span style=\"color: #000000;\"><strong>Func\u021bie ad\u0103ugare box\u0103<\/strong><\/span><\/td>\n<td><span style=\"color: #000000;\">Asociere stereo, Party Connect<\/span><\/td>\n<\/tr>\n<tr>\n<td><span style=\"color: #000000;\"><strong>Codec acceptat<\/strong><\/span><\/td>\n<td><span style=\"color: #000000;\">SBC, AAC<\/span><\/td>\n<\/tr>\n<tr>\n<td><span style=\"color: #000000;\"><strong>Gam\u0103 de frecven\u021be de transmisie<\/strong><\/span><\/td>\n<td><span style=\"color: #000000;\">20 Hz &#8211; 20.000 Hz (e\u0219antionare de 44,1 kHz)<\/span><\/td>\n<\/tr>\n<tr>\n<td><span style=\"color: #000000;\"><strong>Gam\u0103 de frecven\u021be<\/strong><\/span><\/td>\n<td><span style=\"color: #000000;\">2.4 GHz<\/span><\/td>\n<\/tr>\n<tr>\n<td style=\"text-align: center;\" colspan=\"2\"><span style=\"color: #000000;\"><strong>Interfa\u0163\u0103<\/strong><\/span><\/td>\n<\/tr>\n<tr>\n<td><span style=\"color: #000000;\"><strong>Terminale de intrare \u0219i ie\u0219ire<\/strong><\/span><\/td>\n<td><span style=\"color: #000000;\">USB Type-C\u00ae(numai intrare\/ie\u0219ire c.c.)<\/span><\/td>\n<\/tr>\n<tr>\n<td style=\"text-align: center;\" colspan=\"2\"><span style=\"color: #000000;\"><strong>Aplica\u021bie<\/strong><\/span><\/td>\n<\/tr>\n<tr>\n<td><span style=\"color: #000000;\"><strong>Aplica\u021bie pentru smartphone <\/strong><\/span><\/td>\n<td><span style=\"color: #000000;\">SONY | Sound Connect<\/span><\/td>\n<\/tr>\n<tr>\n<td style=\"text-align: center;\" colspan=\"2\"><span style=\"color: #000000;\"><strong>Caracteristici generale<\/strong><\/span><\/td>\n<\/tr>\n<tr>\n<td><span style=\"color: #000000;\"><strong>Autonomia bateriei<\/strong><\/span><\/td>\n<td><span style=\"color: #000000;\">Aprox. 24 de ore<\/span><\/td>\n<\/tr>\n<tr>\n<td><span style=\"color: #000000;\"><strong>Port de alimentare USB <\/strong><\/span><\/td>\n<td><span style=\"color: #000000;\">Da<\/span><\/td>\n<\/tr>\n<tr>\n<td><span style=\"color: #000000;\"><strong>Rezisten\u021ba la ap\u0103\/praf<\/strong><\/span><\/td>\n<td><span style=\"color: #000000;\">IP66\/IP67<\/span><\/td>\n<\/tr>\n<tr>\n<td style=\"text-align: center;\" colspan=\"2\"><span style=\"color: #000000;\"><strong>Con\u021binutul cutiei<\/strong><\/span><\/td>\n<\/tr>\n<tr>\n<td><\/td>\n<td><span style=\"color: #000000;\">Cablu USB Type-C\u00ae ( C la C )<\/span><\/td>\n<\/tr>\n<tr>\n<td><\/td>\n<td><span style=\"color: #000000;\">Curea (curea de um\u0103r)<\/span><\/td>\n<\/tr>\n<\/tbody>\n<\/table>\n","protected":false},"excerpt":{"rendered":"<ul>\n<li><span style=\"color: #000000;\">Autonomia bateriei : pana la 24 de ore<\/span><\/li>\n<li><span style=\"color: #000000;\">Bluetooth : Versiunea 5.2<\/span><\/li>\n<li><span style=\"color: #000000;\">Rezistenta la apa \/ praf : IP67<\/span><\/li>\n<li><span style=\"color: #000000;\">Codecuri acceptate : SBC, AAC<\/span><\/li>\n<li><span style=\"color: #000000;\">Greutate: 1.2 kg<\/span><\/li>\n<\/ul>\n","protected":false},"featured_media":29754,"comment_status":"open","ping_status":"closed","template":"","meta":[],"product_brand":[],"product_cat":[624],"product_tag":[],"class_list":{"0":"post-29952","1":"product","2":"type-product","3":"status-publish","4":"has-post-thumbnail","6":"product_cat-sisteme-audio-wireless","7":"pa_color-black-ro","8":"pa_color-grey-ro","9":"pa_color-white-ro","11":"first","12":"instock","13":"shipping-taxable","14":"purchasable","15":"product-type-variable"},"yoast_head":"<!-- This site is optimized with the Yoast SEO plugin v27.4 - https:\/\/yoast.com\/product\/yoast-seo-wordpress\/ -->\n<title>SONY SRS-ULT30 | Boxe portabile SONY cu acumulator | Chi\u0219in\u0103u<\/title>\n<meta name=\"description\" content=\"Cump\u0103r\u0103 boxa portabil\u0103 SONY SRS-ULT30 \u00een Chi\u0219in\u0103u | Autonomia bateriei 24h | Rezisten\u021b\u0103 la ap\u0103 \u0219i praf IP67 | Livrare gratuit\u0103\" \/>\n<meta name=\"robots\" content=\"index, follow, max-snippet:-1, max-image-preview:large, max-video-preview:-1\" \/>\n<link rel=\"canonical\" href=\"https:\/\/sonycenter.md\/ro\/magazin\/sony-ult-field-3-srs-ult30\/\" \/>\n<meta property=\"og:locale\" content=\"ro_RO\" \/>\n<meta property=\"og:type\" content=\"article\" \/>\n<meta property=\"og:title\" content=\"SONY SRS-ULT30 | Boxe portabile SONY cu acumulator | Chi\u0219in\u0103u\" \/>\n<meta property=\"og:description\" content=\"Cump\u0103r\u0103 boxa portabil\u0103 SONY SRS-ULT30 \u00een Chi\u0219in\u0103u | Autonomia bateriei 24h | Rezisten\u021b\u0103 la ap\u0103 \u0219i praf IP67 | Livrare gratuit\u0103\" \/>\n<meta property=\"og:url\" content=\"https:\/\/sonycenter.md\/ro\/magazin\/sony-ult-field-3-srs-ult30\/\" \/>\n<meta property=\"og:site_name\" content=\"SONY\" \/>\n<meta property=\"article:modified_time\" content=\"2025-04-22T10:02:32+00:00\" \/>\n<meta property=\"og:image\" content=\"https:\/\/sonycenter.md\/wp-content\/uploads\/2025\/04\/ULT-FIELD-3.jpg\" \/>\n\t<meta property=\"og:image:width\" content=\"600\" \/>\n\t<meta property=\"og:image:height\" content=\"600\" \/>\n\t<meta property=\"og:image:type\" content=\"image\/jpeg\" \/>\n<meta name=\"twitter:card\" content=\"summary_large_image\" \/>\n<meta name=\"twitter:label1\" content=\"Est. reading time\" \/>\n\t<meta name=\"twitter:data1\" content=\"2 minutes\" \/>\n<script type=\"application\/ld+json\" class=\"yoast-schema-graph\">{\"@context\":\"https:\\\/\\\/schema.org\",\"@graph\":[{\"@type\":[\"WebPage\",\"ItemPage\"],\"@id\":\"https:\\\/\\\/sonycenter.md\\\/ro\\\/magazin\\\/sony-ult-field-3-srs-ult30\\\/\",\"url\":\"https:\\\/\\\/sonycenter.md\\\/ro\\\/magazin\\\/sony-ult-field-3-srs-ult30\\\/\",\"name\":\"SONY SRS-ULT30 | Boxe portabile SONY cu acumulator | Chi\u0219in\u0103u\",\"isPartOf\":{\"@id\":\"http:\\\/\\\/sonycenter.md\\\/ro\\\/#website\"},\"primaryImageOfPage\":{\"@id\":\"https:\\\/\\\/sonycenter.md\\\/ro\\\/magazin\\\/sony-ult-field-3-srs-ult30\\\/#primaryimage\"},\"image\":{\"@id\":\"https:\\\/\\\/sonycenter.md\\\/ro\\\/magazin\\\/sony-ult-field-3-srs-ult30\\\/#primaryimage\"},\"thumbnailUrl\":\"https:\\\/\\\/sonycenter.md\\\/wp-content\\\/uploads\\\/2025\\\/04\\\/ULT-FIELD-3.jpg\",\"datePublished\":\"2025-04-22T09:45:17+00:00\",\"dateModified\":\"2025-04-22T10:02:32+00:00\",\"description\":\"Cump\u0103r\u0103 boxa portabil\u0103 SONY SRS-ULT30 \u00een Chi\u0219in\u0103u | Autonomia bateriei 24h | Rezisten\u021b\u0103 la ap\u0103 \u0219i praf IP67 | Livrare gratuit\u0103\",\"breadcrumb\":{\"@id\":\"https:\\\/\\\/sonycenter.md\\\/ro\\\/magazin\\\/sony-ult-field-3-srs-ult30\\\/#breadcrumb\"},\"inLanguage\":\"ro-RO\",\"potentialAction\":[{\"@type\":\"ReadAction\",\"target\":[\"https:\\\/\\\/sonycenter.md\\\/ro\\\/magazin\\\/sony-ult-field-3-srs-ult30\\\/\"]}]},{\"@type\":\"ImageObject\",\"inLanguage\":\"ro-RO\",\"@id\":\"https:\\\/\\\/sonycenter.md\\\/ro\\\/magazin\\\/sony-ult-field-3-srs-ult30\\\/#primaryimage\",\"url\":\"https:\\\/\\\/sonycenter.md\\\/wp-content\\\/uploads\\\/2025\\\/04\\\/ULT-FIELD-3.jpg\",\"contentUrl\":\"https:\\\/\\\/sonycenter.md\\\/wp-content\\\/uploads\\\/2025\\\/04\\\/ULT-FIELD-3.jpg\",\"width\":600,\"height\":600,\"caption\":\"ULT FIELD 3 (SRS-ULT30)\"},{\"@type\":\"BreadcrumbList\",\"@id\":\"https:\\\/\\\/sonycenter.md\\\/ro\\\/magazin\\\/sony-ult-field-3-srs-ult30\\\/#breadcrumb\",\"itemListElement\":[{\"@type\":\"ListItem\",\"position\":1,\"name\":\"\u0413\u043b\u0430\u0432\u043d\u0430\u044f \u0441\u0442\u0440\u0430\u043d\u0438\u0446\u0430\",\"item\":\"https:\\\/\\\/sonycenter.md\\\/ro\\\/\"},{\"@type\":\"ListItem\",\"position\":2,\"name\":\"Magazin\",\"item\":\"https:\\\/\\\/sonycenter.md\\\/shop\\\/\"},{\"@type\":\"ListItem\",\"position\":3,\"name\":\"ULT FIELD 3 (SRS-ULT30)\"}]},{\"@type\":\"WebSite\",\"@id\":\"http:\\\/\\\/sonycenter.md\\\/ro\\\/#website\",\"url\":\"http:\\\/\\\/sonycenter.md\\\/ro\\\/\",\"name\":\"sonycenter.md\",\"description\":\"SONYCENTER \u00een Chi\u0219in\u0103u\",\"publisher\":{\"@id\":\"http:\\\/\\\/sonycenter.md\\\/ro\\\/#organization\"},\"potentialAction\":[{\"@type\":\"SearchAction\",\"target\":{\"@type\":\"EntryPoint\",\"urlTemplate\":\"http:\\\/\\\/sonycenter.md\\\/ro\\\/?s={search_term_string}\"},\"query-input\":{\"@type\":\"PropertyValueSpecification\",\"valueRequired\":true,\"valueName\":\"search_term_string\"}}],\"inLanguage\":\"ro-RO\"},{\"@type\":\"Organization\",\"@id\":\"http:\\\/\\\/sonycenter.md\\\/ro\\\/#organization\",\"name\":\"sonycenter.md\",\"url\":\"http:\\\/\\\/sonycenter.md\\\/ro\\\/\",\"logo\":{\"@type\":\"ImageObject\",\"inLanguage\":\"ro-RO\",\"@id\":\"http:\\\/\\\/sonycenter.md\\\/ro\\\/#\\\/schema\\\/logo\\\/image\\\/\",\"url\":\"\",\"contentUrl\":\"\",\"caption\":\"sonycenter.md\"},\"image\":{\"@id\":\"http:\\\/\\\/sonycenter.md\\\/ro\\\/#\\\/schema\\\/logo\\\/image\\\/\"}}]}<\/script>\n<!-- \/ Yoast SEO plugin. -->","yoast_head_json":{"title":"SONY SRS-ULT30 | Boxe portabile SONY cu acumulator | Chi\u0219in\u0103u","description":"Cump\u0103r\u0103 boxa portabil\u0103 SONY SRS-ULT30 \u00een Chi\u0219in\u0103u | Autonomia bateriei 24h | Rezisten\u021b\u0103 la ap\u0103 \u0219i praf IP67 | Livrare gratuit\u0103","robots":{"index":"index","follow":"follow","max-snippet":"max-snippet:-1","max-image-preview":"max-image-preview:large","max-video-preview":"max-video-preview:-1"},"canonical":"https:\/\/sonycenter.md\/ro\/magazin\/sony-ult-field-3-srs-ult30\/","og_locale":"ro_RO","og_type":"article","og_title":"SONY SRS-ULT30 | Boxe portabile SONY cu acumulator | Chi\u0219in\u0103u","og_description":"Cump\u0103r\u0103 boxa portabil\u0103 SONY SRS-ULT30 \u00een Chi\u0219in\u0103u | Autonomia bateriei 24h | Rezisten\u021b\u0103 la ap\u0103 \u0219i praf IP67 | Livrare gratuit\u0103","og_url":"https:\/\/sonycenter.md\/ro\/magazin\/sony-ult-field-3-srs-ult30\/","og_site_name":"SONY","article_modified_time":"2025-04-22T10:02:32+00:00","og_image":[{"width":600,"height":600,"url":"https:\/\/sonycenter.md\/wp-content\/uploads\/2025\/04\/ULT-FIELD-3.jpg","type":"image\/jpeg"}],"twitter_card":"summary_large_image","twitter_misc":{"Est. reading time":"2 minutes"},"schema":{"@context":"https:\/\/schema.org","@graph":[{"@type":["WebPage","ItemPage"],"@id":"https:\/\/sonycenter.md\/ro\/magazin\/sony-ult-field-3-srs-ult30\/","url":"https:\/\/sonycenter.md\/ro\/magazin\/sony-ult-field-3-srs-ult30\/","name":"SONY SRS-ULT30 | Boxe portabile SONY cu acumulator | Chi\u0219in\u0103u","isPartOf":{"@id":"https:\/\/sonycenter.md\/ro\/#website"},"primaryImageOfPage":{"@id":"https:\/\/sonycenter.md\/ro\/magazin\/sony-ult-field-3-srs-ult30\/#primaryimage"},"image":{"@id":"https:\/\/sonycenter.md\/ro\/magazin\/sony-ult-field-3-srs-ult30\/#primaryimage"},"thumbnailUrl":"https:\/\/sonycenter.md\/wp-content\/uploads\/2025\/04\/ULT-FIELD-3.jpg","datePublished":"2025-04-22T09:45:17+00:00","dateModified":"2025-04-22T10:02:32+00:00","description":"Cump\u0103r\u0103 boxa portabil\u0103 SONY SRS-ULT30 \u00een Chi\u0219in\u0103u | Autonomia bateriei 24h | Rezisten\u021b\u0103 la ap\u0103 \u0219i praf IP67 | Livrare gratuit\u0103","breadcrumb":{"@id":"https:\/\/sonycenter.md\/ro\/magazin\/sony-ult-field-3-srs-ult30\/#breadcrumb"},"inLanguage":"ro-RO","potentialAction":[{"@type":"ReadAction","target":["https:\/\/sonycenter.md\/ro\/magazin\/sony-ult-field-3-srs-ult30\/"]}]},{"@type":"ImageObject","inLanguage":"ro-RO","@id":"https:\/\/sonycenter.md\/ro\/magazin\/sony-ult-field-3-srs-ult30\/#primaryimage","url":"https:\/\/sonycenter.md\/wp-content\/uploads\/2025\/04\/ULT-FIELD-3.jpg","contentUrl":"https:\/\/sonycenter.md\/wp-content\/uploads\/2025\/04\/ULT-FIELD-3.jpg","width":600,"height":600,"caption":"ULT FIELD 3 (SRS-ULT30)"},{"@type":"BreadcrumbList","@id":"https:\/\/sonycenter.md\/ro\/magazin\/sony-ult-field-3-srs-ult30\/#breadcrumb","itemListElement":[{"@type":"ListItem","position":1,"name":"\u0413\u043b\u0430\u0432\u043d\u0430\u044f \u0441\u0442\u0440\u0430\u043d\u0438\u0446\u0430","item":"https:\/\/sonycenter.md\/ro\/"},{"@type":"ListItem","position":2,"name":"Magazin","item":"https:\/\/sonycenter.md\/shop\/"},{"@type":"ListItem","position":3,"name":"ULT FIELD 3 (SRS-ULT30)"}]},{"@type":"WebSite","@id":"https:\/\/sonycenter.md\/ro\/#website","url":"https:\/\/sonycenter.md\/ro\/","name":"sonycenter.md","description":"SONYCENTER \u00een Chi\u0219in\u0103u","publisher":{"@id":"https:\/\/sonycenter.md\/ro\/#organization"},"potentialAction":[{"@type":"SearchAction","target":{"@type":"EntryPoint","urlTemplate":"https:\/\/sonycenter.md\/ro\/?s={search_term_string}"},"query-input":{"@type":"PropertyValueSpecification","valueRequired":true,"valueName":"search_term_string"}}],"inLanguage":"ro-RO"},{"@type":"Organization","@id":"https:\/\/sonycenter.md\/ro\/#organization","name":"sonycenter.md","url":"https:\/\/sonycenter.md\/ro\/","logo":{"@type":"ImageObject","inLanguage":"ro-RO","@id":"https:\/\/sonycenter.md\/ro\/#\/schema\/logo\/image\/","url":"","contentUrl":"","caption":"sonycenter.md"},"image":{"@id":"https:\/\/sonycenter.md\/ro\/#\/schema\/logo\/image\/"}}]}},"_links":{"self":[{"href":"https:\/\/sonycenter.md\/ro\/wp-json\/wp\/v2\/product\/29952","targetHints":{"allow":["GET"]}}],"collection":[{"href":"https:\/\/sonycenter.md\/ro\/wp-json\/wp\/v2\/product"}],"about":[{"href":"https:\/\/sonycenter.md\/ro\/wp-json\/wp\/v2\/types\/product"}],"replies":[{"embeddable":true,"href":"https:\/\/sonycenter.md\/ro\/wp-json\/wp\/v2\/comments?post=29952"}],"wp:featuredmedia":[{"embeddable":true,"href":"https:\/\/sonycenter.md\/ro\/wp-json\/wp\/v2\/media\/29754"}],"wp:attachment":[{"href":"https:\/\/sonycenter.md\/ro\/wp-json\/wp\/v2\/media?parent=29952"}],"wp:term":[{"taxonomy":"product_brand","embeddable":true,"href":"https:\/\/sonycenter.md\/ro\/wp-json\/wp\/v2\/product_brand?post=29952"},{"taxonomy":"product_cat","embeddable":true,"href":"https:\/\/sonycenter.md\/ro\/wp-json\/wp\/v2\/product_cat?post=29952"},{"taxonomy":"product_tag","embeddable":true,"href":"https:\/\/sonycenter.md\/ro\/wp-json\/wp\/v2\/product_tag?post=29952"}],"curies":[{"name":"wp","href":"https:\/\/api.w.org\/{rel}","templated":true}]}}