{"id":29963,"date":"2025-04-23T13:02:01","date_gmt":"2025-04-23T10:02:01","guid":{"rendered":"https:\/\/sonycenter.md\/?post_type=product&#038;p=29963"},"modified":"2026-01-05T10:13:12","modified_gmt":"2026-01-05T08:13:12","slug":"ult-tower-9-srs-ult900ac","status":"publish","type":"product","link":"https:\/\/sonycenter.md\/ro\/magazin\/ult-tower-9-srs-ult900ac\/","title":{"rendered":"ULT TOWER 9 (SRS-ULT900AC)"},"content":{"rendered":"<p style=\"text-align: center;\"><span style=\"color: #000000;\">Specifica\u021bii complete pentru <span style=\"color: #0000ff;\"><a style=\"color: #0000ff;\" href=\"https:\/\/sonycenter.md\/ro\/category\/sisteme-audio\/sisteme-high-power\/\">sistema audio<\/a><\/span> SONY SRS-ULT900AC :<\/span><\/p>\n<table>\n<tbody>\n<tr>\n<td style=\"text-align: center;\" colspan=\"2\" width=\"553\"><span style=\"color: #000000;\"><strong>Sunet<\/strong><\/span><\/td>\n<\/tr>\n<tr>\n<td><span style=\"color: #000000;\"><strong>Tip difuzor<\/strong><\/span><\/td>\n<td><span style=\"color: #000000;\">Difuzor woofer\/Medii (S\/D)\/Tweeter (S\/D)\/Tweeter spate (S\/D)<\/span><\/td>\n<\/tr>\n<tr>\n<td><span style=\"color: #000000;\"><strong>Num\u0103r de difuzoare<\/strong><\/span><\/td>\n<td><span style=\"color: #000000;\">Unitate tweeter: 2, unitate tweeter spate: 2, difuzor woofer: 1, unitate medii: 2<\/span><\/td>\n<\/tr>\n<tr>\n<td><span style=\"color: #000000;\"><strong>Dimensiune difuzor<\/strong><\/span><\/td>\n<td><span style=\"color: #000000;\">Woofer:\u00a0 320mm x 320mm, unitate medii:120mm, tweeter:\u00a0 50mm, tweeter spate: diametru 40mm<\/span><\/td>\n<\/tr>\n<tr>\n<td><span style=\"color: #000000;\"><strong>X-balanced speaker unit<\/strong><\/span><\/td>\n<td><span style=\"color: #000000;\">Unitate woofer<\/span><\/td>\n<\/tr>\n<tr>\n<td><span style=\"color: #000000;\"><strong>Moduri de sunet<\/strong><\/span><\/td>\n<td><span style=\"color: #000000;\">ULT POWER SOUND: (ULT1\/ULT2), trepte de volum: 50, benzi egalizator personalizate: 10<\/span><\/td>\n<\/tr>\n<tr>\n<td><span style=\"color: #000000;\"><strong>Func\u021bie sunet<\/strong><\/span><\/td>\n<td><span style=\"color: #000000;\">TV Sound Booster, Sound Field Optimization<\/span><\/td>\n<\/tr>\n<tr>\n<td style=\"text-align: center;\" colspan=\"2\"><span style=\"color: #000000;\"><strong>Dimensiuni \u0219i greutate<\/strong><\/span><\/td>\n<\/tr>\n<tr>\n<td><span style=\"color: #000000;\"><strong>Dimensiuni (L x \u00ce x A)<\/strong><\/span><\/td>\n<td><span style=\"color: #000000;\">Aprox. 410 mm x 910 mm x 456 mm<\/span><\/td>\n<\/tr>\n<tr>\n<td><span style=\"color: #000000;\"><strong>Greutate<\/strong><\/span><\/td>\n<td><span style=\"color: #000000;\">Aprox. 29,6 kg<\/span><\/td>\n<\/tr>\n<tr>\n<td style=\"text-align: center;\" colspan=\"2\"><span style=\"color: #000000;\"><strong>Specifica\u021bii Bluetooth\u00ae<\/strong><\/span><\/td>\n<\/tr>\n<tr>\n<td><span style=\"color: #000000;\"><strong>Sistem de comunicare<\/strong><\/span><\/td>\n<td><span style=\"color: #000000;\">Versiune 5.3<\/span><\/td>\n<\/tr>\n<tr>\n<td><span style=\"color: #000000;\"><strong>Profiluri compatibile<\/strong><\/span><\/td>\n<td><span style=\"color: #000000;\">A2DP, AVRCP, SPP<\/span><\/td>\n<\/tr>\n<tr>\n<td><span style=\"color: #000000;\"><strong>Func\u021bie ad\u0103ugare box\u0103<\/strong><\/span><\/td>\n<td><span style=\"color: #000000;\">Asociere stereo, Party Connect<\/span><\/td>\n<\/tr>\n<tr>\n<td><span style=\"color: #000000;\"><strong>Codec acceptat<\/strong><\/span><\/td>\n<td><span style=\"color: #000000;\">SBC, AAC, LDAC<\/span><\/td>\n<\/tr>\n<tr>\n<td><span style=\"color: #000000;\"><strong>Gam\u0103 de frecven\u021be de transmisie<\/strong><\/span><\/td>\n<td><span style=\"color: #000000;\">20 Hz &#8211; 20.000 Hz (e\u0219antionare de 44,1 kHz)<\/span><\/td>\n<\/tr>\n<tr>\n<td><span style=\"color: #000000;\"><strong>Gam\u0103 de frecven\u021be<\/strong><\/span><\/td>\n<td><span style=\"color: #000000;\">2.4 GHz<\/span><\/td>\n<\/tr>\n<tr>\n<td style=\"text-align: center;\" colspan=\"2\"><span style=\"color: #000000;\"><strong>Interfa\u0163\u0103<\/strong><\/span><\/td>\n<\/tr>\n<tr>\n<td><span style=\"color: #000000;\"><strong>Terminale de intrare \u0219i ie\u0219ire<\/strong><\/span><\/td>\n<td><span style=\"color: #000000;\">Minimuf\u0103 stereo (intrare), USB A, intrare optic\u0103 digital\u0103, intrare chitar\u0103\/microfon (diametru 6,3mm)<\/span><\/td>\n<\/tr>\n<tr>\n<td style=\"text-align: center;\" colspan=\"2\"><span style=\"color: #000000;\"><strong>Aplica\u021bie<\/strong><\/span><\/td>\n<\/tr>\n<tr>\n<td><span style=\"color: #000000;\"><strong>Aplica\u021bie pentru smartphone <\/strong><\/span><\/td>\n<td><span style=\"color: #000000;\">SONY | Sound Connect<\/span><\/td>\n<\/tr>\n<tr>\n<td style=\"text-align: center;\" colspan=\"2\"><span style=\"color: #000000;\"><strong>Caracteristici generale<\/strong><\/span><\/td>\n<\/tr>\n<tr>\n<td><\/td>\n<td><\/td>\n<\/tr>\n<tr>\n<td><span style=\"color: #000000;\"><strong>Port de alimentare USB pentru smartphone<\/strong><\/span><\/td>\n<td><span style=\"color: #000000;\">Da<\/span><\/td>\n<\/tr>\n<tr>\n<td><span style=\"color: #000000;\"><strong>Consum de energie<\/strong><\/span><\/td>\n<td><span style=\"color: #000000;\">Aprox. 153W<\/span><\/td>\n<\/tr>\n<tr>\n<td><span style=\"color: #000000;\"><strong>Protec\u021bie \u00eempotriva apei<\/strong><\/span><\/td>\n<td><span style=\"color: #000000;\">Rezisten\u021b\u0103 la stropire<\/span><\/td>\n<\/tr>\n<tr>\n<td style=\"text-align: center;\" colspan=\"2\"><span style=\"color: #000000;\"><strong>Con\u021binutul cutiei<\/strong><\/span><\/td>\n<\/tr>\n<tr>\n<td><\/td>\n<td><span style=\"color: #000000;\">Cablu optic<\/span><\/td>\n<\/tr>\n<tr>\n<td><\/td>\n<td><span style=\"color: #000000;\">Cablu de alimentare<\/span><\/td>\n<\/tr>\n<\/tbody>\n<\/table>\n","protected":false},"excerpt":{"rendered":"<ul>\n<li><span style=\"color: #000000;\">Sistema audio cu fir<\/span><\/li>\n<li><span style=\"color: #000000;\">Bluetooth : Versiune 5.3<\/span><\/li>\n<li><span style=\"color: #000000;\">Dimensiuni : 410 mm x 910 mm x 456 mm<\/span><\/li>\n<li><span style=\"color: #000000;\">Greutate : 29,6 kg<\/span><\/li>\n<li><span style=\"color: #000000;\">Codecuri audio acceptate : SBC , AAC , LDAC<\/span><\/li>\n<\/ul>\n","protected":false},"featured_media":29791,"comment_status":"open","ping_status":"closed","template":"","meta":[],"product_brand":[],"product_cat":[780],"product_tag":[],"class_list":{"0":"post-29963","1":"product","2":"type-product","3":"status-publish","4":"has-post-thumbnail","6":"product_cat-sisteme-high-power","8":"first","9":"instock","10":"shipping-taxable","11":"purchasable","12":"product-type-simple"},"yoast_head":"<!-- This site is optimized with the Yoast SEO plugin v27.4 - https:\/\/yoast.com\/product\/yoast-seo-wordpress\/ -->\n<title>SONY SRS-ULT900AC | Sisteme audio SONY \u00een Chi\u0219in\u0103u<\/title>\n<meta name=\"description\" content=\"Cump\u0103r\u0103 sistema audio SONY SRS-ULT900AC \u00een Chi\u0219in\u0103u | Bluetooth 5.3 | Codecuri SBC, AAC , LDAC | Livrare gratuit\u0103 \u00een Moldova\" \/>\n<meta name=\"robots\" content=\"index, follow, max-snippet:-1, max-image-preview:large, max-video-preview:-1\" \/>\n<link rel=\"canonical\" href=\"https:\/\/sonycenter.md\/ro\/magazin\/ult-tower-9-srs-ult900ac\/\" \/>\n<meta property=\"og:locale\" content=\"ro_RO\" \/>\n<meta property=\"og:type\" content=\"article\" \/>\n<meta property=\"og:title\" content=\"SONY SRS-ULT900AC | Sisteme audio SONY \u00een Chi\u0219in\u0103u\" \/>\n<meta property=\"og:description\" content=\"Cump\u0103r\u0103 sistema audio SONY SRS-ULT900AC \u00een Chi\u0219in\u0103u | Bluetooth 5.3 | Codecuri SBC, AAC , LDAC | Livrare gratuit\u0103 \u00een Moldova\" \/>\n<meta property=\"og:url\" content=\"https:\/\/sonycenter.md\/ro\/magazin\/ult-tower-9-srs-ult900ac\/\" \/>\n<meta property=\"og:site_name\" content=\"SONY\" \/>\n<meta property=\"article:modified_time\" content=\"2026-01-05T08:13:12+00:00\" \/>\n<meta property=\"og:image\" content=\"https:\/\/sonycenter.md\/wp-content\/uploads\/2025\/04\/ULTTOWER-9-2.jpg\" \/>\n\t<meta property=\"og:image:width\" content=\"600\" \/>\n\t<meta property=\"og:image:height\" content=\"600\" \/>\n\t<meta property=\"og:image:type\" content=\"image\/jpeg\" \/>\n<meta name=\"twitter:card\" content=\"summary_large_image\" \/>\n<meta name=\"twitter:label1\" content=\"Est. reading time\" \/>\n\t<meta name=\"twitter:data1\" content=\"2 minutes\" \/>\n<script type=\"application\/ld+json\" class=\"yoast-schema-graph\">{\"@context\":\"https:\\\/\\\/schema.org\",\"@graph\":[{\"@type\":[\"WebPage\",\"ItemPage\"],\"@id\":\"https:\\\/\\\/sonycenter.md\\\/ro\\\/magazin\\\/ult-tower-9-srs-ult900ac\\\/\",\"url\":\"https:\\\/\\\/sonycenter.md\\\/ro\\\/magazin\\\/ult-tower-9-srs-ult900ac\\\/\",\"name\":\"SONY SRS-ULT900AC | Sisteme audio SONY \u00een Chi\u0219in\u0103u\",\"isPartOf\":{\"@id\":\"http:\\\/\\\/sonycenter.md\\\/ro\\\/#website\"},\"primaryImageOfPage\":{\"@id\":\"https:\\\/\\\/sonycenter.md\\\/ro\\\/magazin\\\/ult-tower-9-srs-ult900ac\\\/#primaryimage\"},\"image\":{\"@id\":\"https:\\\/\\\/sonycenter.md\\\/ro\\\/magazin\\\/ult-tower-9-srs-ult900ac\\\/#primaryimage\"},\"thumbnailUrl\":\"https:\\\/\\\/sonycenter.md\\\/wp-content\\\/uploads\\\/2025\\\/04\\\/ULTTOWER-9-2.jpg\",\"datePublished\":\"2025-04-23T10:02:01+00:00\",\"dateModified\":\"2026-01-05T08:13:12+00:00\",\"description\":\"Cump\u0103r\u0103 sistema audio SONY SRS-ULT900AC \u00een Chi\u0219in\u0103u | Bluetooth 5.3 | Codecuri SBC, AAC , LDAC | Livrare gratuit\u0103 \u00een Moldova\",\"breadcrumb\":{\"@id\":\"https:\\\/\\\/sonycenter.md\\\/ro\\\/magazin\\\/ult-tower-9-srs-ult900ac\\\/#breadcrumb\"},\"inLanguage\":\"ro-RO\",\"potentialAction\":[{\"@type\":\"ReadAction\",\"target\":[\"https:\\\/\\\/sonycenter.md\\\/ro\\\/magazin\\\/ult-tower-9-srs-ult900ac\\\/\"]}]},{\"@type\":\"ImageObject\",\"inLanguage\":\"ro-RO\",\"@id\":\"https:\\\/\\\/sonycenter.md\\\/ro\\\/magazin\\\/ult-tower-9-srs-ult900ac\\\/#primaryimage\",\"url\":\"https:\\\/\\\/sonycenter.md\\\/wp-content\\\/uploads\\\/2025\\\/04\\\/ULTTOWER-9-2.jpg\",\"contentUrl\":\"https:\\\/\\\/sonycenter.md\\\/wp-content\\\/uploads\\\/2025\\\/04\\\/ULTTOWER-9-2.jpg\",\"width\":600,\"height\":600,\"caption\":\"ULT TOWER 9 (SRS-ULT900AC)\"},{\"@type\":\"BreadcrumbList\",\"@id\":\"https:\\\/\\\/sonycenter.md\\\/ro\\\/magazin\\\/ult-tower-9-srs-ult900ac\\\/#breadcrumb\",\"itemListElement\":[{\"@type\":\"ListItem\",\"position\":1,\"name\":\"\u0413\u043b\u0430\u0432\u043d\u0430\u044f \u0441\u0442\u0440\u0430\u043d\u0438\u0446\u0430\",\"item\":\"https:\\\/\\\/sonycenter.md\\\/ro\\\/\"},{\"@type\":\"ListItem\",\"position\":2,\"name\":\"Magazin\",\"item\":\"https:\\\/\\\/sonycenter.md\\\/shop\\\/\"},{\"@type\":\"ListItem\",\"position\":3,\"name\":\"ULT TOWER 9 (SRS-ULT900AC)\"}]},{\"@type\":\"WebSite\",\"@id\":\"http:\\\/\\\/sonycenter.md\\\/ro\\\/#website\",\"url\":\"http:\\\/\\\/sonycenter.md\\\/ro\\\/\",\"name\":\"sonycenter.md\",\"description\":\"SONYCENTER \u00een Chi\u0219in\u0103u\",\"publisher\":{\"@id\":\"http:\\\/\\\/sonycenter.md\\\/ro\\\/#organization\"},\"potentialAction\":[{\"@type\":\"SearchAction\",\"target\":{\"@type\":\"EntryPoint\",\"urlTemplate\":\"http:\\\/\\\/sonycenter.md\\\/ro\\\/?s={search_term_string}\"},\"query-input\":{\"@type\":\"PropertyValueSpecification\",\"valueRequired\":true,\"valueName\":\"search_term_string\"}}],\"inLanguage\":\"ro-RO\"},{\"@type\":\"Organization\",\"@id\":\"http:\\\/\\\/sonycenter.md\\\/ro\\\/#organization\",\"name\":\"sonycenter.md\",\"url\":\"http:\\\/\\\/sonycenter.md\\\/ro\\\/\",\"logo\":{\"@type\":\"ImageObject\",\"inLanguage\":\"ro-RO\",\"@id\":\"http:\\\/\\\/sonycenter.md\\\/ro\\\/#\\\/schema\\\/logo\\\/image\\\/\",\"url\":\"\",\"contentUrl\":\"\",\"caption\":\"sonycenter.md\"},\"image\":{\"@id\":\"http:\\\/\\\/sonycenter.md\\\/ro\\\/#\\\/schema\\\/logo\\\/image\\\/\"}}]}<\/script>\n<!-- \/ Yoast SEO plugin. -->","yoast_head_json":{"title":"SONY SRS-ULT900AC | Sisteme audio SONY \u00een Chi\u0219in\u0103u","description":"Cump\u0103r\u0103 sistema audio SONY SRS-ULT900AC \u00een Chi\u0219in\u0103u | Bluetooth 5.3 | Codecuri SBC, AAC , LDAC | Livrare gratuit\u0103 \u00een Moldova","robots":{"index":"index","follow":"follow","max-snippet":"max-snippet:-1","max-image-preview":"max-image-preview:large","max-video-preview":"max-video-preview:-1"},"canonical":"https:\/\/sonycenter.md\/ro\/magazin\/ult-tower-9-srs-ult900ac\/","og_locale":"ro_RO","og_type":"article","og_title":"SONY SRS-ULT900AC | Sisteme audio SONY \u00een Chi\u0219in\u0103u","og_description":"Cump\u0103r\u0103 sistema audio SONY SRS-ULT900AC \u00een Chi\u0219in\u0103u | Bluetooth 5.3 | Codecuri SBC, AAC , LDAC | Livrare gratuit\u0103 \u00een Moldova","og_url":"https:\/\/sonycenter.md\/ro\/magazin\/ult-tower-9-srs-ult900ac\/","og_site_name":"SONY","article_modified_time":"2026-01-05T08:13:12+00:00","og_image":[{"width":600,"height":600,"url":"https:\/\/sonycenter.md\/wp-content\/uploads\/2025\/04\/ULTTOWER-9-2.jpg","type":"image\/jpeg"}],"twitter_card":"summary_large_image","twitter_misc":{"Est. reading time":"2 minutes"},"schema":{"@context":"https:\/\/schema.org","@graph":[{"@type":["WebPage","ItemPage"],"@id":"https:\/\/sonycenter.md\/ro\/magazin\/ult-tower-9-srs-ult900ac\/","url":"https:\/\/sonycenter.md\/ro\/magazin\/ult-tower-9-srs-ult900ac\/","name":"SONY SRS-ULT900AC | Sisteme audio SONY \u00een Chi\u0219in\u0103u","isPartOf":{"@id":"https:\/\/sonycenter.md\/ro\/#website"},"primaryImageOfPage":{"@id":"https:\/\/sonycenter.md\/ro\/magazin\/ult-tower-9-srs-ult900ac\/#primaryimage"},"image":{"@id":"https:\/\/sonycenter.md\/ro\/magazin\/ult-tower-9-srs-ult900ac\/#primaryimage"},"thumbnailUrl":"https:\/\/sonycenter.md\/wp-content\/uploads\/2025\/04\/ULTTOWER-9-2.jpg","datePublished":"2025-04-23T10:02:01+00:00","dateModified":"2026-01-05T08:13:12+00:00","description":"Cump\u0103r\u0103 sistema audio SONY SRS-ULT900AC \u00een Chi\u0219in\u0103u | Bluetooth 5.3 | Codecuri SBC, AAC , LDAC | Livrare gratuit\u0103 \u00een Moldova","breadcrumb":{"@id":"https:\/\/sonycenter.md\/ro\/magazin\/ult-tower-9-srs-ult900ac\/#breadcrumb"},"inLanguage":"ro-RO","potentialAction":[{"@type":"ReadAction","target":["https:\/\/sonycenter.md\/ro\/magazin\/ult-tower-9-srs-ult900ac\/"]}]},{"@type":"ImageObject","inLanguage":"ro-RO","@id":"https:\/\/sonycenter.md\/ro\/magazin\/ult-tower-9-srs-ult900ac\/#primaryimage","url":"https:\/\/sonycenter.md\/wp-content\/uploads\/2025\/04\/ULTTOWER-9-2.jpg","contentUrl":"https:\/\/sonycenter.md\/wp-content\/uploads\/2025\/04\/ULTTOWER-9-2.jpg","width":600,"height":600,"caption":"ULT TOWER 9 (SRS-ULT900AC)"},{"@type":"BreadcrumbList","@id":"https:\/\/sonycenter.md\/ro\/magazin\/ult-tower-9-srs-ult900ac\/#breadcrumb","itemListElement":[{"@type":"ListItem","position":1,"name":"\u0413\u043b\u0430\u0432\u043d\u0430\u044f \u0441\u0442\u0440\u0430\u043d\u0438\u0446\u0430","item":"https:\/\/sonycenter.md\/ro\/"},{"@type":"ListItem","position":2,"name":"Magazin","item":"https:\/\/sonycenter.md\/shop\/"},{"@type":"ListItem","position":3,"name":"ULT TOWER 9 (SRS-ULT900AC)"}]},{"@type":"WebSite","@id":"https:\/\/sonycenter.md\/ro\/#website","url":"https:\/\/sonycenter.md\/ro\/","name":"sonycenter.md","description":"SONYCENTER \u00een Chi\u0219in\u0103u","publisher":{"@id":"https:\/\/sonycenter.md\/ro\/#organization"},"potentialAction":[{"@type":"SearchAction","target":{"@type":"EntryPoint","urlTemplate":"https:\/\/sonycenter.md\/ro\/?s={search_term_string}"},"query-input":{"@type":"PropertyValueSpecification","valueRequired":true,"valueName":"search_term_string"}}],"inLanguage":"ro-RO"},{"@type":"Organization","@id":"https:\/\/sonycenter.md\/ro\/#organization","name":"sonycenter.md","url":"https:\/\/sonycenter.md\/ro\/","logo":{"@type":"ImageObject","inLanguage":"ro-RO","@id":"https:\/\/sonycenter.md\/ro\/#\/schema\/logo\/image\/","url":"","contentUrl":"","caption":"sonycenter.md"},"image":{"@id":"https:\/\/sonycenter.md\/ro\/#\/schema\/logo\/image\/"}}]}},"_links":{"self":[{"href":"https:\/\/sonycenter.md\/ro\/wp-json\/wp\/v2\/product\/29963","targetHints":{"allow":["GET"]}}],"collection":[{"href":"https:\/\/sonycenter.md\/ro\/wp-json\/wp\/v2\/product"}],"about":[{"href":"https:\/\/sonycenter.md\/ro\/wp-json\/wp\/v2\/types\/product"}],"replies":[{"embeddable":true,"href":"https:\/\/sonycenter.md\/ro\/wp-json\/wp\/v2\/comments?post=29963"}],"wp:featuredmedia":[{"embeddable":true,"href":"https:\/\/sonycenter.md\/ro\/wp-json\/wp\/v2\/media\/29791"}],"wp:attachment":[{"href":"https:\/\/sonycenter.md\/ro\/wp-json\/wp\/v2\/media?parent=29963"}],"wp:term":[{"taxonomy":"product_brand","embeddable":true,"href":"https:\/\/sonycenter.md\/ro\/wp-json\/wp\/v2\/product_brand?post=29963"},{"taxonomy":"product_cat","embeddable":true,"href":"https:\/\/sonycenter.md\/ro\/wp-json\/wp\/v2\/product_cat?post=29963"},{"taxonomy":"product_tag","embeddable":true,"href":"https:\/\/sonycenter.md\/ro\/wp-json\/wp\/v2\/product_tag?post=29963"}],"curies":[{"name":"wp","href":"https:\/\/api.w.org\/{rel}","templated":true}]}}